{"id":12295,"date":"2023-06-19T01:44:16","date_gmt":"2023-06-19T01:44:16","guid":{"rendered":"https:\/\/global-hookah.com\/?post_type=product&#038;p=12295"},"modified":"2024-01-12T03:56:11","modified_gmt":"2024-01-12T03:56:11","slug":"small-aluminum-hookah-set-wholesale","status":"publish","type":"product","link":"https:\/\/global-hookah.com\/de\/produkt\/small-aluminum-hookah-set-wholesale\/","title":{"rendered":"Kleines Aluminium Hookah Set Gro\u00dfhandel"},"content":{"rendered":"<p>Als seri\u00f6ses <a href=\"https:\/\/global-hookah.com\/product-category\/wholesale-hookah\/\">Wasserpfeifenverteiler<\/a>sind wir bestrebt, Folgendes anzubieten <a href=\"https:\/\/global-hookah.com\/\">Hochwertige Wasserpfeife<\/a> Sets, die unverwechselbare Designmerkmale mit au\u00dfergew\u00f6hnlicher Handwerkskunst verbinden.<\/p>\n<p>Die <strong>Kleines Aluminium Wasserpfeifenset<\/strong> hat ein spezielles Metallsieb, das in die Schale eingebaut ist und das Wiedereinpacken erleichtert. Der Stiel l\u00e4sst sich ohne Gummit\u00fcllen einfach auf den Sockel aufsetzen, wodurch sich das Konstruktionsverfahren \u00e4ndert. Aber das ist noch nicht alles: Die kreative Sp\u00fclmethode erh\u00f6ht den Komfort und das Vergn\u00fcgen des Benutzers.<\/p>\n<p>Im Vergleich zu anderen Wasserpfeifen-Sets in dieser Preisklasse ist unser<strong> Kleines Aluminium Wasserpfeifenset<\/strong> zeichnet sich durch eine Vielzahl vorteilhafter Merkmale und eine hervorragende Funktionalit\u00e4t aus.<\/p>\n<p>Das Set enth\u00e4lt einen haltbaren, aber flexiblen Silikonschlauch, eine Schale aus Aluminiumlegierung, einen Kohle-Aschenbecher in Metallic-Optik und einen Sockel aus schwarzem Glas.<\/p>\n<p>Die Sch\u00f6nheit und N\u00fctzlichkeit unserer <strong>Aluminium Wasserpfeifen-Set<\/strong> sowohl Wiederverk\u00e4ufer als auch Endverbraucher zufriedenstellen. Sogar die Verbraucher in Granada haben die au\u00dfergew\u00f6hnliche Handwerkskunst, den markanten Stil und die F\u00e4higkeit, ihn mit verschiedenen Accessoires zu kombinieren, gelobt und ihn zu einem herausragenden St\u00fcck in ihrer Sammlung erkl\u00e4rt.<\/p>\n<p><strong>Gro\u00dfhandel Unser Aluminium Hookah Set<\/strong> Wird Sie sicher nicht entt\u00e4uschen<\/p>\n<p>&nbsp;<\/p>","protected":false},"excerpt":{"rendered":"<p>Als renommierter Shisha-Vertriebspartner bieten wir hochwertige Shisha-Sets an, die unverwechselbare Designmerkmale mit<\/p>","protected":false},"featured_media":12298,"comment_status":"open","ping_status":"closed","template":"","meta":{"iawp_total_views":0,"_joinchat":[]},"product_brand":[],"product_cat":[560,119],"product_tag":[],"class_list":{"0":"post-12295","1":"product","2":"type-product","3":"status-publish","4":"has-post-thumbnail","6":"product_cat-glass-hookah-wholesale","7":"product_cat-wholesale-hookah","9":"first","10":"instock","11":"shipping-taxable","12":"purchasable","13":"product-type-simple"},"yoast_head":"<!-- This site is optimized with the Yoast SEO Premium plugin v24.7 (Yoast SEO v26.8) - https:\/\/yoast.com\/product\/yoast-seo-premium-wordpress\/ -->\n<title>Small Aluminum Hookah Set Wholesale - Global Hookah<\/title>\n<meta name=\"robots\" content=\"index, follow, max-snippet:-1, max-image-preview:large, max-video-preview:-1\" \/>\n<link rel=\"canonical\" href=\"https:\/\/global-hookah.com\/de\/produkt\/small-aluminum-hookah-set-wholesale\/\" \/>\n<meta property=\"og:locale\" content=\"de_DE\" \/>\n<meta property=\"og:type\" content=\"article\" \/>\n<meta property=\"og:title\" content=\"Small Aluminum Hookah Set Wholesale\" \/>\n<meta property=\"og:description\" content=\"As a reputable hookah distributor, we are dedicated to offering high quality hookah sets that combine distinctive design features with\" \/>\n<meta property=\"og:url\" content=\"https:\/\/global-hookah.com\/de\/produkt\/small-aluminum-hookah-set-wholesale\/\" \/>\n<meta property=\"og:site_name\" content=\"Global Hookah\" \/>\n<meta property=\"article:modified_time\" content=\"2024-01-12T03:56:11+00:00\" \/>\n<meta property=\"og:image\" content=\"https:\/\/global-hookah.com\/wp-content\/uploads\/2023\/06\/O1CN01niTWw621Kw7KgA7Wf_1644126967-0-cib.jpg\" \/>\n\t<meta property=\"og:image:width\" content=\"800\" \/>\n\t<meta property=\"og:image:height\" content=\"800\" \/>\n\t<meta property=\"og:image:type\" content=\"image\/jpeg\" \/>\n<meta name=\"twitter:card\" content=\"summary_large_image\" \/>\n<meta name=\"twitter:label1\" content=\"Gesch\u00e4tzte Lesezeit\" \/>\n\t<meta name=\"twitter:data1\" content=\"1\u00a0Minute\" \/>\n<script type=\"application\/ld+json\" class=\"yoast-schema-graph\">{\"@context\":\"https:\/\/schema.org\",\"@graph\":[{\"@type\":\"WebPage\",\"@id\":\"https:\/\/global-hookah.com\/product\/small-aluminum-hookah-set-wholesale\/\",\"url\":\"https:\/\/global-hookah.com\/product\/small-aluminum-hookah-set-wholesale\/\",\"name\":\"Small Aluminum Hookah Set Wholesale - Global Hookah\",\"isPartOf\":{\"@id\":\"https:\/\/global-hookah.com\/#website\"},\"primaryImageOfPage\":{\"@id\":\"https:\/\/global-hookah.com\/product\/small-aluminum-hookah-set-wholesale\/#primaryimage\"},\"image\":{\"@id\":\"https:\/\/global-hookah.com\/product\/small-aluminum-hookah-set-wholesale\/#primaryimage\"},\"thumbnailUrl\":\"https:\/\/global-hookah.com\/wp-content\/uploads\/2023\/06\/O1CN01niTWw621Kw7KgA7Wf_1644126967-0-cib.jpg\",\"datePublished\":\"2023-06-19T01:44:16+00:00\",\"dateModified\":\"2024-01-12T03:56:11+00:00\",\"breadcrumb\":{\"@id\":\"https:\/\/global-hookah.com\/product\/small-aluminum-hookah-set-wholesale\/#breadcrumb\"},\"inLanguage\":\"de\",\"potentialAction\":[{\"@type\":\"ReadAction\",\"target\":[\"https:\/\/global-hookah.com\/product\/small-aluminum-hookah-set-wholesale\/\"]}]},{\"@type\":\"ImageObject\",\"inLanguage\":\"de\",\"@id\":\"https:\/\/global-hookah.com\/product\/small-aluminum-hookah-set-wholesale\/#primaryimage\",\"url\":\"https:\/\/global-hookah.com\/wp-content\/uploads\/2023\/06\/O1CN01niTWw621Kw7KgA7Wf_1644126967-0-cib.jpg\",\"contentUrl\":\"https:\/\/global-hookah.com\/wp-content\/uploads\/2023\/06\/O1CN01niTWw621Kw7KgA7Wf_1644126967-0-cib.jpg\",\"width\":800,\"height\":800,\"caption\":\"Small Aluminum Hookah Set Wholesale\"},{\"@type\":\"BreadcrumbList\",\"@id\":\"https:\/\/global-hookah.com\/product\/small-aluminum-hookah-set-wholesale\/#breadcrumb\",\"itemListElement\":[{\"@type\":\"ListItem\",\"position\":1,\"name\":\"Home\",\"item\":\"https:\/\/global-hookah.com\/\"},{\"@type\":\"ListItem\",\"position\":2,\"name\":\"Shop\",\"item\":\"https:\/\/global-hookah.com\/shop\/\"},{\"@type\":\"ListItem\",\"position\":3,\"name\":\"Small Aluminum Hookah Set Wholesale\"}]},{\"@type\":\"WebSite\",\"@id\":\"https:\/\/global-hookah.com\/#website\",\"url\":\"https:\/\/global-hookah.com\/\",\"name\":\"Global Hookah\",\"description\":\"Global Hookah\",\"publisher\":{\"@id\":\"https:\/\/global-hookah.com\/#organization\"},\"potentialAction\":[{\"@type\":\"SearchAction\",\"target\":{\"@type\":\"EntryPoint\",\"urlTemplate\":\"https:\/\/global-hookah.com\/?s={search_term_string}\"},\"query-input\":{\"@type\":\"PropertyValueSpecification\",\"valueRequired\":true,\"valueName\":\"search_term_string\"}}],\"inLanguage\":\"de\"},{\"@type\":\"Organization\",\"@id\":\"https:\/\/global-hookah.com\/#organization\",\"name\":\"Global Hookah\",\"url\":\"https:\/\/global-hookah.com\/\",\"logo\":{\"@type\":\"ImageObject\",\"inLanguage\":\"de\",\"@id\":\"https:\/\/global-hookah.com\/#\/schema\/logo\/image\/\",\"url\":\"https:\/\/global-hookah.com\/wp-content\/uploads\/2021\/10\/cropped-fgg.png\",\"contentUrl\":\"https:\/\/global-hookah.com\/wp-content\/uploads\/2021\/10\/cropped-fgg.png\",\"width\":512,\"height\":512,\"caption\":\"Global Hookah\"},\"image\":{\"@id\":\"https:\/\/global-hookah.com\/#\/schema\/logo\/image\/\"}}]}<\/script>\n<!-- \/ Yoast SEO Premium plugin. -->","yoast_head_json":{"title":"Kleine Aluminium Wasserpfeife Set Gro\u00dfhandel - Global Hookah","robots":{"index":"index","follow":"follow","max-snippet":"max-snippet:-1","max-image-preview":"max-image-preview:large","max-video-preview":"max-video-preview:-1"},"canonical":"https:\/\/global-hookah.com\/de\/produkt\/small-aluminum-hookah-set-wholesale\/","og_locale":"de_DE","og_type":"article","og_title":"Small Aluminum Hookah Set Wholesale","og_description":"As a reputable hookah distributor, we are dedicated to offering high quality hookah sets that combine distinctive design features with","og_url":"https:\/\/global-hookah.com\/de\/produkt\/small-aluminum-hookah-set-wholesale\/","og_site_name":"Global Hookah","article_modified_time":"2024-01-12T03:56:11+00:00","og_image":[{"width":800,"height":800,"url":"https:\/\/global-hookah.com\/wp-content\/uploads\/2023\/06\/O1CN01niTWw621Kw7KgA7Wf_1644126967-0-cib.jpg","type":"image\/jpeg"}],"twitter_card":"summary_large_image","twitter_misc":{"Gesch\u00e4tzte Lesezeit":"1\u00a0Minute"},"schema":{"@context":"https:\/\/schema.org","@graph":[{"@type":"WebPage","@id":"https:\/\/global-hookah.com\/product\/small-aluminum-hookah-set-wholesale\/","url":"https:\/\/global-hookah.com\/product\/small-aluminum-hookah-set-wholesale\/","name":"Kleine Aluminium Wasserpfeife Set Gro\u00dfhandel - Global Hookah","isPartOf":{"@id":"https:\/\/global-hookah.com\/#website"},"primaryImageOfPage":{"@id":"https:\/\/global-hookah.com\/product\/small-aluminum-hookah-set-wholesale\/#primaryimage"},"image":{"@id":"https:\/\/global-hookah.com\/product\/small-aluminum-hookah-set-wholesale\/#primaryimage"},"thumbnailUrl":"https:\/\/global-hookah.com\/wp-content\/uploads\/2023\/06\/O1CN01niTWw621Kw7KgA7Wf_1644126967-0-cib.jpg","datePublished":"2023-06-19T01:44:16+00:00","dateModified":"2024-01-12T03:56:11+00:00","breadcrumb":{"@id":"https:\/\/global-hookah.com\/product\/small-aluminum-hookah-set-wholesale\/#breadcrumb"},"inLanguage":"de","potentialAction":[{"@type":"ReadAction","target":["https:\/\/global-hookah.com\/product\/small-aluminum-hookah-set-wholesale\/"]}]},{"@type":"ImageObject","inLanguage":"de","@id":"https:\/\/global-hookah.com\/product\/small-aluminum-hookah-set-wholesale\/#primaryimage","url":"https:\/\/global-hookah.com\/wp-content\/uploads\/2023\/06\/O1CN01niTWw621Kw7KgA7Wf_1644126967-0-cib.jpg","contentUrl":"https:\/\/global-hookah.com\/wp-content\/uploads\/2023\/06\/O1CN01niTWw621Kw7KgA7Wf_1644126967-0-cib.jpg","width":800,"height":800,"caption":"Small Aluminum Hookah Set Wholesale"},{"@type":"BreadcrumbList","@id":"https:\/\/global-hookah.com\/product\/small-aluminum-hookah-set-wholesale\/#breadcrumb","itemListElement":[{"@type":"ListItem","position":1,"name":"Home","item":"https:\/\/global-hookah.com\/"},{"@type":"ListItem","position":2,"name":"Shop","item":"https:\/\/global-hookah.com\/shop\/"},{"@type":"ListItem","position":3,"name":"Small Aluminum Hookah Set Wholesale"}]},{"@type":"WebSite","@id":"https:\/\/global-hookah.com\/#website","url":"https:\/\/global-hookah.com\/","name":"Globale Wasserpfeife","description":"Globale Wasserpfeife","publisher":{"@id":"https:\/\/global-hookah.com\/#organization"},"potentialAction":[{"@type":"SearchAction","target":{"@type":"EntryPoint","urlTemplate":"https:\/\/global-hookah.com\/?s={search_term_string}"},"query-input":{"@type":"PropertyValueSpecification","valueRequired":true,"valueName":"search_term_string"}}],"inLanguage":"de"},{"@type":"Organization","@id":"https:\/\/global-hookah.com\/#organization","name":"Globale Wasserpfeife","url":"https:\/\/global-hookah.com\/","logo":{"@type":"ImageObject","inLanguage":"de","@id":"https:\/\/global-hookah.com\/#\/schema\/logo\/image\/","url":"https:\/\/global-hookah.com\/wp-content\/uploads\/2021\/10\/cropped-fgg.png","contentUrl":"https:\/\/global-hookah.com\/wp-content\/uploads\/2021\/10\/cropped-fgg.png","width":512,"height":512,"caption":"Global Hookah"},"image":{"@id":"https:\/\/global-hookah.com\/#\/schema\/logo\/image\/"}}]}},"_links":{"self":[{"href":"https:\/\/global-hookah.com\/de\/wp-json\/wp\/v2\/product\/12295","targetHints":{"allow":["GET"]}}],"collection":[{"href":"https:\/\/global-hookah.com\/de\/wp-json\/wp\/v2\/product"}],"about":[{"href":"https:\/\/global-hookah.com\/de\/wp-json\/wp\/v2\/types\/product"}],"replies":[{"embeddable":true,"href":"https:\/\/global-hookah.com\/de\/wp-json\/wp\/v2\/comments?post=12295"}],"version-history":[{"count":0,"href":"https:\/\/global-hookah.com\/de\/wp-json\/wp\/v2\/product\/12295\/revisions"}],"wp:featuredmedia":[{"embeddable":true,"href":"https:\/\/global-hookah.com\/de\/wp-json\/wp\/v2\/media\/12298"}],"wp:attachment":[{"href":"https:\/\/global-hookah.com\/de\/wp-json\/wp\/v2\/media?parent=12295"}],"wp:term":[{"taxonomy":"product_brand","embeddable":true,"href":"https:\/\/global-hookah.com\/de\/wp-json\/wp\/v2\/product_brand?post=12295"},{"taxonomy":"product_cat","embeddable":true,"href":"https:\/\/global-hookah.com\/de\/wp-json\/wp\/v2\/product_cat?post=12295"},{"taxonomy":"product_tag","embeddable":true,"href":"https:\/\/global-hookah.com\/de\/wp-json\/wp\/v2\/product_tag?post=12295"}],"curies":[{"name":"wp","href":"https:\/\/api.w.org\/{rel}","templated":true}]}}