{"id":12317,"date":"2023-06-19T03:38:11","date_gmt":"2023-06-19T03:38:11","guid":{"rendered":"https:\/\/global-hookah.com\/?post_type=product&#038;p=12317"},"modified":"2023-06-19T05:19:41","modified_gmt":"2023-06-19T05:19:41","slug":"egyptian-style-metal-arabic-hookah-wholesale","status":"publish","type":"product","link":"https:\/\/global-hookah.com\/de\/produkt\/egyptian-style-metal-arabic-hookah-wholesale\/","title":{"rendered":"\u00c4gyptischen Stil Metall Arabisch Wasserpfeife Gro\u00dfhandel"},"content":{"rendered":"<p>Unser <strong>\u00c4gyptischen Stil Metall Arabisch Wasserpfeife<\/strong> zeichnet sich durch seine solide Struktur und den abnehmbaren unteren Stiel aus, der nicht nur eine einfache Aufbewahrung erm\u00f6glicht, sondern auch f\u00fcr ein kraftvolles Raucherlebnis sorgt.<\/p>\n<p>Mit weniger als 10 Minuten m\u00fcheloser Montage ist dieser <strong>Arabische Wasserpfeife aus Metall<\/strong> wurde speziell f\u00fcr Einsteiger entwickelt. Trotz seiner Gr\u00f6\u00dfe ist das <strong>\u00e4gyptische Wasserpfeife<\/strong>\u00a0einfache Wartung, da die Teile leicht ausgebaut werden k\u00f6nnen.<\/p>\n<p>Die Platte oben, die am Boden der Schale befestigt ist, ist bei unseren Kunden sehr beliebt. Wenn man eine Nara oder eine Zange darauf abstellt, wackelt sie dank der bemerkenswerten Stabilit\u00e4t nicht mehr. Wenn der Boden zu zwei Dritteln gef\u00fcllt ist, wird die <strong>Arabische Wasserpfeife<\/strong> ist so konzipiert, dass er optimal zieht und luftdichtes und starkes Inhalieren erm\u00f6glicht.<\/p>\n<p>Wir legen gro\u00dfen Wert auf die Zufriedenheit unserer Kunden und ersetzen daher umgehend jeden Artikel, der in besch\u00e4digtem Zustand geliefert wird. Unser<strong> \u00e4gyptische Wasserpfeife<\/strong> ist aus hochwertigem Metall gefertigt und hat eine entsprechende <a href=\"https:\/\/global-hookah.com\/\">Schlauch<\/a>die zusammen eine wirklich erstaunliche arabische Wasserpfeife ergeben. Dar\u00fcber hinaus kommt unser Paket mit einer Tonne von Zubeh\u00f6r, bietet fantastischen Wert. Wir stellen sicher, dass alle Dinge unbesch\u00e4digt und frei von losen Teilen sind, indem wir sie sorgf\u00e4ltig verpacken.<\/p>\n<p>Wenn Sie Folgendes ben\u00f6tigen <strong>Gro\u00dfhandel diese \u00e4gyptischen Stil Metall Arabisch Hookah<\/strong> Bitte kontaktieren Sie uns per E-Mail<\/p>","protected":false},"excerpt":{"rendered":"<p>Unsere arabische Wasserpfeife im \u00e4gyptischen Stil aus Metall zeichnet sich durch ihre solide Struktur und den abnehmbaren unteren Stiel aus, der nicht nur die<\/p>","protected":false},"featured_media":12321,"comment_status":"open","ping_status":"closed","template":"","meta":{"iawp_total_views":1,"_joinchat":[]},"product_brand":[],"product_cat":[119],"product_tag":[],"class_list":{"0":"post-12317","1":"product","2":"type-product","3":"status-publish","4":"has-post-thumbnail","6":"product_cat-wholesale-hookah","8":"first","9":"instock","10":"shipping-taxable","11":"purchasable","12":"product-type-simple"},"yoast_head":"<!-- This site is optimized with the Yoast SEO Premium plugin v24.7 (Yoast SEO v26.8) - https:\/\/yoast.com\/product\/yoast-seo-premium-wordpress\/ -->\n<title>Egyptian Style Metal Arabic Hookah Wholesale - Global Hookah<\/title>\n<meta name=\"robots\" content=\"index, follow, max-snippet:-1, max-image-preview:large, max-video-preview:-1\" \/>\n<link rel=\"canonical\" href=\"https:\/\/global-hookah.com\/de\/produkt\/egyptian-style-metal-arabic-hookah-wholesale\/\" \/>\n<meta property=\"og:locale\" content=\"de_DE\" \/>\n<meta property=\"og:type\" content=\"article\" \/>\n<meta property=\"og:title\" content=\"Egyptian Style Metal Arabic Hookah Wholesale\" \/>\n<meta property=\"og:description\" content=\"Our Egyptian Style Metal Arabic Hookah is characterized by its solid structure and detachable lower stem, which not only makes\" \/>\n<meta property=\"og:url\" content=\"https:\/\/global-hookah.com\/de\/produkt\/egyptian-style-metal-arabic-hookah-wholesale\/\" \/>\n<meta property=\"og:site_name\" content=\"Global Hookah\" \/>\n<meta property=\"article:modified_time\" content=\"2023-06-19T05:19:41+00:00\" \/>\n<meta property=\"og:image\" content=\"https:\/\/global-hookah.com\/wp-content\/uploads\/2023\/06\/O1CN014CCmBx23khgB0mxRv_2201231717294-0-cib.jpg\" \/>\n\t<meta property=\"og:image:width\" content=\"1500\" \/>\n\t<meta property=\"og:image:height\" content=\"1500\" \/>\n\t<meta property=\"og:image:type\" content=\"image\/jpeg\" \/>\n<meta name=\"twitter:card\" content=\"summary_large_image\" \/>\n<meta name=\"twitter:label1\" content=\"Gesch\u00e4tzte Lesezeit\" \/>\n\t<meta name=\"twitter:data1\" content=\"1\u00a0Minute\" \/>\n<script type=\"application\/ld+json\" class=\"yoast-schema-graph\">{\"@context\":\"https:\/\/schema.org\",\"@graph\":[{\"@type\":\"WebPage\",\"@id\":\"https:\/\/global-hookah.com\/product\/egyptian-style-metal-arabic-hookah-wholesale\/\",\"url\":\"https:\/\/global-hookah.com\/product\/egyptian-style-metal-arabic-hookah-wholesale\/\",\"name\":\"Egyptian Style Metal Arabic Hookah Wholesale - Global Hookah\",\"isPartOf\":{\"@id\":\"https:\/\/global-hookah.com\/#website\"},\"primaryImageOfPage\":{\"@id\":\"https:\/\/global-hookah.com\/product\/egyptian-style-metal-arabic-hookah-wholesale\/#primaryimage\"},\"image\":{\"@id\":\"https:\/\/global-hookah.com\/product\/egyptian-style-metal-arabic-hookah-wholesale\/#primaryimage\"},\"thumbnailUrl\":\"https:\/\/global-hookah.com\/wp-content\/uploads\/2023\/06\/O1CN014CCmBx23khgB0mxRv_2201231717294-0-cib.jpg\",\"datePublished\":\"2023-06-19T03:38:11+00:00\",\"dateModified\":\"2023-06-19T05:19:41+00:00\",\"breadcrumb\":{\"@id\":\"https:\/\/global-hookah.com\/product\/egyptian-style-metal-arabic-hookah-wholesale\/#breadcrumb\"},\"inLanguage\":\"de\",\"potentialAction\":[{\"@type\":\"ReadAction\",\"target\":[\"https:\/\/global-hookah.com\/product\/egyptian-style-metal-arabic-hookah-wholesale\/\"]}]},{\"@type\":\"ImageObject\",\"inLanguage\":\"de\",\"@id\":\"https:\/\/global-hookah.com\/product\/egyptian-style-metal-arabic-hookah-wholesale\/#primaryimage\",\"url\":\"https:\/\/global-hookah.com\/wp-content\/uploads\/2023\/06\/O1CN014CCmBx23khgB0mxRv_2201231717294-0-cib.jpg\",\"contentUrl\":\"https:\/\/global-hookah.com\/wp-content\/uploads\/2023\/06\/O1CN014CCmBx23khgB0mxRv_2201231717294-0-cib.jpg\",\"width\":1500,\"height\":1500},{\"@type\":\"BreadcrumbList\",\"@id\":\"https:\/\/global-hookah.com\/product\/egyptian-style-metal-arabic-hookah-wholesale\/#breadcrumb\",\"itemListElement\":[{\"@type\":\"ListItem\",\"position\":1,\"name\":\"Home\",\"item\":\"https:\/\/global-hookah.com\/\"},{\"@type\":\"ListItem\",\"position\":2,\"name\":\"Shop\",\"item\":\"https:\/\/global-hookah.com\/shop\/\"},{\"@type\":\"ListItem\",\"position\":3,\"name\":\"Egyptian Style Metal Arabic Hookah Wholesale\"}]},{\"@type\":\"WebSite\",\"@id\":\"https:\/\/global-hookah.com\/#website\",\"url\":\"https:\/\/global-hookah.com\/\",\"name\":\"Global Hookah\",\"description\":\"Global Hookah\",\"publisher\":{\"@id\":\"https:\/\/global-hookah.com\/#organization\"},\"potentialAction\":[{\"@type\":\"SearchAction\",\"target\":{\"@type\":\"EntryPoint\",\"urlTemplate\":\"https:\/\/global-hookah.com\/?s={search_term_string}\"},\"query-input\":{\"@type\":\"PropertyValueSpecification\",\"valueRequired\":true,\"valueName\":\"search_term_string\"}}],\"inLanguage\":\"de\"},{\"@type\":\"Organization\",\"@id\":\"https:\/\/global-hookah.com\/#organization\",\"name\":\"Global Hookah\",\"url\":\"https:\/\/global-hookah.com\/\",\"logo\":{\"@type\":\"ImageObject\",\"inLanguage\":\"de\",\"@id\":\"https:\/\/global-hookah.com\/#\/schema\/logo\/image\/\",\"url\":\"https:\/\/global-hookah.com\/wp-content\/uploads\/2021\/10\/cropped-fgg.png\",\"contentUrl\":\"https:\/\/global-hookah.com\/wp-content\/uploads\/2021\/10\/cropped-fgg.png\",\"width\":512,\"height\":512,\"caption\":\"Global Hookah\"},\"image\":{\"@id\":\"https:\/\/global-hookah.com\/#\/schema\/logo\/image\/\"}}]}<\/script>\n<!-- \/ Yoast SEO Premium plugin. -->","yoast_head_json":{"title":"\u00c4gyptischen Stil Metall Arabisch Wasserpfeife Gro\u00dfhandel - Global Hookah","robots":{"index":"index","follow":"follow","max-snippet":"max-snippet:-1","max-image-preview":"max-image-preview:large","max-video-preview":"max-video-preview:-1"},"canonical":"https:\/\/global-hookah.com\/de\/produkt\/egyptian-style-metal-arabic-hookah-wholesale\/","og_locale":"de_DE","og_type":"article","og_title":"Egyptian Style Metal Arabic Hookah Wholesale","og_description":"Our Egyptian Style Metal Arabic Hookah is characterized by its solid structure and detachable lower stem, which not only makes","og_url":"https:\/\/global-hookah.com\/de\/produkt\/egyptian-style-metal-arabic-hookah-wholesale\/","og_site_name":"Global Hookah","article_modified_time":"2023-06-19T05:19:41+00:00","og_image":[{"width":1500,"height":1500,"url":"https:\/\/global-hookah.com\/wp-content\/uploads\/2023\/06\/O1CN014CCmBx23khgB0mxRv_2201231717294-0-cib.jpg","type":"image\/jpeg"}],"twitter_card":"summary_large_image","twitter_misc":{"Gesch\u00e4tzte Lesezeit":"1\u00a0Minute"},"schema":{"@context":"https:\/\/schema.org","@graph":[{"@type":"WebPage","@id":"https:\/\/global-hookah.com\/product\/egyptian-style-metal-arabic-hookah-wholesale\/","url":"https:\/\/global-hookah.com\/product\/egyptian-style-metal-arabic-hookah-wholesale\/","name":"\u00c4gyptischen Stil Metall Arabisch Wasserpfeife Gro\u00dfhandel - Global Hookah","isPartOf":{"@id":"https:\/\/global-hookah.com\/#website"},"primaryImageOfPage":{"@id":"https:\/\/global-hookah.com\/product\/egyptian-style-metal-arabic-hookah-wholesale\/#primaryimage"},"image":{"@id":"https:\/\/global-hookah.com\/product\/egyptian-style-metal-arabic-hookah-wholesale\/#primaryimage"},"thumbnailUrl":"https:\/\/global-hookah.com\/wp-content\/uploads\/2023\/06\/O1CN014CCmBx23khgB0mxRv_2201231717294-0-cib.jpg","datePublished":"2023-06-19T03:38:11+00:00","dateModified":"2023-06-19T05:19:41+00:00","breadcrumb":{"@id":"https:\/\/global-hookah.com\/product\/egyptian-style-metal-arabic-hookah-wholesale\/#breadcrumb"},"inLanguage":"de","potentialAction":[{"@type":"ReadAction","target":["https:\/\/global-hookah.com\/product\/egyptian-style-metal-arabic-hookah-wholesale\/"]}]},{"@type":"ImageObject","inLanguage":"de","@id":"https:\/\/global-hookah.com\/product\/egyptian-style-metal-arabic-hookah-wholesale\/#primaryimage","url":"https:\/\/global-hookah.com\/wp-content\/uploads\/2023\/06\/O1CN014CCmBx23khgB0mxRv_2201231717294-0-cib.jpg","contentUrl":"https:\/\/global-hookah.com\/wp-content\/uploads\/2023\/06\/O1CN014CCmBx23khgB0mxRv_2201231717294-0-cib.jpg","width":1500,"height":1500},{"@type":"BreadcrumbList","@id":"https:\/\/global-hookah.com\/product\/egyptian-style-metal-arabic-hookah-wholesale\/#breadcrumb","itemListElement":[{"@type":"ListItem","position":1,"name":"Home","item":"https:\/\/global-hookah.com\/"},{"@type":"ListItem","position":2,"name":"Shop","item":"https:\/\/global-hookah.com\/shop\/"},{"@type":"ListItem","position":3,"name":"Egyptian Style Metal Arabic Hookah Wholesale"}]},{"@type":"WebSite","@id":"https:\/\/global-hookah.com\/#website","url":"https:\/\/global-hookah.com\/","name":"Globale Wasserpfeife","description":"Globale Wasserpfeife","publisher":{"@id":"https:\/\/global-hookah.com\/#organization"},"potentialAction":[{"@type":"SearchAction","target":{"@type":"EntryPoint","urlTemplate":"https:\/\/global-hookah.com\/?s={search_term_string}"},"query-input":{"@type":"PropertyValueSpecification","valueRequired":true,"valueName":"search_term_string"}}],"inLanguage":"de"},{"@type":"Organization","@id":"https:\/\/global-hookah.com\/#organization","name":"Globale Wasserpfeife","url":"https:\/\/global-hookah.com\/","logo":{"@type":"ImageObject","inLanguage":"de","@id":"https:\/\/global-hookah.com\/#\/schema\/logo\/image\/","url":"https:\/\/global-hookah.com\/wp-content\/uploads\/2021\/10\/cropped-fgg.png","contentUrl":"https:\/\/global-hookah.com\/wp-content\/uploads\/2021\/10\/cropped-fgg.png","width":512,"height":512,"caption":"Global Hookah"},"image":{"@id":"https:\/\/global-hookah.com\/#\/schema\/logo\/image\/"}}]}},"_links":{"self":[{"href":"https:\/\/global-hookah.com\/de\/wp-json\/wp\/v2\/product\/12317","targetHints":{"allow":["GET"]}}],"collection":[{"href":"https:\/\/global-hookah.com\/de\/wp-json\/wp\/v2\/product"}],"about":[{"href":"https:\/\/global-hookah.com\/de\/wp-json\/wp\/v2\/types\/product"}],"replies":[{"embeddable":true,"href":"https:\/\/global-hookah.com\/de\/wp-json\/wp\/v2\/comments?post=12317"}],"version-history":[{"count":0,"href":"https:\/\/global-hookah.com\/de\/wp-json\/wp\/v2\/product\/12317\/revisions"}],"wp:featuredmedia":[{"embeddable":true,"href":"https:\/\/global-hookah.com\/de\/wp-json\/wp\/v2\/media\/12321"}],"wp:attachment":[{"href":"https:\/\/global-hookah.com\/de\/wp-json\/wp\/v2\/media?parent=12317"}],"wp:term":[{"taxonomy":"product_brand","embeddable":true,"href":"https:\/\/global-hookah.com\/de\/wp-json\/wp\/v2\/product_brand?post=12317"},{"taxonomy":"product_cat","embeddable":true,"href":"https:\/\/global-hookah.com\/de\/wp-json\/wp\/v2\/product_cat?post=12317"},{"taxonomy":"product_tag","embeddable":true,"href":"https:\/\/global-hookah.com\/de\/wp-json\/wp\/v2\/product_tag?post=12317"}],"curies":[{"name":"wp","href":"https:\/\/api.w.org\/{rel}","templated":true}]}}