{"id":12615,"date":"2023-06-23T03:30:44","date_gmt":"2023-06-23T03:30:44","guid":{"rendered":"https:\/\/global-hookah.com\/?post_type=product&#038;p=12615"},"modified":"2023-06-24T08:24:13","modified_gmt":"2023-06-24T08:24:13","slug":"wholesale-beaker-bong","status":"publish","type":"product","link":"https:\/\/global-hookah.com\/de\/produkt\/wholesale-beaker-bong\/","title":{"rendered":"Gro\u00dfhandel Beaker Bong"},"content":{"rendered":"<p>Nutzen Sie unser <strong>Becher Bong<\/strong>Um Ihr Raucherlebnis zu verbessern, ist es mit einem gr\u00f6\u00dferen Durchmesser Saugrohr, k\u00f6nnen die Benutzer mit mehr hervorragende Funktionen und Wir haben die Basis verst\u00e4rkt, so dass es dicker f\u00fcr mehr Stabilit\u00e4t.<\/p>\n<p>Unsere neu gestaltete Schale und der Downstream passen einwandfrei und sorgen f\u00fcr ein nahtloses Raucherlebnis. F\u00fcr diejenigen, die sich nicht sicher sind, wie viel Wasser sie verwenden sollen, bieten wir klare Anweisungen f\u00fcr die optimale Wassermenge, so dass man sich keine Sorgen machen muss, dass das Wasser zur\u00fcckspritzt.<\/p>\n<p>Unser <strong>Glas Becher Bong <\/strong>verf\u00fcgt jetzt \u00fcber ein dickeres Glas, das die Haltbarkeit erh\u00f6ht und ihn zum perfekten Reisebegleiter macht. Au\u00dferdem ist jeder Kauf durch eine verbesserte Verpackung gesichert, die Ihr Produkt w\u00e4hrend des Transports sicher und unversehrt h\u00e4lt.<\/p>\n<p><strong>Gro\u00dfhandel Beaker Bong<\/strong> f\u00fchlt man sich anders als <a href=\"https:\/\/global-hookah.com\/\">andere Glasbongs<\/a><\/p>","protected":false},"excerpt":{"rendered":"<p>Verwenden Sie unsere Beaker Bong, um Ihr Raucherlebnis zu erh\u00f6hen, es Mit einem gr\u00f6\u00dferen Durchmesser Saugrohr, k\u00f6nnen Benutzer mit<\/p>","protected":false},"featured_media":12626,"comment_status":"open","ping_status":"closed","template":"","meta":{"iawp_total_views":1,"_joinchat":[]},"product_brand":[],"product_cat":[249],"product_tag":[],"class_list":{"0":"post-12615","1":"product","2":"type-product","3":"status-publish","4":"has-post-thumbnail","6":"product_cat-bong-wholesale","8":"first","9":"instock","10":"shipping-taxable","11":"product-type-simple"},"yoast_head":"<!-- This site is optimized with the Yoast SEO Premium plugin v24.7 (Yoast SEO v26.8) - https:\/\/yoast.com\/product\/yoast-seo-premium-wordpress\/ -->\n<title>Wholesale Beaker Bong - Global Hookah<\/title>\n<meta name=\"robots\" content=\"index, follow, max-snippet:-1, max-image-preview:large, max-video-preview:-1\" \/>\n<link rel=\"canonical\" href=\"https:\/\/global-hookah.com\/de\/produkt\/wholesale-beaker-bong\/\" \/>\n<meta property=\"og:locale\" content=\"de_DE\" \/>\n<meta property=\"og:type\" content=\"article\" \/>\n<meta property=\"og:title\" content=\"Wholesale Beaker Bong\" \/>\n<meta property=\"og:description\" content=\"Use our Beaker Bong, to increase your smoking experience, it With a bigger diameter suction tube, can provide users with\" \/>\n<meta property=\"og:url\" content=\"https:\/\/global-hookah.com\/de\/produkt\/wholesale-beaker-bong\/\" \/>\n<meta property=\"og:site_name\" content=\"Global Hookah\" \/>\n<meta property=\"article:modified_time\" content=\"2023-06-24T08:24:13+00:00\" \/>\n<meta property=\"og:image\" content=\"https:\/\/global-hookah.com\/wp-content\/uploads\/2023\/06\/ea2d4f74-c9fb-4def-a9a1-ca81f38870bb_1500x1500.jpeg\" \/>\n\t<meta property=\"og:image:width\" content=\"1500\" \/>\n\t<meta property=\"og:image:height\" content=\"1500\" \/>\n\t<meta property=\"og:image:type\" content=\"image\/jpeg\" \/>\n<meta name=\"twitter:card\" content=\"summary_large_image\" \/>\n<meta name=\"twitter:label1\" content=\"Gesch\u00e4tzte Lesezeit\" \/>\n\t<meta name=\"twitter:data1\" content=\"1\u00a0Minute\" \/>\n<script type=\"application\/ld+json\" class=\"yoast-schema-graph\">{\"@context\":\"https:\/\/schema.org\",\"@graph\":[{\"@type\":\"WebPage\",\"@id\":\"https:\/\/global-hookah.com\/product\/wholesale-beaker-bong\/\",\"url\":\"https:\/\/global-hookah.com\/product\/wholesale-beaker-bong\/\",\"name\":\"Wholesale Beaker Bong - Global Hookah\",\"isPartOf\":{\"@id\":\"https:\/\/global-hookah.com\/#website\"},\"primaryImageOfPage\":{\"@id\":\"https:\/\/global-hookah.com\/product\/wholesale-beaker-bong\/#primaryimage\"},\"image\":{\"@id\":\"https:\/\/global-hookah.com\/product\/wholesale-beaker-bong\/#primaryimage\"},\"thumbnailUrl\":\"https:\/\/global-hookah.com\/wp-content\/uploads\/2023\/06\/ea2d4f74-c9fb-4def-a9a1-ca81f38870bb_1500x1500.jpeg\",\"datePublished\":\"2023-06-23T03:30:44+00:00\",\"dateModified\":\"2023-06-24T08:24:13+00:00\",\"breadcrumb\":{\"@id\":\"https:\/\/global-hookah.com\/product\/wholesale-beaker-bong\/#breadcrumb\"},\"inLanguage\":\"de\",\"potentialAction\":[{\"@type\":\"ReadAction\",\"target\":[\"https:\/\/global-hookah.com\/product\/wholesale-beaker-bong\/\"]}]},{\"@type\":\"ImageObject\",\"inLanguage\":\"de\",\"@id\":\"https:\/\/global-hookah.com\/product\/wholesale-beaker-bong\/#primaryimage\",\"url\":\"https:\/\/global-hookah.com\/wp-content\/uploads\/2023\/06\/ea2d4f74-c9fb-4def-a9a1-ca81f38870bb_1500x1500.jpeg\",\"contentUrl\":\"https:\/\/global-hookah.com\/wp-content\/uploads\/2023\/06\/ea2d4f74-c9fb-4def-a9a1-ca81f38870bb_1500x1500.jpeg\",\"width\":1500,\"height\":1500,\"caption\":\"Wholesale Beaker Bong\"},{\"@type\":\"BreadcrumbList\",\"@id\":\"https:\/\/global-hookah.com\/product\/wholesale-beaker-bong\/#breadcrumb\",\"itemListElement\":[{\"@type\":\"ListItem\",\"position\":1,\"name\":\"Home\",\"item\":\"https:\/\/global-hookah.com\/\"},{\"@type\":\"ListItem\",\"position\":2,\"name\":\"Shop\",\"item\":\"https:\/\/global-hookah.com\/shop\/\"},{\"@type\":\"ListItem\",\"position\":3,\"name\":\"Wholesale Beaker Bong\"}]},{\"@type\":\"WebSite\",\"@id\":\"https:\/\/global-hookah.com\/#website\",\"url\":\"https:\/\/global-hookah.com\/\",\"name\":\"Global Hookah\",\"description\":\"Global Hookah\",\"publisher\":{\"@id\":\"https:\/\/global-hookah.com\/#organization\"},\"potentialAction\":[{\"@type\":\"SearchAction\",\"target\":{\"@type\":\"EntryPoint\",\"urlTemplate\":\"https:\/\/global-hookah.com\/?s={search_term_string}\"},\"query-input\":{\"@type\":\"PropertyValueSpecification\",\"valueRequired\":true,\"valueName\":\"search_term_string\"}}],\"inLanguage\":\"de\"},{\"@type\":\"Organization\",\"@id\":\"https:\/\/global-hookah.com\/#organization\",\"name\":\"Global Hookah\",\"url\":\"https:\/\/global-hookah.com\/\",\"logo\":{\"@type\":\"ImageObject\",\"inLanguage\":\"de\",\"@id\":\"https:\/\/global-hookah.com\/#\/schema\/logo\/image\/\",\"url\":\"https:\/\/global-hookah.com\/wp-content\/uploads\/2021\/10\/cropped-fgg.png\",\"contentUrl\":\"https:\/\/global-hookah.com\/wp-content\/uploads\/2021\/10\/cropped-fgg.png\",\"width\":512,\"height\":512,\"caption\":\"Global Hookah\"},\"image\":{\"@id\":\"https:\/\/global-hookah.com\/#\/schema\/logo\/image\/\"}}]}<\/script>\n<!-- \/ Yoast SEO Premium plugin. -->","yoast_head_json":{"title":"Gro\u00dfhandel Beaker Bong - Global Hookah","robots":{"index":"index","follow":"follow","max-snippet":"max-snippet:-1","max-image-preview":"max-image-preview:large","max-video-preview":"max-video-preview:-1"},"canonical":"https:\/\/global-hookah.com\/de\/produkt\/wholesale-beaker-bong\/","og_locale":"de_DE","og_type":"article","og_title":"Wholesale Beaker Bong","og_description":"Use our Beaker Bong, to increase your smoking experience, it With a bigger diameter suction tube, can provide users with","og_url":"https:\/\/global-hookah.com\/de\/produkt\/wholesale-beaker-bong\/","og_site_name":"Global Hookah","article_modified_time":"2023-06-24T08:24:13+00:00","og_image":[{"width":1500,"height":1500,"url":"https:\/\/global-hookah.com\/wp-content\/uploads\/2023\/06\/ea2d4f74-c9fb-4def-a9a1-ca81f38870bb_1500x1500.jpeg","type":"image\/jpeg"}],"twitter_card":"summary_large_image","twitter_misc":{"Gesch\u00e4tzte Lesezeit":"1\u00a0Minute"},"schema":{"@context":"https:\/\/schema.org","@graph":[{"@type":"WebPage","@id":"https:\/\/global-hookah.com\/product\/wholesale-beaker-bong\/","url":"https:\/\/global-hookah.com\/product\/wholesale-beaker-bong\/","name":"Gro\u00dfhandel Beaker Bong - Global Hookah","isPartOf":{"@id":"https:\/\/global-hookah.com\/#website"},"primaryImageOfPage":{"@id":"https:\/\/global-hookah.com\/product\/wholesale-beaker-bong\/#primaryimage"},"image":{"@id":"https:\/\/global-hookah.com\/product\/wholesale-beaker-bong\/#primaryimage"},"thumbnailUrl":"https:\/\/global-hookah.com\/wp-content\/uploads\/2023\/06\/ea2d4f74-c9fb-4def-a9a1-ca81f38870bb_1500x1500.jpeg","datePublished":"2023-06-23T03:30:44+00:00","dateModified":"2023-06-24T08:24:13+00:00","breadcrumb":{"@id":"https:\/\/global-hookah.com\/product\/wholesale-beaker-bong\/#breadcrumb"},"inLanguage":"de","potentialAction":[{"@type":"ReadAction","target":["https:\/\/global-hookah.com\/product\/wholesale-beaker-bong\/"]}]},{"@type":"ImageObject","inLanguage":"de","@id":"https:\/\/global-hookah.com\/product\/wholesale-beaker-bong\/#primaryimage","url":"https:\/\/global-hookah.com\/wp-content\/uploads\/2023\/06\/ea2d4f74-c9fb-4def-a9a1-ca81f38870bb_1500x1500.jpeg","contentUrl":"https:\/\/global-hookah.com\/wp-content\/uploads\/2023\/06\/ea2d4f74-c9fb-4def-a9a1-ca81f38870bb_1500x1500.jpeg","width":1500,"height":1500,"caption":"Wholesale Beaker Bong"},{"@type":"BreadcrumbList","@id":"https:\/\/global-hookah.com\/product\/wholesale-beaker-bong\/#breadcrumb","itemListElement":[{"@type":"ListItem","position":1,"name":"Home","item":"https:\/\/global-hookah.com\/"},{"@type":"ListItem","position":2,"name":"Shop","item":"https:\/\/global-hookah.com\/shop\/"},{"@type":"ListItem","position":3,"name":"Wholesale Beaker Bong"}]},{"@type":"WebSite","@id":"https:\/\/global-hookah.com\/#website","url":"https:\/\/global-hookah.com\/","name":"Globale Wasserpfeife","description":"Globale Wasserpfeife","publisher":{"@id":"https:\/\/global-hookah.com\/#organization"},"potentialAction":[{"@type":"SearchAction","target":{"@type":"EntryPoint","urlTemplate":"https:\/\/global-hookah.com\/?s={search_term_string}"},"query-input":{"@type":"PropertyValueSpecification","valueRequired":true,"valueName":"search_term_string"}}],"inLanguage":"de"},{"@type":"Organization","@id":"https:\/\/global-hookah.com\/#organization","name":"Globale Wasserpfeife","url":"https:\/\/global-hookah.com\/","logo":{"@type":"ImageObject","inLanguage":"de","@id":"https:\/\/global-hookah.com\/#\/schema\/logo\/image\/","url":"https:\/\/global-hookah.com\/wp-content\/uploads\/2021\/10\/cropped-fgg.png","contentUrl":"https:\/\/global-hookah.com\/wp-content\/uploads\/2021\/10\/cropped-fgg.png","width":512,"height":512,"caption":"Global Hookah"},"image":{"@id":"https:\/\/global-hookah.com\/#\/schema\/logo\/image\/"}}]}},"_links":{"self":[{"href":"https:\/\/global-hookah.com\/de\/wp-json\/wp\/v2\/product\/12615","targetHints":{"allow":["GET"]}}],"collection":[{"href":"https:\/\/global-hookah.com\/de\/wp-json\/wp\/v2\/product"}],"about":[{"href":"https:\/\/global-hookah.com\/de\/wp-json\/wp\/v2\/types\/product"}],"replies":[{"embeddable":true,"href":"https:\/\/global-hookah.com\/de\/wp-json\/wp\/v2\/comments?post=12615"}],"version-history":[{"count":0,"href":"https:\/\/global-hookah.com\/de\/wp-json\/wp\/v2\/product\/12615\/revisions"}],"wp:featuredmedia":[{"embeddable":true,"href":"https:\/\/global-hookah.com\/de\/wp-json\/wp\/v2\/media\/12626"}],"wp:attachment":[{"href":"https:\/\/global-hookah.com\/de\/wp-json\/wp\/v2\/media?parent=12615"}],"wp:term":[{"taxonomy":"product_brand","embeddable":true,"href":"https:\/\/global-hookah.com\/de\/wp-json\/wp\/v2\/product_brand?post=12615"},{"taxonomy":"product_cat","embeddable":true,"href":"https:\/\/global-hookah.com\/de\/wp-json\/wp\/v2\/product_cat?post=12615"},{"taxonomy":"product_tag","embeddable":true,"href":"https:\/\/global-hookah.com\/de\/wp-json\/wp\/v2\/product_tag?post=12615"}],"curies":[{"name":"wp","href":"https:\/\/api.w.org\/{rel}","templated":true}]}}