{"id":12643,"date":"2023-06-23T03:46:43","date_gmt":"2023-06-23T03:46:43","guid":{"rendered":"https:\/\/global-hookah.com\/?post_type=product&#038;p=12643"},"modified":"2023-07-03T13:00:40","modified_gmt":"2023-07-03T13:00:40","slug":"cartoon-custom-handmade-bong-wholesale","status":"publish","type":"product","link":"https:\/\/global-hookah.com\/de\/produkt\/cartoon-custom-handmade-bong-wholesale\/","title":{"rendered":"Cartoon Custom Handmade Bong Gro\u00dfhandel"},"content":{"rendered":"<p>Das hochwertige, dicke Glas, das zur Herstellung dieses <strong>Cartoon Handgefertigte Bong <\/strong>hat ein exquisites Design. Diese Bong hat wabenf\u00f6rmige Perkolatoren, die den Geschmack des Rauchs gl\u00e4tten und verbessern. Daher, wenn Sie suchen <strong>Gro\u00dfhandelsanbieter von handgefertigten Bongs<\/strong> das Sie gl\u00fccklich macht, ist dies eine gute Wahl.<\/p>\n<p>Die <strong>Cartoon Custom mundgeblasene Glasbong<\/strong> ist eine <a href=\"https:\/\/global-hookah.com\/product-category\/bongs\/\">Hochwertige Premium-Wasserleitung<\/a> die \u00fcber eine gro\u00dfe Bodenkammer verf\u00fcgt. Diese <strong>handgefertigte Glasbong<\/strong> verf\u00fcgt \u00fcber einen Eisf\u00e4nger, in den Sie Eisw\u00fcrfel geben k\u00f6nnen, um den Rauch zu k\u00fchlen und einen sanfteren Zug zu erzielen.<\/p>\n<p>Diese farbenfrohe Pfeife ist auf der Vorderseite mit einer Vielzahl von Cartoon-Figuren bedruckt. Das Design wird mit einem hochaufl\u00f6senden Tintenstrahldrucker direkt auf die Oberfl\u00e4che des Glases gedruckt, was eine lang anhaltende Vibration und Farbs\u00e4ttigung gew\u00e4hrleistet.<\/p>\n<p>Diese<strong> Glasbongs<\/strong> k\u00f6nnen als Sammlerst\u00fccke aufbewahrt oder regelm\u00e4\u00dfig genutzt werden. Um Ihren individuellen Bed\u00fcrfnissen gerecht zu werden, gibt es die Pfeifen in einer Vielzahl von Stilen und Farbt\u00f6nen. Sie k\u00f6nnen sich die Pfeife aussuchen, die am besten zu Ihnen passt. Ob Sie etwas Schlichtes oder etwas Kompliziertes mit einem einzigartigen Muster wollen, wir haben, was Sie brauchen!<\/p>\n<p>Der wichtigste Cartoon<strong> Individuelle mundgeblasene Glasbongs<\/strong> werden von einem Team von K\u00fcnstlern entworfen und in ihrer eigenen Fabrik hergestellt. Wenn Sie also brauchen<strong> Gro\u00dfhandel diese Handmade Bong<\/strong> Bitte kontaktieren Sie uns<\/p>","protected":false},"excerpt":{"rendered":"<p>Das hochwertige, dicke Glas, aus dem diese Cartoon Custom Handmade Bong gefertigt ist, hat ein exquisites Design. Diese Bong hat Honigwaben<\/p>","protected":false},"featured_media":12650,"comment_status":"open","ping_status":"closed","template":"","meta":{"iawp_total_views":6,"_joinchat":[]},"product_brand":[],"product_cat":[249],"product_tag":[],"class_list":{"0":"post-12643","1":"product","2":"type-product","3":"status-publish","4":"has-post-thumbnail","6":"product_cat-bong-wholesale","8":"first","9":"instock","10":"shipping-taxable","11":"product-type-simple"},"yoast_head":"<!-- This site is optimized with the Yoast SEO Premium plugin v24.7 (Yoast SEO v26.8) - https:\/\/yoast.com\/product\/yoast-seo-premium-wordpress\/ -->\n<title>Cartoon Custom Handmade Bong Wholesale - Global Hookah<\/title>\n<meta name=\"robots\" content=\"index, follow, max-snippet:-1, max-image-preview:large, max-video-preview:-1\" \/>\n<link rel=\"canonical\" href=\"https:\/\/global-hookah.com\/de\/producto\/cartoon-custom-handmade-bong-wholesale\/\" \/>\n<meta property=\"og:locale\" content=\"de_DE\" \/>\n<meta property=\"og:type\" content=\"article\" \/>\n<meta property=\"og:title\" content=\"Cartoon Custom Handmade Bong Wholesale\" \/>\n<meta property=\"og:description\" content=\"The high-quality thick glass used to make this Cartoon Custom Handmade Bong has an exquisite design. This bong has honeycomb\" \/>\n<meta property=\"og:url\" content=\"https:\/\/global-hookah.com\/de\/producto\/cartoon-custom-handmade-bong-wholesale\/\" \/>\n<meta property=\"og:site_name\" content=\"Global Hookah\" \/>\n<meta property=\"article:modified_time\" content=\"2023-07-03T13:00:40+00:00\" \/>\n<meta property=\"og:image\" content=\"https:\/\/global-hookah.com\/wp-content\/uploads\/2023\/06\/8d390433221f36746944ceee5e554174-scaled.jpg\" \/>\n\t<meta property=\"og:image:width\" content=\"2560\" \/>\n\t<meta property=\"og:image:height\" content=\"2560\" \/>\n\t<meta property=\"og:image:type\" content=\"image\/jpeg\" \/>\n<meta name=\"twitter:card\" content=\"summary_large_image\" \/>\n<meta name=\"twitter:label1\" content=\"Gesch\u00e4tzte Lesezeit\" \/>\n\t<meta name=\"twitter:data1\" content=\"1\u00a0Minute\" \/>\n<script type=\"application\/ld+json\" class=\"yoast-schema-graph\">{\"@context\":\"https:\/\/schema.org\",\"@graph\":[{\"@type\":\"WebPage\",\"@id\":\"https:\/\/global-hookah.com\/es\/producto\/cartoon-custom-handmade-bong-wholesale\/\",\"url\":\"https:\/\/global-hookah.com\/es\/producto\/cartoon-custom-handmade-bong-wholesale\/\",\"name\":\"Cartoon Custom Handmade Bong Wholesale - Global Hookah\",\"isPartOf\":{\"@id\":\"https:\/\/global-hookah.com\/#website\"},\"primaryImageOfPage\":{\"@id\":\"https:\/\/global-hookah.com\/es\/producto\/cartoon-custom-handmade-bong-wholesale\/#primaryimage\"},\"image\":{\"@id\":\"https:\/\/global-hookah.com\/es\/producto\/cartoon-custom-handmade-bong-wholesale\/#primaryimage\"},\"thumbnailUrl\":\"https:\/\/global-hookah.com\/wp-content\/uploads\/2023\/06\/8d390433221f36746944ceee5e554174-scaled.jpg\",\"datePublished\":\"2023-06-23T03:46:43+00:00\",\"dateModified\":\"2023-07-03T13:00:40+00:00\",\"breadcrumb\":{\"@id\":\"https:\/\/global-hookah.com\/es\/producto\/cartoon-custom-handmade-bong-wholesale\/#breadcrumb\"},\"inLanguage\":\"de\",\"potentialAction\":[{\"@type\":\"ReadAction\",\"target\":[\"https:\/\/global-hookah.com\/es\/producto\/cartoon-custom-handmade-bong-wholesale\/\"]}]},{\"@type\":\"ImageObject\",\"inLanguage\":\"de\",\"@id\":\"https:\/\/global-hookah.com\/es\/producto\/cartoon-custom-handmade-bong-wholesale\/#primaryimage\",\"url\":\"https:\/\/global-hookah.com\/wp-content\/uploads\/2023\/06\/8d390433221f36746944ceee5e554174-scaled.jpg\",\"contentUrl\":\"https:\/\/global-hookah.com\/wp-content\/uploads\/2023\/06\/8d390433221f36746944ceee5e554174-scaled.jpg\",\"width\":2560,\"height\":2560,\"caption\":\"Cartoon Custom Handmade Bong Wholesale\"},{\"@type\":\"BreadcrumbList\",\"@id\":\"https:\/\/global-hookah.com\/es\/producto\/cartoon-custom-handmade-bong-wholesale\/#breadcrumb\",\"itemListElement\":[{\"@type\":\"ListItem\",\"position\":1,\"name\":\"Home\",\"item\":\"https:\/\/global-hookah.com\/\"},{\"@type\":\"ListItem\",\"position\":2,\"name\":\"Shop\",\"item\":\"https:\/\/global-hookah.com\/shop\/\"},{\"@type\":\"ListItem\",\"position\":3,\"name\":\"Cartoon Custom Handmade Bong Wholesale\"}]},{\"@type\":\"WebSite\",\"@id\":\"https:\/\/global-hookah.com\/#website\",\"url\":\"https:\/\/global-hookah.com\/\",\"name\":\"Global Hookah\",\"description\":\"Global Hookah\",\"publisher\":{\"@id\":\"https:\/\/global-hookah.com\/#organization\"},\"potentialAction\":[{\"@type\":\"SearchAction\",\"target\":{\"@type\":\"EntryPoint\",\"urlTemplate\":\"https:\/\/global-hookah.com\/?s={search_term_string}\"},\"query-input\":{\"@type\":\"PropertyValueSpecification\",\"valueRequired\":true,\"valueName\":\"search_term_string\"}}],\"inLanguage\":\"de\"},{\"@type\":\"Organization\",\"@id\":\"https:\/\/global-hookah.com\/#organization\",\"name\":\"Global Hookah\",\"url\":\"https:\/\/global-hookah.com\/\",\"logo\":{\"@type\":\"ImageObject\",\"inLanguage\":\"de\",\"@id\":\"https:\/\/global-hookah.com\/#\/schema\/logo\/image\/\",\"url\":\"https:\/\/global-hookah.com\/wp-content\/uploads\/2021\/10\/cropped-fgg.png\",\"contentUrl\":\"https:\/\/global-hookah.com\/wp-content\/uploads\/2021\/10\/cropped-fgg.png\",\"width\":512,\"height\":512,\"caption\":\"Global Hookah\"},\"image\":{\"@id\":\"https:\/\/global-hookah.com\/#\/schema\/logo\/image\/\"}}]}<\/script>\n<!-- \/ Yoast SEO Premium plugin. -->","yoast_head_json":{"title":"Cartoon Custom Handmade Bong Gro\u00dfhandel - Global Hookah","robots":{"index":"index","follow":"follow","max-snippet":"max-snippet:-1","max-image-preview":"max-image-preview:large","max-video-preview":"max-video-preview:-1"},"canonical":"https:\/\/global-hookah.com\/de\/producto\/cartoon-custom-handmade-bong-wholesale\/","og_locale":"de_DE","og_type":"article","og_title":"Cartoon Custom Handmade Bong Wholesale","og_description":"The high-quality thick glass used to make this Cartoon Custom Handmade Bong has an exquisite design. This bong has honeycomb","og_url":"https:\/\/global-hookah.com\/de\/producto\/cartoon-custom-handmade-bong-wholesale\/","og_site_name":"Global Hookah","article_modified_time":"2023-07-03T13:00:40+00:00","og_image":[{"width":2560,"height":2560,"url":"https:\/\/global-hookah.com\/wp-content\/uploads\/2023\/06\/8d390433221f36746944ceee5e554174-scaled.jpg","type":"image\/jpeg"}],"twitter_card":"summary_large_image","twitter_misc":{"Gesch\u00e4tzte Lesezeit":"1\u00a0Minute"},"schema":{"@context":"https:\/\/schema.org","@graph":[{"@type":"WebPage","@id":"https:\/\/global-hookah.com\/es\/producto\/cartoon-custom-handmade-bong-wholesale\/","url":"https:\/\/global-hookah.com\/es\/producto\/cartoon-custom-handmade-bong-wholesale\/","name":"Cartoon Custom Handmade Bong Gro\u00dfhandel - Global Hookah","isPartOf":{"@id":"https:\/\/global-hookah.com\/#website"},"primaryImageOfPage":{"@id":"https:\/\/global-hookah.com\/es\/producto\/cartoon-custom-handmade-bong-wholesale\/#primaryimage"},"image":{"@id":"https:\/\/global-hookah.com\/es\/producto\/cartoon-custom-handmade-bong-wholesale\/#primaryimage"},"thumbnailUrl":"https:\/\/global-hookah.com\/wp-content\/uploads\/2023\/06\/8d390433221f36746944ceee5e554174-scaled.jpg","datePublished":"2023-06-23T03:46:43+00:00","dateModified":"2023-07-03T13:00:40+00:00","breadcrumb":{"@id":"https:\/\/global-hookah.com\/es\/producto\/cartoon-custom-handmade-bong-wholesale\/#breadcrumb"},"inLanguage":"de","potentialAction":[{"@type":"ReadAction","target":["https:\/\/global-hookah.com\/es\/producto\/cartoon-custom-handmade-bong-wholesale\/"]}]},{"@type":"ImageObject","inLanguage":"de","@id":"https:\/\/global-hookah.com\/es\/producto\/cartoon-custom-handmade-bong-wholesale\/#primaryimage","url":"https:\/\/global-hookah.com\/wp-content\/uploads\/2023\/06\/8d390433221f36746944ceee5e554174-scaled.jpg","contentUrl":"https:\/\/global-hookah.com\/wp-content\/uploads\/2023\/06\/8d390433221f36746944ceee5e554174-scaled.jpg","width":2560,"height":2560,"caption":"Cartoon Custom Handmade Bong Wholesale"},{"@type":"BreadcrumbList","@id":"https:\/\/global-hookah.com\/es\/producto\/cartoon-custom-handmade-bong-wholesale\/#breadcrumb","itemListElement":[{"@type":"ListItem","position":1,"name":"Home","item":"https:\/\/global-hookah.com\/"},{"@type":"ListItem","position":2,"name":"Shop","item":"https:\/\/global-hookah.com\/shop\/"},{"@type":"ListItem","position":3,"name":"Cartoon Custom Handmade Bong Wholesale"}]},{"@type":"WebSite","@id":"https:\/\/global-hookah.com\/#website","url":"https:\/\/global-hookah.com\/","name":"Globale Wasserpfeife","description":"Globale Wasserpfeife","publisher":{"@id":"https:\/\/global-hookah.com\/#organization"},"potentialAction":[{"@type":"SearchAction","target":{"@type":"EntryPoint","urlTemplate":"https:\/\/global-hookah.com\/?s={search_term_string}"},"query-input":{"@type":"PropertyValueSpecification","valueRequired":true,"valueName":"search_term_string"}}],"inLanguage":"de"},{"@type":"Organization","@id":"https:\/\/global-hookah.com\/#organization","name":"Globale Wasserpfeife","url":"https:\/\/global-hookah.com\/","logo":{"@type":"ImageObject","inLanguage":"de","@id":"https:\/\/global-hookah.com\/#\/schema\/logo\/image\/","url":"https:\/\/global-hookah.com\/wp-content\/uploads\/2021\/10\/cropped-fgg.png","contentUrl":"https:\/\/global-hookah.com\/wp-content\/uploads\/2021\/10\/cropped-fgg.png","width":512,"height":512,"caption":"Global Hookah"},"image":{"@id":"https:\/\/global-hookah.com\/#\/schema\/logo\/image\/"}}]}},"_links":{"self":[{"href":"https:\/\/global-hookah.com\/de\/wp-json\/wp\/v2\/product\/12643","targetHints":{"allow":["GET"]}}],"collection":[{"href":"https:\/\/global-hookah.com\/de\/wp-json\/wp\/v2\/product"}],"about":[{"href":"https:\/\/global-hookah.com\/de\/wp-json\/wp\/v2\/types\/product"}],"replies":[{"embeddable":true,"href":"https:\/\/global-hookah.com\/de\/wp-json\/wp\/v2\/comments?post=12643"}],"version-history":[{"count":0,"href":"https:\/\/global-hookah.com\/de\/wp-json\/wp\/v2\/product\/12643\/revisions"}],"wp:featuredmedia":[{"embeddable":true,"href":"https:\/\/global-hookah.com\/de\/wp-json\/wp\/v2\/media\/12650"}],"wp:attachment":[{"href":"https:\/\/global-hookah.com\/de\/wp-json\/wp\/v2\/media?parent=12643"}],"wp:term":[{"taxonomy":"product_brand","embeddable":true,"href":"https:\/\/global-hookah.com\/de\/wp-json\/wp\/v2\/product_brand?post=12643"},{"taxonomy":"product_cat","embeddable":true,"href":"https:\/\/global-hookah.com\/de\/wp-json\/wp\/v2\/product_cat?post=12643"},{"taxonomy":"product_tag","embeddable":true,"href":"https:\/\/global-hookah.com\/de\/wp-json\/wp\/v2\/product_tag?post=12643"}],"curies":[{"name":"wp","href":"https:\/\/api.w.org\/{rel}","templated":true}]}}