{"id":12655,"date":"2023-06-23T03:53:35","date_gmt":"2023-06-23T03:53:35","guid":{"rendered":"https:\/\/global-hookah.com\/?post_type=product&#038;p=12655"},"modified":"2023-06-24T08:41:15","modified_gmt":"2023-06-24T08:41:15","slug":"5-9-inch-pink-mini-bong-wholesale","status":"publish","type":"product","link":"https:\/\/global-hookah.com\/de\/produkt\/5-9-inch-pink-mini-bong-wholesale\/","title":{"rendered":"5,9 Zoll Rosa Mini Bong Gro\u00dfhandel"},"content":{"rendered":"<p>Aus verbessertem, dickerem Material hergestellt, ist unser <strong>Mini-Bong<\/strong> ist auf Langlebigkeit ausgelegt. Trotz seiner zierlichen Gr\u00f6\u00dfe liefert er jedes Mal die sanftesten Treffer.<\/p>\n<p>Wir haben unseren Kunden zugeh\u00f6rt und das Design erheblich verbessert. Unser<strong> 5,9-Zoll-Mini-Bong<\/strong> hat jetzt einen neu gestalteten Weg von der Schale zum <a href=\"https:\/\/global-hookah.com\/\">Mundst\u00fcck<\/a>Dadurch wird es einfacher, abgestandenen Rauch zu entfernen. Dar\u00fcber hinaus haben wir eine wesentliche \u00c4nderung vorgenommen, indem wir die Schale und den Stiel getrennt haben. Dies erm\u00f6glicht ein sanfteres, weniger raues und lungenschonendes Raucherlebnis.<\/p>\n<p>Endlich ist die Haltbarkeit kein Thema mehr. Wir haben unsere <strong>Mini-Bong<\/strong> mit dickerem Glas, um sicherzustellen, dass es einer regelm\u00e4\u00dfigen Nutzung standh\u00e4lt, ohne seine bezaubernde \u00c4sthetik zu beeintr\u00e4chtigen. Klein in der Gr\u00f6\u00dfe, aber gro\u00df in der Leistung, unser <strong>5,9 Zoll Rosa Mini Bong Gro\u00dfhandel<\/strong> eignet sich sowohl f\u00fcr Einzelsitzungen als auch f\u00fcr Gruppentreffen. Erleben Sie den Unterschied noch heute.<\/p>","protected":false},"excerpt":{"rendered":"<p>Unsere Mini-Bong besteht aus einem verbesserten, dickeren Material und ist f\u00fcr eine lange Lebensdauer ausgelegt. Trotz ihrer zierlichen Gr\u00f6\u00dfe liefert sie die sanftesten<\/p>","protected":false},"featured_media":12666,"comment_status":"open","ping_status":"closed","template":"","meta":{"iawp_total_views":12,"_joinchat":[]},"product_brand":[],"product_cat":[249],"product_tag":[],"class_list":{"0":"post-12655","1":"product","2":"type-product","3":"status-publish","4":"has-post-thumbnail","6":"product_cat-bong-wholesale","8":"first","9":"instock","10":"shipping-taxable","11":"product-type-simple"},"yoast_head":"<!-- This site is optimized with the Yoast SEO Premium plugin v24.7 (Yoast SEO v26.8) - https:\/\/yoast.com\/product\/yoast-seo-premium-wordpress\/ -->\n<title>5.9 Inch Pink Mini Bong Wholesale - Global Hookah<\/title>\n<meta name=\"robots\" content=\"index, follow, max-snippet:-1, max-image-preview:large, max-video-preview:-1\" \/>\n<link rel=\"canonical\" href=\"https:\/\/global-hookah.com\/de\/produkt\/5-9-inch-pink-mini-bong-wholesale\/\" \/>\n<meta property=\"og:locale\" content=\"de_DE\" \/>\n<meta property=\"og:type\" content=\"article\" \/>\n<meta property=\"og:title\" content=\"5.9 Inch Pink Mini Bong Wholesale\" \/>\n<meta property=\"og:description\" content=\"Made with enhanced, thicker material, our mini bong is designed to last. Despite its petite size, it delivers the smoothest\" \/>\n<meta property=\"og:url\" content=\"https:\/\/global-hookah.com\/de\/produkt\/5-9-inch-pink-mini-bong-wholesale\/\" \/>\n<meta property=\"og:site_name\" content=\"Global Hookah\" \/>\n<meta property=\"article:modified_time\" content=\"2023-06-24T08:41:15+00:00\" \/>\n<meta property=\"og:image\" content=\"https:\/\/global-hookah.com\/wp-content\/uploads\/2023\/06\/740effefac6bc8d6e758173cdee2cc59.jpg\" \/>\n\t<meta property=\"og:image:width\" content=\"1600\" \/>\n\t<meta property=\"og:image:height\" content=\"1600\" \/>\n\t<meta property=\"og:image:type\" content=\"image\/jpeg\" \/>\n<meta name=\"twitter:card\" content=\"summary_large_image\" \/>\n<meta name=\"twitter:label1\" content=\"Gesch\u00e4tzte Lesezeit\" \/>\n\t<meta name=\"twitter:data1\" content=\"1\u00a0Minute\" \/>\n<script type=\"application\/ld+json\" class=\"yoast-schema-graph\">{\"@context\":\"https:\/\/schema.org\",\"@graph\":[{\"@type\":\"WebPage\",\"@id\":\"https:\/\/global-hookah.com\/product\/5-9-inch-pink-mini-bong-wholesale\/\",\"url\":\"https:\/\/global-hookah.com\/product\/5-9-inch-pink-mini-bong-wholesale\/\",\"name\":\"5.9 Inch Pink Mini Bong Wholesale - Global Hookah\",\"isPartOf\":{\"@id\":\"https:\/\/global-hookah.com\/#website\"},\"primaryImageOfPage\":{\"@id\":\"https:\/\/global-hookah.com\/product\/5-9-inch-pink-mini-bong-wholesale\/#primaryimage\"},\"image\":{\"@id\":\"https:\/\/global-hookah.com\/product\/5-9-inch-pink-mini-bong-wholesale\/#primaryimage\"},\"thumbnailUrl\":\"https:\/\/global-hookah.com\/wp-content\/uploads\/2023\/06\/740effefac6bc8d6e758173cdee2cc59.jpg\",\"datePublished\":\"2023-06-23T03:53:35+00:00\",\"dateModified\":\"2023-06-24T08:41:15+00:00\",\"breadcrumb\":{\"@id\":\"https:\/\/global-hookah.com\/product\/5-9-inch-pink-mini-bong-wholesale\/#breadcrumb\"},\"inLanguage\":\"de\",\"potentialAction\":[{\"@type\":\"ReadAction\",\"target\":[\"https:\/\/global-hookah.com\/product\/5-9-inch-pink-mini-bong-wholesale\/\"]}]},{\"@type\":\"ImageObject\",\"inLanguage\":\"de\",\"@id\":\"https:\/\/global-hookah.com\/product\/5-9-inch-pink-mini-bong-wholesale\/#primaryimage\",\"url\":\"https:\/\/global-hookah.com\/wp-content\/uploads\/2023\/06\/740effefac6bc8d6e758173cdee2cc59.jpg\",\"contentUrl\":\"https:\/\/global-hookah.com\/wp-content\/uploads\/2023\/06\/740effefac6bc8d6e758173cdee2cc59.jpg\",\"width\":1600,\"height\":1600,\"caption\":\"5.9 Inch Pink Mini Bong Wholesale\"},{\"@type\":\"BreadcrumbList\",\"@id\":\"https:\/\/global-hookah.com\/product\/5-9-inch-pink-mini-bong-wholesale\/#breadcrumb\",\"itemListElement\":[{\"@type\":\"ListItem\",\"position\":1,\"name\":\"Home\",\"item\":\"https:\/\/global-hookah.com\/\"},{\"@type\":\"ListItem\",\"position\":2,\"name\":\"Shop\",\"item\":\"https:\/\/global-hookah.com\/shop\/\"},{\"@type\":\"ListItem\",\"position\":3,\"name\":\"5.9 Inch Pink Mini Bong Wholesale\"}]},{\"@type\":\"WebSite\",\"@id\":\"https:\/\/global-hookah.com\/#website\",\"url\":\"https:\/\/global-hookah.com\/\",\"name\":\"Global Hookah\",\"description\":\"Global Hookah\",\"publisher\":{\"@id\":\"https:\/\/global-hookah.com\/#organization\"},\"potentialAction\":[{\"@type\":\"SearchAction\",\"target\":{\"@type\":\"EntryPoint\",\"urlTemplate\":\"https:\/\/global-hookah.com\/?s={search_term_string}\"},\"query-input\":{\"@type\":\"PropertyValueSpecification\",\"valueRequired\":true,\"valueName\":\"search_term_string\"}}],\"inLanguage\":\"de\"},{\"@type\":\"Organization\",\"@id\":\"https:\/\/global-hookah.com\/#organization\",\"name\":\"Global Hookah\",\"url\":\"https:\/\/global-hookah.com\/\",\"logo\":{\"@type\":\"ImageObject\",\"inLanguage\":\"de\",\"@id\":\"https:\/\/global-hookah.com\/#\/schema\/logo\/image\/\",\"url\":\"https:\/\/global-hookah.com\/wp-content\/uploads\/2021\/10\/cropped-fgg.png\",\"contentUrl\":\"https:\/\/global-hookah.com\/wp-content\/uploads\/2021\/10\/cropped-fgg.png\",\"width\":512,\"height\":512,\"caption\":\"Global Hookah\"},\"image\":{\"@id\":\"https:\/\/global-hookah.com\/#\/schema\/logo\/image\/\"}}]}<\/script>\n<!-- \/ Yoast SEO Premium plugin. -->","yoast_head_json":{"title":"5,9 Zoll rosa Mini Bong Gro\u00dfhandel - Global Hookah","robots":{"index":"index","follow":"follow","max-snippet":"max-snippet:-1","max-image-preview":"max-image-preview:large","max-video-preview":"max-video-preview:-1"},"canonical":"https:\/\/global-hookah.com\/de\/produkt\/5-9-inch-pink-mini-bong-wholesale\/","og_locale":"de_DE","og_type":"article","og_title":"5.9 Inch Pink Mini Bong Wholesale","og_description":"Made with enhanced, thicker material, our mini bong is designed to last. Despite its petite size, it delivers the smoothest","og_url":"https:\/\/global-hookah.com\/de\/produkt\/5-9-inch-pink-mini-bong-wholesale\/","og_site_name":"Global Hookah","article_modified_time":"2023-06-24T08:41:15+00:00","og_image":[{"width":1600,"height":1600,"url":"https:\/\/global-hookah.com\/wp-content\/uploads\/2023\/06\/740effefac6bc8d6e758173cdee2cc59.jpg","type":"image\/jpeg"}],"twitter_card":"summary_large_image","twitter_misc":{"Gesch\u00e4tzte Lesezeit":"1\u00a0Minute"},"schema":{"@context":"https:\/\/schema.org","@graph":[{"@type":"WebPage","@id":"https:\/\/global-hookah.com\/product\/5-9-inch-pink-mini-bong-wholesale\/","url":"https:\/\/global-hookah.com\/product\/5-9-inch-pink-mini-bong-wholesale\/","name":"5,9 Zoll rosa Mini Bong Gro\u00dfhandel - Global Hookah","isPartOf":{"@id":"https:\/\/global-hookah.com\/#website"},"primaryImageOfPage":{"@id":"https:\/\/global-hookah.com\/product\/5-9-inch-pink-mini-bong-wholesale\/#primaryimage"},"image":{"@id":"https:\/\/global-hookah.com\/product\/5-9-inch-pink-mini-bong-wholesale\/#primaryimage"},"thumbnailUrl":"https:\/\/global-hookah.com\/wp-content\/uploads\/2023\/06\/740effefac6bc8d6e758173cdee2cc59.jpg","datePublished":"2023-06-23T03:53:35+00:00","dateModified":"2023-06-24T08:41:15+00:00","breadcrumb":{"@id":"https:\/\/global-hookah.com\/product\/5-9-inch-pink-mini-bong-wholesale\/#breadcrumb"},"inLanguage":"de","potentialAction":[{"@type":"ReadAction","target":["https:\/\/global-hookah.com\/product\/5-9-inch-pink-mini-bong-wholesale\/"]}]},{"@type":"ImageObject","inLanguage":"de","@id":"https:\/\/global-hookah.com\/product\/5-9-inch-pink-mini-bong-wholesale\/#primaryimage","url":"https:\/\/global-hookah.com\/wp-content\/uploads\/2023\/06\/740effefac6bc8d6e758173cdee2cc59.jpg","contentUrl":"https:\/\/global-hookah.com\/wp-content\/uploads\/2023\/06\/740effefac6bc8d6e758173cdee2cc59.jpg","width":1600,"height":1600,"caption":"5.9 Inch Pink Mini Bong Wholesale"},{"@type":"BreadcrumbList","@id":"https:\/\/global-hookah.com\/product\/5-9-inch-pink-mini-bong-wholesale\/#breadcrumb","itemListElement":[{"@type":"ListItem","position":1,"name":"Home","item":"https:\/\/global-hookah.com\/"},{"@type":"ListItem","position":2,"name":"Shop","item":"https:\/\/global-hookah.com\/shop\/"},{"@type":"ListItem","position":3,"name":"5.9 Inch Pink Mini Bong Wholesale"}]},{"@type":"WebSite","@id":"https:\/\/global-hookah.com\/#website","url":"https:\/\/global-hookah.com\/","name":"Globale Wasserpfeife","description":"Globale Wasserpfeife","publisher":{"@id":"https:\/\/global-hookah.com\/#organization"},"potentialAction":[{"@type":"SearchAction","target":{"@type":"EntryPoint","urlTemplate":"https:\/\/global-hookah.com\/?s={search_term_string}"},"query-input":{"@type":"PropertyValueSpecification","valueRequired":true,"valueName":"search_term_string"}}],"inLanguage":"de"},{"@type":"Organization","@id":"https:\/\/global-hookah.com\/#organization","name":"Globale Wasserpfeife","url":"https:\/\/global-hookah.com\/","logo":{"@type":"ImageObject","inLanguage":"de","@id":"https:\/\/global-hookah.com\/#\/schema\/logo\/image\/","url":"https:\/\/global-hookah.com\/wp-content\/uploads\/2021\/10\/cropped-fgg.png","contentUrl":"https:\/\/global-hookah.com\/wp-content\/uploads\/2021\/10\/cropped-fgg.png","width":512,"height":512,"caption":"Global Hookah"},"image":{"@id":"https:\/\/global-hookah.com\/#\/schema\/logo\/image\/"}}]}},"_links":{"self":[{"href":"https:\/\/global-hookah.com\/de\/wp-json\/wp\/v2\/product\/12655","targetHints":{"allow":["GET"]}}],"collection":[{"href":"https:\/\/global-hookah.com\/de\/wp-json\/wp\/v2\/product"}],"about":[{"href":"https:\/\/global-hookah.com\/de\/wp-json\/wp\/v2\/types\/product"}],"replies":[{"embeddable":true,"href":"https:\/\/global-hookah.com\/de\/wp-json\/wp\/v2\/comments?post=12655"}],"version-history":[{"count":0,"href":"https:\/\/global-hookah.com\/de\/wp-json\/wp\/v2\/product\/12655\/revisions"}],"wp:featuredmedia":[{"embeddable":true,"href":"https:\/\/global-hookah.com\/de\/wp-json\/wp\/v2\/media\/12666"}],"wp:attachment":[{"href":"https:\/\/global-hookah.com\/de\/wp-json\/wp\/v2\/media?parent=12655"}],"wp:term":[{"taxonomy":"product_brand","embeddable":true,"href":"https:\/\/global-hookah.com\/de\/wp-json\/wp\/v2\/product_brand?post=12655"},{"taxonomy":"product_cat","embeddable":true,"href":"https:\/\/global-hookah.com\/de\/wp-json\/wp\/v2\/product_cat?post=12655"},{"taxonomy":"product_tag","embeddable":true,"href":"https:\/\/global-hookah.com\/de\/wp-json\/wp\/v2\/product_tag?post=12655"}],"curies":[{"name":"wp","href":"https:\/\/api.w.org\/{rel}","templated":true}]}}