{"id":12676,"date":"2023-06-23T05:29:22","date_gmt":"2023-06-23T05:29:22","guid":{"rendered":"https:\/\/global-hookah.com\/?post_type=product&#038;p=12676"},"modified":"2024-06-03T03:11:31","modified_gmt":"2024-06-03T03:11:31","slug":"9-handmade-thick-glass-water-pipe-wholesale","status":"publish","type":"product","link":"https:\/\/global-hookah.com\/de\/produkt\/9-handmade-thick-glass-water-pipe-wholesale\/","title":{"rendered":"9\u2033 handgefertigte dicke Glas Wasserpfeife Gro\u00dfhandel"},"content":{"rendered":"<p>Unser <strong>9\u2033 handgefertigte dicke Glas Wasserpfeife<\/strong> verf\u00fcgt \u00fcber ein stabileres Design aus dickerem, haltbarerem Glasmaterial, das bruchsicher ist. Die Schale wurde neu gestaltet, damit sie sich leicht und problemlos abnehmen l\u00e4sst, ohne dass die Dichtigkeit w\u00e4hrend des Gebrauchs beeintr\u00e4chtigt wird. Der Stiel sitzt jetzt fester, was ein Wackeln verhindert und ein angenehmeres Erlebnis garantiert.<\/p>\n<p>Wir haben auf unsere Kunden geh\u00f6rt und die Position des unteren Vorbaus gesenkt, um eine optimale Nutzung zu erm\u00f6glichen, ohne dass der Vorbau nach hinten gekippt werden muss. <a href=\"https:\/\/global-hookah.com\/\">Bong<\/a>. Au\u00dferdem wurde der Abfluss verl\u00e4ngert, um zu verhindern, dass Wasser in den Mund gelangt, und um das Erlebnis zu verbessern.<\/p>\n<p>Als L\u00f6sung f\u00fcr die leicht zerbrechlichen Schalen haben wir ihr Material verst\u00e4rkt, aber wir liefern auch zus\u00e4tzliche Schalen im Paket, um eine l\u00e4ngere Lebensdauer Ihrer<strong> Wasserleitung<\/strong>. Dies ist Ihr neuer Lieblings-Big-Hitter, der mit seiner perfekten Gr\u00f6\u00dfe und verbesserten Haltbarkeit f\u00fcr sanfte Hits sorgt. Erleben Sie hochwertiges Rauchen mit unserer <strong>9\u2033 handgefertigte dicke Glas Wasserpfeife<\/strong>. Ihr hoher Lebensstandard erwartet Sie! Wenn Sie interessiert sind an<strong> Gro\u00dfhandel 9\u2033 Handmade dickes Glas Wasserpfeife<\/strong>, bitte kontaktieren Sie uns<\/p>\n<p>&nbsp;<\/p>","protected":false},"excerpt":{"rendered":"<p>Unsere 9\u2033 handgefertigte Dickglas-Wasserpfeife verf\u00fcgt \u00fcber ein stabileres Design aus dickerem, haltbarerem Glasmaterial, das widerstandsf\u00e4higer<\/p>","protected":false},"featured_media":12678,"comment_status":"open","ping_status":"closed","template":"","meta":{"iawp_total_views":4,"_joinchat":[]},"product_brand":[],"product_cat":[249],"product_tag":[],"class_list":{"0":"post-12676","1":"product","2":"type-product","3":"status-publish","4":"has-post-thumbnail","6":"product_cat-bong-wholesale","8":"first","9":"instock","10":"shipping-taxable","11":"product-type-simple"},"yoast_head":"<!-- This site is optimized with the Yoast SEO Premium plugin v24.7 (Yoast SEO v26.8) - https:\/\/yoast.com\/product\/yoast-seo-premium-wordpress\/ -->\n<title>9&quot; Handmade Thick Glass Water Pipe Wholesale - Global Hookah<\/title>\n<meta name=\"robots\" content=\"index, follow, max-snippet:-1, max-image-preview:large, max-video-preview:-1\" \/>\n<link rel=\"canonical\" href=\"https:\/\/global-hookah.com\/de\/produkt\/9-handmade-thick-glass-water-pipe-wholesale\/\" \/>\n<meta property=\"og:locale\" content=\"de_DE\" \/>\n<meta property=\"og:type\" content=\"article\" \/>\n<meta property=\"og:title\" content=\"9&quot; Handmade Thick Glass Water Pipe Wholesale\" \/>\n<meta property=\"og:description\" content=\"Our 9\u2033 Handmade Thick Glass Water Pipe boasts a sturdier design made with thicker, more durable glass material that resists\" \/>\n<meta property=\"og:url\" content=\"https:\/\/global-hookah.com\/de\/produkt\/9-handmade-thick-glass-water-pipe-wholesale\/\" \/>\n<meta property=\"og:site_name\" content=\"Global Hookah\" \/>\n<meta property=\"article:modified_time\" content=\"2024-06-03T03:11:31+00:00\" \/>\n<meta property=\"og:image\" content=\"https:\/\/global-hookah.com\/wp-content\/uploads\/2023\/06\/3c247ee13372b56a465c833b4463b8cb.jpg\" \/>\n\t<meta property=\"og:image:width\" content=\"1500\" \/>\n\t<meta property=\"og:image:height\" content=\"1500\" \/>\n\t<meta property=\"og:image:type\" content=\"image\/jpeg\" \/>\n<meta name=\"twitter:card\" content=\"summary_large_image\" \/>\n<meta name=\"twitter:label1\" content=\"Gesch\u00e4tzte Lesezeit\" \/>\n\t<meta name=\"twitter:data1\" content=\"1\u00a0Minute\" \/>\n<script type=\"application\/ld+json\" class=\"yoast-schema-graph\">{\"@context\":\"https:\/\/schema.org\",\"@graph\":[{\"@type\":\"WebPage\",\"@id\":\"https:\/\/global-hookah.com\/product\/9-handmade-thick-glass-water-pipe-wholesale\/\",\"url\":\"https:\/\/global-hookah.com\/product\/9-handmade-thick-glass-water-pipe-wholesale\/\",\"name\":\"9\\\" Handmade Thick Glass Water Pipe Wholesale - Global Hookah\",\"isPartOf\":{\"@id\":\"https:\/\/global-hookah.com\/#website\"},\"primaryImageOfPage\":{\"@id\":\"https:\/\/global-hookah.com\/product\/9-handmade-thick-glass-water-pipe-wholesale\/#primaryimage\"},\"image\":{\"@id\":\"https:\/\/global-hookah.com\/product\/9-handmade-thick-glass-water-pipe-wholesale\/#primaryimage\"},\"thumbnailUrl\":\"https:\/\/global-hookah.com\/wp-content\/uploads\/2023\/06\/3c247ee13372b56a465c833b4463b8cb.jpg\",\"datePublished\":\"2023-06-23T05:29:22+00:00\",\"dateModified\":\"2024-06-03T03:11:31+00:00\",\"breadcrumb\":{\"@id\":\"https:\/\/global-hookah.com\/product\/9-handmade-thick-glass-water-pipe-wholesale\/#breadcrumb\"},\"inLanguage\":\"de\",\"potentialAction\":[{\"@type\":\"ReadAction\",\"target\":[\"https:\/\/global-hookah.com\/product\/9-handmade-thick-glass-water-pipe-wholesale\/\"]}]},{\"@type\":\"ImageObject\",\"inLanguage\":\"de\",\"@id\":\"https:\/\/global-hookah.com\/product\/9-handmade-thick-glass-water-pipe-wholesale\/#primaryimage\",\"url\":\"https:\/\/global-hookah.com\/wp-content\/uploads\/2023\/06\/3c247ee13372b56a465c833b4463b8cb.jpg\",\"contentUrl\":\"https:\/\/global-hookah.com\/wp-content\/uploads\/2023\/06\/3c247ee13372b56a465c833b4463b8cb.jpg\",\"width\":1500,\"height\":1500,\"caption\":\"Glass Water Pipe Wholesale\"},{\"@type\":\"BreadcrumbList\",\"@id\":\"https:\/\/global-hookah.com\/product\/9-handmade-thick-glass-water-pipe-wholesale\/#breadcrumb\",\"itemListElement\":[{\"@type\":\"ListItem\",\"position\":1,\"name\":\"Home\",\"item\":\"https:\/\/global-hookah.com\/\"},{\"@type\":\"ListItem\",\"position\":2,\"name\":\"Shop\",\"item\":\"https:\/\/global-hookah.com\/shop\/\"},{\"@type\":\"ListItem\",\"position\":3,\"name\":\"9&#8243; Handmade Thick Glass Water Pipe Wholesale\"}]},{\"@type\":\"WebSite\",\"@id\":\"https:\/\/global-hookah.com\/#website\",\"url\":\"https:\/\/global-hookah.com\/\",\"name\":\"Global Hookah\",\"description\":\"Global Hookah\",\"publisher\":{\"@id\":\"https:\/\/global-hookah.com\/#organization\"},\"potentialAction\":[{\"@type\":\"SearchAction\",\"target\":{\"@type\":\"EntryPoint\",\"urlTemplate\":\"https:\/\/global-hookah.com\/?s={search_term_string}\"},\"query-input\":{\"@type\":\"PropertyValueSpecification\",\"valueRequired\":true,\"valueName\":\"search_term_string\"}}],\"inLanguage\":\"de\"},{\"@type\":\"Organization\",\"@id\":\"https:\/\/global-hookah.com\/#organization\",\"name\":\"Global Hookah\",\"url\":\"https:\/\/global-hookah.com\/\",\"logo\":{\"@type\":\"ImageObject\",\"inLanguage\":\"de\",\"@id\":\"https:\/\/global-hookah.com\/#\/schema\/logo\/image\/\",\"url\":\"https:\/\/global-hookah.com\/wp-content\/uploads\/2021\/10\/cropped-fgg.png\",\"contentUrl\":\"https:\/\/global-hookah.com\/wp-content\/uploads\/2021\/10\/cropped-fgg.png\",\"width\":512,\"height\":512,\"caption\":\"Global Hookah\"},\"image\":{\"@id\":\"https:\/\/global-hookah.com\/#\/schema\/logo\/image\/\"}}]}<\/script>\n<!-- \/ Yoast SEO Premium plugin. -->","yoast_head_json":{"title":"9\" handgefertigte dicke Glas Wasserpfeife Gro\u00dfhandel - Global Hookah","robots":{"index":"index","follow":"follow","max-snippet":"max-snippet:-1","max-image-preview":"max-image-preview:large","max-video-preview":"max-video-preview:-1"},"canonical":"https:\/\/global-hookah.com\/de\/produkt\/9-handmade-thick-glass-water-pipe-wholesale\/","og_locale":"de_DE","og_type":"article","og_title":"9\" Handmade Thick Glass Water Pipe Wholesale","og_description":"Our 9\u2033 Handmade Thick Glass Water Pipe boasts a sturdier design made with thicker, more durable glass material that resists","og_url":"https:\/\/global-hookah.com\/de\/produkt\/9-handmade-thick-glass-water-pipe-wholesale\/","og_site_name":"Global Hookah","article_modified_time":"2024-06-03T03:11:31+00:00","og_image":[{"width":1500,"height":1500,"url":"https:\/\/global-hookah.com\/wp-content\/uploads\/2023\/06\/3c247ee13372b56a465c833b4463b8cb.jpg","type":"image\/jpeg"}],"twitter_card":"summary_large_image","twitter_misc":{"Gesch\u00e4tzte Lesezeit":"1\u00a0Minute"},"schema":{"@context":"https:\/\/schema.org","@graph":[{"@type":"WebPage","@id":"https:\/\/global-hookah.com\/product\/9-handmade-thick-glass-water-pipe-wholesale\/","url":"https:\/\/global-hookah.com\/product\/9-handmade-thick-glass-water-pipe-wholesale\/","name":"9\" handgefertigte dicke Glas Wasserpfeife Gro\u00dfhandel - Global Hookah","isPartOf":{"@id":"https:\/\/global-hookah.com\/#website"},"primaryImageOfPage":{"@id":"https:\/\/global-hookah.com\/product\/9-handmade-thick-glass-water-pipe-wholesale\/#primaryimage"},"image":{"@id":"https:\/\/global-hookah.com\/product\/9-handmade-thick-glass-water-pipe-wholesale\/#primaryimage"},"thumbnailUrl":"https:\/\/global-hookah.com\/wp-content\/uploads\/2023\/06\/3c247ee13372b56a465c833b4463b8cb.jpg","datePublished":"2023-06-23T05:29:22+00:00","dateModified":"2024-06-03T03:11:31+00:00","breadcrumb":{"@id":"https:\/\/global-hookah.com\/product\/9-handmade-thick-glass-water-pipe-wholesale\/#breadcrumb"},"inLanguage":"de","potentialAction":[{"@type":"ReadAction","target":["https:\/\/global-hookah.com\/product\/9-handmade-thick-glass-water-pipe-wholesale\/"]}]},{"@type":"ImageObject","inLanguage":"de","@id":"https:\/\/global-hookah.com\/product\/9-handmade-thick-glass-water-pipe-wholesale\/#primaryimage","url":"https:\/\/global-hookah.com\/wp-content\/uploads\/2023\/06\/3c247ee13372b56a465c833b4463b8cb.jpg","contentUrl":"https:\/\/global-hookah.com\/wp-content\/uploads\/2023\/06\/3c247ee13372b56a465c833b4463b8cb.jpg","width":1500,"height":1500,"caption":"Glass Water Pipe Wholesale"},{"@type":"BreadcrumbList","@id":"https:\/\/global-hookah.com\/product\/9-handmade-thick-glass-water-pipe-wholesale\/#breadcrumb","itemListElement":[{"@type":"ListItem","position":1,"name":"Home","item":"https:\/\/global-hookah.com\/"},{"@type":"ListItem","position":2,"name":"Shop","item":"https:\/\/global-hookah.com\/shop\/"},{"@type":"ListItem","position":3,"name":"9&#8243; Handmade Thick Glass Water Pipe Wholesale"}]},{"@type":"WebSite","@id":"https:\/\/global-hookah.com\/#website","url":"https:\/\/global-hookah.com\/","name":"Globale Wasserpfeife","description":"Globale Wasserpfeife","publisher":{"@id":"https:\/\/global-hookah.com\/#organization"},"potentialAction":[{"@type":"SearchAction","target":{"@type":"EntryPoint","urlTemplate":"https:\/\/global-hookah.com\/?s={search_term_string}"},"query-input":{"@type":"PropertyValueSpecification","valueRequired":true,"valueName":"search_term_string"}}],"inLanguage":"de"},{"@type":"Organization","@id":"https:\/\/global-hookah.com\/#organization","name":"Globale Wasserpfeife","url":"https:\/\/global-hookah.com\/","logo":{"@type":"ImageObject","inLanguage":"de","@id":"https:\/\/global-hookah.com\/#\/schema\/logo\/image\/","url":"https:\/\/global-hookah.com\/wp-content\/uploads\/2021\/10\/cropped-fgg.png","contentUrl":"https:\/\/global-hookah.com\/wp-content\/uploads\/2021\/10\/cropped-fgg.png","width":512,"height":512,"caption":"Global Hookah"},"image":{"@id":"https:\/\/global-hookah.com\/#\/schema\/logo\/image\/"}}]}},"_links":{"self":[{"href":"https:\/\/global-hookah.com\/de\/wp-json\/wp\/v2\/product\/12676","targetHints":{"allow":["GET"]}}],"collection":[{"href":"https:\/\/global-hookah.com\/de\/wp-json\/wp\/v2\/product"}],"about":[{"href":"https:\/\/global-hookah.com\/de\/wp-json\/wp\/v2\/types\/product"}],"replies":[{"embeddable":true,"href":"https:\/\/global-hookah.com\/de\/wp-json\/wp\/v2\/comments?post=12676"}],"version-history":[{"count":0,"href":"https:\/\/global-hookah.com\/de\/wp-json\/wp\/v2\/product\/12676\/revisions"}],"wp:featuredmedia":[{"embeddable":true,"href":"https:\/\/global-hookah.com\/de\/wp-json\/wp\/v2\/media\/12678"}],"wp:attachment":[{"href":"https:\/\/global-hookah.com\/de\/wp-json\/wp\/v2\/media?parent=12676"}],"wp:term":[{"taxonomy":"product_brand","embeddable":true,"href":"https:\/\/global-hookah.com\/de\/wp-json\/wp\/v2\/product_brand?post=12676"},{"taxonomy":"product_cat","embeddable":true,"href":"https:\/\/global-hookah.com\/de\/wp-json\/wp\/v2\/product_cat?post=12676"},{"taxonomy":"product_tag","embeddable":true,"href":"https:\/\/global-hookah.com\/de\/wp-json\/wp\/v2\/product_tag?post=12676"}],"curies":[{"name":"wp","href":"https:\/\/api.w.org\/{rel}","templated":true}]}}