{"id":12798,"date":"2023-07-10T02:57:46","date_gmt":"2023-07-10T02:57:46","guid":{"rendered":"https:\/\/global-hookah.com\/?post_type=product&#038;p=12798"},"modified":"2024-01-12T03:56:07","modified_gmt":"2024-01-12T03:56:07","slug":"single-pipe-large-hookah-set","status":"publish","type":"product","link":"https:\/\/global-hookah.com\/de\/produkt\/single-pipe-large-hookah-set\/","title":{"rendered":"Einzelne Pfeife Gro\u00dfes Hookah Set"},"content":{"rendered":"<p>Diese <strong>Einzelne Pfeife Gro\u00dfes Hookah Set<\/strong> ist aus Aluminium gefertigt, das unglaublich robust und langlebig ist. Es hat eine l\u00e4ngere Nutzungsdauer. Sie k\u00f6nnen den Rauch beobachten, wie er durch die Wasserpfeife zieht, da diese <strong>Gro\u00dfes Wasserpfeifen-Set<\/strong> enth\u00e4lt einen Glasfu\u00df und einen Stiel. F\u00fcllen Sie einfach den Sockel des Shisha-Sets mit Wasser oder Eis, geben Sie Ihr Lieblingsgetr\u00e4nk in den Glasstiel und z\u00fcnden Sie die Shisha an. Der Rauch tritt durch das Mundst\u00fcck der Wasserpfeife in Ihren Mund ein und zieht durch die Pfeife! Der Rauch verl\u00e4sst den Schlauch, wenn Sie durch das Mundst\u00fcck und durch die Pfeife ausatmen!<\/p>\n<p><strong>extra gro\u00dfe Wasserpfeife<\/strong> hat ein extra breites Mundst\u00fcck, das das Rauchen bequemer und angenehmer macht. Im Gegensatz zu anderen Wasserpfeifen kann diese bis zu 2 Liter Wasser speichern, so dass Sie es nicht so h\u00e4ufig nachf\u00fcllen m\u00fcssen. Der Edelstahlstiel hat eine gro\u00dfe \u00d6ffnung am Boden und ist nach jedem Gebrauch einfach zu reinigen. Das Single Pipe Large Hookah Set ist eines der <a href=\"https:\/\/global-hookah.com\/\">beliebteste Wasserpfeifen<\/a> in unserer Sammlung.<\/p>\n<p>Mit einer H\u00f6he von 60 cm ist dieses Shisha-Set nur f\u00fcr den Gebrauch in Innenr\u00e4umen geeignet. Mit einem Bodendurchmesser von 23 cm kann es eine betr\u00e4chtliche Menge Wasser aufnehmen, ohne dass es beim Rauchen schnell verdunstet.<\/p>\n<p>Diese<strong> Stand-Whookah-Set<\/strong> wird alle Ihre Anforderungen erf\u00fcllen, unabh\u00e4ngig von der Art der Shisha, die Sie rauchen m\u00f6chten, da es eine Aluminiumschale und einige Aufs\u00e4tze wie Zangen, Kohlezangen, Schl\u00e4uche, B\u00fcrsten usw. enth\u00e4lt.<\/p>","protected":false},"excerpt":{"rendered":"<p>Dieses Single Pipe Large Hookah Set ist aus Aluminium gefertigt, das unglaublich stark und langlebig ist. Es hat eine l\u00e4ngere<\/p>","protected":false},"featured_media":12800,"comment_status":"open","ping_status":"closed","template":"","meta":{"iawp_total_views":2,"_joinchat":[]},"product_brand":[],"product_cat":[415,560],"product_tag":[],"class_list":{"0":"post-12798","1":"product","2":"type-product","3":"status-publish","4":"has-post-thumbnail","6":"product_cat-accessories","7":"product_cat-glass-hookah-wholesale","9":"first","10":"instock","11":"sale","12":"shipping-taxable","13":"purchasable","14":"product-type-simple"},"yoast_head":"<!-- This site is optimized with the Yoast SEO Premium plugin v24.7 (Yoast SEO v26.8) - https:\/\/yoast.com\/product\/yoast-seo-premium-wordpress\/ -->\n<title>Single Pipe Large Hookah Set - Global Hookah<\/title>\n<meta name=\"robots\" content=\"index, follow, max-snippet:-1, max-image-preview:large, max-video-preview:-1\" \/>\n<link rel=\"canonical\" href=\"https:\/\/global-hookah.com\/de\/pt\/produto\/conjunto-de-narguile-grande-de-tubo-unico\/\" \/>\n<meta property=\"og:locale\" content=\"de_DE\" \/>\n<meta property=\"og:type\" content=\"article\" \/>\n<meta property=\"og:title\" content=\"Single Pipe Large Hookah Set\" \/>\n<meta property=\"og:description\" content=\"This Single Pipe Large Hookah Set is made of aluminum, which is incredibly strong and long-lasting. It has a longer\" \/>\n<meta property=\"og:url\" content=\"https:\/\/global-hookah.com\/de\/pt\/produto\/conjunto-de-narguile-grande-de-tubo-unico\/\" \/>\n<meta property=\"og:site_name\" content=\"Global Hookah\" \/>\n<meta property=\"article:modified_time\" content=\"2024-01-12T03:56:07+00:00\" \/>\n<meta property=\"og:image\" content=\"https:\/\/global-hookah.com\/wp-content\/uploads\/2023\/07\/\u4e3b\u56fe-02.jpg\" \/>\n\t<meta property=\"og:image:width\" content=\"800\" \/>\n\t<meta property=\"og:image:height\" content=\"800\" \/>\n\t<meta property=\"og:image:type\" content=\"image\/jpeg\" \/>\n<meta name=\"twitter:card\" content=\"summary_large_image\" \/>\n<meta name=\"twitter:label1\" content=\"Gesch\u00e4tzte Lesezeit\" \/>\n\t<meta name=\"twitter:data1\" content=\"2\u00a0Minuten\" \/>\n<script type=\"application\/ld+json\" class=\"yoast-schema-graph\">{\"@context\":\"https:\/\/schema.org\",\"@graph\":[{\"@type\":\"WebPage\",\"@id\":\"https:\/\/global-hookah.com\/pt\/produto\/conjunto-de-narguile-grande-de-tubo-unico\/\",\"url\":\"https:\/\/global-hookah.com\/pt\/produto\/conjunto-de-narguile-grande-de-tubo-unico\/\",\"name\":\"Single Pipe Large Hookah Set - Global Hookah\",\"isPartOf\":{\"@id\":\"https:\/\/global-hookah.com\/#website\"},\"primaryImageOfPage\":{\"@id\":\"https:\/\/global-hookah.com\/pt\/produto\/conjunto-de-narguile-grande-de-tubo-unico\/#primaryimage\"},\"image\":{\"@id\":\"https:\/\/global-hookah.com\/pt\/produto\/conjunto-de-narguile-grande-de-tubo-unico\/#primaryimage\"},\"thumbnailUrl\":\"https:\/\/global-hookah.com\/wp-content\/uploads\/2023\/07\/\u4e3b\u56fe-02.jpg\",\"datePublished\":\"2023-07-10T02:57:46+00:00\",\"dateModified\":\"2024-01-12T03:56:07+00:00\",\"breadcrumb\":{\"@id\":\"https:\/\/global-hookah.com\/pt\/produto\/conjunto-de-narguile-grande-de-tubo-unico\/#breadcrumb\"},\"inLanguage\":\"de\",\"potentialAction\":[{\"@type\":\"ReadAction\",\"target\":[\"https:\/\/global-hookah.com\/pt\/produto\/conjunto-de-narguile-grande-de-tubo-unico\/\"]}]},{\"@type\":\"ImageObject\",\"inLanguage\":\"de\",\"@id\":\"https:\/\/global-hookah.com\/pt\/produto\/conjunto-de-narguile-grande-de-tubo-unico\/#primaryimage\",\"url\":\"https:\/\/global-hookah.com\/wp-content\/uploads\/2023\/07\/\u4e3b\u56fe-02.jpg\",\"contentUrl\":\"https:\/\/global-hookah.com\/wp-content\/uploads\/2023\/07\/\u4e3b\u56fe-02.jpg\",\"width\":800,\"height\":800,\"caption\":\"Single Pipe Large Hookah Set\"},{\"@type\":\"BreadcrumbList\",\"@id\":\"https:\/\/global-hookah.com\/pt\/produto\/conjunto-de-narguile-grande-de-tubo-unico\/#breadcrumb\",\"itemListElement\":[{\"@type\":\"ListItem\",\"position\":1,\"name\":\"Home\",\"item\":\"https:\/\/global-hookah.com\/\"},{\"@type\":\"ListItem\",\"position\":2,\"name\":\"Shop\",\"item\":\"https:\/\/global-hookah.com\/shop\/\"},{\"@type\":\"ListItem\",\"position\":3,\"name\":\"Single Pipe Large Hookah Set\"}]},{\"@type\":\"WebSite\",\"@id\":\"https:\/\/global-hookah.com\/#website\",\"url\":\"https:\/\/global-hookah.com\/\",\"name\":\"Global Hookah\",\"description\":\"Global Hookah\",\"publisher\":{\"@id\":\"https:\/\/global-hookah.com\/#organization\"},\"potentialAction\":[{\"@type\":\"SearchAction\",\"target\":{\"@type\":\"EntryPoint\",\"urlTemplate\":\"https:\/\/global-hookah.com\/?s={search_term_string}\"},\"query-input\":{\"@type\":\"PropertyValueSpecification\",\"valueRequired\":true,\"valueName\":\"search_term_string\"}}],\"inLanguage\":\"de\"},{\"@type\":\"Organization\",\"@id\":\"https:\/\/global-hookah.com\/#organization\",\"name\":\"Global Hookah\",\"url\":\"https:\/\/global-hookah.com\/\",\"logo\":{\"@type\":\"ImageObject\",\"inLanguage\":\"de\",\"@id\":\"https:\/\/global-hookah.com\/#\/schema\/logo\/image\/\",\"url\":\"https:\/\/global-hookah.com\/wp-content\/uploads\/2021\/10\/cropped-fgg.png\",\"contentUrl\":\"https:\/\/global-hookah.com\/wp-content\/uploads\/2021\/10\/cropped-fgg.png\",\"width\":512,\"height\":512,\"caption\":\"Global Hookah\"},\"image\":{\"@id\":\"https:\/\/global-hookah.com\/#\/schema\/logo\/image\/\"}}]}<\/script>\n<!-- \/ Yoast SEO Premium plugin. -->","yoast_head_json":{"title":"Einrohriges gro\u00dfes Wasserpfeifenset - Global Hookah","robots":{"index":"index","follow":"follow","max-snippet":"max-snippet:-1","max-image-preview":"max-image-preview:large","max-video-preview":"max-video-preview:-1"},"canonical":"https:\/\/global-hookah.com\/de\/pt\/produto\/conjunto-de-narguile-grande-de-tubo-unico\/","og_locale":"de_DE","og_type":"article","og_title":"Single Pipe Large Hookah Set","og_description":"This Single Pipe Large Hookah Set is made of aluminum, which is incredibly strong and long-lasting. It has a longer","og_url":"https:\/\/global-hookah.com\/de\/pt\/produto\/conjunto-de-narguile-grande-de-tubo-unico\/","og_site_name":"Global Hookah","article_modified_time":"2024-01-12T03:56:07+00:00","og_image":[{"width":800,"height":800,"url":"https:\/\/global-hookah.com\/wp-content\/uploads\/2023\/07\/\u4e3b\u56fe-02.jpg","type":"image\/jpeg"}],"twitter_card":"summary_large_image","twitter_misc":{"Gesch\u00e4tzte Lesezeit":"2\u00a0Minuten"},"schema":{"@context":"https:\/\/schema.org","@graph":[{"@type":"WebPage","@id":"https:\/\/global-hookah.com\/pt\/produto\/conjunto-de-narguile-grande-de-tubo-unico\/","url":"https:\/\/global-hookah.com\/pt\/produto\/conjunto-de-narguile-grande-de-tubo-unico\/","name":"Einrohriges gro\u00dfes Wasserpfeifenset - Global Hookah","isPartOf":{"@id":"https:\/\/global-hookah.com\/#website"},"primaryImageOfPage":{"@id":"https:\/\/global-hookah.com\/pt\/produto\/conjunto-de-narguile-grande-de-tubo-unico\/#primaryimage"},"image":{"@id":"https:\/\/global-hookah.com\/pt\/produto\/conjunto-de-narguile-grande-de-tubo-unico\/#primaryimage"},"thumbnailUrl":"https:\/\/global-hookah.com\/wp-content\/uploads\/2023\/07\/\u4e3b\u56fe-02.jpg","datePublished":"2023-07-10T02:57:46+00:00","dateModified":"2024-01-12T03:56:07+00:00","breadcrumb":{"@id":"https:\/\/global-hookah.com\/pt\/produto\/conjunto-de-narguile-grande-de-tubo-unico\/#breadcrumb"},"inLanguage":"de","potentialAction":[{"@type":"ReadAction","target":["https:\/\/global-hookah.com\/pt\/produto\/conjunto-de-narguile-grande-de-tubo-unico\/"]}]},{"@type":"ImageObject","inLanguage":"de","@id":"https:\/\/global-hookah.com\/pt\/produto\/conjunto-de-narguile-grande-de-tubo-unico\/#primaryimage","url":"https:\/\/global-hookah.com\/wp-content\/uploads\/2023\/07\/\u4e3b\u56fe-02.jpg","contentUrl":"https:\/\/global-hookah.com\/wp-content\/uploads\/2023\/07\/\u4e3b\u56fe-02.jpg","width":800,"height":800,"caption":"Single Pipe Large Hookah Set"},{"@type":"BreadcrumbList","@id":"https:\/\/global-hookah.com\/pt\/produto\/conjunto-de-narguile-grande-de-tubo-unico\/#breadcrumb","itemListElement":[{"@type":"ListItem","position":1,"name":"Home","item":"https:\/\/global-hookah.com\/"},{"@type":"ListItem","position":2,"name":"Shop","item":"https:\/\/global-hookah.com\/shop\/"},{"@type":"ListItem","position":3,"name":"Single Pipe Large Hookah Set"}]},{"@type":"WebSite","@id":"https:\/\/global-hookah.com\/#website","url":"https:\/\/global-hookah.com\/","name":"Globale Wasserpfeife","description":"Globale Wasserpfeife","publisher":{"@id":"https:\/\/global-hookah.com\/#organization"},"potentialAction":[{"@type":"SearchAction","target":{"@type":"EntryPoint","urlTemplate":"https:\/\/global-hookah.com\/?s={search_term_string}"},"query-input":{"@type":"PropertyValueSpecification","valueRequired":true,"valueName":"search_term_string"}}],"inLanguage":"de"},{"@type":"Organization","@id":"https:\/\/global-hookah.com\/#organization","name":"Globale Wasserpfeife","url":"https:\/\/global-hookah.com\/","logo":{"@type":"ImageObject","inLanguage":"de","@id":"https:\/\/global-hookah.com\/#\/schema\/logo\/image\/","url":"https:\/\/global-hookah.com\/wp-content\/uploads\/2021\/10\/cropped-fgg.png","contentUrl":"https:\/\/global-hookah.com\/wp-content\/uploads\/2021\/10\/cropped-fgg.png","width":512,"height":512,"caption":"Global Hookah"},"image":{"@id":"https:\/\/global-hookah.com\/#\/schema\/logo\/image\/"}}]}},"_links":{"self":[{"href":"https:\/\/global-hookah.com\/de\/wp-json\/wp\/v2\/product\/12798","targetHints":{"allow":["GET"]}}],"collection":[{"href":"https:\/\/global-hookah.com\/de\/wp-json\/wp\/v2\/product"}],"about":[{"href":"https:\/\/global-hookah.com\/de\/wp-json\/wp\/v2\/types\/product"}],"replies":[{"embeddable":true,"href":"https:\/\/global-hookah.com\/de\/wp-json\/wp\/v2\/comments?post=12798"}],"version-history":[{"count":0,"href":"https:\/\/global-hookah.com\/de\/wp-json\/wp\/v2\/product\/12798\/revisions"}],"wp:featuredmedia":[{"embeddable":true,"href":"https:\/\/global-hookah.com\/de\/wp-json\/wp\/v2\/media\/12800"}],"wp:attachment":[{"href":"https:\/\/global-hookah.com\/de\/wp-json\/wp\/v2\/media?parent=12798"}],"wp:term":[{"taxonomy":"product_brand","embeddable":true,"href":"https:\/\/global-hookah.com\/de\/wp-json\/wp\/v2\/product_brand?post=12798"},{"taxonomy":"product_cat","embeddable":true,"href":"https:\/\/global-hookah.com\/de\/wp-json\/wp\/v2\/product_cat?post=12798"},{"taxonomy":"product_tag","embeddable":true,"href":"https:\/\/global-hookah.com\/de\/wp-json\/wp\/v2\/product_tag?post=12798"}],"curies":[{"name":"wp","href":"https:\/\/api.w.org\/{rel}","templated":true}]}}