{"id":12810,"date":"2023-07-10T04:05:27","date_gmt":"2023-07-10T04:05:27","guid":{"rendered":"https:\/\/global-hookah.com\/?post_type=product&#038;p=12810"},"modified":"2024-01-12T03:56:04","modified_gmt":"2024-01-12T03:56:04","slug":"2-hose-large-hookah-starter-kit","status":"publish","type":"product","link":"https:\/\/global-hookah.com\/de\/produkt\/2-hose-large-hookah-starter-kit\/","title":{"rendered":"2 Schlauch gro\u00dfe Wasserpfeife Starter Kit"},"content":{"rendered":"<p>Diese <strong>2-Schlauch Large Hookah Starter Kit<\/strong> ist der perfekte Einstieg in das Wasserpfeifenrauchen. Die <a href=\"https:\/\/global-hookah.com\/\">Zwei-Schlauch-Wasserpfeife<\/a> ist gro\u00dfartig, um sie mit Freunden und Familie zu teilen, daher ist dieses 2-Schlauch-Hookah-Kit eine gute Wahl f\u00fcr Partys oder Gruppenveranstaltungen.<\/p>\n<p><strong>Wasserpfeifen-Starterkits<\/strong> umfassen alle Zubeh\u00f6rteile, die Sie ben\u00f6tigen, um Ihre Hookah zu genie\u00dfen, einschlie\u00dflich einer gro\u00dfen Glasbasis und Schlauch, T\u00fcllen und Bildschirme, Zangen und eine \u00e4gyptische Schale.<\/p>\n<p>Die Edelstahlsch\u00fcssel ist mit einer gro\u00dfen Oberfl\u00e4che entworfen, um mehr Kohlen zu erm\u00f6glichen, w\u00e4hrend der Rauch immer noch k\u00fchl genug f\u00fcr glatte Z\u00fcge bleibt. Diese <strong>Wasserpfeife Starter Kit<\/strong> ist ideal f\u00fcr Anf\u00e4nger auf der Suche nach ihrer ersten Wasserpfeife<\/p>\n<p>Eine Qualit\u00e4t Glas Basis ist f\u00fcr jeden Raucher, wie es h\u00e4lt alles zusammen und macht f\u00fcr einfacher, und Glas-Basis erm\u00f6glicht f\u00fcr gr\u00f6\u00dfere Mengen von Wasser verwendet werden, was bedeutet, es wird l\u00e4nger dauern und produzieren mehr Rauch jedes Mal, wenn Sie es verwenden Sie k\u00f6nnen auch Geschmack der Tabak durch Zugabe von Aromen wie Minze, Kirsche oder Vanille usw. in sie vor dem Rauchen es in Ihrer Pfeife<\/p>","protected":false},"excerpt":{"rendered":"<p>Dieses 2-Schlauch Large Hookah Starter Kit ist der perfekte Einstieg in das Wasserpfeifenrauchen. Die Zwei-Schlauch Wasserpfeife ist gro\u00dfartig<\/p>","protected":false},"featured_media":12812,"comment_status":"open","ping_status":"closed","template":"","meta":{"iawp_total_views":3,"_joinchat":[]},"product_brand":[],"product_cat":[415,560],"product_tag":[],"class_list":{"0":"post-12810","1":"product","2":"type-product","3":"status-publish","4":"has-post-thumbnail","6":"product_cat-accessories","7":"product_cat-glass-hookah-wholesale","9":"first","10":"instock","11":"sale","12":"shipping-taxable","13":"purchasable","14":"product-type-simple"},"yoast_head":"<!-- This site is optimized with the Yoast SEO Premium plugin v24.7 (Yoast SEO v26.8) - https:\/\/yoast.com\/product\/yoast-seo-premium-wordpress\/ -->\n<title>2 Hose Large Hookah Starter Kit - Global Hookah<\/title>\n<meta name=\"robots\" content=\"index, follow, max-snippet:-1, max-image-preview:large, max-video-preview:-1\" \/>\n<link rel=\"canonical\" href=\"https:\/\/global-hookah.com\/de\/produkt\/2-schlauch-groses-hookah-starter-kit\/\" \/>\n<meta property=\"og:locale\" content=\"de_DE\" \/>\n<meta property=\"og:type\" content=\"article\" \/>\n<meta property=\"og:title\" content=\"2 Hose Large Hookah Starter Kit\" \/>\n<meta property=\"og:description\" content=\"This 2-Hose Large Hookah Starter Kit is the perfect way to get into hookah smoking. The two-hose hookah is great\" \/>\n<meta property=\"og:url\" content=\"https:\/\/global-hookah.com\/de\/produkt\/2-schlauch-groses-hookah-starter-kit\/\" \/>\n<meta property=\"og:site_name\" content=\"Global Hookah\" \/>\n<meta property=\"article:modified_time\" content=\"2024-01-12T03:56:04+00:00\" \/>\n<meta property=\"og:image\" content=\"https:\/\/global-hookah.com\/wp-content\/uploads\/2023\/07\/\u4e3b\u56fe-15.jpg\" \/>\n\t<meta property=\"og:image:width\" content=\"1920\" \/>\n\t<meta property=\"og:image:height\" content=\"1920\" \/>\n\t<meta property=\"og:image:type\" content=\"image\/jpeg\" \/>\n<meta name=\"twitter:card\" content=\"summary_large_image\" \/>\n<meta name=\"twitter:label1\" content=\"Gesch\u00e4tzte Lesezeit\" \/>\n\t<meta name=\"twitter:data1\" content=\"1\u00a0Minute\" \/>\n<script type=\"application\/ld+json\" class=\"yoast-schema-graph\">{\"@context\":\"https:\/\/schema.org\",\"@graph\":[{\"@type\":\"WebPage\",\"@id\":\"https:\/\/global-hookah.com\/de\/produkt\/2-schlauch-groses-hookah-starter-kit\/\",\"url\":\"https:\/\/global-hookah.com\/de\/produkt\/2-schlauch-groses-hookah-starter-kit\/\",\"name\":\"2 Hose Large Hookah Starter Kit - Global Hookah\",\"isPartOf\":{\"@id\":\"https:\/\/global-hookah.com\/#website\"},\"primaryImageOfPage\":{\"@id\":\"https:\/\/global-hookah.com\/de\/produkt\/2-schlauch-groses-hookah-starter-kit\/#primaryimage\"},\"image\":{\"@id\":\"https:\/\/global-hookah.com\/de\/produkt\/2-schlauch-groses-hookah-starter-kit\/#primaryimage\"},\"thumbnailUrl\":\"https:\/\/global-hookah.com\/wp-content\/uploads\/2023\/07\/\u4e3b\u56fe-15.jpg\",\"datePublished\":\"2023-07-10T04:05:27+00:00\",\"dateModified\":\"2024-01-12T03:56:04+00:00\",\"breadcrumb\":{\"@id\":\"https:\/\/global-hookah.com\/de\/produkt\/2-schlauch-groses-hookah-starter-kit\/#breadcrumb\"},\"inLanguage\":\"de\",\"potentialAction\":[{\"@type\":\"ReadAction\",\"target\":[\"https:\/\/global-hookah.com\/de\/produkt\/2-schlauch-groses-hookah-starter-kit\/\"]}]},{\"@type\":\"ImageObject\",\"inLanguage\":\"de\",\"@id\":\"https:\/\/global-hookah.com\/de\/produkt\/2-schlauch-groses-hookah-starter-kit\/#primaryimage\",\"url\":\"https:\/\/global-hookah.com\/wp-content\/uploads\/2023\/07\/\u4e3b\u56fe-15.jpg\",\"contentUrl\":\"https:\/\/global-hookah.com\/wp-content\/uploads\/2023\/07\/\u4e3b\u56fe-15.jpg\",\"width\":1920,\"height\":1920,\"caption\":\"2 Hose Large Hookah Starter Kit\"},{\"@type\":\"BreadcrumbList\",\"@id\":\"https:\/\/global-hookah.com\/de\/produkt\/2-schlauch-groses-hookah-starter-kit\/#breadcrumb\",\"itemListElement\":[{\"@type\":\"ListItem\",\"position\":1,\"name\":\"Home\",\"item\":\"https:\/\/global-hookah.com\/\"},{\"@type\":\"ListItem\",\"position\":2,\"name\":\"Shop\",\"item\":\"https:\/\/global-hookah.com\/shop\/\"},{\"@type\":\"ListItem\",\"position\":3,\"name\":\"2 Hose Large Hookah Starter Kit\"}]},{\"@type\":\"WebSite\",\"@id\":\"https:\/\/global-hookah.com\/#website\",\"url\":\"https:\/\/global-hookah.com\/\",\"name\":\"Global Hookah\",\"description\":\"Global Hookah\",\"publisher\":{\"@id\":\"https:\/\/global-hookah.com\/#organization\"},\"potentialAction\":[{\"@type\":\"SearchAction\",\"target\":{\"@type\":\"EntryPoint\",\"urlTemplate\":\"https:\/\/global-hookah.com\/?s={search_term_string}\"},\"query-input\":{\"@type\":\"PropertyValueSpecification\",\"valueRequired\":true,\"valueName\":\"search_term_string\"}}],\"inLanguage\":\"de\"},{\"@type\":\"Organization\",\"@id\":\"https:\/\/global-hookah.com\/#organization\",\"name\":\"Global Hookah\",\"url\":\"https:\/\/global-hookah.com\/\",\"logo\":{\"@type\":\"ImageObject\",\"inLanguage\":\"de\",\"@id\":\"https:\/\/global-hookah.com\/#\/schema\/logo\/image\/\",\"url\":\"https:\/\/global-hookah.com\/wp-content\/uploads\/2021\/10\/cropped-fgg.png\",\"contentUrl\":\"https:\/\/global-hookah.com\/wp-content\/uploads\/2021\/10\/cropped-fgg.png\",\"width\":512,\"height\":512,\"caption\":\"Global Hookah\"},\"image\":{\"@id\":\"https:\/\/global-hookah.com\/#\/schema\/logo\/image\/\"}}]}<\/script>\n<!-- \/ Yoast SEO Premium plugin. -->","yoast_head_json":{"title":"2 Schlauch gro\u00dfe Wasserpfeife Starter Kit - Global Hookah","robots":{"index":"index","follow":"follow","max-snippet":"max-snippet:-1","max-image-preview":"max-image-preview:large","max-video-preview":"max-video-preview:-1"},"canonical":"https:\/\/global-hookah.com\/de\/produkt\/2-schlauch-groses-hookah-starter-kit\/","og_locale":"de_DE","og_type":"article","og_title":"2 Hose Large Hookah Starter Kit","og_description":"This 2-Hose Large Hookah Starter Kit is the perfect way to get into hookah smoking. The two-hose hookah is great","og_url":"https:\/\/global-hookah.com\/de\/produkt\/2-schlauch-groses-hookah-starter-kit\/","og_site_name":"Global Hookah","article_modified_time":"2024-01-12T03:56:04+00:00","og_image":[{"width":1920,"height":1920,"url":"https:\/\/global-hookah.com\/wp-content\/uploads\/2023\/07\/\u4e3b\u56fe-15.jpg","type":"image\/jpeg"}],"twitter_card":"summary_large_image","twitter_misc":{"Gesch\u00e4tzte Lesezeit":"1\u00a0Minute"},"schema":{"@context":"https:\/\/schema.org","@graph":[{"@type":"WebPage","@id":"https:\/\/global-hookah.com\/de\/produkt\/2-schlauch-groses-hookah-starter-kit\/","url":"https:\/\/global-hookah.com\/de\/produkt\/2-schlauch-groses-hookah-starter-kit\/","name":"2 Schlauch gro\u00dfe Wasserpfeife Starter Kit - Global Hookah","isPartOf":{"@id":"https:\/\/global-hookah.com\/#website"},"primaryImageOfPage":{"@id":"https:\/\/global-hookah.com\/de\/produkt\/2-schlauch-groses-hookah-starter-kit\/#primaryimage"},"image":{"@id":"https:\/\/global-hookah.com\/de\/produkt\/2-schlauch-groses-hookah-starter-kit\/#primaryimage"},"thumbnailUrl":"https:\/\/global-hookah.com\/wp-content\/uploads\/2023\/07\/\u4e3b\u56fe-15.jpg","datePublished":"2023-07-10T04:05:27+00:00","dateModified":"2024-01-12T03:56:04+00:00","breadcrumb":{"@id":"https:\/\/global-hookah.com\/de\/produkt\/2-schlauch-groses-hookah-starter-kit\/#breadcrumb"},"inLanguage":"de","potentialAction":[{"@type":"ReadAction","target":["https:\/\/global-hookah.com\/de\/produkt\/2-schlauch-groses-hookah-starter-kit\/"]}]},{"@type":"ImageObject","inLanguage":"de","@id":"https:\/\/global-hookah.com\/de\/produkt\/2-schlauch-groses-hookah-starter-kit\/#primaryimage","url":"https:\/\/global-hookah.com\/wp-content\/uploads\/2023\/07\/\u4e3b\u56fe-15.jpg","contentUrl":"https:\/\/global-hookah.com\/wp-content\/uploads\/2023\/07\/\u4e3b\u56fe-15.jpg","width":1920,"height":1920,"caption":"2 Hose Large Hookah Starter Kit"},{"@type":"BreadcrumbList","@id":"https:\/\/global-hookah.com\/de\/produkt\/2-schlauch-groses-hookah-starter-kit\/#breadcrumb","itemListElement":[{"@type":"ListItem","position":1,"name":"Home","item":"https:\/\/global-hookah.com\/"},{"@type":"ListItem","position":2,"name":"Shop","item":"https:\/\/global-hookah.com\/shop\/"},{"@type":"ListItem","position":3,"name":"2 Hose Large Hookah Starter Kit"}]},{"@type":"WebSite","@id":"https:\/\/global-hookah.com\/#website","url":"https:\/\/global-hookah.com\/","name":"Globale Wasserpfeife","description":"Globale Wasserpfeife","publisher":{"@id":"https:\/\/global-hookah.com\/#organization"},"potentialAction":[{"@type":"SearchAction","target":{"@type":"EntryPoint","urlTemplate":"https:\/\/global-hookah.com\/?s={search_term_string}"},"query-input":{"@type":"PropertyValueSpecification","valueRequired":true,"valueName":"search_term_string"}}],"inLanguage":"de"},{"@type":"Organization","@id":"https:\/\/global-hookah.com\/#organization","name":"Globale Wasserpfeife","url":"https:\/\/global-hookah.com\/","logo":{"@type":"ImageObject","inLanguage":"de","@id":"https:\/\/global-hookah.com\/#\/schema\/logo\/image\/","url":"https:\/\/global-hookah.com\/wp-content\/uploads\/2021\/10\/cropped-fgg.png","contentUrl":"https:\/\/global-hookah.com\/wp-content\/uploads\/2021\/10\/cropped-fgg.png","width":512,"height":512,"caption":"Global Hookah"},"image":{"@id":"https:\/\/global-hookah.com\/#\/schema\/logo\/image\/"}}]}},"_links":{"self":[{"href":"https:\/\/global-hookah.com\/de\/wp-json\/wp\/v2\/product\/12810","targetHints":{"allow":["GET"]}}],"collection":[{"href":"https:\/\/global-hookah.com\/de\/wp-json\/wp\/v2\/product"}],"about":[{"href":"https:\/\/global-hookah.com\/de\/wp-json\/wp\/v2\/types\/product"}],"replies":[{"embeddable":true,"href":"https:\/\/global-hookah.com\/de\/wp-json\/wp\/v2\/comments?post=12810"}],"version-history":[{"count":0,"href":"https:\/\/global-hookah.com\/de\/wp-json\/wp\/v2\/product\/12810\/revisions"}],"wp:featuredmedia":[{"embeddable":true,"href":"https:\/\/global-hookah.com\/de\/wp-json\/wp\/v2\/media\/12812"}],"wp:attachment":[{"href":"https:\/\/global-hookah.com\/de\/wp-json\/wp\/v2\/media?parent=12810"}],"wp:term":[{"taxonomy":"product_brand","embeddable":true,"href":"https:\/\/global-hookah.com\/de\/wp-json\/wp\/v2\/product_brand?post=12810"},{"taxonomy":"product_cat","embeddable":true,"href":"https:\/\/global-hookah.com\/de\/wp-json\/wp\/v2\/product_cat?post=12810"},{"taxonomy":"product_tag","embeddable":true,"href":"https:\/\/global-hookah.com\/de\/wp-json\/wp\/v2\/product_tag?post=12810"}],"curies":[{"name":"wp","href":"https:\/\/api.w.org\/{rel}","templated":true}]}}