{"id":12854,"date":"2023-07-30T01:53:33","date_gmt":"2023-07-30T01:53:33","guid":{"rendered":"https:\/\/global-hookah.com\/product\/new-bar-shisha-pipe-set-4-hoses-glass-hookah-pipa-wholesale\/"},"modified":"2024-06-26T02:55:55","modified_gmt":"2024-06-26T02:55:55","slug":"new-bar-shisha-pipe-set-4-hoses-glass-hookah-pipe-wholesale","status":"publish","type":"product","link":"https:\/\/global-hookah.com\/de\/produkt\/new-bar-shisha-pipe-set-4-hoses-glass-hookah-pipe-wholesale\/","title":{"rendered":"Neue Bar Shisha Pfeifen Set 4 Schl\u00e4uche Glas Hookah Pfeife Gro\u00dfhandel"},"content":{"rendered":"<div class=\"product-specs-list-container\">\n<p><strong>4 Schl\u00e4uche Glas Hookah Pfeife<\/strong> Unter Verwendung hochwertiger Materialien und hervorragender Handwerkskunst dient sie als gro\u00dfe 4-Schlauch-Wasserpfeife, die so gebaut ist, dass sie l\u00e4nger als alle anderen durchh\u00e4lt; eine Tatsache, die denjenigen nicht entgeht, die das Beste aus ihrer Wasserpfeife herausholen wollen. Sie k\u00f6nnen bedenkenlos rauchen, da sie aus hochwertigem, hitzebest\u00e4ndigem Glas gefertigt ist, das nicht so leicht bricht. Im Gegensatz zu anderen Materialien korrodiert oder rostet Glas nicht mit der Zeit und beh\u00e4lt seinen urspr\u00fcnglichen Zustand bei.<\/p>\n<p>Geschickt entwickelt, um Ihre Rauchsitzungen zu verbessern, ist dieses <strong>4-Schl\u00e4uche Glas Hookah Pfeife<\/strong> hat mehrere Vorteile, die Sie begeistern werden. Der erste Vorteil ist, dass diese <strong>vier Rohre<\/strong> erm\u00f6glicht es Ihnen und Ihren Freunden, gemeinsam Shisha zu rauchen - Sie m\u00fcssen sich nicht mehr abwechseln! Ein solch innovatives Design f\u00f6rdert gemeinsamen Spa\u00df und bleibende Erinnerungen.<\/p>\n<p>Au\u00dferdem kommt glatter, sauberer Rauch aus dem Glas, der einen reinen Geschmack ohne jegliche St\u00f6rung vermittelt.<\/p>\n<p>Dies k\u00f6nnte die beste Investition f\u00fcr jeden Shisha-Fan sein, da der obere 4er-Schlauch w\u00e4hrend zahlreicher Sessions verwendet wird, was das Ganze zu einem Vergn\u00fcgen macht.<\/p>\n<p>Wir laden Sie ein, die gro\u00dfartige Auswahl an erm\u00e4\u00dfigten Gro\u00dfhandels-Whookahs in unserem Online-Shop zu entdecken. Wir haben einfache Glasmodelle bis hin zu ausgefallenen Wasserpfeifen mit mehreren Kammern und dekorativem Glas - da ist f\u00fcr jeden etwas dabei! Werfen Sie jetzt einen Blick auf unsere Kollektion, um die perfekte Wasserpfeife f\u00fcr Ihre Bed\u00fcrfnisse zu finden.<\/p>\n<\/div>\n<div class=\"detailmodule_html\">\n<div class=\"detail-desc-decorate-richtext\">\n<div style=\"overflow: hidden; height: 0px;\">modname=cke<\/div>\n<div>\n<div>\n<p><span style=\"background-color: #ffffff; color: #000000; font-size: 18px; font-family: 'Open Sans', Roboto, Arial, Helvetica, sans-serif, SimSun;\"><br \/>\nMaterial:Glas+Metall+Keramik<br \/>\nTyp:4 Schl\u00e4uche<br \/>\nFarbe:Schwarz,Blau,Rot,Gelb<br \/>\nGesamth\u00f6he: Etwa 52CM\/20.47\u2033<br \/>\nBoden-Durchmesser: Etwa 12,5CM\/4,92\u2033<br \/>\nVerwendung:Shihsa Pipe&amp; Zubeh\u00f6r<br \/>\n<\/span><\/p>\n<\/div>\n<p><img decoding=\"async\" src=\"https:\/\/ae01.alicdn.com\/kf\/S9c1cca0eb8a3483bb518151cc135469fh.jpg\" \/><img decoding=\"async\" src=\"https:\/\/ae01.alicdn.com\/kf\/S6bb06bfaff4f446ea472acb620e4f0b0f.jpg\" \/><img decoding=\"async\" src=\"https:\/\/ae01.alicdn.com\/kf\/Sdd3b4e873e274df085c7923dbfef4d6eR.jpg\" \/><img decoding=\"async\" src=\"https:\/\/ae01.alicdn.com\/kf\/Sfec5bcd0710d4af983ac06c3fee899e0X.jpg\" \/><img decoding=\"async\" src=\"https:\/\/ae01.alicdn.com\/kf\/S4cceac44022f45968efd9716e6933a43M.jpg\" \/><img decoding=\"async\" src=\"https:\/\/ae01.alicdn.com\/kf\/S0e3e18c5344c409fb1387269b8117ab85.jpg\" \/><img decoding=\"async\" src=\"https:\/\/ae01.alicdn.com\/kf\/S58d53b81ac5441059526be7c773e541bD.jpg\" \/><img decoding=\"async\" src=\"https:\/\/ae01.alicdn.com\/kf\/Se601268b12bc45fc89a2cbf705bcc5d1W.jpg\" \/><img decoding=\"async\" src=\"https:\/\/ae01.alicdn.com\/kf\/Sbf516fa93248437cbfb93246cb01e6bdE.jpg\" \/><img decoding=\"async\" src=\"https:\/\/ae01.alicdn.com\/kf\/S4991bd71485047f2830ef79f25e2d121u.jpg\" \/><img decoding=\"async\" src=\"https:\/\/ae01.alicdn.com\/kf\/Sf834d2717f6b484c937dda4c1a54d903W.jpg\" \/><\/p>\n<p><img decoding=\"async\" src=\"https:\/\/ae01.alicdn.com\/kf\/H0982bec1f89643ea928b461ecb2d84f2l.jpg\" \/><\/p>\n<\/div>\n<\/div>\n<\/div>\n<p>&nbsp;<\/p>","protected":false},"excerpt":{"rendered":"<p>4 Schl\u00e4uche Glas Wasserpfeife mit hochwertigen Materialien und hervorragende Handwerkskunst, dient es als eine gro\u00dfe 4-Schlauch Wasserpfeife, die ist<\/p>","protected":false},"featured_media":12855,"comment_status":"open","ping_status":"closed","template":"","meta":{"iawp_total_views":13,"_joinchat":[]},"product_brand":[],"product_cat":[560,119],"product_tag":[],"class_list":{"0":"post-12854","1":"product","2":"type-product","3":"status-publish","4":"has-post-thumbnail","6":"product_cat-glass-hookah-wholesale","7":"product_cat-wholesale-hookah","9":"first","10":"instock","11":"shipping-taxable","12":"purchasable","13":"product-type-variable"},"yoast_head":"<!-- This site is optimized with the Yoast SEO Premium plugin v24.7 (Yoast SEO v26.8) - https:\/\/yoast.com\/product\/yoast-seo-premium-wordpress\/ -->\n<title>New Bar Shisha Pipe Set 4 Hoses Glass Hookah Pipe Wholesale - Global Hookah<\/title>\n<meta name=\"robots\" content=\"index, follow, max-snippet:-1, max-image-preview:large, max-video-preview:-1\" \/>\n<link rel=\"canonical\" href=\"https:\/\/global-hookah.com\/de\/produkt\/new-bar-shisha-pipe-set-4-hoses-glass-hookah-pipe-wholesale\/\" \/>\n<meta property=\"og:locale\" content=\"de_DE\" \/>\n<meta property=\"og:type\" content=\"article\" \/>\n<meta property=\"og:title\" content=\"New Bar Shisha Pipe Set 4 Hoses Glass Hookah Pipe Wholesale\" \/>\n<meta property=\"og:description\" content=\"4 Hoses Glass Hookah Pipe using high-quality materials and excellent craftsmanship, it serves as a large 4-hose hookah that is\" \/>\n<meta property=\"og:url\" content=\"https:\/\/global-hookah.com\/de\/produkt\/new-bar-shisha-pipe-set-4-hoses-glass-hookah-pipe-wholesale\/\" \/>\n<meta property=\"og:site_name\" content=\"Global Hookah\" \/>\n<meta property=\"article:modified_time\" content=\"2024-06-26T02:55:55+00:00\" \/>\n<meta property=\"og:image\" content=\"https:\/\/global-hookah.com\/wp-content\/uploads\/2023\/07\/New-Bar-Shisha-Pipe-Set-4-Hoses-Glass-Hookah-Pipa-Narguile-Completo-Chicha-Cachimba-Hooka-Sisha.jpg\" \/>\n\t<meta property=\"og:image:width\" content=\"1920\" \/>\n\t<meta property=\"og:image:height\" content=\"1920\" \/>\n\t<meta property=\"og:image:type\" content=\"image\/jpeg\" \/>\n<meta name=\"twitter:card\" content=\"summary_large_image\" \/>\n<meta name=\"twitter:label1\" content=\"Gesch\u00e4tzte Lesezeit\" \/>\n\t<meta name=\"twitter:data1\" content=\"4\u00a0Minuten\" \/>\n<script type=\"application\/ld+json\" class=\"yoast-schema-graph\">{\"@context\":\"https:\/\/schema.org\",\"@graph\":[{\"@type\":\"WebPage\",\"@id\":\"https:\/\/global-hookah.com\/product\/new-bar-shisha-pipe-set-4-hoses-glass-hookah-pipe-wholesale\/\",\"url\":\"https:\/\/global-hookah.com\/product\/new-bar-shisha-pipe-set-4-hoses-glass-hookah-pipe-wholesale\/\",\"name\":\"New Bar Shisha Pipe Set 4 Hoses Glass Hookah Pipe Wholesale - Global Hookah\",\"isPartOf\":{\"@id\":\"https:\/\/global-hookah.com\/#website\"},\"primaryImageOfPage\":{\"@id\":\"https:\/\/global-hookah.com\/product\/new-bar-shisha-pipe-set-4-hoses-glass-hookah-pipe-wholesale\/#primaryimage\"},\"image\":{\"@id\":\"https:\/\/global-hookah.com\/product\/new-bar-shisha-pipe-set-4-hoses-glass-hookah-pipe-wholesale\/#primaryimage\"},\"thumbnailUrl\":\"https:\/\/global-hookah.com\/wp-content\/uploads\/2023\/07\/New-Bar-Shisha-Pipe-Set-4-Hoses-Glass-Hookah-Pipa-Narguile-Completo-Chicha-Cachimba-Hooka-Sisha.jpg\",\"datePublished\":\"2023-07-30T01:53:33+00:00\",\"dateModified\":\"2024-06-26T02:55:55+00:00\",\"breadcrumb\":{\"@id\":\"https:\/\/global-hookah.com\/product\/new-bar-shisha-pipe-set-4-hoses-glass-hookah-pipe-wholesale\/#breadcrumb\"},\"inLanguage\":\"de\",\"potentialAction\":[{\"@type\":\"ReadAction\",\"target\":[\"https:\/\/global-hookah.com\/product\/new-bar-shisha-pipe-set-4-hoses-glass-hookah-pipe-wholesale\/\"]}]},{\"@type\":\"ImageObject\",\"inLanguage\":\"de\",\"@id\":\"https:\/\/global-hookah.com\/product\/new-bar-shisha-pipe-set-4-hoses-glass-hookah-pipe-wholesale\/#primaryimage\",\"url\":\"https:\/\/global-hookah.com\/wp-content\/uploads\/2023\/07\/New-Bar-Shisha-Pipe-Set-4-Hoses-Glass-Hookah-Pipa-Narguile-Completo-Chicha-Cachimba-Hooka-Sisha.jpg\",\"contentUrl\":\"https:\/\/global-hookah.com\/wp-content\/uploads\/2023\/07\/New-Bar-Shisha-Pipe-Set-4-Hoses-Glass-Hookah-Pipa-Narguile-Completo-Chicha-Cachimba-Hooka-Sisha.jpg\",\"width\":1920,\"height\":1920,\"caption\":\"4 Hoses Glass Hookah Pipe Wholesale\"},{\"@type\":\"BreadcrumbList\",\"@id\":\"https:\/\/global-hookah.com\/product\/new-bar-shisha-pipe-set-4-hoses-glass-hookah-pipe-wholesale\/#breadcrumb\",\"itemListElement\":[{\"@type\":\"ListItem\",\"position\":1,\"name\":\"Home\",\"item\":\"https:\/\/global-hookah.com\/\"},{\"@type\":\"ListItem\",\"position\":2,\"name\":\"Shop\",\"item\":\"https:\/\/global-hookah.com\/shop\/\"},{\"@type\":\"ListItem\",\"position\":3,\"name\":\"New Bar Shisha Pipe Set 4 Hoses Glass Hookah Pipe Wholesale\"}]},{\"@type\":\"WebSite\",\"@id\":\"https:\/\/global-hookah.com\/#website\",\"url\":\"https:\/\/global-hookah.com\/\",\"name\":\"Global Hookah\",\"description\":\"Global Hookah\",\"publisher\":{\"@id\":\"https:\/\/global-hookah.com\/#organization\"},\"potentialAction\":[{\"@type\":\"SearchAction\",\"target\":{\"@type\":\"EntryPoint\",\"urlTemplate\":\"https:\/\/global-hookah.com\/?s={search_term_string}\"},\"query-input\":{\"@type\":\"PropertyValueSpecification\",\"valueRequired\":true,\"valueName\":\"search_term_string\"}}],\"inLanguage\":\"de\"},{\"@type\":\"Organization\",\"@id\":\"https:\/\/global-hookah.com\/#organization\",\"name\":\"Global Hookah\",\"url\":\"https:\/\/global-hookah.com\/\",\"logo\":{\"@type\":\"ImageObject\",\"inLanguage\":\"de\",\"@id\":\"https:\/\/global-hookah.com\/#\/schema\/logo\/image\/\",\"url\":\"https:\/\/global-hookah.com\/wp-content\/uploads\/2021\/10\/cropped-fgg.png\",\"contentUrl\":\"https:\/\/global-hookah.com\/wp-content\/uploads\/2021\/10\/cropped-fgg.png\",\"width\":512,\"height\":512,\"caption\":\"Global Hookah\"},\"image\":{\"@id\":\"https:\/\/global-hookah.com\/#\/schema\/logo\/image\/\"}}]}<\/script>\n<!-- \/ Yoast SEO Premium plugin. -->","yoast_head_json":{"title":"Neue Bar Shisha Pfeife Set 4 Schl\u00e4uche Glas Hookah Pfeife Gro\u00dfhandel - Global Hookah","robots":{"index":"index","follow":"follow","max-snippet":"max-snippet:-1","max-image-preview":"max-image-preview:large","max-video-preview":"max-video-preview:-1"},"canonical":"https:\/\/global-hookah.com\/de\/produkt\/new-bar-shisha-pipe-set-4-hoses-glass-hookah-pipe-wholesale\/","og_locale":"de_DE","og_type":"article","og_title":"New Bar Shisha Pipe Set 4 Hoses Glass Hookah Pipe Wholesale","og_description":"4 Hoses Glass Hookah Pipe using high-quality materials and excellent craftsmanship, it serves as a large 4-hose hookah that is","og_url":"https:\/\/global-hookah.com\/de\/produkt\/new-bar-shisha-pipe-set-4-hoses-glass-hookah-pipe-wholesale\/","og_site_name":"Global Hookah","article_modified_time":"2024-06-26T02:55:55+00:00","og_image":[{"width":1920,"height":1920,"url":"https:\/\/global-hookah.com\/wp-content\/uploads\/2023\/07\/New-Bar-Shisha-Pipe-Set-4-Hoses-Glass-Hookah-Pipa-Narguile-Completo-Chicha-Cachimba-Hooka-Sisha.jpg","type":"image\/jpeg"}],"twitter_card":"summary_large_image","twitter_misc":{"Gesch\u00e4tzte Lesezeit":"4\u00a0Minuten"},"schema":{"@context":"https:\/\/schema.org","@graph":[{"@type":"WebPage","@id":"https:\/\/global-hookah.com\/product\/new-bar-shisha-pipe-set-4-hoses-glass-hookah-pipe-wholesale\/","url":"https:\/\/global-hookah.com\/product\/new-bar-shisha-pipe-set-4-hoses-glass-hookah-pipe-wholesale\/","name":"Neue Bar Shisha Pfeife Set 4 Schl\u00e4uche Glas Hookah Pfeife Gro\u00dfhandel - Global Hookah","isPartOf":{"@id":"https:\/\/global-hookah.com\/#website"},"primaryImageOfPage":{"@id":"https:\/\/global-hookah.com\/product\/new-bar-shisha-pipe-set-4-hoses-glass-hookah-pipe-wholesale\/#primaryimage"},"image":{"@id":"https:\/\/global-hookah.com\/product\/new-bar-shisha-pipe-set-4-hoses-glass-hookah-pipe-wholesale\/#primaryimage"},"thumbnailUrl":"https:\/\/global-hookah.com\/wp-content\/uploads\/2023\/07\/New-Bar-Shisha-Pipe-Set-4-Hoses-Glass-Hookah-Pipa-Narguile-Completo-Chicha-Cachimba-Hooka-Sisha.jpg","datePublished":"2023-07-30T01:53:33+00:00","dateModified":"2024-06-26T02:55:55+00:00","breadcrumb":{"@id":"https:\/\/global-hookah.com\/product\/new-bar-shisha-pipe-set-4-hoses-glass-hookah-pipe-wholesale\/#breadcrumb"},"inLanguage":"de","potentialAction":[{"@type":"ReadAction","target":["https:\/\/global-hookah.com\/product\/new-bar-shisha-pipe-set-4-hoses-glass-hookah-pipe-wholesale\/"]}]},{"@type":"ImageObject","inLanguage":"de","@id":"https:\/\/global-hookah.com\/product\/new-bar-shisha-pipe-set-4-hoses-glass-hookah-pipe-wholesale\/#primaryimage","url":"https:\/\/global-hookah.com\/wp-content\/uploads\/2023\/07\/New-Bar-Shisha-Pipe-Set-4-Hoses-Glass-Hookah-Pipa-Narguile-Completo-Chicha-Cachimba-Hooka-Sisha.jpg","contentUrl":"https:\/\/global-hookah.com\/wp-content\/uploads\/2023\/07\/New-Bar-Shisha-Pipe-Set-4-Hoses-Glass-Hookah-Pipa-Narguile-Completo-Chicha-Cachimba-Hooka-Sisha.jpg","width":1920,"height":1920,"caption":"4 Hoses Glass Hookah Pipe Wholesale"},{"@type":"BreadcrumbList","@id":"https:\/\/global-hookah.com\/product\/new-bar-shisha-pipe-set-4-hoses-glass-hookah-pipe-wholesale\/#breadcrumb","itemListElement":[{"@type":"ListItem","position":1,"name":"Home","item":"https:\/\/global-hookah.com\/"},{"@type":"ListItem","position":2,"name":"Shop","item":"https:\/\/global-hookah.com\/shop\/"},{"@type":"ListItem","position":3,"name":"New Bar Shisha Pipe Set 4 Hoses Glass Hookah Pipe Wholesale"}]},{"@type":"WebSite","@id":"https:\/\/global-hookah.com\/#website","url":"https:\/\/global-hookah.com\/","name":"Globale Wasserpfeife","description":"Globale Wasserpfeife","publisher":{"@id":"https:\/\/global-hookah.com\/#organization"},"potentialAction":[{"@type":"SearchAction","target":{"@type":"EntryPoint","urlTemplate":"https:\/\/global-hookah.com\/?s={search_term_string}"},"query-input":{"@type":"PropertyValueSpecification","valueRequired":true,"valueName":"search_term_string"}}],"inLanguage":"de"},{"@type":"Organization","@id":"https:\/\/global-hookah.com\/#organization","name":"Globale Wasserpfeife","url":"https:\/\/global-hookah.com\/","logo":{"@type":"ImageObject","inLanguage":"de","@id":"https:\/\/global-hookah.com\/#\/schema\/logo\/image\/","url":"https:\/\/global-hookah.com\/wp-content\/uploads\/2021\/10\/cropped-fgg.png","contentUrl":"https:\/\/global-hookah.com\/wp-content\/uploads\/2021\/10\/cropped-fgg.png","width":512,"height":512,"caption":"Global Hookah"},"image":{"@id":"https:\/\/global-hookah.com\/#\/schema\/logo\/image\/"}}]}},"_links":{"self":[{"href":"https:\/\/global-hookah.com\/de\/wp-json\/wp\/v2\/product\/12854","targetHints":{"allow":["GET"]}}],"collection":[{"href":"https:\/\/global-hookah.com\/de\/wp-json\/wp\/v2\/product"}],"about":[{"href":"https:\/\/global-hookah.com\/de\/wp-json\/wp\/v2\/types\/product"}],"replies":[{"embeddable":true,"href":"https:\/\/global-hookah.com\/de\/wp-json\/wp\/v2\/comments?post=12854"}],"version-history":[{"count":0,"href":"https:\/\/global-hookah.com\/de\/wp-json\/wp\/v2\/product\/12854\/revisions"}],"wp:featuredmedia":[{"embeddable":true,"href":"https:\/\/global-hookah.com\/de\/wp-json\/wp\/v2\/media\/12855"}],"wp:attachment":[{"href":"https:\/\/global-hookah.com\/de\/wp-json\/wp\/v2\/media?parent=12854"}],"wp:term":[{"taxonomy":"product_brand","embeddable":true,"href":"https:\/\/global-hookah.com\/de\/wp-json\/wp\/v2\/product_brand?post=12854"},{"taxonomy":"product_cat","embeddable":true,"href":"https:\/\/global-hookah.com\/de\/wp-json\/wp\/v2\/product_cat?post=12854"},{"taxonomy":"product_tag","embeddable":true,"href":"https:\/\/global-hookah.com\/de\/wp-json\/wp\/v2\/product_tag?post=12854"}],"curies":[{"name":"wp","href":"https:\/\/api.w.org\/{rel}","templated":true}]}}