{"id":12871,"date":"2023-07-30T01:58:36","date_gmt":"2023-07-30T01:58:36","guid":{"rendered":"https:\/\/global-hookah.com\/product\/china-travel-glass-shisha-hookah-pipe\/"},"modified":"2026-02-10T08:31:02","modified_gmt":"2026-02-10T08:31:02","slug":"china-travel-glass-shisha-hookah-pipe","status":"publish","type":"product","link":"https:\/\/global-hookah.com\/de\/produkt\/china-travel-glass-shisha-hookah-pipe\/","title":{"rendered":"China Reise Glas Shisha Wasserpfeife"},"content":{"rendered":"<div class=\"product-specs-list-container\">\n<p>Das Sch\u00f6nste an diesem Projekt ist<strong> Reiseglas Wasserpfeife<\/strong> ist, dass es mit<strong> Reisende im Sinn<\/strong>. Dank seiner geringen H\u00f6he von 11 cm passt er sowohl in Standardtaschen als auch in Reiserucks\u00e4cke. Ich bin sicher, Sie werden ihn lieben, wenn Sie gerne reisen!<\/p>\n<p>Das pr\u00e4chtige <a href=\"https:\/\/global-hookah.com\/product-category\/wholesale-hookah\/glass-hookah-wholesale\/\"><strong>Glas Wasserpfeife<\/strong> <\/a>Geh\u00e4use, das f\u00fcr eine optimale Filtration entwickelt wurde, ist die zentrale Komponente dieses <strong>Reise Glas Shisha Wasserpfeife Pi<\/strong>pe. Der dickere Boden sorgt f\u00fcr Robustheit und h\u00e4lt St\u00f6\u00dfen und Temperaturschwankungen stand, und der einfache Wassertank erm\u00f6glicht es Ihnen, ihn mit Ihrem bevorzugten Wasser oder Eis zu f\u00fcllen.<\/p>\n<p>Vom Sockel nach oben ragt ein mehrteiliger Metallstiel - oder eine S\u00e4ule - mit hochgl\u00e4nzender Chromoberfl\u00e4che, die einen erstklassigen, edlen Glanz ausstrahlt. Die S\u00e4ule besteht aus pr\u00e4zisionsgefertigtem CNC-gefr\u00e4stem Edelstahl, der nahtlos in hochwertiges Borosilikatglas integriert ist, und verf\u00fcgt \u00fcber innovative kugelgelagerte Bel\u00fcftungs\u00f6ffnungen an wichtigen Verbindungspunkten, die einen reibungslosen, ungehinderten Luftstrom mit minimalem Widerstand gew\u00e4hrleisten.<\/p>\n<p>Ohne Werkzeug lassen sich alle Teile schnell zerlegen und wieder zusammenbauen. In einem Hotelzimmer, einem Ferienhaus oder auf einem Campingplatz im Freien k\u00f6nnen Sie ihn dank der Gewindeanschl\u00fcsse schnell aufbauen und in Betrieb nehmen. Auch die Reinigung und Wartung sind einfach, ebenso wie die Demontage.<\/p>\n<ul class=\"product-specs-list util-clearfix\">\n<li class=\"product-prop line-limit-length\"><span class=\"property-title\">Farbe:\u00a0<\/span><span class=\"property-desc line-limit-length\">Wei\u00df<\/span><\/li>\n<li class=\"product-prop line-limit-length\"><span class=\"property-title\">Gesamth\u00f6he:\u00a0<\/span><span class=\"property-desc line-limit-length\">30CM\/11.81\u2033<\/span><\/li>\n<li class=\"product-prop line-limit-length\"><span class=\"property-title\">Glas Sockel Breite:\u00a0<\/span><span class=\"property-desc line-limit-length\">11CM\/4.33\u2033<\/span><\/li>\n<li class=\"product-prop line-limit-length\"><span class=\"property-title\">Verwendung:\u00a0<\/span><span class=\"property-desc line-limit-length\">Shisha-Pfeife&amp;Zubeh\u00f6r<\/span><\/li>\n<\/ul>\n<\/div>\n<div class=\"detailmodule_image\"><img decoding=\"async\" class=\"detail-desc-decorate-image\" src=\"https:\/\/ae01.alicdn.com\/kf\/H680f141f6f92479ca0bbb319a3dbd5d9R.jpg\" \/><img decoding=\"async\" class=\"detail-desc-decorate-image\" src=\"https:\/\/ae01.alicdn.com\/kf\/Hefa23932f54d4d758fa6df151db3aa0da.jpg\" \/><img decoding=\"async\" class=\"detail-desc-decorate-image\" src=\"https:\/\/ae01.alicdn.com\/kf\/H11c25b9bb5b14366abb226b22a504829j.jpg\" \/><img decoding=\"async\" class=\"detail-desc-decorate-image\" src=\"https:\/\/ae01.alicdn.com\/kf\/H2ab3b58623d84d238d73d7d584b319200.jpg\" \/><\/div>\n<div class=\"detailmodule_html\">\n<div class=\"detail-desc-decorate-richtext\">\n<div style=\"overflow: hidden; height: 0px;\">modname=ckeditor<\/div>\n<div>\n<p><img decoding=\"async\" style=\"display: block;\" src=\"https:\/\/ae01.alicdn.com\/kf\/H1934d834bf00411f9d87465f9152565dA.jpg\" \/><img decoding=\"async\" style=\"display: block;\" src=\"https:\/\/ae01.alicdn.com\/kf\/H1dcf2c7b2eff45e88d9d945636c5cb2eN.jpg\" \/><img decoding=\"async\" style=\"display: block;\" src=\"https:\/\/ae01.alicdn.com\/kf\/Hcbb90694502c4c38bc7d449e7d39cf99X.jpg\" \/><img decoding=\"async\" style=\"display: block;\" src=\"https:\/\/ae01.alicdn.com\/kf\/H4274d6c7544b47bdbcb34cc86c6b6b9d7.jpg\" \/><img decoding=\"async\" style=\"display: block;\" src=\"https:\/\/ae01.alicdn.com\/kf\/H2b29305bb56c4eea90968081b24fb8e7x.jpg\" \/><img decoding=\"async\" style=\"display: block;\" src=\"https:\/\/ae01.alicdn.com\/kf\/Hbb123f2b0d4048cdb8bce42d5b4e99deG.jpg\" \/><img decoding=\"async\" style=\"display: block;\" src=\"https:\/\/ae01.alicdn.com\/kf\/He998f8754e8e442bb9401f5d372909bb5.jpg\" \/><img decoding=\"async\" style=\"display: block;\" src=\"https:\/\/ae01.alicdn.com\/kf\/H4e5f91e09bd94728945c09a2de626890k.jpg\" \/><img decoding=\"async\" style=\"display: block;\" src=\"https:\/\/ae01.alicdn.com\/kf\/H6358b9374d64489b929452983b7b23ccL.jpg\" \/><img decoding=\"async\" style=\"display: block;\" src=\"https:\/\/ae01.alicdn.com\/kf\/H68a45124bdeb4ab380b6b4ff4b7e8b55C.jpg\" \/><img decoding=\"async\" style=\"display: block;\" src=\"https:\/\/ae01.alicdn.com\/kf\/H4258620dad674b65a7963aa2b886ee5aA.jpg\" \/><\/p>\n<\/div>\n<\/div>\n<\/div>\n<p>&nbsp;<\/p>\n<p>&nbsp;<\/p>\n<p>&nbsp;<\/p>","protected":false},"excerpt":{"rendered":"<p>Das Sch\u00f6nste an dieser Reise-Glas-Wasserpfeife ist, dass sie f\u00fcr Reisende gemacht wurde. Seine geringe H\u00f6he<\/p>","protected":false},"featured_media":12872,"comment_status":"open","ping_status":"closed","template":"","meta":{"iawp_total_views":2,"_joinchat":[]},"product_brand":[],"product_cat":[560,559,119],"product_tag":[],"class_list":{"0":"post-12871","1":"product","2":"type-product","3":"status-publish","4":"has-post-thumbnail","6":"product_cat-glass-hookah-wholesale","7":"product_cat-portable-hookah-wholesale","8":"product_cat-wholesale-hookah","10":"first","11":"instock","12":"shipping-taxable","13":"product-type-external"},"yoast_head":"<!-- This site is optimized with the Yoast SEO Premium plugin v24.7 (Yoast SEO v26.8) - https:\/\/yoast.com\/product\/yoast-seo-premium-wordpress\/ -->\n<title>China Travel Glass Shisha Hookah Pipe - Global Hookah<\/title>\n<meta name=\"robots\" content=\"index, follow, max-snippet:-1, max-image-preview:large, max-video-preview:-1\" \/>\n<link rel=\"canonical\" href=\"https:\/\/global-hookah.com\/de\/produkt\/china-travel-glass-shisha-hookah-pipe\/\" \/>\n<meta property=\"og:locale\" content=\"de_DE\" \/>\n<meta property=\"og:type\" content=\"article\" \/>\n<meta property=\"og:title\" content=\"China Travel Glass Shisha Hookah Pipe\" \/>\n<meta property=\"og:description\" content=\"The nicest thing about this travel glass hookah is that it was made with travelers in mind. Its small height\" \/>\n<meta property=\"og:url\" content=\"https:\/\/global-hookah.com\/de\/produkt\/china-travel-glass-shisha-hookah-pipe\/\" \/>\n<meta property=\"og:site_name\" content=\"Global Hookah\" \/>\n<meta property=\"article:modified_time\" content=\"2026-02-10T08:31:02+00:00\" \/>\n<meta property=\"og:image\" content=\"https:\/\/global-hookah.com\/wp-content\/uploads\/2023\/07\/Travel-Glass-Shisha-Hookah-Pipe-Chicha-Pipa-Narguile-Completo-Cachimba-Nargile-Double-Hose-Smoking-Accessories.jpg\" \/>\n\t<meta property=\"og:image:width\" content=\"1000\" \/>\n\t<meta property=\"og:image:height\" content=\"1000\" \/>\n\t<meta property=\"og:image:type\" content=\"image\/jpeg\" \/>\n<meta name=\"twitter:card\" content=\"summary_large_image\" \/>\n<meta name=\"twitter:label1\" content=\"Gesch\u00e4tzte Lesezeit\" \/>\n\t<meta name=\"twitter:data1\" content=\"5\u00a0Minuten\" \/>\n<script type=\"application\/ld+json\" class=\"yoast-schema-graph\">{\"@context\":\"https:\/\/schema.org\",\"@graph\":[{\"@type\":\"WebPage\",\"@id\":\"https:\/\/global-hookah.com\/product\/china-travel-glass-shisha-hookah-pipe\/\",\"url\":\"https:\/\/global-hookah.com\/product\/china-travel-glass-shisha-hookah-pipe\/\",\"name\":\"China Travel Glass Shisha Hookah Pipe - Global Hookah\",\"isPartOf\":{\"@id\":\"https:\/\/global-hookah.com\/#website\"},\"primaryImageOfPage\":{\"@id\":\"https:\/\/global-hookah.com\/product\/china-travel-glass-shisha-hookah-pipe\/#primaryimage\"},\"image\":{\"@id\":\"https:\/\/global-hookah.com\/product\/china-travel-glass-shisha-hookah-pipe\/#primaryimage\"},\"thumbnailUrl\":\"https:\/\/global-hookah.com\/wp-content\/uploads\/2023\/07\/Travel-Glass-Shisha-Hookah-Pipe-Chicha-Pipa-Narguile-Completo-Cachimba-Nargile-Double-Hose-Smoking-Accessories.jpg\",\"datePublished\":\"2023-07-30T01:58:36+00:00\",\"dateModified\":\"2026-02-10T08:31:02+00:00\",\"breadcrumb\":{\"@id\":\"https:\/\/global-hookah.com\/product\/china-travel-glass-shisha-hookah-pipe\/#breadcrumb\"},\"inLanguage\":\"de\",\"potentialAction\":[{\"@type\":\"ReadAction\",\"target\":[\"https:\/\/global-hookah.com\/product\/china-travel-glass-shisha-hookah-pipe\/\"]}]},{\"@type\":\"ImageObject\",\"inLanguage\":\"de\",\"@id\":\"https:\/\/global-hookah.com\/product\/china-travel-glass-shisha-hookah-pipe\/#primaryimage\",\"url\":\"https:\/\/global-hookah.com\/wp-content\/uploads\/2023\/07\/Travel-Glass-Shisha-Hookah-Pipe-Chicha-Pipa-Narguile-Completo-Cachimba-Nargile-Double-Hose-Smoking-Accessories.jpg\",\"contentUrl\":\"https:\/\/global-hookah.com\/wp-content\/uploads\/2023\/07\/Travel-Glass-Shisha-Hookah-Pipe-Chicha-Pipa-Narguile-Completo-Cachimba-Nargile-Double-Hose-Smoking-Accessories.jpg\",\"width\":1000,\"height\":1000,\"caption\":\"China Travel Glass Shisha Hookah Pipe\"},{\"@type\":\"BreadcrumbList\",\"@id\":\"https:\/\/global-hookah.com\/product\/china-travel-glass-shisha-hookah-pipe\/#breadcrumb\",\"itemListElement\":[{\"@type\":\"ListItem\",\"position\":1,\"name\":\"Home\",\"item\":\"https:\/\/global-hookah.com\/\"},{\"@type\":\"ListItem\",\"position\":2,\"name\":\"Shop\",\"item\":\"https:\/\/global-hookah.com\/shop\/\"},{\"@type\":\"ListItem\",\"position\":3,\"name\":\"China Travel Glass Shisha Hookah Pipe\"}]},{\"@type\":\"WebSite\",\"@id\":\"https:\/\/global-hookah.com\/#website\",\"url\":\"https:\/\/global-hookah.com\/\",\"name\":\"Global Hookah\",\"description\":\"Global Hookah\",\"publisher\":{\"@id\":\"https:\/\/global-hookah.com\/#organization\"},\"potentialAction\":[{\"@type\":\"SearchAction\",\"target\":{\"@type\":\"EntryPoint\",\"urlTemplate\":\"https:\/\/global-hookah.com\/?s={search_term_string}\"},\"query-input\":{\"@type\":\"PropertyValueSpecification\",\"valueRequired\":true,\"valueName\":\"search_term_string\"}}],\"inLanguage\":\"de\"},{\"@type\":\"Organization\",\"@id\":\"https:\/\/global-hookah.com\/#organization\",\"name\":\"Global Hookah\",\"url\":\"https:\/\/global-hookah.com\/\",\"logo\":{\"@type\":\"ImageObject\",\"inLanguage\":\"de\",\"@id\":\"https:\/\/global-hookah.com\/#\/schema\/logo\/image\/\",\"url\":\"https:\/\/global-hookah.com\/wp-content\/uploads\/2021\/10\/cropped-fgg.png\",\"contentUrl\":\"https:\/\/global-hookah.com\/wp-content\/uploads\/2021\/10\/cropped-fgg.png\",\"width\":512,\"height\":512,\"caption\":\"Global Hookah\"},\"image\":{\"@id\":\"https:\/\/global-hookah.com\/#\/schema\/logo\/image\/\"}}]}<\/script>\n<!-- \/ Yoast SEO Premium plugin. -->","yoast_head_json":{"title":"China Reise Glas Shisha Wasserpfeife - Global Hookah","robots":{"index":"index","follow":"follow","max-snippet":"max-snippet:-1","max-image-preview":"max-image-preview:large","max-video-preview":"max-video-preview:-1"},"canonical":"https:\/\/global-hookah.com\/de\/produkt\/china-travel-glass-shisha-hookah-pipe\/","og_locale":"de_DE","og_type":"article","og_title":"China Travel Glass Shisha Hookah Pipe","og_description":"The nicest thing about this travel glass hookah is that it was made with travelers in mind. Its small height","og_url":"https:\/\/global-hookah.com\/de\/produkt\/china-travel-glass-shisha-hookah-pipe\/","og_site_name":"Global Hookah","article_modified_time":"2026-02-10T08:31:02+00:00","og_image":[{"width":1000,"height":1000,"url":"https:\/\/global-hookah.com\/wp-content\/uploads\/2023\/07\/Travel-Glass-Shisha-Hookah-Pipe-Chicha-Pipa-Narguile-Completo-Cachimba-Nargile-Double-Hose-Smoking-Accessories.jpg","type":"image\/jpeg"}],"twitter_card":"summary_large_image","twitter_misc":{"Gesch\u00e4tzte Lesezeit":"5\u00a0Minuten"},"schema":{"@context":"https:\/\/schema.org","@graph":[{"@type":"WebPage","@id":"https:\/\/global-hookah.com\/product\/china-travel-glass-shisha-hookah-pipe\/","url":"https:\/\/global-hookah.com\/product\/china-travel-glass-shisha-hookah-pipe\/","name":"China Reise Glas Shisha Wasserpfeife - Global Hookah","isPartOf":{"@id":"https:\/\/global-hookah.com\/#website"},"primaryImageOfPage":{"@id":"https:\/\/global-hookah.com\/product\/china-travel-glass-shisha-hookah-pipe\/#primaryimage"},"image":{"@id":"https:\/\/global-hookah.com\/product\/china-travel-glass-shisha-hookah-pipe\/#primaryimage"},"thumbnailUrl":"https:\/\/global-hookah.com\/wp-content\/uploads\/2023\/07\/Travel-Glass-Shisha-Hookah-Pipe-Chicha-Pipa-Narguile-Completo-Cachimba-Nargile-Double-Hose-Smoking-Accessories.jpg","datePublished":"2023-07-30T01:58:36+00:00","dateModified":"2026-02-10T08:31:02+00:00","breadcrumb":{"@id":"https:\/\/global-hookah.com\/product\/china-travel-glass-shisha-hookah-pipe\/#breadcrumb"},"inLanguage":"de","potentialAction":[{"@type":"ReadAction","target":["https:\/\/global-hookah.com\/product\/china-travel-glass-shisha-hookah-pipe\/"]}]},{"@type":"ImageObject","inLanguage":"de","@id":"https:\/\/global-hookah.com\/product\/china-travel-glass-shisha-hookah-pipe\/#primaryimage","url":"https:\/\/global-hookah.com\/wp-content\/uploads\/2023\/07\/Travel-Glass-Shisha-Hookah-Pipe-Chicha-Pipa-Narguile-Completo-Cachimba-Nargile-Double-Hose-Smoking-Accessories.jpg","contentUrl":"https:\/\/global-hookah.com\/wp-content\/uploads\/2023\/07\/Travel-Glass-Shisha-Hookah-Pipe-Chicha-Pipa-Narguile-Completo-Cachimba-Nargile-Double-Hose-Smoking-Accessories.jpg","width":1000,"height":1000,"caption":"China Travel Glass Shisha Hookah Pipe"},{"@type":"BreadcrumbList","@id":"https:\/\/global-hookah.com\/product\/china-travel-glass-shisha-hookah-pipe\/#breadcrumb","itemListElement":[{"@type":"ListItem","position":1,"name":"Home","item":"https:\/\/global-hookah.com\/"},{"@type":"ListItem","position":2,"name":"Shop","item":"https:\/\/global-hookah.com\/shop\/"},{"@type":"ListItem","position":3,"name":"China Travel Glass Shisha Hookah Pipe"}]},{"@type":"WebSite","@id":"https:\/\/global-hookah.com\/#website","url":"https:\/\/global-hookah.com\/","name":"Globale Wasserpfeife","description":"Globale Wasserpfeife","publisher":{"@id":"https:\/\/global-hookah.com\/#organization"},"potentialAction":[{"@type":"SearchAction","target":{"@type":"EntryPoint","urlTemplate":"https:\/\/global-hookah.com\/?s={search_term_string}"},"query-input":{"@type":"PropertyValueSpecification","valueRequired":true,"valueName":"search_term_string"}}],"inLanguage":"de"},{"@type":"Organization","@id":"https:\/\/global-hookah.com\/#organization","name":"Globale Wasserpfeife","url":"https:\/\/global-hookah.com\/","logo":{"@type":"ImageObject","inLanguage":"de","@id":"https:\/\/global-hookah.com\/#\/schema\/logo\/image\/","url":"https:\/\/global-hookah.com\/wp-content\/uploads\/2021\/10\/cropped-fgg.png","contentUrl":"https:\/\/global-hookah.com\/wp-content\/uploads\/2021\/10\/cropped-fgg.png","width":512,"height":512,"caption":"Global Hookah"},"image":{"@id":"https:\/\/global-hookah.com\/#\/schema\/logo\/image\/"}}]}},"_links":{"self":[{"href":"https:\/\/global-hookah.com\/de\/wp-json\/wp\/v2\/product\/12871","targetHints":{"allow":["GET"]}}],"collection":[{"href":"https:\/\/global-hookah.com\/de\/wp-json\/wp\/v2\/product"}],"about":[{"href":"https:\/\/global-hookah.com\/de\/wp-json\/wp\/v2\/types\/product"}],"replies":[{"embeddable":true,"href":"https:\/\/global-hookah.com\/de\/wp-json\/wp\/v2\/comments?post=12871"}],"version-history":[{"count":3,"href":"https:\/\/global-hookah.com\/de\/wp-json\/wp\/v2\/product\/12871\/revisions"}],"predecessor-version":[{"id":33133,"href":"https:\/\/global-hookah.com\/de\/wp-json\/wp\/v2\/product\/12871\/revisions\/33133"}],"wp:featuredmedia":[{"embeddable":true,"href":"https:\/\/global-hookah.com\/de\/wp-json\/wp\/v2\/media\/12872"}],"wp:attachment":[{"href":"https:\/\/global-hookah.com\/de\/wp-json\/wp\/v2\/media?parent=12871"}],"wp:term":[{"taxonomy":"product_brand","embeddable":true,"href":"https:\/\/global-hookah.com\/de\/wp-json\/wp\/v2\/product_brand?post=12871"},{"taxonomy":"product_cat","embeddable":true,"href":"https:\/\/global-hookah.com\/de\/wp-json\/wp\/v2\/product_cat?post=12871"},{"taxonomy":"product_tag","embeddable":true,"href":"https:\/\/global-hookah.com\/de\/wp-json\/wp\/v2\/product_tag?post=12871"}],"curies":[{"name":"wp","href":"https:\/\/api.w.org\/{rel}","templated":true}]}}