{"id":12891,"date":"2023-07-30T02:23:35","date_gmt":"2023-07-30T02:23:35","guid":{"rendered":"https:\/\/global-hookah.com\/product\/red-portable-hookah-wholesale\/"},"modified":"2024-01-12T07:48:39","modified_gmt":"2024-01-12T07:48:39","slug":"red-portable-hookah-wholesale","status":"publish","type":"product","link":"https:\/\/global-hookah.com\/de\/produkt\/red-portable-hookah-wholesale\/","title":{"rendered":"Rote tragbare Wasserpfeife Gro\u00dfhandel"},"content":{"rendered":"<p>In den letzten Jahren hat sich die Popularit\u00e4t von <strong>Rote tragbare Wasserpfeife<\/strong> ist auf dem Vormarsch und zieht sowohl erfahrene Enthusiasten als auch Neulinge in ihren Bann. Aus diesem Grund haben wir speziell diese <strong>kleine tragbare Wasserpfeife<\/strong> Diese kompakte Wasserpfeife wurde mit Blick auf den modernen Lebensstil entwickelt und erm\u00f6glicht es Ihnen, Ihre Lieblingsaromen jederzeit und \u00fcberall zu genie\u00dfen. Mit seiner leichten Bauweise, die <strong>rote tragbare Wasserpfeife<\/strong> ist leicht zu transportieren und eignet sich daher perfekt f\u00fcr Veranstaltungen im Freien, Partys oder auch f\u00fcr einen ruhigen Abend zu Hause.<\/p>\n<p>Sein schlankes Design liegt gut in der Hand und l\u00e4sst sich m\u00fchelos in der Tasche oder im Rucksack verstauen. Das Aufstellen des<strong> kleine tragbare Wasserpfeife<\/strong> ist ein Kinderspiel. Der Zusammenbau ist einfach und erfordert keine zus\u00e4tzlichen Werkzeuge oder komplizierten Anweisungen. Innerhalb weniger Minuten ist er einsatzbereit, ohne dass es zu Problemen kommt. Au\u00dferdem, <strong>rotes Wasserpfeifen-Set<\/strong> sind bei den Verbrauchern aufgrund ihres auff\u00e4lligen Aussehens und ihrer F\u00e4higkeit, jeder Zusammenkunft ein Stilelement hinzuzuf\u00fcgen, sehr beliebt geworden.<\/p>\n<p>Unser Versprechen an die Verbraucher ist es, ihnen Folgendes zu bieten <a href=\"https:\/\/global-hookah.com\/product-category\/wholesale-hookah\/\">Premium Wasserpfeifen im Gro\u00dfhandel<\/a> Kosten, die fair sind. Wir k\u00f6nnen Ihnen helfen, das perfekte Produkt f\u00fcr Ihre Einrichtung zu finden, wenn Sie auf der Suche nach einzigartigen Waren f\u00fcr Ihre Bar oder Ihr Restaurant sind.<\/p>\n<div class=\"detailmodule_html\">\n<div class=\"detail-desc-decorate-richtext\">\n<p><img decoding=\"async\" src=\"https:\/\/ae01.alicdn.com\/kf\/S964a616f0b644c3aa7d085c93e5a6240K.jpg?width=800&amp;height=800&amp;hash=1600\" \/><img decoding=\"async\" src=\"https:\/\/ae01.alicdn.com\/kf\/S2a57a99178f74d46bd641dc48fd9d1fav.jpg?width=800&amp;height=800&amp;hash=1600\" \/><img decoding=\"async\" src=\"https:\/\/ae01.alicdn.com\/kf\/S7279a3ca3ed446b6ba42300d1d61ef29f.jpg?width=800&amp;height=800&amp;hash=1600\" \/><img decoding=\"async\" src=\"https:\/\/ae01.alicdn.com\/kf\/S35297991b10d4c6f8a78315b80bfeb0ap.jpg?width=800&amp;height=800&amp;hash=1600\" \/><img decoding=\"async\" src=\"https:\/\/ae01.alicdn.com\/kf\/S679b858a79ac473fa41b1145ef83cc6bm.jpg?width=800&amp;height=800&amp;hash=1600\" \/><img decoding=\"async\" src=\"https:\/\/ae01.alicdn.com\/kf\/S7169ed838ac74bf0be8706fd9a1db219c.jpg?width=800&amp;height=800&amp;hash=1600\" \/><img decoding=\"async\" src=\"https:\/\/ae01.alicdn.com\/kf\/S2b623a43d5a14fb4a047bf44088fdab26.jpg?width=800&amp;height=800&amp;hash=1600\" \/><img decoding=\"async\" src=\"https:\/\/ae01.alicdn.com\/kf\/S5decaafad32e46549bff0d090835c3921.jpg?width=800&amp;height=800&amp;hash=1600\" \/><img decoding=\"async\" src=\"https:\/\/ae01.alicdn.com\/kf\/S971fa4e048464f07844ccccd16740f1cr.jpg?width=800&amp;height=800&amp;hash=1600\" \/><img decoding=\"async\" src=\"https:\/\/ae01.alicdn.com\/kf\/Sb440a007396c4011a446e8ceedfeb36eP.jpg?width=800&amp;height=800&amp;hash=1600\" \/><img decoding=\"async\" src=\"https:\/\/ae01.alicdn.com\/kf\/S7f8f9d81acc94739bff062c2b69196012.jpg?width=800&amp;height=800&amp;hash=1600\" \/><img decoding=\"async\" src=\"https:\/\/ae01.alicdn.com\/kf\/S5d1062cb67824759b3830d39441e17ebb.jpg?width=800&amp;height=800&amp;hash=1600\" \/><img decoding=\"async\" src=\"https:\/\/ae01.alicdn.com\/kf\/S22060b55009a49e7ae77a152691f3dc9T.jpg?width=800&amp;height=800&amp;hash=1600\" \/><img decoding=\"async\" src=\"https:\/\/ae01.alicdn.com\/kf\/Sdaf51e4d361a43d28fe642bf85d7034eG.jpg?width=800&amp;height=800&amp;hash=1600\" \/><img decoding=\"async\" src=\"https:\/\/ae01.alicdn.com\/kf\/S607c3da3aadd4d908fc1ee69ef2a6683L.jpg?width=800&amp;height=800&amp;hash=1600\" \/><\/p>\n<p><img decoding=\"async\" src=\"https:\/\/ae01.alicdn.com\/kf\/S971fa4e048464f07844ccccd16740f1cr.jpg?width=800&amp;height=800&amp;hash=1600\" \/><img decoding=\"async\" src=\"https:\/\/ae01.alicdn.com\/kf\/S35297991b10d4c6f8a78315b80bfeb0ap.jpg?width=800&amp;height=800&amp;hash=1600\" \/><img decoding=\"async\" src=\"https:\/\/ae01.alicdn.com\/kf\/S7169ed838ac74bf0be8706fd9a1db219c.jpg?width=800&amp;height=800&amp;hash=1600\" \/><img decoding=\"async\" src=\"https:\/\/ae01.alicdn.com\/kf\/S9f93df7f19c945738971d8b18f0cac165.jpg?width=750&amp;height=648&amp;hash=1398\" \/><\/p>\n<p style=\"text-align: center; margin: 5pt 0pt 5pt 0pt;\" align=\"center\"><strong><span class=\"15\" style=\"font-size: 24pt;\"><span style=\"background-color: #68bc00;\"><span style=\"color: #000000;\"><span style=\"font-family: 'Comic Sans MS';\">MOONSHADE Rauchen<\/span><\/span><\/span><\/span><\/strong><\/p>\n<p style=\"text-align: justify; margin: 5pt 0pt 5pt 0pt;\" align=\"justify\"><span style=\"background-color: #ffffff;\"><span style=\"color: #000000;\"><span style=\"font-size: 14px;\"><span style=\"font-family: arial, helvetica, sans-serif;\">1. Unterst\u00fctzung f\u00fcr Gro\u00dfhandel, Dropshipping, Logo Customize, OEM! <\/span><\/span><\/span><\/span><\/p>\n<p style=\"text-align: justify; margin: 5pt 0pt 5pt 0pt;\" align=\"justify\"><span style=\"background-color: #ffffff;\"><span style=\"color: #000000;\"><span style=\"font-size: 14px;\"><span style=\"font-family: arial, helvetica, sans-serif;\">2. +Folgen Sie dem Gesch\u00e4ft und erhalten Sie Rabatte oder Gutscheine <\/span><\/span><\/span><\/span><\/p>\n<p style=\"text-align: justify; margin: 5pt 0pt 5pt 0pt;\" align=\"justify\"><span style=\"background-color: #ffffff;\"><span style=\"color: #000000;\"><span style=\"font-size: 14px;\"><span style=\"font-family: arial, helvetica, sans-serif;\">3. \u00dcber Farbe: Ein Teil der Produkte werden zuf\u00e4llige Farbe gesendet, um schnelle Versandgeschwindigkeit beizubehalten (wenn Sie welche Farbe w\u00fcnschen, lassen Sie bitte Anmerkung oder Nachricht) <\/span><\/span><\/span><\/span><\/p>\n<p style=\"text-align: justify; margin: 5pt 0pt 5pt 0pt;\" align=\"justify\"><span style=\"background-color: #ffffff;\"><span style=\"color: #000000;\"><span style=\"font-size: 14px;\"><span style=\"font-family: arial, helvetica, sans-serif;\">4. \u00dcber Stecker: Egal, welches Land Sie sind aus, wir alle senden Sie Standard-Konvertierung Stecker passt Ihre nationale. <\/span><\/span><\/span><\/span><\/p>\n<p style=\"text-align: justify; margin: 5pt 0pt 5pt 0pt;\" align=\"justify\"><span style=\"background-color: #ffffff;\"><span style=\"color: #000000;\"><span style=\"font-size: 14px;\"><span style=\"font-family: arial, helvetica, sans-serif;\">5. Wir garantieren, die Ware innerhalb von 24 Stunden nach Zahlungsbest\u00e4tigung zu versenden, au\u00dfer an Feiertagen <\/span><\/span><\/span><\/span><\/p>\n<p style=\"text-align: justify; margin: 5pt 0pt 5pt 0pt;\" align=\"justify\"><span style=\"background-color: #ffffff;\"><span style=\"color: #000000;\"><span style=\"font-size: 14px;\"><span style=\"font-family: arial, helvetica, sans-serif;\">6. Wir versenden durch AliExpress Standard Versand, DHL, Fedex, haupts\u00e4chlich entsprechend der Versandmethode Ihrer Wahl. <\/span><\/span><\/span><\/span><\/p>\n<p style=\"text-align: justify; margin: 5pt 0pt 5pt 0pt;\" align=\"justify\"><span style=\"background-color: #ffffff;\"><span style=\"color: #000000;\"><span style=\"font-size: 14px;\"><span style=\"font-family: arial, helvetica, sans-serif;\">7. Wir haben reiche Versanderfahrung, Sie werden keine Probleme mit dem Zoll haben, bitte 100% Garantie glauben Sie uns. <\/span><\/span><\/span><\/span><\/p>\n<p style=\"text-align: justify; margin: 5pt 0pt 5pt 0pt;\" align=\"justify\"><span style=\"background-color: #ffffff;\"><span style=\"color: #000000;\"><span style=\"font-size: 14px;\"><span style=\"font-family: arial, helvetica, sans-serif;\">8. Wenn Sie das Element nach 15-45 Tagen nicht erhalten haben, z\u00f6gern Sie nicht, uns zu kontaktieren.Wir werden uns bem\u00fchen, das Problem zu l\u00f6sen.Return &amp; Refund:Wenn irgendeine Frage \u00fcber Einzelteile, nehmen Sie bitte Fotos oder Videos, kontaktieren Sie uns, um wieder zu senden, R\u00fcckkehr oder R\u00fcckerstattung, brauchen Sie nicht \u00f6ffnen den Streit oder review.Warranty:100% Genuine und Qualit\u00e4tssicherung! Alle Artikel haben 1-3 Jahre Garantie.<\/span><\/span><\/span><\/span><\/p>\n<\/div>\n<\/div>","protected":false},"excerpt":{"rendered":"<p>In den letzten Jahren ist die Popularit\u00e4t der Red Portable Hookah gestiegen und hat sowohl erfahrene Enthusiasten als auch Neueinsteiger in ihren Bann gezogen.<\/p>","protected":false},"featured_media":12892,"comment_status":"open","ping_status":"closed","template":"","meta":{"iawp_total_views":0,"_joinchat":[]},"product_brand":[],"product_cat":[559,119],"product_tag":[],"class_list":{"0":"post-12891","1":"product","2":"type-product","3":"status-publish","4":"has-post-thumbnail","6":"product_cat-portable-hookah-wholesale","7":"product_cat-wholesale-hookah","9":"first","10":"instock","11":"shipping-taxable","12":"purchasable","13":"product-type-variable"},"yoast_head":"<!-- This site is optimized with the Yoast SEO Premium plugin v24.7 (Yoast SEO v26.8) - https:\/\/yoast.com\/product\/yoast-seo-premium-wordpress\/ -->\n<title>Red Portable Hookah Wholesale - Global Hookah<\/title>\n<meta name=\"robots\" content=\"index, follow, max-snippet:-1, max-image-preview:large, max-video-preview:-1\" \/>\n<link rel=\"canonical\" href=\"https:\/\/global-hookah.com\/de\/produkt\/red-portable-hookah-wholesale\/\" \/>\n<meta property=\"og:locale\" content=\"de_DE\" \/>\n<meta property=\"og:type\" content=\"article\" \/>\n<meta property=\"og:title\" content=\"Red Portable Hookah Wholesale\" \/>\n<meta property=\"og:description\" content=\"In recent years, the popularity of Red Portable Hookah has been on the rise, captivating both seasoned enthusiasts and newcomers\" \/>\n<meta property=\"og:url\" content=\"https:\/\/global-hookah.com\/de\/produkt\/red-portable-hookah-wholesale\/\" \/>\n<meta property=\"og:site_name\" content=\"Global Hookah\" \/>\n<meta property=\"article:modified_time\" content=\"2024-01-12T07:48:39+00:00\" \/>\n<meta property=\"og:image\" content=\"https:\/\/global-hookah.com\/wp-content\/uploads\/2023\/07\/HAPPY-SMOKING-Portable-Hookah-Red-Wine-Bottle-Head-with-Chichi-Bowl-Shisha-Pipes-for-Sheesha-Cachimba.jpg\" \/>\n\t<meta property=\"og:image:width\" content=\"800\" \/>\n\t<meta property=\"og:image:height\" content=\"800\" \/>\n\t<meta property=\"og:image:type\" content=\"image\/jpeg\" \/>\n<meta name=\"twitter:card\" content=\"summary_large_image\" \/>\n<meta name=\"twitter:label1\" content=\"Gesch\u00e4tzte Lesezeit\" \/>\n\t<meta name=\"twitter:data1\" content=\"6\u00a0Minuten\" \/>\n<script type=\"application\/ld+json\" class=\"yoast-schema-graph\">{\"@context\":\"https:\/\/schema.org\",\"@graph\":[{\"@type\":\"WebPage\",\"@id\":\"https:\/\/global-hookah.com\/product\/red-portable-hookah-wholesale\/\",\"url\":\"https:\/\/global-hookah.com\/product\/red-portable-hookah-wholesale\/\",\"name\":\"Red Portable Hookah Wholesale - Global Hookah\",\"isPartOf\":{\"@id\":\"https:\/\/global-hookah.com\/#website\"},\"primaryImageOfPage\":{\"@id\":\"https:\/\/global-hookah.com\/product\/red-portable-hookah-wholesale\/#primaryimage\"},\"image\":{\"@id\":\"https:\/\/global-hookah.com\/product\/red-portable-hookah-wholesale\/#primaryimage\"},\"thumbnailUrl\":\"https:\/\/global-hookah.com\/wp-content\/uploads\/2023\/07\/HAPPY-SMOKING-Portable-Hookah-Red-Wine-Bottle-Head-with-Chichi-Bowl-Shisha-Pipes-for-Sheesha-Cachimba.jpg\",\"datePublished\":\"2023-07-30T02:23:35+00:00\",\"dateModified\":\"2024-01-12T07:48:39+00:00\",\"breadcrumb\":{\"@id\":\"https:\/\/global-hookah.com\/product\/red-portable-hookah-wholesale\/#breadcrumb\"},\"inLanguage\":\"de\",\"potentialAction\":[{\"@type\":\"ReadAction\",\"target\":[\"https:\/\/global-hookah.com\/product\/red-portable-hookah-wholesale\/\"]}]},{\"@type\":\"ImageObject\",\"inLanguage\":\"de\",\"@id\":\"https:\/\/global-hookah.com\/product\/red-portable-hookah-wholesale\/#primaryimage\",\"url\":\"https:\/\/global-hookah.com\/wp-content\/uploads\/2023\/07\/HAPPY-SMOKING-Portable-Hookah-Red-Wine-Bottle-Head-with-Chichi-Bowl-Shisha-Pipes-for-Sheesha-Cachimba.jpg\",\"contentUrl\":\"https:\/\/global-hookah.com\/wp-content\/uploads\/2023\/07\/HAPPY-SMOKING-Portable-Hookah-Red-Wine-Bottle-Head-with-Chichi-Bowl-Shisha-Pipes-for-Sheesha-Cachimba.jpg\",\"width\":800,\"height\":800,\"caption\":\"Red Portable Hookah Wholesale\"},{\"@type\":\"BreadcrumbList\",\"@id\":\"https:\/\/global-hookah.com\/product\/red-portable-hookah-wholesale\/#breadcrumb\",\"itemListElement\":[{\"@type\":\"ListItem\",\"position\":1,\"name\":\"Home\",\"item\":\"https:\/\/global-hookah.com\/\"},{\"@type\":\"ListItem\",\"position\":2,\"name\":\"Shop\",\"item\":\"https:\/\/global-hookah.com\/shop\/\"},{\"@type\":\"ListItem\",\"position\":3,\"name\":\"Red Portable Hookah Wholesale\"}]},{\"@type\":\"WebSite\",\"@id\":\"https:\/\/global-hookah.com\/#website\",\"url\":\"https:\/\/global-hookah.com\/\",\"name\":\"Global Hookah\",\"description\":\"Global Hookah\",\"publisher\":{\"@id\":\"https:\/\/global-hookah.com\/#organization\"},\"potentialAction\":[{\"@type\":\"SearchAction\",\"target\":{\"@type\":\"EntryPoint\",\"urlTemplate\":\"https:\/\/global-hookah.com\/?s={search_term_string}\"},\"query-input\":{\"@type\":\"PropertyValueSpecification\",\"valueRequired\":true,\"valueName\":\"search_term_string\"}}],\"inLanguage\":\"de\"},{\"@type\":\"Organization\",\"@id\":\"https:\/\/global-hookah.com\/#organization\",\"name\":\"Global Hookah\",\"url\":\"https:\/\/global-hookah.com\/\",\"logo\":{\"@type\":\"ImageObject\",\"inLanguage\":\"de\",\"@id\":\"https:\/\/global-hookah.com\/#\/schema\/logo\/image\/\",\"url\":\"https:\/\/global-hookah.com\/wp-content\/uploads\/2021\/10\/cropped-fgg.png\",\"contentUrl\":\"https:\/\/global-hookah.com\/wp-content\/uploads\/2021\/10\/cropped-fgg.png\",\"width\":512,\"height\":512,\"caption\":\"Global Hookah\"},\"image\":{\"@id\":\"https:\/\/global-hookah.com\/#\/schema\/logo\/image\/\"}}]}<\/script>\n<!-- \/ Yoast SEO Premium plugin. -->","yoast_head_json":{"title":"Rote tragbare Wasserpfeife Gro\u00dfhandel - Global Hookah","robots":{"index":"index","follow":"follow","max-snippet":"max-snippet:-1","max-image-preview":"max-image-preview:large","max-video-preview":"max-video-preview:-1"},"canonical":"https:\/\/global-hookah.com\/de\/produkt\/red-portable-hookah-wholesale\/","og_locale":"de_DE","og_type":"article","og_title":"Red Portable Hookah Wholesale","og_description":"In recent years, the popularity of Red Portable Hookah has been on the rise, captivating both seasoned enthusiasts and newcomers","og_url":"https:\/\/global-hookah.com\/de\/produkt\/red-portable-hookah-wholesale\/","og_site_name":"Global Hookah","article_modified_time":"2024-01-12T07:48:39+00:00","og_image":[{"width":800,"height":800,"url":"https:\/\/global-hookah.com\/wp-content\/uploads\/2023\/07\/HAPPY-SMOKING-Portable-Hookah-Red-Wine-Bottle-Head-with-Chichi-Bowl-Shisha-Pipes-for-Sheesha-Cachimba.jpg","type":"image\/jpeg"}],"twitter_card":"summary_large_image","twitter_misc":{"Gesch\u00e4tzte Lesezeit":"6\u00a0Minuten"},"schema":{"@context":"https:\/\/schema.org","@graph":[{"@type":"WebPage","@id":"https:\/\/global-hookah.com\/product\/red-portable-hookah-wholesale\/","url":"https:\/\/global-hookah.com\/product\/red-portable-hookah-wholesale\/","name":"Rote tragbare Wasserpfeife Gro\u00dfhandel - Global Hookah","isPartOf":{"@id":"https:\/\/global-hookah.com\/#website"},"primaryImageOfPage":{"@id":"https:\/\/global-hookah.com\/product\/red-portable-hookah-wholesale\/#primaryimage"},"image":{"@id":"https:\/\/global-hookah.com\/product\/red-portable-hookah-wholesale\/#primaryimage"},"thumbnailUrl":"https:\/\/global-hookah.com\/wp-content\/uploads\/2023\/07\/HAPPY-SMOKING-Portable-Hookah-Red-Wine-Bottle-Head-with-Chichi-Bowl-Shisha-Pipes-for-Sheesha-Cachimba.jpg","datePublished":"2023-07-30T02:23:35+00:00","dateModified":"2024-01-12T07:48:39+00:00","breadcrumb":{"@id":"https:\/\/global-hookah.com\/product\/red-portable-hookah-wholesale\/#breadcrumb"},"inLanguage":"de","potentialAction":[{"@type":"ReadAction","target":["https:\/\/global-hookah.com\/product\/red-portable-hookah-wholesale\/"]}]},{"@type":"ImageObject","inLanguage":"de","@id":"https:\/\/global-hookah.com\/product\/red-portable-hookah-wholesale\/#primaryimage","url":"https:\/\/global-hookah.com\/wp-content\/uploads\/2023\/07\/HAPPY-SMOKING-Portable-Hookah-Red-Wine-Bottle-Head-with-Chichi-Bowl-Shisha-Pipes-for-Sheesha-Cachimba.jpg","contentUrl":"https:\/\/global-hookah.com\/wp-content\/uploads\/2023\/07\/HAPPY-SMOKING-Portable-Hookah-Red-Wine-Bottle-Head-with-Chichi-Bowl-Shisha-Pipes-for-Sheesha-Cachimba.jpg","width":800,"height":800,"caption":"Red Portable Hookah Wholesale"},{"@type":"BreadcrumbList","@id":"https:\/\/global-hookah.com\/product\/red-portable-hookah-wholesale\/#breadcrumb","itemListElement":[{"@type":"ListItem","position":1,"name":"Home","item":"https:\/\/global-hookah.com\/"},{"@type":"ListItem","position":2,"name":"Shop","item":"https:\/\/global-hookah.com\/shop\/"},{"@type":"ListItem","position":3,"name":"Red Portable Hookah Wholesale"}]},{"@type":"WebSite","@id":"https:\/\/global-hookah.com\/#website","url":"https:\/\/global-hookah.com\/","name":"Globale Wasserpfeife","description":"Globale Wasserpfeife","publisher":{"@id":"https:\/\/global-hookah.com\/#organization"},"potentialAction":[{"@type":"SearchAction","target":{"@type":"EntryPoint","urlTemplate":"https:\/\/global-hookah.com\/?s={search_term_string}"},"query-input":{"@type":"PropertyValueSpecification","valueRequired":true,"valueName":"search_term_string"}}],"inLanguage":"de"},{"@type":"Organization","@id":"https:\/\/global-hookah.com\/#organization","name":"Globale Wasserpfeife","url":"https:\/\/global-hookah.com\/","logo":{"@type":"ImageObject","inLanguage":"de","@id":"https:\/\/global-hookah.com\/#\/schema\/logo\/image\/","url":"https:\/\/global-hookah.com\/wp-content\/uploads\/2021\/10\/cropped-fgg.png","contentUrl":"https:\/\/global-hookah.com\/wp-content\/uploads\/2021\/10\/cropped-fgg.png","width":512,"height":512,"caption":"Global Hookah"},"image":{"@id":"https:\/\/global-hookah.com\/#\/schema\/logo\/image\/"}}]}},"_links":{"self":[{"href":"https:\/\/global-hookah.com\/de\/wp-json\/wp\/v2\/product\/12891","targetHints":{"allow":["GET"]}}],"collection":[{"href":"https:\/\/global-hookah.com\/de\/wp-json\/wp\/v2\/product"}],"about":[{"href":"https:\/\/global-hookah.com\/de\/wp-json\/wp\/v2\/types\/product"}],"replies":[{"embeddable":true,"href":"https:\/\/global-hookah.com\/de\/wp-json\/wp\/v2\/comments?post=12891"}],"version-history":[{"count":0,"href":"https:\/\/global-hookah.com\/de\/wp-json\/wp\/v2\/product\/12891\/revisions"}],"wp:featuredmedia":[{"embeddable":true,"href":"https:\/\/global-hookah.com\/de\/wp-json\/wp\/v2\/media\/12892"}],"wp:attachment":[{"href":"https:\/\/global-hookah.com\/de\/wp-json\/wp\/v2\/media?parent=12891"}],"wp:term":[{"taxonomy":"product_brand","embeddable":true,"href":"https:\/\/global-hookah.com\/de\/wp-json\/wp\/v2\/product_brand?post=12891"},{"taxonomy":"product_cat","embeddable":true,"href":"https:\/\/global-hookah.com\/de\/wp-json\/wp\/v2\/product_cat?post=12891"},{"taxonomy":"product_tag","embeddable":true,"href":"https:\/\/global-hookah.com\/de\/wp-json\/wp\/v2\/product_tag?post=12891"}],"curies":[{"name":"wp","href":"https:\/\/api.w.org\/{rel}","templated":true}]}}