{"id":12900,"date":"2023-07-30T02:24:45","date_gmt":"2023-07-30T02:24:45","guid":{"rendered":"https:\/\/global-hookah.com\/product\/russian-glass-hookah-set-wholesale\/"},"modified":"2024-01-12T03:55:58","modified_gmt":"2024-01-12T03:55:58","slug":"russian-glass-hookah-set-wholesale","status":"publish","type":"product","link":"https:\/\/global-hookah.com\/de\/produkt\/russian-glass-hookah-set-wholesale\/","title":{"rendered":"Russisches Glas Hookah Set Gro\u00dfhandel"},"content":{"rendered":"<div class=\"detailmodule_text-image\">\n<p>Eine Wasserpfeifen-Session ist mehr als nur eine Freizeitbesch\u00e4ftigung; sie ist ein Erlebnis, das Sie in ein Reich der Entspannung und des sozialen Miteinanders entf\u00fchrt. <strong>Russische Wasserpfeifen-Sets aus Glas<\/strong> heben dieses Erlebnis auf ein neues Niveau und bieten unvergleichliche Vorteile, die jeden Aspekt Ihrer Rauchsessions verbessern. Mit \u00e4u\u00dferster Pr\u00e4zision gefertigt, <strong>Russische Glas Wasserpfeifen<\/strong> zeichnen sich durch au\u00dfergew\u00f6hnliche Haltbarkeit und Qualit\u00e4t aus. Die Verwendung von Premium-Aluminium-Materialien sorgt f\u00fcr einen reibungslosen Zug, so dass Sie die reichen Aromen Ihrer Lieblings-Shisha-Mischungen genie\u00dfen k\u00f6nnen.<\/p>\n<p>Die transparente Glaskonstruktion sorgt f\u00fcr Eleganz und eine \u00e4sthetische Ausstrahlung, die sich in jedes Ambiente einf\u00fcgt. Au\u00dferdem, <strong>Russische Wasserpfeifen-Sets aus Glas<\/strong> wurden mit viel Liebe zum Detail entwickelt, um einen optimalen Luftstrom f\u00fcr einen angenehmen Rauchgenuss zu gew\u00e4hrleisten. Die innovativen Designs beinhalten fortschrittliche Filtersysteme, die f\u00fcr einen sauberen und reinen Rauch sorgen, der die Aromen intensiviert und die Sch\u00e4rfe minimiert.<\/p>\n<p>Wir bieten die gr\u00f6\u00dfte Auswahl an <a href=\"https:\/\/global-hookah.com\/product-category\/wholesale-hookah\/\">Gro\u00dfhandel Glas Wasserpfeifen<\/a> im ganzen Land. Sie k\u00f6nnen das Rohr ausw\u00e4hlen, das Ihren Bed\u00fcrfnissen am besten entspricht, denn jedes hat einen eigenen Stil und ein eigenes Aussehen. Zus\u00e4tzlich zu den bekannten Marken bietet unser<strong> Hersteller von Wasserpfeifen<\/strong> bietet einzigartige Rohre auf Anfrage st.<\/p>\n<p style=\"font-size: 16px; font-weight: normal; text-align: left; display: block; width: 100%;\" align=\"left\">H\u00f6he: 58cm<br \/>\nMaterial: Aluminium<br \/>\nFarbe: Schillernde Farbe<br \/>\nStil: Pr\u00e4gnanter Stil<br \/>\nFarbe Box Gr\u00f6\u00dfe: 20.5*20.5*28cm<br \/>\nGewicht: 3kg<\/p>\n<div><\/div>\n<div><img decoding=\"async\" class=\"detail-desc-decorate-image\" src=\"https:\/\/ae01.alicdn.com\/kf\/Sd78873a1f8f8486aa2e3d156f2300ad3r.jpeg\" \/><img decoding=\"async\" class=\"detail-desc-decorate-image\" src=\"https:\/\/ae01.alicdn.com\/kf\/Sbe6253421f294503845620d80b743722Y.jpg\" \/><img decoding=\"async\" class=\"detail-desc-decorate-image\" src=\"https:\/\/ae01.alicdn.com\/kf\/Sa8263472e879474ea326634c1da87fabS.jpeg\" \/><img decoding=\"async\" class=\"detail-desc-decorate-image\" style=\"margin-bottom: 10px;\" src=\"https:\/\/ae01.alicdn.com\/kf\/S1d66ee3ff949430f871257299c582ed7m.jpg\" \/><img decoding=\"async\" class=\"detail-desc-decorate-image\" style=\"margin-bottom: 10px;\" src=\"https:\/\/ae01.alicdn.com\/kf\/S9aa2454ccc544bc684106353d863465aS.jpg\" \/><img decoding=\"async\" class=\"detail-desc-decorate-image\" style=\"margin-bottom: 10px;\" src=\"https:\/\/ae01.alicdn.com\/kf\/S4dcb5e1276fa498e9d41c6ff16b6cb01Q.jpg\" \/><\/div>\n<\/div>\n<div class=\"detailmodule_text\">\n<p style=\"color: #ffffff;\">Wasserpfeife<br \/>\nRohrleitung<br \/>\nWasserpfeifenstift<br \/>\nShisha<br \/>\nPfeifen rauchen Gras<br \/>\nNarguile vollst\u00e4ndig<br \/>\nRaucherzubeh\u00f6r<br \/>\nR\u00e4ucherdampfer<\/p>\n<\/div>\n<p>&nbsp;<\/p>","protected":false},"excerpt":{"rendered":"<p>Der Genuss einer Wasserpfeife ist mehr als nur eine Freizeitbesch\u00e4ftigung; es ist eine Erfahrung, die Sie in eine andere Welt versetzt.<\/p>","protected":false},"featured_media":12901,"comment_status":"open","ping_status":"closed","template":"","meta":{"iawp_total_views":5,"_joinchat":[]},"product_brand":[],"product_cat":[560,119],"product_tag":[],"class_list":{"0":"post-12900","1":"product","2":"type-product","3":"status-publish","4":"has-post-thumbnail","6":"product_cat-glass-hookah-wholesale","7":"product_cat-wholesale-hookah","9":"first","10":"outofstock","11":"shipping-taxable","12":"purchasable","13":"product-type-variable"},"yoast_head":"<!-- This site is optimized with the Yoast SEO Premium plugin v24.7 (Yoast SEO v26.8) - https:\/\/yoast.com\/product\/yoast-seo-premium-wordpress\/ -->\n<title>Russian Glass Hookah Set Wholesale - Global Hookah<\/title>\n<meta name=\"robots\" content=\"index, follow, max-snippet:-1, max-image-preview:large, max-video-preview:-1\" \/>\n<link rel=\"canonical\" href=\"https:\/\/global-hookah.com\/de\/ru\/\u043f\u0440\u043e\u0434\u0443\u043a\u0442\/\u0440\u0443\u0441\u0441\u043a\u0438\u0439-\u0441\u0442\u0435\u043a\u043b\u043e-\u043a\u0430\u043b\u044c\u044f\u043d-\u043d\u0430\u0431\u043e\u0440-\u043e\u043f\u0442\/\" \/>\n<meta property=\"og:locale\" content=\"de_DE\" \/>\n<meta property=\"og:type\" content=\"article\" \/>\n<meta property=\"og:title\" content=\"Russian Glass Hookah Set Wholesale\" \/>\n<meta property=\"og:description\" content=\"Indulging in a hookah session is more than just a leisurely activity; it&#8217;s an experience that transports you to a\" \/>\n<meta property=\"og:url\" content=\"https:\/\/global-hookah.com\/de\/ru\/\u043f\u0440\u043e\u0434\u0443\u043a\u0442\/\u0440\u0443\u0441\u0441\u043a\u0438\u0439-\u0441\u0442\u0435\u043a\u043b\u043e-\u043a\u0430\u043b\u044c\u044f\u043d-\u043d\u0430\u0431\u043e\u0440-\u043e\u043f\u0442\/\" \/>\n<meta property=\"og:site_name\" content=\"Global Hookah\" \/>\n<meta property=\"article:modified_time\" content=\"2024-01-12T03:55:58+00:00\" \/>\n<meta property=\"og:image\" content=\"https:\/\/global-hookah.com\/wp-content\/uploads\/2023\/07\/Russian-Glass-Hookah-Set-Colorful-Model-High-Quality-Shisha-Pipe-Shining-Base-Narghile-Accessorys-Luxcy-Gift.jpg\" \/>\n\t<meta property=\"og:image:width\" content=\"800\" \/>\n\t<meta property=\"og:image:height\" content=\"800\" \/>\n\t<meta property=\"og:image:type\" content=\"image\/jpeg\" \/>\n<meta name=\"twitter:card\" content=\"summary_large_image\" \/>\n<meta name=\"twitter:label1\" content=\"Gesch\u00e4tzte Lesezeit\" \/>\n\t<meta name=\"twitter:data1\" content=\"3\u00a0Minuten\" \/>\n<script type=\"application\/ld+json\" class=\"yoast-schema-graph\">{\"@context\":\"https:\/\/schema.org\",\"@graph\":[{\"@type\":\"WebPage\",\"@id\":\"https:\/\/global-hookah.com\/ru\/\u043f\u0440\u043e\u0434\u0443\u043a\u0442\/%d1%80%d1%83%d1%81%d1%81%d0%ba%d0%b8%d0%b9-%d1%81%d1%82%d0%b5%d0%ba%d0%bb%d0%be-%d0%ba%d0%b0%d0%bb%d1%8c%d1%8f%d0%bd-%d0%bd%d0%b0%d0%b1%d0%be%d1%80-%d0%be%d0%bf%d1%82\/\",\"url\":\"https:\/\/global-hookah.com\/ru\/\u043f\u0440\u043e\u0434\u0443\u043a\u0442\/%d1%80%d1%83%d1%81%d1%81%d0%ba%d0%b8%d0%b9-%d1%81%d1%82%d0%b5%d0%ba%d0%bb%d0%be-%d0%ba%d0%b0%d0%bb%d1%8c%d1%8f%d0%bd-%d0%bd%d0%b0%d0%b1%d0%be%d1%80-%d0%be%d0%bf%d1%82\/\",\"name\":\"Russian Glass Hookah Set Wholesale - Global Hookah\",\"isPartOf\":{\"@id\":\"https:\/\/global-hookah.com\/#website\"},\"primaryImageOfPage\":{\"@id\":\"https:\/\/global-hookah.com\/ru\/\u043f\u0440\u043e\u0434\u0443\u043a\u0442\/%d1%80%d1%83%d1%81%d1%81%d0%ba%d0%b8%d0%b9-%d1%81%d1%82%d0%b5%d0%ba%d0%bb%d0%be-%d0%ba%d0%b0%d0%bb%d1%8c%d1%8f%d0%bd-%d0%bd%d0%b0%d0%b1%d0%be%d1%80-%d0%be%d0%bf%d1%82\/#primaryimage\"},\"image\":{\"@id\":\"https:\/\/global-hookah.com\/ru\/\u043f\u0440\u043e\u0434\u0443\u043a\u0442\/%d1%80%d1%83%d1%81%d1%81%d0%ba%d0%b8%d0%b9-%d1%81%d1%82%d0%b5%d0%ba%d0%bb%d0%be-%d0%ba%d0%b0%d0%bb%d1%8c%d1%8f%d0%bd-%d0%bd%d0%b0%d0%b1%d0%be%d1%80-%d0%be%d0%bf%d1%82\/#primaryimage\"},\"thumbnailUrl\":\"https:\/\/global-hookah.com\/wp-content\/uploads\/2023\/07\/Russian-Glass-Hookah-Set-Colorful-Model-High-Quality-Shisha-Pipe-Shining-Base-Narghile-Accessorys-Luxcy-Gift.jpg\",\"datePublished\":\"2023-07-30T02:24:45+00:00\",\"dateModified\":\"2024-01-12T03:55:58+00:00\",\"breadcrumb\":{\"@id\":\"https:\/\/global-hookah.com\/ru\/\u043f\u0440\u043e\u0434\u0443\u043a\u0442\/%d1%80%d1%83%d1%81%d1%81%d0%ba%d0%b8%d0%b9-%d1%81%d1%82%d0%b5%d0%ba%d0%bb%d0%be-%d0%ba%d0%b0%d0%bb%d1%8c%d1%8f%d0%bd-%d0%bd%d0%b0%d0%b1%d0%be%d1%80-%d0%be%d0%bf%d1%82\/#breadcrumb\"},\"inLanguage\":\"de\",\"potentialAction\":[{\"@type\":\"ReadAction\",\"target\":[\"https:\/\/global-hookah.com\/ru\/\u043f\u0440\u043e\u0434\u0443\u043a\u0442\/%d1%80%d1%83%d1%81%d1%81%d0%ba%d0%b8%d0%b9-%d1%81%d1%82%d0%b5%d0%ba%d0%bb%d0%be-%d0%ba%d0%b0%d0%bb%d1%8c%d1%8f%d0%bd-%d0%bd%d0%b0%d0%b1%d0%be%d1%80-%d0%be%d0%bf%d1%82\/\"]}]},{\"@type\":\"ImageObject\",\"inLanguage\":\"de\",\"@id\":\"https:\/\/global-hookah.com\/ru\/\u043f\u0440\u043e\u0434\u0443\u043a\u0442\/%d1%80%d1%83%d1%81%d1%81%d0%ba%d0%b8%d0%b9-%d1%81%d1%82%d0%b5%d0%ba%d0%bb%d0%be-%d0%ba%d0%b0%d0%bb%d1%8c%d1%8f%d0%bd-%d0%bd%d0%b0%d0%b1%d0%be%d1%80-%d0%be%d0%bf%d1%82\/#primaryimage\",\"url\":\"https:\/\/global-hookah.com\/wp-content\/uploads\/2023\/07\/Russian-Glass-Hookah-Set-Colorful-Model-High-Quality-Shisha-Pipe-Shining-Base-Narghile-Accessorys-Luxcy-Gift.jpg\",\"contentUrl\":\"https:\/\/global-hookah.com\/wp-content\/uploads\/2023\/07\/Russian-Glass-Hookah-Set-Colorful-Model-High-Quality-Shisha-Pipe-Shining-Base-Narghile-Accessorys-Luxcy-Gift.jpg\",\"width\":800,\"height\":800,\"caption\":\"Russian Glass Hookah Set Wholesale\"},{\"@type\":\"BreadcrumbList\",\"@id\":\"https:\/\/global-hookah.com\/ru\/\u043f\u0440\u043e\u0434\u0443\u043a\u0442\/%d1%80%d1%83%d1%81%d1%81%d0%ba%d0%b8%d0%b9-%d1%81%d1%82%d0%b5%d0%ba%d0%bb%d0%be-%d0%ba%d0%b0%d0%bb%d1%8c%d1%8f%d0%bd-%d0%bd%d0%b0%d0%b1%d0%be%d1%80-%d0%be%d0%bf%d1%82\/#breadcrumb\",\"itemListElement\":[{\"@type\":\"ListItem\",\"position\":1,\"name\":\"Home\",\"item\":\"https:\/\/global-hookah.com\/\"},{\"@type\":\"ListItem\",\"position\":2,\"name\":\"Shop\",\"item\":\"https:\/\/global-hookah.com\/shop\/\"},{\"@type\":\"ListItem\",\"position\":3,\"name\":\"Russian Glass Hookah Set Wholesale\"}]},{\"@type\":\"WebSite\",\"@id\":\"https:\/\/global-hookah.com\/#website\",\"url\":\"https:\/\/global-hookah.com\/\",\"name\":\"Global Hookah\",\"description\":\"Global Hookah\",\"publisher\":{\"@id\":\"https:\/\/global-hookah.com\/#organization\"},\"potentialAction\":[{\"@type\":\"SearchAction\",\"target\":{\"@type\":\"EntryPoint\",\"urlTemplate\":\"https:\/\/global-hookah.com\/?s={search_term_string}\"},\"query-input\":{\"@type\":\"PropertyValueSpecification\",\"valueRequired\":true,\"valueName\":\"search_term_string\"}}],\"inLanguage\":\"de\"},{\"@type\":\"Organization\",\"@id\":\"https:\/\/global-hookah.com\/#organization\",\"name\":\"Global Hookah\",\"url\":\"https:\/\/global-hookah.com\/\",\"logo\":{\"@type\":\"ImageObject\",\"inLanguage\":\"de\",\"@id\":\"https:\/\/global-hookah.com\/#\/schema\/logo\/image\/\",\"url\":\"https:\/\/global-hookah.com\/wp-content\/uploads\/2021\/10\/cropped-fgg.png\",\"contentUrl\":\"https:\/\/global-hookah.com\/wp-content\/uploads\/2021\/10\/cropped-fgg.png\",\"width\":512,\"height\":512,\"caption\":\"Global Hookah\"},\"image\":{\"@id\":\"https:\/\/global-hookah.com\/#\/schema\/logo\/image\/\"}}]}<\/script>\n<!-- \/ Yoast SEO Premium plugin. -->","yoast_head_json":{"title":"Russische Glas Wasserpfeife Set Gro\u00dfhandel - Global Hookah","robots":{"index":"index","follow":"follow","max-snippet":"max-snippet:-1","max-image-preview":"max-image-preview:large","max-video-preview":"max-video-preview:-1"},"canonical":"https:\/\/global-hookah.com\/de\/ru\/\u043f\u0440\u043e\u0434\u0443\u043a\u0442\/\u0440\u0443\u0441\u0441\u043a\u0438\u0439-\u0441\u0442\u0435\u043a\u043b\u043e-\u043a\u0430\u043b\u044c\u044f\u043d-\u043d\u0430\u0431\u043e\u0440-\u043e\u043f\u0442\/","og_locale":"de_DE","og_type":"article","og_title":"Russian Glass Hookah Set Wholesale","og_description":"Indulging in a hookah session is more than just a leisurely activity; it&#8217;s an experience that transports you to a","og_url":"https:\/\/global-hookah.com\/de\/ru\/\u043f\u0440\u043e\u0434\u0443\u043a\u0442\/\u0440\u0443\u0441\u0441\u043a\u0438\u0439-\u0441\u0442\u0435\u043a\u043b\u043e-\u043a\u0430\u043b\u044c\u044f\u043d-\u043d\u0430\u0431\u043e\u0440-\u043e\u043f\u0442\/","og_site_name":"Global Hookah","article_modified_time":"2024-01-12T03:55:58+00:00","og_image":[{"width":800,"height":800,"url":"https:\/\/global-hookah.com\/wp-content\/uploads\/2023\/07\/Russian-Glass-Hookah-Set-Colorful-Model-High-Quality-Shisha-Pipe-Shining-Base-Narghile-Accessorys-Luxcy-Gift.jpg","type":"image\/jpeg"}],"twitter_card":"summary_large_image","twitter_misc":{"Gesch\u00e4tzte Lesezeit":"3\u00a0Minuten"},"schema":{"@context":"https:\/\/schema.org","@graph":[{"@type":"WebPage","@id":"https:\/\/global-hookah.com\/ru\/\u043f\u0440\u043e\u0434\u0443\u043a\u0442\/%d1%80%d1%83%d1%81%d1%81%d0%ba%d0%b8%d0%b9-%d1%81%d1%82%d0%b5%d0%ba%d0%bb%d0%be-%d0%ba%d0%b0%d0%bb%d1%8c%d1%8f%d0%bd-%d0%bd%d0%b0%d0%b1%d0%be%d1%80-%d0%be%d0%bf%d1%82\/","url":"https:\/\/global-hookah.com\/ru\/\u043f\u0440\u043e\u0434\u0443\u043a\u0442\/%d1%80%d1%83%d1%81%d1%81%d0%ba%d0%b8%d0%b9-%d1%81%d1%82%d0%b5%d0%ba%d0%bb%d0%be-%d0%ba%d0%b0%d0%bb%d1%8c%d1%8f%d0%bd-%d0%bd%d0%b0%d0%b1%d0%be%d1%80-%d0%be%d0%bf%d1%82\/","name":"Russische Glas Wasserpfeife Set Gro\u00dfhandel - Global Hookah","isPartOf":{"@id":"https:\/\/global-hookah.com\/#website"},"primaryImageOfPage":{"@id":"https:\/\/global-hookah.com\/ru\/\u043f\u0440\u043e\u0434\u0443\u043a\u0442\/%d1%80%d1%83%d1%81%d1%81%d0%ba%d0%b8%d0%b9-%d1%81%d1%82%d0%b5%d0%ba%d0%bb%d0%be-%d0%ba%d0%b0%d0%bb%d1%8c%d1%8f%d0%bd-%d0%bd%d0%b0%d0%b1%d0%be%d1%80-%d0%be%d0%bf%d1%82\/#primaryimage"},"image":{"@id":"https:\/\/global-hookah.com\/ru\/\u043f\u0440\u043e\u0434\u0443\u043a\u0442\/%d1%80%d1%83%d1%81%d1%81%d0%ba%d0%b8%d0%b9-%d1%81%d1%82%d0%b5%d0%ba%d0%bb%d0%be-%d0%ba%d0%b0%d0%bb%d1%8c%d1%8f%d0%bd-%d0%bd%d0%b0%d0%b1%d0%be%d1%80-%d0%be%d0%bf%d1%82\/#primaryimage"},"thumbnailUrl":"https:\/\/global-hookah.com\/wp-content\/uploads\/2023\/07\/Russian-Glass-Hookah-Set-Colorful-Model-High-Quality-Shisha-Pipe-Shining-Base-Narghile-Accessorys-Luxcy-Gift.jpg","datePublished":"2023-07-30T02:24:45+00:00","dateModified":"2024-01-12T03:55:58+00:00","breadcrumb":{"@id":"https:\/\/global-hookah.com\/ru\/\u043f\u0440\u043e\u0434\u0443\u043a\u0442\/%d1%80%d1%83%d1%81%d1%81%d0%ba%d0%b8%d0%b9-%d1%81%d1%82%d0%b5%d0%ba%d0%bb%d0%be-%d0%ba%d0%b0%d0%bb%d1%8c%d1%8f%d0%bd-%d0%bd%d0%b0%d0%b1%d0%be%d1%80-%d0%be%d0%bf%d1%82\/#breadcrumb"},"inLanguage":"de","potentialAction":[{"@type":"ReadAction","target":["https:\/\/global-hookah.com\/ru\/\u043f\u0440\u043e\u0434\u0443\u043a\u0442\/%d1%80%d1%83%d1%81%d1%81%d0%ba%d0%b8%d0%b9-%d1%81%d1%82%d0%b5%d0%ba%d0%bb%d0%be-%d0%ba%d0%b0%d0%bb%d1%8c%d1%8f%d0%bd-%d0%bd%d0%b0%d0%b1%d0%be%d1%80-%d0%be%d0%bf%d1%82\/"]}]},{"@type":"ImageObject","inLanguage":"de","@id":"https:\/\/global-hookah.com\/ru\/\u043f\u0440\u043e\u0434\u0443\u043a\u0442\/%d1%80%d1%83%d1%81%d1%81%d0%ba%d0%b8%d0%b9-%d1%81%d1%82%d0%b5%d0%ba%d0%bb%d0%be-%d0%ba%d0%b0%d0%bb%d1%8c%d1%8f%d0%bd-%d0%bd%d0%b0%d0%b1%d0%be%d1%80-%d0%be%d0%bf%d1%82\/#primaryimage","url":"https:\/\/global-hookah.com\/wp-content\/uploads\/2023\/07\/Russian-Glass-Hookah-Set-Colorful-Model-High-Quality-Shisha-Pipe-Shining-Base-Narghile-Accessorys-Luxcy-Gift.jpg","contentUrl":"https:\/\/global-hookah.com\/wp-content\/uploads\/2023\/07\/Russian-Glass-Hookah-Set-Colorful-Model-High-Quality-Shisha-Pipe-Shining-Base-Narghile-Accessorys-Luxcy-Gift.jpg","width":800,"height":800,"caption":"Russian Glass Hookah Set Wholesale"},{"@type":"BreadcrumbList","@id":"https:\/\/global-hookah.com\/ru\/\u043f\u0440\u043e\u0434\u0443\u043a\u0442\/%d1%80%d1%83%d1%81%d1%81%d0%ba%d0%b8%d0%b9-%d1%81%d1%82%d0%b5%d0%ba%d0%bb%d0%be-%d0%ba%d0%b0%d0%bb%d1%8c%d1%8f%d0%bd-%d0%bd%d0%b0%d0%b1%d0%be%d1%80-%d0%be%d0%bf%d1%82\/#breadcrumb","itemListElement":[{"@type":"ListItem","position":1,"name":"Home","item":"https:\/\/global-hookah.com\/"},{"@type":"ListItem","position":2,"name":"Shop","item":"https:\/\/global-hookah.com\/shop\/"},{"@type":"ListItem","position":3,"name":"Russian Glass Hookah Set Wholesale"}]},{"@type":"WebSite","@id":"https:\/\/global-hookah.com\/#website","url":"https:\/\/global-hookah.com\/","name":"Globale Wasserpfeife","description":"Globale Wasserpfeife","publisher":{"@id":"https:\/\/global-hookah.com\/#organization"},"potentialAction":[{"@type":"SearchAction","target":{"@type":"EntryPoint","urlTemplate":"https:\/\/global-hookah.com\/?s={search_term_string}"},"query-input":{"@type":"PropertyValueSpecification","valueRequired":true,"valueName":"search_term_string"}}],"inLanguage":"de"},{"@type":"Organization","@id":"https:\/\/global-hookah.com\/#organization","name":"Globale Wasserpfeife","url":"https:\/\/global-hookah.com\/","logo":{"@type":"ImageObject","inLanguage":"de","@id":"https:\/\/global-hookah.com\/#\/schema\/logo\/image\/","url":"https:\/\/global-hookah.com\/wp-content\/uploads\/2021\/10\/cropped-fgg.png","contentUrl":"https:\/\/global-hookah.com\/wp-content\/uploads\/2021\/10\/cropped-fgg.png","width":512,"height":512,"caption":"Global Hookah"},"image":{"@id":"https:\/\/global-hookah.com\/#\/schema\/logo\/image\/"}}]}},"_links":{"self":[{"href":"https:\/\/global-hookah.com\/de\/wp-json\/wp\/v2\/product\/12900","targetHints":{"allow":["GET"]}}],"collection":[{"href":"https:\/\/global-hookah.com\/de\/wp-json\/wp\/v2\/product"}],"about":[{"href":"https:\/\/global-hookah.com\/de\/wp-json\/wp\/v2\/types\/product"}],"replies":[{"embeddable":true,"href":"https:\/\/global-hookah.com\/de\/wp-json\/wp\/v2\/comments?post=12900"}],"version-history":[{"count":0,"href":"https:\/\/global-hookah.com\/de\/wp-json\/wp\/v2\/product\/12900\/revisions"}],"wp:featuredmedia":[{"embeddable":true,"href":"https:\/\/global-hookah.com\/de\/wp-json\/wp\/v2\/media\/12901"}],"wp:attachment":[{"href":"https:\/\/global-hookah.com\/de\/wp-json\/wp\/v2\/media?parent=12900"}],"wp:term":[{"taxonomy":"product_brand","embeddable":true,"href":"https:\/\/global-hookah.com\/de\/wp-json\/wp\/v2\/product_brand?post=12900"},{"taxonomy":"product_cat","embeddable":true,"href":"https:\/\/global-hookah.com\/de\/wp-json\/wp\/v2\/product_cat?post=12900"},{"taxonomy":"product_tag","embeddable":true,"href":"https:\/\/global-hookah.com\/de\/wp-json\/wp\/v2\/product_tag?post=12900"}],"curies":[{"name":"wp","href":"https:\/\/api.w.org\/{rel}","templated":true}]}}