{"id":12907,"date":"2023-07-30T02:25:24","date_gmt":"2023-07-30T02:25:24","guid":{"rendered":"https:\/\/global-hookah.com\/product\/4-hoses-big-size-glass-hookah-pipe-wholesale\/"},"modified":"2024-08-27T12:24:42","modified_gmt":"2024-08-27T12:24:42","slug":"4-hoses-big-size-glass-hookah-pipe-wholesale","status":"publish","type":"product","link":"https:\/\/global-hookah.com\/de\/produkt\/4-hoses-big-size-glass-hookah-pipe-wholesale\/","title":{"rendered":"4 Schl\u00e4uche gro\u00dfe Gr\u00f6\u00dfe Glas Hookah Pfeife Gro\u00dfhandel"},"content":{"rendered":"<div style=\"font-family: 'Open Sans', Roboto, Arial, Helvetica, sans-serif, SimSun; font-size: 14px; font-weight: 400; letter-spacing: normal; text-align: start; white-space: normal; color: #222222; background-color: #ffffff; margin: 0px; padding: 0px; box-sizing: content-box;\" align=\"start\">\n<p>Suchen Sie nach einem verbesserten Wasserpfeifen-Erlebnis? Dann ist die<strong> 4 Schl\u00e4uche Big Size Glas Hookah Pfeife<\/strong> ist perfekt f\u00fcr Sie - es ist die effektivste und angenehmste Art, reichhaltigen, geschmackvollen Rauch zu inhalieren.<\/p>\n<p>Dieses neue Design macht es sehr einfach, Aromen zu kombinieren und sie in dem von Ihnen gew\u00fcnschten Verh\u00e4ltnis auszuw\u00e4hlen. Ob Sie einen Apfel und Kokosnuss Kombination oder eine Ananas und Rose Kombination wollen, k\u00f6nnen Sie mischen und passen sie nach Ihrer preference.this hochwertige Glas wird daf\u00fcr sorgen, dass keiner der Aromen verloren geht, so dass jedes Mal produzieren die glattesten und s\u00fc\u00dfesten Wolken.<\/p>\n<p>Dies ist keine billige Shisha; sie ist aus Glas gefertigt und sorgt somit f\u00fcr einen angenehmen Rauchgenuss ohne jegliche Verunreinigung. Im Gegensatz zu einer Shisha-Maschine, die aus Metall oder Kunststoff hergestellt sein kann, ist diese aus Glas nicht por\u00f6s, was bedeutet, dass es keine Absorption von giftigen Stoffen und anderen R\u00fcckst\u00e4nden von Tabak und Holzkohle geben wird.<\/p>\n<p>Diese<strong> gro\u00dfe Wasserpfeife<\/strong> ist aus Glas, im Gegensatz zu den Modellen aus Metall oder Kunststoff. Das Glas macht auch die Reinigung und Pflege dieses St\u00fccks viel einfacher. Achten Sie nur darauf, es nach jedem Gebrauch und bei Bedarf gr\u00fcndlich zu reinigen, um unerw\u00fcnschte Ger\u00fcche oder Geschm\u00e4cker zu entfernen.<\/p>\n<p>Das Werfen der <strong>4 Schl\u00e4uche Big Size Glas Hookah Pfeife<\/strong> bedeutet, dass Sie jetzt wirklich k\u00f6stliche fruchtige D\u00e4mpfe und k\u00fchle Menthol-D\u00e4mpfe auf eine Weise genie\u00dfen k\u00f6nnen, die nicht sch\u00e4dlich ist. Warum benutzen Sie also immer noch diese minderwertigen Wasserpfeifen? Diese fantastische<a href=\"http:\/\/\u0633\u0645\u0627\u062a: 1. \u062e\u0631\u0627\u0637\u064a\u0634 \u0630\u0627\u062a \u0623\u062f\u0627\u0621 \u064a\u0634\u0628\u0647 \u0627\u0644\u062e\u0632\u0627\u0646 2. \u062a\u0648\u0641\u064a\u0631 MTL \u0627\u0644\u0633\u0644\u0633 \u0644\u062a\u062c\u0631\u0628\u0629 DTL \u0627\u0644\u063a\u0646\u064a\u0629 3. \u062a\u0639\u062f\u064a\u0644 \u0637\u0627\u0642\u0629 \u0627\u0644\u0625\u062e\u0631\u0627\u062c \u0628\u062b\u0644\u0627\u062b\u0629 \u0645\u0633\u062a\u0648\u064a\u0627\u062a 4. \u0633\u0639\u0629 \u0627\u0644\u0628\u0637\u0627\u0631\u064a\u0629 1500 \u0645\u0644\u0644\u064a \u0623\u0645\u0628\u064a\u0631 5. \u0627\u0644\u062a\u062d\u0643\u0645 \u0641\u064a \u062a\u062f\u0641\u0642 \u0627\u0644\u0647\u0648\u0627\u0621 \u0628\u0634\u0643\u0644 \u062f\u0642\u064a\u0642 \u0648\u0642\u0627\u0628\u0644 \u0644\u0644\u062a\u0639\u062f\u064a\u0644 6. \u0633\u0639\u0629 \u062e\u0631\u0637\u0648\u0634\u0629 \u0643\u0628\u064a\u0631\u0629 5 \u0645\u0644 7. \u062a\u0642\u0646\u064a\u0629 \u0628\u0631\u0648-\u0641\u0648\u0643\u0633 8. 3 \u0623\u0648\u0636\u0627\u0639 \u0625\u0634\u0639\u0627\u0644: \u062a\u0646\u0634\u064a\u0637 \u0627\u0644\u0647\u0648\u0627\u0621. \u0627\u0634\u062a\u0639\u0627\u0644 \u0627\u0644\u0632\u0631. \u0627\u0634\u062a\u0639\u0627\u0644 \u0627\u0644\u0647\u0648\u0627\u0621\/\u0632\u0631   \u0627\u0644\u0648\u062d\u062f\u0629: \u0645\u062c\u0645\u0648\u0639\u0629 \u0648\u0627\u062d\u062f\u0629 \u0627\u0644\u0645\u0648\u0627\u062f: \u0628\u064a \u0633\u064a \u062a\u064a \u062c\u064a. \u0627\u0644\u0628\u0648\u0644\u064a \u0643\u0631\u0628\u0648\u0646\u0627\u062a + PBT. \u0628\u0648\u0645 \u0627\u0644\u062d\u062c\u0645: 35.5*17.5*112.8 \u0645\u0644\u0644\u064a \u0645\u062a\u0631 \u0633\u0639\u0629 \u0627\u0644\u062e\u0631\u0637\u0648\u0634\u0629: 5 \u0645\u0644 \u0637\u0627\u0642\u0629 \u0627\u0644\u0625\u062e\u0631\u0627\u062c: \u0645\u0627\u0643\u0633 75 \u0648\u0627\u0637 \u0633\u0639\u0629 \u0627\u0644\u0628\u0637\u0627\u0631\u064a\u0629: 1500 \u0645\u0644\u0644\u064a \u0623\u0645\u0628\u064a\u0631 \u0646\u0648\u0639 \u0627\u0644\u062d\u0634\u0648: \u0634\u062d\u0646 \u062c\u0627\u0646\u0628\u064a \u0645\u0648\u0627\u0635\u0641\u0627\u062a \u0627\u0644\u062e\u0631\u0637\u0648\u0634\u0629: 0.2ohm\/0.6ohm\/1.0ohm \u062e\u0631\u0637\u0648\u0634\u0629 \u0627\u0644\u0633\u062c\u0627\u0626\u0631 \u0627\u0644\u0645\u062f\u0645\u062c\u0629 Uwell Crown S (\u062a\u0628\u0627\u0639 1.0ohm \u0628\u0634\u0643\u0644 \u0645\u0646\u0641\u0635\u0644) \u0627\u0644\u062a\u0639\u0628\u0626\u0629 \u0648\u0627\u0644\u062a\u063a\u0644\u064a\u0641: \u0639\u0644\u0628\u0629 \u0647\u062f\u064a\u0629  \u062a\u062d\u062a\u0648\u064a \u0643\u0644 \u0645\u062c\u0645\u0648\u0639\u0629 \u0639\u0644\u0649: 1 \u062c\u0647\u0627\u0632 Uwell Crown S 1 \u00d7 0.2 \u0623\u0648\u0645 \u0635\u0646\u062f\u0648\u0642 \u0644\u0641\u0627\u0626\u0641 \u0645\u062a\u0643\u0627\u0645\u0644 Uwell Crown S 1 \u00d7 0.6 \u0623\u0648\u0645 \u0635\u0646\u062f\u0648\u0642 \u0644\u0641\u0627\u0626\u0641 \u0645\u062a\u0643\u0627\u0645\u0644 Uwell Crown S 1 \u0643\u0627\u0628\u0644 \u0634\u062d\u0646 \u0645\u0646 \u0627\u0644\u0646\u0648\u0639 C 1 \u062f\u0644\u064a\u0644 \u0627\u0644\u0645\u0633\u062a\u062e\u062f\u0645\" rel=\"nofollow\" target=\"_blank\"> Shisha-Pfeife aus Glas<\/a> verdient definitiv die VIP-Behandlung bei jeder Shisha-Session.<\/p>\n<\/div>\n<p style=\"font-family: 'Open Sans', Roboto, Arial, Helvetica, sans-serif, SimSun; font-size: 14px; font-weight: 400; letter-spacing: normal; line-height: inherit; text-align: start; white-space: normal; color: #222222; background-color: #ffffff; margin: 0px; padding: 0px; box-sizing: border-box;\" align=\"start\"><span style=\"font-size: 20px;\">Material: Glas+Legierung<\/span><\/p>\n<p style=\"font-family: 'Open Sans', Roboto, Arial, Helvetica, sans-serif, SimSun; font-size: 14px; font-weight: 400; letter-spacing: normal; line-height: inherit; text-align: start; white-space: normal; color: #222222; background-color: #ffffff; margin: 0px; padding: 0px; box-sizing: border-box;\" align=\"start\"><span style=\"font-size: 20px;\">Farbe:Schwarz,Blau,Rot<\/span><\/p>\n<p style=\"font-family: 'Open Sans', Roboto, Arial, Helvetica, sans-serif, SimSun; font-size: 14px; font-weight: 400; letter-spacing: normal; line-height: inherit; text-align: start; white-space: normal; color: #222222; background-color: #ffffff; margin: 0px; padding: 0px; box-sizing: border-box;\" align=\"start\"><span style=\"font-size: 20px;\">Gesamth\u00f6he: Etwa 60CM\/23.62\u2033<\/span><\/p>\n<p style=\"font-family: 'Open Sans', Roboto, Arial, Helvetica, sans-serif, SimSun; font-size: 14px; font-weight: 400; letter-spacing: normal; line-height: inherit; text-align: start; white-space: normal; color: #222222; background-color: #ffffff; margin: 0px; padding: 0px; box-sizing: border-box;\" align=\"start\"><span style=\"font-size: 20px;\">Verwendung:Shisha-Pfeife&amp;Zubeh\u00f6r<\/span><\/p>\n<div style=\"font-family: 'Open Sans', Roboto, Arial, Helvetica, sans-serif, SimSun; font-size: 14px; font-weight: 400; letter-spacing: normal; text-align: start; white-space: normal; color: #222222; background-color: #ffffff; margin: 0px; padding: 0px; box-sizing: content-box;\" align=\"start\"><span style=\"font-size: 20px;\">Packliste:<\/span><\/div>\n<div style=\"font-family: 'Open Sans', Roboto, Arial, Helvetica, sans-serif, SimSun; font-size: 14px; font-weight: 400; letter-spacing: normal; text-align: start; white-space: normal; color: #222222; background-color: #ffffff; margin: 0px; padding: 0px; box-sizing: content-box;\" align=\"start\"><span style=\"font-size: 20px;\">1PC* Glas Wasserpfeife<\/span><span style=\"background-color: #ffffff; color: #f44e3b; font-size: 18px; font-family: OpenSans;\">(Einschlie\u00dflich notwendigem Zubeh\u00f6r wie Fotoshows)<\/span><\/div>\n<div style=\"font-family: 'Open Sans', Roboto, Arial, Helvetica, sans-serif, SimSun; font-size: 14px; font-weight: 400; letter-spacing: normal; text-align: start; white-space: normal; color: #222222; background-color: #ffffff; margin: 0px; padding: 0px; box-sizing: content-box;\" align=\"start\"><span style=\"font-size: 20px;\">1PC* Schale aus rotem Ton<\/span><\/div>\n<div style=\"font-family: 'Open Sans', Roboto, Arial, Helvetica, sans-serif, SimSun; font-size: 14px; font-weight: 400; letter-spacing: normal; text-align: start; white-space: normal; color: #222222; background-color: #ffffff; margin: 0px; padding: 0px; box-sizing: content-box;\" align=\"start\"><span style=\"font-size: 20px;\">4 PCS*Schl\u00e4uche<\/span><\/div>\n<div style=\"font-family: 'Open Sans', Roboto, Arial, Helvetica, sans-serif, SimSun; font-size: 14px; font-weight: 400; letter-spacing: normal; text-align: start; white-space: normal; color: #222222; background-color: #ffffff; margin: 0px; padding: 0px; box-sizing: content-box;\" align=\"start\"><span style=\"font-size: 20px;\">1PC* Metall-Kohlezange<\/span><\/div>\n<div style=\"font-family: 'Open Sans', Roboto, Arial, Helvetica, sans-serif, SimSun; font-size: 14px; font-weight: 400; letter-spacing: normal; text-align: start; white-space: normal; color: #222222; background-color: #ffffff; margin: 0px; padding: 0px; box-sizing: content-box;\" align=\"start\"><span style=\"font-size: 20px;\">Geschenk:2PCS Folien+5PCS Mundst\u00fccke<\/span><\/div>\n<div style=\"font-family: 'Open Sans', Roboto, Arial, Helvetica, sans-serif, SimSun; font-size: 14px; font-weight: 400; letter-spacing: normal; text-align: start; white-space: normal; color: #222222; background-color: #ffffff; margin: 0px; padding: 0px; box-sizing: content-box;\" align=\"start\"><\/div>\n<p><img decoding=\"async\" src=\"https:\/\/ae01.alicdn.com\/kf\/S2b2d57680c7147adbcc513d060dce379j.jpg\" \/><img decoding=\"async\" src=\"https:\/\/ae01.alicdn.com\/kf\/S751f9b5181604259b898bf7b1e1dcb05O.jpg\" \/><img decoding=\"async\" src=\"https:\/\/ae01.alicdn.com\/kf\/S40e5e24b57b74c2db5eea2fc88d97726c.jpg\" \/><img decoding=\"async\" src=\"https:\/\/ae01.alicdn.com\/kf\/Sa719033c645f4505865acaeaa3d8b4b7H.jpg\" \/><img decoding=\"async\" src=\"https:\/\/ae01.alicdn.com\/kf\/S49182314c7254dcda00d582a30236432e.jpg\" \/><img decoding=\"async\" src=\"https:\/\/ae01.alicdn.com\/kf\/S4c0f185196884923aae556a79417a7666.jpg\" \/><\/p>\n<p><img decoding=\"async\" src=\"https:\/\/ae01.alicdn.com\/kf\/S8c0662a69b784dae9004081c742003b5F.jpg\" \/><\/p>","protected":false},"excerpt":{"rendered":"<p>Suchen Sie nach einem verbesserten Shisha-Erlebnis? Dann ist die 4 Hoses Big Size Glass Hookah Pipe perfekt f\u00fcr Sie - sie ist die<\/p>","protected":false},"featured_media":12908,"comment_status":"open","ping_status":"closed","template":"","meta":{"iawp_total_views":14,"_joinchat":[]},"product_brand":[],"product_cat":[560,119],"product_tag":[],"class_list":{"0":"post-12907","1":"product","2":"type-product","3":"status-publish","4":"has-post-thumbnail","6":"product_cat-glass-hookah-wholesale","7":"product_cat-wholesale-hookah","9":"first","10":"instock","11":"shipping-taxable","12":"purchasable","13":"product-type-variable"},"yoast_head":"<!-- This site is optimized with the Yoast SEO Premium plugin v24.7 (Yoast SEO v26.8) - https:\/\/yoast.com\/product\/yoast-seo-premium-wordpress\/ -->\n<title>4 Hoses Big Size Glass Hookah Pipe Wholesale - Global Hookah<\/title>\n<meta name=\"robots\" content=\"index, follow, max-snippet:-1, max-image-preview:large, max-video-preview:-1\" \/>\n<link rel=\"canonical\" href=\"https:\/\/global-hookah.com\/de\/produkt\/4-hoses-big-size-glass-hookah-pipe-wholesale\/\" \/>\n<meta property=\"og:locale\" content=\"de_DE\" \/>\n<meta property=\"og:type\" content=\"article\" \/>\n<meta property=\"og:title\" content=\"4 Hoses Big Size Glass Hookah Pipe Wholesale\" \/>\n<meta property=\"og:description\" content=\"Looking for an enhanced hookah experience? Then the 4 Hoses Big Size Glass Hookah Pipe is perfect for you\u2014it&#8217;s the\" \/>\n<meta property=\"og:url\" content=\"https:\/\/global-hookah.com\/de\/produkt\/4-hoses-big-size-glass-hookah-pipe-wholesale\/\" \/>\n<meta property=\"og:site_name\" content=\"Global Hookah\" \/>\n<meta property=\"article:modified_time\" content=\"2024-08-27T12:24:42+00:00\" \/>\n<meta property=\"og:image\" content=\"https:\/\/global-hookah.com\/wp-content\/uploads\/2023\/07\/4-Hoses-Big-Size-Glass-Hookah-Pipa-Narguile-Completo-Shisha-Pipe-Set-Chicha-Cachimba-Sisha-Accessories.jpg\" \/>\n\t<meta property=\"og:image:width\" content=\"900\" \/>\n\t<meta property=\"og:image:height\" content=\"900\" \/>\n\t<meta property=\"og:image:type\" content=\"image\/jpeg\" \/>\n<meta name=\"twitter:card\" content=\"summary_large_image\" \/>\n<meta name=\"twitter:label1\" content=\"Gesch\u00e4tzte Lesezeit\" \/>\n\t<meta name=\"twitter:data1\" content=\"3\u00a0Minuten\" \/>\n<script type=\"application\/ld+json\" class=\"yoast-schema-graph\">{\"@context\":\"https:\/\/schema.org\",\"@graph\":[{\"@type\":\"WebPage\",\"@id\":\"https:\/\/global-hookah.com\/product\/4-hoses-big-size-glass-hookah-pipe-wholesale\/\",\"url\":\"https:\/\/global-hookah.com\/product\/4-hoses-big-size-glass-hookah-pipe-wholesale\/\",\"name\":\"4 Hoses Big Size Glass Hookah Pipe Wholesale - Global Hookah\",\"isPartOf\":{\"@id\":\"https:\/\/global-hookah.com\/#website\"},\"primaryImageOfPage\":{\"@id\":\"https:\/\/global-hookah.com\/product\/4-hoses-big-size-glass-hookah-pipe-wholesale\/#primaryimage\"},\"image\":{\"@id\":\"https:\/\/global-hookah.com\/product\/4-hoses-big-size-glass-hookah-pipe-wholesale\/#primaryimage\"},\"thumbnailUrl\":\"https:\/\/global-hookah.com\/wp-content\/uploads\/2023\/07\/4-Hoses-Big-Size-Glass-Hookah-Pipa-Narguile-Completo-Shisha-Pipe-Set-Chicha-Cachimba-Sisha-Accessories.jpg\",\"datePublished\":\"2023-07-30T02:25:24+00:00\",\"dateModified\":\"2024-08-27T12:24:42+00:00\",\"breadcrumb\":{\"@id\":\"https:\/\/global-hookah.com\/product\/4-hoses-big-size-glass-hookah-pipe-wholesale\/#breadcrumb\"},\"inLanguage\":\"de\",\"potentialAction\":[{\"@type\":\"ReadAction\",\"target\":[\"https:\/\/global-hookah.com\/product\/4-hoses-big-size-glass-hookah-pipe-wholesale\/\"]}]},{\"@type\":\"ImageObject\",\"inLanguage\":\"de\",\"@id\":\"https:\/\/global-hookah.com\/product\/4-hoses-big-size-glass-hookah-pipe-wholesale\/#primaryimage\",\"url\":\"https:\/\/global-hookah.com\/wp-content\/uploads\/2023\/07\/4-Hoses-Big-Size-Glass-Hookah-Pipa-Narguile-Completo-Shisha-Pipe-Set-Chicha-Cachimba-Sisha-Accessories.jpg\",\"contentUrl\":\"https:\/\/global-hookah.com\/wp-content\/uploads\/2023\/07\/4-Hoses-Big-Size-Glass-Hookah-Pipa-Narguile-Completo-Shisha-Pipe-Set-Chicha-Cachimba-Sisha-Accessories.jpg\",\"width\":900,\"height\":900,\"caption\":\"4 Hoses Big Size Glass Hookah Pipe Wholesale\"},{\"@type\":\"BreadcrumbList\",\"@id\":\"https:\/\/global-hookah.com\/product\/4-hoses-big-size-glass-hookah-pipe-wholesale\/#breadcrumb\",\"itemListElement\":[{\"@type\":\"ListItem\",\"position\":1,\"name\":\"Home\",\"item\":\"https:\/\/global-hookah.com\/\"},{\"@type\":\"ListItem\",\"position\":2,\"name\":\"Shop\",\"item\":\"https:\/\/global-hookah.com\/shop\/\"},{\"@type\":\"ListItem\",\"position\":3,\"name\":\"4 Hoses Big Size Glass Hookah Pipe Wholesale\"}]},{\"@type\":\"WebSite\",\"@id\":\"https:\/\/global-hookah.com\/#website\",\"url\":\"https:\/\/global-hookah.com\/\",\"name\":\"Global Hookah\",\"description\":\"Global Hookah\",\"publisher\":{\"@id\":\"https:\/\/global-hookah.com\/#organization\"},\"potentialAction\":[{\"@type\":\"SearchAction\",\"target\":{\"@type\":\"EntryPoint\",\"urlTemplate\":\"https:\/\/global-hookah.com\/?s={search_term_string}\"},\"query-input\":{\"@type\":\"PropertyValueSpecification\",\"valueRequired\":true,\"valueName\":\"search_term_string\"}}],\"inLanguage\":\"de\"},{\"@type\":\"Organization\",\"@id\":\"https:\/\/global-hookah.com\/#organization\",\"name\":\"Global Hookah\",\"url\":\"https:\/\/global-hookah.com\/\",\"logo\":{\"@type\":\"ImageObject\",\"inLanguage\":\"de\",\"@id\":\"https:\/\/global-hookah.com\/#\/schema\/logo\/image\/\",\"url\":\"https:\/\/global-hookah.com\/wp-content\/uploads\/2021\/10\/cropped-fgg.png\",\"contentUrl\":\"https:\/\/global-hookah.com\/wp-content\/uploads\/2021\/10\/cropped-fgg.png\",\"width\":512,\"height\":512,\"caption\":\"Global Hookah\"},\"image\":{\"@id\":\"https:\/\/global-hookah.com\/#\/schema\/logo\/image\/\"}}]}<\/script>\n<!-- \/ Yoast SEO Premium plugin. -->","yoast_head_json":{"title":"4 Schl\u00e4uche gro\u00dfe Gr\u00f6\u00dfe Glas Hookah Rohr Gro\u00dfhandel - Global Hookah","robots":{"index":"index","follow":"follow","max-snippet":"max-snippet:-1","max-image-preview":"max-image-preview:large","max-video-preview":"max-video-preview:-1"},"canonical":"https:\/\/global-hookah.com\/de\/produkt\/4-hoses-big-size-glass-hookah-pipe-wholesale\/","og_locale":"de_DE","og_type":"article","og_title":"4 Hoses Big Size Glass Hookah Pipe Wholesale","og_description":"Looking for an enhanced hookah experience? Then the 4 Hoses Big Size Glass Hookah Pipe is perfect for you\u2014it&#8217;s the","og_url":"https:\/\/global-hookah.com\/de\/produkt\/4-hoses-big-size-glass-hookah-pipe-wholesale\/","og_site_name":"Global Hookah","article_modified_time":"2024-08-27T12:24:42+00:00","og_image":[{"width":900,"height":900,"url":"https:\/\/global-hookah.com\/wp-content\/uploads\/2023\/07\/4-Hoses-Big-Size-Glass-Hookah-Pipa-Narguile-Completo-Shisha-Pipe-Set-Chicha-Cachimba-Sisha-Accessories.jpg","type":"image\/jpeg"}],"twitter_card":"summary_large_image","twitter_misc":{"Gesch\u00e4tzte Lesezeit":"3\u00a0Minuten"},"schema":{"@context":"https:\/\/schema.org","@graph":[{"@type":"WebPage","@id":"https:\/\/global-hookah.com\/product\/4-hoses-big-size-glass-hookah-pipe-wholesale\/","url":"https:\/\/global-hookah.com\/product\/4-hoses-big-size-glass-hookah-pipe-wholesale\/","name":"4 Schl\u00e4uche gro\u00dfe Gr\u00f6\u00dfe Glas Hookah Rohr Gro\u00dfhandel - Global Hookah","isPartOf":{"@id":"https:\/\/global-hookah.com\/#website"},"primaryImageOfPage":{"@id":"https:\/\/global-hookah.com\/product\/4-hoses-big-size-glass-hookah-pipe-wholesale\/#primaryimage"},"image":{"@id":"https:\/\/global-hookah.com\/product\/4-hoses-big-size-glass-hookah-pipe-wholesale\/#primaryimage"},"thumbnailUrl":"https:\/\/global-hookah.com\/wp-content\/uploads\/2023\/07\/4-Hoses-Big-Size-Glass-Hookah-Pipa-Narguile-Completo-Shisha-Pipe-Set-Chicha-Cachimba-Sisha-Accessories.jpg","datePublished":"2023-07-30T02:25:24+00:00","dateModified":"2024-08-27T12:24:42+00:00","breadcrumb":{"@id":"https:\/\/global-hookah.com\/product\/4-hoses-big-size-glass-hookah-pipe-wholesale\/#breadcrumb"},"inLanguage":"de","potentialAction":[{"@type":"ReadAction","target":["https:\/\/global-hookah.com\/product\/4-hoses-big-size-glass-hookah-pipe-wholesale\/"]}]},{"@type":"ImageObject","inLanguage":"de","@id":"https:\/\/global-hookah.com\/product\/4-hoses-big-size-glass-hookah-pipe-wholesale\/#primaryimage","url":"https:\/\/global-hookah.com\/wp-content\/uploads\/2023\/07\/4-Hoses-Big-Size-Glass-Hookah-Pipa-Narguile-Completo-Shisha-Pipe-Set-Chicha-Cachimba-Sisha-Accessories.jpg","contentUrl":"https:\/\/global-hookah.com\/wp-content\/uploads\/2023\/07\/4-Hoses-Big-Size-Glass-Hookah-Pipa-Narguile-Completo-Shisha-Pipe-Set-Chicha-Cachimba-Sisha-Accessories.jpg","width":900,"height":900,"caption":"4 Hoses Big Size Glass Hookah Pipe Wholesale"},{"@type":"BreadcrumbList","@id":"https:\/\/global-hookah.com\/product\/4-hoses-big-size-glass-hookah-pipe-wholesale\/#breadcrumb","itemListElement":[{"@type":"ListItem","position":1,"name":"Home","item":"https:\/\/global-hookah.com\/"},{"@type":"ListItem","position":2,"name":"Shop","item":"https:\/\/global-hookah.com\/shop\/"},{"@type":"ListItem","position":3,"name":"4 Hoses Big Size Glass Hookah Pipe Wholesale"}]},{"@type":"WebSite","@id":"https:\/\/global-hookah.com\/#website","url":"https:\/\/global-hookah.com\/","name":"Globale Wasserpfeife","description":"Globale Wasserpfeife","publisher":{"@id":"https:\/\/global-hookah.com\/#organization"},"potentialAction":[{"@type":"SearchAction","target":{"@type":"EntryPoint","urlTemplate":"https:\/\/global-hookah.com\/?s={search_term_string}"},"query-input":{"@type":"PropertyValueSpecification","valueRequired":true,"valueName":"search_term_string"}}],"inLanguage":"de"},{"@type":"Organization","@id":"https:\/\/global-hookah.com\/#organization","name":"Globale Wasserpfeife","url":"https:\/\/global-hookah.com\/","logo":{"@type":"ImageObject","inLanguage":"de","@id":"https:\/\/global-hookah.com\/#\/schema\/logo\/image\/","url":"https:\/\/global-hookah.com\/wp-content\/uploads\/2021\/10\/cropped-fgg.png","contentUrl":"https:\/\/global-hookah.com\/wp-content\/uploads\/2021\/10\/cropped-fgg.png","width":512,"height":512,"caption":"Global Hookah"},"image":{"@id":"https:\/\/global-hookah.com\/#\/schema\/logo\/image\/"}}]}},"_links":{"self":[{"href":"https:\/\/global-hookah.com\/de\/wp-json\/wp\/v2\/product\/12907","targetHints":{"allow":["GET"]}}],"collection":[{"href":"https:\/\/global-hookah.com\/de\/wp-json\/wp\/v2\/product"}],"about":[{"href":"https:\/\/global-hookah.com\/de\/wp-json\/wp\/v2\/types\/product"}],"replies":[{"embeddable":true,"href":"https:\/\/global-hookah.com\/de\/wp-json\/wp\/v2\/comments?post=12907"}],"version-history":[{"count":0,"href":"https:\/\/global-hookah.com\/de\/wp-json\/wp\/v2\/product\/12907\/revisions"}],"wp:featuredmedia":[{"embeddable":true,"href":"https:\/\/global-hookah.com\/de\/wp-json\/wp\/v2\/media\/12908"}],"wp:attachment":[{"href":"https:\/\/global-hookah.com\/de\/wp-json\/wp\/v2\/media?parent=12907"}],"wp:term":[{"taxonomy":"product_brand","embeddable":true,"href":"https:\/\/global-hookah.com\/de\/wp-json\/wp\/v2\/product_brand?post=12907"},{"taxonomy":"product_cat","embeddable":true,"href":"https:\/\/global-hookah.com\/de\/wp-json\/wp\/v2\/product_cat?post=12907"},{"taxonomy":"product_tag","embeddable":true,"href":"https:\/\/global-hookah.com\/de\/wp-json\/wp\/v2\/product_tag?post=12907"}],"curies":[{"name":"wp","href":"https:\/\/api.w.org\/{rel}","templated":true}]}}