{"id":12924,"date":"2023-07-30T03:10:23","date_gmt":"2023-07-30T03:10:23","guid":{"rendered":"https:\/\/global-hookah.com\/product\/wholesale-hookah-shisha-pipe-with-smoking-accessories\/"},"modified":"2024-01-12T03:55:54","modified_gmt":"2024-01-12T03:55:54","slug":"wholesale-hookah-shisha-pipe-with-smoking-accessories","status":"publish","type":"product","link":"https:\/\/global-hookah.com\/de\/produkt\/wholesale-hookah-shisha-pipe-with-smoking-accessories\/","title":{"rendered":"Gro\u00dfhandel Hookah Shisha Pfeife mit Raucherzubeh\u00f6r"},"content":{"rendered":"<p>Von erfahrenen Kunsthandwerkern, die ihr Wissen \u00fcber Generationen hinweg verfeinert haben, wird dieses <strong>Wasserpfeife Shisha Pfeife mit Raucherzubeh\u00f6r<\/strong> werden aus hochwertigen Materialien hergestellt, die direkt aus der T\u00fcrkei bezogen werden. Verwendet werden haupts\u00e4chlich Messing und Glas, die f\u00fcr ihre Robustheit und Korrosionsbest\u00e4ndigkeit bekannt sind. Au\u00dferdem werden die <strong>Wasserpfeifen<\/strong> haben mundgeblasene Glassockel, die nicht nur \u00e4sthetisch ansprechend sind, sondern auch zu ihrer Langlebigkeit beitragen.<\/p>\n<p>Durch die Verwendung authentischer Materialien k\u00f6nnen wir <strong>Wasserpfeifenhersteller<\/strong> stellen sicher, dass jedes St\u00fcck so gebaut ist, dass es dem Test der Zeit standh\u00e4lt. Diese Wasserpfeifen und Zubeh\u00f6rteile verbessern nicht nur das Raucherlebnis, sondern bieten auch ein hervorragendes Preis-Leistungs-Verh\u00e4ltnis, da sie nur minimale Wartung und Austausch erfordern. Dar\u00fcber hinaus garantiert die Verwendung echter Materialien ein authentisches Raucherlebnis mit optimaler Geschmackserhaltung und sanften Z\u00fcgen.<\/p>\n<p><strong>Vielseitigkeit und Personalisierung: Ma\u00dfschneidern Sie Ihr t\u00fcrkisches Wasserpfeifen-Erlebnis<\/strong><\/p>\n<p>Dar\u00fcber hinaus k\u00f6nnen die Nutzer ihr Raucherlebnis durch die Auswahl verschiedener Shisha-Zubeh\u00f6rteile wie Bowl, Schlauch oder sogar des Tabaks selbst individuell gestalten. Diese Flexibilit\u00e4t erm\u00f6glicht es den Rauchern, mit verschiedenen Geschmacksrichtungen und Intensit\u00e4ten zu experimentieren, ganz nach ihrem Geschmack. Au\u00dferdem, <strong>Wasserpfeifen-Rauchrohr<\/strong> bieten die M\u00f6glichkeit, Kontakte zu kn\u00fcpfen und ein gemeinsames Erlebnis zu schaffen. Sie sind oft mit mehreren Schl\u00e4uchen ausgestattet, so dass sich Freunde leicht zusammenfinden und das Rauchen gemeinsam genie\u00dfen k\u00f6nnen.<\/p>\n<p>Wenn Sie eine Wasserpfeifen-Bar, -Lounge oder -Restaurant besitzen oder leiten und Folgendes erwerben m\u00f6chten <a href=\"https:\/\/global-hookah.com\/product-category\/wholesale-hookah\/\"><strong>Gro\u00dfhandel Shisha Wasserpfeifen<\/strong><\/a> werden wir Ihre beste Wahl sein<\/p>\n<div class=\"detailmodule_dynamic\">Artikel:Ein Schlauch Glas Wasserpfeife<\/div>\n<div class=\"detailmodule_dynamic\">Material:Glas+Metall+Keramik<\/div>\n<div class=\"detailmodule_dynamic\">Farbe:Blau,Lila,Rot,Gr\u00fcn<\/div>\n<div class=\"detailmodule_dynamic\">Gesamth\u00f6he: Etwa 55CM\/21.65\u2033<\/div>\n<div class=\"detailmodule_dynamic\">Breite: Ungef\u00e4hr 12.5CM\/4.92\u2033<\/div>\n<div class=\"detailmodule_dynamic\">Verwendung:Shisha-Pfeife&amp;Zubeh\u00f6r<\/div>\n<div class=\"detailmodule_dynamic\"><img decoding=\"async\" src=\"https:\/\/ae01.alicdn.com\/kf\/S3a7c98fd86414b42818631817a7b22f7x.jpg\" \/><img decoding=\"async\" src=\"https:\/\/ae01.alicdn.com\/kf\/Sb05af8cd8d6e4f5882ae898408ede9e8x.jpg\" \/><img decoding=\"async\" src=\"https:\/\/ae01.alicdn.com\/kf\/Sded417b8277b4754b0450d8a0a317de8X.jpg\" \/><img decoding=\"async\" src=\"https:\/\/ae01.alicdn.com\/kf\/Se9dc2ff6123345e79cd35a8d10551891Q.jpg\" \/><img decoding=\"async\" src=\"https:\/\/ae01.alicdn.com\/kf\/Sd6365d7faa01464281e7836e5b81c18fP.jpg\" \/><img decoding=\"async\" src=\"https:\/\/ae01.alicdn.com\/kf\/Sfdfa0e61d4ad412681a2eb1abb0c78e5F.jpg\" \/><img decoding=\"async\" src=\"https:\/\/ae01.alicdn.com\/kf\/S49c4f261362745338017714c4b4370ddC.jpg\" \/><img decoding=\"async\" src=\"https:\/\/ae01.alicdn.com\/kf\/S416b0d0657b54ff79f010d648d774016b.jpg\" \/><img decoding=\"async\" src=\"https:\/\/ae01.alicdn.com\/kf\/S1031ad241b8048beb9c2eb55b2af692dY.jpg\" \/><\/div>\n<div class=\"detailmodule_html\">\n<div class=\"detail-desc-decorate-richtext\">\n<div class=\"detailmodule_html\">\n<div class=\"detail-desc-decorate-richtext\">\n<div>\n<div style=\"overflow: hidden; height: 0px;\">modname=<\/div>\n<div style=\"overflow: hidden; height: 0px;\"><\/div>\n<div>\n<div>\n<div>\n<div>\n<div>\n<p><img decoding=\"async\" src=\"https:\/\/ae01.alicdn.com\/kf\/H0982bec1f89643ea928b461ecb2d84f2l.jpg\" \/><\/p>\n<div><\/div>\n<\/div>\n<\/div>\n<\/div>\n<\/div>\n<div><\/div>\n<\/div>\n<\/div>\n<\/div>\n<\/div>\n<p>&nbsp;<\/p>\n<p>&nbsp;<\/p>\n<p>&nbsp;<\/p>\n<p>&nbsp;<\/p>\n<div><\/div>\n<\/div>\n<\/div>\n<p>&nbsp;<\/p>\n<p>&nbsp;<\/p>","protected":false},"excerpt":{"rendered":"<p>Diese Hookah Shisha-Pfeife mit Rauchzubeh\u00f6r wird von erfahrenen Handwerkern hergestellt, die ihr Fachwissen \u00fcber Generationen hinweg verfeinert haben.<\/p>","protected":false},"featured_media":12925,"comment_status":"open","ping_status":"closed","template":"","meta":{"iawp_total_views":9,"_joinchat":[]},"product_brand":[],"product_cat":[560,119],"product_tag":[],"class_list":{"0":"post-12924","1":"product","2":"type-product","3":"status-publish","4":"has-post-thumbnail","6":"product_cat-glass-hookah-wholesale","7":"product_cat-wholesale-hookah","9":"first","10":"instock","11":"shipping-taxable","12":"purchasable","13":"product-type-variable"},"yoast_head":"<!-- This site is optimized with the Yoast SEO Premium plugin v24.7 (Yoast SEO v26.8) - https:\/\/yoast.com\/product\/yoast-seo-premium-wordpress\/ -->\n<title>Wholesale Hookah Shisha Pipe With Smoking Accessories - Global Hookah<\/title>\n<meta name=\"robots\" content=\"index, follow, max-snippet:-1, max-image-preview:large, max-video-preview:-1\" \/>\n<link rel=\"canonical\" href=\"https:\/\/global-hookah.com\/de\/ru\/\u043f\u0440\u043e\u0434\u0443\u043a\u0442\/\u043e\u043f\u0442\u043e\u0432\u044b\u0439-\u043a\u0430\u043b\u044c\u044f\u043d-\u043a\u0430\u043b\u044c\u044f\u043d-\u0442\u0440\u0443\u0431\u043a\u0430-\u0441-\u043a\u0443\u0440\u0438\u0442\u0435\/\" \/>\n<meta property=\"og:locale\" content=\"de_DE\" \/>\n<meta property=\"og:type\" content=\"article\" \/>\n<meta property=\"og:title\" content=\"Wholesale Hookah Shisha Pipe With Smoking Accessories\" \/>\n<meta property=\"og:description\" content=\"Crafted by skilled artisans who have honed their expertise over generations, this Hookah Shisha Pipe With Smoking Accessories are made\" \/>\n<meta property=\"og:url\" content=\"https:\/\/global-hookah.com\/de\/ru\/\u043f\u0440\u043e\u0434\u0443\u043a\u0442\/\u043e\u043f\u0442\u043e\u0432\u044b\u0439-\u043a\u0430\u043b\u044c\u044f\u043d-\u043a\u0430\u043b\u044c\u044f\u043d-\u0442\u0440\u0443\u0431\u043a\u0430-\u0441-\u043a\u0443\u0440\u0438\u0442\u0435\/\" \/>\n<meta property=\"og:site_name\" content=\"Global Hookah\" \/>\n<meta property=\"article:modified_time\" content=\"2024-01-12T03:55:54+00:00\" \/>\n<meta property=\"og:image\" content=\"https:\/\/global-hookah.com\/wp-content\/uploads\/2023\/07\/DEJAYA-Glass-Hookah-One-Hose-Shisha-Pipe-Narguile-Completo-For-Smoke-Chicha-Cachimba-Pipa-Shishsa-Hookhah.jpg\" \/>\n\t<meta property=\"og:image:width\" content=\"1920\" \/>\n\t<meta property=\"og:image:height\" content=\"1920\" \/>\n\t<meta property=\"og:image:type\" content=\"image\/jpeg\" \/>\n<meta name=\"twitter:card\" content=\"summary_large_image\" \/>\n<meta name=\"twitter:label1\" content=\"Gesch\u00e4tzte Lesezeit\" \/>\n\t<meta name=\"twitter:data1\" content=\"4\u00a0Minuten\" \/>\n<script type=\"application\/ld+json\" class=\"yoast-schema-graph\">{\"@context\":\"https:\/\/schema.org\",\"@graph\":[{\"@type\":\"WebPage\",\"@id\":\"https:\/\/global-hookah.com\/ru\/\u043f\u0440\u043e\u0434\u0443\u043a\u0442\/%d0%be%d0%bf%d1%82%d0%be%d0%b2%d1%8b%d0%b9-%d0%ba%d0%b0%d0%bb%d1%8c%d1%8f%d0%bd-%d0%ba%d0%b0%d0%bb%d1%8c%d1%8f%d0%bd-%d1%82%d1%80%d1%83%d0%b1%d0%ba%d0%b0-%d1%81-%d0%ba%d1%83%d1%80%d0%b8%d1%82%d0%b5\/\",\"url\":\"https:\/\/global-hookah.com\/ru\/\u043f\u0440\u043e\u0434\u0443\u043a\u0442\/%d0%be%d0%bf%d1%82%d0%be%d0%b2%d1%8b%d0%b9-%d0%ba%d0%b0%d0%bb%d1%8c%d1%8f%d0%bd-%d0%ba%d0%b0%d0%bb%d1%8c%d1%8f%d0%bd-%d1%82%d1%80%d1%83%d0%b1%d0%ba%d0%b0-%d1%81-%d0%ba%d1%83%d1%80%d0%b8%d1%82%d0%b5\/\",\"name\":\"Wholesale Hookah Shisha Pipe With Smoking Accessories - Global Hookah\",\"isPartOf\":{\"@id\":\"https:\/\/global-hookah.com\/#website\"},\"primaryImageOfPage\":{\"@id\":\"https:\/\/global-hookah.com\/ru\/\u043f\u0440\u043e\u0434\u0443\u043a\u0442\/%d0%be%d0%bf%d1%82%d0%be%d0%b2%d1%8b%d0%b9-%d0%ba%d0%b0%d0%bb%d1%8c%d1%8f%d0%bd-%d0%ba%d0%b0%d0%bb%d1%8c%d1%8f%d0%bd-%d1%82%d1%80%d1%83%d0%b1%d0%ba%d0%b0-%d1%81-%d0%ba%d1%83%d1%80%d0%b8%d1%82%d0%b5\/#primaryimage\"},\"image\":{\"@id\":\"https:\/\/global-hookah.com\/ru\/\u043f\u0440\u043e\u0434\u0443\u043a\u0442\/%d0%be%d0%bf%d1%82%d0%be%d0%b2%d1%8b%d0%b9-%d0%ba%d0%b0%d0%bb%d1%8c%d1%8f%d0%bd-%d0%ba%d0%b0%d0%bb%d1%8c%d1%8f%d0%bd-%d1%82%d1%80%d1%83%d0%b1%d0%ba%d0%b0-%d1%81-%d0%ba%d1%83%d1%80%d0%b8%d1%82%d0%b5\/#primaryimage\"},\"thumbnailUrl\":\"https:\/\/global-hookah.com\/wp-content\/uploads\/2023\/07\/DEJAYA-Glass-Hookah-One-Hose-Shisha-Pipe-Narguile-Completo-For-Smoke-Chicha-Cachimba-Pipa-Shishsa-Hookhah.jpg\",\"datePublished\":\"2023-07-30T03:10:23+00:00\",\"dateModified\":\"2024-01-12T03:55:54+00:00\",\"breadcrumb\":{\"@id\":\"https:\/\/global-hookah.com\/ru\/\u043f\u0440\u043e\u0434\u0443\u043a\u0442\/%d0%be%d0%bf%d1%82%d0%be%d0%b2%d1%8b%d0%b9-%d0%ba%d0%b0%d0%bb%d1%8c%d1%8f%d0%bd-%d0%ba%d0%b0%d0%bb%d1%8c%d1%8f%d0%bd-%d1%82%d1%80%d1%83%d0%b1%d0%ba%d0%b0-%d1%81-%d0%ba%d1%83%d1%80%d0%b8%d1%82%d0%b5\/#breadcrumb\"},\"inLanguage\":\"de\",\"potentialAction\":[{\"@type\":\"ReadAction\",\"target\":[\"https:\/\/global-hookah.com\/ru\/\u043f\u0440\u043e\u0434\u0443\u043a\u0442\/%d0%be%d0%bf%d1%82%d0%be%d0%b2%d1%8b%d0%b9-%d0%ba%d0%b0%d0%bb%d1%8c%d1%8f%d0%bd-%d0%ba%d0%b0%d0%bb%d1%8c%d1%8f%d0%bd-%d1%82%d1%80%d1%83%d0%b1%d0%ba%d0%b0-%d1%81-%d0%ba%d1%83%d1%80%d0%b8%d1%82%d0%b5\/\"]}]},{\"@type\":\"ImageObject\",\"inLanguage\":\"de\",\"@id\":\"https:\/\/global-hookah.com\/ru\/\u043f\u0440\u043e\u0434\u0443\u043a\u0442\/%d0%be%d0%bf%d1%82%d0%be%d0%b2%d1%8b%d0%b9-%d0%ba%d0%b0%d0%bb%d1%8c%d1%8f%d0%bd-%d0%ba%d0%b0%d0%bb%d1%8c%d1%8f%d0%bd-%d1%82%d1%80%d1%83%d0%b1%d0%ba%d0%b0-%d1%81-%d0%ba%d1%83%d1%80%d0%b8%d1%82%d0%b5\/#primaryimage\",\"url\":\"https:\/\/global-hookah.com\/wp-content\/uploads\/2023\/07\/DEJAYA-Glass-Hookah-One-Hose-Shisha-Pipe-Narguile-Completo-For-Smoke-Chicha-Cachimba-Pipa-Shishsa-Hookhah.jpg\",\"contentUrl\":\"https:\/\/global-hookah.com\/wp-content\/uploads\/2023\/07\/DEJAYA-Glass-Hookah-One-Hose-Shisha-Pipe-Narguile-Completo-For-Smoke-Chicha-Cachimba-Pipa-Shishsa-Hookhah.jpg\",\"width\":1920,\"height\":1920,\"caption\":\"Wholesale Hookah Shisha Pipe With Smoking Accessories\"},{\"@type\":\"BreadcrumbList\",\"@id\":\"https:\/\/global-hookah.com\/ru\/\u043f\u0440\u043e\u0434\u0443\u043a\u0442\/%d0%be%d0%bf%d1%82%d0%be%d0%b2%d1%8b%d0%b9-%d0%ba%d0%b0%d0%bb%d1%8c%d1%8f%d0%bd-%d0%ba%d0%b0%d0%bb%d1%8c%d1%8f%d0%bd-%d1%82%d1%80%d1%83%d0%b1%d0%ba%d0%b0-%d1%81-%d0%ba%d1%83%d1%80%d0%b8%d1%82%d0%b5\/#breadcrumb\",\"itemListElement\":[{\"@type\":\"ListItem\",\"position\":1,\"name\":\"Home\",\"item\":\"https:\/\/global-hookah.com\/\"},{\"@type\":\"ListItem\",\"position\":2,\"name\":\"Shop\",\"item\":\"https:\/\/global-hookah.com\/shop\/\"},{\"@type\":\"ListItem\",\"position\":3,\"name\":\"Wholesale Hookah Shisha Pipe With Smoking Accessories\"}]},{\"@type\":\"WebSite\",\"@id\":\"https:\/\/global-hookah.com\/#website\",\"url\":\"https:\/\/global-hookah.com\/\",\"name\":\"Global Hookah\",\"description\":\"Global Hookah\",\"publisher\":{\"@id\":\"https:\/\/global-hookah.com\/#organization\"},\"potentialAction\":[{\"@type\":\"SearchAction\",\"target\":{\"@type\":\"EntryPoint\",\"urlTemplate\":\"https:\/\/global-hookah.com\/?s={search_term_string}\"},\"query-input\":{\"@type\":\"PropertyValueSpecification\",\"valueRequired\":true,\"valueName\":\"search_term_string\"}}],\"inLanguage\":\"de\"},{\"@type\":\"Organization\",\"@id\":\"https:\/\/global-hookah.com\/#organization\",\"name\":\"Global Hookah\",\"url\":\"https:\/\/global-hookah.com\/\",\"logo\":{\"@type\":\"ImageObject\",\"inLanguage\":\"de\",\"@id\":\"https:\/\/global-hookah.com\/#\/schema\/logo\/image\/\",\"url\":\"https:\/\/global-hookah.com\/wp-content\/uploads\/2021\/10\/cropped-fgg.png\",\"contentUrl\":\"https:\/\/global-hookah.com\/wp-content\/uploads\/2021\/10\/cropped-fgg.png\",\"width\":512,\"height\":512,\"caption\":\"Global Hookah\"},\"image\":{\"@id\":\"https:\/\/global-hookah.com\/#\/schema\/logo\/image\/\"}}]}<\/script>\n<!-- \/ Yoast SEO Premium plugin. -->","yoast_head_json":{"title":"Gro\u00dfhandel Hookah Shisha Pfeife mit Raucherzubeh\u00f6r - Global Hookah","robots":{"index":"index","follow":"follow","max-snippet":"max-snippet:-1","max-image-preview":"max-image-preview:large","max-video-preview":"max-video-preview:-1"},"canonical":"https:\/\/global-hookah.com\/de\/ru\/\u043f\u0440\u043e\u0434\u0443\u043a\u0442\/\u043e\u043f\u0442\u043e\u0432\u044b\u0439-\u043a\u0430\u043b\u044c\u044f\u043d-\u043a\u0430\u043b\u044c\u044f\u043d-\u0442\u0440\u0443\u0431\u043a\u0430-\u0441-\u043a\u0443\u0440\u0438\u0442\u0435\/","og_locale":"de_DE","og_type":"article","og_title":"Wholesale Hookah Shisha Pipe With Smoking Accessories","og_description":"Crafted by skilled artisans who have honed their expertise over generations, this Hookah Shisha Pipe With Smoking Accessories are made","og_url":"https:\/\/global-hookah.com\/de\/ru\/\u043f\u0440\u043e\u0434\u0443\u043a\u0442\/\u043e\u043f\u0442\u043e\u0432\u044b\u0439-\u043a\u0430\u043b\u044c\u044f\u043d-\u043a\u0430\u043b\u044c\u044f\u043d-\u0442\u0440\u0443\u0431\u043a\u0430-\u0441-\u043a\u0443\u0440\u0438\u0442\u0435\/","og_site_name":"Global Hookah","article_modified_time":"2024-01-12T03:55:54+00:00","og_image":[{"width":1920,"height":1920,"url":"https:\/\/global-hookah.com\/wp-content\/uploads\/2023\/07\/DEJAYA-Glass-Hookah-One-Hose-Shisha-Pipe-Narguile-Completo-For-Smoke-Chicha-Cachimba-Pipa-Shishsa-Hookhah.jpg","type":"image\/jpeg"}],"twitter_card":"summary_large_image","twitter_misc":{"Gesch\u00e4tzte Lesezeit":"4\u00a0Minuten"},"schema":{"@context":"https:\/\/schema.org","@graph":[{"@type":"WebPage","@id":"https:\/\/global-hookah.com\/ru\/\u043f\u0440\u043e\u0434\u0443\u043a\u0442\/%d0%be%d0%bf%d1%82%d0%be%d0%b2%d1%8b%d0%b9-%d0%ba%d0%b0%d0%bb%d1%8c%d1%8f%d0%bd-%d0%ba%d0%b0%d0%bb%d1%8c%d1%8f%d0%bd-%d1%82%d1%80%d1%83%d0%b1%d0%ba%d0%b0-%d1%81-%d0%ba%d1%83%d1%80%d0%b8%d1%82%d0%b5\/","url":"https:\/\/global-hookah.com\/ru\/\u043f\u0440\u043e\u0434\u0443\u043a\u0442\/%d0%be%d0%bf%d1%82%d0%be%d0%b2%d1%8b%d0%b9-%d0%ba%d0%b0%d0%bb%d1%8c%d1%8f%d0%bd-%d0%ba%d0%b0%d0%bb%d1%8c%d1%8f%d0%bd-%d1%82%d1%80%d1%83%d0%b1%d0%ba%d0%b0-%d1%81-%d0%ba%d1%83%d1%80%d0%b8%d1%82%d0%b5\/","name":"Gro\u00dfhandel Hookah Shisha Pfeife mit Raucherzubeh\u00f6r - Global Hookah","isPartOf":{"@id":"https:\/\/global-hookah.com\/#website"},"primaryImageOfPage":{"@id":"https:\/\/global-hookah.com\/ru\/\u043f\u0440\u043e\u0434\u0443\u043a\u0442\/%d0%be%d0%bf%d1%82%d0%be%d0%b2%d1%8b%d0%b9-%d0%ba%d0%b0%d0%bb%d1%8c%d1%8f%d0%bd-%d0%ba%d0%b0%d0%bb%d1%8c%d1%8f%d0%bd-%d1%82%d1%80%d1%83%d0%b1%d0%ba%d0%b0-%d1%81-%d0%ba%d1%83%d1%80%d0%b8%d1%82%d0%b5\/#primaryimage"},"image":{"@id":"https:\/\/global-hookah.com\/ru\/\u043f\u0440\u043e\u0434\u0443\u043a\u0442\/%d0%be%d0%bf%d1%82%d0%be%d0%b2%d1%8b%d0%b9-%d0%ba%d0%b0%d0%bb%d1%8c%d1%8f%d0%bd-%d0%ba%d0%b0%d0%bb%d1%8c%d1%8f%d0%bd-%d1%82%d1%80%d1%83%d0%b1%d0%ba%d0%b0-%d1%81-%d0%ba%d1%83%d1%80%d0%b8%d1%82%d0%b5\/#primaryimage"},"thumbnailUrl":"https:\/\/global-hookah.com\/wp-content\/uploads\/2023\/07\/DEJAYA-Glass-Hookah-One-Hose-Shisha-Pipe-Narguile-Completo-For-Smoke-Chicha-Cachimba-Pipa-Shishsa-Hookhah.jpg","datePublished":"2023-07-30T03:10:23+00:00","dateModified":"2024-01-12T03:55:54+00:00","breadcrumb":{"@id":"https:\/\/global-hookah.com\/ru\/\u043f\u0440\u043e\u0434\u0443\u043a\u0442\/%d0%be%d0%bf%d1%82%d0%be%d0%b2%d1%8b%d0%b9-%d0%ba%d0%b0%d0%bb%d1%8c%d1%8f%d0%bd-%d0%ba%d0%b0%d0%bb%d1%8c%d1%8f%d0%bd-%d1%82%d1%80%d1%83%d0%b1%d0%ba%d0%b0-%d1%81-%d0%ba%d1%83%d1%80%d0%b8%d1%82%d0%b5\/#breadcrumb"},"inLanguage":"de","potentialAction":[{"@type":"ReadAction","target":["https:\/\/global-hookah.com\/ru\/\u043f\u0440\u043e\u0434\u0443\u043a\u0442\/%d0%be%d0%bf%d1%82%d0%be%d0%b2%d1%8b%d0%b9-%d0%ba%d0%b0%d0%bb%d1%8c%d1%8f%d0%bd-%d0%ba%d0%b0%d0%bb%d1%8c%d1%8f%d0%bd-%d1%82%d1%80%d1%83%d0%b1%d0%ba%d0%b0-%d1%81-%d0%ba%d1%83%d1%80%d0%b8%d1%82%d0%b5\/"]}]},{"@type":"ImageObject","inLanguage":"de","@id":"https:\/\/global-hookah.com\/ru\/\u043f\u0440\u043e\u0434\u0443\u043a\u0442\/%d0%be%d0%bf%d1%82%d0%be%d0%b2%d1%8b%d0%b9-%d0%ba%d0%b0%d0%bb%d1%8c%d1%8f%d0%bd-%d0%ba%d0%b0%d0%bb%d1%8c%d1%8f%d0%bd-%d1%82%d1%80%d1%83%d0%b1%d0%ba%d0%b0-%d1%81-%d0%ba%d1%83%d1%80%d0%b8%d1%82%d0%b5\/#primaryimage","url":"https:\/\/global-hookah.com\/wp-content\/uploads\/2023\/07\/DEJAYA-Glass-Hookah-One-Hose-Shisha-Pipe-Narguile-Completo-For-Smoke-Chicha-Cachimba-Pipa-Shishsa-Hookhah.jpg","contentUrl":"https:\/\/global-hookah.com\/wp-content\/uploads\/2023\/07\/DEJAYA-Glass-Hookah-One-Hose-Shisha-Pipe-Narguile-Completo-For-Smoke-Chicha-Cachimba-Pipa-Shishsa-Hookhah.jpg","width":1920,"height":1920,"caption":"Wholesale Hookah Shisha Pipe With Smoking Accessories"},{"@type":"BreadcrumbList","@id":"https:\/\/global-hookah.com\/ru\/\u043f\u0440\u043e\u0434\u0443\u043a\u0442\/%d0%be%d0%bf%d1%82%d0%be%d0%b2%d1%8b%d0%b9-%d0%ba%d0%b0%d0%bb%d1%8c%d1%8f%d0%bd-%d0%ba%d0%b0%d0%bb%d1%8c%d1%8f%d0%bd-%d1%82%d1%80%d1%83%d0%b1%d0%ba%d0%b0-%d1%81-%d0%ba%d1%83%d1%80%d0%b8%d1%82%d0%b5\/#breadcrumb","itemListElement":[{"@type":"ListItem","position":1,"name":"Home","item":"https:\/\/global-hookah.com\/"},{"@type":"ListItem","position":2,"name":"Shop","item":"https:\/\/global-hookah.com\/shop\/"},{"@type":"ListItem","position":3,"name":"Wholesale Hookah Shisha Pipe With Smoking Accessories"}]},{"@type":"WebSite","@id":"https:\/\/global-hookah.com\/#website","url":"https:\/\/global-hookah.com\/","name":"Globale Wasserpfeife","description":"Globale Wasserpfeife","publisher":{"@id":"https:\/\/global-hookah.com\/#organization"},"potentialAction":[{"@type":"SearchAction","target":{"@type":"EntryPoint","urlTemplate":"https:\/\/global-hookah.com\/?s={search_term_string}"},"query-input":{"@type":"PropertyValueSpecification","valueRequired":true,"valueName":"search_term_string"}}],"inLanguage":"de"},{"@type":"Organization","@id":"https:\/\/global-hookah.com\/#organization","name":"Globale Wasserpfeife","url":"https:\/\/global-hookah.com\/","logo":{"@type":"ImageObject","inLanguage":"de","@id":"https:\/\/global-hookah.com\/#\/schema\/logo\/image\/","url":"https:\/\/global-hookah.com\/wp-content\/uploads\/2021\/10\/cropped-fgg.png","contentUrl":"https:\/\/global-hookah.com\/wp-content\/uploads\/2021\/10\/cropped-fgg.png","width":512,"height":512,"caption":"Global Hookah"},"image":{"@id":"https:\/\/global-hookah.com\/#\/schema\/logo\/image\/"}}]}},"_links":{"self":[{"href":"https:\/\/global-hookah.com\/de\/wp-json\/wp\/v2\/product\/12924","targetHints":{"allow":["GET"]}}],"collection":[{"href":"https:\/\/global-hookah.com\/de\/wp-json\/wp\/v2\/product"}],"about":[{"href":"https:\/\/global-hookah.com\/de\/wp-json\/wp\/v2\/types\/product"}],"replies":[{"embeddable":true,"href":"https:\/\/global-hookah.com\/de\/wp-json\/wp\/v2\/comments?post=12924"}],"version-history":[{"count":0,"href":"https:\/\/global-hookah.com\/de\/wp-json\/wp\/v2\/product\/12924\/revisions"}],"wp:featuredmedia":[{"embeddable":true,"href":"https:\/\/global-hookah.com\/de\/wp-json\/wp\/v2\/media\/12925"}],"wp:attachment":[{"href":"https:\/\/global-hookah.com\/de\/wp-json\/wp\/v2\/media?parent=12924"}],"wp:term":[{"taxonomy":"product_brand","embeddable":true,"href":"https:\/\/global-hookah.com\/de\/wp-json\/wp\/v2\/product_brand?post=12924"},{"taxonomy":"product_cat","embeddable":true,"href":"https:\/\/global-hookah.com\/de\/wp-json\/wp\/v2\/product_cat?post=12924"},{"taxonomy":"product_tag","embeddable":true,"href":"https:\/\/global-hookah.com\/de\/wp-json\/wp\/v2\/product_tag?post=12924"}],"curies":[{"name":"wp","href":"https:\/\/api.w.org\/{rel}","templated":true}]}}