{"id":12949,"date":"2023-07-30T03:42:36","date_gmt":"2023-07-30T03:42:36","guid":{"rendered":"https:\/\/global-hookah.com\/product\/single-pipe-wood-hookah-full-set-wholesale\/"},"modified":"2024-01-12T03:53:42","modified_gmt":"2024-01-12T03:53:42","slug":"single-pipe-wood-hookah-full-set-wholesale","status":"publish","type":"product","link":"https:\/\/global-hookah.com\/de\/produkt\/single-pipe-wood-hookah-full-set-wholesale\/","title":{"rendered":"Einzelne Pfeife Holz Hookah Full Set Gro\u00dfhandel"},"content":{"rendered":"<div class=\"product-specs-list-container\">\n<p>Die <strong>Einzelne Pfeife Holz Hookah Full Set<\/strong> bietet dank ihres au\u00dfergew\u00f6hnlichen Geschmacks und ihrer Rauchqualit\u00e4t ein unvergleichliches Raucherlebnis. Mit Pr\u00e4zision und Innovation entwickelt, garantiert diese Wasserpfeife ein bemerkenswertes Geschmacksprofil, das herk\u00f6mmliche Optionen \u00fcbertrifft. Ihr fortschrittliches Filtersystem sorgt f\u00fcr einen sanften und sauberen Rauch, der jegliche H\u00e4rte oder unangenehmen Nachgeschmack eliminiert. Ausgestattet mit modernster Technologie, ist die <strong>Einzelne Pfeife Holz Hookah Full Set<\/strong> maximiert den Geschmack der von Ihnen gew\u00e4hlten Shisha-Mischung.<\/p>\n<p>Die H\u00f6lzer, die bei der Herstellung verwendet werden, sind sorgf\u00e4ltig ausgew\u00e4hlt, um den nat\u00fcrlichen Geschmack und die Aromen des Tabaks zu verst\u00e4rken, was zu einem intensiveren und angenehmeren Raucherlebnis f\u00fchrt. Au\u00dferdem ist diese <strong>Raucherpfeife Wasserpfeife<\/strong> verwendet effiziente Heizelemente, die die Hitze gleichm\u00e4\u00dfig in der Schale verteilen und so ein Verbrennen oder Einkerben verhindern. So k\u00f6nnen Sie jeden Zug genie\u00dfen, ohne sich Gedanken \u00fcber einen unerw\u00fcnschten verkohlten Geschmack zu machen.<\/p>\n<p>Au\u00dferdem ist die <strong>Raucherpfeife Wasserpfeife<\/strong> zeichnet sich durch innovative Technik aus, die seine Haltbarkeit erh\u00f6ht. Jede Komponente wurde sorgf\u00e4ltig entworfen und mit Pr\u00e4zision gefertigt, um ein nahtloses Raucherlebnis zu gew\u00e4hrleisten und gleichzeitig seine Langlebigkeit zu erhalten. Ob Sie nun ein begeisterter Reisender sind oder gerne gesellige Runden veranstalten, der <strong>Einzelne Pfeife Holz Hookah's<\/strong> Die Langlebigkeit sorgt daf\u00fcr, dass er verschiedenen Umgebungen und Situationen standhalten kann, ohne seinen Charme oder seine Funktionalit\u00e4t zu verlieren.<\/p>\n<p>Wenn Sie mit dem Gedanken gespielt haben, sich ein neues <a href=\"https:\/\/global-hookah.com\/product-category\/wholesale-hookah\/\">Gro\u00dfhandel Shisha-Pfeife<\/a>dann ist jetzt der perfekte Zeitpunkt! Sie k\u00f6nnen eine Farbe w\u00e4hlen, die gut zu Ihrem Stil passt<\/p>\n<p>&nbsp;<\/p>\n<\/div>\n<div class=\"detailmodule_text-image\">\n<p style=\"font-size: 16px; font-weight: normal; text-align: left; display: block; width: 100%;\" align=\"left\">Material: Holz + Edelstahl + Glas<br \/>\nFarbe: Dunkelbraun<br \/>\nStil: einfacher, leichter Luxus<br \/>\nNettogewicht: 2,6 kg<br \/>\nProdukth\u00f6he: 56cm<br \/>\nProduktbreite: 18cm<\/p>\n<p>Warme Tipps :<br \/>\n1. bitte erlauben Sie 0-1cm Fehler aufgrund der manuellen Messung.<br \/>\n2. aufgrund des Unterschieds der Anzeige, die reale Farbe kann etwas anders als das Foto sein, hoffe, Sie k\u00f6nnen verstehen.<\/p>\n<p>&nbsp;<\/p>\n<div><img decoding=\"async\" class=\"detail-desc-decorate-image\" src=\"https:\/\/ae01.alicdn.com\/kf\/S9afdb7b48a4847aeab6f118dc8491f65e.jpg\" \/><img decoding=\"async\" class=\"detail-desc-decorate-image\" src=\"https:\/\/ae01.alicdn.com\/kf\/Sfdb931b2610743c0a6f8b4ca3b224f68f.jpg\" \/><img decoding=\"async\" class=\"detail-desc-decorate-image\" src=\"https:\/\/ae01.alicdn.com\/kf\/Scc0adb02152341dba8f2eb0c50853678S.jpg\" \/><img decoding=\"async\" class=\"detail-desc-decorate-image\" src=\"https:\/\/ae01.alicdn.com\/kf\/S6fa86e2343284a46a4757f815fee6dfcB.jpg\" \/><img decoding=\"async\" class=\"detail-desc-decorate-image\" src=\"https:\/\/ae01.alicdn.com\/kf\/S37a501fc3d07441d8c2e6ee79720050cB.jpg\" \/><img decoding=\"async\" class=\"detail-desc-decorate-image\" src=\"https:\/\/ae01.alicdn.com\/kf\/S1cdafc6a11844d1cb12dc5983c700991f.jpg\" \/><img decoding=\"async\" class=\"detail-desc-decorate-image\" src=\"https:\/\/ae01.alicdn.com\/kf\/Sb5b9dab401f44d6db04dd71dc930eb1ce.jpg\" \/><img decoding=\"async\" class=\"detail-desc-decorate-image\" src=\"https:\/\/ae01.alicdn.com\/kf\/Sb650d955577e4fec92dd14665129333dI.jpg\" \/><img decoding=\"async\" class=\"detail-desc-decorate-image\" src=\"https:\/\/ae01.alicdn.com\/kf\/S32eacadbd8844416bbae5d778315c1925.jpg\" \/><\/div>\n<\/div>\n<div class=\"detailmodule_text-image\">\n<p style=\"color: #ffffff;\">Einzelne Pfeife Holz Hookah Full Set<br \/>\nNarguile Vollst\u00e4ndig<br \/>\nShisha f\u00fcr Raucher<br \/>\nHooka<br \/>\nChichas Zubeh\u00f6r<br \/>\nGlas Narghile<br \/>\nRauchende Dampfer<\/p>\n<\/div>\n<p>&nbsp;<\/p>","protected":false},"excerpt":{"rendered":"<p>Das Single Pipe Wood Hookah Full Set bietet ein unvergleichliches Raucherlebnis, dank seines au\u00dfergew\u00f6hnlichen Geschmacks und seiner Rauchqualit\u00e4t.<\/p>","protected":false},"featured_media":12950,"comment_status":"open","ping_status":"closed","template":"","meta":{"iawp_total_views":1,"_joinchat":[]},"product_brand":[],"product_cat":[560,119],"product_tag":[],"class_list":{"0":"post-12949","1":"product","2":"type-product","3":"status-publish","4":"has-post-thumbnail","6":"product_cat-glass-hookah-wholesale","7":"product_cat-wholesale-hookah","9":"first","10":"instock","11":"shipping-taxable","12":"purchasable","13":"product-type-variable"},"yoast_head":"<!-- This site is optimized with the Yoast SEO Premium plugin v24.7 (Yoast SEO v26.8) - https:\/\/yoast.com\/product\/yoast-seo-premium-wordpress\/ -->\n<title>Single Pipe Wood Hookah Full Set Wholesale - Global Hookah<\/title>\n<meta name=\"robots\" content=\"index, follow, max-snippet:-1, max-image-preview:large, max-video-preview:-1\" \/>\n<link rel=\"canonical\" href=\"https:\/\/global-hookah.com\/de\/produkt\/single-pipe-wood-hookah-full-set-wholesale\/\" \/>\n<meta property=\"og:locale\" content=\"de_DE\" \/>\n<meta property=\"og:type\" content=\"article\" \/>\n<meta property=\"og:title\" content=\"Single Pipe Wood Hookah Full Set Wholesale\" \/>\n<meta property=\"og:description\" content=\"The Single Pipe Wood Hookah Full Set offers an unparalleled smoking experience, thanks to its exceptional flavor and smoke quality.\" \/>\n<meta property=\"og:url\" content=\"https:\/\/global-hookah.com\/de\/produkt\/single-pipe-wood-hookah-full-set-wholesale\/\" \/>\n<meta property=\"og:site_name\" content=\"Global Hookah\" \/>\n<meta property=\"article:modified_time\" content=\"2024-01-12T03:53:42+00:00\" \/>\n<meta property=\"og:image\" content=\"https:\/\/global-hookah.com\/wp-content\/uploads\/2023\/07\/Single-Pipe-Wood-Hookah-Full-Set-Narguile-Complete-Shisha-For-Smoke-Hooka-Chichas-Accessories-Glass-Narghile.jpg\" \/>\n\t<meta property=\"og:image:width\" content=\"1000\" \/>\n\t<meta property=\"og:image:height\" content=\"1000\" \/>\n\t<meta property=\"og:image:type\" content=\"image\/jpeg\" \/>\n<meta name=\"twitter:card\" content=\"summary_large_image\" \/>\n<meta name=\"twitter:label1\" content=\"Gesch\u00e4tzte Lesezeit\" \/>\n\t<meta name=\"twitter:data1\" content=\"4\u00a0Minuten\" \/>\n<script type=\"application\/ld+json\" class=\"yoast-schema-graph\">{\"@context\":\"https:\/\/schema.org\",\"@graph\":[{\"@type\":\"WebPage\",\"@id\":\"https:\/\/global-hookah.com\/product\/single-pipe-wood-hookah-full-set-wholesale\/\",\"url\":\"https:\/\/global-hookah.com\/product\/single-pipe-wood-hookah-full-set-wholesale\/\",\"name\":\"Single Pipe Wood Hookah Full Set Wholesale - Global Hookah\",\"isPartOf\":{\"@id\":\"https:\/\/global-hookah.com\/#website\"},\"primaryImageOfPage\":{\"@id\":\"https:\/\/global-hookah.com\/product\/single-pipe-wood-hookah-full-set-wholesale\/#primaryimage\"},\"image\":{\"@id\":\"https:\/\/global-hookah.com\/product\/single-pipe-wood-hookah-full-set-wholesale\/#primaryimage\"},\"thumbnailUrl\":\"https:\/\/global-hookah.com\/wp-content\/uploads\/2023\/07\/Single-Pipe-Wood-Hookah-Full-Set-Narguile-Complete-Shisha-For-Smoke-Hooka-Chichas-Accessories-Glass-Narghile.jpg\",\"datePublished\":\"2023-07-30T03:42:36+00:00\",\"dateModified\":\"2024-01-12T03:53:42+00:00\",\"breadcrumb\":{\"@id\":\"https:\/\/global-hookah.com\/product\/single-pipe-wood-hookah-full-set-wholesale\/#breadcrumb\"},\"inLanguage\":\"de\",\"potentialAction\":[{\"@type\":\"ReadAction\",\"target\":[\"https:\/\/global-hookah.com\/product\/single-pipe-wood-hookah-full-set-wholesale\/\"]}]},{\"@type\":\"ImageObject\",\"inLanguage\":\"de\",\"@id\":\"https:\/\/global-hookah.com\/product\/single-pipe-wood-hookah-full-set-wholesale\/#primaryimage\",\"url\":\"https:\/\/global-hookah.com\/wp-content\/uploads\/2023\/07\/Single-Pipe-Wood-Hookah-Full-Set-Narguile-Complete-Shisha-For-Smoke-Hooka-Chichas-Accessories-Glass-Narghile.jpg\",\"contentUrl\":\"https:\/\/global-hookah.com\/wp-content\/uploads\/2023\/07\/Single-Pipe-Wood-Hookah-Full-Set-Narguile-Complete-Shisha-For-Smoke-Hooka-Chichas-Accessories-Glass-Narghile.jpg\",\"width\":1000,\"height\":1000,\"caption\":\"Single Pipe Wood Hookah Full Set Wholesale\"},{\"@type\":\"BreadcrumbList\",\"@id\":\"https:\/\/global-hookah.com\/product\/single-pipe-wood-hookah-full-set-wholesale\/#breadcrumb\",\"itemListElement\":[{\"@type\":\"ListItem\",\"position\":1,\"name\":\"Home\",\"item\":\"https:\/\/global-hookah.com\/\"},{\"@type\":\"ListItem\",\"position\":2,\"name\":\"Shop\",\"item\":\"https:\/\/global-hookah.com\/shop\/\"},{\"@type\":\"ListItem\",\"position\":3,\"name\":\"Single Pipe Wood Hookah Full Set Wholesale\"}]},{\"@type\":\"WebSite\",\"@id\":\"https:\/\/global-hookah.com\/#website\",\"url\":\"https:\/\/global-hookah.com\/\",\"name\":\"Global Hookah\",\"description\":\"Global Hookah\",\"publisher\":{\"@id\":\"https:\/\/global-hookah.com\/#organization\"},\"potentialAction\":[{\"@type\":\"SearchAction\",\"target\":{\"@type\":\"EntryPoint\",\"urlTemplate\":\"https:\/\/global-hookah.com\/?s={search_term_string}\"},\"query-input\":{\"@type\":\"PropertyValueSpecification\",\"valueRequired\":true,\"valueName\":\"search_term_string\"}}],\"inLanguage\":\"de\"},{\"@type\":\"Organization\",\"@id\":\"https:\/\/global-hookah.com\/#organization\",\"name\":\"Global Hookah\",\"url\":\"https:\/\/global-hookah.com\/\",\"logo\":{\"@type\":\"ImageObject\",\"inLanguage\":\"de\",\"@id\":\"https:\/\/global-hookah.com\/#\/schema\/logo\/image\/\",\"url\":\"https:\/\/global-hookah.com\/wp-content\/uploads\/2021\/10\/cropped-fgg.png\",\"contentUrl\":\"https:\/\/global-hookah.com\/wp-content\/uploads\/2021\/10\/cropped-fgg.png\",\"width\":512,\"height\":512,\"caption\":\"Global Hookah\"},\"image\":{\"@id\":\"https:\/\/global-hookah.com\/#\/schema\/logo\/image\/\"}}]}<\/script>\n<!-- \/ Yoast SEO Premium plugin. -->","yoast_head_json":{"title":"Einzelne Pfeife Holz Hookah Full Set Gro\u00dfhandel - Global Hookah","robots":{"index":"index","follow":"follow","max-snippet":"max-snippet:-1","max-image-preview":"max-image-preview:large","max-video-preview":"max-video-preview:-1"},"canonical":"https:\/\/global-hookah.com\/de\/produkt\/single-pipe-wood-hookah-full-set-wholesale\/","og_locale":"de_DE","og_type":"article","og_title":"Single Pipe Wood Hookah Full Set Wholesale","og_description":"The Single Pipe Wood Hookah Full Set offers an unparalleled smoking experience, thanks to its exceptional flavor and smoke quality.","og_url":"https:\/\/global-hookah.com\/de\/produkt\/single-pipe-wood-hookah-full-set-wholesale\/","og_site_name":"Global Hookah","article_modified_time":"2024-01-12T03:53:42+00:00","og_image":[{"width":1000,"height":1000,"url":"https:\/\/global-hookah.com\/wp-content\/uploads\/2023\/07\/Single-Pipe-Wood-Hookah-Full-Set-Narguile-Complete-Shisha-For-Smoke-Hooka-Chichas-Accessories-Glass-Narghile.jpg","type":"image\/jpeg"}],"twitter_card":"summary_large_image","twitter_misc":{"Gesch\u00e4tzte Lesezeit":"4\u00a0Minuten"},"schema":{"@context":"https:\/\/schema.org","@graph":[{"@type":"WebPage","@id":"https:\/\/global-hookah.com\/product\/single-pipe-wood-hookah-full-set-wholesale\/","url":"https:\/\/global-hookah.com\/product\/single-pipe-wood-hookah-full-set-wholesale\/","name":"Einzelne Pfeife Holz Hookah Full Set Gro\u00dfhandel - Global Hookah","isPartOf":{"@id":"https:\/\/global-hookah.com\/#website"},"primaryImageOfPage":{"@id":"https:\/\/global-hookah.com\/product\/single-pipe-wood-hookah-full-set-wholesale\/#primaryimage"},"image":{"@id":"https:\/\/global-hookah.com\/product\/single-pipe-wood-hookah-full-set-wholesale\/#primaryimage"},"thumbnailUrl":"https:\/\/global-hookah.com\/wp-content\/uploads\/2023\/07\/Single-Pipe-Wood-Hookah-Full-Set-Narguile-Complete-Shisha-For-Smoke-Hooka-Chichas-Accessories-Glass-Narghile.jpg","datePublished":"2023-07-30T03:42:36+00:00","dateModified":"2024-01-12T03:53:42+00:00","breadcrumb":{"@id":"https:\/\/global-hookah.com\/product\/single-pipe-wood-hookah-full-set-wholesale\/#breadcrumb"},"inLanguage":"de","potentialAction":[{"@type":"ReadAction","target":["https:\/\/global-hookah.com\/product\/single-pipe-wood-hookah-full-set-wholesale\/"]}]},{"@type":"ImageObject","inLanguage":"de","@id":"https:\/\/global-hookah.com\/product\/single-pipe-wood-hookah-full-set-wholesale\/#primaryimage","url":"https:\/\/global-hookah.com\/wp-content\/uploads\/2023\/07\/Single-Pipe-Wood-Hookah-Full-Set-Narguile-Complete-Shisha-For-Smoke-Hooka-Chichas-Accessories-Glass-Narghile.jpg","contentUrl":"https:\/\/global-hookah.com\/wp-content\/uploads\/2023\/07\/Single-Pipe-Wood-Hookah-Full-Set-Narguile-Complete-Shisha-For-Smoke-Hooka-Chichas-Accessories-Glass-Narghile.jpg","width":1000,"height":1000,"caption":"Single Pipe Wood Hookah Full Set Wholesale"},{"@type":"BreadcrumbList","@id":"https:\/\/global-hookah.com\/product\/single-pipe-wood-hookah-full-set-wholesale\/#breadcrumb","itemListElement":[{"@type":"ListItem","position":1,"name":"Home","item":"https:\/\/global-hookah.com\/"},{"@type":"ListItem","position":2,"name":"Shop","item":"https:\/\/global-hookah.com\/shop\/"},{"@type":"ListItem","position":3,"name":"Single Pipe Wood Hookah Full Set Wholesale"}]},{"@type":"WebSite","@id":"https:\/\/global-hookah.com\/#website","url":"https:\/\/global-hookah.com\/","name":"Globale Wasserpfeife","description":"Globale Wasserpfeife","publisher":{"@id":"https:\/\/global-hookah.com\/#organization"},"potentialAction":[{"@type":"SearchAction","target":{"@type":"EntryPoint","urlTemplate":"https:\/\/global-hookah.com\/?s={search_term_string}"},"query-input":{"@type":"PropertyValueSpecification","valueRequired":true,"valueName":"search_term_string"}}],"inLanguage":"de"},{"@type":"Organization","@id":"https:\/\/global-hookah.com\/#organization","name":"Globale Wasserpfeife","url":"https:\/\/global-hookah.com\/","logo":{"@type":"ImageObject","inLanguage":"de","@id":"https:\/\/global-hookah.com\/#\/schema\/logo\/image\/","url":"https:\/\/global-hookah.com\/wp-content\/uploads\/2021\/10\/cropped-fgg.png","contentUrl":"https:\/\/global-hookah.com\/wp-content\/uploads\/2021\/10\/cropped-fgg.png","width":512,"height":512,"caption":"Global Hookah"},"image":{"@id":"https:\/\/global-hookah.com\/#\/schema\/logo\/image\/"}}]}},"_links":{"self":[{"href":"https:\/\/global-hookah.com\/de\/wp-json\/wp\/v2\/product\/12949","targetHints":{"allow":["GET"]}}],"collection":[{"href":"https:\/\/global-hookah.com\/de\/wp-json\/wp\/v2\/product"}],"about":[{"href":"https:\/\/global-hookah.com\/de\/wp-json\/wp\/v2\/types\/product"}],"replies":[{"embeddable":true,"href":"https:\/\/global-hookah.com\/de\/wp-json\/wp\/v2\/comments?post=12949"}],"version-history":[{"count":0,"href":"https:\/\/global-hookah.com\/de\/wp-json\/wp\/v2\/product\/12949\/revisions"}],"wp:featuredmedia":[{"embeddable":true,"href":"https:\/\/global-hookah.com\/de\/wp-json\/wp\/v2\/media\/12950"}],"wp:attachment":[{"href":"https:\/\/global-hookah.com\/de\/wp-json\/wp\/v2\/media?parent=12949"}],"wp:term":[{"taxonomy":"product_brand","embeddable":true,"href":"https:\/\/global-hookah.com\/de\/wp-json\/wp\/v2\/product_brand?post=12949"},{"taxonomy":"product_cat","embeddable":true,"href":"https:\/\/global-hookah.com\/de\/wp-json\/wp\/v2\/product_cat?post=12949"},{"taxonomy":"product_tag","embeddable":true,"href":"https:\/\/global-hookah.com\/de\/wp-json\/wp\/v2\/product_tag?post=12949"}],"curies":[{"name":"wp","href":"https:\/\/api.w.org\/{rel}","templated":true}]}}