{"id":13044,"date":"2023-08-23T14:20:17","date_gmt":"2023-08-23T14:20:17","guid":{"rendered":"https:\/\/global-hookah.com\/product\/russian-glass-hookah-set-wholesale-2\/"},"modified":"2024-01-12T03:53:40","modified_gmt":"2024-01-12T03:53:40","slug":"russian-glass-hookah-set-wholesale-2","status":"publish","type":"product","link":"https:\/\/global-hookah.com\/de\/produkt\/russian-glass-hookah-set-wholesale-2\/","title":{"rendered":"Russisches Glas Hookah Set Gro\u00dfhandel"},"content":{"rendered":"<div class=\"product-specs-list-container\">\n<ul class=\"product-specs-list util-clearfix\">\n<li class=\"product-prop line-limit-length\"><span\n                                    class=\"property-title\">Modellnummer:&nbsp;<\/span><span\n                                    class=\"property-desc line-limit-length\">Shisha<\/span>\n                        <\/li>\n<li class=\"product-prop line-limit-length\"><span\n                                    class=\"property-title\">Die Form:&nbsp;<\/span><span\n                                    class=\"property-desc line-limit-length\">Freier Typ<\/span>\n                        <\/li>\n<li class=\"product-prop line-limit-length\"><span\n                                    class=\"property-title\">Die Technik:&nbsp;<\/span><span\n                                    class=\"property-desc line-limit-length\">Lack<\/span>\n                        <\/li>\n<li class=\"product-prop line-limit-length\"><span\n                                    class=\"property-title\">Material:&nbsp;<\/span><span\n                                    class=\"property-desc line-limit-length\">Aluminium<\/span>\n                        <\/li>\n<li class=\"product-prop line-limit-length\"><span\n                                    class=\"property-title\">Herkunft:&nbsp;<\/span><span\n                                    class=\"property-desc line-limit-length\">Festland China<\/span>\n                        <\/li>\n<li class=\"product-prop line-limit-length\"><span\n                                    class=\"property-title\">Name:&nbsp;<\/span><span\n                                    class=\"property-desc line-limit-length\">Wasserpfeife<\/span>\n                        <\/li>\n<li class=\"product-prop line-limit-length\"><span\n                                    class=\"property-title\">H\u00f6he:&nbsp;<\/span><span\n                                    class=\"property-desc line-limit-length\">58cm<\/span>\n                        <\/li>\n<li class=\"product-prop line-limit-length\"><span\n                                    class=\"property-title\">Farbe:&nbsp;<\/span><span\n                                    class=\"property-desc line-limit-length\">Schillernde Farbe<\/span>\n                        <\/li>\n<li class=\"product-prop line-limit-length\"><span\n                                    class=\"property-title\">Stil:&nbsp;<\/span><span\n                                    class=\"property-desc line-limit-length\">Pr\u00e4gnanter Stil<\/span>\n                        <\/li>\n<li class=\"product-prop line-limit-length\"><span\n                                    class=\"property-title\">Gr\u00f6\u00dfe des Farbkastens:&nbsp;<\/span><span\n                                    class=\"property-desc line-limit-length\">20.5*20.5*28cm<\/span>\n                        <\/li>\n<li class=\"product-prop line-limit-length\"><span\n                                    class=\"property-title\">Gewicht:&nbsp;<\/span><span\n                                    class=\"property-desc line-limit-length\">3kg<\/span>\n                        <\/li>\n<\/ul><\/div>\n<div class=\"detailmodule_text-image\">\n<p style=\"font-size:16px;font-weight:normal;text-align:left;display:block;width:100%\" align=\"left\">Einzelheiten zum Produkt<br \/>Name: Hookah<br \/>H\u00f6he: 58cm<br \/>Material: Aluminium<br \/>Farbe: Schillernde Farbe<br \/>Stil: Pr\u00e4gnanter Stil<br \/>Farbe Box Gr\u00f6\u00dfe: 20.5*20.5*28cm<br \/>Gewicht: 3kg<\/p>\n<div><\/div>\n<div><img decoding=\"async\" class=\"detail-desc-decorate-image\" src=\"https:\/\/ae01.alicdn.com\/kf\/Sd78873a1f8f8486aa2e3d156f2300ad3r.jpeg\" slate-data-type=\"image\"\/><img decoding=\"async\" class=\"detail-desc-decorate-image\" src=\"https:\/\/ae01.alicdn.com\/kf\/Sbe6253421f294503845620d80b743722Y.jpg\" slate-data-type=\"image\"\/><img decoding=\"async\" class=\"detail-desc-decorate-image\" src=\"https:\/\/ae01.alicdn.com\/kf\/Sa8263472e879474ea326634c1da87fabS.jpeg\" slate-data-type=\"image\"\/><img decoding=\"async\" style=\"margin-bottom:10px\" class=\"detail-desc-decorate-image\" src=\"https:\/\/ae01.alicdn.com\/kf\/S1d66ee3ff949430f871257299c582ed7m.jpg\" slate-data-type=\"image\"\/><img decoding=\"async\" style=\"margin-bottom:10px\" class=\"detail-desc-decorate-image\" src=\"https:\/\/ae01.alicdn.com\/kf\/S9aa2454ccc544bc684106353d863465aS.jpg\" slate-data-type=\"image\"\/><img decoding=\"async\" style=\"margin-bottom:10px\" class=\"detail-desc-decorate-image\" src=\"https:\/\/ae01.alicdn.com\/kf\/S4dcb5e1276fa498e9d41c6ff16b6cb01Q.jpg\" slate-data-type=\"image\"\/><\/div>\n<\/div>\n<div class=\"detailmodule_text\">\n<p style=\"color:rgb(255, 255, 255)\">Wasserpfeife<br \/>Rohrleitung<br \/>Wasserpfeifenstift<br \/>Shisha<br \/>Pfeifen rauchen Gras<br \/>Narguile vollst\u00e4ndig<br \/>Raucherzubeh\u00f6r<br \/>R\u00e4ucherdampfer<\/p>\n<\/div>\n<p><kse:widget data-widget-type=\"customText\" id=\"1005000003777605\" type=\"relation\"><\/kse:widget><\/p>","protected":false},"excerpt":{"rendered":"<p>Modell-Nummer: Shisha Form: Freier Typ Technik: Lackierung Material: Aluminium Herkunft: Festland China Name: Wasserpfeife H\u00f6he: 58cm Farbe: Schillernde Farbe Stil: Pr\u00e4gnanter Stil Farbkastengr\u00f6\u00dfe: 20.5*20.5*28cm Gewicht: 3kg ProduktdetailsName:<\/p>","protected":false},"featured_media":12901,"comment_status":"open","ping_status":"closed","template":"","meta":{"iawp_total_views":0,"_joinchat":[]},"product_brand":[],"product_cat":[560,119],"product_tag":[],"class_list":{"0":"post-13044","1":"product","2":"type-product","3":"status-publish","4":"has-post-thumbnail","6":"product_cat-glass-hookah-wholesale","7":"product_cat-wholesale-hookah","9":"first","10":"instock","11":"shipping-taxable","12":"purchasable","13":"product-type-variable"},"yoast_head":"<!-- This site is optimized with the Yoast SEO Premium plugin v24.7 (Yoast SEO v26.8) - https:\/\/yoast.com\/product\/yoast-seo-premium-wordpress\/ -->\n<title>Russian Glass Hookah Set Wholesale - Global Hookah<\/title>\n<meta name=\"robots\" content=\"index, follow, max-snippet:-1, max-image-preview:large, max-video-preview:-1\" \/>\n<link rel=\"canonical\" href=\"https:\/\/global-hookah.com\/de\/produkt\/russian-glass-hookah-set-wholesale-2\/\" \/>\n<meta property=\"og:locale\" content=\"de_DE\" \/>\n<meta property=\"og:type\" content=\"article\" \/>\n<meta property=\"og:title\" content=\"Russian Glass Hookah Set Wholesale\" \/>\n<meta property=\"og:description\" content=\"Model Number:&nbsp;Shisha Shape:&nbsp;Free Type Technics:&nbsp;Lacquer Material:&nbsp;Aluminium Origin:&nbsp;Mainland China Name:&nbsp;Hookah Height:&nbsp;58cm Color:&nbsp;Dazzling color Style:&nbsp;Concise style Color box size:&nbsp;20.5*20.5*28cm Weight:&nbsp;3kg Product detailsName:\" \/>\n<meta property=\"og:url\" content=\"https:\/\/global-hookah.com\/de\/produkt\/russian-glass-hookah-set-wholesale-2\/\" \/>\n<meta property=\"og:site_name\" content=\"Global Hookah\" \/>\n<meta property=\"article:modified_time\" content=\"2024-01-12T03:53:40+00:00\" \/>\n<meta property=\"og:image\" content=\"https:\/\/global-hookah.com\/wp-content\/uploads\/2023\/07\/Russian-Glass-Hookah-Set-Colorful-Model-High-Quality-Shisha-Pipe-Shining-Base-Narghile-Accessorys-Luxcy-Gift.jpg\" \/>\n\t<meta property=\"og:image:width\" content=\"800\" \/>\n\t<meta property=\"og:image:height\" content=\"800\" \/>\n\t<meta property=\"og:image:type\" content=\"image\/jpeg\" \/>\n<meta name=\"twitter:card\" content=\"summary_large_image\" \/>\n<script type=\"application\/ld+json\" class=\"yoast-schema-graph\">{\"@context\":\"https:\/\/schema.org\",\"@graph\":[{\"@type\":\"WebPage\",\"@id\":\"https:\/\/global-hookah.com\/product\/russian-glass-hookah-set-wholesale-2\/\",\"url\":\"https:\/\/global-hookah.com\/product\/russian-glass-hookah-set-wholesale-2\/\",\"name\":\"Russian Glass Hookah Set Wholesale - Global Hookah\",\"isPartOf\":{\"@id\":\"https:\/\/global-hookah.com\/#website\"},\"primaryImageOfPage\":{\"@id\":\"https:\/\/global-hookah.com\/product\/russian-glass-hookah-set-wholesale-2\/#primaryimage\"},\"image\":{\"@id\":\"https:\/\/global-hookah.com\/product\/russian-glass-hookah-set-wholesale-2\/#primaryimage\"},\"thumbnailUrl\":\"https:\/\/global-hookah.com\/wp-content\/uploads\/2023\/07\/Russian-Glass-Hookah-Set-Colorful-Model-High-Quality-Shisha-Pipe-Shining-Base-Narghile-Accessorys-Luxcy-Gift.jpg\",\"datePublished\":\"2023-08-23T14:20:17+00:00\",\"dateModified\":\"2024-01-12T03:53:40+00:00\",\"breadcrumb\":{\"@id\":\"https:\/\/global-hookah.com\/product\/russian-glass-hookah-set-wholesale-2\/#breadcrumb\"},\"inLanguage\":\"de\",\"potentialAction\":[{\"@type\":\"ReadAction\",\"target\":[\"https:\/\/global-hookah.com\/product\/russian-glass-hookah-set-wholesale-2\/\"]}]},{\"@type\":\"ImageObject\",\"inLanguage\":\"de\",\"@id\":\"https:\/\/global-hookah.com\/product\/russian-glass-hookah-set-wholesale-2\/#primaryimage\",\"url\":\"https:\/\/global-hookah.com\/wp-content\/uploads\/2023\/07\/Russian-Glass-Hookah-Set-Colorful-Model-High-Quality-Shisha-Pipe-Shining-Base-Narghile-Accessorys-Luxcy-Gift.jpg\",\"contentUrl\":\"https:\/\/global-hookah.com\/wp-content\/uploads\/2023\/07\/Russian-Glass-Hookah-Set-Colorful-Model-High-Quality-Shisha-Pipe-Shining-Base-Narghile-Accessorys-Luxcy-Gift.jpg\",\"width\":800,\"height\":800,\"caption\":\"Russian Glass Hookah Set Wholesale\"},{\"@type\":\"BreadcrumbList\",\"@id\":\"https:\/\/global-hookah.com\/product\/russian-glass-hookah-set-wholesale-2\/#breadcrumb\",\"itemListElement\":[{\"@type\":\"ListItem\",\"position\":1,\"name\":\"Home\",\"item\":\"https:\/\/global-hookah.com\/\"},{\"@type\":\"ListItem\",\"position\":2,\"name\":\"Shop\",\"item\":\"https:\/\/global-hookah.com\/shop\/\"},{\"@type\":\"ListItem\",\"position\":3,\"name\":\"Russian Glass Hookah Set Wholesale\"}]},{\"@type\":\"WebSite\",\"@id\":\"https:\/\/global-hookah.com\/#website\",\"url\":\"https:\/\/global-hookah.com\/\",\"name\":\"Global Hookah\",\"description\":\"Global Hookah\",\"publisher\":{\"@id\":\"https:\/\/global-hookah.com\/#organization\"},\"potentialAction\":[{\"@type\":\"SearchAction\",\"target\":{\"@type\":\"EntryPoint\",\"urlTemplate\":\"https:\/\/global-hookah.com\/?s={search_term_string}\"},\"query-input\":{\"@type\":\"PropertyValueSpecification\",\"valueRequired\":true,\"valueName\":\"search_term_string\"}}],\"inLanguage\":\"de\"},{\"@type\":\"Organization\",\"@id\":\"https:\/\/global-hookah.com\/#organization\",\"name\":\"Global Hookah\",\"url\":\"https:\/\/global-hookah.com\/\",\"logo\":{\"@type\":\"ImageObject\",\"inLanguage\":\"de\",\"@id\":\"https:\/\/global-hookah.com\/#\/schema\/logo\/image\/\",\"url\":\"https:\/\/global-hookah.com\/wp-content\/uploads\/2021\/10\/cropped-fgg.png\",\"contentUrl\":\"https:\/\/global-hookah.com\/wp-content\/uploads\/2021\/10\/cropped-fgg.png\",\"width\":512,\"height\":512,\"caption\":\"Global Hookah\"},\"image\":{\"@id\":\"https:\/\/global-hookah.com\/#\/schema\/logo\/image\/\"}}]}<\/script>\n<!-- \/ Yoast SEO Premium plugin. -->","yoast_head_json":{"title":"Russische Glas Wasserpfeife Set Gro\u00dfhandel - Global Hookah","robots":{"index":"index","follow":"follow","max-snippet":"max-snippet:-1","max-image-preview":"max-image-preview:large","max-video-preview":"max-video-preview:-1"},"canonical":"https:\/\/global-hookah.com\/de\/produkt\/russian-glass-hookah-set-wholesale-2\/","og_locale":"de_DE","og_type":"article","og_title":"Russian Glass Hookah Set Wholesale","og_description":"Model Number:&nbsp;Shisha Shape:&nbsp;Free Type Technics:&nbsp;Lacquer Material:&nbsp;Aluminium Origin:&nbsp;Mainland China Name:&nbsp;Hookah Height:&nbsp;58cm Color:&nbsp;Dazzling color Style:&nbsp;Concise style Color box size:&nbsp;20.5*20.5*28cm Weight:&nbsp;3kg Product detailsName:","og_url":"https:\/\/global-hookah.com\/de\/produkt\/russian-glass-hookah-set-wholesale-2\/","og_site_name":"Global Hookah","article_modified_time":"2024-01-12T03:53:40+00:00","og_image":[{"width":800,"height":800,"url":"https:\/\/global-hookah.com\/wp-content\/uploads\/2023\/07\/Russian-Glass-Hookah-Set-Colorful-Model-High-Quality-Shisha-Pipe-Shining-Base-Narghile-Accessorys-Luxcy-Gift.jpg","type":"image\/jpeg"}],"twitter_card":"summary_large_image","schema":{"@context":"https:\/\/schema.org","@graph":[{"@type":"WebPage","@id":"https:\/\/global-hookah.com\/product\/russian-glass-hookah-set-wholesale-2\/","url":"https:\/\/global-hookah.com\/product\/russian-glass-hookah-set-wholesale-2\/","name":"Russische Glas Wasserpfeife Set Gro\u00dfhandel - Global Hookah","isPartOf":{"@id":"https:\/\/global-hookah.com\/#website"},"primaryImageOfPage":{"@id":"https:\/\/global-hookah.com\/product\/russian-glass-hookah-set-wholesale-2\/#primaryimage"},"image":{"@id":"https:\/\/global-hookah.com\/product\/russian-glass-hookah-set-wholesale-2\/#primaryimage"},"thumbnailUrl":"https:\/\/global-hookah.com\/wp-content\/uploads\/2023\/07\/Russian-Glass-Hookah-Set-Colorful-Model-High-Quality-Shisha-Pipe-Shining-Base-Narghile-Accessorys-Luxcy-Gift.jpg","datePublished":"2023-08-23T14:20:17+00:00","dateModified":"2024-01-12T03:53:40+00:00","breadcrumb":{"@id":"https:\/\/global-hookah.com\/product\/russian-glass-hookah-set-wholesale-2\/#breadcrumb"},"inLanguage":"de","potentialAction":[{"@type":"ReadAction","target":["https:\/\/global-hookah.com\/product\/russian-glass-hookah-set-wholesale-2\/"]}]},{"@type":"ImageObject","inLanguage":"de","@id":"https:\/\/global-hookah.com\/product\/russian-glass-hookah-set-wholesale-2\/#primaryimage","url":"https:\/\/global-hookah.com\/wp-content\/uploads\/2023\/07\/Russian-Glass-Hookah-Set-Colorful-Model-High-Quality-Shisha-Pipe-Shining-Base-Narghile-Accessorys-Luxcy-Gift.jpg","contentUrl":"https:\/\/global-hookah.com\/wp-content\/uploads\/2023\/07\/Russian-Glass-Hookah-Set-Colorful-Model-High-Quality-Shisha-Pipe-Shining-Base-Narghile-Accessorys-Luxcy-Gift.jpg","width":800,"height":800,"caption":"Russian Glass Hookah Set Wholesale"},{"@type":"BreadcrumbList","@id":"https:\/\/global-hookah.com\/product\/russian-glass-hookah-set-wholesale-2\/#breadcrumb","itemListElement":[{"@type":"ListItem","position":1,"name":"Home","item":"https:\/\/global-hookah.com\/"},{"@type":"ListItem","position":2,"name":"Shop","item":"https:\/\/global-hookah.com\/shop\/"},{"@type":"ListItem","position":3,"name":"Russian Glass Hookah Set Wholesale"}]},{"@type":"WebSite","@id":"https:\/\/global-hookah.com\/#website","url":"https:\/\/global-hookah.com\/","name":"Globale Wasserpfeife","description":"Globale Wasserpfeife","publisher":{"@id":"https:\/\/global-hookah.com\/#organization"},"potentialAction":[{"@type":"SearchAction","target":{"@type":"EntryPoint","urlTemplate":"https:\/\/global-hookah.com\/?s={search_term_string}"},"query-input":{"@type":"PropertyValueSpecification","valueRequired":true,"valueName":"search_term_string"}}],"inLanguage":"de"},{"@type":"Organization","@id":"https:\/\/global-hookah.com\/#organization","name":"Globale Wasserpfeife","url":"https:\/\/global-hookah.com\/","logo":{"@type":"ImageObject","inLanguage":"de","@id":"https:\/\/global-hookah.com\/#\/schema\/logo\/image\/","url":"https:\/\/global-hookah.com\/wp-content\/uploads\/2021\/10\/cropped-fgg.png","contentUrl":"https:\/\/global-hookah.com\/wp-content\/uploads\/2021\/10\/cropped-fgg.png","width":512,"height":512,"caption":"Global Hookah"},"image":{"@id":"https:\/\/global-hookah.com\/#\/schema\/logo\/image\/"}}]}},"_links":{"self":[{"href":"https:\/\/global-hookah.com\/de\/wp-json\/wp\/v2\/product\/13044","targetHints":{"allow":["GET"]}}],"collection":[{"href":"https:\/\/global-hookah.com\/de\/wp-json\/wp\/v2\/product"}],"about":[{"href":"https:\/\/global-hookah.com\/de\/wp-json\/wp\/v2\/types\/product"}],"replies":[{"embeddable":true,"href":"https:\/\/global-hookah.com\/de\/wp-json\/wp\/v2\/comments?post=13044"}],"version-history":[{"count":0,"href":"https:\/\/global-hookah.com\/de\/wp-json\/wp\/v2\/product\/13044\/revisions"}],"wp:featuredmedia":[{"embeddable":true,"href":"https:\/\/global-hookah.com\/de\/wp-json\/wp\/v2\/media\/12901"}],"wp:attachment":[{"href":"https:\/\/global-hookah.com\/de\/wp-json\/wp\/v2\/media?parent=13044"}],"wp:term":[{"taxonomy":"product_brand","embeddable":true,"href":"https:\/\/global-hookah.com\/de\/wp-json\/wp\/v2\/product_brand?post=13044"},{"taxonomy":"product_cat","embeddable":true,"href":"https:\/\/global-hookah.com\/de\/wp-json\/wp\/v2\/product_cat?post=13044"},{"taxonomy":"product_tag","embeddable":true,"href":"https:\/\/global-hookah.com\/de\/wp-json\/wp\/v2\/product_tag?post=13044"}],"curies":[{"name":"wp","href":"https:\/\/api.w.org\/{rel}","templated":true}]}}