{"id":13055,"date":"2023-08-23T14:25:48","date_gmt":"2023-08-23T14:25:48","guid":{"rendered":"https:\/\/global-hookah.com\/product\/portable-hemp-shisha-wholesale\/"},"modified":"2024-01-12T07:48:38","modified_gmt":"2024-01-12T07:48:38","slug":"portable-hemp-shisha-wholesale","status":"publish","type":"product","link":"https:\/\/global-hookah.com\/de\/produkt\/portable-hemp-shisha-wholesale\/","title":{"rendered":"Tragbare Hanf-Shisha Gro\u00dfhandel"},"content":{"rendered":"<p>Wenn Sie auf der Suche nach <a href=\"https:\/\/global-hookah.com\/\">Shisha-Onlineshops<\/a> das kann <strong>Gro\u00dfhandel Portable Hanf Shisha<\/strong>, Unsere tragbare Hanf-Shisha ist Ihre beste Wahl<\/p>\n<p>Ihre Lieblings-Shisha-Aromen k\u00f6nnen Sie mit dem <strong>Tragbare Hanf-Shisha<\/strong>. Diese Wasserpfeife ist ideal f\u00fcr das Rauchen auf Reisen, weil sie so einfach zu bedienen ist. Eine Schale, ein Schlauch, ein Kohletablett und eine Zange sind in dieser tragbaren Wasserpfeife enthalten, sodass Sie sofort mit dem Rauchen beginnen k\u00f6nnen. Aufgrund seiner Portabilit\u00e4t k\u00f6nnen Sie diese Wasserpfeife beim Camping oder zu Hause verwenden.<\/p>\n<p>Die<strong> Tragbare Hanf-Shisha<\/strong> verwendet ein revolution\u00e4res, patentiertes Design, um einen sanften und konsistenten Zug zu erzeugen, der es Ihnen erm\u00f6glicht, Ihren Rauch ohne jegliche Probleme zu genie\u00dfen. Es ist nicht nur ges\u00fcnder, sondern der Geschmack und der Rauch sind viel besser als bei herk\u00f6mmlichen Shishas.<\/p>\n<p>Und diese tragbare Hanf-Shisha ist aus hochwertigem Glasmaterial hergestellt, das sie haltbar und langlebig macht. Sie k\u00f6nnen Ihre Lieblingskr\u00e4utermischungen in nur wenigen Minuten genie\u00dfen! Wenn Sie also brauchen <strong>Gro\u00dfhandel diese tragbare Hanf-Shisha<\/strong>, kontaktieren Sie uns bitte, wir sind ein <strong>Gro\u00dfh\u00e4ndler f\u00fcr tragbare Hanf-Shishas,<\/strong><\/p>\n<div class=\"detailmodule_text-image\">\n<div><img decoding=\"async\" src=\"https:\/\/ae01.alicdn.com\/kf\/S6fb256b2b8654f03b89d7285261d41b04.png\" \/><\/div>\n<div><img decoding=\"async\" src=\"https:\/\/ae01.alicdn.com\/kf\/Sada417b2df3f4df8ae1bf7500c9bca34T.jpg\" \/><img decoding=\"async\" src=\"https:\/\/ae01.alicdn.com\/kf\/S0f1dd1a9abe9404b8fcc57366c495a05E.jpg\" \/><img decoding=\"async\" src=\"https:\/\/ae01.alicdn.com\/kf\/S4dfc2480d2224197b2e2bc72d9b3f31bf.jpg\" \/><img decoding=\"async\" src=\"https:\/\/ae01.alicdn.com\/kf\/S637e86b8b2cf4956963392496a47691eD.jpg\" \/><img decoding=\"async\" src=\"https:\/\/ae01.alicdn.com\/kf\/Sf61583bdcd294c8d81936b53447004d9j.jpg\" \/><img decoding=\"async\" src=\"https:\/\/ae01.alicdn.com\/kf\/Sb5eaa0a5bef1443293c720544eb0a328R.jpg\" \/><img decoding=\"async\" src=\"https:\/\/ae01.alicdn.com\/kf\/Sa65a29a2f9e8471286dc5cb77edab751J.jpg\" \/><img decoding=\"async\" src=\"https:\/\/ae01.alicdn.com\/kf\/S3c03c440cd084d158dd74614ae86a695N.jpg\" \/><img decoding=\"async\" src=\"https:\/\/ae01.alicdn.com\/kf\/S9087ad184a934a279e74f3d6894868ffB.jpg\" \/><img decoding=\"async\" src=\"https:\/\/ae01.alicdn.com\/kf\/Sb83af1a943bd4e5086ed04ec74e232dbN.jpg\" \/><img decoding=\"async\" src=\"https:\/\/ae01.alicdn.com\/kf\/Scc5cd33ca6fa46209f28e2407b1eba14r.jpg\" \/><\/div>\n<\/div>\n<div class=\"detailmodule_text-image\">\n<p class=\"detail-desc-decorate-title\" style=\"font-family: OpenSans; font-size: 20px; font-weight: 900; line-height: 28px; white-space: pre-wrap; color: #000000; margin-bottom: 12px;\">Verkaufsargument<\/p>\n<div><\/div>\n<\/div>\n<p>&nbsp;<\/p>","protected":false},"excerpt":{"rendered":"<p>Wenn Sie auf der Suche nach Hookah Online-Shops sind, die Portable Hemp Shisha im Gro\u00dfhandel anbieten, ist unsere Portable Hemp Shisha Ihr<\/p>","protected":false},"featured_media":13056,"comment_status":"open","ping_status":"closed","template":"","meta":{"iawp_total_views":1,"_joinchat":[]},"product_brand":[],"product_cat":[560,559,119],"product_tag":[],"class_list":{"0":"post-13055","1":"product","2":"type-product","3":"status-publish","4":"has-post-thumbnail","6":"product_cat-glass-hookah-wholesale","7":"product_cat-portable-hookah-wholesale","8":"product_cat-wholesale-hookah","10":"first","11":"instock","12":"shipping-taxable","13":"purchasable","14":"product-type-variable"},"yoast_head":"<!-- This site is optimized with the Yoast SEO Premium plugin v24.7 (Yoast SEO v26.8) - https:\/\/yoast.com\/product\/yoast-seo-premium-wordpress\/ -->\n<title>Portable Hemp Shisha Wholesale - Global Hookah<\/title>\n<meta name=\"robots\" content=\"index, follow, max-snippet:-1, max-image-preview:large, max-video-preview:-1\" \/>\n<link rel=\"canonical\" href=\"https:\/\/global-hookah.com\/de\/produkt\/portable-hemp-shisha-wholesale\/\" \/>\n<meta property=\"og:locale\" content=\"de_DE\" \/>\n<meta property=\"og:type\" content=\"article\" \/>\n<meta property=\"og:title\" content=\"Portable Hemp Shisha Wholesale\" \/>\n<meta property=\"og:description\" content=\"If you are looking for Hookah online stores that can wholesale Portable Hemp Shisha, our Portable Hemp Shisha is your\" \/>\n<meta property=\"og:url\" content=\"https:\/\/global-hookah.com\/de\/produkt\/portable-hemp-shisha-wholesale\/\" \/>\n<meta property=\"og:site_name\" content=\"Global Hookah\" \/>\n<meta property=\"article:modified_time\" content=\"2024-01-12T07:48:38+00:00\" \/>\n<meta property=\"og:image\" content=\"https:\/\/global-hookah.com\/wp-content\/uploads\/2023\/08\/Portable-Hookah-Shisha-Nargile-Wooden-Chichas-Complete-Set-with-Silicone-Hose-Ceramic-Bowl-Metal-Tongs-Narguile.jpg\" \/>\n\t<meta property=\"og:image:width\" content=\"909\" \/>\n\t<meta property=\"og:image:height\" content=\"909\" \/>\n\t<meta property=\"og:image:type\" content=\"image\/jpeg\" \/>\n<meta name=\"twitter:card\" content=\"summary_large_image\" \/>\n<meta name=\"twitter:label1\" content=\"Gesch\u00e4tzte Lesezeit\" \/>\n\t<meta name=\"twitter:data1\" content=\"4\u00a0Minuten\" \/>\n<script type=\"application\/ld+json\" class=\"yoast-schema-graph\">{\"@context\":\"https:\/\/schema.org\",\"@graph\":[{\"@type\":\"WebPage\",\"@id\":\"https:\/\/global-hookah.com\/product\/portable-hemp-shisha-wholesale\/\",\"url\":\"https:\/\/global-hookah.com\/product\/portable-hemp-shisha-wholesale\/\",\"name\":\"Portable Hemp Shisha Wholesale - Global Hookah\",\"isPartOf\":{\"@id\":\"https:\/\/global-hookah.com\/#website\"},\"primaryImageOfPage\":{\"@id\":\"https:\/\/global-hookah.com\/product\/portable-hemp-shisha-wholesale\/#primaryimage\"},\"image\":{\"@id\":\"https:\/\/global-hookah.com\/product\/portable-hemp-shisha-wholesale\/#primaryimage\"},\"thumbnailUrl\":\"https:\/\/global-hookah.com\/wp-content\/uploads\/2023\/08\/Portable-Hookah-Shisha-Nargile-Wooden-Chichas-Complete-Set-with-Silicone-Hose-Ceramic-Bowl-Metal-Tongs-Narguile.jpg\",\"datePublished\":\"2023-08-23T14:25:48+00:00\",\"dateModified\":\"2024-01-12T07:48:38+00:00\",\"breadcrumb\":{\"@id\":\"https:\/\/global-hookah.com\/product\/portable-hemp-shisha-wholesale\/#breadcrumb\"},\"inLanguage\":\"de\",\"potentialAction\":[{\"@type\":\"ReadAction\",\"target\":[\"https:\/\/global-hookah.com\/product\/portable-hemp-shisha-wholesale\/\"]}]},{\"@type\":\"ImageObject\",\"inLanguage\":\"de\",\"@id\":\"https:\/\/global-hookah.com\/product\/portable-hemp-shisha-wholesale\/#primaryimage\",\"url\":\"https:\/\/global-hookah.com\/wp-content\/uploads\/2023\/08\/Portable-Hookah-Shisha-Nargile-Wooden-Chichas-Complete-Set-with-Silicone-Hose-Ceramic-Bowl-Metal-Tongs-Narguile.jpg\",\"contentUrl\":\"https:\/\/global-hookah.com\/wp-content\/uploads\/2023\/08\/Portable-Hookah-Shisha-Nargile-Wooden-Chichas-Complete-Set-with-Silicone-Hose-Ceramic-Bowl-Metal-Tongs-Narguile.jpg\",\"width\":909,\"height\":909,\"caption\":\"Portable Hemp Shisha Wholesale\"},{\"@type\":\"BreadcrumbList\",\"@id\":\"https:\/\/global-hookah.com\/product\/portable-hemp-shisha-wholesale\/#breadcrumb\",\"itemListElement\":[{\"@type\":\"ListItem\",\"position\":1,\"name\":\"Home\",\"item\":\"https:\/\/global-hookah.com\/\"},{\"@type\":\"ListItem\",\"position\":2,\"name\":\"Shop\",\"item\":\"https:\/\/global-hookah.com\/shop\/\"},{\"@type\":\"ListItem\",\"position\":3,\"name\":\"Portable Hemp Shisha Wholesale\"}]},{\"@type\":\"WebSite\",\"@id\":\"https:\/\/global-hookah.com\/#website\",\"url\":\"https:\/\/global-hookah.com\/\",\"name\":\"Global Hookah\",\"description\":\"Global Hookah\",\"publisher\":{\"@id\":\"https:\/\/global-hookah.com\/#organization\"},\"potentialAction\":[{\"@type\":\"SearchAction\",\"target\":{\"@type\":\"EntryPoint\",\"urlTemplate\":\"https:\/\/global-hookah.com\/?s={search_term_string}\"},\"query-input\":{\"@type\":\"PropertyValueSpecification\",\"valueRequired\":true,\"valueName\":\"search_term_string\"}}],\"inLanguage\":\"de\"},{\"@type\":\"Organization\",\"@id\":\"https:\/\/global-hookah.com\/#organization\",\"name\":\"Global Hookah\",\"url\":\"https:\/\/global-hookah.com\/\",\"logo\":{\"@type\":\"ImageObject\",\"inLanguage\":\"de\",\"@id\":\"https:\/\/global-hookah.com\/#\/schema\/logo\/image\/\",\"url\":\"https:\/\/global-hookah.com\/wp-content\/uploads\/2021\/10\/cropped-fgg.png\",\"contentUrl\":\"https:\/\/global-hookah.com\/wp-content\/uploads\/2021\/10\/cropped-fgg.png\",\"width\":512,\"height\":512,\"caption\":\"Global Hookah\"},\"image\":{\"@id\":\"https:\/\/global-hookah.com\/#\/schema\/logo\/image\/\"}}]}<\/script>\n<!-- \/ Yoast SEO Premium plugin. -->","yoast_head_json":{"title":"Tragbare Hanf-Shisha Gro\u00dfhandel - Global Hookah","robots":{"index":"index","follow":"follow","max-snippet":"max-snippet:-1","max-image-preview":"max-image-preview:large","max-video-preview":"max-video-preview:-1"},"canonical":"https:\/\/global-hookah.com\/de\/produkt\/portable-hemp-shisha-wholesale\/","og_locale":"de_DE","og_type":"article","og_title":"Portable Hemp Shisha Wholesale","og_description":"If you are looking for Hookah online stores that can wholesale Portable Hemp Shisha, our Portable Hemp Shisha is your","og_url":"https:\/\/global-hookah.com\/de\/produkt\/portable-hemp-shisha-wholesale\/","og_site_name":"Global Hookah","article_modified_time":"2024-01-12T07:48:38+00:00","og_image":[{"width":909,"height":909,"url":"https:\/\/global-hookah.com\/wp-content\/uploads\/2023\/08\/Portable-Hookah-Shisha-Nargile-Wooden-Chichas-Complete-Set-with-Silicone-Hose-Ceramic-Bowl-Metal-Tongs-Narguile.jpg","type":"image\/jpeg"}],"twitter_card":"summary_large_image","twitter_misc":{"Gesch\u00e4tzte Lesezeit":"4\u00a0Minuten"},"schema":{"@context":"https:\/\/schema.org","@graph":[{"@type":"WebPage","@id":"https:\/\/global-hookah.com\/product\/portable-hemp-shisha-wholesale\/","url":"https:\/\/global-hookah.com\/product\/portable-hemp-shisha-wholesale\/","name":"Tragbare Hanf-Shisha Gro\u00dfhandel - Global Hookah","isPartOf":{"@id":"https:\/\/global-hookah.com\/#website"},"primaryImageOfPage":{"@id":"https:\/\/global-hookah.com\/product\/portable-hemp-shisha-wholesale\/#primaryimage"},"image":{"@id":"https:\/\/global-hookah.com\/product\/portable-hemp-shisha-wholesale\/#primaryimage"},"thumbnailUrl":"https:\/\/global-hookah.com\/wp-content\/uploads\/2023\/08\/Portable-Hookah-Shisha-Nargile-Wooden-Chichas-Complete-Set-with-Silicone-Hose-Ceramic-Bowl-Metal-Tongs-Narguile.jpg","datePublished":"2023-08-23T14:25:48+00:00","dateModified":"2024-01-12T07:48:38+00:00","breadcrumb":{"@id":"https:\/\/global-hookah.com\/product\/portable-hemp-shisha-wholesale\/#breadcrumb"},"inLanguage":"de","potentialAction":[{"@type":"ReadAction","target":["https:\/\/global-hookah.com\/product\/portable-hemp-shisha-wholesale\/"]}]},{"@type":"ImageObject","inLanguage":"de","@id":"https:\/\/global-hookah.com\/product\/portable-hemp-shisha-wholesale\/#primaryimage","url":"https:\/\/global-hookah.com\/wp-content\/uploads\/2023\/08\/Portable-Hookah-Shisha-Nargile-Wooden-Chichas-Complete-Set-with-Silicone-Hose-Ceramic-Bowl-Metal-Tongs-Narguile.jpg","contentUrl":"https:\/\/global-hookah.com\/wp-content\/uploads\/2023\/08\/Portable-Hookah-Shisha-Nargile-Wooden-Chichas-Complete-Set-with-Silicone-Hose-Ceramic-Bowl-Metal-Tongs-Narguile.jpg","width":909,"height":909,"caption":"Portable Hemp Shisha Wholesale"},{"@type":"BreadcrumbList","@id":"https:\/\/global-hookah.com\/product\/portable-hemp-shisha-wholesale\/#breadcrumb","itemListElement":[{"@type":"ListItem","position":1,"name":"Home","item":"https:\/\/global-hookah.com\/"},{"@type":"ListItem","position":2,"name":"Shop","item":"https:\/\/global-hookah.com\/shop\/"},{"@type":"ListItem","position":3,"name":"Portable Hemp Shisha Wholesale"}]},{"@type":"WebSite","@id":"https:\/\/global-hookah.com\/#website","url":"https:\/\/global-hookah.com\/","name":"Globale Wasserpfeife","description":"Globale Wasserpfeife","publisher":{"@id":"https:\/\/global-hookah.com\/#organization"},"potentialAction":[{"@type":"SearchAction","target":{"@type":"EntryPoint","urlTemplate":"https:\/\/global-hookah.com\/?s={search_term_string}"},"query-input":{"@type":"PropertyValueSpecification","valueRequired":true,"valueName":"search_term_string"}}],"inLanguage":"de"},{"@type":"Organization","@id":"https:\/\/global-hookah.com\/#organization","name":"Globale Wasserpfeife","url":"https:\/\/global-hookah.com\/","logo":{"@type":"ImageObject","inLanguage":"de","@id":"https:\/\/global-hookah.com\/#\/schema\/logo\/image\/","url":"https:\/\/global-hookah.com\/wp-content\/uploads\/2021\/10\/cropped-fgg.png","contentUrl":"https:\/\/global-hookah.com\/wp-content\/uploads\/2021\/10\/cropped-fgg.png","width":512,"height":512,"caption":"Global Hookah"},"image":{"@id":"https:\/\/global-hookah.com\/#\/schema\/logo\/image\/"}}]}},"_links":{"self":[{"href":"https:\/\/global-hookah.com\/de\/wp-json\/wp\/v2\/product\/13055","targetHints":{"allow":["GET"]}}],"collection":[{"href":"https:\/\/global-hookah.com\/de\/wp-json\/wp\/v2\/product"}],"about":[{"href":"https:\/\/global-hookah.com\/de\/wp-json\/wp\/v2\/types\/product"}],"replies":[{"embeddable":true,"href":"https:\/\/global-hookah.com\/de\/wp-json\/wp\/v2\/comments?post=13055"}],"version-history":[{"count":0,"href":"https:\/\/global-hookah.com\/de\/wp-json\/wp\/v2\/product\/13055\/revisions"}],"wp:featuredmedia":[{"embeddable":true,"href":"https:\/\/global-hookah.com\/de\/wp-json\/wp\/v2\/media\/13056"}],"wp:attachment":[{"href":"https:\/\/global-hookah.com\/de\/wp-json\/wp\/v2\/media?parent=13055"}],"wp:term":[{"taxonomy":"product_brand","embeddable":true,"href":"https:\/\/global-hookah.com\/de\/wp-json\/wp\/v2\/product_brand?post=13055"},{"taxonomy":"product_cat","embeddable":true,"href":"https:\/\/global-hookah.com\/de\/wp-json\/wp\/v2\/product_cat?post=13055"},{"taxonomy":"product_tag","embeddable":true,"href":"https:\/\/global-hookah.com\/de\/wp-json\/wp\/v2\/product_tag?post=13055"}],"curies":[{"name":"wp","href":"https:\/\/api.w.org\/{rel}","templated":true}]}}