{"id":13096,"date":"2023-08-26T12:19:02","date_gmt":"2023-08-26T12:19:02","guid":{"rendered":"https:\/\/global-hookah.com\/product\/arab-alloy-hookah-shisha-pipes-wholesale\/"},"modified":"2023-08-26T12:19:05","modified_gmt":"2023-08-26T12:19:05","slug":"arab-alloy-hookah-shisha-pipes-wholesale","status":"publish","type":"product","link":"https:\/\/global-hookah.com\/de\/produkt\/arab-alloy-hookah-shisha-pipes-wholesale\/","title":{"rendered":"Arabische Legierung Hookah Shisha Rohre Gro\u00dfhandel"},"content":{"rendered":"<div class=\"product-specs-list-container\">\n<ul class=\"product-specs-list util-clearfix\">\n<li class=\"product-prop line-limit-length\"><span\n                                    class=\"property-title\">Die Form:&nbsp;<\/span><span\n                                    class=\"property-desc line-limit-length\">Geschenkbox<\/span>\n                        <\/li>\n<li class=\"product-prop line-limit-length\"><span\n                                    class=\"property-title\">Modellnummer:&nbsp;<\/span><span\n                                    class=\"property-desc line-limit-length\">Baseball Wasserpfeife<\/span>\n                        <\/li>\n<li class=\"product-prop line-limit-length\"><span\n                                    class=\"property-title\">Markenname:&nbsp;<\/span><span\n                                    class=\"property-desc line-limit-length\">MONDSCHEINRAUCHEN<\/span>\n                        <\/li>\n<li class=\"product-prop line-limit-length\"><span\n                                    class=\"property-title\">Herkunft:&nbsp;<\/span><span\n                                    class=\"property-desc line-limit-length\">Festland China<\/span>\n                        <\/li>\n<li class=\"product-prop line-limit-length\"><span\n                                    class=\"property-title\">Gewicht:&nbsp;<\/span><span\n                                    class=\"property-desc line-limit-length\">3.85KG<\/span>\n                        <\/li>\n<li class=\"product-prop line-limit-length\"><span\n                                    class=\"property-title\">H\u00f6he:&nbsp;<\/span><span\n                                    class=\"property-desc line-limit-length\">80CM<\/span>\n                        <\/li>\n<li class=\"product-prop line-limit-length\"><span\n                                    class=\"property-title\">Packungsgr\u00f6\u00dfe:&nbsp;<\/span><span\n                                    class=\"property-desc line-limit-length\">8*34*59CM<\/span>\n                        <\/li>\n<li class=\"product-prop line-limit-length\"><span\n                                    class=\"property-title\">Material:&nbsp;<\/span><span\n                                    class=\"property-desc line-limit-length\">Aluminiumlegierung<\/span>\n                        <\/li>\n<li class=\"product-prop line-limit-length\"><span\n                                    class=\"property-title\">Merkmal1:&nbsp;<\/span><span\n                                    class=\"property-desc line-limit-length\">Bonga zum Rauchen<\/span>\n                        <\/li>\n<li class=\"product-prop line-limit-length\"><span\n                                    class=\"property-title\">Merkmal2:&nbsp;<\/span><span\n                                    class=\"property-desc line-limit-length\">Narguile vollst\u00e4ndig<\/span>\n                        <\/li>\n<li class=\"product-prop line-limit-length\"><span\n                                    class=\"property-title\">Merkmal3:&nbsp;<\/span><span\n                                    class=\"property-desc line-limit-length\">Raucherzubeh\u00f6r<\/span>\n                        <\/li>\n<li class=\"product-prop line-limit-length\"><span\n                                    class=\"property-title\">Merkmal4:&nbsp;<\/span><span\n                                    class=\"property-desc line-limit-length\">Vollst\u00e4ndiger Chicha<\/span>\n                        <\/li>\n<li class=\"product-prop line-limit-length\"><span\n                                    class=\"property-title\">Merkmal5:&nbsp;<\/span><span\n                                    class=\"property-desc line-limit-length\">Kompletter Bausatz Cachimbas<\/span>\n                        <\/li>\n<\/ul><\/div>\n<div class=\"detailmodule_html\">\n<div class=\"detail-desc-decorate-richtext\">\n<p align=\"left\" style=\"text-align:left;margin:0px;margin-bottom:0px;margin-top:0px;margin-left:0px;margin-right:0px\"><img decoding=\"async\" referrerpolicy=\"no-referrer\" slate-data-type=\"image\" src=\"https:\/\/ae01.alicdn.com\/kf\/Sff737a098dac40fca1c503a12e8ce3a2a.jpg?width=999&amp;height=108&amp;hash=1107\"><\/p>\n<p class=\"p\"><span class=\"15\" style=\"font-size:13.5pt\"><span style=\"color:rgb(244, 78, 59)\"><span style=\"font-size:18px\"><span style=\"font-family:Arial, Helvetica, sans-serif\"><strong>Willkommen in unserem Shop!<br \/>\nIch danke Ihnen f\u00fcr Ihren Besuch. Ich hoffe, dass Sie alle Waren m\u00f6gen werden.<\/strong><\/span><\/span><\/span><\/span><span style=\"font-family:Arial, Helvetica, sans-serif\"><strong><span class=\"15\" style=\"font-size:13.5pt\"><span style=\"color:rgb(244, 78, 59)\"><\/p>\n<p>Parameter :&nbsp;<\/span><\/span><\/strong><\/span><span style=\"font-size:14px\"><span style=\"font-family:Arial, Helvetica, sans-serif\"><span style=\"background-color:rgb(255, 255, 255)\"><\/span><\/span><\/span><br \/>\n<span style=\"font-size:14px\"><span style=\"font-family:Arial, Helvetica, sans-serif\"><span style=\"background-color:rgb(255, 255, 255)\"><span style=\"color:rgb(0, 0, 0)\"><span>Gewicht :<\/span><\/span><\/span><\/span><\/span><span style=\"font-size:14px\"><span style=\"font-family:Arial, Helvetica, sans-serif\"><span style=\"background-color:rgb(255, 255, 255)\">&nbsp;3.85KG<\/span><\/span><\/span><span style=\"font-size:14px\"><span style=\"font-family:Arial, Helvetica, sans-serif\"><span style=\"color:rgb(0, 0, 0)\"><\/p>\n<p>H\u00f6he : 80CM<\/span><\/span><\/span><span style=\"font-size:14px\"><\/span><br \/>\n<span style=\"font-size:14px\"><span style=\"font-family:Arial, Helvetica, sans-serif\"><span style=\"color:rgb(0, 0, 0)\">Paket Gr\u00f6\u00dfe: 8*34*59CM<br \/>\nMaterial :<\/span><\/span><\/span><span style=\"font-size:14px\"><span style=\"font-family:Arial, Helvetica, sans-serif\">&nbsp;Aluminiumlegierung<\/span><\/span><span style=\"font-family:Arial, Helvetica, sans-serif\"><span style=\"font-size:14px\"><span style=\"background-color:rgb(255, 255, 255)\"><span style=\"color:rgb(0, 0, 0)\"><span><br \/>\nVerwendung: Hookah\/Shisha\/Narguile Set Rauchwerkzeug<\/span><\/span><\/span><\/span><\/span><br \/>\n<span class=\"15\" style=\"font-size:13.5pt\"><span style=\"color:rgb(244, 78, 59)\"><span style=\"font-family:Arial, Helvetica, sans-serif\"><strong>Anmerkung:&nbsp;<\/strong><\/span><\/span><\/span><span class=\"15\" style=\"font-size:13.5pt\"><\/span><br \/>\n<span class=\"15\" style=\"font-size:13.5pt\"><span style=\"font-size:14px\"><span style=\"font-family:Arial, Helvetica, sans-serif\">1.please allow 0-1cm Fehler durch manuelle Messung. pls stellen Sie sicher, dass Sie nichts dagegen haben, bevor Sie bieten.<br \/>\n2. aufgrund des Unterschieds zwischen verschiedenen Monitoren, kann das Bild nicht die tats\u00e4chliche Farbe des Artikels widerspiegeln. Dankesch\u00f6n<\/span><\/span><\/span><\/p>\n<p><img decoding=\"async\" referrerpolicy=\"no-referrer\" slate-data-type=\"image\" src=\"https:\/\/ae01.alicdn.com\/kf\/Scd8a8452cfe645678ecca518c3a74b89v.jpg?width=996&amp;height=106&amp;hash=1102\"><span style=\"font-family:Arial, Helvetica, sans-serif\"><\/span><br \/>\n<img decoding=\"async\" referrerpolicy=\"no-referrer\" src=\"https:\/\/ae01.alicdn.com\/kf\/S2e7d817666894706b2d997bd5af6e2be3.jpg?width=800&amp;height=800&amp;hash=1600\"><img decoding=\"async\" referrerpolicy=\"no-referrer\" src=\"https:\/\/ae01.alicdn.com\/kf\/S4368d648ff2748779bbc6f1520942ab9u.jpg?width=800&amp;height=800&amp;hash=1600\"><img decoding=\"async\" referrerpolicy=\"no-referrer\" src=\"https:\/\/ae01.alicdn.com\/kf\/S094a360d442343ff92942b3a8f58c347l.jpg?width=800&amp;height=800&amp;hash=1600\"><img decoding=\"async\" referrerpolicy=\"no-referrer\" src=\"https:\/\/ae01.alicdn.com\/kf\/S446dda42a39949e39f71372ceb1223c16.jpg?width=800&amp;height=800&amp;hash=1600\"><img decoding=\"async\" referrerpolicy=\"no-referrer\" src=\"https:\/\/ae01.alicdn.com\/kf\/S9019a5987aa24093adbb55103f015c78O.jpg?width=800&amp;height=800&amp;hash=1600\"><img decoding=\"async\" referrerpolicy=\"no-referrer\" src=\"https:\/\/ae01.alicdn.com\/kf\/S038487a80304433885b713e93009040b4.jpg?width=800&amp;height=800&amp;hash=1600\"><img decoding=\"async\" referrerpolicy=\"no-referrer\" src=\"https:\/\/ae01.alicdn.com\/kf\/S0577b55ed5424fd6aca47c452eeb0609d.jpg?width=800&amp;height=800&amp;hash=1600\"><img decoding=\"async\" referrerpolicy=\"no-referrer\" src=\"https:\/\/ae01.alicdn.com\/kf\/S49a1b2e471314e73854bf557c4d0b46cM.jpg?width=800&amp;height=800&amp;hash=1600\"><img decoding=\"async\" referrerpolicy=\"no-referrer\" src=\"https:\/\/ae01.alicdn.com\/kf\/S4beca0c4e4854c518f0c3aae3383c43ar.jpg?width=800&amp;height=800&amp;hash=1600\"><img decoding=\"async\" referrerpolicy=\"no-referrer\" src=\"https:\/\/ae01.alicdn.com\/kf\/S36c5c01983d444299a8c1af5477c006b5.jpg?width=800&amp;height=800&amp;hash=1600\"><img decoding=\"async\" referrerpolicy=\"no-referrer\" src=\"https:\/\/ae01.alicdn.com\/kf\/S5a1397bde6fd48969a7264951b8e30f6i.jpg?width=800&amp;height=800&amp;hash=1600\"><img decoding=\"async\" referrerpolicy=\"no-referrer\" src=\"https:\/\/ae01.alicdn.com\/kf\/S3526c879d1344a0bbd09cdf4bb9bf78cR.jpg?width=800&amp;height=800&amp;hash=1600\"><img decoding=\"async\" referrerpolicy=\"no-referrer\" src=\"https:\/\/ae01.alicdn.com\/kf\/S0a8638b187dc4506bc2bae1e9f57c2d14.jpg?width=800&amp;height=800&amp;hash=1600\"><\/p>\n<p align=\"left\" class=\"p\" style=\"text-align:left;margin:0pt;margin-bottom:0pt;margin-top:0pt;margin-left:0pt;margin-right:0pt\"><img decoding=\"async\" referrerpolicy=\"no-referrer\" slate-data-type=\"image\" src=\"https:\/\/ae01.alicdn.com\/kf\/Sa1664bd768574209a0a61534ba93fbbau.jpg?width=750&amp;height=648&amp;hash=1398\"><\/p>\n<p align=\"center\" style=\"text-align:center;margin:5pt 0pt;margin-bottom:5pt;margin-top:5pt;margin-left:0pt;margin-right:0pt\"><strong><span class=\"15\" style=\"font-size:24pt\"><span style=\"background-color:rgb(104, 188, 0)\"><span style=\"font-family:&quot;Comic Sans MS&quot;\"><span style=\"color:rgb(0, 0, 0)\">MOONSHADE Rauchen<\/span><\/span><\/span><\/span><\/strong><\/p>\n<ol>\n<li align=\"justify\" style=\"text-align:justify;margin-bottom:5pt;margin-top:5pt;margin-right:0pt\">\n<p><span><span style=\"font-size:10.5pt\"><span style=\"background-color:rgb(255, 255, 255)\"><span style=\"font-family:Arial\"><span style=\"color:rgb(0, 0, 0)\">Unterst\u00fctzung f\u00fcr Gro\u00dfhandel, Dropshipping, Logo Customize, OEM! <\/span><\/span><\/span><\/span><\/span><\/p>\n<\/li>\n<li align=\"justify\" style=\"text-align:justify;margin-bottom:5pt;margin-top:5pt;margin-right:0pt\">\n<p><span><span style=\"font-size:10.5pt\"><span style=\"background-color:rgb(255, 255, 255)\"><span style=\"font-family:Arial\"><span style=\"color:rgb(0, 0, 0)\">+Folgen Sie dem Gesch\u00e4ft und erhalten Sie Rabatte oder Gutscheine.<\/span><\/span><\/span><\/span><\/span><\/p>\n<\/li>\n<li align=\"justify\" style=\"text-align:justify;margin-bottom:5pt;margin-top:5pt;margin-right:0pt\">\n<p><span><span style=\"font-size:10.5pt\"><span style=\"background-color:rgb(255, 255, 255)\"><span style=\"font-family:Arial\"><span style=\"color:rgb(0, 0, 0)\">\u00dcber die Farbe: Ein Teil der Produkte werden in einer zuf\u00e4lligen Farbe versandt, um eine schnelle Versandgeschwindigkeit zu gew\u00e4hrleisten (wenn Sie eine Farbe w\u00e4hlen m\u00f6chten, hinterlassen Sie bitte eine Nachricht). <\/span><\/span><\/span><\/span><\/span><\/p>\n<\/li>\n<li align=\"justify\" style=\"text-align:justify;margin-bottom:5pt;margin-top:5pt;margin-right:0pt\">\n<p><span><span style=\"font-size:10.5pt\"><span style=\"background-color:rgb(255, 255, 255)\"><span style=\"font-family:Arial\"><span style=\"color:rgb(0, 0, 0)\">\u00dcber den Stecker: Egal, aus welchem Land Sie kommen, wir senden Ihnen alle Standard-Konvertierungsstecker, die zu Ihrem Land passen. <\/span><\/span><\/span><\/span><\/span><\/p>\n<\/li>\n<li align=\"justify\" style=\"text-align:justify;margin-bottom:5pt;margin-top:5pt;margin-right:0pt\">\n<p><span><span style=\"font-size:10.5pt\"><span style=\"background-color:rgb(255, 255, 255)\"><span style=\"font-family:Arial\"><span style=\"color:rgb(0, 0, 0)\">Wir garantieren, die Ware innerhalb von 48 Stunden nach Zahlungsbest\u00e4tigung zu versenden, au\u00dfer an Feiertagen. <\/span><\/span><\/span><\/span><\/span><\/p>\n<\/li>\n<li align=\"justify\" style=\"text-align:justify;margin-bottom:5pt;margin-top:5pt;margin-right:0pt\">\n<p><span><span style=\"font-size:10.5pt\"><span style=\"background-color:rgb(255, 255, 255)\"><span style=\"font-family:Arial\"><span style=\"color:rgb(0, 0, 0)\">Wir versenden per AliExpress Standard Shipping, DHL, Fedex, haupts\u00e4chlich nach der Versandart Ihrer Wahl. <\/span><\/span><\/span><\/span><\/span><\/p>\n<\/li>\n<li align=\"justify\" style=\"text-align:justify;margin-bottom:5pt;margin-top:5pt;margin-right:0pt\">\n<p><span><span style=\"font-size:10.5pt\"><span style=\"background-color:rgb(255, 255, 255)\"><span style=\"font-family:Arial\"><span style=\"color:rgb(0, 0, 0)\">Wir haben reiche Erfahrung im Versand, Sie werden keine Probleme mit dem Zoll haben, bitte 100% Garantie glauben Sie uns. <\/span><\/span><\/span><\/span><\/span><\/p>\n<\/li>\n<li align=\"justify\" style=\"text-align:justify;margin-bottom:5pt;margin-top:5pt;margin-right:0pt\">\n<p><span><span style=\"font-size:10.5pt\"><span style=\"background-color:rgb(255, 255, 255)\"><span style=\"font-family:Arial\"><span style=\"color:rgb(0, 0, 0)\">Wenn Sie den Artikel nach 15-45 Tagen nicht erhalten haben, kontaktieren Sie uns bitte, wir werden uns bem\u00fchen, das Problem zu l\u00f6sen.<\/span><\/span><\/span><\/span><\/span><\/p>\n<\/li>\n<li align=\"justify\" style=\"text-align:justify;margin-bottom:5pt;margin-top:5pt;margin-right:0pt\">\n<p><span><span style=\"font-size:10.5pt\"><span style=\"background-color:rgb(255, 255, 255)\"><span style=\"font-family:Arial\"><span style=\"color:rgb(0, 0, 0)\">R\u00fcckgabe &amp; R\u00fcckerstattung: Wenn Sie Fragen zu den Artikeln haben, nehmen Sie bitte Fotos oder Videos auf und kontaktieren Sie uns, um sie erneut zu senden, zur\u00fcckzugeben oder zur\u00fcckzuerstatten, Sie m\u00fcssen keinen Streitfall oder eine \u00dcberpr\u00fcfung er\u00f6ffnen.<\/span><\/span><\/span><\/span><\/span><\/p>\n<\/li>\n<li align=\"justify\" style=\"text-align:justify;margin-bottom:5pt;margin-top:5pt;margin-right:0pt\">\n<p><span><span style=\"font-size:10.5pt\"><span style=\"background-color:rgb(255, 255, 255)\"><span style=\"font-family:Arial\"><span style=\"color:rgb(0, 0, 0)\">Garantie:100% Original und Qualit\u00e4tsgarantie! Alle Artikel haben 1-3 Jahre Garantie.<\/span><\/span><\/span><\/span><\/span><\/p>\n<\/li>\n<\/ol>\n<p>&nbsp;<\/p>\n<\/div>\n<\/div>","protected":false},"excerpt":{"rendered":"<p>Form: Geschenkbox Modellnummer: Baseball Hookah Markenname: MOONSHADE SMOKING Herkunft: Festland China Gewicht: 3.85KG H\u00f6he: 80CM Paketgr\u00f6\u00dfe: 8*34*59CM Material: Aluminiumlegierung Feature1: Bonga zum Rauchen Feature2: Narguile<\/p>","protected":false},"featured_media":13097,"comment_status":"open","ping_status":"closed","template":"","meta":{"iawp_total_views":8,"_joinchat":[]},"product_brand":[],"product_cat":[119],"product_tag":[],"class_list":{"0":"post-13096","1":"product","2":"type-product","3":"status-publish","4":"has-post-thumbnail","6":"product_cat-wholesale-hookah","8":"first","9":"instock","10":"shipping-taxable","11":"purchasable","12":"product-type-variable"},"yoast_head":"<!-- This site is optimized with the Yoast SEO Premium plugin v24.7 (Yoast SEO v26.8) - https:\/\/yoast.com\/product\/yoast-seo-premium-wordpress\/ -->\n<title>Arab Alloy Hookah Shisha Pipes Wholesale - Global Hookah<\/title>\n<meta name=\"robots\" content=\"index, follow, max-snippet:-1, max-image-preview:large, max-video-preview:-1\" \/>\n<link rel=\"canonical\" href=\"https:\/\/global-hookah.com\/de\/produkt\/arab-alloy-hookah-shisha-pipes-wholesale\/\" \/>\n<meta property=\"og:locale\" content=\"de_DE\" \/>\n<meta property=\"og:type\" content=\"article\" \/>\n<meta property=\"og:title\" content=\"Arab Alloy Hookah Shisha Pipes Wholesale\" \/>\n<meta property=\"og:description\" content=\"Shape:&nbsp;Gift Box Model Number:&nbsp;Baseball Hookah Brand Name:&nbsp;MOONSHADE SMOKING Origin:&nbsp;Mainland China Weight:&nbsp;3.85KG Height:&nbsp;80CM Package Size:&nbsp;8*34*59CM Material:&nbsp;Aluminum alloy Feature1:&nbsp;bonga for smoking Feature2:&nbsp;Narguile\" \/>\n<meta property=\"og:url\" content=\"https:\/\/global-hookah.com\/de\/produkt\/arab-alloy-hookah-shisha-pipes-wholesale\/\" \/>\n<meta property=\"og:site_name\" content=\"Global Hookah\" \/>\n<meta property=\"article:modified_time\" content=\"2023-08-26T12:19:05+00:00\" \/>\n<meta property=\"og:image\" content=\"https:\/\/global-hookah.com\/wp-content\/uploads\/2023\/08\/EVIL-SMOKING-Arab-Hookah-Shisha-Pipes-Smoking-Grass-Set-Alloy-Mid-Range-Vented-Baseball-Style-Chicha.jpg\" \/>\n\t<meta property=\"og:image:width\" content=\"1000\" \/>\n\t<meta property=\"og:image:height\" content=\"1000\" \/>\n\t<meta property=\"og:image:type\" content=\"image\/jpeg\" \/>\n<meta name=\"twitter:card\" content=\"summary_large_image\" \/>\n<meta name=\"twitter:label1\" content=\"Gesch\u00e4tzte Lesezeit\" \/>\n\t<meta name=\"twitter:data1\" content=\"2\u00a0Minuten\" \/>\n<script type=\"application\/ld+json\" class=\"yoast-schema-graph\">{\"@context\":\"https:\/\/schema.org\",\"@graph\":[{\"@type\":\"WebPage\",\"@id\":\"https:\/\/global-hookah.com\/product\/arab-alloy-hookah-shisha-pipes-wholesale\/\",\"url\":\"https:\/\/global-hookah.com\/product\/arab-alloy-hookah-shisha-pipes-wholesale\/\",\"name\":\"Arab Alloy Hookah Shisha Pipes Wholesale - Global Hookah\",\"isPartOf\":{\"@id\":\"https:\/\/global-hookah.com\/#website\"},\"primaryImageOfPage\":{\"@id\":\"https:\/\/global-hookah.com\/product\/arab-alloy-hookah-shisha-pipes-wholesale\/#primaryimage\"},\"image\":{\"@id\":\"https:\/\/global-hookah.com\/product\/arab-alloy-hookah-shisha-pipes-wholesale\/#primaryimage\"},\"thumbnailUrl\":\"https:\/\/global-hookah.com\/wp-content\/uploads\/2023\/08\/EVIL-SMOKING-Arab-Hookah-Shisha-Pipes-Smoking-Grass-Set-Alloy-Mid-Range-Vented-Baseball-Style-Chicha.jpg\",\"datePublished\":\"2023-08-26T12:19:02+00:00\",\"dateModified\":\"2023-08-26T12:19:05+00:00\",\"breadcrumb\":{\"@id\":\"https:\/\/global-hookah.com\/product\/arab-alloy-hookah-shisha-pipes-wholesale\/#breadcrumb\"},\"inLanguage\":\"de\",\"potentialAction\":[{\"@type\":\"ReadAction\",\"target\":[\"https:\/\/global-hookah.com\/product\/arab-alloy-hookah-shisha-pipes-wholesale\/\"]}]},{\"@type\":\"ImageObject\",\"inLanguage\":\"de\",\"@id\":\"https:\/\/global-hookah.com\/product\/arab-alloy-hookah-shisha-pipes-wholesale\/#primaryimage\",\"url\":\"https:\/\/global-hookah.com\/wp-content\/uploads\/2023\/08\/EVIL-SMOKING-Arab-Hookah-Shisha-Pipes-Smoking-Grass-Set-Alloy-Mid-Range-Vented-Baseball-Style-Chicha.jpg\",\"contentUrl\":\"https:\/\/global-hookah.com\/wp-content\/uploads\/2023\/08\/EVIL-SMOKING-Arab-Hookah-Shisha-Pipes-Smoking-Grass-Set-Alloy-Mid-Range-Vented-Baseball-Style-Chicha.jpg\",\"width\":1000,\"height\":1000},{\"@type\":\"BreadcrumbList\",\"@id\":\"https:\/\/global-hookah.com\/product\/arab-alloy-hookah-shisha-pipes-wholesale\/#breadcrumb\",\"itemListElement\":[{\"@type\":\"ListItem\",\"position\":1,\"name\":\"Home\",\"item\":\"https:\/\/global-hookah.com\/\"},{\"@type\":\"ListItem\",\"position\":2,\"name\":\"Shop\",\"item\":\"https:\/\/global-hookah.com\/shop\/\"},{\"@type\":\"ListItem\",\"position\":3,\"name\":\"Arab Alloy Hookah Shisha Pipes Wholesale\"}]},{\"@type\":\"WebSite\",\"@id\":\"https:\/\/global-hookah.com\/#website\",\"url\":\"https:\/\/global-hookah.com\/\",\"name\":\"Global Hookah\",\"description\":\"Global Hookah\",\"publisher\":{\"@id\":\"https:\/\/global-hookah.com\/#organization\"},\"potentialAction\":[{\"@type\":\"SearchAction\",\"target\":{\"@type\":\"EntryPoint\",\"urlTemplate\":\"https:\/\/global-hookah.com\/?s={search_term_string}\"},\"query-input\":{\"@type\":\"PropertyValueSpecification\",\"valueRequired\":true,\"valueName\":\"search_term_string\"}}],\"inLanguage\":\"de\"},{\"@type\":\"Organization\",\"@id\":\"https:\/\/global-hookah.com\/#organization\",\"name\":\"Global Hookah\",\"url\":\"https:\/\/global-hookah.com\/\",\"logo\":{\"@type\":\"ImageObject\",\"inLanguage\":\"de\",\"@id\":\"https:\/\/global-hookah.com\/#\/schema\/logo\/image\/\",\"url\":\"https:\/\/global-hookah.com\/wp-content\/uploads\/2021\/10\/cropped-fgg.png\",\"contentUrl\":\"https:\/\/global-hookah.com\/wp-content\/uploads\/2021\/10\/cropped-fgg.png\",\"width\":512,\"height\":512,\"caption\":\"Global Hookah\"},\"image\":{\"@id\":\"https:\/\/global-hookah.com\/#\/schema\/logo\/image\/\"}}]}<\/script>\n<!-- \/ Yoast SEO Premium plugin. -->","yoast_head_json":{"title":"Arabische Legierung Hookah Shisha Rohre Gro\u00dfhandel - Global Hookah","robots":{"index":"index","follow":"follow","max-snippet":"max-snippet:-1","max-image-preview":"max-image-preview:large","max-video-preview":"max-video-preview:-1"},"canonical":"https:\/\/global-hookah.com\/de\/produkt\/arab-alloy-hookah-shisha-pipes-wholesale\/","og_locale":"de_DE","og_type":"article","og_title":"Arab Alloy Hookah Shisha Pipes Wholesale","og_description":"Shape:&nbsp;Gift Box Model Number:&nbsp;Baseball Hookah Brand Name:&nbsp;MOONSHADE SMOKING Origin:&nbsp;Mainland China Weight:&nbsp;3.85KG Height:&nbsp;80CM Package Size:&nbsp;8*34*59CM Material:&nbsp;Aluminum alloy Feature1:&nbsp;bonga for smoking Feature2:&nbsp;Narguile","og_url":"https:\/\/global-hookah.com\/de\/produkt\/arab-alloy-hookah-shisha-pipes-wholesale\/","og_site_name":"Global Hookah","article_modified_time":"2023-08-26T12:19:05+00:00","og_image":[{"width":1000,"height":1000,"url":"https:\/\/global-hookah.com\/wp-content\/uploads\/2023\/08\/EVIL-SMOKING-Arab-Hookah-Shisha-Pipes-Smoking-Grass-Set-Alloy-Mid-Range-Vented-Baseball-Style-Chicha.jpg","type":"image\/jpeg"}],"twitter_card":"summary_large_image","twitter_misc":{"Gesch\u00e4tzte Lesezeit":"2\u00a0Minuten"},"schema":{"@context":"https:\/\/schema.org","@graph":[{"@type":"WebPage","@id":"https:\/\/global-hookah.com\/product\/arab-alloy-hookah-shisha-pipes-wholesale\/","url":"https:\/\/global-hookah.com\/product\/arab-alloy-hookah-shisha-pipes-wholesale\/","name":"Arabische Legierung Hookah Shisha Rohre Gro\u00dfhandel - Global Hookah","isPartOf":{"@id":"https:\/\/global-hookah.com\/#website"},"primaryImageOfPage":{"@id":"https:\/\/global-hookah.com\/product\/arab-alloy-hookah-shisha-pipes-wholesale\/#primaryimage"},"image":{"@id":"https:\/\/global-hookah.com\/product\/arab-alloy-hookah-shisha-pipes-wholesale\/#primaryimage"},"thumbnailUrl":"https:\/\/global-hookah.com\/wp-content\/uploads\/2023\/08\/EVIL-SMOKING-Arab-Hookah-Shisha-Pipes-Smoking-Grass-Set-Alloy-Mid-Range-Vented-Baseball-Style-Chicha.jpg","datePublished":"2023-08-26T12:19:02+00:00","dateModified":"2023-08-26T12:19:05+00:00","breadcrumb":{"@id":"https:\/\/global-hookah.com\/product\/arab-alloy-hookah-shisha-pipes-wholesale\/#breadcrumb"},"inLanguage":"de","potentialAction":[{"@type":"ReadAction","target":["https:\/\/global-hookah.com\/product\/arab-alloy-hookah-shisha-pipes-wholesale\/"]}]},{"@type":"ImageObject","inLanguage":"de","@id":"https:\/\/global-hookah.com\/product\/arab-alloy-hookah-shisha-pipes-wholesale\/#primaryimage","url":"https:\/\/global-hookah.com\/wp-content\/uploads\/2023\/08\/EVIL-SMOKING-Arab-Hookah-Shisha-Pipes-Smoking-Grass-Set-Alloy-Mid-Range-Vented-Baseball-Style-Chicha.jpg","contentUrl":"https:\/\/global-hookah.com\/wp-content\/uploads\/2023\/08\/EVIL-SMOKING-Arab-Hookah-Shisha-Pipes-Smoking-Grass-Set-Alloy-Mid-Range-Vented-Baseball-Style-Chicha.jpg","width":1000,"height":1000},{"@type":"BreadcrumbList","@id":"https:\/\/global-hookah.com\/product\/arab-alloy-hookah-shisha-pipes-wholesale\/#breadcrumb","itemListElement":[{"@type":"ListItem","position":1,"name":"Home","item":"https:\/\/global-hookah.com\/"},{"@type":"ListItem","position":2,"name":"Shop","item":"https:\/\/global-hookah.com\/shop\/"},{"@type":"ListItem","position":3,"name":"Arab Alloy Hookah Shisha Pipes Wholesale"}]},{"@type":"WebSite","@id":"https:\/\/global-hookah.com\/#website","url":"https:\/\/global-hookah.com\/","name":"Globale Wasserpfeife","description":"Globale Wasserpfeife","publisher":{"@id":"https:\/\/global-hookah.com\/#organization"},"potentialAction":[{"@type":"SearchAction","target":{"@type":"EntryPoint","urlTemplate":"https:\/\/global-hookah.com\/?s={search_term_string}"},"query-input":{"@type":"PropertyValueSpecification","valueRequired":true,"valueName":"search_term_string"}}],"inLanguage":"de"},{"@type":"Organization","@id":"https:\/\/global-hookah.com\/#organization","name":"Globale Wasserpfeife","url":"https:\/\/global-hookah.com\/","logo":{"@type":"ImageObject","inLanguage":"de","@id":"https:\/\/global-hookah.com\/#\/schema\/logo\/image\/","url":"https:\/\/global-hookah.com\/wp-content\/uploads\/2021\/10\/cropped-fgg.png","contentUrl":"https:\/\/global-hookah.com\/wp-content\/uploads\/2021\/10\/cropped-fgg.png","width":512,"height":512,"caption":"Global Hookah"},"image":{"@id":"https:\/\/global-hookah.com\/#\/schema\/logo\/image\/"}}]}},"_links":{"self":[{"href":"https:\/\/global-hookah.com\/de\/wp-json\/wp\/v2\/product\/13096","targetHints":{"allow":["GET"]}}],"collection":[{"href":"https:\/\/global-hookah.com\/de\/wp-json\/wp\/v2\/product"}],"about":[{"href":"https:\/\/global-hookah.com\/de\/wp-json\/wp\/v2\/types\/product"}],"replies":[{"embeddable":true,"href":"https:\/\/global-hookah.com\/de\/wp-json\/wp\/v2\/comments?post=13096"}],"version-history":[{"count":0,"href":"https:\/\/global-hookah.com\/de\/wp-json\/wp\/v2\/product\/13096\/revisions"}],"wp:featuredmedia":[{"embeddable":true,"href":"https:\/\/global-hookah.com\/de\/wp-json\/wp\/v2\/media\/13097"}],"wp:attachment":[{"href":"https:\/\/global-hookah.com\/de\/wp-json\/wp\/v2\/media?parent=13096"}],"wp:term":[{"taxonomy":"product_brand","embeddable":true,"href":"https:\/\/global-hookah.com\/de\/wp-json\/wp\/v2\/product_brand?post=13096"},{"taxonomy":"product_cat","embeddable":true,"href":"https:\/\/global-hookah.com\/de\/wp-json\/wp\/v2\/product_cat?post=13096"},{"taxonomy":"product_tag","embeddable":true,"href":"https:\/\/global-hookah.com\/de\/wp-json\/wp\/v2\/product_tag?post=13096"}],"curies":[{"name":"wp","href":"https:\/\/api.w.org\/{rel}","templated":true}]}}