{"id":13111,"date":"2023-08-26T12:22:26","date_gmt":"2023-08-26T12:22:26","guid":{"rendered":"https:\/\/global-hookah.com\/product\/arabian-style-hookah-large-single-pipe-wholesale\/"},"modified":"2023-08-26T12:22:29","modified_gmt":"2023-08-26T12:22:29","slug":"arabian-style-hookah-large-single-pipe-wholesale","status":"publish","type":"product","link":"https:\/\/global-hookah.com\/de\/produkt\/arabian-style-hookah-large-single-pipe-wholesale\/","title":{"rendered":"Arabischer Stil Hookah gro\u00dfe einzelne Pfeife Gro\u00dfhandel"},"content":{"rendered":"<div class=\"product-specs-list-container\">\n<ul class=\"product-specs-list util-clearfix\">\n<li class=\"product-prop line-limit-length\"><span\n                                    class=\"property-title\">Modellnummer:&nbsp;<\/span><span\n                                    class=\"property-desc line-limit-length\">56416<\/span>\n                        <\/li>\n<li class=\"product-prop line-limit-length\"><span\n                                    class=\"property-title\">Die Form:&nbsp;<\/span><span\n                                    class=\"property-desc line-limit-length\">Freier Typ<\/span>\n                        <\/li>\n<li class=\"product-prop line-limit-length\"><span\n                                    class=\"property-title\">Die Technik:&nbsp;<\/span><span\n                                    class=\"property-desc line-limit-length\">SPIEGEL<\/span>\n                        <\/li>\n<li class=\"product-prop line-limit-length\"><span\n                                    class=\"property-title\">Material:&nbsp;<\/span><span\n                                    class=\"property-desc line-limit-length\">Metall<\/span>\n                        <\/li>\n<li class=\"product-prop line-limit-length\"><span\n                                    class=\"property-title\">Herkunft:&nbsp;<\/span><span\n                                    class=\"property-desc line-limit-length\">Festland China<\/span>\n                        <\/li>\n<li class=\"product-prop line-limit-length\"><span\n                                    class=\"property-title\">Produktkategorie:&nbsp;<\/span><span\n                                    class=\"property-desc line-limit-length\">Tabaktopf<\/span>\n                        <\/li>\n<li class=\"product-prop line-limit-length\"><span\n                                    class=\"property-title\">Material:&nbsp;<\/span><span\n                                    class=\"property-desc line-limit-length\">Metall<\/span>\n                        <\/li>\n<li class=\"product-prop line-limit-length\"><span\n                                    class=\"property-title\">H\u00f6he:&nbsp;<\/span><span\n                                    class=\"property-desc line-limit-length\">60cm<\/span>\n                        <\/li>\n<li class=\"product-prop line-limit-length\"><span\n                                    class=\"property-title\">Zweck:&nbsp;<\/span><span\n                                    class=\"property-desc line-limit-length\">Rauchen<\/span>\n                        <\/li>\n<li class=\"product-prop line-limit-length\"><span\n                                    class=\"property-title\">Verwendung:&nbsp;<\/span><span\n                                    class=\"property-desc line-limit-length\">Wasserpfeife<\/span>\n                        <\/li>\n<li class=\"product-prop line-limit-length\"><span\n                                    class=\"property-title\">Verwendung1:&nbsp;<\/span><span\n                                    class=\"property-desc line-limit-length\">Shisha<\/span>\n                        <\/li>\n<li class=\"product-prop line-limit-length\"><span\n                                    class=\"property-title\">Verwendung2:&nbsp;<\/span><span\n                                    class=\"property-desc line-limit-length\">Rohrleitung<\/span>\n                        <\/li>\n<li class=\"product-prop line-limit-length\"><span\n                                    class=\"property-title\">Verwendung3:&nbsp;<\/span><span\n                                    class=\"property-desc line-limit-length\">Vollst\u00e4ndige Shisha<\/span>\n                        <\/li>\n<li class=\"product-prop line-limit-length\"><span\n                                    class=\"property-title\">Verwendung4:&nbsp;<\/span><span\n                                    class=\"property-desc line-limit-length\">Zubeh\u00f6r zum Rauchen<\/span>\n                        <\/li>\n<\/ul><\/div>\n<div class=\"tinymce-module fd-clr\">\n<ul style=\"background-color:rgb(241, 241, 241);margin:0px;margin-bottom:0px;margin-top:0px;margin-left:0px;margin-right:0px;padding:10px;padding-bottom:10px;padding-top:10px;padding-left:10px;padding-right:10px;list-style:none\">\n<li style=\"text-align:left\" align=\"left\">\n<p><kse:widget data-widget-type=\"customText\" id=\"1005000000988878\" type=\"relation\"><\/kse:widget><\/p>\n<\/li>\n<li style=\"text-align:left\" align=\"left\">\n<p><span style=\"font-size:24px\">Details zum Produkt<\/span><br \/><span style=\"font-size:20px\">Produktname: 4-farbige gro\u00dfe Wasserleitung<br \/>Produkth\u00f6he: 60cm<br \/>Material: Aluminium<br \/>Einzelne Box Gr\u00f6\u00dfe: 21*21*33cm<br \/>Anzahl der Boxen: 6<br \/>Einzelgewicht: 4 kg, ohne verst\u00e4rkte Verpackung<br \/>Ausstattung: Einzelner Silikonschlauch mit 1 Topf, 1 Silikonschlauch, 1 Aluminiumgriff, 1 Clip, 1 Feder, 1 roter Tontopf, 1 individuelle farbige Schachtel<\/span><\/p>\n<p><span style=\"font-size:20px\">F\u00fcr Gro\u00dfhandel und ma\u00dfgeschneiderte Dienstleistungen wenden Sie sich bitte an den Kundendienst!<\/span><\/p>\n<\/li>\n<li style=\"text-align:left\" align=\"left\">\n<p><img decoding=\"async\" style=\"width:790px\" width=\"790px\" height=\"1053\" src=\"https:\/\/ae01.alicdn.com\/kf\/Saf9729f1779b4e039595606530a2f41bx.jpg\" slate-data-type=\"image\"\/><span style=\"font-size:14pt\"><br \/><\/span><\/p>\n<\/li>\n<li style=\"text-align:left\" align=\"left\">\n<p><img fetchpriority=\"high\" decoding=\"async\" width=\"790\" height=\"790\" src=\"https:\/\/ae01.alicdn.com\/kf\/Saba48913cc1548c5b3cffc238007b9de7.jpg\" slate-data-type=\"image\"\/><\/p>\n<p><img decoding=\"async\" width=\"790\" height=\"790\" src=\"https:\/\/ae01.alicdn.com\/kf\/Sa2780a0f1d7848ada8afa56d8055b23d3.jpg\" slate-data-type=\"image\"\/><\/p>\n<p><img decoding=\"async\" width=\"790\" height=\"790\" src=\"https:\/\/ae01.alicdn.com\/kf\/Sdb8d5ceca9b84759a8533a63ce69961aw.jpg\" slate-data-type=\"image\"\/><\/p>\n<p><img loading=\"lazy\" decoding=\"async\" width=\"790\" height=\"790\" src=\"https:\/\/ae01.alicdn.com\/kf\/S708e42d2d15d4ccf9ce5dcad370d0a25z.jpg\" slate-data-type=\"image\"\/><\/p>\n<p><img loading=\"lazy\" decoding=\"async\" width=\"790\" height=\"790\" src=\"https:\/\/ae01.alicdn.com\/kf\/S71885e9e6df24b8ca802a15f51cc3e19y.jpg\" slate-data-type=\"image\"\/><\/p>\n<\/li>\n<\/ul>\n<\/div>\n<p>  <\/p>","protected":false},"excerpt":{"rendered":"<p>Modellnummer: 56416 Form: Freier Typ Technik: SPIEGEL Material: Metall Herkunft: Festland China Produktkategorie: Tabaktopf Material: Metall H\u00f6he: 60cm Zweck: Rauchen Verwendung: Hookah Verwendung1: Shisha Verwendung2: Pfeife Verwendung3: Komplette Shisha Verwendung4: Rauchen<\/p>","protected":false},"featured_media":13112,"comment_status":"open","ping_status":"closed","template":"","meta":{"iawp_total_views":0,"_joinchat":[]},"product_brand":[],"product_cat":[119],"product_tag":[],"class_list":{"0":"post-13111","1":"product","2":"type-product","3":"status-publish","4":"has-post-thumbnail","6":"product_cat-wholesale-hookah","8":"first","9":"instock","10":"shipping-taxable","11":"purchasable","12":"product-type-variable"},"yoast_head":"<!-- This site is optimized with the Yoast SEO Premium plugin v24.7 (Yoast SEO v26.8) - https:\/\/yoast.com\/product\/yoast-seo-premium-wordpress\/ -->\n<title>Arabian Style Hookah Large Single Pipe Wholesale - Global Hookah<\/title>\n<meta name=\"robots\" content=\"index, follow, max-snippet:-1, max-image-preview:large, max-video-preview:-1\" \/>\n<link rel=\"canonical\" href=\"https:\/\/global-hookah.com\/de\/it\/prodotto\/arabo-stile-hookah-grande-singolo-tubo-allingrosso\/\" \/>\n<meta property=\"og:locale\" content=\"de_DE\" \/>\n<meta property=\"og:type\" content=\"article\" \/>\n<meta property=\"og:title\" content=\"Arabian Style Hookah Large Single Pipe Wholesale\" \/>\n<meta property=\"og:description\" content=\"Model Number:&nbsp;56416 Shape:&nbsp;Free Type Technics:&nbsp;MIRROR Material:&nbsp;Metal Origin:&nbsp;Mainland China Product category:&nbsp;Tobacco pot Material:&nbsp;Metal Height:&nbsp;60cm Purpose:&nbsp;Smoking Use:&nbsp;Hookah Use1:&nbsp;Shisha Use2:&nbsp;Pipe Use3:&nbsp;Complete shisha Use4:&nbsp;Smoking\" \/>\n<meta property=\"og:url\" content=\"https:\/\/global-hookah.com\/de\/it\/prodotto\/arabo-stile-hookah-grande-singolo-tubo-allingrosso\/\" \/>\n<meta property=\"og:site_name\" content=\"Global Hookah\" \/>\n<meta property=\"article:modified_time\" content=\"2023-08-26T12:22:29+00:00\" \/>\n<meta property=\"og:image\" content=\"https:\/\/global-hookah.com\/wp-content\/uploads\/2023\/08\/Arabian-Style-Hookah-Large-Single-Pipe-Shisha-Set-Bar-Complete-Hookah-Accessories-Smoke.jpeg\" \/>\n\t<meta property=\"og:image:width\" content=\"800\" \/>\n\t<meta property=\"og:image:height\" content=\"800\" \/>\n\t<meta property=\"og:image:type\" content=\"image\/jpeg\" \/>\n<meta name=\"twitter:card\" content=\"summary_large_image\" \/>\n<script type=\"application\/ld+json\" class=\"yoast-schema-graph\">{\"@context\":\"https:\/\/schema.org\",\"@graph\":[{\"@type\":\"WebPage\",\"@id\":\"https:\/\/global-hookah.com\/it\/prodotto\/arabo-stile-hookah-grande-singolo-tubo-allingrosso\/\",\"url\":\"https:\/\/global-hookah.com\/it\/prodotto\/arabo-stile-hookah-grande-singolo-tubo-allingrosso\/\",\"name\":\"Arabian Style Hookah Large Single Pipe Wholesale - Global Hookah\",\"isPartOf\":{\"@id\":\"https:\/\/global-hookah.com\/#website\"},\"primaryImageOfPage\":{\"@id\":\"https:\/\/global-hookah.com\/it\/prodotto\/arabo-stile-hookah-grande-singolo-tubo-allingrosso\/#primaryimage\"},\"image\":{\"@id\":\"https:\/\/global-hookah.com\/it\/prodotto\/arabo-stile-hookah-grande-singolo-tubo-allingrosso\/#primaryimage\"},\"thumbnailUrl\":\"https:\/\/global-hookah.com\/wp-content\/uploads\/2023\/08\/Arabian-Style-Hookah-Large-Single-Pipe-Shisha-Set-Bar-Complete-Hookah-Accessories-Smoke.jpeg\",\"datePublished\":\"2023-08-26T12:22:26+00:00\",\"dateModified\":\"2023-08-26T12:22:29+00:00\",\"breadcrumb\":{\"@id\":\"https:\/\/global-hookah.com\/it\/prodotto\/arabo-stile-hookah-grande-singolo-tubo-allingrosso\/#breadcrumb\"},\"inLanguage\":\"de\",\"potentialAction\":[{\"@type\":\"ReadAction\",\"target\":[\"https:\/\/global-hookah.com\/it\/prodotto\/arabo-stile-hookah-grande-singolo-tubo-allingrosso\/\"]}]},{\"@type\":\"ImageObject\",\"inLanguage\":\"de\",\"@id\":\"https:\/\/global-hookah.com\/it\/prodotto\/arabo-stile-hookah-grande-singolo-tubo-allingrosso\/#primaryimage\",\"url\":\"https:\/\/global-hookah.com\/wp-content\/uploads\/2023\/08\/Arabian-Style-Hookah-Large-Single-Pipe-Shisha-Set-Bar-Complete-Hookah-Accessories-Smoke.jpeg\",\"contentUrl\":\"https:\/\/global-hookah.com\/wp-content\/uploads\/2023\/08\/Arabian-Style-Hookah-Large-Single-Pipe-Shisha-Set-Bar-Complete-Hookah-Accessories-Smoke.jpeg\",\"width\":800,\"height\":800},{\"@type\":\"BreadcrumbList\",\"@id\":\"https:\/\/global-hookah.com\/it\/prodotto\/arabo-stile-hookah-grande-singolo-tubo-allingrosso\/#breadcrumb\",\"itemListElement\":[{\"@type\":\"ListItem\",\"position\":1,\"name\":\"Home\",\"item\":\"https:\/\/global-hookah.com\/\"},{\"@type\":\"ListItem\",\"position\":2,\"name\":\"Shop\",\"item\":\"https:\/\/global-hookah.com\/shop\/\"},{\"@type\":\"ListItem\",\"position\":3,\"name\":\"Arabian Style Hookah Large Single Pipe Wholesale\"}]},{\"@type\":\"WebSite\",\"@id\":\"https:\/\/global-hookah.com\/#website\",\"url\":\"https:\/\/global-hookah.com\/\",\"name\":\"Global Hookah\",\"description\":\"Global Hookah\",\"publisher\":{\"@id\":\"https:\/\/global-hookah.com\/#organization\"},\"potentialAction\":[{\"@type\":\"SearchAction\",\"target\":{\"@type\":\"EntryPoint\",\"urlTemplate\":\"https:\/\/global-hookah.com\/?s={search_term_string}\"},\"query-input\":{\"@type\":\"PropertyValueSpecification\",\"valueRequired\":true,\"valueName\":\"search_term_string\"}}],\"inLanguage\":\"de\"},{\"@type\":\"Organization\",\"@id\":\"https:\/\/global-hookah.com\/#organization\",\"name\":\"Global Hookah\",\"url\":\"https:\/\/global-hookah.com\/\",\"logo\":{\"@type\":\"ImageObject\",\"inLanguage\":\"de\",\"@id\":\"https:\/\/global-hookah.com\/#\/schema\/logo\/image\/\",\"url\":\"https:\/\/global-hookah.com\/wp-content\/uploads\/2021\/10\/cropped-fgg.png\",\"contentUrl\":\"https:\/\/global-hookah.com\/wp-content\/uploads\/2021\/10\/cropped-fgg.png\",\"width\":512,\"height\":512,\"caption\":\"Global Hookah\"},\"image\":{\"@id\":\"https:\/\/global-hookah.com\/#\/schema\/logo\/image\/\"}}]}<\/script>\n<!-- \/ Yoast SEO Premium plugin. -->","yoast_head_json":{"title":"Arabischen Stil Hookah gro\u00dfe einzelne Pfeife Gro\u00dfhandel - Global Hookah","robots":{"index":"index","follow":"follow","max-snippet":"max-snippet:-1","max-image-preview":"max-image-preview:large","max-video-preview":"max-video-preview:-1"},"canonical":"https:\/\/global-hookah.com\/de\/it\/prodotto\/arabo-stile-hookah-grande-singolo-tubo-allingrosso\/","og_locale":"de_DE","og_type":"article","og_title":"Arabian Style Hookah Large Single Pipe Wholesale","og_description":"Model Number:&nbsp;56416 Shape:&nbsp;Free Type Technics:&nbsp;MIRROR Material:&nbsp;Metal Origin:&nbsp;Mainland China Product category:&nbsp;Tobacco pot Material:&nbsp;Metal Height:&nbsp;60cm Purpose:&nbsp;Smoking Use:&nbsp;Hookah Use1:&nbsp;Shisha Use2:&nbsp;Pipe Use3:&nbsp;Complete shisha Use4:&nbsp;Smoking","og_url":"https:\/\/global-hookah.com\/de\/it\/prodotto\/arabo-stile-hookah-grande-singolo-tubo-allingrosso\/","og_site_name":"Global Hookah","article_modified_time":"2023-08-26T12:22:29+00:00","og_image":[{"width":800,"height":800,"url":"https:\/\/global-hookah.com\/wp-content\/uploads\/2023\/08\/Arabian-Style-Hookah-Large-Single-Pipe-Shisha-Set-Bar-Complete-Hookah-Accessories-Smoke.jpeg","type":"image\/jpeg"}],"twitter_card":"summary_large_image","schema":{"@context":"https:\/\/schema.org","@graph":[{"@type":"WebPage","@id":"https:\/\/global-hookah.com\/it\/prodotto\/arabo-stile-hookah-grande-singolo-tubo-allingrosso\/","url":"https:\/\/global-hookah.com\/it\/prodotto\/arabo-stile-hookah-grande-singolo-tubo-allingrosso\/","name":"Arabischen Stil Hookah gro\u00dfe einzelne Pfeife Gro\u00dfhandel - Global Hookah","isPartOf":{"@id":"https:\/\/global-hookah.com\/#website"},"primaryImageOfPage":{"@id":"https:\/\/global-hookah.com\/it\/prodotto\/arabo-stile-hookah-grande-singolo-tubo-allingrosso\/#primaryimage"},"image":{"@id":"https:\/\/global-hookah.com\/it\/prodotto\/arabo-stile-hookah-grande-singolo-tubo-allingrosso\/#primaryimage"},"thumbnailUrl":"https:\/\/global-hookah.com\/wp-content\/uploads\/2023\/08\/Arabian-Style-Hookah-Large-Single-Pipe-Shisha-Set-Bar-Complete-Hookah-Accessories-Smoke.jpeg","datePublished":"2023-08-26T12:22:26+00:00","dateModified":"2023-08-26T12:22:29+00:00","breadcrumb":{"@id":"https:\/\/global-hookah.com\/it\/prodotto\/arabo-stile-hookah-grande-singolo-tubo-allingrosso\/#breadcrumb"},"inLanguage":"de","potentialAction":[{"@type":"ReadAction","target":["https:\/\/global-hookah.com\/it\/prodotto\/arabo-stile-hookah-grande-singolo-tubo-allingrosso\/"]}]},{"@type":"ImageObject","inLanguage":"de","@id":"https:\/\/global-hookah.com\/it\/prodotto\/arabo-stile-hookah-grande-singolo-tubo-allingrosso\/#primaryimage","url":"https:\/\/global-hookah.com\/wp-content\/uploads\/2023\/08\/Arabian-Style-Hookah-Large-Single-Pipe-Shisha-Set-Bar-Complete-Hookah-Accessories-Smoke.jpeg","contentUrl":"https:\/\/global-hookah.com\/wp-content\/uploads\/2023\/08\/Arabian-Style-Hookah-Large-Single-Pipe-Shisha-Set-Bar-Complete-Hookah-Accessories-Smoke.jpeg","width":800,"height":800},{"@type":"BreadcrumbList","@id":"https:\/\/global-hookah.com\/it\/prodotto\/arabo-stile-hookah-grande-singolo-tubo-allingrosso\/#breadcrumb","itemListElement":[{"@type":"ListItem","position":1,"name":"Home","item":"https:\/\/global-hookah.com\/"},{"@type":"ListItem","position":2,"name":"Shop","item":"https:\/\/global-hookah.com\/shop\/"},{"@type":"ListItem","position":3,"name":"Arabian Style Hookah Large Single Pipe Wholesale"}]},{"@type":"WebSite","@id":"https:\/\/global-hookah.com\/#website","url":"https:\/\/global-hookah.com\/","name":"Globale Wasserpfeife","description":"Globale Wasserpfeife","publisher":{"@id":"https:\/\/global-hookah.com\/#organization"},"potentialAction":[{"@type":"SearchAction","target":{"@type":"EntryPoint","urlTemplate":"https:\/\/global-hookah.com\/?s={search_term_string}"},"query-input":{"@type":"PropertyValueSpecification","valueRequired":true,"valueName":"search_term_string"}}],"inLanguage":"de"},{"@type":"Organization","@id":"https:\/\/global-hookah.com\/#organization","name":"Globale Wasserpfeife","url":"https:\/\/global-hookah.com\/","logo":{"@type":"ImageObject","inLanguage":"de","@id":"https:\/\/global-hookah.com\/#\/schema\/logo\/image\/","url":"https:\/\/global-hookah.com\/wp-content\/uploads\/2021\/10\/cropped-fgg.png","contentUrl":"https:\/\/global-hookah.com\/wp-content\/uploads\/2021\/10\/cropped-fgg.png","width":512,"height":512,"caption":"Global Hookah"},"image":{"@id":"https:\/\/global-hookah.com\/#\/schema\/logo\/image\/"}}]}},"_links":{"self":[{"href":"https:\/\/global-hookah.com\/de\/wp-json\/wp\/v2\/product\/13111","targetHints":{"allow":["GET"]}}],"collection":[{"href":"https:\/\/global-hookah.com\/de\/wp-json\/wp\/v2\/product"}],"about":[{"href":"https:\/\/global-hookah.com\/de\/wp-json\/wp\/v2\/types\/product"}],"replies":[{"embeddable":true,"href":"https:\/\/global-hookah.com\/de\/wp-json\/wp\/v2\/comments?post=13111"}],"version-history":[{"count":0,"href":"https:\/\/global-hookah.com\/de\/wp-json\/wp\/v2\/product\/13111\/revisions"}],"wp:featuredmedia":[{"embeddable":true,"href":"https:\/\/global-hookah.com\/de\/wp-json\/wp\/v2\/media\/13112"}],"wp:attachment":[{"href":"https:\/\/global-hookah.com\/de\/wp-json\/wp\/v2\/media?parent=13111"}],"wp:term":[{"taxonomy":"product_brand","embeddable":true,"href":"https:\/\/global-hookah.com\/de\/wp-json\/wp\/v2\/product_brand?post=13111"},{"taxonomy":"product_cat","embeddable":true,"href":"https:\/\/global-hookah.com\/de\/wp-json\/wp\/v2\/product_cat?post=13111"},{"taxonomy":"product_tag","embeddable":true,"href":"https:\/\/global-hookah.com\/de\/wp-json\/wp\/v2\/product_tag?post=13111"}],"curies":[{"name":"wp","href":"https:\/\/api.w.org\/{rel}","templated":true}]}}