{"id":13257,"date":"2023-09-02T14:07:01","date_gmt":"2023-09-02T14:07:01","guid":{"rendered":"https:\/\/global-hookah.com\/product\/silicone-hookah-bowl-wholesale\/"},"modified":"2024-04-26T08:16:41","modified_gmt":"2024-04-26T08:16:41","slug":"silicone-hookah-bowl-wholesale","status":"publish","type":"product","link":"https:\/\/global-hookah.com\/de\/produkt\/silicone-hookah-bowl-wholesale\/","title":{"rendered":"Silikon Hookah Sch\u00fcssel Gro\u00dfhandel"},"content":{"rendered":"<div class=\"product-specs-list-container\">\n<p><span data-preserver-spaces=\"true\">Als ich dies zum ersten Mal sah\u00a0<\/span><strong><span data-preserver-spaces=\"true\">Shisha-Schale aus Silikon<\/span><\/strong><span data-preserver-spaces=\"true\">f\u00fchlte ich mich sehr\u00a0<\/span><span data-preserver-spaces=\"true\">erstaunlich<\/span><span data-preserver-spaces=\"true\">. Und das Silikonmaterial macht es sehr haltbar, so dass ich\u00a0<\/span><span data-preserver-spaces=\"true\">nicht<\/span><span data-preserver-spaces=\"true\">\u00a0m\u00fcssen sich um die <a href=\"https:\/\/global-hookah.com\/product-category\/hookah-accessories-wholesale\/hookah-bowl-wholesale\/\">Glasschale<\/a> fallen und brechen! Was mich am meisten begeistert\u00a0<\/span><span data-preserver-spaces=\"true\">Ja<\/span><span data-preserver-spaces=\"true\">\u00a0Die Reinigung ist ein Kinderspiel -\u00a0<\/span><span data-preserver-spaces=\"true\">nur<\/span><span data-preserver-spaces=\"true\">\u00a0in der Sp\u00fclmaschine oder von Hand waschen.\u00a0<\/span><span data-preserver-spaces=\"true\">Viel<\/span><span data-preserver-spaces=\"true\">\u00a0einfacher als das Schrubben von empfindlichem Glas.<\/span><\/p>\n<p><span data-preserver-spaces=\"true\">Das hochwertige Silikon ist auch hitzebest\u00e4ndig. Sie k\u00f6nnen Sch\u00fcssel f\u00fcr Sch\u00fcssel verpacken und dabei die\u00a0<\/span><span data-preserver-spaces=\"true\">erstaunlich<\/span><span data-preserver-spaces=\"true\">\u00a0Geschmack. Plus\u00a0<\/span><span data-preserver-spaces=\"true\">die<\/span><span data-preserver-spaces=\"true\">\u00a0Die Turmkonstruktion verhindert auch das Auslaufen von Melasse. Von Anfang bis Ende,\u00a0<\/span><span data-preserver-spaces=\"true\">werden Sie<\/span><span data-preserver-spaces=\"true\">\u00a0reiche, gleichbleibende Geschm\u00e4cker zu erhalten.<\/span><\/p>\n<p><span data-preserver-spaces=\"true\">Im Gegensatz zu herk\u00f6mmlichen Keramikschalen verl\u00e4ngert das Silikonmaterial die Feuchtigkeitshaltezeit der Shisha und verhindert so ein vorzeitiges Austrocknen des Tabaks. Das beigef\u00fcgte HMD-W\u00e4rmemanagementger\u00e4t wurde von uns ebenfalls genial entwickelt, damit die Holzkohle brennen kann.\u00a0<\/span><span data-preserver-spaces=\"true\">vollst\u00e4ndig<\/span><span data-preserver-spaces=\"true\">\u00a0und sorgen f\u00fcr eine dauerhafte, gleichm\u00e4\u00dfige Erw\u00e4rmung. Auf diese Weise\u00a0<\/span><span data-preserver-spaces=\"true\">Sie<\/span><span data-preserver-spaces=\"true\">\u00a0k\u00f6nnen Sie nicht nur das Gl\u00fcck des volumin\u00f6sen, duftenden Rauchs genie\u00dfen, sondern auch Shisha und Holzkohle einsparen und Ihre Rauchzeit verl\u00e4ngern. Deshalb\u00a0<\/span><span data-preserver-spaces=\"true\">Sie<\/span><span data-preserver-spaces=\"true\">\u00a0kann die Shisha-Silikonschale bequem auf dem Heizger\u00e4t drehen. Die quer geschnittene Spitze und die L\u00fcftungsschlitze optimieren den Luftstrom f\u00fcr die sanftesten, leckersten Z\u00fcge aller Zeiten. Wie geil ist das denn!<\/span><\/p>\n<p><span data-preserver-spaces=\"true\">Reinigung\u00a0<\/span><span data-preserver-spaces=\"true\">weise<\/span><span data-preserver-spaces=\"true\">\u00a0<\/span><span data-preserver-spaces=\"true\">die<\/span><span data-preserver-spaces=\"true\">\u00a0Silikonmaterial des\u00a0<\/span><strong><span data-preserver-spaces=\"true\">Silikon<\/span><span data-preserver-spaces=\"true\">\u00a0Wasserpfeifenkopf<\/span><\/strong><span data-preserver-spaces=\"true\">\u00a0ist ebenfalls hervorragend und erfordert keine B\u00fcrsten oder andere Hilfsmittel, um R\u00fcckst\u00e4nde zu entfernen, sondern nur einfaches Absp\u00fclen.<\/span><\/p>\n<\/div>\n<div class=\"detailmodule_image\"><img decoding=\"async\" class=\"detail-desc-decorate-image\" style=\"margin-bottom: 10px;\" src=\"https:\/\/ae01.alicdn.com\/kf\/S338e7bcc8f4e4ebfa78b606438f10422v.jpg\" \/><img decoding=\"async\" class=\"detail-desc-decorate-image\" style=\"margin-bottom: 10px;\" src=\"https:\/\/ae01.alicdn.com\/kf\/S4de301e308e942a08f0bd76382e0e7eaH.jpg\" \/><img decoding=\"async\" class=\"detail-desc-decorate-image\" style=\"margin-bottom: 10px;\" src=\"https:\/\/ae01.alicdn.com\/kf\/S4b14faccd50a4326b378d2fed2bee25ek.jpg\" \/><img decoding=\"async\" class=\"detail-desc-decorate-image\" style=\"margin-bottom: 10px;\" src=\"https:\/\/ae01.alicdn.com\/kf\/Sa3b7aa655ee64469a1f44c00e300aeb3N.jpg\" \/><img decoding=\"async\" class=\"detail-desc-decorate-image\" style=\"margin-bottom: 10px;\" src=\"https:\/\/ae01.alicdn.com\/kf\/Sa1d02a4b221e4da98df901df340b22b0p.jpg\" \/><img decoding=\"async\" class=\"detail-desc-decorate-image\" style=\"margin-bottom: 10px;\" src=\"https:\/\/ae01.alicdn.com\/kf\/Sd221b7e7d0da4f6d91caa815141a29e31.jpg\" \/><\/div>\n<div class=\"detailmodule_image\"><img decoding=\"async\" class=\"detail-desc-decorate-image\" src=\"https:\/\/ae01.alicdn.com\/kf\/HTB1W7QfdgmTBuNjy1Xbq6yMrVXar.jpg\" \/><\/div>\n<div class=\"detailmodule_image\"><\/div>\n<p>&nbsp;<\/p>","protected":false},"excerpt":{"rendered":"<p>Als ich zum ersten Mal diese Silikon Wasserpfeife Sch\u00fcssel sah, f\u00fchlte ich mich sehr erstaunlich. Und das Silikonmaterial macht es sehr langlebig, so dass ich nicht haben<\/p>","protected":false},"featured_media":13258,"comment_status":"open","ping_status":"closed","template":"","meta":{"iawp_total_views":4,"_joinchat":[]},"product_brand":[],"product_cat":[370],"product_tag":[],"class_list":{"0":"post-13257","1":"product","2":"type-product","3":"status-publish","4":"has-post-thumbnail","6":"product_cat-hookah-bowl-wholesale","8":"first","9":"instock","10":"shipping-taxable","11":"product-type-external"},"yoast_head":"<!-- This site is optimized with the Yoast SEO Premium plugin v24.7 (Yoast SEO v26.8) - https:\/\/yoast.com\/product\/yoast-seo-premium-wordpress\/ -->\n<title>Silicone Hookah Bowl Wholesale - Global Hookah<\/title>\n<meta name=\"robots\" content=\"index, follow, max-snippet:-1, max-image-preview:large, max-video-preview:-1\" \/>\n<link rel=\"canonical\" href=\"https:\/\/global-hookah.com\/de\/produkt\/silicone-hookah-bowl-wholesale\/\" \/>\n<meta property=\"og:locale\" content=\"de_DE\" \/>\n<meta property=\"og:type\" content=\"article\" \/>\n<meta property=\"og:title\" content=\"Silicone Hookah Bowl Wholesale\" \/>\n<meta property=\"og:description\" content=\"When I first saw this\u00a0silicone hookah bowl, I felt very\u00a0amazing. And the silicone material makes it very durable, so I\u00a0don&#8217;t\u00a0have\" \/>\n<meta property=\"og:url\" content=\"https:\/\/global-hookah.com\/de\/produkt\/silicone-hookah-bowl-wholesale\/\" \/>\n<meta property=\"og:site_name\" content=\"Global Hookah\" \/>\n<meta property=\"article:modified_time\" content=\"2024-04-26T08:16:41+00:00\" \/>\n<meta property=\"og:image\" content=\"https:\/\/global-hookah.com\/wp-content\/uploads\/2023\/09\/Hookah-Silicone-Head-Bowl-With-Heat-Management-Shisha-Nargile-Sheesha-Narguile-Chicha-Cachimbas-Accessories.jpg\" \/>\n\t<meta property=\"og:image:width\" content=\"800\" \/>\n\t<meta property=\"og:image:height\" content=\"800\" \/>\n\t<meta property=\"og:image:type\" content=\"image\/jpeg\" \/>\n<meta name=\"twitter:card\" content=\"summary_large_image\" \/>\n<meta name=\"twitter:label1\" content=\"Gesch\u00e4tzte Lesezeit\" \/>\n\t<meta name=\"twitter:data1\" content=\"3\u00a0Minuten\" \/>\n<script type=\"application\/ld+json\" class=\"yoast-schema-graph\">{\"@context\":\"https:\/\/schema.org\",\"@graph\":[{\"@type\":\"WebPage\",\"@id\":\"https:\/\/global-hookah.com\/product\/silicone-hookah-bowl-wholesale\/\",\"url\":\"https:\/\/global-hookah.com\/product\/silicone-hookah-bowl-wholesale\/\",\"name\":\"Silicone Hookah Bowl Wholesale - Global Hookah\",\"isPartOf\":{\"@id\":\"https:\/\/global-hookah.com\/#website\"},\"primaryImageOfPage\":{\"@id\":\"https:\/\/global-hookah.com\/product\/silicone-hookah-bowl-wholesale\/#primaryimage\"},\"image\":{\"@id\":\"https:\/\/global-hookah.com\/product\/silicone-hookah-bowl-wholesale\/#primaryimage\"},\"thumbnailUrl\":\"https:\/\/global-hookah.com\/wp-content\/uploads\/2023\/09\/Hookah-Silicone-Head-Bowl-With-Heat-Management-Shisha-Nargile-Sheesha-Narguile-Chicha-Cachimbas-Accessories.jpg\",\"datePublished\":\"2023-09-02T14:07:01+00:00\",\"dateModified\":\"2024-04-26T08:16:41+00:00\",\"breadcrumb\":{\"@id\":\"https:\/\/global-hookah.com\/product\/silicone-hookah-bowl-wholesale\/#breadcrumb\"},\"inLanguage\":\"de\",\"potentialAction\":[{\"@type\":\"ReadAction\",\"target\":[\"https:\/\/global-hookah.com\/product\/silicone-hookah-bowl-wholesale\/\"]}]},{\"@type\":\"ImageObject\",\"inLanguage\":\"de\",\"@id\":\"https:\/\/global-hookah.com\/product\/silicone-hookah-bowl-wholesale\/#primaryimage\",\"url\":\"https:\/\/global-hookah.com\/wp-content\/uploads\/2023\/09\/Hookah-Silicone-Head-Bowl-With-Heat-Management-Shisha-Nargile-Sheesha-Narguile-Chicha-Cachimbas-Accessories.jpg\",\"contentUrl\":\"https:\/\/global-hookah.com\/wp-content\/uploads\/2023\/09\/Hookah-Silicone-Head-Bowl-With-Heat-Management-Shisha-Nargile-Sheesha-Narguile-Chicha-Cachimbas-Accessories.jpg\",\"width\":800,\"height\":800,\"caption\":\"Silicone Hookah Bowl Wholesale\"},{\"@type\":\"BreadcrumbList\",\"@id\":\"https:\/\/global-hookah.com\/product\/silicone-hookah-bowl-wholesale\/#breadcrumb\",\"itemListElement\":[{\"@type\":\"ListItem\",\"position\":1,\"name\":\"Home\",\"item\":\"https:\/\/global-hookah.com\/\"},{\"@type\":\"ListItem\",\"position\":2,\"name\":\"Shop\",\"item\":\"https:\/\/global-hookah.com\/shop\/\"},{\"@type\":\"ListItem\",\"position\":3,\"name\":\"Silicone Hookah Bowl Wholesale\"}]},{\"@type\":\"WebSite\",\"@id\":\"https:\/\/global-hookah.com\/#website\",\"url\":\"https:\/\/global-hookah.com\/\",\"name\":\"Global Hookah\",\"description\":\"Global Hookah\",\"publisher\":{\"@id\":\"https:\/\/global-hookah.com\/#organization\"},\"potentialAction\":[{\"@type\":\"SearchAction\",\"target\":{\"@type\":\"EntryPoint\",\"urlTemplate\":\"https:\/\/global-hookah.com\/?s={search_term_string}\"},\"query-input\":{\"@type\":\"PropertyValueSpecification\",\"valueRequired\":true,\"valueName\":\"search_term_string\"}}],\"inLanguage\":\"de\"},{\"@type\":\"Organization\",\"@id\":\"https:\/\/global-hookah.com\/#organization\",\"name\":\"Global Hookah\",\"url\":\"https:\/\/global-hookah.com\/\",\"logo\":{\"@type\":\"ImageObject\",\"inLanguage\":\"de\",\"@id\":\"https:\/\/global-hookah.com\/#\/schema\/logo\/image\/\",\"url\":\"https:\/\/global-hookah.com\/wp-content\/uploads\/2021\/10\/cropped-fgg.png\",\"contentUrl\":\"https:\/\/global-hookah.com\/wp-content\/uploads\/2021\/10\/cropped-fgg.png\",\"width\":512,\"height\":512,\"caption\":\"Global Hookah\"},\"image\":{\"@id\":\"https:\/\/global-hookah.com\/#\/schema\/logo\/image\/\"}}]}<\/script>\n<!-- \/ Yoast SEO Premium plugin. -->","yoast_head_json":{"title":"Silikon Wasserpfeife Sch\u00fcssel Gro\u00dfhandel - Global Hookah","robots":{"index":"index","follow":"follow","max-snippet":"max-snippet:-1","max-image-preview":"max-image-preview:large","max-video-preview":"max-video-preview:-1"},"canonical":"https:\/\/global-hookah.com\/de\/produkt\/silicone-hookah-bowl-wholesale\/","og_locale":"de_DE","og_type":"article","og_title":"Silicone Hookah Bowl Wholesale","og_description":"When I first saw this\u00a0silicone hookah bowl, I felt very\u00a0amazing. And the silicone material makes it very durable, so I\u00a0don&#8217;t\u00a0have","og_url":"https:\/\/global-hookah.com\/de\/produkt\/silicone-hookah-bowl-wholesale\/","og_site_name":"Global Hookah","article_modified_time":"2024-04-26T08:16:41+00:00","og_image":[{"width":800,"height":800,"url":"https:\/\/global-hookah.com\/wp-content\/uploads\/2023\/09\/Hookah-Silicone-Head-Bowl-With-Heat-Management-Shisha-Nargile-Sheesha-Narguile-Chicha-Cachimbas-Accessories.jpg","type":"image\/jpeg"}],"twitter_card":"summary_large_image","twitter_misc":{"Gesch\u00e4tzte Lesezeit":"3\u00a0Minuten"},"schema":{"@context":"https:\/\/schema.org","@graph":[{"@type":"WebPage","@id":"https:\/\/global-hookah.com\/product\/silicone-hookah-bowl-wholesale\/","url":"https:\/\/global-hookah.com\/product\/silicone-hookah-bowl-wholesale\/","name":"Silikon Wasserpfeife Sch\u00fcssel Gro\u00dfhandel - Global Hookah","isPartOf":{"@id":"https:\/\/global-hookah.com\/#website"},"primaryImageOfPage":{"@id":"https:\/\/global-hookah.com\/product\/silicone-hookah-bowl-wholesale\/#primaryimage"},"image":{"@id":"https:\/\/global-hookah.com\/product\/silicone-hookah-bowl-wholesale\/#primaryimage"},"thumbnailUrl":"https:\/\/global-hookah.com\/wp-content\/uploads\/2023\/09\/Hookah-Silicone-Head-Bowl-With-Heat-Management-Shisha-Nargile-Sheesha-Narguile-Chicha-Cachimbas-Accessories.jpg","datePublished":"2023-09-02T14:07:01+00:00","dateModified":"2024-04-26T08:16:41+00:00","breadcrumb":{"@id":"https:\/\/global-hookah.com\/product\/silicone-hookah-bowl-wholesale\/#breadcrumb"},"inLanguage":"de","potentialAction":[{"@type":"ReadAction","target":["https:\/\/global-hookah.com\/product\/silicone-hookah-bowl-wholesale\/"]}]},{"@type":"ImageObject","inLanguage":"de","@id":"https:\/\/global-hookah.com\/product\/silicone-hookah-bowl-wholesale\/#primaryimage","url":"https:\/\/global-hookah.com\/wp-content\/uploads\/2023\/09\/Hookah-Silicone-Head-Bowl-With-Heat-Management-Shisha-Nargile-Sheesha-Narguile-Chicha-Cachimbas-Accessories.jpg","contentUrl":"https:\/\/global-hookah.com\/wp-content\/uploads\/2023\/09\/Hookah-Silicone-Head-Bowl-With-Heat-Management-Shisha-Nargile-Sheesha-Narguile-Chicha-Cachimbas-Accessories.jpg","width":800,"height":800,"caption":"Silicone Hookah Bowl Wholesale"},{"@type":"BreadcrumbList","@id":"https:\/\/global-hookah.com\/product\/silicone-hookah-bowl-wholesale\/#breadcrumb","itemListElement":[{"@type":"ListItem","position":1,"name":"Home","item":"https:\/\/global-hookah.com\/"},{"@type":"ListItem","position":2,"name":"Shop","item":"https:\/\/global-hookah.com\/shop\/"},{"@type":"ListItem","position":3,"name":"Silicone Hookah Bowl Wholesale"}]},{"@type":"WebSite","@id":"https:\/\/global-hookah.com\/#website","url":"https:\/\/global-hookah.com\/","name":"Globale Wasserpfeife","description":"Globale Wasserpfeife","publisher":{"@id":"https:\/\/global-hookah.com\/#organization"},"potentialAction":[{"@type":"SearchAction","target":{"@type":"EntryPoint","urlTemplate":"https:\/\/global-hookah.com\/?s={search_term_string}"},"query-input":{"@type":"PropertyValueSpecification","valueRequired":true,"valueName":"search_term_string"}}],"inLanguage":"de"},{"@type":"Organization","@id":"https:\/\/global-hookah.com\/#organization","name":"Globale Wasserpfeife","url":"https:\/\/global-hookah.com\/","logo":{"@type":"ImageObject","inLanguage":"de","@id":"https:\/\/global-hookah.com\/#\/schema\/logo\/image\/","url":"https:\/\/global-hookah.com\/wp-content\/uploads\/2021\/10\/cropped-fgg.png","contentUrl":"https:\/\/global-hookah.com\/wp-content\/uploads\/2021\/10\/cropped-fgg.png","width":512,"height":512,"caption":"Global Hookah"},"image":{"@id":"https:\/\/global-hookah.com\/#\/schema\/logo\/image\/"}}]}},"_links":{"self":[{"href":"https:\/\/global-hookah.com\/de\/wp-json\/wp\/v2\/product\/13257","targetHints":{"allow":["GET"]}}],"collection":[{"href":"https:\/\/global-hookah.com\/de\/wp-json\/wp\/v2\/product"}],"about":[{"href":"https:\/\/global-hookah.com\/de\/wp-json\/wp\/v2\/types\/product"}],"replies":[{"embeddable":true,"href":"https:\/\/global-hookah.com\/de\/wp-json\/wp\/v2\/comments?post=13257"}],"version-history":[{"count":0,"href":"https:\/\/global-hookah.com\/de\/wp-json\/wp\/v2\/product\/13257\/revisions"}],"wp:featuredmedia":[{"embeddable":true,"href":"https:\/\/global-hookah.com\/de\/wp-json\/wp\/v2\/media\/13258"}],"wp:attachment":[{"href":"https:\/\/global-hookah.com\/de\/wp-json\/wp\/v2\/media?parent=13257"}],"wp:term":[{"taxonomy":"product_brand","embeddable":true,"href":"https:\/\/global-hookah.com\/de\/wp-json\/wp\/v2\/product_brand?post=13257"},{"taxonomy":"product_cat","embeddable":true,"href":"https:\/\/global-hookah.com\/de\/wp-json\/wp\/v2\/product_cat?post=13257"},{"taxonomy":"product_tag","embeddable":true,"href":"https:\/\/global-hookah.com\/de\/wp-json\/wp\/v2\/product_tag?post=13257"}],"curies":[{"name":"wp","href":"https:\/\/api.w.org\/{rel}","templated":true}]}}