{"id":13266,"date":"2023-09-02T14:08:36","date_gmt":"2023-09-02T14:08:36","guid":{"rendered":"https:\/\/global-hookah.com\/product\/pink-4-holes-ceramic-hookah-shisha-bowl-wholesale\/"},"modified":"2023-09-02T14:08:40","modified_gmt":"2023-09-02T14:08:40","slug":"pink-4-holes-ceramic-hookah-shisha-bowl-wholesale","status":"publish","type":"product","link":"https:\/\/global-hookah.com\/de\/produkt\/pink-4-holes-ceramic-hookah-shisha-bowl-wholesale\/","title":{"rendered":"Rosa 4 L\u00f6cher keramische Wasserpfeife Shisha Sch\u00fcssel Gro\u00dfhandel"},"content":{"rendered":"<div class=\"product-specs-list-container\">\n<ul class=\"product-specs-list util-clearfix\">\n<li class=\"product-prop line-limit-length\"><span\n                                    class=\"property-title\">Modellnummer:&nbsp;<\/span><span\n                                    class=\"property-desc line-limit-length\">CH1811<\/span>\n                        <\/li>\n<li class=\"product-prop line-limit-length\"><span\n                                    class=\"property-title\">Die Form:&nbsp;<\/span><span\n                                    class=\"property-desc line-limit-length\">Freier Typ<\/span>\n                        <\/li>\n<li class=\"product-prop line-limit-length\"><span\n                                    class=\"property-title\">Die Technik:&nbsp;<\/span><span\n                                    class=\"property-desc line-limit-length\">Lack<\/span>\n                        <\/li>\n<li class=\"product-prop line-limit-length\"><span\n                                    class=\"property-title\">Material:&nbsp;<\/span><span\n                                    class=\"property-desc line-limit-length\">Keramik<\/span>\n                        <\/li>\n<li class=\"product-prop line-limit-length\"><span\n                                    class=\"property-title\">Herkunft:&nbsp;<\/span><span\n                                    class=\"property-desc line-limit-length\">Festland China<\/span>\n                        <\/li>\n<li class=\"product-prop line-limit-length\"><span\n                                    class=\"property-title\">Farbe:&nbsp;<\/span><span\n                                    class=\"property-desc line-limit-length\">Rosa<\/span>\n                        <\/li>\n<li class=\"product-prop line-limit-length\"><span\n                                    class=\"property-title\">Entwurf:&nbsp;<\/span><span\n                                    class=\"property-desc line-limit-length\">Farbe<\/span>\n                        <\/li>\n<li class=\"product-prop line-limit-length\"><span\n                                    class=\"property-title\">Verwendung:&nbsp;<\/span><span\n                                    class=\"property-desc line-limit-length\">Bar, Cafe, Party<\/span>\n                        <\/li>\n<li class=\"product-prop line-limit-length\"><span\n                                    class=\"property-title\">Oberer Durchmesser:&nbsp;<\/span><span\n                                    class=\"property-desc line-limit-length\">Etwa 8 cm<\/span>\n                        <\/li>\n<li class=\"product-prop line-limit-length\"><span\n                                    class=\"property-title\">Unterer Durchmesser:&nbsp;<\/span><span\n                                    class=\"property-desc line-limit-length\">Etwa 5,2 cm<\/span>\n                        <\/li>\n<li class=\"product-prop line-limit-length\"><span\n                                    class=\"property-title\">Innendurchmesser des Bodens:&nbsp;<\/span><span\n                                    class=\"property-desc line-limit-length\">Etwa 25 mm<\/span>\n                        <\/li>\n<li class=\"product-prop line-limit-length\"><span\n                                    class=\"property-title\">H\u00f6he:&nbsp;<\/span><span\n                                    class=\"property-desc line-limit-length\">Etwa 10,5 cm<\/span>\n                        <\/li>\n<li class=\"product-prop line-limit-length\"><span\n                                    class=\"property-title\">Gewicht:&nbsp;<\/span><span\n                                    class=\"property-desc line-limit-length\">Etwa 224g<\/span>\n                        <\/li>\n<li class=\"product-prop line-limit-length\"><span\n                                    class=\"property-title\">Was:&nbsp;<\/span><span\n                                    class=\"property-desc line-limit-length\">Wasserpfeifen-Zubeh\u00f6r<\/span>\n                        <\/li>\n<li class=\"product-prop line-limit-length\"><span\n                                    class=\"property-title\">Vorteil:&nbsp;<\/span><span\n                                    class=\"property-desc line-limit-length\">Sauber, komfortabel und umweltfreundlich<\/span>\n                        <\/li>\n<li class=\"product-prop line-limit-length\"><span\n                                    class=\"property-title\">Paket:&nbsp;<\/span><span\n                                    class=\"property-desc line-limit-length\">Box<\/span>\n                        <\/li>\n<\/ul><\/div>\n<div><a href=\"https:\/\/www.aliexpress.com\/item\/4000598076035.html?spm=5261.ProductManageOnline.0.0.4cda4edfha3ZDf\" target=\"_self\" class=\"\" rel=\"noopener nofollow\"><img decoding=\"async\" style=\"margin-bottom:10px\" src=\"https:\/\/ae01.alicdn.com\/kf\/S4eb9cd5da13c4c959284e8a3fe87c413d.jpg\" slate-data-type=\"image\"\/><\/a><\/div>\n<div><img decoding=\"async\" style=\"margin-bottom:10px\" src=\"https:\/\/ae01.alicdn.com\/kf\/Se0146f093ae54603bc948e54510e59bd6.jpg\" slate-data-type=\"image\"\/><img decoding=\"async\" style=\"margin-bottom:10px\" src=\"https:\/\/ae01.alicdn.com\/kf\/S9c923dc86e1d434eb12e9d1d4f646627N.jpg\" slate-data-type=\"image\"\/><img decoding=\"async\" style=\"margin-bottom:10px\" src=\"https:\/\/ae01.alicdn.com\/kf\/Sd1451379b2824377a44480d692ba3123q.jpg\" slate-data-type=\"image\"\/><img decoding=\"async\" style=\"margin-bottom:10px\" src=\"https:\/\/ae01.alicdn.com\/kf\/Sddb34cd7064c44abb99329aae97cae50r.jpg\" slate-data-type=\"image\"\/><img decoding=\"async\" style=\"margin-bottom:10px\" src=\"https:\/\/ae01.alicdn.com\/kf\/S770a71e1af914e5f8f6d0d62e6acee7d7.jpg\" slate-data-type=\"image\"\/><img decoding=\"async\" style=\"margin-bottom:10px\" src=\"https:\/\/ae01.alicdn.com\/kf\/S27ca31a62e864bdcb8263168a4a63705C.jpg\" slate-data-type=\"image\"\/><img decoding=\"async\" style=\"margin-bottom:10px\" src=\"https:\/\/ae01.alicdn.com\/kf\/S8f943f472f1143b181a4085a3798d8f5A.jpg\" slate-data-type=\"image\"\/><\/div>\n<div><img decoding=\"async\" src=\"https:\/\/ae01.alicdn.com\/kf\/Hcbce2774ccb24e2886b1f960515ef65c5.jpg\" slate-data-type=\"image\"\/><img decoding=\"async\" src=\"https:\/\/ae01.alicdn.com\/kf\/H112b5d9620a54f65b6138d913ed6e6912.jpg\" slate-data-type=\"image\"\/><\/div>\n<p><\/p>","protected":false},"excerpt":{"rendered":"<p>Modellnummer: CH1811 Form: Freier Typ Technik: Lackierung Material: Keramik Herkunft: Festland China Farbe: Rosa Design: Farbe Verwendung: Bar, Cafe, Party Oberer Durchmesser: Ungef\u00e4hr 8cm Unterer Durchmesser: Ungef\u00e4hr 5.2cm Unten<\/p>","protected":false},"featured_media":13267,"comment_status":"open","ping_status":"closed","template":"","meta":{"iawp_total_views":0,"_joinchat":[]},"product_brand":[],"product_cat":[370],"product_tag":[],"class_list":{"0":"post-13266","1":"product","2":"type-product","3":"status-publish","4":"has-post-thumbnail","6":"product_cat-hookah-bowl-wholesale","8":"first","9":"instock","10":"sale","11":"shipping-taxable","12":"purchasable","13":"product-type-variable"},"yoast_head":"<!-- This site is optimized with the Yoast SEO Premium plugin v24.7 (Yoast SEO v26.8) - https:\/\/yoast.com\/product\/yoast-seo-premium-wordpress\/ -->\n<title>Pink 4 Holes Ceramic Hookah Shisha Bowl Wholesale - Global Hookah<\/title>\n<meta name=\"robots\" content=\"index, follow, max-snippet:-1, max-image-preview:large, max-video-preview:-1\" \/>\n<link rel=\"canonical\" href=\"https:\/\/global-hookah.com\/de\/produkt\/pink-4-holes-ceramic-hookah-shisha-bowl-wholesale\/\" \/>\n<meta property=\"og:locale\" content=\"de_DE\" \/>\n<meta property=\"og:type\" content=\"article\" \/>\n<meta property=\"og:title\" content=\"Pink 4 Holes Ceramic Hookah Shisha Bowl Wholesale\" \/>\n<meta property=\"og:description\" content=\"Model Number:&nbsp;CH1811 Shape:&nbsp;Free Type Technics:&nbsp;Lacquer Material:&nbsp;Ceramic Origin:&nbsp;Mainland China Color:&nbsp;Pink Design:&nbsp;Paint Use:&nbsp;Bar, cafe, party Upper diameter:&nbsp;About 8cm Bottom diameter:&nbsp;About 5.2cm Bottom\" \/>\n<meta property=\"og:url\" content=\"https:\/\/global-hookah.com\/de\/produkt\/pink-4-holes-ceramic-hookah-shisha-bowl-wholesale\/\" \/>\n<meta property=\"og:site_name\" content=\"Global Hookah\" \/>\n<meta property=\"article:modified_time\" content=\"2023-09-02T14:08:40+00:00\" \/>\n<meta property=\"og:image\" content=\"https:\/\/global-hookah.com\/wp-content\/uploads\/2023\/09\/New-4-Holes-Ceramic-Hookah-Shisha-Bowl-Chicha-Head-Water-Pipe-Charcoal-Holder-Shisha-Cachimbas-Smoking.jpg\" \/>\n\t<meta property=\"og:image:width\" content=\"800\" \/>\n\t<meta property=\"og:image:height\" content=\"800\" \/>\n\t<meta property=\"og:image:type\" content=\"image\/jpeg\" \/>\n<meta name=\"twitter:card\" content=\"summary_large_image\" \/>\n<script type=\"application\/ld+json\" class=\"yoast-schema-graph\">{\"@context\":\"https:\/\/schema.org\",\"@graph\":[{\"@type\":\"WebPage\",\"@id\":\"https:\/\/global-hookah.com\/product\/pink-4-holes-ceramic-hookah-shisha-bowl-wholesale\/\",\"url\":\"https:\/\/global-hookah.com\/product\/pink-4-holes-ceramic-hookah-shisha-bowl-wholesale\/\",\"name\":\"Pink 4 Holes Ceramic Hookah Shisha Bowl Wholesale - Global Hookah\",\"isPartOf\":{\"@id\":\"https:\/\/global-hookah.com\/#website\"},\"primaryImageOfPage\":{\"@id\":\"https:\/\/global-hookah.com\/product\/pink-4-holes-ceramic-hookah-shisha-bowl-wholesale\/#primaryimage\"},\"image\":{\"@id\":\"https:\/\/global-hookah.com\/product\/pink-4-holes-ceramic-hookah-shisha-bowl-wholesale\/#primaryimage\"},\"thumbnailUrl\":\"https:\/\/global-hookah.com\/wp-content\/uploads\/2023\/09\/New-4-Holes-Ceramic-Hookah-Shisha-Bowl-Chicha-Head-Water-Pipe-Charcoal-Holder-Shisha-Cachimbas-Smoking.jpg\",\"datePublished\":\"2023-09-02T14:08:36+00:00\",\"dateModified\":\"2023-09-02T14:08:40+00:00\",\"breadcrumb\":{\"@id\":\"https:\/\/global-hookah.com\/product\/pink-4-holes-ceramic-hookah-shisha-bowl-wholesale\/#breadcrumb\"},\"inLanguage\":\"de\",\"potentialAction\":[{\"@type\":\"ReadAction\",\"target\":[\"https:\/\/global-hookah.com\/product\/pink-4-holes-ceramic-hookah-shisha-bowl-wholesale\/\"]}]},{\"@type\":\"ImageObject\",\"inLanguage\":\"de\",\"@id\":\"https:\/\/global-hookah.com\/product\/pink-4-holes-ceramic-hookah-shisha-bowl-wholesale\/#primaryimage\",\"url\":\"https:\/\/global-hookah.com\/wp-content\/uploads\/2023\/09\/New-4-Holes-Ceramic-Hookah-Shisha-Bowl-Chicha-Head-Water-Pipe-Charcoal-Holder-Shisha-Cachimbas-Smoking.jpg\",\"contentUrl\":\"https:\/\/global-hookah.com\/wp-content\/uploads\/2023\/09\/New-4-Holes-Ceramic-Hookah-Shisha-Bowl-Chicha-Head-Water-Pipe-Charcoal-Holder-Shisha-Cachimbas-Smoking.jpg\",\"width\":800,\"height\":800},{\"@type\":\"BreadcrumbList\",\"@id\":\"https:\/\/global-hookah.com\/product\/pink-4-holes-ceramic-hookah-shisha-bowl-wholesale\/#breadcrumb\",\"itemListElement\":[{\"@type\":\"ListItem\",\"position\":1,\"name\":\"Home\",\"item\":\"https:\/\/global-hookah.com\/\"},{\"@type\":\"ListItem\",\"position\":2,\"name\":\"Shop\",\"item\":\"https:\/\/global-hookah.com\/shop\/\"},{\"@type\":\"ListItem\",\"position\":3,\"name\":\"Pink 4 Holes Ceramic Hookah Shisha Bowl Wholesale\"}]},{\"@type\":\"WebSite\",\"@id\":\"https:\/\/global-hookah.com\/#website\",\"url\":\"https:\/\/global-hookah.com\/\",\"name\":\"Global Hookah\",\"description\":\"Global Hookah\",\"publisher\":{\"@id\":\"https:\/\/global-hookah.com\/#organization\"},\"potentialAction\":[{\"@type\":\"SearchAction\",\"target\":{\"@type\":\"EntryPoint\",\"urlTemplate\":\"https:\/\/global-hookah.com\/?s={search_term_string}\"},\"query-input\":{\"@type\":\"PropertyValueSpecification\",\"valueRequired\":true,\"valueName\":\"search_term_string\"}}],\"inLanguage\":\"de\"},{\"@type\":\"Organization\",\"@id\":\"https:\/\/global-hookah.com\/#organization\",\"name\":\"Global Hookah\",\"url\":\"https:\/\/global-hookah.com\/\",\"logo\":{\"@type\":\"ImageObject\",\"inLanguage\":\"de\",\"@id\":\"https:\/\/global-hookah.com\/#\/schema\/logo\/image\/\",\"url\":\"https:\/\/global-hookah.com\/wp-content\/uploads\/2021\/10\/cropped-fgg.png\",\"contentUrl\":\"https:\/\/global-hookah.com\/wp-content\/uploads\/2021\/10\/cropped-fgg.png\",\"width\":512,\"height\":512,\"caption\":\"Global Hookah\"},\"image\":{\"@id\":\"https:\/\/global-hookah.com\/#\/schema\/logo\/image\/\"}}]}<\/script>\n<!-- \/ Yoast SEO Premium plugin. -->","yoast_head_json":{"title":"Rosa 4 L\u00f6cher keramische Wasserpfeife Shisha Sch\u00fcssel Gro\u00dfhandel - Global Hookah","robots":{"index":"index","follow":"follow","max-snippet":"max-snippet:-1","max-image-preview":"max-image-preview:large","max-video-preview":"max-video-preview:-1"},"canonical":"https:\/\/global-hookah.com\/de\/produkt\/pink-4-holes-ceramic-hookah-shisha-bowl-wholesale\/","og_locale":"de_DE","og_type":"article","og_title":"Pink 4 Holes Ceramic Hookah Shisha Bowl Wholesale","og_description":"Model Number:&nbsp;CH1811 Shape:&nbsp;Free Type Technics:&nbsp;Lacquer Material:&nbsp;Ceramic Origin:&nbsp;Mainland China Color:&nbsp;Pink Design:&nbsp;Paint Use:&nbsp;Bar, cafe, party Upper diameter:&nbsp;About 8cm Bottom diameter:&nbsp;About 5.2cm Bottom","og_url":"https:\/\/global-hookah.com\/de\/produkt\/pink-4-holes-ceramic-hookah-shisha-bowl-wholesale\/","og_site_name":"Global Hookah","article_modified_time":"2023-09-02T14:08:40+00:00","og_image":[{"width":800,"height":800,"url":"https:\/\/global-hookah.com\/wp-content\/uploads\/2023\/09\/New-4-Holes-Ceramic-Hookah-Shisha-Bowl-Chicha-Head-Water-Pipe-Charcoal-Holder-Shisha-Cachimbas-Smoking.jpg","type":"image\/jpeg"}],"twitter_card":"summary_large_image","schema":{"@context":"https:\/\/schema.org","@graph":[{"@type":"WebPage","@id":"https:\/\/global-hookah.com\/product\/pink-4-holes-ceramic-hookah-shisha-bowl-wholesale\/","url":"https:\/\/global-hookah.com\/product\/pink-4-holes-ceramic-hookah-shisha-bowl-wholesale\/","name":"Rosa 4 L\u00f6cher keramische Wasserpfeife Shisha Sch\u00fcssel Gro\u00dfhandel - Global Hookah","isPartOf":{"@id":"https:\/\/global-hookah.com\/#website"},"primaryImageOfPage":{"@id":"https:\/\/global-hookah.com\/product\/pink-4-holes-ceramic-hookah-shisha-bowl-wholesale\/#primaryimage"},"image":{"@id":"https:\/\/global-hookah.com\/product\/pink-4-holes-ceramic-hookah-shisha-bowl-wholesale\/#primaryimage"},"thumbnailUrl":"https:\/\/global-hookah.com\/wp-content\/uploads\/2023\/09\/New-4-Holes-Ceramic-Hookah-Shisha-Bowl-Chicha-Head-Water-Pipe-Charcoal-Holder-Shisha-Cachimbas-Smoking.jpg","datePublished":"2023-09-02T14:08:36+00:00","dateModified":"2023-09-02T14:08:40+00:00","breadcrumb":{"@id":"https:\/\/global-hookah.com\/product\/pink-4-holes-ceramic-hookah-shisha-bowl-wholesale\/#breadcrumb"},"inLanguage":"de","potentialAction":[{"@type":"ReadAction","target":["https:\/\/global-hookah.com\/product\/pink-4-holes-ceramic-hookah-shisha-bowl-wholesale\/"]}]},{"@type":"ImageObject","inLanguage":"de","@id":"https:\/\/global-hookah.com\/product\/pink-4-holes-ceramic-hookah-shisha-bowl-wholesale\/#primaryimage","url":"https:\/\/global-hookah.com\/wp-content\/uploads\/2023\/09\/New-4-Holes-Ceramic-Hookah-Shisha-Bowl-Chicha-Head-Water-Pipe-Charcoal-Holder-Shisha-Cachimbas-Smoking.jpg","contentUrl":"https:\/\/global-hookah.com\/wp-content\/uploads\/2023\/09\/New-4-Holes-Ceramic-Hookah-Shisha-Bowl-Chicha-Head-Water-Pipe-Charcoal-Holder-Shisha-Cachimbas-Smoking.jpg","width":800,"height":800},{"@type":"BreadcrumbList","@id":"https:\/\/global-hookah.com\/product\/pink-4-holes-ceramic-hookah-shisha-bowl-wholesale\/#breadcrumb","itemListElement":[{"@type":"ListItem","position":1,"name":"Home","item":"https:\/\/global-hookah.com\/"},{"@type":"ListItem","position":2,"name":"Shop","item":"https:\/\/global-hookah.com\/shop\/"},{"@type":"ListItem","position":3,"name":"Pink 4 Holes Ceramic Hookah Shisha Bowl Wholesale"}]},{"@type":"WebSite","@id":"https:\/\/global-hookah.com\/#website","url":"https:\/\/global-hookah.com\/","name":"Globale Wasserpfeife","description":"Globale Wasserpfeife","publisher":{"@id":"https:\/\/global-hookah.com\/#organization"},"potentialAction":[{"@type":"SearchAction","target":{"@type":"EntryPoint","urlTemplate":"https:\/\/global-hookah.com\/?s={search_term_string}"},"query-input":{"@type":"PropertyValueSpecification","valueRequired":true,"valueName":"search_term_string"}}],"inLanguage":"de"},{"@type":"Organization","@id":"https:\/\/global-hookah.com\/#organization","name":"Globale Wasserpfeife","url":"https:\/\/global-hookah.com\/","logo":{"@type":"ImageObject","inLanguage":"de","@id":"https:\/\/global-hookah.com\/#\/schema\/logo\/image\/","url":"https:\/\/global-hookah.com\/wp-content\/uploads\/2021\/10\/cropped-fgg.png","contentUrl":"https:\/\/global-hookah.com\/wp-content\/uploads\/2021\/10\/cropped-fgg.png","width":512,"height":512,"caption":"Global Hookah"},"image":{"@id":"https:\/\/global-hookah.com\/#\/schema\/logo\/image\/"}}]}},"_links":{"self":[{"href":"https:\/\/global-hookah.com\/de\/wp-json\/wp\/v2\/product\/13266","targetHints":{"allow":["GET"]}}],"collection":[{"href":"https:\/\/global-hookah.com\/de\/wp-json\/wp\/v2\/product"}],"about":[{"href":"https:\/\/global-hookah.com\/de\/wp-json\/wp\/v2\/types\/product"}],"replies":[{"embeddable":true,"href":"https:\/\/global-hookah.com\/de\/wp-json\/wp\/v2\/comments?post=13266"}],"version-history":[{"count":0,"href":"https:\/\/global-hookah.com\/de\/wp-json\/wp\/v2\/product\/13266\/revisions"}],"wp:featuredmedia":[{"embeddable":true,"href":"https:\/\/global-hookah.com\/de\/wp-json\/wp\/v2\/media\/13267"}],"wp:attachment":[{"href":"https:\/\/global-hookah.com\/de\/wp-json\/wp\/v2\/media?parent=13266"}],"wp:term":[{"taxonomy":"product_brand","embeddable":true,"href":"https:\/\/global-hookah.com\/de\/wp-json\/wp\/v2\/product_brand?post=13266"},{"taxonomy":"product_cat","embeddable":true,"href":"https:\/\/global-hookah.com\/de\/wp-json\/wp\/v2\/product_cat?post=13266"},{"taxonomy":"product_tag","embeddable":true,"href":"https:\/\/global-hookah.com\/de\/wp-json\/wp\/v2\/product_tag?post=13266"}],"curies":[{"name":"wp","href":"https:\/\/api.w.org\/{rel}","templated":true}]}}