{"id":13284,"date":"2023-09-02T14:13:14","date_gmt":"2023-09-02T14:13:14","guid":{"rendered":"https:\/\/global-hookah.com\/product\/12mmarabic-hookah-large-shisha-bowl-wholesale\/"},"modified":"2023-09-02T14:13:18","modified_gmt":"2023-09-02T14:13:18","slug":"12mmarabic-hookah-large-shisha-bowl-wholesale","status":"publish","type":"product","link":"https:\/\/global-hookah.com\/de\/produkt\/12mmarabic-hookah-large-shisha-bowl-wholesale\/","title":{"rendered":"12mmArabische Wasserpfeife Gro\u00dfe Shisha Schale Gro\u00dfhandel"},"content":{"rendered":"<div class=\"product-specs-list-container\">\n<ul class=\"product-specs-list util-clearfix\">\n<li class=\"product-prop line-limit-length\"><span\n                                    class=\"property-title\">Modellnummer:&nbsp;<\/span><span\n                                    class=\"property-desc line-limit-length\">b10135<\/span>\n                        <\/li>\n<li class=\"product-prop line-limit-length\"><span\n                                    class=\"property-title\">Die Form:&nbsp;<\/span><span\n                                    class=\"property-desc line-limit-length\">Freier Typ<\/span>\n                        <\/li>\n<li class=\"product-prop line-limit-length\"><span\n                                    class=\"property-title\">Die Technik:&nbsp;<\/span><span\n                                    class=\"property-desc line-limit-length\">SPIEGEL<\/span>\n                        <\/li>\n<li class=\"product-prop line-limit-length\"><span\n                                    class=\"property-title\">Material:&nbsp;<\/span><span\n                                    class=\"property-desc line-limit-length\">Keramik<\/span>\n                        <\/li>\n<li class=\"product-prop line-limit-length\"><span\n                                    class=\"property-title\">Herkunft:&nbsp;<\/span><span\n                                    class=\"property-desc line-limit-length\">Festland China<\/span>\n                        <\/li>\n<li class=\"product-prop line-limit-length\"><span\n                                    class=\"property-title\">Name:&nbsp;<\/span><span\n                                    class=\"property-desc line-limit-length\">Rauchtopf<\/span>\n                        <\/li>\n<li class=\"product-prop line-limit-length\"><span\n                                    class=\"property-title\">Verwendung:&nbsp;<\/span><span\n                                    class=\"property-desc line-limit-length\">Tabaksdose<\/span>\n                        <\/li>\n<li class=\"product-prop line-limit-length\"><span\n                                    class=\"property-title\">Verwendung1:&nbsp;<\/span><span\n                                    class=\"property-desc line-limit-length\">Wasserpfeifen-Schale<\/span>\n                        <\/li>\n<li class=\"product-prop line-limit-length\"><span\n                                    class=\"property-title\">Verwendung2:&nbsp;<\/span><span\n                                    class=\"property-desc line-limit-length\">Wasserpfeife<\/span>\n                        <\/li>\n<li class=\"product-prop line-limit-length\"><span\n                                    class=\"property-title\">Verwendung3:&nbsp;<\/span><span\n                                    class=\"property-desc line-limit-length\">Shisha<\/span>\n                        <\/li>\n<li class=\"product-prop line-limit-length\"><span\n                                    class=\"property-title\">Verwendung4:&nbsp;<\/span><span\n                                    class=\"property-desc line-limit-length\">Vaporesso<\/span>\n                        <\/li>\n<li class=\"product-prop line-limit-length\"><span\n                                    class=\"property-title\">Verwendung5:&nbsp;<\/span><span\n                                    class=\"property-desc line-limit-length\">Smok<\/span>\n                        <\/li>\n<li class=\"product-prop line-limit-length\"><span\n                                    class=\"property-title\">Verwendung6:&nbsp;<\/span><span\n                                    class=\"property-desc line-limit-length\">Sky solo plus<\/span>\n                        <\/li>\n<\/ul><\/div>\n<div id=\"offer-template-0\"><kse:widget data-widget-type=\"customText\" id=\"1005000000988552\" type=\"relation\"><\/kse:widget><\/div>\n<p><span style=\"font-size:24px\">Shisha Schale Arabischer Wasserpfeifenkopf Keramischer Rauchtopf Trichter Nargile Sheesha Pods Chicha Zubeh\u00f6r Vaporesso Rauchpfeife Dab Rig<\/span><\/p>\n<p><span style=\"font-size:22px\">Name: Keramischer R\u00e4ucherschrank<\/span><\/p>\n<p><span style=\"font-size:22px\">Typ Nr.: HY0344<\/span><\/p>\n<p><span style=\"font-size:22px\">Gewicht: 0,24 kg (mit Box)<\/span><\/p>\n<p><span style=\"font-size:22px\">Produktgr\u00f6\u00dfe: 7.7*7.7*12cm<\/span><\/p>\n<p><img fetchpriority=\"high\" decoding=\"async\" width=\"790\" height=\"790\" src=\"https:\/\/ae01.alicdn.com\/kf\/S78b96c7595c04dea91e9b5f0cfa01272y.jpg\" slate-data-type=\"image\"\/><span style=\"font-size:22pt\"><\/p>\n<p><\/span><img decoding=\"async\" width=\"790\" height=\"790\" src=\"https:\/\/ae01.alicdn.com\/kf\/S13b49d2b14054623bae4844518342f44J.jpg\" slate-data-type=\"image\"\/><span style=\"font-size:22pt\"><\/p>\n<p><\/span><img decoding=\"async\" width=\"790\" height=\"790\" src=\"https:\/\/ae01.alicdn.com\/kf\/Sb3cf5aaad9c74adf8878d27339e527f6k.jpg\" slate-data-type=\"image\"\/><span style=\"font-size:22pt\"><\/p>\n<p><\/span><img loading=\"lazy\" decoding=\"async\" width=\"790\" height=\"790\" src=\"https:\/\/ae01.alicdn.com\/kf\/Sf955747514b749f99d110083b2fb152dv.jpg\" slate-data-type=\"image\"\/><span style=\"font-size:22pt\"><\/p>\n<p><\/span><img loading=\"lazy\" decoding=\"async\" width=\"790\" height=\"790\" src=\"https:\/\/ae01.alicdn.com\/kf\/S47257b408e614eb582d96db2a4442856a.jpg\" slate-data-type=\"image\"\/><span style=\"font-size:22pt\"><\/p>\n<p><\/span><\/p>\n<p><\/p>","protected":false},"excerpt":{"rendered":"<p>Modellnummer: b10135 Form: Freier Typ Technik: SPIEGEL Material: Keramik Herkunft: Festland China Name: Smoke Pot Verwendung: Tabakschale Verwendung1: Hookah-Schale Verwendung2: Hookah Verwendung3: Shisha Verwendung4: Vaporesso Verwendung5: Smok Verwendung6: Sky solo<\/p>","protected":false},"featured_media":13285,"comment_status":"open","ping_status":"closed","template":"","meta":{"iawp_total_views":0,"_joinchat":[]},"product_brand":[],"product_cat":[370],"product_tag":[],"class_list":{"0":"post-13284","1":"product","2":"type-product","3":"status-publish","4":"has-post-thumbnail","6":"product_cat-hookah-bowl-wholesale","8":"first","9":"instock","10":"shipping-taxable","11":"purchasable","12":"product-type-variable"},"yoast_head":"<!-- This site is optimized with the Yoast SEO Premium plugin v24.7 (Yoast SEO v26.8) - https:\/\/yoast.com\/product\/yoast-seo-premium-wordpress\/ -->\n<title>12mmArabic Hookah Large Shisha Bowl Wholesale - Global Hookah<\/title>\n<meta name=\"robots\" content=\"index, follow, max-snippet:-1, max-image-preview:large, max-video-preview:-1\" \/>\n<link rel=\"canonical\" href=\"https:\/\/global-hookah.com\/de\/pt\/produto\/12mmarabic-hookah-large-shisha-bowl-wholesale\/\" \/>\n<meta property=\"og:locale\" content=\"de_DE\" \/>\n<meta property=\"og:type\" content=\"article\" \/>\n<meta property=\"og:title\" content=\"12mmArabic Hookah Large Shisha Bowl Wholesale\" \/>\n<meta property=\"og:description\" content=\"Model Number:&nbsp;b10135 Shape:&nbsp;Free Type Technics:&nbsp;MIRROR Material:&nbsp;Ceramic Origin:&nbsp;Mainland China Name:&nbsp;Smoke Pot Use:&nbsp;Tobacco bowl Use1:&nbsp;Hookah bowl Use2:&nbsp;Hookah Use3:&nbsp;Shisha Use4:&nbsp;Vaporesso Use5:&nbsp;Smok Use6:&nbsp;Sky solo\" \/>\n<meta property=\"og:url\" content=\"https:\/\/global-hookah.com\/de\/pt\/produto\/12mmarabic-hookah-large-shisha-bowl-wholesale\/\" \/>\n<meta property=\"og:site_name\" content=\"Global Hookah\" \/>\n<meta property=\"article:modified_time\" content=\"2023-09-02T14:13:18+00:00\" \/>\n<meta property=\"og:image\" content=\"https:\/\/global-hookah.com\/wp-content\/uploads\/2023\/09\/Arabic-Hookah-Shisha-Bowl-Large-12mm-Ceramic-Funnel-Nargile-Sheesha-Pods-Chicha-Smoke-Accessories-Cachimba-Chicha.jpg\" \/>\n\t<meta property=\"og:image:width\" content=\"800\" \/>\n\t<meta property=\"og:image:height\" content=\"800\" \/>\n\t<meta property=\"og:image:type\" content=\"image\/jpeg\" \/>\n<meta name=\"twitter:card\" content=\"summary_large_image\" \/>\n<script type=\"application\/ld+json\" class=\"yoast-schema-graph\">{\"@context\":\"https:\/\/schema.org\",\"@graph\":[{\"@type\":\"WebPage\",\"@id\":\"https:\/\/global-hookah.com\/pt\/produto\/12mmarabic-hookah-large-shisha-bowl-wholesale\/\",\"url\":\"https:\/\/global-hookah.com\/pt\/produto\/12mmarabic-hookah-large-shisha-bowl-wholesale\/\",\"name\":\"12mmArabic Hookah Large Shisha Bowl Wholesale - Global Hookah\",\"isPartOf\":{\"@id\":\"https:\/\/global-hookah.com\/#website\"},\"primaryImageOfPage\":{\"@id\":\"https:\/\/global-hookah.com\/pt\/produto\/12mmarabic-hookah-large-shisha-bowl-wholesale\/#primaryimage\"},\"image\":{\"@id\":\"https:\/\/global-hookah.com\/pt\/produto\/12mmarabic-hookah-large-shisha-bowl-wholesale\/#primaryimage\"},\"thumbnailUrl\":\"https:\/\/global-hookah.com\/wp-content\/uploads\/2023\/09\/Arabic-Hookah-Shisha-Bowl-Large-12mm-Ceramic-Funnel-Nargile-Sheesha-Pods-Chicha-Smoke-Accessories-Cachimba-Chicha.jpg\",\"datePublished\":\"2023-09-02T14:13:14+00:00\",\"dateModified\":\"2023-09-02T14:13:18+00:00\",\"breadcrumb\":{\"@id\":\"https:\/\/global-hookah.com\/pt\/produto\/12mmarabic-hookah-large-shisha-bowl-wholesale\/#breadcrumb\"},\"inLanguage\":\"de\",\"potentialAction\":[{\"@type\":\"ReadAction\",\"target\":[\"https:\/\/global-hookah.com\/pt\/produto\/12mmarabic-hookah-large-shisha-bowl-wholesale\/\"]}]},{\"@type\":\"ImageObject\",\"inLanguage\":\"de\",\"@id\":\"https:\/\/global-hookah.com\/pt\/produto\/12mmarabic-hookah-large-shisha-bowl-wholesale\/#primaryimage\",\"url\":\"https:\/\/global-hookah.com\/wp-content\/uploads\/2023\/09\/Arabic-Hookah-Shisha-Bowl-Large-12mm-Ceramic-Funnel-Nargile-Sheesha-Pods-Chicha-Smoke-Accessories-Cachimba-Chicha.jpg\",\"contentUrl\":\"https:\/\/global-hookah.com\/wp-content\/uploads\/2023\/09\/Arabic-Hookah-Shisha-Bowl-Large-12mm-Ceramic-Funnel-Nargile-Sheesha-Pods-Chicha-Smoke-Accessories-Cachimba-Chicha.jpg\",\"width\":800,\"height\":800},{\"@type\":\"BreadcrumbList\",\"@id\":\"https:\/\/global-hookah.com\/pt\/produto\/12mmarabic-hookah-large-shisha-bowl-wholesale\/#breadcrumb\",\"itemListElement\":[{\"@type\":\"ListItem\",\"position\":1,\"name\":\"Home\",\"item\":\"https:\/\/global-hookah.com\/\"},{\"@type\":\"ListItem\",\"position\":2,\"name\":\"Shop\",\"item\":\"https:\/\/global-hookah.com\/shop\/\"},{\"@type\":\"ListItem\",\"position\":3,\"name\":\"12mmArabic Hookah Large Shisha Bowl Wholesale\"}]},{\"@type\":\"WebSite\",\"@id\":\"https:\/\/global-hookah.com\/#website\",\"url\":\"https:\/\/global-hookah.com\/\",\"name\":\"Global Hookah\",\"description\":\"Global Hookah\",\"publisher\":{\"@id\":\"https:\/\/global-hookah.com\/#organization\"},\"potentialAction\":[{\"@type\":\"SearchAction\",\"target\":{\"@type\":\"EntryPoint\",\"urlTemplate\":\"https:\/\/global-hookah.com\/?s={search_term_string}\"},\"query-input\":{\"@type\":\"PropertyValueSpecification\",\"valueRequired\":true,\"valueName\":\"search_term_string\"}}],\"inLanguage\":\"de\"},{\"@type\":\"Organization\",\"@id\":\"https:\/\/global-hookah.com\/#organization\",\"name\":\"Global Hookah\",\"url\":\"https:\/\/global-hookah.com\/\",\"logo\":{\"@type\":\"ImageObject\",\"inLanguage\":\"de\",\"@id\":\"https:\/\/global-hookah.com\/#\/schema\/logo\/image\/\",\"url\":\"https:\/\/global-hookah.com\/wp-content\/uploads\/2021\/10\/cropped-fgg.png\",\"contentUrl\":\"https:\/\/global-hookah.com\/wp-content\/uploads\/2021\/10\/cropped-fgg.png\",\"width\":512,\"height\":512,\"caption\":\"Global Hookah\"},\"image\":{\"@id\":\"https:\/\/global-hookah.com\/#\/schema\/logo\/image\/\"}}]}<\/script>\n<!-- \/ Yoast SEO Premium plugin. -->","yoast_head_json":{"title":"12mmArabische Wasserpfeife Gro\u00dfe Shisha Sch\u00fcssel Gro\u00dfhandel - Global Hookah","robots":{"index":"index","follow":"follow","max-snippet":"max-snippet:-1","max-image-preview":"max-image-preview:large","max-video-preview":"max-video-preview:-1"},"canonical":"https:\/\/global-hookah.com\/de\/pt\/produto\/12mmarabic-hookah-large-shisha-bowl-wholesale\/","og_locale":"de_DE","og_type":"article","og_title":"12mmArabic Hookah Large Shisha Bowl Wholesale","og_description":"Model Number:&nbsp;b10135 Shape:&nbsp;Free Type Technics:&nbsp;MIRROR Material:&nbsp;Ceramic Origin:&nbsp;Mainland China Name:&nbsp;Smoke Pot Use:&nbsp;Tobacco bowl Use1:&nbsp;Hookah bowl Use2:&nbsp;Hookah Use3:&nbsp;Shisha Use4:&nbsp;Vaporesso Use5:&nbsp;Smok Use6:&nbsp;Sky solo","og_url":"https:\/\/global-hookah.com\/de\/pt\/produto\/12mmarabic-hookah-large-shisha-bowl-wholesale\/","og_site_name":"Global Hookah","article_modified_time":"2023-09-02T14:13:18+00:00","og_image":[{"width":800,"height":800,"url":"https:\/\/global-hookah.com\/wp-content\/uploads\/2023\/09\/Arabic-Hookah-Shisha-Bowl-Large-12mm-Ceramic-Funnel-Nargile-Sheesha-Pods-Chicha-Smoke-Accessories-Cachimba-Chicha.jpg","type":"image\/jpeg"}],"twitter_card":"summary_large_image","schema":{"@context":"https:\/\/schema.org","@graph":[{"@type":"WebPage","@id":"https:\/\/global-hookah.com\/pt\/produto\/12mmarabic-hookah-large-shisha-bowl-wholesale\/","url":"https:\/\/global-hookah.com\/pt\/produto\/12mmarabic-hookah-large-shisha-bowl-wholesale\/","name":"12mmArabische Wasserpfeife Gro\u00dfe Shisha Sch\u00fcssel Gro\u00dfhandel - Global Hookah","isPartOf":{"@id":"https:\/\/global-hookah.com\/#website"},"primaryImageOfPage":{"@id":"https:\/\/global-hookah.com\/pt\/produto\/12mmarabic-hookah-large-shisha-bowl-wholesale\/#primaryimage"},"image":{"@id":"https:\/\/global-hookah.com\/pt\/produto\/12mmarabic-hookah-large-shisha-bowl-wholesale\/#primaryimage"},"thumbnailUrl":"https:\/\/global-hookah.com\/wp-content\/uploads\/2023\/09\/Arabic-Hookah-Shisha-Bowl-Large-12mm-Ceramic-Funnel-Nargile-Sheesha-Pods-Chicha-Smoke-Accessories-Cachimba-Chicha.jpg","datePublished":"2023-09-02T14:13:14+00:00","dateModified":"2023-09-02T14:13:18+00:00","breadcrumb":{"@id":"https:\/\/global-hookah.com\/pt\/produto\/12mmarabic-hookah-large-shisha-bowl-wholesale\/#breadcrumb"},"inLanguage":"de","potentialAction":[{"@type":"ReadAction","target":["https:\/\/global-hookah.com\/pt\/produto\/12mmarabic-hookah-large-shisha-bowl-wholesale\/"]}]},{"@type":"ImageObject","inLanguage":"de","@id":"https:\/\/global-hookah.com\/pt\/produto\/12mmarabic-hookah-large-shisha-bowl-wholesale\/#primaryimage","url":"https:\/\/global-hookah.com\/wp-content\/uploads\/2023\/09\/Arabic-Hookah-Shisha-Bowl-Large-12mm-Ceramic-Funnel-Nargile-Sheesha-Pods-Chicha-Smoke-Accessories-Cachimba-Chicha.jpg","contentUrl":"https:\/\/global-hookah.com\/wp-content\/uploads\/2023\/09\/Arabic-Hookah-Shisha-Bowl-Large-12mm-Ceramic-Funnel-Nargile-Sheesha-Pods-Chicha-Smoke-Accessories-Cachimba-Chicha.jpg","width":800,"height":800},{"@type":"BreadcrumbList","@id":"https:\/\/global-hookah.com\/pt\/produto\/12mmarabic-hookah-large-shisha-bowl-wholesale\/#breadcrumb","itemListElement":[{"@type":"ListItem","position":1,"name":"Home","item":"https:\/\/global-hookah.com\/"},{"@type":"ListItem","position":2,"name":"Shop","item":"https:\/\/global-hookah.com\/shop\/"},{"@type":"ListItem","position":3,"name":"12mmArabic Hookah Large Shisha Bowl Wholesale"}]},{"@type":"WebSite","@id":"https:\/\/global-hookah.com\/#website","url":"https:\/\/global-hookah.com\/","name":"Globale Wasserpfeife","description":"Globale Wasserpfeife","publisher":{"@id":"https:\/\/global-hookah.com\/#organization"},"potentialAction":[{"@type":"SearchAction","target":{"@type":"EntryPoint","urlTemplate":"https:\/\/global-hookah.com\/?s={search_term_string}"},"query-input":{"@type":"PropertyValueSpecification","valueRequired":true,"valueName":"search_term_string"}}],"inLanguage":"de"},{"@type":"Organization","@id":"https:\/\/global-hookah.com\/#organization","name":"Globale Wasserpfeife","url":"https:\/\/global-hookah.com\/","logo":{"@type":"ImageObject","inLanguage":"de","@id":"https:\/\/global-hookah.com\/#\/schema\/logo\/image\/","url":"https:\/\/global-hookah.com\/wp-content\/uploads\/2021\/10\/cropped-fgg.png","contentUrl":"https:\/\/global-hookah.com\/wp-content\/uploads\/2021\/10\/cropped-fgg.png","width":512,"height":512,"caption":"Global Hookah"},"image":{"@id":"https:\/\/global-hookah.com\/#\/schema\/logo\/image\/"}}]}},"_links":{"self":[{"href":"https:\/\/global-hookah.com\/de\/wp-json\/wp\/v2\/product\/13284","targetHints":{"allow":["GET"]}}],"collection":[{"href":"https:\/\/global-hookah.com\/de\/wp-json\/wp\/v2\/product"}],"about":[{"href":"https:\/\/global-hookah.com\/de\/wp-json\/wp\/v2\/types\/product"}],"replies":[{"embeddable":true,"href":"https:\/\/global-hookah.com\/de\/wp-json\/wp\/v2\/comments?post=13284"}],"version-history":[{"count":0,"href":"https:\/\/global-hookah.com\/de\/wp-json\/wp\/v2\/product\/13284\/revisions"}],"wp:featuredmedia":[{"embeddable":true,"href":"https:\/\/global-hookah.com\/de\/wp-json\/wp\/v2\/media\/13285"}],"wp:attachment":[{"href":"https:\/\/global-hookah.com\/de\/wp-json\/wp\/v2\/media?parent=13284"}],"wp:term":[{"taxonomy":"product_brand","embeddable":true,"href":"https:\/\/global-hookah.com\/de\/wp-json\/wp\/v2\/product_brand?post=13284"},{"taxonomy":"product_cat","embeddable":true,"href":"https:\/\/global-hookah.com\/de\/wp-json\/wp\/v2\/product_cat?post=13284"},{"taxonomy":"product_tag","embeddable":true,"href":"https:\/\/global-hookah.com\/de\/wp-json\/wp\/v2\/product_tag?post=13284"}],"curies":[{"name":"wp","href":"https:\/\/api.w.org\/{rel}","templated":true}]}}