{"id":13293,"date":"2023-09-02T14:25:36","date_gmt":"2023-09-02T14:25:36","guid":{"rendered":"https:\/\/global-hookah.com\/product\/best-egyptian-hookah-bowl-wholesale\/"},"modified":"2023-09-02T14:25:40","modified_gmt":"2023-09-02T14:25:40","slug":"best-egyptian-hookah-bowl-wholesale","status":"publish","type":"product","link":"https:\/\/global-hookah.com\/de\/produkt\/best-egyptian-hookah-bowl-wholesale\/","title":{"rendered":"Beste \u00e4gyptische Hookah Schale Gro\u00dfhandel"},"content":{"rendered":"<div class=\"product-specs-list-container\">\n<ul class=\"product-specs-list util-clearfix\">\n<li class=\"product-prop line-limit-length\"><span\n                                    class=\"property-title\">Modellnummer:&nbsp;<\/span><span\n                                    class=\"property-desc line-limit-length\">CH1771<\/span>\n                        <\/li>\n<li class=\"product-prop line-limit-length\"><span\n                                    class=\"property-title\">Die Form:&nbsp;<\/span><span\n                                    class=\"property-desc line-limit-length\">Freier Typ<\/span>\n                        <\/li>\n<li class=\"product-prop line-limit-length\"><span\n                                    class=\"property-title\">Die Technik:&nbsp;<\/span><span\n                                    class=\"property-desc line-limit-length\">Mattiert<\/span>\n                        <\/li>\n<li class=\"product-prop line-limit-length\"><span\n                                    class=\"property-title\">Material:&nbsp;<\/span><span\n                                    class=\"property-desc line-limit-length\">Keramik<\/span>\n                        <\/li>\n<li class=\"product-prop line-limit-length\"><span\n                                    class=\"property-title\">Markenname:&nbsp;<\/span><span\n                                    class=\"property-desc line-limit-length\">SY<\/span>\n                        <\/li>\n<li class=\"product-prop line-limit-length\"><span\n                                    class=\"property-title\">Herkunft:&nbsp;<\/span><span\n                                    class=\"property-desc line-limit-length\">Festland China<\/span>\n                        <\/li>\n<li class=\"product-prop line-limit-length\"><span\n                                    class=\"property-title\">Material:&nbsp;<\/span><span\n                                    class=\"property-desc line-limit-length\">Keramik<\/span>\n                        <\/li>\n<li class=\"product-prop line-limit-length\"><span\n                                    class=\"property-title\">Durchmesser:&nbsp;<\/span><span\n                                    class=\"property-desc line-limit-length\">Etwa 8 cm<\/span>\n                        <\/li>\n<li class=\"product-prop line-limit-length\"><span\n                                    class=\"property-title\">H\u00f6he:&nbsp;<\/span><span\n                                    class=\"property-desc line-limit-length\">Etwa 9,8 cm<\/span>\n                        <\/li>\n<li class=\"product-prop line-limit-length\"><span\n                                    class=\"property-title\">Gewicht:&nbsp;<\/span><span\n                                    class=\"property-desc line-limit-length\">Etwa 242\/St\u00fcck<\/span>\n                        <\/li>\n<li class=\"product-prop line-limit-length\"><span\n                                    class=\"property-title\">Farbe:&nbsp;<\/span><span\n                                    class=\"property-desc line-limit-length\">Als Bild<\/span>\n                        <\/li>\n<li class=\"product-prop line-limit-length\"><span\n                                    class=\"property-title\">Was:&nbsp;<\/span><span\n                                    class=\"property-desc line-limit-length\">Wasserpfeifen-Keramik-Schale<\/span>\n                        <\/li>\n<li class=\"product-prop line-limit-length\"><span\n                                    class=\"property-title\">Anwendung:&nbsp;<\/span><span\n                                    class=\"property-desc line-limit-length\">Shisha Wasserpfeifentabak<\/span>\n                        <\/li>\n<li class=\"product-prop line-limit-length\"><span\n                                    class=\"property-title\">Produktmerkmal:&nbsp;<\/span><span\n                                    class=\"property-desc line-limit-length\">Weich\/Umweltfreundlich\/Gesundheitlich\/Sicher\/Retro\/Thermostabil<\/span>\n                        <\/li>\n<li class=\"product-prop line-limit-length\"><span\n                                    class=\"property-title\">Verwendung:&nbsp;<\/span><span\n                                    class=\"property-desc line-limit-length\">Bars, Partys, Caf\u00e9s<\/span>\n                        <\/li>\n<li class=\"product-prop line-limit-length\"><span\n                                    class=\"property-title\">paking:&nbsp;<\/span><span\n                                    class=\"property-desc line-limit-length\">Box<\/span>\n                        <\/li>\n<\/ul><\/div>\n<div class=\"detailmodule_text-image\"><a href=\"https:\/\/www.aliexpress.com\/item\/1005003727804522.html?spm=5261.ProductManageOnline.0.0.104b4edfvuqfJu\" target=\"_self\" class=\"\" rel=\"noopener nofollow\"><img decoding=\"async\" style=\"margin-bottom:10px\" class=\"detail-desc-decorate-image\" src=\"https:\/\/ae01.alicdn.com\/kf\/S2a301a43da214a77bd16ce3723dd48f8D.jpg\" slate-data-type=\"image\"\/><\/a><\/div>\n<div class=\"detailmodule_text-image\"><img decoding=\"async\" style=\"margin-bottom:10px\" class=\"detail-desc-decorate-image\" src=\"https:\/\/ae01.alicdn.com\/kf\/Scb6e3037977646d9b7c05dccbfd081bbR.jpg\" slate-data-type=\"image\"\/><img decoding=\"async\" style=\"margin-bottom:10px\" class=\"detail-desc-decorate-image\" src=\"https:\/\/ae01.alicdn.com\/kf\/Sff56c6cac6ad4056b51d29e960fa9228k.jpg\" slate-data-type=\"image\"\/><img decoding=\"async\" style=\"margin-bottom:10px\" class=\"detail-desc-decorate-image\" src=\"https:\/\/ae01.alicdn.com\/kf\/S0dbd232bedca493c884c1527b318bf09S.jpg\" slate-data-type=\"image\"\/><img decoding=\"async\" style=\"margin-bottom:10px\" class=\"detail-desc-decorate-image\" src=\"https:\/\/ae01.alicdn.com\/kf\/Sc2db6fb52d59428a879dd6e34ed05ebdZ.jpg\" slate-data-type=\"image\"\/><img decoding=\"async\" style=\"margin-bottom:10px\" class=\"detail-desc-decorate-image\" src=\"https:\/\/ae01.alicdn.com\/kf\/Sbc8eee11176b4a7999f9183412efbcf6u.jpg\" slate-data-type=\"image\"\/><img decoding=\"async\" style=\"margin-bottom:10px\" class=\"detail-desc-decorate-image\" src=\"https:\/\/ae01.alicdn.com\/kf\/Sb740824a97724e38890369bf53fb395cr.jpg\" slate-data-type=\"image\"\/><\/div>\n<div class=\"detailmodule_text-image\"><img decoding=\"async\" style=\"margin-bottom:10px\" class=\"detail-desc-decorate-image\" src=\"https:\/\/ae01.alicdn.com\/kf\/Hf8962c8be7484b478c6563a0f7e85d06E.jpg\" slate-data-type=\"image\"\/><img decoding=\"async\" style=\"margin-bottom:10px\" class=\"detail-desc-decorate-image\" src=\"https:\/\/ae01.alicdn.com\/kf\/H8a0a29e4477d469591dabaa703dbe126F.jpg\" slate-data-type=\"image\"\/><\/div>\n<p><\/p>","protected":false},"excerpt":{"rendered":"<p>Modellnummer: CH1771 Form: Freier Typ Technik: Mattiert Material: Keramik Markenname: SY Herkunft: Festland China Material: Keramik Durchmesser: Ca. 8cm H\u00f6he: Ungef\u00e4hr 9.8cm Gewicht: Etwa 242\/St\u00fcck Farbe: Wie Bild Was: Wasserpfeife<\/p>","protected":false},"featured_media":13294,"comment_status":"open","ping_status":"closed","template":"","meta":{"iawp_total_views":0,"_joinchat":[]},"product_brand":[],"product_cat":[370],"product_tag":[],"class_list":{"0":"post-13293","1":"product","2":"type-product","3":"status-publish","4":"has-post-thumbnail","6":"product_cat-hookah-bowl-wholesale","8":"first","9":"instock","10":"shipping-taxable","11":"purchasable","12":"product-type-variable"},"yoast_head":"<!-- This site is optimized with the Yoast SEO Premium plugin v24.7 (Yoast SEO v26.8) - https:\/\/yoast.com\/product\/yoast-seo-premium-wordpress\/ -->\n<title>Best Egyptian Hookah Bowl Wholesale - Global Hookah<\/title>\n<meta name=\"robots\" content=\"index, follow, max-snippet:-1, max-image-preview:large, max-video-preview:-1\" \/>\n<link rel=\"canonical\" href=\"https:\/\/global-hookah.com\/de\/produkt\/best-egyptian-hookah-bowl-wholesale\/\" \/>\n<meta property=\"og:locale\" content=\"de_DE\" \/>\n<meta property=\"og:type\" content=\"article\" \/>\n<meta property=\"og:title\" content=\"Best Egyptian Hookah Bowl Wholesale\" \/>\n<meta property=\"og:description\" content=\"Model Number:&nbsp;CH1771 Shape:&nbsp;Free Type Technics:&nbsp;Frosted Material:&nbsp;Ceramic Brand Name:&nbsp;SY Origin:&nbsp;Mainland China Material:&nbsp;Ceramic Diameter:&nbsp;About 8cm Height:&nbsp;About 9.8cm Weight:&nbsp;About 242\/pcs Color:&nbsp;As Picture What:&nbsp;Hookah\" \/>\n<meta property=\"og:url\" content=\"https:\/\/global-hookah.com\/de\/produkt\/best-egyptian-hookah-bowl-wholesale\/\" \/>\n<meta property=\"og:site_name\" content=\"Global Hookah\" \/>\n<meta property=\"article:modified_time\" content=\"2023-09-02T14:25:40+00:00\" \/>\n<meta property=\"og:image\" content=\"https:\/\/global-hookah.com\/wp-content\/uploads\/2023\/09\/Ceramic-Hookah-Bowl-For-Shisha-Tobacco-Bowl-Sheesha-Narguile-Chicha-Cachimbas-Charcoal-Stove-Water-Pipe-Smoking.jpg\" \/>\n\t<meta property=\"og:image:width\" content=\"800\" \/>\n\t<meta property=\"og:image:height\" content=\"800\" \/>\n\t<meta property=\"og:image:type\" content=\"image\/jpeg\" \/>\n<meta name=\"twitter:card\" content=\"summary_large_image\" \/>\n<script type=\"application\/ld+json\" class=\"yoast-schema-graph\">{\"@context\":\"https:\/\/schema.org\",\"@graph\":[{\"@type\":\"WebPage\",\"@id\":\"https:\/\/global-hookah.com\/product\/best-egyptian-hookah-bowl-wholesale\/\",\"url\":\"https:\/\/global-hookah.com\/product\/best-egyptian-hookah-bowl-wholesale\/\",\"name\":\"Best Egyptian Hookah Bowl Wholesale - Global Hookah\",\"isPartOf\":{\"@id\":\"https:\/\/global-hookah.com\/#website\"},\"primaryImageOfPage\":{\"@id\":\"https:\/\/global-hookah.com\/product\/best-egyptian-hookah-bowl-wholesale\/#primaryimage\"},\"image\":{\"@id\":\"https:\/\/global-hookah.com\/product\/best-egyptian-hookah-bowl-wholesale\/#primaryimage\"},\"thumbnailUrl\":\"https:\/\/global-hookah.com\/wp-content\/uploads\/2023\/09\/Ceramic-Hookah-Bowl-For-Shisha-Tobacco-Bowl-Sheesha-Narguile-Chicha-Cachimbas-Charcoal-Stove-Water-Pipe-Smoking.jpg\",\"datePublished\":\"2023-09-02T14:25:36+00:00\",\"dateModified\":\"2023-09-02T14:25:40+00:00\",\"breadcrumb\":{\"@id\":\"https:\/\/global-hookah.com\/product\/best-egyptian-hookah-bowl-wholesale\/#breadcrumb\"},\"inLanguage\":\"de\",\"potentialAction\":[{\"@type\":\"ReadAction\",\"target\":[\"https:\/\/global-hookah.com\/product\/best-egyptian-hookah-bowl-wholesale\/\"]}]},{\"@type\":\"ImageObject\",\"inLanguage\":\"de\",\"@id\":\"https:\/\/global-hookah.com\/product\/best-egyptian-hookah-bowl-wholesale\/#primaryimage\",\"url\":\"https:\/\/global-hookah.com\/wp-content\/uploads\/2023\/09\/Ceramic-Hookah-Bowl-For-Shisha-Tobacco-Bowl-Sheesha-Narguile-Chicha-Cachimbas-Charcoal-Stove-Water-Pipe-Smoking.jpg\",\"contentUrl\":\"https:\/\/global-hookah.com\/wp-content\/uploads\/2023\/09\/Ceramic-Hookah-Bowl-For-Shisha-Tobacco-Bowl-Sheesha-Narguile-Chicha-Cachimbas-Charcoal-Stove-Water-Pipe-Smoking.jpg\",\"width\":800,\"height\":800},{\"@type\":\"BreadcrumbList\",\"@id\":\"https:\/\/global-hookah.com\/product\/best-egyptian-hookah-bowl-wholesale\/#breadcrumb\",\"itemListElement\":[{\"@type\":\"ListItem\",\"position\":1,\"name\":\"Home\",\"item\":\"https:\/\/global-hookah.com\/\"},{\"@type\":\"ListItem\",\"position\":2,\"name\":\"Shop\",\"item\":\"https:\/\/global-hookah.com\/shop\/\"},{\"@type\":\"ListItem\",\"position\":3,\"name\":\"Best Egyptian Hookah Bowl Wholesale\"}]},{\"@type\":\"WebSite\",\"@id\":\"https:\/\/global-hookah.com\/#website\",\"url\":\"https:\/\/global-hookah.com\/\",\"name\":\"Global Hookah\",\"description\":\"Global Hookah\",\"publisher\":{\"@id\":\"https:\/\/global-hookah.com\/#organization\"},\"potentialAction\":[{\"@type\":\"SearchAction\",\"target\":{\"@type\":\"EntryPoint\",\"urlTemplate\":\"https:\/\/global-hookah.com\/?s={search_term_string}\"},\"query-input\":{\"@type\":\"PropertyValueSpecification\",\"valueRequired\":true,\"valueName\":\"search_term_string\"}}],\"inLanguage\":\"de\"},{\"@type\":\"Organization\",\"@id\":\"https:\/\/global-hookah.com\/#organization\",\"name\":\"Global Hookah\",\"url\":\"https:\/\/global-hookah.com\/\",\"logo\":{\"@type\":\"ImageObject\",\"inLanguage\":\"de\",\"@id\":\"https:\/\/global-hookah.com\/#\/schema\/logo\/image\/\",\"url\":\"https:\/\/global-hookah.com\/wp-content\/uploads\/2021\/10\/cropped-fgg.png\",\"contentUrl\":\"https:\/\/global-hookah.com\/wp-content\/uploads\/2021\/10\/cropped-fgg.png\",\"width\":512,\"height\":512,\"caption\":\"Global Hookah\"},\"image\":{\"@id\":\"https:\/\/global-hookah.com\/#\/schema\/logo\/image\/\"}}]}<\/script>\n<!-- \/ Yoast SEO Premium plugin. -->","yoast_head_json":{"title":"Beste \u00e4gyptische Wasserpfeife Sch\u00fcssel Gro\u00dfhandel - Global Hookah","robots":{"index":"index","follow":"follow","max-snippet":"max-snippet:-1","max-image-preview":"max-image-preview:large","max-video-preview":"max-video-preview:-1"},"canonical":"https:\/\/global-hookah.com\/de\/produkt\/best-egyptian-hookah-bowl-wholesale\/","og_locale":"de_DE","og_type":"article","og_title":"Best Egyptian Hookah Bowl Wholesale","og_description":"Model Number:&nbsp;CH1771 Shape:&nbsp;Free Type Technics:&nbsp;Frosted Material:&nbsp;Ceramic Brand Name:&nbsp;SY Origin:&nbsp;Mainland China Material:&nbsp;Ceramic Diameter:&nbsp;About 8cm Height:&nbsp;About 9.8cm Weight:&nbsp;About 242\/pcs Color:&nbsp;As Picture What:&nbsp;Hookah","og_url":"https:\/\/global-hookah.com\/de\/produkt\/best-egyptian-hookah-bowl-wholesale\/","og_site_name":"Global Hookah","article_modified_time":"2023-09-02T14:25:40+00:00","og_image":[{"width":800,"height":800,"url":"https:\/\/global-hookah.com\/wp-content\/uploads\/2023\/09\/Ceramic-Hookah-Bowl-For-Shisha-Tobacco-Bowl-Sheesha-Narguile-Chicha-Cachimbas-Charcoal-Stove-Water-Pipe-Smoking.jpg","type":"image\/jpeg"}],"twitter_card":"summary_large_image","schema":{"@context":"https:\/\/schema.org","@graph":[{"@type":"WebPage","@id":"https:\/\/global-hookah.com\/product\/best-egyptian-hookah-bowl-wholesale\/","url":"https:\/\/global-hookah.com\/product\/best-egyptian-hookah-bowl-wholesale\/","name":"Beste \u00e4gyptische Wasserpfeife Sch\u00fcssel Gro\u00dfhandel - Global Hookah","isPartOf":{"@id":"https:\/\/global-hookah.com\/#website"},"primaryImageOfPage":{"@id":"https:\/\/global-hookah.com\/product\/best-egyptian-hookah-bowl-wholesale\/#primaryimage"},"image":{"@id":"https:\/\/global-hookah.com\/product\/best-egyptian-hookah-bowl-wholesale\/#primaryimage"},"thumbnailUrl":"https:\/\/global-hookah.com\/wp-content\/uploads\/2023\/09\/Ceramic-Hookah-Bowl-For-Shisha-Tobacco-Bowl-Sheesha-Narguile-Chicha-Cachimbas-Charcoal-Stove-Water-Pipe-Smoking.jpg","datePublished":"2023-09-02T14:25:36+00:00","dateModified":"2023-09-02T14:25:40+00:00","breadcrumb":{"@id":"https:\/\/global-hookah.com\/product\/best-egyptian-hookah-bowl-wholesale\/#breadcrumb"},"inLanguage":"de","potentialAction":[{"@type":"ReadAction","target":["https:\/\/global-hookah.com\/product\/best-egyptian-hookah-bowl-wholesale\/"]}]},{"@type":"ImageObject","inLanguage":"de","@id":"https:\/\/global-hookah.com\/product\/best-egyptian-hookah-bowl-wholesale\/#primaryimage","url":"https:\/\/global-hookah.com\/wp-content\/uploads\/2023\/09\/Ceramic-Hookah-Bowl-For-Shisha-Tobacco-Bowl-Sheesha-Narguile-Chicha-Cachimbas-Charcoal-Stove-Water-Pipe-Smoking.jpg","contentUrl":"https:\/\/global-hookah.com\/wp-content\/uploads\/2023\/09\/Ceramic-Hookah-Bowl-For-Shisha-Tobacco-Bowl-Sheesha-Narguile-Chicha-Cachimbas-Charcoal-Stove-Water-Pipe-Smoking.jpg","width":800,"height":800},{"@type":"BreadcrumbList","@id":"https:\/\/global-hookah.com\/product\/best-egyptian-hookah-bowl-wholesale\/#breadcrumb","itemListElement":[{"@type":"ListItem","position":1,"name":"Home","item":"https:\/\/global-hookah.com\/"},{"@type":"ListItem","position":2,"name":"Shop","item":"https:\/\/global-hookah.com\/shop\/"},{"@type":"ListItem","position":3,"name":"Best Egyptian Hookah Bowl Wholesale"}]},{"@type":"WebSite","@id":"https:\/\/global-hookah.com\/#website","url":"https:\/\/global-hookah.com\/","name":"Globale Wasserpfeife","description":"Globale Wasserpfeife","publisher":{"@id":"https:\/\/global-hookah.com\/#organization"},"potentialAction":[{"@type":"SearchAction","target":{"@type":"EntryPoint","urlTemplate":"https:\/\/global-hookah.com\/?s={search_term_string}"},"query-input":{"@type":"PropertyValueSpecification","valueRequired":true,"valueName":"search_term_string"}}],"inLanguage":"de"},{"@type":"Organization","@id":"https:\/\/global-hookah.com\/#organization","name":"Globale Wasserpfeife","url":"https:\/\/global-hookah.com\/","logo":{"@type":"ImageObject","inLanguage":"de","@id":"https:\/\/global-hookah.com\/#\/schema\/logo\/image\/","url":"https:\/\/global-hookah.com\/wp-content\/uploads\/2021\/10\/cropped-fgg.png","contentUrl":"https:\/\/global-hookah.com\/wp-content\/uploads\/2021\/10\/cropped-fgg.png","width":512,"height":512,"caption":"Global Hookah"},"image":{"@id":"https:\/\/global-hookah.com\/#\/schema\/logo\/image\/"}}]}},"_links":{"self":[{"href":"https:\/\/global-hookah.com\/de\/wp-json\/wp\/v2\/product\/13293","targetHints":{"allow":["GET"]}}],"collection":[{"href":"https:\/\/global-hookah.com\/de\/wp-json\/wp\/v2\/product"}],"about":[{"href":"https:\/\/global-hookah.com\/de\/wp-json\/wp\/v2\/types\/product"}],"replies":[{"embeddable":true,"href":"https:\/\/global-hookah.com\/de\/wp-json\/wp\/v2\/comments?post=13293"}],"version-history":[{"count":0,"href":"https:\/\/global-hookah.com\/de\/wp-json\/wp\/v2\/product\/13293\/revisions"}],"wp:featuredmedia":[{"embeddable":true,"href":"https:\/\/global-hookah.com\/de\/wp-json\/wp\/v2\/media\/13294"}],"wp:attachment":[{"href":"https:\/\/global-hookah.com\/de\/wp-json\/wp\/v2\/media?parent=13293"}],"wp:term":[{"taxonomy":"product_brand","embeddable":true,"href":"https:\/\/global-hookah.com\/de\/wp-json\/wp\/v2\/product_brand?post=13293"},{"taxonomy":"product_cat","embeddable":true,"href":"https:\/\/global-hookah.com\/de\/wp-json\/wp\/v2\/product_cat?post=13293"},{"taxonomy":"product_tag","embeddable":true,"href":"https:\/\/global-hookah.com\/de\/wp-json\/wp\/v2\/product_tag?post=13293"}],"curies":[{"name":"wp","href":"https:\/\/api.w.org\/{rel}","templated":true}]}}