{"id":13338,"date":"2023-09-02T14:34:55","date_gmt":"2023-09-02T14:34:55","guid":{"rendered":"https:\/\/global-hookah.com\/product\/ceramic-hookah-bowl-with-net-wholesale\/"},"modified":"2023-09-24T12:35:03","modified_gmt":"2023-09-24T12:35:03","slug":"ceramic-hookah-bowl-with-net-wholesale","status":"publish","type":"product","link":"https:\/\/global-hookah.com\/de\/produkt\/ceramic-hookah-bowl-with-net-wholesale\/","title":{"rendered":"Keramische Wasserpfeife Sch\u00fcssel mit Netz Gro\u00dfhandel"},"content":{"rendered":"<p>Einer der Hauptvorteile einer keramischen Shisha-Schale mit Netz ist die bessere W\u00e4rmeverteilung. Das kunstvoll gewebte Netzmuster erm\u00f6glicht eine gleichm\u00e4\u00dfige Verteilung der Hitze \u00fcber den Tabak, wodurch das Rauchen gleichm\u00e4\u00dfiger und angenehmer wird. Der keramische Pfeifenkopf mit Netz absorbiert die Hitze effektiv und reduziert das Anbrennen oder Verkohlen des Tabaks, im Gegensatz zu herk\u00f6mmlichen Pfeifenk\u00f6pfen, die h\u00e4ufig Hotspots aufweisen, die einen ungleichm\u00e4\u00dfigen Abbrand verursachen k\u00f6nnen.<\/p>\n<p>Dank dieser sorgf\u00e4ltigen Hitzeregulierung, die auch den Geschmack Ihrer Shisha verbessert, sind l\u00e4ngere Sitzungen m\u00f6glich. Die verbesserte W\u00e4rmeverteilung, die eine keramische Shisha-Schale mit Netz bietet, sorgt jedes Mal f\u00fcr das bestm\u00f6gliche Raucherlebnis, egal ob Sie dichte Wolken oder kr\u00e4ftige Aromen bevorzugen.<\/p>\n<p><img decoding=\"async\" class=\"detail-desc-decorate-image\" style=\"margin-bottom: 10px;\" src=\"https:\/\/ae01.alicdn.com\/kf\/Hd67d427366224c9d807e6477fa240a99a.jpg\" \/><img decoding=\"async\" class=\"detail-desc-decorate-image\" style=\"margin-bottom: 10px;\" src=\"https:\/\/ae01.alicdn.com\/kf\/H759546aa93544133902f0b97d7f3abebt.jpg\" \/><img decoding=\"async\" class=\"detail-desc-decorate-image\" style=\"margin-bottom: 10px;\" src=\"https:\/\/ae01.alicdn.com\/kf\/He5dcbe3ec11e41fd86db6519e09c26b7m.jpg\" \/><img decoding=\"async\" class=\"detail-desc-decorate-image\" style=\"margin-bottom: 10px;\" src=\"https:\/\/ae01.alicdn.com\/kf\/H606cd89b58a8472b8a59ba2dd6acf0fbp.jpg\" \/><img decoding=\"async\" class=\"detail-desc-decorate-image\" style=\"margin-bottom: 10px;\" src=\"https:\/\/ae01.alicdn.com\/kf\/H9073c0df9980478e8eb7ef16cff9e95co.jpg\" \/><img decoding=\"async\" class=\"detail-desc-decorate-image\" style=\"margin-bottom: 10px;\" src=\"https:\/\/ae01.alicdn.com\/kf\/Hd234a6a061604619962ad7f86702c023f.jpg\" \/><\/p>\n<p>&nbsp;<\/p>","protected":false},"excerpt":{"rendered":"<p>Einer der Hauptvorteile einer keramischen Wasserpfeifenschale mit Netz ist die bessere W\u00e4rmeverteilung. Eine<\/p>","protected":false},"featured_media":13339,"comment_status":"open","ping_status":"closed","template":"","meta":{"iawp_total_views":1,"_joinchat":[]},"product_brand":[],"product_cat":[370],"product_tag":[],"class_list":{"0":"post-13338","1":"product","2":"type-product","3":"status-publish","4":"has-post-thumbnail","6":"product_cat-hookah-bowl-wholesale","8":"first","9":"instock","10":"shipping-taxable","11":"purchasable","12":"product-type-variable"},"yoast_head":"<!-- This site is optimized with the Yoast SEO Premium plugin v24.7 (Yoast SEO v26.8) - https:\/\/yoast.com\/product\/yoast-seo-premium-wordpress\/ -->\n<title>Ceramic Hookah Bowl With Net Wholesale - Global Hookah<\/title>\n<meta name=\"robots\" content=\"index, follow, max-snippet:-1, max-image-preview:large, max-video-preview:-1\" \/>\n<link rel=\"canonical\" href=\"https:\/\/global-hookah.com\/de\/pt\/produto\/tigela-de-ceramica-para-narguile-com-rede-atacado\/\" \/>\n<meta property=\"og:locale\" content=\"de_DE\" \/>\n<meta property=\"og:type\" content=\"article\" \/>\n<meta property=\"og:title\" content=\"Ceramic Hookah Bowl With Net Wholesale\" \/>\n<meta property=\"og:description\" content=\"The enhanced heat distribution capabilities of a ceramic hookah bowl with a net are one of its main benefits. An\" \/>\n<meta property=\"og:url\" content=\"https:\/\/global-hookah.com\/de\/pt\/produto\/tigela-de-ceramica-para-narguile-com-rede-atacado\/\" \/>\n<meta property=\"og:site_name\" content=\"Global Hookah\" \/>\n<meta property=\"article:modified_time\" content=\"2023-09-24T12:35:03+00:00\" \/>\n<meta property=\"og:image\" content=\"https:\/\/global-hookah.com\/wp-content\/uploads\/2023\/09\/Ceramic-Hookah-Bowl-with-Net-Nargile-Sheesha-Narguile-Chicha-Cachimbas-Dschinni-Shisha-Bowl-Hookah-Head-Accessories.jpg\" \/>\n\t<meta property=\"og:image:width\" content=\"800\" \/>\n\t<meta property=\"og:image:height\" content=\"800\" \/>\n\t<meta property=\"og:image:type\" content=\"image\/jpeg\" \/>\n<meta name=\"twitter:card\" content=\"summary_large_image\" \/>\n<meta name=\"twitter:label1\" content=\"Gesch\u00e4tzte Lesezeit\" \/>\n\t<meta name=\"twitter:data1\" content=\"2\u00a0Minuten\" \/>\n<script type=\"application\/ld+json\" class=\"yoast-schema-graph\">{\"@context\":\"https:\/\/schema.org\",\"@graph\":[{\"@type\":\"WebPage\",\"@id\":\"https:\/\/global-hookah.com\/pt\/produto\/tigela-de-ceramica-para-narguile-com-rede-atacado\/\",\"url\":\"https:\/\/global-hookah.com\/pt\/produto\/tigela-de-ceramica-para-narguile-com-rede-atacado\/\",\"name\":\"Ceramic Hookah Bowl With Net Wholesale - Global Hookah\",\"isPartOf\":{\"@id\":\"https:\/\/global-hookah.com\/#website\"},\"primaryImageOfPage\":{\"@id\":\"https:\/\/global-hookah.com\/pt\/produto\/tigela-de-ceramica-para-narguile-com-rede-atacado\/#primaryimage\"},\"image\":{\"@id\":\"https:\/\/global-hookah.com\/pt\/produto\/tigela-de-ceramica-para-narguile-com-rede-atacado\/#primaryimage\"},\"thumbnailUrl\":\"https:\/\/global-hookah.com\/wp-content\/uploads\/2023\/09\/Ceramic-Hookah-Bowl-with-Net-Nargile-Sheesha-Narguile-Chicha-Cachimbas-Dschinni-Shisha-Bowl-Hookah-Head-Accessories.jpg\",\"datePublished\":\"2023-09-02T14:34:55+00:00\",\"dateModified\":\"2023-09-24T12:35:03+00:00\",\"breadcrumb\":{\"@id\":\"https:\/\/global-hookah.com\/pt\/produto\/tigela-de-ceramica-para-narguile-com-rede-atacado\/#breadcrumb\"},\"inLanguage\":\"de\",\"potentialAction\":[{\"@type\":\"ReadAction\",\"target\":[\"https:\/\/global-hookah.com\/pt\/produto\/tigela-de-ceramica-para-narguile-com-rede-atacado\/\"]}]},{\"@type\":\"ImageObject\",\"inLanguage\":\"de\",\"@id\":\"https:\/\/global-hookah.com\/pt\/produto\/tigela-de-ceramica-para-narguile-com-rede-atacado\/#primaryimage\",\"url\":\"https:\/\/global-hookah.com\/wp-content\/uploads\/2023\/09\/Ceramic-Hookah-Bowl-with-Net-Nargile-Sheesha-Narguile-Chicha-Cachimbas-Dschinni-Shisha-Bowl-Hookah-Head-Accessories.jpg\",\"contentUrl\":\"https:\/\/global-hookah.com\/wp-content\/uploads\/2023\/09\/Ceramic-Hookah-Bowl-with-Net-Nargile-Sheesha-Narguile-Chicha-Cachimbas-Dschinni-Shisha-Bowl-Hookah-Head-Accessories.jpg\",\"width\":800,\"height\":800},{\"@type\":\"BreadcrumbList\",\"@id\":\"https:\/\/global-hookah.com\/pt\/produto\/tigela-de-ceramica-para-narguile-com-rede-atacado\/#breadcrumb\",\"itemListElement\":[{\"@type\":\"ListItem\",\"position\":1,\"name\":\"Home\",\"item\":\"https:\/\/global-hookah.com\/\"},{\"@type\":\"ListItem\",\"position\":2,\"name\":\"Shop\",\"item\":\"https:\/\/global-hookah.com\/shop\/\"},{\"@type\":\"ListItem\",\"position\":3,\"name\":\"Ceramic Hookah Bowl With Net Wholesale\"}]},{\"@type\":\"WebSite\",\"@id\":\"https:\/\/global-hookah.com\/#website\",\"url\":\"https:\/\/global-hookah.com\/\",\"name\":\"Global Hookah\",\"description\":\"Global Hookah\",\"publisher\":{\"@id\":\"https:\/\/global-hookah.com\/#organization\"},\"potentialAction\":[{\"@type\":\"SearchAction\",\"target\":{\"@type\":\"EntryPoint\",\"urlTemplate\":\"https:\/\/global-hookah.com\/?s={search_term_string}\"},\"query-input\":{\"@type\":\"PropertyValueSpecification\",\"valueRequired\":true,\"valueName\":\"search_term_string\"}}],\"inLanguage\":\"de\"},{\"@type\":\"Organization\",\"@id\":\"https:\/\/global-hookah.com\/#organization\",\"name\":\"Global Hookah\",\"url\":\"https:\/\/global-hookah.com\/\",\"logo\":{\"@type\":\"ImageObject\",\"inLanguage\":\"de\",\"@id\":\"https:\/\/global-hookah.com\/#\/schema\/logo\/image\/\",\"url\":\"https:\/\/global-hookah.com\/wp-content\/uploads\/2021\/10\/cropped-fgg.png\",\"contentUrl\":\"https:\/\/global-hookah.com\/wp-content\/uploads\/2021\/10\/cropped-fgg.png\",\"width\":512,\"height\":512,\"caption\":\"Global Hookah\"},\"image\":{\"@id\":\"https:\/\/global-hookah.com\/#\/schema\/logo\/image\/\"}}]}<\/script>\n<!-- \/ Yoast SEO Premium plugin. -->","yoast_head_json":{"title":"Keramische Wasserpfeife Sch\u00fcssel mit Netz Gro\u00dfhandel - Global Hookah","robots":{"index":"index","follow":"follow","max-snippet":"max-snippet:-1","max-image-preview":"max-image-preview:large","max-video-preview":"max-video-preview:-1"},"canonical":"https:\/\/global-hookah.com\/de\/pt\/produto\/tigela-de-ceramica-para-narguile-com-rede-atacado\/","og_locale":"de_DE","og_type":"article","og_title":"Ceramic Hookah Bowl With Net Wholesale","og_description":"The enhanced heat distribution capabilities of a ceramic hookah bowl with a net are one of its main benefits. An","og_url":"https:\/\/global-hookah.com\/de\/pt\/produto\/tigela-de-ceramica-para-narguile-com-rede-atacado\/","og_site_name":"Global Hookah","article_modified_time":"2023-09-24T12:35:03+00:00","og_image":[{"width":800,"height":800,"url":"https:\/\/global-hookah.com\/wp-content\/uploads\/2023\/09\/Ceramic-Hookah-Bowl-with-Net-Nargile-Sheesha-Narguile-Chicha-Cachimbas-Dschinni-Shisha-Bowl-Hookah-Head-Accessories.jpg","type":"image\/jpeg"}],"twitter_card":"summary_large_image","twitter_misc":{"Gesch\u00e4tzte Lesezeit":"2\u00a0Minuten"},"schema":{"@context":"https:\/\/schema.org","@graph":[{"@type":"WebPage","@id":"https:\/\/global-hookah.com\/pt\/produto\/tigela-de-ceramica-para-narguile-com-rede-atacado\/","url":"https:\/\/global-hookah.com\/pt\/produto\/tigela-de-ceramica-para-narguile-com-rede-atacado\/","name":"Keramische Wasserpfeife Sch\u00fcssel mit Netz Gro\u00dfhandel - Global Hookah","isPartOf":{"@id":"https:\/\/global-hookah.com\/#website"},"primaryImageOfPage":{"@id":"https:\/\/global-hookah.com\/pt\/produto\/tigela-de-ceramica-para-narguile-com-rede-atacado\/#primaryimage"},"image":{"@id":"https:\/\/global-hookah.com\/pt\/produto\/tigela-de-ceramica-para-narguile-com-rede-atacado\/#primaryimage"},"thumbnailUrl":"https:\/\/global-hookah.com\/wp-content\/uploads\/2023\/09\/Ceramic-Hookah-Bowl-with-Net-Nargile-Sheesha-Narguile-Chicha-Cachimbas-Dschinni-Shisha-Bowl-Hookah-Head-Accessories.jpg","datePublished":"2023-09-02T14:34:55+00:00","dateModified":"2023-09-24T12:35:03+00:00","breadcrumb":{"@id":"https:\/\/global-hookah.com\/pt\/produto\/tigela-de-ceramica-para-narguile-com-rede-atacado\/#breadcrumb"},"inLanguage":"de","potentialAction":[{"@type":"ReadAction","target":["https:\/\/global-hookah.com\/pt\/produto\/tigela-de-ceramica-para-narguile-com-rede-atacado\/"]}]},{"@type":"ImageObject","inLanguage":"de","@id":"https:\/\/global-hookah.com\/pt\/produto\/tigela-de-ceramica-para-narguile-com-rede-atacado\/#primaryimage","url":"https:\/\/global-hookah.com\/wp-content\/uploads\/2023\/09\/Ceramic-Hookah-Bowl-with-Net-Nargile-Sheesha-Narguile-Chicha-Cachimbas-Dschinni-Shisha-Bowl-Hookah-Head-Accessories.jpg","contentUrl":"https:\/\/global-hookah.com\/wp-content\/uploads\/2023\/09\/Ceramic-Hookah-Bowl-with-Net-Nargile-Sheesha-Narguile-Chicha-Cachimbas-Dschinni-Shisha-Bowl-Hookah-Head-Accessories.jpg","width":800,"height":800},{"@type":"BreadcrumbList","@id":"https:\/\/global-hookah.com\/pt\/produto\/tigela-de-ceramica-para-narguile-com-rede-atacado\/#breadcrumb","itemListElement":[{"@type":"ListItem","position":1,"name":"Home","item":"https:\/\/global-hookah.com\/"},{"@type":"ListItem","position":2,"name":"Shop","item":"https:\/\/global-hookah.com\/shop\/"},{"@type":"ListItem","position":3,"name":"Ceramic Hookah Bowl With Net Wholesale"}]},{"@type":"WebSite","@id":"https:\/\/global-hookah.com\/#website","url":"https:\/\/global-hookah.com\/","name":"Globale Wasserpfeife","description":"Globale Wasserpfeife","publisher":{"@id":"https:\/\/global-hookah.com\/#organization"},"potentialAction":[{"@type":"SearchAction","target":{"@type":"EntryPoint","urlTemplate":"https:\/\/global-hookah.com\/?s={search_term_string}"},"query-input":{"@type":"PropertyValueSpecification","valueRequired":true,"valueName":"search_term_string"}}],"inLanguage":"de"},{"@type":"Organization","@id":"https:\/\/global-hookah.com\/#organization","name":"Globale Wasserpfeife","url":"https:\/\/global-hookah.com\/","logo":{"@type":"ImageObject","inLanguage":"de","@id":"https:\/\/global-hookah.com\/#\/schema\/logo\/image\/","url":"https:\/\/global-hookah.com\/wp-content\/uploads\/2021\/10\/cropped-fgg.png","contentUrl":"https:\/\/global-hookah.com\/wp-content\/uploads\/2021\/10\/cropped-fgg.png","width":512,"height":512,"caption":"Global Hookah"},"image":{"@id":"https:\/\/global-hookah.com\/#\/schema\/logo\/image\/"}}]}},"_links":{"self":[{"href":"https:\/\/global-hookah.com\/de\/wp-json\/wp\/v2\/product\/13338","targetHints":{"allow":["GET"]}}],"collection":[{"href":"https:\/\/global-hookah.com\/de\/wp-json\/wp\/v2\/product"}],"about":[{"href":"https:\/\/global-hookah.com\/de\/wp-json\/wp\/v2\/types\/product"}],"replies":[{"embeddable":true,"href":"https:\/\/global-hookah.com\/de\/wp-json\/wp\/v2\/comments?post=13338"}],"version-history":[{"count":0,"href":"https:\/\/global-hookah.com\/de\/wp-json\/wp\/v2\/product\/13338\/revisions"}],"wp:featuredmedia":[{"embeddable":true,"href":"https:\/\/global-hookah.com\/de\/wp-json\/wp\/v2\/media\/13339"}],"wp:attachment":[{"href":"https:\/\/global-hookah.com\/de\/wp-json\/wp\/v2\/media?parent=13338"}],"wp:term":[{"taxonomy":"product_brand","embeddable":true,"href":"https:\/\/global-hookah.com\/de\/wp-json\/wp\/v2\/product_brand?post=13338"},{"taxonomy":"product_cat","embeddable":true,"href":"https:\/\/global-hookah.com\/de\/wp-json\/wp\/v2\/product_cat?post=13338"},{"taxonomy":"product_tag","embeddable":true,"href":"https:\/\/global-hookah.com\/de\/wp-json\/wp\/v2\/product_tag?post=13338"}],"curies":[{"name":"wp","href":"https:\/\/api.w.org\/{rel}","templated":true}]}}