{"id":13347,"date":"2023-09-02T14:40:26","date_gmt":"2023-09-02T14:40:26","guid":{"rendered":"https:\/\/global-hookah.com\/?post_type=product&#038;p=13347"},"modified":"2023-09-21T01:59:35","modified_gmt":"2023-09-21T01:59:35","slug":"glass-hookah-bowl-wholesale","status":"publish","type":"product","link":"https:\/\/global-hookah.com\/de\/produkt\/glass-hookah-bowl-wholesale\/","title":{"rendered":"Glas Wasserpfeife Sch\u00fcssel Gro\u00dfhandel"},"content":{"rendered":"<p>Der Geschmack ist das Wichtigste, wenn es darum geht, eine tolle Wasserpfeife zu genie\u00dfen. Die Kapazit\u00e4t der <strong>Glas Wasserpfeifenschalen<\/strong> um das Aroma zu bewahren und ein hervorragendes Geschmackserlebnis zu bieten, ist allgemein bekannt. Im Gegensatz zu anderen Materialien wie Ton oder Metall absorbiert oder ver\u00e4ndert Glas die Aromen des verwendeten Tabaks oder der Shisha nicht. Dies f\u00fchrt zu einem reinen und unverf\u00e4lschten Geschmack, indem es die eigentliche Essenz der Aromen durchscheinen l\u00e4sst.<strong> Silikon Glas Wasserpfeife Sch\u00fcssel p<\/strong>Das Ergebnis ist ein unvergleichliches Geschmackserlebnis, das mit jedem Zug Lust auf mehr macht.<\/p>\n<p>Au\u00dferdem ist die<strong> Silikonglas Wasserpfeifenk\u00f6pfe<\/strong> Die flache Oberfl\u00e4che verhindert, dass der Tabak an der Schale haften bleibt, was das Rauchen angenehmer macht und f\u00fcr ein reineres Aroma sorgt. F\u00fcr diejenigen, die gerne Wasserpfeife rauchen, bieten Glaspfeifenk\u00f6pfe Haltbarkeit und einfache Reinigung.<\/p>\n<p>Die visuelle Sch\u00f6nheit der <strong>Glas Wasserpfeifenschalen<\/strong> geh\u00f6rt zu ihren verf\u00fchrerischsten Merkmalen. Diese mit kunstvollen Mustern und lebhaften Farben gefertigten K\u00f6pfe verleihen jeder Wasserpfeife einen exquisiten Touch. Die Transparenz des Glases macht es zu einem fesselnden visuellen Erlebnis, den Rauch im Inneren der Schale zu beobachten, was das Raucherlebnis noch verst\u00e4rkt. Wenn Sie auf der Suche sind nach <a href=\"https:\/\/global-hookah.com\/product-category\/hookah-accessories-wholesale\/hookah-bowl-wholesale\/\">Gro\u00dfhandel Wasserpfeife Sch\u00fcssel<\/a> Website, wir werden Ihnen die beste Wahl treffen<\/p>","protected":false},"excerpt":{"rendered":"<p>Der Geschmack ist das Wichtigste, wenn es darum geht, eine gro\u00dfartige Wasserpfeife zu genie\u00dfen. Die Kapazit\u00e4t von Glas Wasserpfeife Schalen zu erhalten<\/p>","protected":false},"featured_media":13349,"comment_status":"open","ping_status":"closed","template":"","meta":{"iawp_total_views":3,"_joinchat":[]},"product_brand":[],"product_cat":[415],"product_tag":[],"class_list":{"0":"post-13347","1":"product","2":"type-product","3":"status-publish","4":"has-post-thumbnail","6":"product_cat-accessories","8":"first","9":"instock","10":"shipping-taxable","11":"purchasable","12":"product-type-simple"},"yoast_head":"<!-- This site is optimized with the Yoast SEO Premium plugin v24.7 (Yoast SEO v26.8) - https:\/\/yoast.com\/product\/yoast-seo-premium-wordpress\/ -->\n<title>Glass Hookah Bowl Wholesale - Global Hookah<\/title>\n<meta name=\"robots\" content=\"index, follow, max-snippet:-1, max-image-preview:large, max-video-preview:-1\" \/>\n<link rel=\"canonical\" href=\"https:\/\/global-hookah.com\/de\/produkt\/glas-hookah-schale-groshandel\/\" \/>\n<meta property=\"og:locale\" content=\"de_DE\" \/>\n<meta property=\"og:type\" content=\"article\" \/>\n<meta property=\"og:title\" content=\"Glass Hookah Bowl Wholesale\" \/>\n<meta property=\"og:description\" content=\"Flavor is paramount when it comes to having a great hookah session. The capacity of glass hookah bowls to maintain\" \/>\n<meta property=\"og:url\" content=\"https:\/\/global-hookah.com\/de\/produkt\/glas-hookah-schale-groshandel\/\" \/>\n<meta property=\"og:site_name\" content=\"Global Hookah\" \/>\n<meta property=\"article:modified_time\" content=\"2023-09-21T01:59:35+00:00\" \/>\n<meta property=\"og:image\" content=\"https:\/\/global-hookah.com\/wp-content\/uploads\/2023\/09\/\u4e3b\u56fe-01.jpg\" \/>\n\t<meta property=\"og:image:width\" content=\"1000\" \/>\n\t<meta property=\"og:image:height\" content=\"1000\" \/>\n\t<meta property=\"og:image:type\" content=\"image\/jpeg\" \/>\n<meta name=\"twitter:card\" content=\"summary_large_image\" \/>\n<meta name=\"twitter:label1\" content=\"Gesch\u00e4tzte Lesezeit\" \/>\n\t<meta name=\"twitter:data1\" content=\"1\u00a0Minute\" \/>\n<script type=\"application\/ld+json\" class=\"yoast-schema-graph\">{\"@context\":\"https:\/\/schema.org\",\"@graph\":[{\"@type\":\"WebPage\",\"@id\":\"https:\/\/global-hookah.com\/de\/produkt\/glas-hookah-schale-groshandel\/\",\"url\":\"https:\/\/global-hookah.com\/de\/produkt\/glas-hookah-schale-groshandel\/\",\"name\":\"Glass Hookah Bowl Wholesale - Global Hookah\",\"isPartOf\":{\"@id\":\"https:\/\/global-hookah.com\/#website\"},\"primaryImageOfPage\":{\"@id\":\"https:\/\/global-hookah.com\/de\/produkt\/glas-hookah-schale-groshandel\/#primaryimage\"},\"image\":{\"@id\":\"https:\/\/global-hookah.com\/de\/produkt\/glas-hookah-schale-groshandel\/#primaryimage\"},\"thumbnailUrl\":\"https:\/\/global-hookah.com\/wp-content\/uploads\/2023\/09\/\u4e3b\u56fe-01.jpg\",\"datePublished\":\"2023-09-02T14:40:26+00:00\",\"dateModified\":\"2023-09-21T01:59:35+00:00\",\"breadcrumb\":{\"@id\":\"https:\/\/global-hookah.com\/de\/produkt\/glas-hookah-schale-groshandel\/#breadcrumb\"},\"inLanguage\":\"de\",\"potentialAction\":[{\"@type\":\"ReadAction\",\"target\":[\"https:\/\/global-hookah.com\/de\/produkt\/glas-hookah-schale-groshandel\/\"]}]},{\"@type\":\"ImageObject\",\"inLanguage\":\"de\",\"@id\":\"https:\/\/global-hookah.com\/de\/produkt\/glas-hookah-schale-groshandel\/#primaryimage\",\"url\":\"https:\/\/global-hookah.com\/wp-content\/uploads\/2023\/09\/\u4e3b\u56fe-01.jpg\",\"contentUrl\":\"https:\/\/global-hookah.com\/wp-content\/uploads\/2023\/09\/\u4e3b\u56fe-01.jpg\",\"width\":1000,\"height\":1000,\"caption\":\"Glass Hookah Bowl Wholesale\"},{\"@type\":\"BreadcrumbList\",\"@id\":\"https:\/\/global-hookah.com\/de\/produkt\/glas-hookah-schale-groshandel\/#breadcrumb\",\"itemListElement\":[{\"@type\":\"ListItem\",\"position\":1,\"name\":\"Home\",\"item\":\"https:\/\/global-hookah.com\/\"},{\"@type\":\"ListItem\",\"position\":2,\"name\":\"Shop\",\"item\":\"https:\/\/global-hookah.com\/shop\/\"},{\"@type\":\"ListItem\",\"position\":3,\"name\":\"Glass Hookah Bowl Wholesale\"}]},{\"@type\":\"WebSite\",\"@id\":\"https:\/\/global-hookah.com\/#website\",\"url\":\"https:\/\/global-hookah.com\/\",\"name\":\"Global Hookah\",\"description\":\"Global Hookah\",\"publisher\":{\"@id\":\"https:\/\/global-hookah.com\/#organization\"},\"potentialAction\":[{\"@type\":\"SearchAction\",\"target\":{\"@type\":\"EntryPoint\",\"urlTemplate\":\"https:\/\/global-hookah.com\/?s={search_term_string}\"},\"query-input\":{\"@type\":\"PropertyValueSpecification\",\"valueRequired\":true,\"valueName\":\"search_term_string\"}}],\"inLanguage\":\"de\"},{\"@type\":\"Organization\",\"@id\":\"https:\/\/global-hookah.com\/#organization\",\"name\":\"Global Hookah\",\"url\":\"https:\/\/global-hookah.com\/\",\"logo\":{\"@type\":\"ImageObject\",\"inLanguage\":\"de\",\"@id\":\"https:\/\/global-hookah.com\/#\/schema\/logo\/image\/\",\"url\":\"https:\/\/global-hookah.com\/wp-content\/uploads\/2021\/10\/cropped-fgg.png\",\"contentUrl\":\"https:\/\/global-hookah.com\/wp-content\/uploads\/2021\/10\/cropped-fgg.png\",\"width\":512,\"height\":512,\"caption\":\"Global Hookah\"},\"image\":{\"@id\":\"https:\/\/global-hookah.com\/#\/schema\/logo\/image\/\"}}]}<\/script>\n<!-- \/ Yoast SEO Premium plugin. -->","yoast_head_json":{"title":"Glas Wasserpfeife Sch\u00fcssel Gro\u00dfhandel - Global Hookah","robots":{"index":"index","follow":"follow","max-snippet":"max-snippet:-1","max-image-preview":"max-image-preview:large","max-video-preview":"max-video-preview:-1"},"canonical":"https:\/\/global-hookah.com\/de\/produkt\/glas-hookah-schale-groshandel\/","og_locale":"de_DE","og_type":"article","og_title":"Glass Hookah Bowl Wholesale","og_description":"Flavor is paramount when it comes to having a great hookah session. The capacity of glass hookah bowls to maintain","og_url":"https:\/\/global-hookah.com\/de\/produkt\/glas-hookah-schale-groshandel\/","og_site_name":"Global Hookah","article_modified_time":"2023-09-21T01:59:35+00:00","og_image":[{"width":1000,"height":1000,"url":"https:\/\/global-hookah.com\/wp-content\/uploads\/2023\/09\/\u4e3b\u56fe-01.jpg","type":"image\/jpeg"}],"twitter_card":"summary_large_image","twitter_misc":{"Gesch\u00e4tzte Lesezeit":"1\u00a0Minute"},"schema":{"@context":"https:\/\/schema.org","@graph":[{"@type":"WebPage","@id":"https:\/\/global-hookah.com\/de\/produkt\/glas-hookah-schale-groshandel\/","url":"https:\/\/global-hookah.com\/de\/produkt\/glas-hookah-schale-groshandel\/","name":"Glas Wasserpfeife Sch\u00fcssel Gro\u00dfhandel - Global Hookah","isPartOf":{"@id":"https:\/\/global-hookah.com\/#website"},"primaryImageOfPage":{"@id":"https:\/\/global-hookah.com\/de\/produkt\/glas-hookah-schale-groshandel\/#primaryimage"},"image":{"@id":"https:\/\/global-hookah.com\/de\/produkt\/glas-hookah-schale-groshandel\/#primaryimage"},"thumbnailUrl":"https:\/\/global-hookah.com\/wp-content\/uploads\/2023\/09\/\u4e3b\u56fe-01.jpg","datePublished":"2023-09-02T14:40:26+00:00","dateModified":"2023-09-21T01:59:35+00:00","breadcrumb":{"@id":"https:\/\/global-hookah.com\/de\/produkt\/glas-hookah-schale-groshandel\/#breadcrumb"},"inLanguage":"de","potentialAction":[{"@type":"ReadAction","target":["https:\/\/global-hookah.com\/de\/produkt\/glas-hookah-schale-groshandel\/"]}]},{"@type":"ImageObject","inLanguage":"de","@id":"https:\/\/global-hookah.com\/de\/produkt\/glas-hookah-schale-groshandel\/#primaryimage","url":"https:\/\/global-hookah.com\/wp-content\/uploads\/2023\/09\/\u4e3b\u56fe-01.jpg","contentUrl":"https:\/\/global-hookah.com\/wp-content\/uploads\/2023\/09\/\u4e3b\u56fe-01.jpg","width":1000,"height":1000,"caption":"Glass Hookah Bowl Wholesale"},{"@type":"BreadcrumbList","@id":"https:\/\/global-hookah.com\/de\/produkt\/glas-hookah-schale-groshandel\/#breadcrumb","itemListElement":[{"@type":"ListItem","position":1,"name":"Home","item":"https:\/\/global-hookah.com\/"},{"@type":"ListItem","position":2,"name":"Shop","item":"https:\/\/global-hookah.com\/shop\/"},{"@type":"ListItem","position":3,"name":"Glass Hookah Bowl Wholesale"}]},{"@type":"WebSite","@id":"https:\/\/global-hookah.com\/#website","url":"https:\/\/global-hookah.com\/","name":"Globale Wasserpfeife","description":"Globale Wasserpfeife","publisher":{"@id":"https:\/\/global-hookah.com\/#organization"},"potentialAction":[{"@type":"SearchAction","target":{"@type":"EntryPoint","urlTemplate":"https:\/\/global-hookah.com\/?s={search_term_string}"},"query-input":{"@type":"PropertyValueSpecification","valueRequired":true,"valueName":"search_term_string"}}],"inLanguage":"de"},{"@type":"Organization","@id":"https:\/\/global-hookah.com\/#organization","name":"Globale Wasserpfeife","url":"https:\/\/global-hookah.com\/","logo":{"@type":"ImageObject","inLanguage":"de","@id":"https:\/\/global-hookah.com\/#\/schema\/logo\/image\/","url":"https:\/\/global-hookah.com\/wp-content\/uploads\/2021\/10\/cropped-fgg.png","contentUrl":"https:\/\/global-hookah.com\/wp-content\/uploads\/2021\/10\/cropped-fgg.png","width":512,"height":512,"caption":"Global Hookah"},"image":{"@id":"https:\/\/global-hookah.com\/#\/schema\/logo\/image\/"}}]}},"_links":{"self":[{"href":"https:\/\/global-hookah.com\/de\/wp-json\/wp\/v2\/product\/13347","targetHints":{"allow":["GET"]}}],"collection":[{"href":"https:\/\/global-hookah.com\/de\/wp-json\/wp\/v2\/product"}],"about":[{"href":"https:\/\/global-hookah.com\/de\/wp-json\/wp\/v2\/types\/product"}],"replies":[{"embeddable":true,"href":"https:\/\/global-hookah.com\/de\/wp-json\/wp\/v2\/comments?post=13347"}],"version-history":[{"count":0,"href":"https:\/\/global-hookah.com\/de\/wp-json\/wp\/v2\/product\/13347\/revisions"}],"wp:featuredmedia":[{"embeddable":true,"href":"https:\/\/global-hookah.com\/de\/wp-json\/wp\/v2\/media\/13349"}],"wp:attachment":[{"href":"https:\/\/global-hookah.com\/de\/wp-json\/wp\/v2\/media?parent=13347"}],"wp:term":[{"taxonomy":"product_brand","embeddable":true,"href":"https:\/\/global-hookah.com\/de\/wp-json\/wp\/v2\/product_brand?post=13347"},{"taxonomy":"product_cat","embeddable":true,"href":"https:\/\/global-hookah.com\/de\/wp-json\/wp\/v2\/product_cat?post=13347"},{"taxonomy":"product_tag","embeddable":true,"href":"https:\/\/global-hookah.com\/de\/wp-json\/wp\/v2\/product_tag?post=13347"}],"curies":[{"name":"wp","href":"https:\/\/api.w.org\/{rel}","templated":true}]}}