{"id":13363,"date":"2023-09-02T14:51:20","date_gmt":"2023-09-02T14:51:20","guid":{"rendered":"https:\/\/global-hookah.com\/?post_type=product&#038;p=13363"},"modified":"2023-09-21T01:37:51","modified_gmt":"2023-09-21T01:37:51","slug":"hookah-bowl-with-cover-wholesale","status":"publish","type":"product","link":"https:\/\/global-hookah.com\/de\/produkt\/hookah-bowl-with-cover-wholesale\/","title":{"rendered":"Hookah Sch\u00fcssel mit Deckel Gro\u00dfhandel"},"content":{"rendered":"<p>A <strong>Wasserpfeifenkopf mit Deckel<\/strong> Einer der wichtigsten Produktvorteile ist die F\u00e4higkeit, die W\u00e4rme besser zu steuern, was zu einer l\u00e4ngeren Rauchdauer f\u00fchrt. Dieses Design erm\u00f6glicht eine bessere Kontrolle \u00fcber die W\u00e4rmeverteilung im Inneren der Schale durch den Einsatz eines Deckels. Der Deckel dient als Barriere, die verhindert, dass \u00fcbersch\u00fcssige W\u00e4rme verdampft, und sorgt daf\u00fcr, dass sie sich richtig in der Tabak- oder Kr\u00e4uterkombination verteilt.<br \/>\nDurch die effektive Steuerung der Hitze dauert jede Sitzung l\u00e4nger und der Geschmack des Rauchs wird verbessert. Benutzer von Wasserpfeifenschalen mit Deckel k\u00f6nnen die Vorteile l\u00e4ngerer und angenehmerer Rauchsitzungen nutzen, ohne sich um die st\u00e4ndige \u00dcberpr\u00fcfung und \u00c4nderung der Hitzeeinstellungen k\u00fcmmern zu m\u00fcssen.<\/p>\n<p>Bei Wasserpfeifen-Sessions im Freien kann der Wind h\u00e4ufig das ganze Erlebnis ruinieren. Durch die Verwendung eines Wasserpfeifenkopfes mit Deckel wird dieses Problem jedoch wirksam beseitigt. Dar\u00fcber hinaus gibt es die folgenden Vorteile<\/p>\n<p>1.<a href=\"https:\/\/global-hookah.com\/product\/bar-aluminum-social-smoke-hookah-pipe\/\">Das Rauchen im Freien ist der \u00fcbliche Zweck der Wasserpfeife<\/a> Windschutz, k\u00f6nnen aber auch in Innenr\u00e4umen verwendet werden.<\/p>\n<p>(2) Sie k\u00f6nnen diese W\u00e4rme-Management-Bildschirm anstelle der konventionellen Wasserpfeife Folie, die die Wasserpfeife Schalen bedeckt verwenden.<\/p>\n<p>3) Ein Windschutz hilft Ihnen, Ihre Holzkohle vor dem Einfluss von Wind oder Luftstr\u00f6mungen in Form von Zugluft zu sch\u00fctzen.<\/p>\n<p>(4) Die Abdeckung wirkt wie ein Schutzschild und verhindert, dass der Wind den Tabak oder die brennende Kohle im Inneren der Schale direkt angreift. Diese Funktion garantiert eine konstante Temperatur und erm\u00f6glicht eine ununterbrochene Rauchsitzung. Die Benutzer k\u00f6nnen sanftere und l\u00e4nger anhaltende Wasserpfeifen-Sitzungen genie\u00dfen, ohne st\u00e4ndig ihre Kohlen anpassen oder neu anz\u00fcnden zu m\u00fcssen, indem sie Windst\u00f6rungen vermeiden.<\/p>\n<p>5. erm\u00f6glicht es Ihnen, die komplexen Aromen und D\u00fcfte des Tabaks voll auszukosten, was Ihr Raucherlebnis noch angenehmer und erf\u00fcllender macht.<\/p>\n<p>Die <strong>Hookah Schale mit Deckel<\/strong> dient als Barriere, die die Schale sauber h\u00e4lt und f\u00fcr einen guten Luftstrom sorgt, indem sie verhindert, dass Asche und Schutt in die Schale fallen. Wenn Sie an diesem Produkt interessiert sind <strong>Hookah Schale mit Deckel<\/strong>, k\u00f6nnen Sie uns f\u00fcr den Gro\u00dfhandel kontaktieren, sonst Dar\u00fcber hinaus k\u00f6nnen wir auch <a href=\"https:\/\/global-hookah.com\/product-category\/hookah-accessories-wholesale\/hookah-bowl-wholesale\/\">Gro\u00dfhandel verschiedene Arten von Wasserpfeifenschalen<\/a><\/p>","protected":false},"excerpt":{"rendered":"<p>Ein Wasserpfeifenkopf mit Deckel bietet eine bessere W\u00e4rmeregulierung, was zu einer l\u00e4ngeren Rauchdauer f\u00fchrt.<\/p>","protected":false},"featured_media":13366,"comment_status":"open","ping_status":"closed","template":"","meta":{"iawp_total_views":4,"_joinchat":[]},"product_brand":[],"product_cat":[370],"product_tag":[],"class_list":{"0":"post-13363","1":"product","2":"type-product","3":"status-publish","4":"has-post-thumbnail","6":"product_cat-hookah-bowl-wholesale","8":"first","9":"instock","10":"shipping-taxable","11":"purchasable","12":"product-type-simple"},"yoast_head":"<!-- This site is optimized with the Yoast SEO Premium plugin v24.7 (Yoast SEO v26.8) - https:\/\/yoast.com\/product\/yoast-seo-premium-wordpress\/ -->\n<title>Hookah Bowl With Cover Wholesale - Global Hookah<\/title>\n<meta name=\"robots\" content=\"index, follow, max-snippet:-1, max-image-preview:large, max-video-preview:-1\" \/>\n<link rel=\"canonical\" href=\"https:\/\/global-hookah.com\/de\/produkt\/hookah-bowl-with-cover-wholesale\/\" \/>\n<meta property=\"og:locale\" content=\"de_DE\" \/>\n<meta property=\"og:type\" content=\"article\" \/>\n<meta property=\"og:title\" content=\"Hookah Bowl With Cover Wholesale\" \/>\n<meta property=\"og:description\" content=\"A hookah bowl with a cover&#8217;s capacity to provide better heat management, which results in a smoking session that lasts\" \/>\n<meta property=\"og:url\" content=\"https:\/\/global-hookah.com\/de\/produkt\/hookah-bowl-with-cover-wholesale\/\" \/>\n<meta property=\"og:site_name\" content=\"Global Hookah\" \/>\n<meta property=\"article:modified_time\" content=\"2023-09-21T01:37:51+00:00\" \/>\n<meta property=\"og:image\" content=\"https:\/\/global-hookah.com\/wp-content\/uploads\/2023\/09\/\u4e3b\u56fe-03-2.jpg\" \/>\n\t<meta property=\"og:image:width\" content=\"1000\" \/>\n\t<meta property=\"og:image:height\" content=\"1000\" \/>\n\t<meta property=\"og:image:type\" content=\"image\/jpeg\" \/>\n<meta name=\"twitter:card\" content=\"summary_large_image\" \/>\n<meta name=\"twitter:label1\" content=\"Gesch\u00e4tzte Lesezeit\" \/>\n\t<meta name=\"twitter:data1\" content=\"2\u00a0Minuten\" \/>\n<script type=\"application\/ld+json\" class=\"yoast-schema-graph\">{\"@context\":\"https:\/\/schema.org\",\"@graph\":[{\"@type\":\"WebPage\",\"@id\":\"https:\/\/global-hookah.com\/product\/hookah-bowl-with-cover-wholesale\/\",\"url\":\"https:\/\/global-hookah.com\/product\/hookah-bowl-with-cover-wholesale\/\",\"name\":\"Hookah Bowl With Cover Wholesale - Global Hookah\",\"isPartOf\":{\"@id\":\"https:\/\/global-hookah.com\/#website\"},\"primaryImageOfPage\":{\"@id\":\"https:\/\/global-hookah.com\/product\/hookah-bowl-with-cover-wholesale\/#primaryimage\"},\"image\":{\"@id\":\"https:\/\/global-hookah.com\/product\/hookah-bowl-with-cover-wholesale\/#primaryimage\"},\"thumbnailUrl\":\"https:\/\/global-hookah.com\/wp-content\/uploads\/2023\/09\/\u4e3b\u56fe-03-2.jpg\",\"datePublished\":\"2023-09-02T14:51:20+00:00\",\"dateModified\":\"2023-09-21T01:37:51+00:00\",\"breadcrumb\":{\"@id\":\"https:\/\/global-hookah.com\/product\/hookah-bowl-with-cover-wholesale\/#breadcrumb\"},\"inLanguage\":\"de\",\"potentialAction\":[{\"@type\":\"ReadAction\",\"target\":[\"https:\/\/global-hookah.com\/product\/hookah-bowl-with-cover-wholesale\/\"]}]},{\"@type\":\"ImageObject\",\"inLanguage\":\"de\",\"@id\":\"https:\/\/global-hookah.com\/product\/hookah-bowl-with-cover-wholesale\/#primaryimage\",\"url\":\"https:\/\/global-hookah.com\/wp-content\/uploads\/2023\/09\/\u4e3b\u56fe-03-2.jpg\",\"contentUrl\":\"https:\/\/global-hookah.com\/wp-content\/uploads\/2023\/09\/\u4e3b\u56fe-03-2.jpg\",\"width\":1000,\"height\":1000,\"caption\":\"Hookah Bowl With Cover Wholesale\"},{\"@type\":\"BreadcrumbList\",\"@id\":\"https:\/\/global-hookah.com\/product\/hookah-bowl-with-cover-wholesale\/#breadcrumb\",\"itemListElement\":[{\"@type\":\"ListItem\",\"position\":1,\"name\":\"Home\",\"item\":\"https:\/\/global-hookah.com\/\"},{\"@type\":\"ListItem\",\"position\":2,\"name\":\"Shop\",\"item\":\"https:\/\/global-hookah.com\/shop\/\"},{\"@type\":\"ListItem\",\"position\":3,\"name\":\"Hookah Bowl With Cover Wholesale\"}]},{\"@type\":\"WebSite\",\"@id\":\"https:\/\/global-hookah.com\/#website\",\"url\":\"https:\/\/global-hookah.com\/\",\"name\":\"Global Hookah\",\"description\":\"Global Hookah\",\"publisher\":{\"@id\":\"https:\/\/global-hookah.com\/#organization\"},\"potentialAction\":[{\"@type\":\"SearchAction\",\"target\":{\"@type\":\"EntryPoint\",\"urlTemplate\":\"https:\/\/global-hookah.com\/?s={search_term_string}\"},\"query-input\":{\"@type\":\"PropertyValueSpecification\",\"valueRequired\":true,\"valueName\":\"search_term_string\"}}],\"inLanguage\":\"de\"},{\"@type\":\"Organization\",\"@id\":\"https:\/\/global-hookah.com\/#organization\",\"name\":\"Global Hookah\",\"url\":\"https:\/\/global-hookah.com\/\",\"logo\":{\"@type\":\"ImageObject\",\"inLanguage\":\"de\",\"@id\":\"https:\/\/global-hookah.com\/#\/schema\/logo\/image\/\",\"url\":\"https:\/\/global-hookah.com\/wp-content\/uploads\/2021\/10\/cropped-fgg.png\",\"contentUrl\":\"https:\/\/global-hookah.com\/wp-content\/uploads\/2021\/10\/cropped-fgg.png\",\"width\":512,\"height\":512,\"caption\":\"Global Hookah\"},\"image\":{\"@id\":\"https:\/\/global-hookah.com\/#\/schema\/logo\/image\/\"}}]}<\/script>\n<!-- \/ Yoast SEO Premium plugin. -->","yoast_head_json":{"title":"Wasserpfeife Sch\u00fcssel mit Deckel Gro\u00dfhandel - Global Hookah","robots":{"index":"index","follow":"follow","max-snippet":"max-snippet:-1","max-image-preview":"max-image-preview:large","max-video-preview":"max-video-preview:-1"},"canonical":"https:\/\/global-hookah.com\/de\/produkt\/hookah-bowl-with-cover-wholesale\/","og_locale":"de_DE","og_type":"article","og_title":"Hookah Bowl With Cover Wholesale","og_description":"A hookah bowl with a cover&#8217;s capacity to provide better heat management, which results in a smoking session that lasts","og_url":"https:\/\/global-hookah.com\/de\/produkt\/hookah-bowl-with-cover-wholesale\/","og_site_name":"Global Hookah","article_modified_time":"2023-09-21T01:37:51+00:00","og_image":[{"width":1000,"height":1000,"url":"https:\/\/global-hookah.com\/wp-content\/uploads\/2023\/09\/\u4e3b\u56fe-03-2.jpg","type":"image\/jpeg"}],"twitter_card":"summary_large_image","twitter_misc":{"Gesch\u00e4tzte Lesezeit":"2\u00a0Minuten"},"schema":{"@context":"https:\/\/schema.org","@graph":[{"@type":"WebPage","@id":"https:\/\/global-hookah.com\/product\/hookah-bowl-with-cover-wholesale\/","url":"https:\/\/global-hookah.com\/product\/hookah-bowl-with-cover-wholesale\/","name":"Wasserpfeife Sch\u00fcssel mit Deckel Gro\u00dfhandel - Global Hookah","isPartOf":{"@id":"https:\/\/global-hookah.com\/#website"},"primaryImageOfPage":{"@id":"https:\/\/global-hookah.com\/product\/hookah-bowl-with-cover-wholesale\/#primaryimage"},"image":{"@id":"https:\/\/global-hookah.com\/product\/hookah-bowl-with-cover-wholesale\/#primaryimage"},"thumbnailUrl":"https:\/\/global-hookah.com\/wp-content\/uploads\/2023\/09\/\u4e3b\u56fe-03-2.jpg","datePublished":"2023-09-02T14:51:20+00:00","dateModified":"2023-09-21T01:37:51+00:00","breadcrumb":{"@id":"https:\/\/global-hookah.com\/product\/hookah-bowl-with-cover-wholesale\/#breadcrumb"},"inLanguage":"de","potentialAction":[{"@type":"ReadAction","target":["https:\/\/global-hookah.com\/product\/hookah-bowl-with-cover-wholesale\/"]}]},{"@type":"ImageObject","inLanguage":"de","@id":"https:\/\/global-hookah.com\/product\/hookah-bowl-with-cover-wholesale\/#primaryimage","url":"https:\/\/global-hookah.com\/wp-content\/uploads\/2023\/09\/\u4e3b\u56fe-03-2.jpg","contentUrl":"https:\/\/global-hookah.com\/wp-content\/uploads\/2023\/09\/\u4e3b\u56fe-03-2.jpg","width":1000,"height":1000,"caption":"Hookah Bowl With Cover Wholesale"},{"@type":"BreadcrumbList","@id":"https:\/\/global-hookah.com\/product\/hookah-bowl-with-cover-wholesale\/#breadcrumb","itemListElement":[{"@type":"ListItem","position":1,"name":"Home","item":"https:\/\/global-hookah.com\/"},{"@type":"ListItem","position":2,"name":"Shop","item":"https:\/\/global-hookah.com\/shop\/"},{"@type":"ListItem","position":3,"name":"Hookah Bowl With Cover Wholesale"}]},{"@type":"WebSite","@id":"https:\/\/global-hookah.com\/#website","url":"https:\/\/global-hookah.com\/","name":"Globale Wasserpfeife","description":"Globale Wasserpfeife","publisher":{"@id":"https:\/\/global-hookah.com\/#organization"},"potentialAction":[{"@type":"SearchAction","target":{"@type":"EntryPoint","urlTemplate":"https:\/\/global-hookah.com\/?s={search_term_string}"},"query-input":{"@type":"PropertyValueSpecification","valueRequired":true,"valueName":"search_term_string"}}],"inLanguage":"de"},{"@type":"Organization","@id":"https:\/\/global-hookah.com\/#organization","name":"Globale Wasserpfeife","url":"https:\/\/global-hookah.com\/","logo":{"@type":"ImageObject","inLanguage":"de","@id":"https:\/\/global-hookah.com\/#\/schema\/logo\/image\/","url":"https:\/\/global-hookah.com\/wp-content\/uploads\/2021\/10\/cropped-fgg.png","contentUrl":"https:\/\/global-hookah.com\/wp-content\/uploads\/2021\/10\/cropped-fgg.png","width":512,"height":512,"caption":"Global Hookah"},"image":{"@id":"https:\/\/global-hookah.com\/#\/schema\/logo\/image\/"}}]}},"_links":{"self":[{"href":"https:\/\/global-hookah.com\/de\/wp-json\/wp\/v2\/product\/13363","targetHints":{"allow":["GET"]}}],"collection":[{"href":"https:\/\/global-hookah.com\/de\/wp-json\/wp\/v2\/product"}],"about":[{"href":"https:\/\/global-hookah.com\/de\/wp-json\/wp\/v2\/types\/product"}],"replies":[{"embeddable":true,"href":"https:\/\/global-hookah.com\/de\/wp-json\/wp\/v2\/comments?post=13363"}],"version-history":[{"count":0,"href":"https:\/\/global-hookah.com\/de\/wp-json\/wp\/v2\/product\/13363\/revisions"}],"wp:featuredmedia":[{"embeddable":true,"href":"https:\/\/global-hookah.com\/de\/wp-json\/wp\/v2\/media\/13366"}],"wp:attachment":[{"href":"https:\/\/global-hookah.com\/de\/wp-json\/wp\/v2\/media?parent=13363"}],"wp:term":[{"taxonomy":"product_brand","embeddable":true,"href":"https:\/\/global-hookah.com\/de\/wp-json\/wp\/v2\/product_brand?post=13363"},{"taxonomy":"product_cat","embeddable":true,"href":"https:\/\/global-hookah.com\/de\/wp-json\/wp\/v2\/product_cat?post=13363"},{"taxonomy":"product_tag","embeddable":true,"href":"https:\/\/global-hookah.com\/de\/wp-json\/wp\/v2\/product_tag?post=13363"}],"curies":[{"name":"wp","href":"https:\/\/api.w.org\/{rel}","templated":true}]}}