{"id":13422,"date":"2023-09-10T08:04:38","date_gmt":"2023-09-10T08:04:38","guid":{"rendered":"https:\/\/global-hookah.com\/?post_type=product&#038;p=13422"},"modified":"2023-10-31T14:08:21","modified_gmt":"2023-10-31T14:08:21","slug":"wholesale-herbal-bong-2","status":"publish","type":"product","link":"https:\/\/global-hookah.com\/de\/produkt\/wholesale-herbal-bong-2\/","title":{"rendered":"Gro\u00dfhandel Herbal Bong"},"content":{"rendered":"<p><strong>Kr\u00e4uterbongs<\/strong> sind eine hervorragende M\u00f6glichkeit, Ihre Lieblingskr\u00e4uter zu r\u00e4uchern. Sie k\u00f6nnen damit viele verschiedene Arten von Kr\u00e4utern r\u00e4uchern.<\/p>\n<p>Ein Diffusor-Perkolator und ein Eisauffangbeh\u00e4lter sind in diesem <strong>Glas-Kr\u00e4uterbongs<\/strong> . Bevor er in die Lippen gelangt, teilt der Diffusor-Perkolator den Rauch in kleinere Blasen auf, vergr\u00f6\u00dfert die Oberfl\u00e4che und k\u00fchlt den Rauch. Dies f\u00fchrt zu einem Zug, der wesentlich glatter ist.<\/p>\n<p>Und alles, was Sie tun m\u00fcssen, ist: Das Kraut wird in eine Kammer gelegt und dann wird die Schale Ihrer Wahl darauf gestellt. Dann z\u00fcndest Du das Kraut an und inhalierst durch das Mundst\u00fcck, w\u00e4hrend Du den Vergaser gedr\u00fcckt h\u00e4ltst. Der Rauch wird durch Wasser geleitet, das die meisten unerw\u00fcnschten Partikel herausfiltert und das Inhalieren erleichtert.<\/p>\n<p>Unsere Sammlung umfasst eine Auswahl von <strong>Premium-Glasbongs<\/strong> und <a href=\"https:\/\/global-hookah.com\/product\/medium-size-four-tube-acrylic-crystal-glass-hookah-set-wholesale\/\">Acryl-Bongs<\/a> die in verschiedenen Farben wie blau, gr\u00fcn, lila und mehr erh\u00e4ltlich sind! Wir bieten unseren Kunden auch Gro\u00dfhandelspreise f\u00fcr alle unsere <strong>Kr\u00e4uterbongs mit Perkolatoren<\/strong> damit sie den bestm\u00f6glichen Gegenwert f\u00fcr ihr Geld erhalten<a href=\"https:\/\/global-hookah.com\/product-category\/bong-wholesale\/\"> durch Kauf in gro\u00dfen Mengen<\/a>.<\/p>","protected":false},"excerpt":{"rendered":"<p>Kr\u00e4uterbongs sind eine hervorragende M\u00f6glichkeit, Ihre Lieblingskr\u00e4uter zu rauchen. Sie k\u00f6nnen damit viele verschiedene Arten rauchen<\/p>","protected":false},"featured_media":13425,"comment_status":"closed","ping_status":"closed","template":"","meta":{"iawp_total_views":0,"_joinchat":[]},"product_brand":[],"product_cat":[249],"product_tag":[],"class_list":{"0":"post-13422","1":"product","2":"type-product","3":"status-publish","4":"has-post-thumbnail","6":"product_cat-bong-wholesale","8":"first","9":"instock","10":"shipping-taxable","11":"product-type-simple"},"yoast_head":"<!-- This site is optimized with the Yoast SEO Premium plugin v24.7 (Yoast SEO v26.8) - https:\/\/yoast.com\/product\/yoast-seo-premium-wordpress\/ -->\n<title>Wholesale Herbal Bong - Global Hookah<\/title>\n<meta name=\"robots\" content=\"index, follow, max-snippet:-1, max-image-preview:large, max-video-preview:-1\" \/>\n<link rel=\"canonical\" href=\"https:\/\/global-hookah.com\/de\/produkt\/wholesale-herbal-bong-2\/\" \/>\n<meta property=\"og:locale\" content=\"de_DE\" \/>\n<meta property=\"og:type\" content=\"article\" \/>\n<meta property=\"og:title\" content=\"Wholesale Herbal Bong\" \/>\n<meta property=\"og:description\" content=\"Herbal bongs are an excellent way to smoke your favorite herbs. You can use it to smoke many different types\" \/>\n<meta property=\"og:url\" content=\"https:\/\/global-hookah.com\/de\/produkt\/wholesale-herbal-bong-2\/\" \/>\n<meta property=\"og:site_name\" content=\"Global Hookah\" \/>\n<meta property=\"article:modified_time\" content=\"2023-10-31T14:08:21+00:00\" \/>\n<meta property=\"og:image\" content=\"https:\/\/global-hookah.com\/wp-content\/uploads\/2023\/09\/\u4e3b\u56fe-00-1.jpg\" \/>\n\t<meta property=\"og:image:width\" content=\"1000\" \/>\n\t<meta property=\"og:image:height\" content=\"1000\" \/>\n\t<meta property=\"og:image:type\" content=\"image\/jpeg\" \/>\n<meta name=\"twitter:card\" content=\"summary_large_image\" \/>\n<meta name=\"twitter:label1\" content=\"Gesch\u00e4tzte Lesezeit\" \/>\n\t<meta name=\"twitter:data1\" content=\"1\u00a0Minute\" \/>\n<script type=\"application\/ld+json\" class=\"yoast-schema-graph\">{\"@context\":\"https:\/\/schema.org\",\"@graph\":[{\"@type\":\"WebPage\",\"@id\":\"https:\/\/global-hookah.com\/product\/wholesale-herbal-bong-2\/\",\"url\":\"https:\/\/global-hookah.com\/product\/wholesale-herbal-bong-2\/\",\"name\":\"Wholesale Herbal Bong - Global Hookah\",\"isPartOf\":{\"@id\":\"https:\/\/global-hookah.com\/#website\"},\"primaryImageOfPage\":{\"@id\":\"https:\/\/global-hookah.com\/product\/wholesale-herbal-bong-2\/#primaryimage\"},\"image\":{\"@id\":\"https:\/\/global-hookah.com\/product\/wholesale-herbal-bong-2\/#primaryimage\"},\"thumbnailUrl\":\"https:\/\/global-hookah.com\/wp-content\/uploads\/2023\/09\/\u4e3b\u56fe-00-1.jpg\",\"datePublished\":\"2023-09-10T08:04:38+00:00\",\"dateModified\":\"2023-10-31T14:08:21+00:00\",\"breadcrumb\":{\"@id\":\"https:\/\/global-hookah.com\/product\/wholesale-herbal-bong-2\/#breadcrumb\"},\"inLanguage\":\"de\",\"potentialAction\":[{\"@type\":\"ReadAction\",\"target\":[\"https:\/\/global-hookah.com\/product\/wholesale-herbal-bong-2\/\"]}]},{\"@type\":\"ImageObject\",\"inLanguage\":\"de\",\"@id\":\"https:\/\/global-hookah.com\/product\/wholesale-herbal-bong-2\/#primaryimage\",\"url\":\"https:\/\/global-hookah.com\/wp-content\/uploads\/2023\/09\/\u4e3b\u56fe-00-1.jpg\",\"contentUrl\":\"https:\/\/global-hookah.com\/wp-content\/uploads\/2023\/09\/\u4e3b\u56fe-00-1.jpg\",\"width\":1000,\"height\":1000,\"caption\":\"Wholesale Herbal Bong\"},{\"@type\":\"BreadcrumbList\",\"@id\":\"https:\/\/global-hookah.com\/product\/wholesale-herbal-bong-2\/#breadcrumb\",\"itemListElement\":[{\"@type\":\"ListItem\",\"position\":1,\"name\":\"Home\",\"item\":\"https:\/\/global-hookah.com\/\"},{\"@type\":\"ListItem\",\"position\":2,\"name\":\"Shop\",\"item\":\"https:\/\/global-hookah.com\/shop\/\"},{\"@type\":\"ListItem\",\"position\":3,\"name\":\"Wholesale Herbal Bong\"}]},{\"@type\":\"WebSite\",\"@id\":\"https:\/\/global-hookah.com\/#website\",\"url\":\"https:\/\/global-hookah.com\/\",\"name\":\"Global Hookah\",\"description\":\"Global Hookah\",\"publisher\":{\"@id\":\"https:\/\/global-hookah.com\/#organization\"},\"potentialAction\":[{\"@type\":\"SearchAction\",\"target\":{\"@type\":\"EntryPoint\",\"urlTemplate\":\"https:\/\/global-hookah.com\/?s={search_term_string}\"},\"query-input\":{\"@type\":\"PropertyValueSpecification\",\"valueRequired\":true,\"valueName\":\"search_term_string\"}}],\"inLanguage\":\"de\"},{\"@type\":\"Organization\",\"@id\":\"https:\/\/global-hookah.com\/#organization\",\"name\":\"Global Hookah\",\"url\":\"https:\/\/global-hookah.com\/\",\"logo\":{\"@type\":\"ImageObject\",\"inLanguage\":\"de\",\"@id\":\"https:\/\/global-hookah.com\/#\/schema\/logo\/image\/\",\"url\":\"https:\/\/global-hookah.com\/wp-content\/uploads\/2021\/10\/cropped-fgg.png\",\"contentUrl\":\"https:\/\/global-hookah.com\/wp-content\/uploads\/2021\/10\/cropped-fgg.png\",\"width\":512,\"height\":512,\"caption\":\"Global Hookah\"},\"image\":{\"@id\":\"https:\/\/global-hookah.com\/#\/schema\/logo\/image\/\"}}]}<\/script>\n<!-- \/ Yoast SEO Premium plugin. -->","yoast_head_json":{"title":"Gro\u00dfhandel Herbal Bong - Global Hookah","robots":{"index":"index","follow":"follow","max-snippet":"max-snippet:-1","max-image-preview":"max-image-preview:large","max-video-preview":"max-video-preview:-1"},"canonical":"https:\/\/global-hookah.com\/de\/produkt\/wholesale-herbal-bong-2\/","og_locale":"de_DE","og_type":"article","og_title":"Wholesale Herbal Bong","og_description":"Herbal bongs are an excellent way to smoke your favorite herbs. You can use it to smoke many different types","og_url":"https:\/\/global-hookah.com\/de\/produkt\/wholesale-herbal-bong-2\/","og_site_name":"Global Hookah","article_modified_time":"2023-10-31T14:08:21+00:00","og_image":[{"width":1000,"height":1000,"url":"https:\/\/global-hookah.com\/wp-content\/uploads\/2023\/09\/\u4e3b\u56fe-00-1.jpg","type":"image\/jpeg"}],"twitter_card":"summary_large_image","twitter_misc":{"Gesch\u00e4tzte Lesezeit":"1\u00a0Minute"},"schema":{"@context":"https:\/\/schema.org","@graph":[{"@type":"WebPage","@id":"https:\/\/global-hookah.com\/product\/wholesale-herbal-bong-2\/","url":"https:\/\/global-hookah.com\/product\/wholesale-herbal-bong-2\/","name":"Gro\u00dfhandel Herbal Bong - Global Hookah","isPartOf":{"@id":"https:\/\/global-hookah.com\/#website"},"primaryImageOfPage":{"@id":"https:\/\/global-hookah.com\/product\/wholesale-herbal-bong-2\/#primaryimage"},"image":{"@id":"https:\/\/global-hookah.com\/product\/wholesale-herbal-bong-2\/#primaryimage"},"thumbnailUrl":"https:\/\/global-hookah.com\/wp-content\/uploads\/2023\/09\/\u4e3b\u56fe-00-1.jpg","datePublished":"2023-09-10T08:04:38+00:00","dateModified":"2023-10-31T14:08:21+00:00","breadcrumb":{"@id":"https:\/\/global-hookah.com\/product\/wholesale-herbal-bong-2\/#breadcrumb"},"inLanguage":"de","potentialAction":[{"@type":"ReadAction","target":["https:\/\/global-hookah.com\/product\/wholesale-herbal-bong-2\/"]}]},{"@type":"ImageObject","inLanguage":"de","@id":"https:\/\/global-hookah.com\/product\/wholesale-herbal-bong-2\/#primaryimage","url":"https:\/\/global-hookah.com\/wp-content\/uploads\/2023\/09\/\u4e3b\u56fe-00-1.jpg","contentUrl":"https:\/\/global-hookah.com\/wp-content\/uploads\/2023\/09\/\u4e3b\u56fe-00-1.jpg","width":1000,"height":1000,"caption":"Wholesale Herbal Bong"},{"@type":"BreadcrumbList","@id":"https:\/\/global-hookah.com\/product\/wholesale-herbal-bong-2\/#breadcrumb","itemListElement":[{"@type":"ListItem","position":1,"name":"Home","item":"https:\/\/global-hookah.com\/"},{"@type":"ListItem","position":2,"name":"Shop","item":"https:\/\/global-hookah.com\/shop\/"},{"@type":"ListItem","position":3,"name":"Wholesale Herbal Bong"}]},{"@type":"WebSite","@id":"https:\/\/global-hookah.com\/#website","url":"https:\/\/global-hookah.com\/","name":"Globale Wasserpfeife","description":"Globale Wasserpfeife","publisher":{"@id":"https:\/\/global-hookah.com\/#organization"},"potentialAction":[{"@type":"SearchAction","target":{"@type":"EntryPoint","urlTemplate":"https:\/\/global-hookah.com\/?s={search_term_string}"},"query-input":{"@type":"PropertyValueSpecification","valueRequired":true,"valueName":"search_term_string"}}],"inLanguage":"de"},{"@type":"Organization","@id":"https:\/\/global-hookah.com\/#organization","name":"Globale Wasserpfeife","url":"https:\/\/global-hookah.com\/","logo":{"@type":"ImageObject","inLanguage":"de","@id":"https:\/\/global-hookah.com\/#\/schema\/logo\/image\/","url":"https:\/\/global-hookah.com\/wp-content\/uploads\/2021\/10\/cropped-fgg.png","contentUrl":"https:\/\/global-hookah.com\/wp-content\/uploads\/2021\/10\/cropped-fgg.png","width":512,"height":512,"caption":"Global Hookah"},"image":{"@id":"https:\/\/global-hookah.com\/#\/schema\/logo\/image\/"}}]}},"_links":{"self":[{"href":"https:\/\/global-hookah.com\/de\/wp-json\/wp\/v2\/product\/13422","targetHints":{"allow":["GET"]}}],"collection":[{"href":"https:\/\/global-hookah.com\/de\/wp-json\/wp\/v2\/product"}],"about":[{"href":"https:\/\/global-hookah.com\/de\/wp-json\/wp\/v2\/types\/product"}],"replies":[{"embeddable":true,"href":"https:\/\/global-hookah.com\/de\/wp-json\/wp\/v2\/comments?post=13422"}],"version-history":[{"count":0,"href":"https:\/\/global-hookah.com\/de\/wp-json\/wp\/v2\/product\/13422\/revisions"}],"wp:featuredmedia":[{"embeddable":true,"href":"https:\/\/global-hookah.com\/de\/wp-json\/wp\/v2\/media\/13425"}],"wp:attachment":[{"href":"https:\/\/global-hookah.com\/de\/wp-json\/wp\/v2\/media?parent=13422"}],"wp:term":[{"taxonomy":"product_brand","embeddable":true,"href":"https:\/\/global-hookah.com\/de\/wp-json\/wp\/v2\/product_brand?post=13422"},{"taxonomy":"product_cat","embeddable":true,"href":"https:\/\/global-hookah.com\/de\/wp-json\/wp\/v2\/product_cat?post=13422"},{"taxonomy":"product_tag","embeddable":true,"href":"https:\/\/global-hookah.com\/de\/wp-json\/wp\/v2\/product_tag?post=13422"}],"curies":[{"name":"wp","href":"https:\/\/api.w.org\/{rel}","templated":true}]}}