{"id":13429,"date":"2023-09-10T08:15:50","date_gmt":"2023-09-10T08:15:50","guid":{"rendered":"https:\/\/global-hookah.com\/?post_type=product&#038;p=13429"},"modified":"2024-03-13T00:27:47","modified_gmt":"2024-03-13T00:27:47","slug":"420-wholesale-glass-bong","status":"publish","type":"product","link":"https:\/\/global-hookah.com\/de\/produkt\/420-wholesale-glass-bong\/","title":{"rendered":"420 Gro\u00dfhandel Glas Bong"},"content":{"rendered":"<p>Diese <strong>420 Gro\u00dfhandel Glas Bong<\/strong> ist sowohl f\u00fcr Anf\u00e4nger als auch f\u00fcr Spezialisten geeignet. Die abnehmbare Schale der Bong macht es einfach, sie nach jedem Gebrauch zu reinigen. Au\u00dferdem sitzt sie sicher, so dass man sich keine Sorgen machen muss, dass sie sich w\u00e4hrend der Benutzung l\u00f6st.<\/p>\n<p>Au\u00dferdem ist diese <strong>Mini-Glasbongs f\u00fcr 420-Enthusiasten<\/strong> hat am oberen Ende der R\u00f6hre Einkerbungen, in die Sie Eisw\u00fcrfel legen k\u00f6nnen, um den Rauch vor dem Inhalieren zu k\u00fchlen.<\/p>\n<p>Der Eisf\u00e4nger der Bong verf\u00fcgt \u00fcber einen Perkolator, der gef\u00e4hrliche Verunreinigungen aus dem Tabakrauch entfernt und daf\u00fcr sorgt, dass nur sauberer und k\u00fchler Rauch in deine Lungen gelangt. Halten Sie Ihre Z\u00fcge sch\u00f6n und sauber. Dieses St\u00fcck ist eines unserer meistverkauften, weil es all diese Eigenschaften in sich vereint!<\/p>\n<p>Wir haben die gr\u00f6\u00dfte Auswahl an<a href=\"https:\/\/global-hookah.com\/product-category\/bong-wholesale\/\"> <strong>Gro\u00dfhandel Glas Bongs<\/strong><\/a> \u00fcberall online erh\u00e4ltlich. Wir haben alles von kleinen pers\u00f6nlichen Gebrauch dab Rigs auf gro\u00dfe Gr\u00f6\u00dfe Partei Bongs zum Verkauf zu Gro\u00dfhandelspreisen.<\/p>\n<p>Sie k\u00f6nnen jede Art von Customized 420 Glasbong-Kollektion in unserem Shop einschlie\u00dflich der geraden Rohre mit diffusen downstems oder Becher Basis Designs mit farbigen Akzenten oder Perkolatoren finden. Wenn Sie ben\u00f6tigen <strong>Gro\u00dfhandel Bong<\/strong>kontaktieren Sie uns bitte rechtzeitig<\/p>","protected":false},"excerpt":{"rendered":"<p>Diese 420 Gro\u00dfhandels-Glasbong ist sowohl f\u00fcr Anf\u00e4nger als auch f\u00fcr Spezialisten geeignet. Die abnehmbare Schale der Bong macht es einfach zu<\/p>","protected":false},"featured_media":13431,"comment_status":"open","ping_status":"closed","template":"","meta":{"iawp_total_views":4,"_joinchat":[]},"product_brand":[],"product_cat":[249],"product_tag":[],"class_list":{"0":"post-13429","1":"product","2":"type-product","3":"status-publish","4":"has-post-thumbnail","6":"product_cat-bong-wholesale","8":"first","9":"instock","10":"shipping-taxable","11":"product-type-simple"},"yoast_head":"<!-- This site is optimized with the Yoast SEO Premium plugin v24.7 (Yoast SEO v26.8) - https:\/\/yoast.com\/product\/yoast-seo-premium-wordpress\/ -->\n<title>420 Wholesale Glass Bong - Global Hookah<\/title>\n<meta name=\"robots\" content=\"index, follow, max-snippet:-1, max-image-preview:large, max-video-preview:-1\" \/>\n<link rel=\"canonical\" href=\"https:\/\/global-hookah.com\/de\/pt\/produto\/bongo-de-vidro-420-wholesale\/\" \/>\n<meta property=\"og:locale\" content=\"de_DE\" \/>\n<meta property=\"og:type\" content=\"article\" \/>\n<meta property=\"og:title\" content=\"420 Wholesale Glass Bong\" \/>\n<meta property=\"og:description\" content=\"This 420 Wholesale Glass Bong is excellent for both novices and specialists. The bong&#8217;s removable bowl makes it simple to\" \/>\n<meta property=\"og:url\" content=\"https:\/\/global-hookah.com\/de\/pt\/produto\/bongo-de-vidro-420-wholesale\/\" \/>\n<meta property=\"og:site_name\" content=\"Global Hookah\" \/>\n<meta property=\"article:modified_time\" content=\"2024-03-13T00:27:47+00:00\" \/>\n<meta property=\"og:image\" content=\"https:\/\/global-hookah.com\/wp-content\/uploads\/2023\/09\/\u4e3b\u56fe-00-2.jpg\" \/>\n\t<meta property=\"og:image:width\" content=\"1080\" \/>\n\t<meta property=\"og:image:height\" content=\"1080\" \/>\n\t<meta property=\"og:image:type\" content=\"image\/jpeg\" \/>\n<meta name=\"twitter:card\" content=\"summary_large_image\" \/>\n<meta name=\"twitter:label1\" content=\"Gesch\u00e4tzte Lesezeit\" \/>\n\t<meta name=\"twitter:data1\" content=\"1\u00a0Minute\" \/>\n<script type=\"application\/ld+json\" class=\"yoast-schema-graph\">{\"@context\":\"https:\/\/schema.org\",\"@graph\":[{\"@type\":\"WebPage\",\"@id\":\"https:\/\/global-hookah.com\/pt\/produto\/bongo-de-vidro-420-wholesale\/\",\"url\":\"https:\/\/global-hookah.com\/pt\/produto\/bongo-de-vidro-420-wholesale\/\",\"name\":\"420 Wholesale Glass Bong - Global Hookah\",\"isPartOf\":{\"@id\":\"https:\/\/global-hookah.com\/#website\"},\"primaryImageOfPage\":{\"@id\":\"https:\/\/global-hookah.com\/pt\/produto\/bongo-de-vidro-420-wholesale\/#primaryimage\"},\"image\":{\"@id\":\"https:\/\/global-hookah.com\/pt\/produto\/bongo-de-vidro-420-wholesale\/#primaryimage\"},\"thumbnailUrl\":\"https:\/\/global-hookah.com\/wp-content\/uploads\/2023\/09\/\u4e3b\u56fe-00-2.jpg\",\"datePublished\":\"2023-09-10T08:15:50+00:00\",\"dateModified\":\"2024-03-13T00:27:47+00:00\",\"breadcrumb\":{\"@id\":\"https:\/\/global-hookah.com\/pt\/produto\/bongo-de-vidro-420-wholesale\/#breadcrumb\"},\"inLanguage\":\"de\",\"potentialAction\":[{\"@type\":\"ReadAction\",\"target\":[\"https:\/\/global-hookah.com\/pt\/produto\/bongo-de-vidro-420-wholesale\/\"]}]},{\"@type\":\"ImageObject\",\"inLanguage\":\"de\",\"@id\":\"https:\/\/global-hookah.com\/pt\/produto\/bongo-de-vidro-420-wholesale\/#primaryimage\",\"url\":\"https:\/\/global-hookah.com\/wp-content\/uploads\/2023\/09\/\u4e3b\u56fe-00-2.jpg\",\"contentUrl\":\"https:\/\/global-hookah.com\/wp-content\/uploads\/2023\/09\/\u4e3b\u56fe-00-2.jpg\",\"width\":1080,\"height\":1080,\"caption\":\"420 Wholesale Glass Bong\"},{\"@type\":\"BreadcrumbList\",\"@id\":\"https:\/\/global-hookah.com\/pt\/produto\/bongo-de-vidro-420-wholesale\/#breadcrumb\",\"itemListElement\":[{\"@type\":\"ListItem\",\"position\":1,\"name\":\"Home\",\"item\":\"https:\/\/global-hookah.com\/\"},{\"@type\":\"ListItem\",\"position\":2,\"name\":\"Shop\",\"item\":\"https:\/\/global-hookah.com\/shop\/\"},{\"@type\":\"ListItem\",\"position\":3,\"name\":\"420 Wholesale Glass Bong\"}]},{\"@type\":\"WebSite\",\"@id\":\"https:\/\/global-hookah.com\/#website\",\"url\":\"https:\/\/global-hookah.com\/\",\"name\":\"Global Hookah\",\"description\":\"Global Hookah\",\"publisher\":{\"@id\":\"https:\/\/global-hookah.com\/#organization\"},\"potentialAction\":[{\"@type\":\"SearchAction\",\"target\":{\"@type\":\"EntryPoint\",\"urlTemplate\":\"https:\/\/global-hookah.com\/?s={search_term_string}\"},\"query-input\":{\"@type\":\"PropertyValueSpecification\",\"valueRequired\":true,\"valueName\":\"search_term_string\"}}],\"inLanguage\":\"de\"},{\"@type\":\"Organization\",\"@id\":\"https:\/\/global-hookah.com\/#organization\",\"name\":\"Global Hookah\",\"url\":\"https:\/\/global-hookah.com\/\",\"logo\":{\"@type\":\"ImageObject\",\"inLanguage\":\"de\",\"@id\":\"https:\/\/global-hookah.com\/#\/schema\/logo\/image\/\",\"url\":\"https:\/\/global-hookah.com\/wp-content\/uploads\/2021\/10\/cropped-fgg.png\",\"contentUrl\":\"https:\/\/global-hookah.com\/wp-content\/uploads\/2021\/10\/cropped-fgg.png\",\"width\":512,\"height\":512,\"caption\":\"Global Hookah\"},\"image\":{\"@id\":\"https:\/\/global-hookah.com\/#\/schema\/logo\/image\/\"}}]}<\/script>\n<!-- \/ Yoast SEO Premium plugin. -->","yoast_head_json":{"title":"420 Gro\u00dfhandel Glas Bong - Global Hookah","robots":{"index":"index","follow":"follow","max-snippet":"max-snippet:-1","max-image-preview":"max-image-preview:large","max-video-preview":"max-video-preview:-1"},"canonical":"https:\/\/global-hookah.com\/de\/pt\/produto\/bongo-de-vidro-420-wholesale\/","og_locale":"de_DE","og_type":"article","og_title":"420 Wholesale Glass Bong","og_description":"This 420 Wholesale Glass Bong is excellent for both novices and specialists. The bong&#8217;s removable bowl makes it simple to","og_url":"https:\/\/global-hookah.com\/de\/pt\/produto\/bongo-de-vidro-420-wholesale\/","og_site_name":"Global Hookah","article_modified_time":"2024-03-13T00:27:47+00:00","og_image":[{"width":1080,"height":1080,"url":"https:\/\/global-hookah.com\/wp-content\/uploads\/2023\/09\/\u4e3b\u56fe-00-2.jpg","type":"image\/jpeg"}],"twitter_card":"summary_large_image","twitter_misc":{"Gesch\u00e4tzte Lesezeit":"1\u00a0Minute"},"schema":{"@context":"https:\/\/schema.org","@graph":[{"@type":"WebPage","@id":"https:\/\/global-hookah.com\/pt\/produto\/bongo-de-vidro-420-wholesale\/","url":"https:\/\/global-hookah.com\/pt\/produto\/bongo-de-vidro-420-wholesale\/","name":"420 Gro\u00dfhandel Glas Bong - Global Hookah","isPartOf":{"@id":"https:\/\/global-hookah.com\/#website"},"primaryImageOfPage":{"@id":"https:\/\/global-hookah.com\/pt\/produto\/bongo-de-vidro-420-wholesale\/#primaryimage"},"image":{"@id":"https:\/\/global-hookah.com\/pt\/produto\/bongo-de-vidro-420-wholesale\/#primaryimage"},"thumbnailUrl":"https:\/\/global-hookah.com\/wp-content\/uploads\/2023\/09\/\u4e3b\u56fe-00-2.jpg","datePublished":"2023-09-10T08:15:50+00:00","dateModified":"2024-03-13T00:27:47+00:00","breadcrumb":{"@id":"https:\/\/global-hookah.com\/pt\/produto\/bongo-de-vidro-420-wholesale\/#breadcrumb"},"inLanguage":"de","potentialAction":[{"@type":"ReadAction","target":["https:\/\/global-hookah.com\/pt\/produto\/bongo-de-vidro-420-wholesale\/"]}]},{"@type":"ImageObject","inLanguage":"de","@id":"https:\/\/global-hookah.com\/pt\/produto\/bongo-de-vidro-420-wholesale\/#primaryimage","url":"https:\/\/global-hookah.com\/wp-content\/uploads\/2023\/09\/\u4e3b\u56fe-00-2.jpg","contentUrl":"https:\/\/global-hookah.com\/wp-content\/uploads\/2023\/09\/\u4e3b\u56fe-00-2.jpg","width":1080,"height":1080,"caption":"420 Wholesale Glass Bong"},{"@type":"BreadcrumbList","@id":"https:\/\/global-hookah.com\/pt\/produto\/bongo-de-vidro-420-wholesale\/#breadcrumb","itemListElement":[{"@type":"ListItem","position":1,"name":"Home","item":"https:\/\/global-hookah.com\/"},{"@type":"ListItem","position":2,"name":"Shop","item":"https:\/\/global-hookah.com\/shop\/"},{"@type":"ListItem","position":3,"name":"420 Wholesale Glass Bong"}]},{"@type":"WebSite","@id":"https:\/\/global-hookah.com\/#website","url":"https:\/\/global-hookah.com\/","name":"Globale Wasserpfeife","description":"Globale Wasserpfeife","publisher":{"@id":"https:\/\/global-hookah.com\/#organization"},"potentialAction":[{"@type":"SearchAction","target":{"@type":"EntryPoint","urlTemplate":"https:\/\/global-hookah.com\/?s={search_term_string}"},"query-input":{"@type":"PropertyValueSpecification","valueRequired":true,"valueName":"search_term_string"}}],"inLanguage":"de"},{"@type":"Organization","@id":"https:\/\/global-hookah.com\/#organization","name":"Globale Wasserpfeife","url":"https:\/\/global-hookah.com\/","logo":{"@type":"ImageObject","inLanguage":"de","@id":"https:\/\/global-hookah.com\/#\/schema\/logo\/image\/","url":"https:\/\/global-hookah.com\/wp-content\/uploads\/2021\/10\/cropped-fgg.png","contentUrl":"https:\/\/global-hookah.com\/wp-content\/uploads\/2021\/10\/cropped-fgg.png","width":512,"height":512,"caption":"Global Hookah"},"image":{"@id":"https:\/\/global-hookah.com\/#\/schema\/logo\/image\/"}}]}},"_links":{"self":[{"href":"https:\/\/global-hookah.com\/de\/wp-json\/wp\/v2\/product\/13429","targetHints":{"allow":["GET"]}}],"collection":[{"href":"https:\/\/global-hookah.com\/de\/wp-json\/wp\/v2\/product"}],"about":[{"href":"https:\/\/global-hookah.com\/de\/wp-json\/wp\/v2\/types\/product"}],"replies":[{"embeddable":true,"href":"https:\/\/global-hookah.com\/de\/wp-json\/wp\/v2\/comments?post=13429"}],"version-history":[{"count":0,"href":"https:\/\/global-hookah.com\/de\/wp-json\/wp\/v2\/product\/13429\/revisions"}],"wp:featuredmedia":[{"embeddable":true,"href":"https:\/\/global-hookah.com\/de\/wp-json\/wp\/v2\/media\/13431"}],"wp:attachment":[{"href":"https:\/\/global-hookah.com\/de\/wp-json\/wp\/v2\/media?parent=13429"}],"wp:term":[{"taxonomy":"product_brand","embeddable":true,"href":"https:\/\/global-hookah.com\/de\/wp-json\/wp\/v2\/product_brand?post=13429"},{"taxonomy":"product_cat","embeddable":true,"href":"https:\/\/global-hookah.com\/de\/wp-json\/wp\/v2\/product_cat?post=13429"},{"taxonomy":"product_tag","embeddable":true,"href":"https:\/\/global-hookah.com\/de\/wp-json\/wp\/v2\/product_tag?post=13429"}],"curies":[{"name":"wp","href":"https:\/\/api.w.org\/{rel}","templated":true}]}}