{"id":13641,"date":"2023-09-25T08:01:30","date_gmt":"2023-09-25T08:01:30","guid":{"rendered":"https:\/\/global-hookah.com\/?post_type=product&#038;p=13641"},"modified":"2026-02-10T08:49:29","modified_gmt":"2026-02-10T08:49:29","slug":"aluminum-alloy-single-pipe-full-set-of-water-cigarette-pot-wholesale","status":"publish","type":"product","link":"https:\/\/global-hookah.com\/de\/produkt\/aluminum-alloy-single-pipe-full-set-of-water-cigarette-pot-wholesale\/","title":{"rendered":"Aluminium-Legierung Single -pipe Full Set von Wasser Zigarette Topf Gro\u00dfhandel"},"content":{"rendered":"<p>St\u00fcckgewicht 2,8 kg<br \/>\nProduktvolumen 20cm * 22cm * 35cm<br \/>\nMaterial Aluminiumlegierung<\/p>\n<p>&nbsp;<\/p>\n<p>Die <strong>Aluminium-Legierung Einzel-Rohr \u2018s<\/strong> anspruchsvolle eloxierte oder pulverbeschichtete Oberfl\u00e4chen, die mehr als nur sch\u00f6n sind. Diese fachm\u00e4nnischen Behandlungen bieten eine Schutzbarriere gegen allt\u00e4glichen Verschlei\u00df, Korrosion und Oxidation. Letztendlich ist das Einzelrohr aus Aluminiumlegierung eine zuverl\u00e4ssige Wahl f\u00fcr die Bevorratung <a href=\"https:\/\/global-hookah.com\/\">Wasserpfeifen-Gro\u00dfh\u00e4ndler<\/a>, Dadurch verringert sich die Zahl der R\u00fcckgaben und die Kunden kommen h\u00e4ufiger wieder. Au\u00dferdem beh\u00e4lt es sein makelloses Aussehen \u00fcber unz\u00e4hlige Sitzungen hinweg bei.<\/p>\n<p>Ein weiterer Vorteil der Aluminiumlegierung ist ihre au\u00dfergew\u00f6hnliche W\u00e4rmeleitf\u00e4higkeit. Aufgrund ihres weitaus h\u00f6heren W\u00e4rmeleitkoeffizienten als der von Glas oder Keramik kann die W\u00e4rme schnell - innerhalb von Minuten - abgeleitet werden und die <strong>Aluminiumlegierung Einzelrohr<\/strong> \u00fcberhitzt und verbrennt den Benutzer nicht. Dar\u00fcber hinaus steuert das effektive W\u00e4rmeableitungssystem die Verbrennungstemperatur sorgf\u00e4ltig, so dass der Tabak nicht \u00fcberm\u00e4\u00dfig verbrannt wird und jeder Zug an der Wasserpfeife vollmundig, weich und sauber ist.<\/p>\n<p>Das ergonomische Design ist in jeder Hinsicht gut durchdacht. Die <strong>Legierung Einzelne Rohre<\/strong> Seite hat eine standardisierte Rohrschnittstelle mit einer speziellen Anti-Rutsch-Textur im Griffbereich und an der Schnittstelle, die es den Fingern leicht macht, sich nat\u00fcrlich anzupassen. Einf\u00fchren und Abdichten sind einfach, auch f\u00fcr H\u00e4nde, die verschwitzt oder fettig sind, garantiert keine Lecks und keine Dem\u00fctigung. Er wird in einem kompletten Set geliefert, das den K\u00f6rper, das Rohr, den Dichtungsring und das Zubeh\u00f6r umfasst; der Gro\u00dfhandelspreis ist wirklich gut.<\/p>","protected":false},"excerpt":{"rendered":"<p>St\u00fcckgewicht 2.8kg Produktvolumen 20cm * 22cm * 35cm Material Aluminiumlegierung Die Aluminiumlegierung Single -pipe \u2018s<\/p>","protected":false},"featured_media":13649,"comment_status":"open","ping_status":"closed","template":"","meta":{"iawp_total_views":4,"_joinchat":[]},"product_brand":[],"product_cat":[119],"product_tag":[],"class_list":{"0":"post-13641","1":"product","2":"type-product","3":"status-publish","4":"has-post-thumbnail","6":"product_cat-wholesale-hookah","8":"first","9":"instock","10":"shipping-taxable","11":"product-type-external"},"yoast_head":"<!-- This site is optimized with the Yoast SEO Premium plugin v24.7 (Yoast SEO v26.8) - https:\/\/yoast.com\/product\/yoast-seo-premium-wordpress\/ -->\n<title>Aluminum Alloy Single -pipe Full Set of Water Cigarette Pot Wholesale - Global Hookah<\/title>\n<meta name=\"robots\" content=\"index, follow, max-snippet:-1, max-image-preview:large, max-video-preview:-1\" \/>\n<link rel=\"canonical\" href=\"https:\/\/global-hookah.com\/de\/produkt\/aluminum-alloy-single-pipe-full-set-of-water-cigarette-pot-wholesale\/\" \/>\n<meta property=\"og:locale\" content=\"de_DE\" \/>\n<meta property=\"og:type\" content=\"article\" \/>\n<meta property=\"og:title\" content=\"Aluminum Alloy Single -pipe Full Set of Water Cigarette Pot Wholesale\" \/>\n<meta property=\"og:description\" content=\"Unit weight 2.8kg Product volume 20cm * 22cm * 35cm Material aluminum alloy &nbsp; The Aluminum Alloy Single -pipe &#8216;s\" \/>\n<meta property=\"og:url\" content=\"https:\/\/global-hookah.com\/de\/produkt\/aluminum-alloy-single-pipe-full-set-of-water-cigarette-pot-wholesale\/\" \/>\n<meta property=\"og:site_name\" content=\"Global Hookah\" \/>\n<meta property=\"article:modified_time\" content=\"2026-02-10T08:49:29+00:00\" \/>\n<meta property=\"og:image\" content=\"https:\/\/global-hookah.com\/wp-content\/uploads\/2023\/09\/O1CN01f8Uu2h1fa7jwImtkR_2207662824022-0-cib.jpg\" \/>\n\t<meta property=\"og:image:width\" content=\"1920\" \/>\n\t<meta property=\"og:image:height\" content=\"1920\" \/>\n\t<meta property=\"og:image:type\" content=\"image\/jpeg\" \/>\n<meta name=\"twitter:card\" content=\"summary_large_image\" \/>\n<meta name=\"twitter:label1\" content=\"Gesch\u00e4tzte Lesezeit\" \/>\n\t<meta name=\"twitter:data1\" content=\"2\u00a0Minuten\" \/>\n<script type=\"application\/ld+json\" class=\"yoast-schema-graph\">{\"@context\":\"https:\/\/schema.org\",\"@graph\":[{\"@type\":\"WebPage\",\"@id\":\"https:\/\/global-hookah.com\/product\/aluminum-alloy-single-pipe-full-set-of-water-cigarette-pot-wholesale\/\",\"url\":\"https:\/\/global-hookah.com\/product\/aluminum-alloy-single-pipe-full-set-of-water-cigarette-pot-wholesale\/\",\"name\":\"Aluminum Alloy Single -pipe Full Set of Water Cigarette Pot Wholesale - Global Hookah\",\"isPartOf\":{\"@id\":\"https:\/\/global-hookah.com\/#website\"},\"primaryImageOfPage\":{\"@id\":\"https:\/\/global-hookah.com\/product\/aluminum-alloy-single-pipe-full-set-of-water-cigarette-pot-wholesale\/#primaryimage\"},\"image\":{\"@id\":\"https:\/\/global-hookah.com\/product\/aluminum-alloy-single-pipe-full-set-of-water-cigarette-pot-wholesale\/#primaryimage\"},\"thumbnailUrl\":\"https:\/\/global-hookah.com\/wp-content\/uploads\/2023\/09\/O1CN01f8Uu2h1fa7jwImtkR_2207662824022-0-cib.jpg\",\"datePublished\":\"2023-09-25T08:01:30+00:00\",\"dateModified\":\"2026-02-10T08:49:29+00:00\",\"breadcrumb\":{\"@id\":\"https:\/\/global-hookah.com\/product\/aluminum-alloy-single-pipe-full-set-of-water-cigarette-pot-wholesale\/#breadcrumb\"},\"inLanguage\":\"de\",\"potentialAction\":[{\"@type\":\"ReadAction\",\"target\":[\"https:\/\/global-hookah.com\/product\/aluminum-alloy-single-pipe-full-set-of-water-cigarette-pot-wholesale\/\"]}]},{\"@type\":\"ImageObject\",\"inLanguage\":\"de\",\"@id\":\"https:\/\/global-hookah.com\/product\/aluminum-alloy-single-pipe-full-set-of-water-cigarette-pot-wholesale\/#primaryimage\",\"url\":\"https:\/\/global-hookah.com\/wp-content\/uploads\/2023\/09\/O1CN01f8Uu2h1fa7jwImtkR_2207662824022-0-cib.jpg\",\"contentUrl\":\"https:\/\/global-hookah.com\/wp-content\/uploads\/2023\/09\/O1CN01f8Uu2h1fa7jwImtkR_2207662824022-0-cib.jpg\",\"width\":1920,\"height\":1920,\"caption\":\"Aluminum alloy single -pipe full set of water cigarette pot wholesale\"},{\"@type\":\"BreadcrumbList\",\"@id\":\"https:\/\/global-hookah.com\/product\/aluminum-alloy-single-pipe-full-set-of-water-cigarette-pot-wholesale\/#breadcrumb\",\"itemListElement\":[{\"@type\":\"ListItem\",\"position\":1,\"name\":\"Home\",\"item\":\"https:\/\/global-hookah.com\/\"},{\"@type\":\"ListItem\",\"position\":2,\"name\":\"Shop\",\"item\":\"https:\/\/global-hookah.com\/shop\/\"},{\"@type\":\"ListItem\",\"position\":3,\"name\":\"Aluminum Alloy Single -pipe Full Set of Water Cigarette Pot Wholesale\"}]},{\"@type\":\"WebSite\",\"@id\":\"https:\/\/global-hookah.com\/#website\",\"url\":\"https:\/\/global-hookah.com\/\",\"name\":\"Global Hookah\",\"description\":\"Global Hookah\",\"publisher\":{\"@id\":\"https:\/\/global-hookah.com\/#organization\"},\"potentialAction\":[{\"@type\":\"SearchAction\",\"target\":{\"@type\":\"EntryPoint\",\"urlTemplate\":\"https:\/\/global-hookah.com\/?s={search_term_string}\"},\"query-input\":{\"@type\":\"PropertyValueSpecification\",\"valueRequired\":true,\"valueName\":\"search_term_string\"}}],\"inLanguage\":\"de\"},{\"@type\":\"Organization\",\"@id\":\"https:\/\/global-hookah.com\/#organization\",\"name\":\"Global Hookah\",\"url\":\"https:\/\/global-hookah.com\/\",\"logo\":{\"@type\":\"ImageObject\",\"inLanguage\":\"de\",\"@id\":\"https:\/\/global-hookah.com\/#\/schema\/logo\/image\/\",\"url\":\"https:\/\/global-hookah.com\/wp-content\/uploads\/2021\/10\/cropped-fgg.png\",\"contentUrl\":\"https:\/\/global-hookah.com\/wp-content\/uploads\/2021\/10\/cropped-fgg.png\",\"width\":512,\"height\":512,\"caption\":\"Global Hookah\"},\"image\":{\"@id\":\"https:\/\/global-hookah.com\/#\/schema\/logo\/image\/\"}}]}<\/script>\n<!-- \/ Yoast SEO Premium plugin. -->","yoast_head_json":{"title":"Aluminium-Legierung Single-Pipe Full Set von Wasser Zigarette Topf Gro\u00dfhandel - Global Hookah","robots":{"index":"index","follow":"follow","max-snippet":"max-snippet:-1","max-image-preview":"max-image-preview:large","max-video-preview":"max-video-preview:-1"},"canonical":"https:\/\/global-hookah.com\/de\/produkt\/aluminum-alloy-single-pipe-full-set-of-water-cigarette-pot-wholesale\/","og_locale":"de_DE","og_type":"article","og_title":"Aluminum Alloy Single -pipe Full Set of Water Cigarette Pot Wholesale","og_description":"Unit weight 2.8kg Product volume 20cm * 22cm * 35cm Material aluminum alloy &nbsp; The Aluminum Alloy Single -pipe &#8216;s","og_url":"https:\/\/global-hookah.com\/de\/produkt\/aluminum-alloy-single-pipe-full-set-of-water-cigarette-pot-wholesale\/","og_site_name":"Global Hookah","article_modified_time":"2026-02-10T08:49:29+00:00","og_image":[{"width":1920,"height":1920,"url":"https:\/\/global-hookah.com\/wp-content\/uploads\/2023\/09\/O1CN01f8Uu2h1fa7jwImtkR_2207662824022-0-cib.jpg","type":"image\/jpeg"}],"twitter_card":"summary_large_image","twitter_misc":{"Gesch\u00e4tzte Lesezeit":"2\u00a0Minuten"},"schema":{"@context":"https:\/\/schema.org","@graph":[{"@type":"WebPage","@id":"https:\/\/global-hookah.com\/product\/aluminum-alloy-single-pipe-full-set-of-water-cigarette-pot-wholesale\/","url":"https:\/\/global-hookah.com\/product\/aluminum-alloy-single-pipe-full-set-of-water-cigarette-pot-wholesale\/","name":"Aluminium-Legierung Single-Pipe Full Set von Wasser Zigarette Topf Gro\u00dfhandel - Global Hookah","isPartOf":{"@id":"https:\/\/global-hookah.com\/#website"},"primaryImageOfPage":{"@id":"https:\/\/global-hookah.com\/product\/aluminum-alloy-single-pipe-full-set-of-water-cigarette-pot-wholesale\/#primaryimage"},"image":{"@id":"https:\/\/global-hookah.com\/product\/aluminum-alloy-single-pipe-full-set-of-water-cigarette-pot-wholesale\/#primaryimage"},"thumbnailUrl":"https:\/\/global-hookah.com\/wp-content\/uploads\/2023\/09\/O1CN01f8Uu2h1fa7jwImtkR_2207662824022-0-cib.jpg","datePublished":"2023-09-25T08:01:30+00:00","dateModified":"2026-02-10T08:49:29+00:00","breadcrumb":{"@id":"https:\/\/global-hookah.com\/product\/aluminum-alloy-single-pipe-full-set-of-water-cigarette-pot-wholesale\/#breadcrumb"},"inLanguage":"de","potentialAction":[{"@type":"ReadAction","target":["https:\/\/global-hookah.com\/product\/aluminum-alloy-single-pipe-full-set-of-water-cigarette-pot-wholesale\/"]}]},{"@type":"ImageObject","inLanguage":"de","@id":"https:\/\/global-hookah.com\/product\/aluminum-alloy-single-pipe-full-set-of-water-cigarette-pot-wholesale\/#primaryimage","url":"https:\/\/global-hookah.com\/wp-content\/uploads\/2023\/09\/O1CN01f8Uu2h1fa7jwImtkR_2207662824022-0-cib.jpg","contentUrl":"https:\/\/global-hookah.com\/wp-content\/uploads\/2023\/09\/O1CN01f8Uu2h1fa7jwImtkR_2207662824022-0-cib.jpg","width":1920,"height":1920,"caption":"Aluminum alloy single -pipe full set of water cigarette pot wholesale"},{"@type":"BreadcrumbList","@id":"https:\/\/global-hookah.com\/product\/aluminum-alloy-single-pipe-full-set-of-water-cigarette-pot-wholesale\/#breadcrumb","itemListElement":[{"@type":"ListItem","position":1,"name":"Home","item":"https:\/\/global-hookah.com\/"},{"@type":"ListItem","position":2,"name":"Shop","item":"https:\/\/global-hookah.com\/shop\/"},{"@type":"ListItem","position":3,"name":"Aluminum Alloy Single -pipe Full Set of Water Cigarette Pot Wholesale"}]},{"@type":"WebSite","@id":"https:\/\/global-hookah.com\/#website","url":"https:\/\/global-hookah.com\/","name":"Globale Wasserpfeife","description":"Globale Wasserpfeife","publisher":{"@id":"https:\/\/global-hookah.com\/#organization"},"potentialAction":[{"@type":"SearchAction","target":{"@type":"EntryPoint","urlTemplate":"https:\/\/global-hookah.com\/?s={search_term_string}"},"query-input":{"@type":"PropertyValueSpecification","valueRequired":true,"valueName":"search_term_string"}}],"inLanguage":"de"},{"@type":"Organization","@id":"https:\/\/global-hookah.com\/#organization","name":"Globale Wasserpfeife","url":"https:\/\/global-hookah.com\/","logo":{"@type":"ImageObject","inLanguage":"de","@id":"https:\/\/global-hookah.com\/#\/schema\/logo\/image\/","url":"https:\/\/global-hookah.com\/wp-content\/uploads\/2021\/10\/cropped-fgg.png","contentUrl":"https:\/\/global-hookah.com\/wp-content\/uploads\/2021\/10\/cropped-fgg.png","width":512,"height":512,"caption":"Global Hookah"},"image":{"@id":"https:\/\/global-hookah.com\/#\/schema\/logo\/image\/"}}]}},"_links":{"self":[{"href":"https:\/\/global-hookah.com\/de\/wp-json\/wp\/v2\/product\/13641","targetHints":{"allow":["GET"]}}],"collection":[{"href":"https:\/\/global-hookah.com\/de\/wp-json\/wp\/v2\/product"}],"about":[{"href":"https:\/\/global-hookah.com\/de\/wp-json\/wp\/v2\/types\/product"}],"replies":[{"embeddable":true,"href":"https:\/\/global-hookah.com\/de\/wp-json\/wp\/v2\/comments?post=13641"}],"version-history":[{"count":2,"href":"https:\/\/global-hookah.com\/de\/wp-json\/wp\/v2\/product\/13641\/revisions"}],"predecessor-version":[{"id":33135,"href":"https:\/\/global-hookah.com\/de\/wp-json\/wp\/v2\/product\/13641\/revisions\/33135"}],"wp:featuredmedia":[{"embeddable":true,"href":"https:\/\/global-hookah.com\/de\/wp-json\/wp\/v2\/media\/13649"}],"wp:attachment":[{"href":"https:\/\/global-hookah.com\/de\/wp-json\/wp\/v2\/media?parent=13641"}],"wp:term":[{"taxonomy":"product_brand","embeddable":true,"href":"https:\/\/global-hookah.com\/de\/wp-json\/wp\/v2\/product_brand?post=13641"},{"taxonomy":"product_cat","embeddable":true,"href":"https:\/\/global-hookah.com\/de\/wp-json\/wp\/v2\/product_cat?post=13641"},{"taxonomy":"product_tag","embeddable":true,"href":"https:\/\/global-hookah.com\/de\/wp-json\/wp\/v2\/product_tag?post=13641"}],"curies":[{"name":"wp","href":"https:\/\/api.w.org\/{rel}","templated":true}]}}