{"id":13793,"date":"2023-09-27T07:15:38","date_gmt":"2023-09-27T07:15:38","guid":{"rendered":"https:\/\/global-hookah.com\/?post_type=product&#038;p=13793"},"modified":"2024-01-12T03:53:34","modified_gmt":"2024-01-12T03:53:34","slug":"skull-hookah-wholesale","status":"publish","type":"product","link":"https:\/\/global-hookah.com\/de\/produkt\/skull-hookah-wholesale\/","title":{"rendered":"Sch\u00e4del Hookah Gro\u00dfhandel"},"content":{"rendered":"<p>Diese<strong> Totenkopf-Hookah<\/strong> ist aus hochwertigem Glasmaterial hergestellt, das robust und langlebig ist. Der Boden der Wasserpfeife ist mit LED-Lichtern ausgestattet, und Sie k\u00f6nnen zwischen verschiedenen Farben wechseln, um eine vertr\u00e4umte Atmosph\u00e4re zu schaffen, wenn Sie nachts rauchen. Der Sch\u00e4del hat eine neuartige und einzigartige Form und ist ein echter Blickfang. Er wird zum Mittelpunkt der Aufmerksamkeit, wenn er auf dem Tisch steht.<\/p>\n<p>Dar\u00fcber hinaus ist diese <strong>Totenkopf-Hookah<\/strong> hat einen kompletten Satz von Konfigurationen. Der Filter und die Eisspeicherkammer k\u00f6nnen den Rauch perfekt filtern, wenn Sie rauchen, so dass Ihr Rauch sehr glatt ist, und es kann die Menge des Tabaks stark sparen. Die gro\u00dfe Kapazit\u00e4t Wassertank Design erm\u00f6glicht es Ihnen, es f\u00fcr Stunden zu verwenden, ohne das Wasser zu \u00e4ndern.<\/p>\n<p>Diese<strong> Totenkopf-Hookah<\/strong> wird zu Gro\u00dfhandelspreisen verkauft und ist daher ideal f\u00fcr Gesch\u00e4fte f\u00fcr Raucherbedarf, Gro\u00dfh\u00e4ndler und verschiedene gewerbliche Kunden. Wir bieten ma\u00dfgeschneiderte Dienstleistungen und k\u00f6nnen Logos usw. nach Ihren W\u00fcnschen aufdrucken. Wenn Sie die Ware in <a href=\"https:\/\/global-hookah.com\/product-category\/wholesale-hookah\/\">Gro\u00dfpackung Wasserpfeife<\/a>kontaktieren Sie bitte unseren Vertrieb und wir werden Ihnen einen g\u00fcnstigeren Preis anbieten.<\/p>","protected":false},"excerpt":{"rendered":"<p>Dieser Sch\u00e4del Wasserpfeife ist aus hochwertigem Glas-Material, das robust und langlebig ist gemacht. Der Boden der Wasserpfeife ist<\/p>","protected":false},"featured_media":13796,"comment_status":"open","ping_status":"closed","template":"","meta":{"iawp_total_views":39,"_joinchat":[]},"product_brand":[],"product_cat":[560,119],"product_tag":[],"class_list":{"0":"post-13793","1":"product","2":"type-product","3":"status-publish","4":"has-post-thumbnail","6":"product_cat-glass-hookah-wholesale","7":"product_cat-wholesale-hookah","9":"first","10":"instock","11":"shipping-taxable","12":"purchasable","13":"product-type-simple"},"yoast_head":"<!-- This site is optimized with the Yoast SEO Premium plugin v24.7 (Yoast SEO v26.8) - https:\/\/yoast.com\/product\/yoast-seo-premium-wordpress\/ -->\n<title>Skull Hookah Wholesale - Global Hookah<\/title>\n<meta name=\"robots\" content=\"index, follow, max-snippet:-1, max-image-preview:large, max-video-preview:-1\" \/>\n<link rel=\"canonical\" href=\"https:\/\/global-hookah.com\/de\/produkt\/skull-hookah-wholesale\/\" \/>\n<meta property=\"og:locale\" content=\"de_DE\" \/>\n<meta property=\"og:type\" content=\"article\" \/>\n<meta property=\"og:title\" content=\"Skull Hookah Wholesale\" \/>\n<meta property=\"og:description\" content=\"This skull hookah is made of high-quality glass material, which is sturdy and durable. The bottom of the hookah is\" \/>\n<meta property=\"og:url\" content=\"https:\/\/global-hookah.com\/de\/produkt\/skull-hookah-wholesale\/\" \/>\n<meta property=\"og:site_name\" content=\"Global Hookah\" \/>\n<meta property=\"article:modified_time\" content=\"2024-01-12T03:53:34+00:00\" \/>\n<meta property=\"og:image\" content=\"https:\/\/global-hookah.com\/wp-content\/uploads\/2023\/09\/O1CN01cEBOQp1f39FRfTsLe_2213956313950-0-cib.jpg\" \/>\n\t<meta property=\"og:image:width\" content=\"800\" \/>\n\t<meta property=\"og:image:height\" content=\"800\" \/>\n\t<meta property=\"og:image:type\" content=\"image\/jpeg\" \/>\n<meta name=\"twitter:card\" content=\"summary_large_image\" \/>\n<meta name=\"twitter:label1\" content=\"Gesch\u00e4tzte Lesezeit\" \/>\n\t<meta name=\"twitter:data1\" content=\"1\u00a0Minute\" \/>\n<script type=\"application\/ld+json\" class=\"yoast-schema-graph\">{\"@context\":\"https:\/\/schema.org\",\"@graph\":[{\"@type\":\"WebPage\",\"@id\":\"https:\/\/global-hookah.com\/product\/skull-hookah-wholesale\/\",\"url\":\"https:\/\/global-hookah.com\/product\/skull-hookah-wholesale\/\",\"name\":\"Skull Hookah Wholesale - Global Hookah\",\"isPartOf\":{\"@id\":\"https:\/\/global-hookah.com\/#website\"},\"primaryImageOfPage\":{\"@id\":\"https:\/\/global-hookah.com\/product\/skull-hookah-wholesale\/#primaryimage\"},\"image\":{\"@id\":\"https:\/\/global-hookah.com\/product\/skull-hookah-wholesale\/#primaryimage\"},\"thumbnailUrl\":\"https:\/\/global-hookah.com\/wp-content\/uploads\/2023\/09\/O1CN01cEBOQp1f39FRfTsLe_2213956313950-0-cib.jpg\",\"datePublished\":\"2023-09-27T07:15:38+00:00\",\"dateModified\":\"2024-01-12T03:53:34+00:00\",\"breadcrumb\":{\"@id\":\"https:\/\/global-hookah.com\/product\/skull-hookah-wholesale\/#breadcrumb\"},\"inLanguage\":\"de\",\"potentialAction\":[{\"@type\":\"ReadAction\",\"target\":[\"https:\/\/global-hookah.com\/product\/skull-hookah-wholesale\/\"]}]},{\"@type\":\"ImageObject\",\"inLanguage\":\"de\",\"@id\":\"https:\/\/global-hookah.com\/product\/skull-hookah-wholesale\/#primaryimage\",\"url\":\"https:\/\/global-hookah.com\/wp-content\/uploads\/2023\/09\/O1CN01cEBOQp1f39FRfTsLe_2213956313950-0-cib.jpg\",\"contentUrl\":\"https:\/\/global-hookah.com\/wp-content\/uploads\/2023\/09\/O1CN01cEBOQp1f39FRfTsLe_2213956313950-0-cib.jpg\",\"width\":800,\"height\":800,\"caption\":\"Skull Hookah Wholesale\"},{\"@type\":\"BreadcrumbList\",\"@id\":\"https:\/\/global-hookah.com\/product\/skull-hookah-wholesale\/#breadcrumb\",\"itemListElement\":[{\"@type\":\"ListItem\",\"position\":1,\"name\":\"Home\",\"item\":\"https:\/\/global-hookah.com\/\"},{\"@type\":\"ListItem\",\"position\":2,\"name\":\"Shop\",\"item\":\"https:\/\/global-hookah.com\/shop\/\"},{\"@type\":\"ListItem\",\"position\":3,\"name\":\"Skull Hookah Wholesale\"}]},{\"@type\":\"WebSite\",\"@id\":\"https:\/\/global-hookah.com\/#website\",\"url\":\"https:\/\/global-hookah.com\/\",\"name\":\"Global Hookah\",\"description\":\"Global Hookah\",\"publisher\":{\"@id\":\"https:\/\/global-hookah.com\/#organization\"},\"potentialAction\":[{\"@type\":\"SearchAction\",\"target\":{\"@type\":\"EntryPoint\",\"urlTemplate\":\"https:\/\/global-hookah.com\/?s={search_term_string}\"},\"query-input\":{\"@type\":\"PropertyValueSpecification\",\"valueRequired\":true,\"valueName\":\"search_term_string\"}}],\"inLanguage\":\"de\"},{\"@type\":\"Organization\",\"@id\":\"https:\/\/global-hookah.com\/#organization\",\"name\":\"Global Hookah\",\"url\":\"https:\/\/global-hookah.com\/\",\"logo\":{\"@type\":\"ImageObject\",\"inLanguage\":\"de\",\"@id\":\"https:\/\/global-hookah.com\/#\/schema\/logo\/image\/\",\"url\":\"https:\/\/global-hookah.com\/wp-content\/uploads\/2021\/10\/cropped-fgg.png\",\"contentUrl\":\"https:\/\/global-hookah.com\/wp-content\/uploads\/2021\/10\/cropped-fgg.png\",\"width\":512,\"height\":512,\"caption\":\"Global Hookah\"},\"image\":{\"@id\":\"https:\/\/global-hookah.com\/#\/schema\/logo\/image\/\"}}]}<\/script>\n<!-- \/ Yoast SEO Premium plugin. -->","yoast_head_json":{"title":"Skull Hookah Gro\u00dfhandel - Global Hookah","robots":{"index":"index","follow":"follow","max-snippet":"max-snippet:-1","max-image-preview":"max-image-preview:large","max-video-preview":"max-video-preview:-1"},"canonical":"https:\/\/global-hookah.com\/de\/produkt\/skull-hookah-wholesale\/","og_locale":"de_DE","og_type":"article","og_title":"Skull Hookah Wholesale","og_description":"This skull hookah is made of high-quality glass material, which is sturdy and durable. The bottom of the hookah is","og_url":"https:\/\/global-hookah.com\/de\/produkt\/skull-hookah-wholesale\/","og_site_name":"Global Hookah","article_modified_time":"2024-01-12T03:53:34+00:00","og_image":[{"width":800,"height":800,"url":"https:\/\/global-hookah.com\/wp-content\/uploads\/2023\/09\/O1CN01cEBOQp1f39FRfTsLe_2213956313950-0-cib.jpg","type":"image\/jpeg"}],"twitter_card":"summary_large_image","twitter_misc":{"Gesch\u00e4tzte Lesezeit":"1\u00a0Minute"},"schema":{"@context":"https:\/\/schema.org","@graph":[{"@type":"WebPage","@id":"https:\/\/global-hookah.com\/product\/skull-hookah-wholesale\/","url":"https:\/\/global-hookah.com\/product\/skull-hookah-wholesale\/","name":"Skull Hookah Gro\u00dfhandel - Global Hookah","isPartOf":{"@id":"https:\/\/global-hookah.com\/#website"},"primaryImageOfPage":{"@id":"https:\/\/global-hookah.com\/product\/skull-hookah-wholesale\/#primaryimage"},"image":{"@id":"https:\/\/global-hookah.com\/product\/skull-hookah-wholesale\/#primaryimage"},"thumbnailUrl":"https:\/\/global-hookah.com\/wp-content\/uploads\/2023\/09\/O1CN01cEBOQp1f39FRfTsLe_2213956313950-0-cib.jpg","datePublished":"2023-09-27T07:15:38+00:00","dateModified":"2024-01-12T03:53:34+00:00","breadcrumb":{"@id":"https:\/\/global-hookah.com\/product\/skull-hookah-wholesale\/#breadcrumb"},"inLanguage":"de","potentialAction":[{"@type":"ReadAction","target":["https:\/\/global-hookah.com\/product\/skull-hookah-wholesale\/"]}]},{"@type":"ImageObject","inLanguage":"de","@id":"https:\/\/global-hookah.com\/product\/skull-hookah-wholesale\/#primaryimage","url":"https:\/\/global-hookah.com\/wp-content\/uploads\/2023\/09\/O1CN01cEBOQp1f39FRfTsLe_2213956313950-0-cib.jpg","contentUrl":"https:\/\/global-hookah.com\/wp-content\/uploads\/2023\/09\/O1CN01cEBOQp1f39FRfTsLe_2213956313950-0-cib.jpg","width":800,"height":800,"caption":"Skull Hookah Wholesale"},{"@type":"BreadcrumbList","@id":"https:\/\/global-hookah.com\/product\/skull-hookah-wholesale\/#breadcrumb","itemListElement":[{"@type":"ListItem","position":1,"name":"Home","item":"https:\/\/global-hookah.com\/"},{"@type":"ListItem","position":2,"name":"Shop","item":"https:\/\/global-hookah.com\/shop\/"},{"@type":"ListItem","position":3,"name":"Skull Hookah Wholesale"}]},{"@type":"WebSite","@id":"https:\/\/global-hookah.com\/#website","url":"https:\/\/global-hookah.com\/","name":"Globale Wasserpfeife","description":"Globale Wasserpfeife","publisher":{"@id":"https:\/\/global-hookah.com\/#organization"},"potentialAction":[{"@type":"SearchAction","target":{"@type":"EntryPoint","urlTemplate":"https:\/\/global-hookah.com\/?s={search_term_string}"},"query-input":{"@type":"PropertyValueSpecification","valueRequired":true,"valueName":"search_term_string"}}],"inLanguage":"de"},{"@type":"Organization","@id":"https:\/\/global-hookah.com\/#organization","name":"Globale Wasserpfeife","url":"https:\/\/global-hookah.com\/","logo":{"@type":"ImageObject","inLanguage":"de","@id":"https:\/\/global-hookah.com\/#\/schema\/logo\/image\/","url":"https:\/\/global-hookah.com\/wp-content\/uploads\/2021\/10\/cropped-fgg.png","contentUrl":"https:\/\/global-hookah.com\/wp-content\/uploads\/2021\/10\/cropped-fgg.png","width":512,"height":512,"caption":"Global Hookah"},"image":{"@id":"https:\/\/global-hookah.com\/#\/schema\/logo\/image\/"}}]}},"_links":{"self":[{"href":"https:\/\/global-hookah.com\/de\/wp-json\/wp\/v2\/product\/13793","targetHints":{"allow":["GET"]}}],"collection":[{"href":"https:\/\/global-hookah.com\/de\/wp-json\/wp\/v2\/product"}],"about":[{"href":"https:\/\/global-hookah.com\/de\/wp-json\/wp\/v2\/types\/product"}],"replies":[{"embeddable":true,"href":"https:\/\/global-hookah.com\/de\/wp-json\/wp\/v2\/comments?post=13793"}],"version-history":[{"count":0,"href":"https:\/\/global-hookah.com\/de\/wp-json\/wp\/v2\/product\/13793\/revisions"}],"wp:featuredmedia":[{"embeddable":true,"href":"https:\/\/global-hookah.com\/de\/wp-json\/wp\/v2\/media\/13796"}],"wp:attachment":[{"href":"https:\/\/global-hookah.com\/de\/wp-json\/wp\/v2\/media?parent=13793"}],"wp:term":[{"taxonomy":"product_brand","embeddable":true,"href":"https:\/\/global-hookah.com\/de\/wp-json\/wp\/v2\/product_brand?post=13793"},{"taxonomy":"product_cat","embeddable":true,"href":"https:\/\/global-hookah.com\/de\/wp-json\/wp\/v2\/product_cat?post=13793"},{"taxonomy":"product_tag","embeddable":true,"href":"https:\/\/global-hookah.com\/de\/wp-json\/wp\/v2\/product_tag?post=13793"}],"curies":[{"name":"wp","href":"https:\/\/api.w.org\/{rel}","templated":true}]}}