{"id":14125,"date":"2023-10-01T09:06:51","date_gmt":"2023-10-01T09:06:51","guid":{"rendered":"https:\/\/global-hookah.com\/?post_type=product&#038;p=14125"},"modified":"2024-01-12T03:53:26","modified_gmt":"2024-01-12T03:53:26","slug":"glass-egyptian-hookah-wholesale","status":"publish","type":"product","link":"https:\/\/global-hookah.com\/de\/produkt\/glass-egyptian-hookah-wholesale\/","title":{"rendered":"Glas \u00c4gyptische Wasserpfeife Gro\u00dfhandel"},"content":{"rendered":"<p>Erleben Sie die Eleganz des alten \u00c4gyptens mit unserem <strong>Glas \u00c4gyptische Wasserpfeifen<\/strong>. Diese mit traditionellen Techniken handgefertigten Wasserpfeifen zeichnen sich durch filigrane Glasarbeiten in leuchtenden Farben und Mustern aus, die an \u00e4gyptische Kunst erinnern<\/p>\n<p>Und weil sie aus Glas hergestellt sind, produzieren sie keinen Geruch wie Plastik oder Silikon, was den reinen und k\u00f6stlichen Rauch garantiert. Nat\u00fcrlich ist auch die Filterfunktion sehr gut. Das hochwertige Filterzubeh\u00f6r <strong>Glas \u00c4gyptische Wasserpfeife<\/strong> kann den gr\u00f6\u00dften Teil des Teers herausfiltern, so dass Sie bei jedem Schluck ein extrem frisches und sanftes Erlebnis haben. Sie k\u00f6nnen auch Minze, Zitrone oder andere Zutaten nach Ihren pers\u00f6nlichen Vorlieben hinzuf\u00fcgen, die Ihnen helfen, Ihr Raucherlebnis zu verbessern. Es hilft auch, die Z\u00e4hne wei\u00df und hell zu halten und die Auswirkungen des Langzeitrauchens auf den K\u00f6rper zu reduzieren.<\/p>\n<p>[Geeignet f\u00fcr jede Szene] - <strong>Glas \u00c4gyptische Wasserpfeife Set<\/strong> ist f\u00fcr jede Party oder Veranstaltung geeignet. Geeignet f\u00fcr Familien, Restaurants, Bars, Clubs, Luxushotels und andere Orte. Ausgestattet mit 2 Schl\u00e4uchen (die Anzahl der Schl\u00e4uche kann durch einen Konverter erh\u00f6ht werden), ist der Betrieb flexibel und bequem. Wenn Ihre Freunde zu Besuch kommen, k\u00f6nnen Sie das Rauchen gemeinsam genie\u00dfen.<\/p>\n<p>Wenn Sie eine<a href=\"https:\/\/global-hookah.com\/product-category\/wholesale-hookah\/\"> Gro\u00dfhandel Shisha<\/a> ben\u00f6tigen, k\u00f6nnen Sie sich auch gerne mit uns in Verbindung setzen. Wir glauben, dass unsere Dienstleistungen im Vergleich zu anderen Gro\u00dfh\u00e4ndlern Sie zufriedener machen werden<\/p>\n<p>&nbsp;<\/p>\n<p>Grenz\u00fcberschreitendes Paketgewicht 1,3 kg<br \/>\nSt\u00fcckgewicht 1,3kg<br \/>\nWerkstoff Glas<\/p>","protected":false},"excerpt":{"rendered":"<p>Erleben Sie die Eleganz des alten \u00c4gyptens mit unseren \u00e4gyptischen Wasserpfeifen aus Glas. Diese mit traditionellen Techniken handgefertigten Wasserpfeifen zeichnen sich durch filigrane Glasarbeiten aus<\/p>","protected":false},"featured_media":14131,"comment_status":"open","ping_status":"closed","template":"","meta":{"iawp_total_views":3,"_joinchat":[]},"product_brand":[],"product_cat":[560,119],"product_tag":[],"class_list":{"0":"post-14125","1":"product","2":"type-product","3":"status-publish","4":"has-post-thumbnail","6":"product_cat-glass-hookah-wholesale","7":"product_cat-wholesale-hookah","9":"first","10":"instock","11":"shipping-taxable","12":"purchasable","13":"product-type-simple"},"yoast_head":"<!-- This site is optimized with the Yoast SEO Premium plugin v24.7 (Yoast SEO v26.8) - https:\/\/yoast.com\/product\/yoast-seo-premium-wordpress\/ -->\n<title>Glass Egyptian Hookah Wholesale - Global Hookah<\/title>\n<meta name=\"robots\" content=\"index, follow, max-snippet:-1, max-image-preview:large, max-video-preview:-1\" \/>\n<link rel=\"canonical\" href=\"https:\/\/global-hookah.com\/de\/produkt\/glass-egyptian-hookah-wholesale\/\" \/>\n<meta property=\"og:locale\" content=\"de_DE\" \/>\n<meta property=\"og:type\" content=\"article\" \/>\n<meta property=\"og:title\" content=\"Glass Egyptian Hookah Wholesale\" \/>\n<meta property=\"og:description\" content=\"Experience the elegance of ancient Egypt with our glass Egyptian hookahs. Handcrafted using traditional techniques, these hookahs feature delicate glasswork\" \/>\n<meta property=\"og:url\" content=\"https:\/\/global-hookah.com\/de\/produkt\/glass-egyptian-hookah-wholesale\/\" \/>\n<meta property=\"og:site_name\" content=\"Global Hookah\" \/>\n<meta property=\"article:modified_time\" content=\"2024-01-12T03:53:26+00:00\" \/>\n<meta property=\"og:image\" content=\"https:\/\/global-hookah.com\/wp-content\/uploads\/2023\/10\/O1CN01e69dPr1fjHatph8Eq_2211984884042-0-cib.jpg\" \/>\n\t<meta property=\"og:image:width\" content=\"1000\" \/>\n\t<meta property=\"og:image:height\" content=\"1000\" \/>\n\t<meta property=\"og:image:type\" content=\"image\/jpeg\" \/>\n<meta name=\"twitter:card\" content=\"summary_large_image\" \/>\n<meta name=\"twitter:label1\" content=\"Gesch\u00e4tzte Lesezeit\" \/>\n\t<meta name=\"twitter:data1\" content=\"1\u00a0Minute\" \/>\n<script type=\"application\/ld+json\" class=\"yoast-schema-graph\">{\"@context\":\"https:\/\/schema.org\",\"@graph\":[{\"@type\":\"WebPage\",\"@id\":\"https:\/\/global-hookah.com\/product\/glass-egyptian-hookah-wholesale\/\",\"url\":\"https:\/\/global-hookah.com\/product\/glass-egyptian-hookah-wholesale\/\",\"name\":\"Glass Egyptian Hookah Wholesale - Global Hookah\",\"isPartOf\":{\"@id\":\"https:\/\/global-hookah.com\/#website\"},\"primaryImageOfPage\":{\"@id\":\"https:\/\/global-hookah.com\/product\/glass-egyptian-hookah-wholesale\/#primaryimage\"},\"image\":{\"@id\":\"https:\/\/global-hookah.com\/product\/glass-egyptian-hookah-wholesale\/#primaryimage\"},\"thumbnailUrl\":\"https:\/\/global-hookah.com\/wp-content\/uploads\/2023\/10\/O1CN01e69dPr1fjHatph8Eq_2211984884042-0-cib.jpg\",\"datePublished\":\"2023-10-01T09:06:51+00:00\",\"dateModified\":\"2024-01-12T03:53:26+00:00\",\"breadcrumb\":{\"@id\":\"https:\/\/global-hookah.com\/product\/glass-egyptian-hookah-wholesale\/#breadcrumb\"},\"inLanguage\":\"de\",\"potentialAction\":[{\"@type\":\"ReadAction\",\"target\":[\"https:\/\/global-hookah.com\/product\/glass-egyptian-hookah-wholesale\/\"]}]},{\"@type\":\"ImageObject\",\"inLanguage\":\"de\",\"@id\":\"https:\/\/global-hookah.com\/product\/glass-egyptian-hookah-wholesale\/#primaryimage\",\"url\":\"https:\/\/global-hookah.com\/wp-content\/uploads\/2023\/10\/O1CN01e69dPr1fjHatph8Eq_2211984884042-0-cib.jpg\",\"contentUrl\":\"https:\/\/global-hookah.com\/wp-content\/uploads\/2023\/10\/O1CN01e69dPr1fjHatph8Eq_2211984884042-0-cib.jpg\",\"width\":1000,\"height\":1000,\"caption\":\"Glass Egyptian Hookah Wholesale\"},{\"@type\":\"BreadcrumbList\",\"@id\":\"https:\/\/global-hookah.com\/product\/glass-egyptian-hookah-wholesale\/#breadcrumb\",\"itemListElement\":[{\"@type\":\"ListItem\",\"position\":1,\"name\":\"Home\",\"item\":\"https:\/\/global-hookah.com\/\"},{\"@type\":\"ListItem\",\"position\":2,\"name\":\"Shop\",\"item\":\"https:\/\/global-hookah.com\/shop\/\"},{\"@type\":\"ListItem\",\"position\":3,\"name\":\"Glass Egyptian Hookah Wholesale\"}]},{\"@type\":\"WebSite\",\"@id\":\"https:\/\/global-hookah.com\/#website\",\"url\":\"https:\/\/global-hookah.com\/\",\"name\":\"Global Hookah\",\"description\":\"Global Hookah\",\"publisher\":{\"@id\":\"https:\/\/global-hookah.com\/#organization\"},\"potentialAction\":[{\"@type\":\"SearchAction\",\"target\":{\"@type\":\"EntryPoint\",\"urlTemplate\":\"https:\/\/global-hookah.com\/?s={search_term_string}\"},\"query-input\":{\"@type\":\"PropertyValueSpecification\",\"valueRequired\":true,\"valueName\":\"search_term_string\"}}],\"inLanguage\":\"de\"},{\"@type\":\"Organization\",\"@id\":\"https:\/\/global-hookah.com\/#organization\",\"name\":\"Global Hookah\",\"url\":\"https:\/\/global-hookah.com\/\",\"logo\":{\"@type\":\"ImageObject\",\"inLanguage\":\"de\",\"@id\":\"https:\/\/global-hookah.com\/#\/schema\/logo\/image\/\",\"url\":\"https:\/\/global-hookah.com\/wp-content\/uploads\/2021\/10\/cropped-fgg.png\",\"contentUrl\":\"https:\/\/global-hookah.com\/wp-content\/uploads\/2021\/10\/cropped-fgg.png\",\"width\":512,\"height\":512,\"caption\":\"Global Hookah\"},\"image\":{\"@id\":\"https:\/\/global-hookah.com\/#\/schema\/logo\/image\/\"}}]}<\/script>\n<!-- \/ Yoast SEO Premium plugin. -->","yoast_head_json":{"title":"Glas \u00c4gyptische Wasserpfeife Gro\u00dfhandel - Global Hookah","robots":{"index":"index","follow":"follow","max-snippet":"max-snippet:-1","max-image-preview":"max-image-preview:large","max-video-preview":"max-video-preview:-1"},"canonical":"https:\/\/global-hookah.com\/de\/produkt\/glass-egyptian-hookah-wholesale\/","og_locale":"de_DE","og_type":"article","og_title":"Glass Egyptian Hookah Wholesale","og_description":"Experience the elegance of ancient Egypt with our glass Egyptian hookahs. Handcrafted using traditional techniques, these hookahs feature delicate glasswork","og_url":"https:\/\/global-hookah.com\/de\/produkt\/glass-egyptian-hookah-wholesale\/","og_site_name":"Global Hookah","article_modified_time":"2024-01-12T03:53:26+00:00","og_image":[{"width":1000,"height":1000,"url":"https:\/\/global-hookah.com\/wp-content\/uploads\/2023\/10\/O1CN01e69dPr1fjHatph8Eq_2211984884042-0-cib.jpg","type":"image\/jpeg"}],"twitter_card":"summary_large_image","twitter_misc":{"Gesch\u00e4tzte Lesezeit":"1\u00a0Minute"},"schema":{"@context":"https:\/\/schema.org","@graph":[{"@type":"WebPage","@id":"https:\/\/global-hookah.com\/product\/glass-egyptian-hookah-wholesale\/","url":"https:\/\/global-hookah.com\/product\/glass-egyptian-hookah-wholesale\/","name":"Glas \u00c4gyptische Wasserpfeife Gro\u00dfhandel - Global Hookah","isPartOf":{"@id":"https:\/\/global-hookah.com\/#website"},"primaryImageOfPage":{"@id":"https:\/\/global-hookah.com\/product\/glass-egyptian-hookah-wholesale\/#primaryimage"},"image":{"@id":"https:\/\/global-hookah.com\/product\/glass-egyptian-hookah-wholesale\/#primaryimage"},"thumbnailUrl":"https:\/\/global-hookah.com\/wp-content\/uploads\/2023\/10\/O1CN01e69dPr1fjHatph8Eq_2211984884042-0-cib.jpg","datePublished":"2023-10-01T09:06:51+00:00","dateModified":"2024-01-12T03:53:26+00:00","breadcrumb":{"@id":"https:\/\/global-hookah.com\/product\/glass-egyptian-hookah-wholesale\/#breadcrumb"},"inLanguage":"de","potentialAction":[{"@type":"ReadAction","target":["https:\/\/global-hookah.com\/product\/glass-egyptian-hookah-wholesale\/"]}]},{"@type":"ImageObject","inLanguage":"de","@id":"https:\/\/global-hookah.com\/product\/glass-egyptian-hookah-wholesale\/#primaryimage","url":"https:\/\/global-hookah.com\/wp-content\/uploads\/2023\/10\/O1CN01e69dPr1fjHatph8Eq_2211984884042-0-cib.jpg","contentUrl":"https:\/\/global-hookah.com\/wp-content\/uploads\/2023\/10\/O1CN01e69dPr1fjHatph8Eq_2211984884042-0-cib.jpg","width":1000,"height":1000,"caption":"Glass Egyptian Hookah Wholesale"},{"@type":"BreadcrumbList","@id":"https:\/\/global-hookah.com\/product\/glass-egyptian-hookah-wholesale\/#breadcrumb","itemListElement":[{"@type":"ListItem","position":1,"name":"Home","item":"https:\/\/global-hookah.com\/"},{"@type":"ListItem","position":2,"name":"Shop","item":"https:\/\/global-hookah.com\/shop\/"},{"@type":"ListItem","position":3,"name":"Glass Egyptian Hookah Wholesale"}]},{"@type":"WebSite","@id":"https:\/\/global-hookah.com\/#website","url":"https:\/\/global-hookah.com\/","name":"Globale Wasserpfeife","description":"Globale Wasserpfeife","publisher":{"@id":"https:\/\/global-hookah.com\/#organization"},"potentialAction":[{"@type":"SearchAction","target":{"@type":"EntryPoint","urlTemplate":"https:\/\/global-hookah.com\/?s={search_term_string}"},"query-input":{"@type":"PropertyValueSpecification","valueRequired":true,"valueName":"search_term_string"}}],"inLanguage":"de"},{"@type":"Organization","@id":"https:\/\/global-hookah.com\/#organization","name":"Globale Wasserpfeife","url":"https:\/\/global-hookah.com\/","logo":{"@type":"ImageObject","inLanguage":"de","@id":"https:\/\/global-hookah.com\/#\/schema\/logo\/image\/","url":"https:\/\/global-hookah.com\/wp-content\/uploads\/2021\/10\/cropped-fgg.png","contentUrl":"https:\/\/global-hookah.com\/wp-content\/uploads\/2021\/10\/cropped-fgg.png","width":512,"height":512,"caption":"Global Hookah"},"image":{"@id":"https:\/\/global-hookah.com\/#\/schema\/logo\/image\/"}}]}},"_links":{"self":[{"href":"https:\/\/global-hookah.com\/de\/wp-json\/wp\/v2\/product\/14125","targetHints":{"allow":["GET"]}}],"collection":[{"href":"https:\/\/global-hookah.com\/de\/wp-json\/wp\/v2\/product"}],"about":[{"href":"https:\/\/global-hookah.com\/de\/wp-json\/wp\/v2\/types\/product"}],"replies":[{"embeddable":true,"href":"https:\/\/global-hookah.com\/de\/wp-json\/wp\/v2\/comments?post=14125"}],"version-history":[{"count":0,"href":"https:\/\/global-hookah.com\/de\/wp-json\/wp\/v2\/product\/14125\/revisions"}],"wp:featuredmedia":[{"embeddable":true,"href":"https:\/\/global-hookah.com\/de\/wp-json\/wp\/v2\/media\/14131"}],"wp:attachment":[{"href":"https:\/\/global-hookah.com\/de\/wp-json\/wp\/v2\/media?parent=14125"}],"wp:term":[{"taxonomy":"product_brand","embeddable":true,"href":"https:\/\/global-hookah.com\/de\/wp-json\/wp\/v2\/product_brand?post=14125"},{"taxonomy":"product_cat","embeddable":true,"href":"https:\/\/global-hookah.com\/de\/wp-json\/wp\/v2\/product_cat?post=14125"},{"taxonomy":"product_tag","embeddable":true,"href":"https:\/\/global-hookah.com\/de\/wp-json\/wp\/v2\/product_tag?post=14125"}],"curies":[{"name":"wp","href":"https:\/\/api.w.org\/{rel}","templated":true}]}}