{"id":14155,"date":"2023-10-04T07:43:13","date_gmt":"2023-10-04T07:43:13","guid":{"rendered":"https:\/\/global-hookah.com\/?post_type=product&#038;p=14155"},"modified":"2023-10-31T05:08:34","modified_gmt":"2023-10-31T05:08:34","slug":"medium-sized-dual-pipe-hookah-wholesale","status":"publish","type":"product","link":"https:\/\/global-hookah.com\/de\/produkt\/medium-sized-dual-pipe-hookah-wholesale\/","title":{"rendered":"Mittelgro\u00dfe Doppelpfeife Hookah Gro\u00dfhandel"},"content":{"rendered":"<p>Der Hauptk\u00f6rper dieser mittelgro\u00dfen Doppelpfeifen-Hookah ist aus hochwertiger Keramik gefertigt. Das \u00e4u\u00dfere Design ist sehr modisch und das Innendesign ist exquisit. Sie enth\u00e4lt zwei Pfeifenaufs\u00e4tze, die es zwei Personen erm\u00f6glichen, gleichzeitig zu rauchen. So k\u00f6nnen Sie reinen Rauch genie\u00dfen, w\u00e4hrend Sie sich unterhalten und einfach rauchen.<\/p>\n<p>Wir verkaufen zu g\u00fcnstigen Gro\u00dfhandelspreisen, die sich perfekt f\u00fcr den Einkauf zu verschiedenen kommerziellen Zwecken eignen. Es gibt keine Mindestbestellmenge, Sie k\u00f6nnen gerne in <a href=\"https:\/\/global-hookah.com\/product-category\/wholesale-hookah\/\">Bulk Hookah<\/a> ! W\u00e4hlen Sie uns und beginnen Sie eine stabile, langfristige Zusammenarbeit!<\/p>\n<p>&nbsp;<\/p>\n<p>&nbsp;<\/p>\n<p>Grenz\u00fcberschreitendes Paketgewicht 1,4 kg<br \/>\nSt\u00fcckgewicht 1,4kg<br \/>\nMaterial: Keramik<\/p>","protected":false},"excerpt":{"rendered":"<p>Der Hauptk\u00f6rper dieser Medium Sized Dual Pipe Hookah ist aus hochwertiger Keramik gefertigt. Das \u00e4u\u00dfere Design ist sehr<\/p>","protected":false},"featured_media":14160,"comment_status":"open","ping_status":"closed","template":"","meta":{"iawp_total_views":1,"_joinchat":[]},"product_brand":[],"product_cat":[119],"product_tag":[],"class_list":{"0":"post-14155","1":"product","2":"type-product","3":"status-publish","4":"has-post-thumbnail","6":"product_cat-wholesale-hookah","8":"first","9":"instock","10":"shipping-taxable","11":"purchasable","12":"product-type-simple"},"yoast_head":"<!-- This site is optimized with the Yoast SEO Premium plugin v24.7 (Yoast SEO v26.8) - https:\/\/yoast.com\/product\/yoast-seo-premium-wordpress\/ -->\n<title>Medium Sized Dual Pipe Hookah Wholesale - Global Hookah<\/title>\n<meta name=\"robots\" content=\"index, follow, max-snippet:-1, max-image-preview:large, max-video-preview:-1\" \/>\n<link rel=\"canonical\" href=\"https:\/\/global-hookah.com\/de\/produkt\/medium-sized-dual-pipe-hookah-wholesale\/\" \/>\n<meta property=\"og:locale\" content=\"de_DE\" \/>\n<meta property=\"og:type\" content=\"article\" \/>\n<meta property=\"og:title\" content=\"Medium Sized Dual Pipe Hookah Wholesale\" \/>\n<meta property=\"og:description\" content=\"The main body of this Medium Sized Dual Pipe Hookah is made of high-quality ceramics. The exterior design is very\" \/>\n<meta property=\"og:url\" content=\"https:\/\/global-hookah.com\/de\/produkt\/medium-sized-dual-pipe-hookah-wholesale\/\" \/>\n<meta property=\"og:site_name\" content=\"Global Hookah\" \/>\n<meta property=\"article:modified_time\" content=\"2023-10-31T05:08:34+00:00\" \/>\n<meta property=\"og:image\" content=\"https:\/\/global-hookah.com\/wp-content\/uploads\/2023\/10\/O1CN01kolc4g2NUwKaGrTA3_1089939967-0-cib.jpg\" \/>\n\t<meta property=\"og:image:width\" content=\"800\" \/>\n\t<meta property=\"og:image:height\" content=\"800\" \/>\n\t<meta property=\"og:image:type\" content=\"image\/jpeg\" \/>\n<meta name=\"twitter:card\" content=\"summary_large_image\" \/>\n<meta name=\"twitter:label1\" content=\"Gesch\u00e4tzte Lesezeit\" \/>\n\t<meta name=\"twitter:data1\" content=\"1\u00a0Minute\" \/>\n<script type=\"application\/ld+json\" class=\"yoast-schema-graph\">{\"@context\":\"https:\/\/schema.org\",\"@graph\":[{\"@type\":\"WebPage\",\"@id\":\"https:\/\/global-hookah.com\/product\/medium-sized-dual-pipe-hookah-wholesale\/\",\"url\":\"https:\/\/global-hookah.com\/product\/medium-sized-dual-pipe-hookah-wholesale\/\",\"name\":\"Medium Sized Dual Pipe Hookah Wholesale - Global Hookah\",\"isPartOf\":{\"@id\":\"https:\/\/global-hookah.com\/#website\"},\"primaryImageOfPage\":{\"@id\":\"https:\/\/global-hookah.com\/product\/medium-sized-dual-pipe-hookah-wholesale\/#primaryimage\"},\"image\":{\"@id\":\"https:\/\/global-hookah.com\/product\/medium-sized-dual-pipe-hookah-wholesale\/#primaryimage\"},\"thumbnailUrl\":\"https:\/\/global-hookah.com\/wp-content\/uploads\/2023\/10\/O1CN01kolc4g2NUwKaGrTA3_1089939967-0-cib.jpg\",\"datePublished\":\"2023-10-04T07:43:13+00:00\",\"dateModified\":\"2023-10-31T05:08:34+00:00\",\"breadcrumb\":{\"@id\":\"https:\/\/global-hookah.com\/product\/medium-sized-dual-pipe-hookah-wholesale\/#breadcrumb\"},\"inLanguage\":\"de\",\"potentialAction\":[{\"@type\":\"ReadAction\",\"target\":[\"https:\/\/global-hookah.com\/product\/medium-sized-dual-pipe-hookah-wholesale\/\"]}]},{\"@type\":\"ImageObject\",\"inLanguage\":\"de\",\"@id\":\"https:\/\/global-hookah.com\/product\/medium-sized-dual-pipe-hookah-wholesale\/#primaryimage\",\"url\":\"https:\/\/global-hookah.com\/wp-content\/uploads\/2023\/10\/O1CN01kolc4g2NUwKaGrTA3_1089939967-0-cib.jpg\",\"contentUrl\":\"https:\/\/global-hookah.com\/wp-content\/uploads\/2023\/10\/O1CN01kolc4g2NUwKaGrTA3_1089939967-0-cib.jpg\",\"width\":800,\"height\":800,\"caption\":\"Medium Sized Dual Pipe Hookah Wholesale\"},{\"@type\":\"BreadcrumbList\",\"@id\":\"https:\/\/global-hookah.com\/product\/medium-sized-dual-pipe-hookah-wholesale\/#breadcrumb\",\"itemListElement\":[{\"@type\":\"ListItem\",\"position\":1,\"name\":\"Home\",\"item\":\"https:\/\/global-hookah.com\/\"},{\"@type\":\"ListItem\",\"position\":2,\"name\":\"Shop\",\"item\":\"https:\/\/global-hookah.com\/shop\/\"},{\"@type\":\"ListItem\",\"position\":3,\"name\":\"Medium Sized Dual Pipe Hookah Wholesale\"}]},{\"@type\":\"WebSite\",\"@id\":\"https:\/\/global-hookah.com\/#website\",\"url\":\"https:\/\/global-hookah.com\/\",\"name\":\"Global Hookah\",\"description\":\"Global Hookah\",\"publisher\":{\"@id\":\"https:\/\/global-hookah.com\/#organization\"},\"potentialAction\":[{\"@type\":\"SearchAction\",\"target\":{\"@type\":\"EntryPoint\",\"urlTemplate\":\"https:\/\/global-hookah.com\/?s={search_term_string}\"},\"query-input\":{\"@type\":\"PropertyValueSpecification\",\"valueRequired\":true,\"valueName\":\"search_term_string\"}}],\"inLanguage\":\"de\"},{\"@type\":\"Organization\",\"@id\":\"https:\/\/global-hookah.com\/#organization\",\"name\":\"Global Hookah\",\"url\":\"https:\/\/global-hookah.com\/\",\"logo\":{\"@type\":\"ImageObject\",\"inLanguage\":\"de\",\"@id\":\"https:\/\/global-hookah.com\/#\/schema\/logo\/image\/\",\"url\":\"https:\/\/global-hookah.com\/wp-content\/uploads\/2021\/10\/cropped-fgg.png\",\"contentUrl\":\"https:\/\/global-hookah.com\/wp-content\/uploads\/2021\/10\/cropped-fgg.png\",\"width\":512,\"height\":512,\"caption\":\"Global Hookah\"},\"image\":{\"@id\":\"https:\/\/global-hookah.com\/#\/schema\/logo\/image\/\"}}]}<\/script>\n<!-- \/ Yoast SEO Premium plugin. -->","yoast_head_json":{"title":"Mittelgro\u00dfe Doppelpfeife Wasserpfeife Gro\u00dfhandel - Global Hookah","robots":{"index":"index","follow":"follow","max-snippet":"max-snippet:-1","max-image-preview":"max-image-preview:large","max-video-preview":"max-video-preview:-1"},"canonical":"https:\/\/global-hookah.com\/de\/produkt\/medium-sized-dual-pipe-hookah-wholesale\/","og_locale":"de_DE","og_type":"article","og_title":"Medium Sized Dual Pipe Hookah Wholesale","og_description":"The main body of this Medium Sized Dual Pipe Hookah is made of high-quality ceramics. The exterior design is very","og_url":"https:\/\/global-hookah.com\/de\/produkt\/medium-sized-dual-pipe-hookah-wholesale\/","og_site_name":"Global Hookah","article_modified_time":"2023-10-31T05:08:34+00:00","og_image":[{"width":800,"height":800,"url":"https:\/\/global-hookah.com\/wp-content\/uploads\/2023\/10\/O1CN01kolc4g2NUwKaGrTA3_1089939967-0-cib.jpg","type":"image\/jpeg"}],"twitter_card":"summary_large_image","twitter_misc":{"Gesch\u00e4tzte Lesezeit":"1\u00a0Minute"},"schema":{"@context":"https:\/\/schema.org","@graph":[{"@type":"WebPage","@id":"https:\/\/global-hookah.com\/product\/medium-sized-dual-pipe-hookah-wholesale\/","url":"https:\/\/global-hookah.com\/product\/medium-sized-dual-pipe-hookah-wholesale\/","name":"Mittelgro\u00dfe Doppelpfeife Wasserpfeife Gro\u00dfhandel - Global Hookah","isPartOf":{"@id":"https:\/\/global-hookah.com\/#website"},"primaryImageOfPage":{"@id":"https:\/\/global-hookah.com\/product\/medium-sized-dual-pipe-hookah-wholesale\/#primaryimage"},"image":{"@id":"https:\/\/global-hookah.com\/product\/medium-sized-dual-pipe-hookah-wholesale\/#primaryimage"},"thumbnailUrl":"https:\/\/global-hookah.com\/wp-content\/uploads\/2023\/10\/O1CN01kolc4g2NUwKaGrTA3_1089939967-0-cib.jpg","datePublished":"2023-10-04T07:43:13+00:00","dateModified":"2023-10-31T05:08:34+00:00","breadcrumb":{"@id":"https:\/\/global-hookah.com\/product\/medium-sized-dual-pipe-hookah-wholesale\/#breadcrumb"},"inLanguage":"de","potentialAction":[{"@type":"ReadAction","target":["https:\/\/global-hookah.com\/product\/medium-sized-dual-pipe-hookah-wholesale\/"]}]},{"@type":"ImageObject","inLanguage":"de","@id":"https:\/\/global-hookah.com\/product\/medium-sized-dual-pipe-hookah-wholesale\/#primaryimage","url":"https:\/\/global-hookah.com\/wp-content\/uploads\/2023\/10\/O1CN01kolc4g2NUwKaGrTA3_1089939967-0-cib.jpg","contentUrl":"https:\/\/global-hookah.com\/wp-content\/uploads\/2023\/10\/O1CN01kolc4g2NUwKaGrTA3_1089939967-0-cib.jpg","width":800,"height":800,"caption":"Medium Sized Dual Pipe Hookah Wholesale"},{"@type":"BreadcrumbList","@id":"https:\/\/global-hookah.com\/product\/medium-sized-dual-pipe-hookah-wholesale\/#breadcrumb","itemListElement":[{"@type":"ListItem","position":1,"name":"Home","item":"https:\/\/global-hookah.com\/"},{"@type":"ListItem","position":2,"name":"Shop","item":"https:\/\/global-hookah.com\/shop\/"},{"@type":"ListItem","position":3,"name":"Medium Sized Dual Pipe Hookah Wholesale"}]},{"@type":"WebSite","@id":"https:\/\/global-hookah.com\/#website","url":"https:\/\/global-hookah.com\/","name":"Globale Wasserpfeife","description":"Globale Wasserpfeife","publisher":{"@id":"https:\/\/global-hookah.com\/#organization"},"potentialAction":[{"@type":"SearchAction","target":{"@type":"EntryPoint","urlTemplate":"https:\/\/global-hookah.com\/?s={search_term_string}"},"query-input":{"@type":"PropertyValueSpecification","valueRequired":true,"valueName":"search_term_string"}}],"inLanguage":"de"},{"@type":"Organization","@id":"https:\/\/global-hookah.com\/#organization","name":"Globale Wasserpfeife","url":"https:\/\/global-hookah.com\/","logo":{"@type":"ImageObject","inLanguage":"de","@id":"https:\/\/global-hookah.com\/#\/schema\/logo\/image\/","url":"https:\/\/global-hookah.com\/wp-content\/uploads\/2021\/10\/cropped-fgg.png","contentUrl":"https:\/\/global-hookah.com\/wp-content\/uploads\/2021\/10\/cropped-fgg.png","width":512,"height":512,"caption":"Global Hookah"},"image":{"@id":"https:\/\/global-hookah.com\/#\/schema\/logo\/image\/"}}]}},"_links":{"self":[{"href":"https:\/\/global-hookah.com\/de\/wp-json\/wp\/v2\/product\/14155","targetHints":{"allow":["GET"]}}],"collection":[{"href":"https:\/\/global-hookah.com\/de\/wp-json\/wp\/v2\/product"}],"about":[{"href":"https:\/\/global-hookah.com\/de\/wp-json\/wp\/v2\/types\/product"}],"replies":[{"embeddable":true,"href":"https:\/\/global-hookah.com\/de\/wp-json\/wp\/v2\/comments?post=14155"}],"version-history":[{"count":0,"href":"https:\/\/global-hookah.com\/de\/wp-json\/wp\/v2\/product\/14155\/revisions"}],"wp:featuredmedia":[{"embeddable":true,"href":"https:\/\/global-hookah.com\/de\/wp-json\/wp\/v2\/media\/14160"}],"wp:attachment":[{"href":"https:\/\/global-hookah.com\/de\/wp-json\/wp\/v2\/media?parent=14155"}],"wp:term":[{"taxonomy":"product_brand","embeddable":true,"href":"https:\/\/global-hookah.com\/de\/wp-json\/wp\/v2\/product_brand?post=14155"},{"taxonomy":"product_cat","embeddable":true,"href":"https:\/\/global-hookah.com\/de\/wp-json\/wp\/v2\/product_cat?post=14155"},{"taxonomy":"product_tag","embeddable":true,"href":"https:\/\/global-hookah.com\/de\/wp-json\/wp\/v2\/product_tag?post=14155"}],"curies":[{"name":"wp","href":"https:\/\/api.w.org\/{rel}","templated":true}]}}