{"id":14164,"date":"2023-10-04T07:51:55","date_gmt":"2023-10-04T07:51:55","guid":{"rendered":"https:\/\/global-hookah.com\/?post_type=product&#038;p=14164"},"modified":"2023-10-31T05:26:12","modified_gmt":"2023-10-31T05:26:12","slug":"small-dual-pipe-arabic-hookah-wholesale","status":"publish","type":"product","link":"https:\/\/global-hookah.com\/de\/produkt\/small-dual-pipe-arabic-hookah-wholesale\/","title":{"rendered":"Kleine Doppelpfeife Arabische Wasserpfeife Gro\u00dfhandel"},"content":{"rendered":"<p>Die<strong> Kleine Doppelpfeife Arabische Wasserpfeife<\/strong> ist aus exquisitem Harzmaterial gefertigt und mit traditionellen Arabeskenmustern verziert, die Ihre Augen nie langweilig werden lassen. Die Verwendung dieser arabischen Wasserpfeife mit Tabak im arabischen Stil kann Ihnen ein reiches nah\u00f6stliches Tabakaroma bringen, und Sie k\u00f6nnen mit jedem Zug einen frischen und s\u00fc\u00dfen Geschmack einatmen.<\/p>\n<p><strong>Kleine Doppelpfeife Arabische Wasserpfeife<\/strong> Der erzeugte Rauch ist sehr gro\u00df und dick, aber wegen des guten Filtersystems ist er nicht sehr reizend, so dass es angenehmer zu rauchen ist als eine gew\u00f6hnliche Wasserpfeife.<\/p>\n<p>Die Sch\u00fcssel hat ein gro\u00dfes Volumen und kann bis zu 0,8 Liter Wasser auf einmal aufnehmen, was ausreicht, um lange Zeit ohne Unterbrechung genie\u00dfen zu k\u00f6nnen.<\/p>\n<p>Mit dem mehrk\u00f6pfigen Design k\u00f6nnen Sie diese arabische Romanze mit Freunden oder Liebhabern gleichzeitig teilen.<\/p>\n<p>Das \u00e4u\u00dfere Design nimmt das traditionelle arabische Muster an, mit einer Kombination aus Schwarz und Wei\u00df, die sehr sch\u00f6n ist. Das Ganze ist aus Harz Material, so f\u00fchlt es sich sehr strukturiert.<\/p>\n<p>Und <strong>Kleine Doppelpfeife Arabische Wasserpfeife<\/strong> ist au\u00dferdem mit zwei hochwertigen Schlauchsets ausgestattet. Dar\u00fcber hinaus gibt es mehrere Zigarettenspitzen im klassischen Stil, aus denen Sie w\u00e4hlen k\u00f6nnen. Nur um Ihnen mehr Auswahlm\u00f6glichkeiten zu bieten <a href=\"https:\/\/global-hookah.com\/product-category\/wholesale-hookah\/\">Gro\u00dfhandel Arabisch Hookah<\/a><\/p>\n<p>&nbsp;<\/p>\n<p>Grenz\u00fcberschreitendes Paketgewicht 0,76 kg<br \/>\nSt\u00fcckgewicht 0,76kg<br \/>\nMaterial Harz<\/p>","protected":false},"excerpt":{"rendered":"<p>Die kleine arabische Doppelpfeife ist aus exquisitem Harzmaterial gefertigt und mit traditionellen Arabeskenmustern verziert, die<\/p>","protected":false},"featured_media":14167,"comment_status":"open","ping_status":"closed","template":"","meta":{"iawp_total_views":2,"_joinchat":[]},"product_brand":[],"product_cat":[119],"product_tag":[],"class_list":{"0":"post-14164","1":"product","2":"type-product","3":"status-publish","4":"has-post-thumbnail","6":"product_cat-wholesale-hookah","8":"first","9":"instock","10":"shipping-taxable","11":"purchasable","12":"product-type-simple"},"yoast_head":"<!-- This site is optimized with the Yoast SEO Premium plugin v24.7 (Yoast SEO v26.8) - https:\/\/yoast.com\/product\/yoast-seo-premium-wordpress\/ -->\n<title>Small Dual Pipe Arabic Hookah Wholesale - Global Hookah<\/title>\n<meta name=\"robots\" content=\"index, follow, max-snippet:-1, max-image-preview:large, max-video-preview:-1\" \/>\n<link rel=\"canonical\" href=\"https:\/\/global-hookah.com\/de\/produkt\/small-dual-pipe-arabic-hookah-wholesale\/\" \/>\n<meta property=\"og:locale\" content=\"de_DE\" \/>\n<meta property=\"og:type\" content=\"article\" \/>\n<meta property=\"og:title\" content=\"Small Dual Pipe Arabic Hookah Wholesale\" \/>\n<meta property=\"og:description\" content=\"The Small Dual Pipe Arabic Hookah is made of exquisite resin material and decorated with traditional arabesque patterns, which will\" \/>\n<meta property=\"og:url\" content=\"https:\/\/global-hookah.com\/de\/produkt\/small-dual-pipe-arabic-hookah-wholesale\/\" \/>\n<meta property=\"og:site_name\" content=\"Global Hookah\" \/>\n<meta property=\"article:modified_time\" content=\"2023-10-31T05:26:12+00:00\" \/>\n<meta property=\"og:image\" content=\"https:\/\/global-hookah.com\/wp-content\/uploads\/2023\/10\/O1CN01mnDIiS2NUwKXCzRVS_1089939967-0-cib.jpg\" \/>\n\t<meta property=\"og:image:width\" content=\"800\" \/>\n\t<meta property=\"og:image:height\" content=\"800\" \/>\n\t<meta property=\"og:image:type\" content=\"image\/jpeg\" \/>\n<meta name=\"twitter:card\" content=\"summary_large_image\" \/>\n<meta name=\"twitter:label1\" content=\"Gesch\u00e4tzte Lesezeit\" \/>\n\t<meta name=\"twitter:data1\" content=\"1\u00a0Minute\" \/>\n<script type=\"application\/ld+json\" class=\"yoast-schema-graph\">{\"@context\":\"https:\/\/schema.org\",\"@graph\":[{\"@type\":\"WebPage\",\"@id\":\"https:\/\/global-hookah.com\/product\/small-dual-pipe-arabic-hookah-wholesale\/\",\"url\":\"https:\/\/global-hookah.com\/product\/small-dual-pipe-arabic-hookah-wholesale\/\",\"name\":\"Small Dual Pipe Arabic Hookah Wholesale - Global Hookah\",\"isPartOf\":{\"@id\":\"https:\/\/global-hookah.com\/#website\"},\"primaryImageOfPage\":{\"@id\":\"https:\/\/global-hookah.com\/product\/small-dual-pipe-arabic-hookah-wholesale\/#primaryimage\"},\"image\":{\"@id\":\"https:\/\/global-hookah.com\/product\/small-dual-pipe-arabic-hookah-wholesale\/#primaryimage\"},\"thumbnailUrl\":\"https:\/\/global-hookah.com\/wp-content\/uploads\/2023\/10\/O1CN01mnDIiS2NUwKXCzRVS_1089939967-0-cib.jpg\",\"datePublished\":\"2023-10-04T07:51:55+00:00\",\"dateModified\":\"2023-10-31T05:26:12+00:00\",\"breadcrumb\":{\"@id\":\"https:\/\/global-hookah.com\/product\/small-dual-pipe-arabic-hookah-wholesale\/#breadcrumb\"},\"inLanguage\":\"de\",\"potentialAction\":[{\"@type\":\"ReadAction\",\"target\":[\"https:\/\/global-hookah.com\/product\/small-dual-pipe-arabic-hookah-wholesale\/\"]}]},{\"@type\":\"ImageObject\",\"inLanguage\":\"de\",\"@id\":\"https:\/\/global-hookah.com\/product\/small-dual-pipe-arabic-hookah-wholesale\/#primaryimage\",\"url\":\"https:\/\/global-hookah.com\/wp-content\/uploads\/2023\/10\/O1CN01mnDIiS2NUwKXCzRVS_1089939967-0-cib.jpg\",\"contentUrl\":\"https:\/\/global-hookah.com\/wp-content\/uploads\/2023\/10\/O1CN01mnDIiS2NUwKXCzRVS_1089939967-0-cib.jpg\",\"width\":800,\"height\":800,\"caption\":\"Small Dual Pipe Arabic Hookah Wholesale\"},{\"@type\":\"BreadcrumbList\",\"@id\":\"https:\/\/global-hookah.com\/product\/small-dual-pipe-arabic-hookah-wholesale\/#breadcrumb\",\"itemListElement\":[{\"@type\":\"ListItem\",\"position\":1,\"name\":\"Home\",\"item\":\"https:\/\/global-hookah.com\/\"},{\"@type\":\"ListItem\",\"position\":2,\"name\":\"Shop\",\"item\":\"https:\/\/global-hookah.com\/shop\/\"},{\"@type\":\"ListItem\",\"position\":3,\"name\":\"Small Dual Pipe Arabic Hookah Wholesale\"}]},{\"@type\":\"WebSite\",\"@id\":\"https:\/\/global-hookah.com\/#website\",\"url\":\"https:\/\/global-hookah.com\/\",\"name\":\"Global Hookah\",\"description\":\"Global Hookah\",\"publisher\":{\"@id\":\"https:\/\/global-hookah.com\/#organization\"},\"potentialAction\":[{\"@type\":\"SearchAction\",\"target\":{\"@type\":\"EntryPoint\",\"urlTemplate\":\"https:\/\/global-hookah.com\/?s={search_term_string}\"},\"query-input\":{\"@type\":\"PropertyValueSpecification\",\"valueRequired\":true,\"valueName\":\"search_term_string\"}}],\"inLanguage\":\"de\"},{\"@type\":\"Organization\",\"@id\":\"https:\/\/global-hookah.com\/#organization\",\"name\":\"Global Hookah\",\"url\":\"https:\/\/global-hookah.com\/\",\"logo\":{\"@type\":\"ImageObject\",\"inLanguage\":\"de\",\"@id\":\"https:\/\/global-hookah.com\/#\/schema\/logo\/image\/\",\"url\":\"https:\/\/global-hookah.com\/wp-content\/uploads\/2021\/10\/cropped-fgg.png\",\"contentUrl\":\"https:\/\/global-hookah.com\/wp-content\/uploads\/2021\/10\/cropped-fgg.png\",\"width\":512,\"height\":512,\"caption\":\"Global Hookah\"},\"image\":{\"@id\":\"https:\/\/global-hookah.com\/#\/schema\/logo\/image\/\"}}]}<\/script>\n<!-- \/ Yoast SEO Premium plugin. -->","yoast_head_json":{"title":"Kleine Doppelrohr arabische Wasserpfeife Gro\u00dfhandel - Global Hookah","robots":{"index":"index","follow":"follow","max-snippet":"max-snippet:-1","max-image-preview":"max-image-preview:large","max-video-preview":"max-video-preview:-1"},"canonical":"https:\/\/global-hookah.com\/de\/produkt\/small-dual-pipe-arabic-hookah-wholesale\/","og_locale":"de_DE","og_type":"article","og_title":"Small Dual Pipe Arabic Hookah Wholesale","og_description":"The Small Dual Pipe Arabic Hookah is made of exquisite resin material and decorated with traditional arabesque patterns, which will","og_url":"https:\/\/global-hookah.com\/de\/produkt\/small-dual-pipe-arabic-hookah-wholesale\/","og_site_name":"Global Hookah","article_modified_time":"2023-10-31T05:26:12+00:00","og_image":[{"width":800,"height":800,"url":"https:\/\/global-hookah.com\/wp-content\/uploads\/2023\/10\/O1CN01mnDIiS2NUwKXCzRVS_1089939967-0-cib.jpg","type":"image\/jpeg"}],"twitter_card":"summary_large_image","twitter_misc":{"Gesch\u00e4tzte Lesezeit":"1\u00a0Minute"},"schema":{"@context":"https:\/\/schema.org","@graph":[{"@type":"WebPage","@id":"https:\/\/global-hookah.com\/product\/small-dual-pipe-arabic-hookah-wholesale\/","url":"https:\/\/global-hookah.com\/product\/small-dual-pipe-arabic-hookah-wholesale\/","name":"Kleine Doppelrohr arabische Wasserpfeife Gro\u00dfhandel - Global Hookah","isPartOf":{"@id":"https:\/\/global-hookah.com\/#website"},"primaryImageOfPage":{"@id":"https:\/\/global-hookah.com\/product\/small-dual-pipe-arabic-hookah-wholesale\/#primaryimage"},"image":{"@id":"https:\/\/global-hookah.com\/product\/small-dual-pipe-arabic-hookah-wholesale\/#primaryimage"},"thumbnailUrl":"https:\/\/global-hookah.com\/wp-content\/uploads\/2023\/10\/O1CN01mnDIiS2NUwKXCzRVS_1089939967-0-cib.jpg","datePublished":"2023-10-04T07:51:55+00:00","dateModified":"2023-10-31T05:26:12+00:00","breadcrumb":{"@id":"https:\/\/global-hookah.com\/product\/small-dual-pipe-arabic-hookah-wholesale\/#breadcrumb"},"inLanguage":"de","potentialAction":[{"@type":"ReadAction","target":["https:\/\/global-hookah.com\/product\/small-dual-pipe-arabic-hookah-wholesale\/"]}]},{"@type":"ImageObject","inLanguage":"de","@id":"https:\/\/global-hookah.com\/product\/small-dual-pipe-arabic-hookah-wholesale\/#primaryimage","url":"https:\/\/global-hookah.com\/wp-content\/uploads\/2023\/10\/O1CN01mnDIiS2NUwKXCzRVS_1089939967-0-cib.jpg","contentUrl":"https:\/\/global-hookah.com\/wp-content\/uploads\/2023\/10\/O1CN01mnDIiS2NUwKXCzRVS_1089939967-0-cib.jpg","width":800,"height":800,"caption":"Small Dual Pipe Arabic Hookah Wholesale"},{"@type":"BreadcrumbList","@id":"https:\/\/global-hookah.com\/product\/small-dual-pipe-arabic-hookah-wholesale\/#breadcrumb","itemListElement":[{"@type":"ListItem","position":1,"name":"Home","item":"https:\/\/global-hookah.com\/"},{"@type":"ListItem","position":2,"name":"Shop","item":"https:\/\/global-hookah.com\/shop\/"},{"@type":"ListItem","position":3,"name":"Small Dual Pipe Arabic Hookah Wholesale"}]},{"@type":"WebSite","@id":"https:\/\/global-hookah.com\/#website","url":"https:\/\/global-hookah.com\/","name":"Globale Wasserpfeife","description":"Globale Wasserpfeife","publisher":{"@id":"https:\/\/global-hookah.com\/#organization"},"potentialAction":[{"@type":"SearchAction","target":{"@type":"EntryPoint","urlTemplate":"https:\/\/global-hookah.com\/?s={search_term_string}"},"query-input":{"@type":"PropertyValueSpecification","valueRequired":true,"valueName":"search_term_string"}}],"inLanguage":"de"},{"@type":"Organization","@id":"https:\/\/global-hookah.com\/#organization","name":"Globale Wasserpfeife","url":"https:\/\/global-hookah.com\/","logo":{"@type":"ImageObject","inLanguage":"de","@id":"https:\/\/global-hookah.com\/#\/schema\/logo\/image\/","url":"https:\/\/global-hookah.com\/wp-content\/uploads\/2021\/10\/cropped-fgg.png","contentUrl":"https:\/\/global-hookah.com\/wp-content\/uploads\/2021\/10\/cropped-fgg.png","width":512,"height":512,"caption":"Global Hookah"},"image":{"@id":"https:\/\/global-hookah.com\/#\/schema\/logo\/image\/"}}]}},"_links":{"self":[{"href":"https:\/\/global-hookah.com\/de\/wp-json\/wp\/v2\/product\/14164","targetHints":{"allow":["GET"]}}],"collection":[{"href":"https:\/\/global-hookah.com\/de\/wp-json\/wp\/v2\/product"}],"about":[{"href":"https:\/\/global-hookah.com\/de\/wp-json\/wp\/v2\/types\/product"}],"replies":[{"embeddable":true,"href":"https:\/\/global-hookah.com\/de\/wp-json\/wp\/v2\/comments?post=14164"}],"version-history":[{"count":0,"href":"https:\/\/global-hookah.com\/de\/wp-json\/wp\/v2\/product\/14164\/revisions"}],"wp:featuredmedia":[{"embeddable":true,"href":"https:\/\/global-hookah.com\/de\/wp-json\/wp\/v2\/media\/14167"}],"wp:attachment":[{"href":"https:\/\/global-hookah.com\/de\/wp-json\/wp\/v2\/media?parent=14164"}],"wp:term":[{"taxonomy":"product_brand","embeddable":true,"href":"https:\/\/global-hookah.com\/de\/wp-json\/wp\/v2\/product_brand?post=14164"},{"taxonomy":"product_cat","embeddable":true,"href":"https:\/\/global-hookah.com\/de\/wp-json\/wp\/v2\/product_cat?post=14164"},{"taxonomy":"product_tag","embeddable":true,"href":"https:\/\/global-hookah.com\/de\/wp-json\/wp\/v2\/product_tag?post=14164"}],"curies":[{"name":"wp","href":"https:\/\/api.w.org\/{rel}","templated":true}]}}