{"id":14172,"date":"2023-10-04T07:55:53","date_gmt":"2023-10-04T07:55:53","guid":{"rendered":"https:\/\/global-hookah.com\/?post_type=product&#038;p=14172"},"modified":"2024-03-13T00:27:36","modified_gmt":"2024-03-13T00:27:36","slug":"aluminum-alloy-arabic-hookah-wholesale","status":"publish","type":"product","link":"https:\/\/global-hookah.com\/de\/produkt\/aluminum-alloy-arabic-hookah-wholesale\/","title":{"rendered":"Aluminium-Legierung Arabische Wasserpfeife Gro\u00dfhandel"},"content":{"rendered":"<p>Grenz\u00fcberschreitendes Paketgewicht 4kg<br \/>\nSt\u00fcckgewicht 4kg<br \/>\nMaterial Aluminiumlegierung<\/p>\n<p>Alle <strong>Aluminium-Legierung Arabische Wasserpfeife<\/strong> hat eine klassische arabische Form und ist aus einer leichten, aber robusten Aluminiumlegierung gefertigt. Handgefertigte geometrische Aussparungen verleihen ein orientalisches Flair und sorgen f\u00fcr einen gleichm\u00e4\u00dfigen Luftstrom.<\/p>\n<p>Diese mittelgro\u00dfen Bases mit einem Durchmesser von 5 Zoll und einer H\u00f6he von 8 Zoll erzeugen eine sprudelnde Filtration, die den Rauch der Wasserpfeife k\u00fchlt und belebt. Die schnelle W\u00e4rmeverteilung wird durch die Aluminiumarchitektur erm\u00f6glicht, wodurch eine konstante Rauchtemperatur aufrechterhalten wird.<\/p>\n<p>In der Packung sind f\u00fcnf \u00e4hnliche T\u00f6pfe im arabischen Stil enthalten, so dass Sie verschmutzte T\u00f6pfe einfach durch saubere ersetzen k\u00f6nnen. Die Aluminiumlegierung ist rostbest\u00e4ndig und l\u00e4sst sich nach dem Gebrauch leicht reinigen.<\/p>\n<p>Die <strong>Aluminium-Legierung Arabische Wasserpfeife<\/strong> Mit dem Pack k\u00f6nnen Sie die <a href=\"https:\/\/global-hookah.com\/product-category\/hookah-accessories-wholesale\/\">Wasserpfeifen-Zubeh\u00f6r<\/a> die Sammler so sehr sch\u00e4tzen. Mit ihrem kunstvollen arabischen Design und den hochwertigen Materialien sind diese T\u00f6pfe ein schicker Akzent f\u00fcr jedes Wohnzimmer.<\/p>\n<p>Bieten Sie Ihren Kunden ein echtes Raucherlebnis. Bestellen Sie mit den beeindruckenden Shisha-Basen die <strong>Aluminium-Legierung Arabische Wasserpfeife<\/strong> heute und bringen Sie Ihr Unternehmen voran.<\/p>","protected":false},"excerpt":{"rendered":"<p>Cross -border Paketgewicht 4kg St\u00fcckgewicht 4kg Material Aluminiumlegierung Jede Aluminiumlegierung Arabische Wasserpfeife hat eine klassische arabische<\/p>","protected":false},"featured_media":14176,"comment_status":"open","ping_status":"closed","template":"","meta":{"iawp_total_views":13,"_joinchat":[]},"product_brand":[],"product_cat":[119],"product_tag":[],"class_list":{"0":"post-14172","1":"product","2":"type-product","3":"status-publish","4":"has-post-thumbnail","6":"product_cat-wholesale-hookah","8":"first","9":"instock","10":"shipping-taxable","11":"purchasable","12":"product-type-simple"},"yoast_head":"<!-- This site is optimized with the Yoast SEO Premium plugin v24.7 (Yoast SEO v26.8) - https:\/\/yoast.com\/product\/yoast-seo-premium-wordpress\/ -->\n<title>Aluminum Alloy Arabic hookah wholesale - Global Hookah<\/title>\n<meta name=\"robots\" content=\"index, follow, max-snippet:-1, max-image-preview:large, max-video-preview:-1\" \/>\n<link rel=\"canonical\" href=\"https:\/\/global-hookah.com\/de\/produkt\/aluminum-alloy-arabic-hookah-wholesale\/\" \/>\n<meta property=\"og:locale\" content=\"de_DE\" \/>\n<meta property=\"og:type\" content=\"article\" \/>\n<meta property=\"og:title\" content=\"Aluminum Alloy Arabic hookah wholesale\" \/>\n<meta property=\"og:description\" content=\"Cross -border package weight 4kg Unit weight 4kg Material aluminum alloy Every Aluminum Alloy Arabic hookah has a classic Arabic\" \/>\n<meta property=\"og:url\" content=\"https:\/\/global-hookah.com\/de\/produkt\/aluminum-alloy-arabic-hookah-wholesale\/\" \/>\n<meta property=\"og:site_name\" content=\"Global Hookah\" \/>\n<meta property=\"article:modified_time\" content=\"2024-03-13T00:27:36+00:00\" \/>\n<meta property=\"og:image\" content=\"https:\/\/global-hookah.com\/wp-content\/uploads\/2023\/10\/O1CN01y6aZUE1SnK7vb69Ui_3979532291-0-cib.jpg\" \/>\n\t<meta property=\"og:image:width\" content=\"800\" \/>\n\t<meta property=\"og:image:height\" content=\"800\" \/>\n\t<meta property=\"og:image:type\" content=\"image\/jpeg\" \/>\n<meta name=\"twitter:card\" content=\"summary_large_image\" \/>\n<meta name=\"twitter:label1\" content=\"Gesch\u00e4tzte Lesezeit\" \/>\n\t<meta name=\"twitter:data1\" content=\"1\u00a0Minute\" \/>\n<script type=\"application\/ld+json\" class=\"yoast-schema-graph\">{\"@context\":\"https:\/\/schema.org\",\"@graph\":[{\"@type\":\"WebPage\",\"@id\":\"https:\/\/global-hookah.com\/product\/aluminum-alloy-arabic-hookah-wholesale\/\",\"url\":\"https:\/\/global-hookah.com\/product\/aluminum-alloy-arabic-hookah-wholesale\/\",\"name\":\"Aluminum Alloy Arabic hookah wholesale - Global Hookah\",\"isPartOf\":{\"@id\":\"https:\/\/global-hookah.com\/#website\"},\"primaryImageOfPage\":{\"@id\":\"https:\/\/global-hookah.com\/product\/aluminum-alloy-arabic-hookah-wholesale\/#primaryimage\"},\"image\":{\"@id\":\"https:\/\/global-hookah.com\/product\/aluminum-alloy-arabic-hookah-wholesale\/#primaryimage\"},\"thumbnailUrl\":\"https:\/\/global-hookah.com\/wp-content\/uploads\/2023\/10\/O1CN01y6aZUE1SnK7vb69Ui_3979532291-0-cib.jpg\",\"datePublished\":\"2023-10-04T07:55:53+00:00\",\"dateModified\":\"2024-03-13T00:27:36+00:00\",\"breadcrumb\":{\"@id\":\"https:\/\/global-hookah.com\/product\/aluminum-alloy-arabic-hookah-wholesale\/#breadcrumb\"},\"inLanguage\":\"de\",\"potentialAction\":[{\"@type\":\"ReadAction\",\"target\":[\"https:\/\/global-hookah.com\/product\/aluminum-alloy-arabic-hookah-wholesale\/\"]}]},{\"@type\":\"ImageObject\",\"inLanguage\":\"de\",\"@id\":\"https:\/\/global-hookah.com\/product\/aluminum-alloy-arabic-hookah-wholesale\/#primaryimage\",\"url\":\"https:\/\/global-hookah.com\/wp-content\/uploads\/2023\/10\/O1CN01y6aZUE1SnK7vb69Ui_3979532291-0-cib.jpg\",\"contentUrl\":\"https:\/\/global-hookah.com\/wp-content\/uploads\/2023\/10\/O1CN01y6aZUE1SnK7vb69Ui_3979532291-0-cib.jpg\",\"width\":800,\"height\":800,\"caption\":\"Aluminum Alloy Arabic hookah wholesale\"},{\"@type\":\"BreadcrumbList\",\"@id\":\"https:\/\/global-hookah.com\/product\/aluminum-alloy-arabic-hookah-wholesale\/#breadcrumb\",\"itemListElement\":[{\"@type\":\"ListItem\",\"position\":1,\"name\":\"Home\",\"item\":\"https:\/\/global-hookah.com\/\"},{\"@type\":\"ListItem\",\"position\":2,\"name\":\"Shop\",\"item\":\"https:\/\/global-hookah.com\/shop\/\"},{\"@type\":\"ListItem\",\"position\":3,\"name\":\"Aluminum Alloy Arabic hookah wholesale\"}]},{\"@type\":\"WebSite\",\"@id\":\"https:\/\/global-hookah.com\/#website\",\"url\":\"https:\/\/global-hookah.com\/\",\"name\":\"Global Hookah\",\"description\":\"Global Hookah\",\"publisher\":{\"@id\":\"https:\/\/global-hookah.com\/#organization\"},\"potentialAction\":[{\"@type\":\"SearchAction\",\"target\":{\"@type\":\"EntryPoint\",\"urlTemplate\":\"https:\/\/global-hookah.com\/?s={search_term_string}\"},\"query-input\":{\"@type\":\"PropertyValueSpecification\",\"valueRequired\":true,\"valueName\":\"search_term_string\"}}],\"inLanguage\":\"de\"},{\"@type\":\"Organization\",\"@id\":\"https:\/\/global-hookah.com\/#organization\",\"name\":\"Global Hookah\",\"url\":\"https:\/\/global-hookah.com\/\",\"logo\":{\"@type\":\"ImageObject\",\"inLanguage\":\"de\",\"@id\":\"https:\/\/global-hookah.com\/#\/schema\/logo\/image\/\",\"url\":\"https:\/\/global-hookah.com\/wp-content\/uploads\/2021\/10\/cropped-fgg.png\",\"contentUrl\":\"https:\/\/global-hookah.com\/wp-content\/uploads\/2021\/10\/cropped-fgg.png\",\"width\":512,\"height\":512,\"caption\":\"Global Hookah\"},\"image\":{\"@id\":\"https:\/\/global-hookah.com\/#\/schema\/logo\/image\/\"}}]}<\/script>\n<!-- \/ Yoast SEO Premium plugin. -->","yoast_head_json":{"title":"Aluminium-Legierung Arabische Wasserpfeife Gro\u00dfhandel - Global Hookah","robots":{"index":"index","follow":"follow","max-snippet":"max-snippet:-1","max-image-preview":"max-image-preview:large","max-video-preview":"max-video-preview:-1"},"canonical":"https:\/\/global-hookah.com\/de\/produkt\/aluminum-alloy-arabic-hookah-wholesale\/","og_locale":"de_DE","og_type":"article","og_title":"Aluminum Alloy Arabic hookah wholesale","og_description":"Cross -border package weight 4kg Unit weight 4kg Material aluminum alloy Every Aluminum Alloy Arabic hookah has a classic Arabic","og_url":"https:\/\/global-hookah.com\/de\/produkt\/aluminum-alloy-arabic-hookah-wholesale\/","og_site_name":"Global Hookah","article_modified_time":"2024-03-13T00:27:36+00:00","og_image":[{"width":800,"height":800,"url":"https:\/\/global-hookah.com\/wp-content\/uploads\/2023\/10\/O1CN01y6aZUE1SnK7vb69Ui_3979532291-0-cib.jpg","type":"image\/jpeg"}],"twitter_card":"summary_large_image","twitter_misc":{"Gesch\u00e4tzte Lesezeit":"1\u00a0Minute"},"schema":{"@context":"https:\/\/schema.org","@graph":[{"@type":"WebPage","@id":"https:\/\/global-hookah.com\/product\/aluminum-alloy-arabic-hookah-wholesale\/","url":"https:\/\/global-hookah.com\/product\/aluminum-alloy-arabic-hookah-wholesale\/","name":"Aluminium-Legierung Arabische Wasserpfeife Gro\u00dfhandel - Global Hookah","isPartOf":{"@id":"https:\/\/global-hookah.com\/#website"},"primaryImageOfPage":{"@id":"https:\/\/global-hookah.com\/product\/aluminum-alloy-arabic-hookah-wholesale\/#primaryimage"},"image":{"@id":"https:\/\/global-hookah.com\/product\/aluminum-alloy-arabic-hookah-wholesale\/#primaryimage"},"thumbnailUrl":"https:\/\/global-hookah.com\/wp-content\/uploads\/2023\/10\/O1CN01y6aZUE1SnK7vb69Ui_3979532291-0-cib.jpg","datePublished":"2023-10-04T07:55:53+00:00","dateModified":"2024-03-13T00:27:36+00:00","breadcrumb":{"@id":"https:\/\/global-hookah.com\/product\/aluminum-alloy-arabic-hookah-wholesale\/#breadcrumb"},"inLanguage":"de","potentialAction":[{"@type":"ReadAction","target":["https:\/\/global-hookah.com\/product\/aluminum-alloy-arabic-hookah-wholesale\/"]}]},{"@type":"ImageObject","inLanguage":"de","@id":"https:\/\/global-hookah.com\/product\/aluminum-alloy-arabic-hookah-wholesale\/#primaryimage","url":"https:\/\/global-hookah.com\/wp-content\/uploads\/2023\/10\/O1CN01y6aZUE1SnK7vb69Ui_3979532291-0-cib.jpg","contentUrl":"https:\/\/global-hookah.com\/wp-content\/uploads\/2023\/10\/O1CN01y6aZUE1SnK7vb69Ui_3979532291-0-cib.jpg","width":800,"height":800,"caption":"Aluminum Alloy Arabic hookah wholesale"},{"@type":"BreadcrumbList","@id":"https:\/\/global-hookah.com\/product\/aluminum-alloy-arabic-hookah-wholesale\/#breadcrumb","itemListElement":[{"@type":"ListItem","position":1,"name":"Home","item":"https:\/\/global-hookah.com\/"},{"@type":"ListItem","position":2,"name":"Shop","item":"https:\/\/global-hookah.com\/shop\/"},{"@type":"ListItem","position":3,"name":"Aluminum Alloy Arabic hookah wholesale"}]},{"@type":"WebSite","@id":"https:\/\/global-hookah.com\/#website","url":"https:\/\/global-hookah.com\/","name":"Globale Wasserpfeife","description":"Globale Wasserpfeife","publisher":{"@id":"https:\/\/global-hookah.com\/#organization"},"potentialAction":[{"@type":"SearchAction","target":{"@type":"EntryPoint","urlTemplate":"https:\/\/global-hookah.com\/?s={search_term_string}"},"query-input":{"@type":"PropertyValueSpecification","valueRequired":true,"valueName":"search_term_string"}}],"inLanguage":"de"},{"@type":"Organization","@id":"https:\/\/global-hookah.com\/#organization","name":"Globale Wasserpfeife","url":"https:\/\/global-hookah.com\/","logo":{"@type":"ImageObject","inLanguage":"de","@id":"https:\/\/global-hookah.com\/#\/schema\/logo\/image\/","url":"https:\/\/global-hookah.com\/wp-content\/uploads\/2021\/10\/cropped-fgg.png","contentUrl":"https:\/\/global-hookah.com\/wp-content\/uploads\/2021\/10\/cropped-fgg.png","width":512,"height":512,"caption":"Global Hookah"},"image":{"@id":"https:\/\/global-hookah.com\/#\/schema\/logo\/image\/"}}]}},"_links":{"self":[{"href":"https:\/\/global-hookah.com\/de\/wp-json\/wp\/v2\/product\/14172","targetHints":{"allow":["GET"]}}],"collection":[{"href":"https:\/\/global-hookah.com\/de\/wp-json\/wp\/v2\/product"}],"about":[{"href":"https:\/\/global-hookah.com\/de\/wp-json\/wp\/v2\/types\/product"}],"replies":[{"embeddable":true,"href":"https:\/\/global-hookah.com\/de\/wp-json\/wp\/v2\/comments?post=14172"}],"version-history":[{"count":0,"href":"https:\/\/global-hookah.com\/de\/wp-json\/wp\/v2\/product\/14172\/revisions"}],"wp:featuredmedia":[{"embeddable":true,"href":"https:\/\/global-hookah.com\/de\/wp-json\/wp\/v2\/media\/14176"}],"wp:attachment":[{"href":"https:\/\/global-hookah.com\/de\/wp-json\/wp\/v2\/media?parent=14172"}],"wp:term":[{"taxonomy":"product_brand","embeddable":true,"href":"https:\/\/global-hookah.com\/de\/wp-json\/wp\/v2\/product_brand?post=14172"},{"taxonomy":"product_cat","embeddable":true,"href":"https:\/\/global-hookah.com\/de\/wp-json\/wp\/v2\/product_cat?post=14172"},{"taxonomy":"product_tag","embeddable":true,"href":"https:\/\/global-hookah.com\/de\/wp-json\/wp\/v2\/product_tag?post=14172"}],"curies":[{"name":"wp","href":"https:\/\/api.w.org\/{rel}","templated":true}]}}