{"id":14203,"date":"2023-10-04T08:21:29","date_gmt":"2023-10-04T08:21:29","guid":{"rendered":"https:\/\/global-hookah.com\/?post_type=product&#038;p=14203"},"modified":"2024-01-12T03:53:24","modified_gmt":"2024-01-12T03:53:24","slug":"large-ak-water-cigarette-pot-wholesale","status":"publish","type":"product","link":"https:\/\/global-hookah.com\/de\/produkt\/large-ak-water-cigarette-pot-wholesale\/","title":{"rendered":"Gro\u00dfe AK Wasser Zigarette Topf Gro\u00dfhandel"},"content":{"rendered":"<p>Grenz\u00fcberschreitendes Paketgewicht 5,6 kg<br \/>\nEinheit mit einem Gewicht von 5 kg<br \/>\nMaterial Harz<\/p>\n<p>&nbsp;<\/p>\n<p>Jeder AK-Wassertopf hat eine raffinierte Sanduhrform und ist aus starkem, hitzebest\u00e4ndigem Glas gefertigt. Diese riesigen B\u00f6den, die einen Durchmesser von 6 Zoll und eine H\u00f6he von 14 Zoll haben, k\u00f6nnen mehr als einen Liter Wasser f\u00fcr k\u00fchleren, glatteren Rauch aufnehmen. Die Reinigung wird durch die gro\u00dfe \u00d6ffnung erleichtert.<\/p>\n<p>Um sicherzustellen, dass Sie immer eine saubere Grundlage zur Hand haben, sollten Sie f\u00fcnf Ersatz <a href=\"https:\/\/global-hookah.com\/\">Wasserleitung<\/a> sind enthalten. Um das Wachstum von Bakterien und Schimmel zu verhindern, einfach auskippen und nach jedem Gebrauch waschen. Dank des klaren Glases k\u00f6nnen Sie den Wasserstand und die Sauberkeit schnell \u00fcberpr\u00fcfen.<\/p>\n<p>Sie k\u00f6nnen die Qualit\u00e4t Shisha Topf Basen, die von den besten Shisha-Bars zu einem erm\u00e4\u00dfigten Gro\u00dfauftrag Preis verwendet werden, wenn Sie die gro\u00dfe AK Wasser Zigarette T\u00f6pfe Gro\u00dfhandelspack kaufen. Diese Wassert\u00f6pfe sind anpassungsf\u00e4hig und langlebig, und sie passen in jede typische Wasserpfeife Konfiguration.<\/p>\n<p>Verbessern Sie die Sauberkeit und Erfrischung Ihres Raucherlebnisses. Bestellen Sie jetzt und erg\u00e4nzen Sie Ihre pers\u00f6nliche Sammlung oder Ihre Shisha-Bar um dieses notwendige Zubeh\u00f6r. Ihre Kunden werden den Unterschied bemerken.<\/p>","protected":false},"excerpt":{"rendered":"<p>Cross -border Paketgewicht 5.6kg St\u00fcckgewicht 5kg Material Harz Jeder AK-Wasserkannenboden hat eine raffinierte Sanduhr<\/p>","protected":false},"featured_media":14208,"comment_status":"open","ping_status":"closed","template":"","meta":{"iawp_total_views":1,"_joinchat":[]},"product_brand":[],"product_cat":[560,119],"product_tag":[],"class_list":{"0":"post-14203","1":"product","2":"type-product","3":"status-publish","4":"has-post-thumbnail","6":"product_cat-glass-hookah-wholesale","7":"product_cat-wholesale-hookah","9":"first","10":"instock","11":"shipping-taxable","12":"purchasable","13":"product-type-simple"},"yoast_head":"<!-- This site is optimized with the Yoast SEO Premium plugin v24.7 (Yoast SEO v26.8) - https:\/\/yoast.com\/product\/yoast-seo-premium-wordpress\/ -->\n<title>Large AK Water Cigarette Pot Wholesale - Global Hookah<\/title>\n<meta name=\"robots\" content=\"index, follow, max-snippet:-1, max-image-preview:large, max-video-preview:-1\" \/>\n<link rel=\"canonical\" href=\"https:\/\/global-hookah.com\/de\/it\/prodotto\/grande-ak-acqua-sigaretta-pot-allingrosso\/\" \/>\n<meta property=\"og:locale\" content=\"de_DE\" \/>\n<meta property=\"og:type\" content=\"article\" \/>\n<meta property=\"og:title\" content=\"Large AK Water Cigarette Pot Wholesale\" \/>\n<meta property=\"og:description\" content=\"Cross -border package weight 5.6kg Unit weighing 5kg Material resin &nbsp; Every AK water pot base has a sophisticated hourglass\" \/>\n<meta property=\"og:url\" content=\"https:\/\/global-hookah.com\/de\/it\/prodotto\/grande-ak-acqua-sigaretta-pot-allingrosso\/\" \/>\n<meta property=\"og:site_name\" content=\"Global Hookah\" \/>\n<meta property=\"article:modified_time\" content=\"2024-01-12T03:53:24+00:00\" \/>\n<meta property=\"og:image\" content=\"https:\/\/global-hookah.com\/wp-content\/uploads\/2023\/10\/O1CN01buPlPt1GUkcvrCXWE_2207936810626-0-cib.jpg\" \/>\n\t<meta property=\"og:image:width\" content=\"800\" \/>\n\t<meta property=\"og:image:height\" content=\"800\" \/>\n\t<meta property=\"og:image:type\" content=\"image\/jpeg\" \/>\n<meta name=\"twitter:card\" content=\"summary_large_image\" \/>\n<meta name=\"twitter:label1\" content=\"Gesch\u00e4tzte Lesezeit\" \/>\n\t<meta name=\"twitter:data1\" content=\"1\u00a0Minute\" \/>\n<script type=\"application\/ld+json\" class=\"yoast-schema-graph\">{\"@context\":\"https:\/\/schema.org\",\"@graph\":[{\"@type\":\"WebPage\",\"@id\":\"https:\/\/global-hookah.com\/it\/prodotto\/grande-ak-acqua-sigaretta-pot-allingrosso\/\",\"url\":\"https:\/\/global-hookah.com\/it\/prodotto\/grande-ak-acqua-sigaretta-pot-allingrosso\/\",\"name\":\"Large AK Water Cigarette Pot Wholesale - Global Hookah\",\"isPartOf\":{\"@id\":\"https:\/\/global-hookah.com\/#website\"},\"primaryImageOfPage\":{\"@id\":\"https:\/\/global-hookah.com\/it\/prodotto\/grande-ak-acqua-sigaretta-pot-allingrosso\/#primaryimage\"},\"image\":{\"@id\":\"https:\/\/global-hookah.com\/it\/prodotto\/grande-ak-acqua-sigaretta-pot-allingrosso\/#primaryimage\"},\"thumbnailUrl\":\"https:\/\/global-hookah.com\/wp-content\/uploads\/2023\/10\/O1CN01buPlPt1GUkcvrCXWE_2207936810626-0-cib.jpg\",\"datePublished\":\"2023-10-04T08:21:29+00:00\",\"dateModified\":\"2024-01-12T03:53:24+00:00\",\"breadcrumb\":{\"@id\":\"https:\/\/global-hookah.com\/it\/prodotto\/grande-ak-acqua-sigaretta-pot-allingrosso\/#breadcrumb\"},\"inLanguage\":\"de\",\"potentialAction\":[{\"@type\":\"ReadAction\",\"target\":[\"https:\/\/global-hookah.com\/it\/prodotto\/grande-ak-acqua-sigaretta-pot-allingrosso\/\"]}]},{\"@type\":\"ImageObject\",\"inLanguage\":\"de\",\"@id\":\"https:\/\/global-hookah.com\/it\/prodotto\/grande-ak-acqua-sigaretta-pot-allingrosso\/#primaryimage\",\"url\":\"https:\/\/global-hookah.com\/wp-content\/uploads\/2023\/10\/O1CN01buPlPt1GUkcvrCXWE_2207936810626-0-cib.jpg\",\"contentUrl\":\"https:\/\/global-hookah.com\/wp-content\/uploads\/2023\/10\/O1CN01buPlPt1GUkcvrCXWE_2207936810626-0-cib.jpg\",\"width\":800,\"height\":800,\"caption\":\"Large AK water cigarette pot wholesale\"},{\"@type\":\"BreadcrumbList\",\"@id\":\"https:\/\/global-hookah.com\/it\/prodotto\/grande-ak-acqua-sigaretta-pot-allingrosso\/#breadcrumb\",\"itemListElement\":[{\"@type\":\"ListItem\",\"position\":1,\"name\":\"Home\",\"item\":\"https:\/\/global-hookah.com\/\"},{\"@type\":\"ListItem\",\"position\":2,\"name\":\"Shop\",\"item\":\"https:\/\/global-hookah.com\/shop\/\"},{\"@type\":\"ListItem\",\"position\":3,\"name\":\"Large AK Water Cigarette Pot Wholesale\"}]},{\"@type\":\"WebSite\",\"@id\":\"https:\/\/global-hookah.com\/#website\",\"url\":\"https:\/\/global-hookah.com\/\",\"name\":\"Global Hookah\",\"description\":\"Global Hookah\",\"publisher\":{\"@id\":\"https:\/\/global-hookah.com\/#organization\"},\"potentialAction\":[{\"@type\":\"SearchAction\",\"target\":{\"@type\":\"EntryPoint\",\"urlTemplate\":\"https:\/\/global-hookah.com\/?s={search_term_string}\"},\"query-input\":{\"@type\":\"PropertyValueSpecification\",\"valueRequired\":true,\"valueName\":\"search_term_string\"}}],\"inLanguage\":\"de\"},{\"@type\":\"Organization\",\"@id\":\"https:\/\/global-hookah.com\/#organization\",\"name\":\"Global Hookah\",\"url\":\"https:\/\/global-hookah.com\/\",\"logo\":{\"@type\":\"ImageObject\",\"inLanguage\":\"de\",\"@id\":\"https:\/\/global-hookah.com\/#\/schema\/logo\/image\/\",\"url\":\"https:\/\/global-hookah.com\/wp-content\/uploads\/2021\/10\/cropped-fgg.png\",\"contentUrl\":\"https:\/\/global-hookah.com\/wp-content\/uploads\/2021\/10\/cropped-fgg.png\",\"width\":512,\"height\":512,\"caption\":\"Global Hookah\"},\"image\":{\"@id\":\"https:\/\/global-hookah.com\/#\/schema\/logo\/image\/\"}}]}<\/script>\n<!-- \/ Yoast SEO Premium plugin. -->","yoast_head_json":{"title":"Gro\u00dfe AK Wasser Zigarette Topf Gro\u00dfhandel - Global Hookah","robots":{"index":"index","follow":"follow","max-snippet":"max-snippet:-1","max-image-preview":"max-image-preview:large","max-video-preview":"max-video-preview:-1"},"canonical":"https:\/\/global-hookah.com\/de\/it\/prodotto\/grande-ak-acqua-sigaretta-pot-allingrosso\/","og_locale":"de_DE","og_type":"article","og_title":"Large AK Water Cigarette Pot Wholesale","og_description":"Cross -border package weight 5.6kg Unit weighing 5kg Material resin &nbsp; Every AK water pot base has a sophisticated hourglass","og_url":"https:\/\/global-hookah.com\/de\/it\/prodotto\/grande-ak-acqua-sigaretta-pot-allingrosso\/","og_site_name":"Global Hookah","article_modified_time":"2024-01-12T03:53:24+00:00","og_image":[{"width":800,"height":800,"url":"https:\/\/global-hookah.com\/wp-content\/uploads\/2023\/10\/O1CN01buPlPt1GUkcvrCXWE_2207936810626-0-cib.jpg","type":"image\/jpeg"}],"twitter_card":"summary_large_image","twitter_misc":{"Gesch\u00e4tzte Lesezeit":"1\u00a0Minute"},"schema":{"@context":"https:\/\/schema.org","@graph":[{"@type":"WebPage","@id":"https:\/\/global-hookah.com\/it\/prodotto\/grande-ak-acqua-sigaretta-pot-allingrosso\/","url":"https:\/\/global-hookah.com\/it\/prodotto\/grande-ak-acqua-sigaretta-pot-allingrosso\/","name":"Gro\u00dfe AK Wasser Zigarette Topf Gro\u00dfhandel - Global Hookah","isPartOf":{"@id":"https:\/\/global-hookah.com\/#website"},"primaryImageOfPage":{"@id":"https:\/\/global-hookah.com\/it\/prodotto\/grande-ak-acqua-sigaretta-pot-allingrosso\/#primaryimage"},"image":{"@id":"https:\/\/global-hookah.com\/it\/prodotto\/grande-ak-acqua-sigaretta-pot-allingrosso\/#primaryimage"},"thumbnailUrl":"https:\/\/global-hookah.com\/wp-content\/uploads\/2023\/10\/O1CN01buPlPt1GUkcvrCXWE_2207936810626-0-cib.jpg","datePublished":"2023-10-04T08:21:29+00:00","dateModified":"2024-01-12T03:53:24+00:00","breadcrumb":{"@id":"https:\/\/global-hookah.com\/it\/prodotto\/grande-ak-acqua-sigaretta-pot-allingrosso\/#breadcrumb"},"inLanguage":"de","potentialAction":[{"@type":"ReadAction","target":["https:\/\/global-hookah.com\/it\/prodotto\/grande-ak-acqua-sigaretta-pot-allingrosso\/"]}]},{"@type":"ImageObject","inLanguage":"de","@id":"https:\/\/global-hookah.com\/it\/prodotto\/grande-ak-acqua-sigaretta-pot-allingrosso\/#primaryimage","url":"https:\/\/global-hookah.com\/wp-content\/uploads\/2023\/10\/O1CN01buPlPt1GUkcvrCXWE_2207936810626-0-cib.jpg","contentUrl":"https:\/\/global-hookah.com\/wp-content\/uploads\/2023\/10\/O1CN01buPlPt1GUkcvrCXWE_2207936810626-0-cib.jpg","width":800,"height":800,"caption":"Large AK water cigarette pot wholesale"},{"@type":"BreadcrumbList","@id":"https:\/\/global-hookah.com\/it\/prodotto\/grande-ak-acqua-sigaretta-pot-allingrosso\/#breadcrumb","itemListElement":[{"@type":"ListItem","position":1,"name":"Home","item":"https:\/\/global-hookah.com\/"},{"@type":"ListItem","position":2,"name":"Shop","item":"https:\/\/global-hookah.com\/shop\/"},{"@type":"ListItem","position":3,"name":"Large AK Water Cigarette Pot Wholesale"}]},{"@type":"WebSite","@id":"https:\/\/global-hookah.com\/#website","url":"https:\/\/global-hookah.com\/","name":"Globale Wasserpfeife","description":"Globale Wasserpfeife","publisher":{"@id":"https:\/\/global-hookah.com\/#organization"},"potentialAction":[{"@type":"SearchAction","target":{"@type":"EntryPoint","urlTemplate":"https:\/\/global-hookah.com\/?s={search_term_string}"},"query-input":{"@type":"PropertyValueSpecification","valueRequired":true,"valueName":"search_term_string"}}],"inLanguage":"de"},{"@type":"Organization","@id":"https:\/\/global-hookah.com\/#organization","name":"Globale Wasserpfeife","url":"https:\/\/global-hookah.com\/","logo":{"@type":"ImageObject","inLanguage":"de","@id":"https:\/\/global-hookah.com\/#\/schema\/logo\/image\/","url":"https:\/\/global-hookah.com\/wp-content\/uploads\/2021\/10\/cropped-fgg.png","contentUrl":"https:\/\/global-hookah.com\/wp-content\/uploads\/2021\/10\/cropped-fgg.png","width":512,"height":512,"caption":"Global Hookah"},"image":{"@id":"https:\/\/global-hookah.com\/#\/schema\/logo\/image\/"}}]}},"_links":{"self":[{"href":"https:\/\/global-hookah.com\/de\/wp-json\/wp\/v2\/product\/14203","targetHints":{"allow":["GET"]}}],"collection":[{"href":"https:\/\/global-hookah.com\/de\/wp-json\/wp\/v2\/product"}],"about":[{"href":"https:\/\/global-hookah.com\/de\/wp-json\/wp\/v2\/types\/product"}],"replies":[{"embeddable":true,"href":"https:\/\/global-hookah.com\/de\/wp-json\/wp\/v2\/comments?post=14203"}],"version-history":[{"count":0,"href":"https:\/\/global-hookah.com\/de\/wp-json\/wp\/v2\/product\/14203\/revisions"}],"wp:featuredmedia":[{"embeddable":true,"href":"https:\/\/global-hookah.com\/de\/wp-json\/wp\/v2\/media\/14208"}],"wp:attachment":[{"href":"https:\/\/global-hookah.com\/de\/wp-json\/wp\/v2\/media?parent=14203"}],"wp:term":[{"taxonomy":"product_brand","embeddable":true,"href":"https:\/\/global-hookah.com\/de\/wp-json\/wp\/v2\/product_brand?post=14203"},{"taxonomy":"product_cat","embeddable":true,"href":"https:\/\/global-hookah.com\/de\/wp-json\/wp\/v2\/product_cat?post=14203"},{"taxonomy":"product_tag","embeddable":true,"href":"https:\/\/global-hookah.com\/de\/wp-json\/wp\/v2\/product_tag?post=14203"}],"curies":[{"name":"wp","href":"https:\/\/api.w.org\/{rel}","templated":true}]}}