{"id":14364,"date":"2023-10-31T08:59:20","date_gmt":"2023-10-31T08:59:20","guid":{"rendered":"https:\/\/global-hookah.com\/?post_type=product&#038;p=14364"},"modified":"2023-11-01T02:38:20","modified_gmt":"2023-11-01T02:38:20","slug":"vaporizing-hookah-wholesale","status":"publish","type":"product","link":"https:\/\/global-hookah.com\/de\/produkt\/vaporizing-hookah-wholesale\/","title":{"rendered":"Verdampfende Wasserpfeife Gro\u00dfhandel"},"content":{"rendered":"<p>Die Wasserpfeife ist seit Hunderten von Jahren ein Teil der Kultur des Nahen Ostens. <a href=\"https:\/\/global-hookah.com\/product-category\/wholesale-hookah\/\"><strong>Traditionelle Wasserpfeife<\/strong><\/a> hat ihren eigenen Charme, aber die Raucherzeugung hat auch bestimmte Auswirkungen. Mit der Entwicklung von Wissenschaft und Technik, diese <strong>Anpassbare Wasserpfeife<\/strong> ins Leben gerufen<\/p>\n<p>Verschiedene nat\u00fcrliche Aromen k\u00f6nnen hinzugef\u00fcgt werden, um <strong>E-Wasserpfeife<\/strong>wie Fr\u00fcchte, Kr\u00e4uter usw., die zum Erhitzen in keramischen R\u00e4uchergef\u00e4\u00dfen aufbewahrt werden. <strong>Elektronische Wasserpfeife<\/strong> nutzt elektronische Heiztechnologie, um die Temperatur von Tabak\/Aromen genau zu steuern und sie zu verdampfen, anstatt sie direkt zu verbrennen. Dies bereichert nicht nur den Geschmack, sondern bringt auch visuellen und olfaktorischen Genuss. Und vermeiden Sie die Entstehung von Rauch, um rauchfreien Genuss zu erreichen<\/p>\n<p>Das Wichtigste ist, dass es sehr sicher ist. Die Heizkomponente ist von der Batterie isoliert, was sie sicher und zuverl\u00e4ssig macht. Ich glaube, dass in naher Zukunft unsere <strong>Verdampfende Wasserpfeife<\/strong> wird immer leistungsf\u00e4higer und ersetzt allm\u00e4hlich die traditionelle Wasserpfeife und wird die neue Form der rauchlosen Wasserpfeife, die von der j\u00fcngeren Generation bevorzugt wird.<\/p>\n<p>Egal, ob Sie eine Lounge besitzen oder ein Online-Gesch\u00e4ft f\u00fcr Wasserpfeifenliebhaber betreiben, diese <strong>Gro\u00dfhandel Verdampfen Hookah<\/strong> kann Ihnen helfen, Ihre Produktkategorie zu verbessern<\/p>\n<h2>Wie man die verdampfende Wasserpfeife benutzt<\/h2>\n<p>Beginnen Sie mit dem Zusammenbau der Komponenten, einschlie\u00dflich der Basis, des Stiels, des Schlauchs und der Schale. F\u00fcllen Sie die Basis mit Wasser, bis sie einen optimalen F\u00fcllstand f\u00fcr eine gleichm\u00e4\u00dfige Inhalation erreicht. Geben Sie dann eine kleine Menge Ihrer <strong>Lieblings-Wasserpfeife<\/strong> Tabak oder Melasse in die Sch\u00fcssel geben und diese mit einem hitzebest\u00e4ndigen Sieb oder einer Folie abdecken.<\/p>\n<p>Befestigen Sie den Stiel sicher an der Basis und schlie\u00dfen Sie den Schlauch an den daf\u00fcr vorgesehenen Anschluss an. Zum Schluss erhitzen Sie entweder mit Naturkohle oder einem elektronischen Heizelement den <a href=\"https:\/\/global-hookah.com\/product-category\/hookah-accessories-wholesale\/hookah-bowl-wholesale\/\">Schale<\/a> w\u00e4hrend Sie sanft durch den Schlauch inhalieren. Genie\u00dfen Sie geschmackvollen Dampf ohne direkte Verbrennung oder sch\u00e4dliche Nebenprodukte in jeder Sitzung mit diesem <strong>hochwertige Herbal Vaporizing Shisha<\/strong> Gro\u00dfhandelsprodukt.<\/p>","protected":false},"excerpt":{"rendered":"<p>Die Wasserpfeife ist seit Hunderten von Jahren ein Teil der nah\u00f6stlichen Kultur. Die traditionelle Wasserpfeife hat ihren eigenen Charme, aber<\/p>","protected":false},"featured_media":14367,"comment_status":"open","ping_status":"closed","template":"","meta":{"iawp_total_views":4,"_joinchat":[]},"product_brand":[],"product_cat":[119],"product_tag":[],"class_list":{"0":"post-14364","1":"product","2":"type-product","3":"status-publish","4":"has-post-thumbnail","6":"product_cat-wholesale-hookah","8":"first","9":"instock","10":"shipping-taxable","11":"product-type-simple"},"yoast_head":"<!-- This site is optimized with the Yoast SEO Premium plugin v24.7 (Yoast SEO v26.8) - https:\/\/yoast.com\/product\/yoast-seo-premium-wordpress\/ -->\n<title>Vaporizing Hookah Wholesale - Global Hookah<\/title>\n<meta name=\"robots\" content=\"index, follow, max-snippet:-1, max-image-preview:large, max-video-preview:-1\" \/>\n<link rel=\"canonical\" href=\"https:\/\/global-hookah.com\/de\/pt\/produto\/vaporizacao-hookah-holesale\/\" \/>\n<meta property=\"og:locale\" content=\"de_DE\" \/>\n<meta property=\"og:type\" content=\"article\" \/>\n<meta property=\"og:title\" content=\"Vaporizing Hookah Wholesale\" \/>\n<meta property=\"og:description\" content=\"Hookah has been a part of Middle Eastern culture for hundreds of years. Traditional hookah has its unique charm, but\" \/>\n<meta property=\"og:url\" content=\"https:\/\/global-hookah.com\/de\/pt\/produto\/vaporizacao-hookah-holesale\/\" \/>\n<meta property=\"og:site_name\" content=\"Global Hookah\" \/>\n<meta property=\"article:modified_time\" content=\"2023-11-01T02:38:20+00:00\" \/>\n<meta property=\"og:image\" content=\"https:\/\/global-hookah.com\/wp-content\/uploads\/2023\/10\/O1CN01zqbBb320GzBbFNxVj_2210970076823-0-cib.jpg\" \/>\n\t<meta property=\"og:image:width\" content=\"1920\" \/>\n\t<meta property=\"og:image:height\" content=\"1920\" \/>\n\t<meta property=\"og:image:type\" content=\"image\/jpeg\" \/>\n<meta name=\"twitter:card\" content=\"summary_large_image\" \/>\n<meta name=\"twitter:label1\" content=\"Gesch\u00e4tzte Lesezeit\" \/>\n\t<meta name=\"twitter:data1\" content=\"2\u00a0Minuten\" \/>\n<script type=\"application\/ld+json\" class=\"yoast-schema-graph\">{\"@context\":\"https:\/\/schema.org\",\"@graph\":[{\"@type\":\"WebPage\",\"@id\":\"https:\/\/global-hookah.com\/pt\/produto\/vaporizacao-hookah-holesale\/\",\"url\":\"https:\/\/global-hookah.com\/pt\/produto\/vaporizacao-hookah-holesale\/\",\"name\":\"Vaporizing Hookah Wholesale - Global Hookah\",\"isPartOf\":{\"@id\":\"https:\/\/global-hookah.com\/#website\"},\"primaryImageOfPage\":{\"@id\":\"https:\/\/global-hookah.com\/pt\/produto\/vaporizacao-hookah-holesale\/#primaryimage\"},\"image\":{\"@id\":\"https:\/\/global-hookah.com\/pt\/produto\/vaporizacao-hookah-holesale\/#primaryimage\"},\"thumbnailUrl\":\"https:\/\/global-hookah.com\/wp-content\/uploads\/2023\/10\/O1CN01zqbBb320GzBbFNxVj_2210970076823-0-cib.jpg\",\"datePublished\":\"2023-10-31T08:59:20+00:00\",\"dateModified\":\"2023-11-01T02:38:20+00:00\",\"breadcrumb\":{\"@id\":\"https:\/\/global-hookah.com\/pt\/produto\/vaporizacao-hookah-holesale\/#breadcrumb\"},\"inLanguage\":\"de\",\"potentialAction\":[{\"@type\":\"ReadAction\",\"target\":[\"https:\/\/global-hookah.com\/pt\/produto\/vaporizacao-hookah-holesale\/\"]}]},{\"@type\":\"ImageObject\",\"inLanguage\":\"de\",\"@id\":\"https:\/\/global-hookah.com\/pt\/produto\/vaporizacao-hookah-holesale\/#primaryimage\",\"url\":\"https:\/\/global-hookah.com\/wp-content\/uploads\/2023\/10\/O1CN01zqbBb320GzBbFNxVj_2210970076823-0-cib.jpg\",\"contentUrl\":\"https:\/\/global-hookah.com\/wp-content\/uploads\/2023\/10\/O1CN01zqbBb320GzBbFNxVj_2210970076823-0-cib.jpg\",\"width\":1920,\"height\":1920,\"caption\":\"Vaporizing Hookah Wholesale\"},{\"@type\":\"BreadcrumbList\",\"@id\":\"https:\/\/global-hookah.com\/pt\/produto\/vaporizacao-hookah-holesale\/#breadcrumb\",\"itemListElement\":[{\"@type\":\"ListItem\",\"position\":1,\"name\":\"Home\",\"item\":\"https:\/\/global-hookah.com\/\"},{\"@type\":\"ListItem\",\"position\":2,\"name\":\"Shop\",\"item\":\"https:\/\/global-hookah.com\/shop\/\"},{\"@type\":\"ListItem\",\"position\":3,\"name\":\"Vaporizing Hookah Wholesale\"}]},{\"@type\":\"WebSite\",\"@id\":\"https:\/\/global-hookah.com\/#website\",\"url\":\"https:\/\/global-hookah.com\/\",\"name\":\"Global Hookah\",\"description\":\"Global Hookah\",\"publisher\":{\"@id\":\"https:\/\/global-hookah.com\/#organization\"},\"potentialAction\":[{\"@type\":\"SearchAction\",\"target\":{\"@type\":\"EntryPoint\",\"urlTemplate\":\"https:\/\/global-hookah.com\/?s={search_term_string}\"},\"query-input\":{\"@type\":\"PropertyValueSpecification\",\"valueRequired\":true,\"valueName\":\"search_term_string\"}}],\"inLanguage\":\"de\"},{\"@type\":\"Organization\",\"@id\":\"https:\/\/global-hookah.com\/#organization\",\"name\":\"Global Hookah\",\"url\":\"https:\/\/global-hookah.com\/\",\"logo\":{\"@type\":\"ImageObject\",\"inLanguage\":\"de\",\"@id\":\"https:\/\/global-hookah.com\/#\/schema\/logo\/image\/\",\"url\":\"https:\/\/global-hookah.com\/wp-content\/uploads\/2021\/10\/cropped-fgg.png\",\"contentUrl\":\"https:\/\/global-hookah.com\/wp-content\/uploads\/2021\/10\/cropped-fgg.png\",\"width\":512,\"height\":512,\"caption\":\"Global Hookah\"},\"image\":{\"@id\":\"https:\/\/global-hookah.com\/#\/schema\/logo\/image\/\"}}]}<\/script>\n<!-- \/ Yoast SEO Premium plugin. -->","yoast_head_json":{"title":"Verdampfende Wasserpfeife Gro\u00dfhandel - Global Hookah","robots":{"index":"index","follow":"follow","max-snippet":"max-snippet:-1","max-image-preview":"max-image-preview:large","max-video-preview":"max-video-preview:-1"},"canonical":"https:\/\/global-hookah.com\/de\/pt\/produto\/vaporizacao-hookah-holesale\/","og_locale":"de_DE","og_type":"article","og_title":"Vaporizing Hookah Wholesale","og_description":"Hookah has been a part of Middle Eastern culture for hundreds of years. Traditional hookah has its unique charm, but","og_url":"https:\/\/global-hookah.com\/de\/pt\/produto\/vaporizacao-hookah-holesale\/","og_site_name":"Global Hookah","article_modified_time":"2023-11-01T02:38:20+00:00","og_image":[{"width":1920,"height":1920,"url":"https:\/\/global-hookah.com\/wp-content\/uploads\/2023\/10\/O1CN01zqbBb320GzBbFNxVj_2210970076823-0-cib.jpg","type":"image\/jpeg"}],"twitter_card":"summary_large_image","twitter_misc":{"Gesch\u00e4tzte Lesezeit":"2\u00a0Minuten"},"schema":{"@context":"https:\/\/schema.org","@graph":[{"@type":"WebPage","@id":"https:\/\/global-hookah.com\/pt\/produto\/vaporizacao-hookah-holesale\/","url":"https:\/\/global-hookah.com\/pt\/produto\/vaporizacao-hookah-holesale\/","name":"Verdampfende Wasserpfeife Gro\u00dfhandel - Global Hookah","isPartOf":{"@id":"https:\/\/global-hookah.com\/#website"},"primaryImageOfPage":{"@id":"https:\/\/global-hookah.com\/pt\/produto\/vaporizacao-hookah-holesale\/#primaryimage"},"image":{"@id":"https:\/\/global-hookah.com\/pt\/produto\/vaporizacao-hookah-holesale\/#primaryimage"},"thumbnailUrl":"https:\/\/global-hookah.com\/wp-content\/uploads\/2023\/10\/O1CN01zqbBb320GzBbFNxVj_2210970076823-0-cib.jpg","datePublished":"2023-10-31T08:59:20+00:00","dateModified":"2023-11-01T02:38:20+00:00","breadcrumb":{"@id":"https:\/\/global-hookah.com\/pt\/produto\/vaporizacao-hookah-holesale\/#breadcrumb"},"inLanguage":"de","potentialAction":[{"@type":"ReadAction","target":["https:\/\/global-hookah.com\/pt\/produto\/vaporizacao-hookah-holesale\/"]}]},{"@type":"ImageObject","inLanguage":"de","@id":"https:\/\/global-hookah.com\/pt\/produto\/vaporizacao-hookah-holesale\/#primaryimage","url":"https:\/\/global-hookah.com\/wp-content\/uploads\/2023\/10\/O1CN01zqbBb320GzBbFNxVj_2210970076823-0-cib.jpg","contentUrl":"https:\/\/global-hookah.com\/wp-content\/uploads\/2023\/10\/O1CN01zqbBb320GzBbFNxVj_2210970076823-0-cib.jpg","width":1920,"height":1920,"caption":"Vaporizing Hookah Wholesale"},{"@type":"BreadcrumbList","@id":"https:\/\/global-hookah.com\/pt\/produto\/vaporizacao-hookah-holesale\/#breadcrumb","itemListElement":[{"@type":"ListItem","position":1,"name":"Home","item":"https:\/\/global-hookah.com\/"},{"@type":"ListItem","position":2,"name":"Shop","item":"https:\/\/global-hookah.com\/shop\/"},{"@type":"ListItem","position":3,"name":"Vaporizing Hookah Wholesale"}]},{"@type":"WebSite","@id":"https:\/\/global-hookah.com\/#website","url":"https:\/\/global-hookah.com\/","name":"Globale Wasserpfeife","description":"Globale Wasserpfeife","publisher":{"@id":"https:\/\/global-hookah.com\/#organization"},"potentialAction":[{"@type":"SearchAction","target":{"@type":"EntryPoint","urlTemplate":"https:\/\/global-hookah.com\/?s={search_term_string}"},"query-input":{"@type":"PropertyValueSpecification","valueRequired":true,"valueName":"search_term_string"}}],"inLanguage":"de"},{"@type":"Organization","@id":"https:\/\/global-hookah.com\/#organization","name":"Globale Wasserpfeife","url":"https:\/\/global-hookah.com\/","logo":{"@type":"ImageObject","inLanguage":"de","@id":"https:\/\/global-hookah.com\/#\/schema\/logo\/image\/","url":"https:\/\/global-hookah.com\/wp-content\/uploads\/2021\/10\/cropped-fgg.png","contentUrl":"https:\/\/global-hookah.com\/wp-content\/uploads\/2021\/10\/cropped-fgg.png","width":512,"height":512,"caption":"Global Hookah"},"image":{"@id":"https:\/\/global-hookah.com\/#\/schema\/logo\/image\/"}}]}},"_links":{"self":[{"href":"https:\/\/global-hookah.com\/de\/wp-json\/wp\/v2\/product\/14364","targetHints":{"allow":["GET"]}}],"collection":[{"href":"https:\/\/global-hookah.com\/de\/wp-json\/wp\/v2\/product"}],"about":[{"href":"https:\/\/global-hookah.com\/de\/wp-json\/wp\/v2\/types\/product"}],"replies":[{"embeddable":true,"href":"https:\/\/global-hookah.com\/de\/wp-json\/wp\/v2\/comments?post=14364"}],"version-history":[{"count":0,"href":"https:\/\/global-hookah.com\/de\/wp-json\/wp\/v2\/product\/14364\/revisions"}],"wp:featuredmedia":[{"embeddable":true,"href":"https:\/\/global-hookah.com\/de\/wp-json\/wp\/v2\/media\/14367"}],"wp:attachment":[{"href":"https:\/\/global-hookah.com\/de\/wp-json\/wp\/v2\/media?parent=14364"}],"wp:term":[{"taxonomy":"product_brand","embeddable":true,"href":"https:\/\/global-hookah.com\/de\/wp-json\/wp\/v2\/product_brand?post=14364"},{"taxonomy":"product_cat","embeddable":true,"href":"https:\/\/global-hookah.com\/de\/wp-json\/wp\/v2\/product_cat?post=14364"},{"taxonomy":"product_tag","embeddable":true,"href":"https:\/\/global-hookah.com\/de\/wp-json\/wp\/v2\/product_tag?post=14364"}],"curies":[{"name":"wp","href":"https:\/\/api.w.org\/{rel}","templated":true}]}}