{"id":14394,"date":"2023-11-10T03:36:07","date_gmt":"2023-11-10T03:36:07","guid":{"rendered":"https:\/\/global-hookah.com\/?post_type=product&#038;p=14394"},"modified":"2023-11-15T13:43:26","modified_gmt":"2023-11-15T13:43:26","slug":"2-2l-flavored-whipped-cream-chargers","status":"publish","type":"product","link":"https:\/\/global-hookah.com\/de\/produkt\/2-2l-flavored-whipped-cream-chargers\/","title":{"rendered":"2.2l Aromatisierte Schlagsahne-Ladeger\u00e4te"},"content":{"rendered":"<div id=\"detail_decorate_root\" data-magic-global=\"%7B%22bizId%22%3A2216009826484%2C%22pageId%22%3A21315790213%2C%22siteId%22%3A10100754005%7D\">\n<div>\n<div id=\"ali-anchor-AliMagic-b4yhhp\" data-section=\"AliMagic-b4yhhp\" data-section-title=\"Product\">\n<p>Nutzen Sie unser <strong>Aromatisierte Schlagsahne-Ladeger\u00e4te<\/strong> um Ihren Getr\u00e4nken einen einzigartigen Geschmack zu verleihen. Diese Whipped Cream Charger fassen 2,2 l lebensmittelechten Stickstoff und erzeugen reichhaltigen, cremigen Schaum beim Einspritzen von Joghurt, Milchshakes und anderen Lebensmitteln.<\/p>\n<p>Sie k\u00f6nnen eine Vielzahl von Geschmacksrichtungen in Whipped Cream Chargers einspritzen, darunter Vanille, Cantaloupe, Schokolade, Erdbeere usw. Jede Geschmacksrichtung kann den Geschmack und das Aroma des Sahneschaums verbessern.<\/p>\n<p>Mit diesen <a href=\"https:\/\/global-hookah.com\/product-category\/whipped-cream-chargers\/\">Ladeger\u00e4te<\/a>k\u00f6nnen Sie mit Leichtigkeit k\u00f6stliche, aromatisierte Schlagsahne herstellen, die jedem Gericht oder Getr\u00e4nk eine Gourmet-Note verleiht. Sie sind also perfekt f\u00fcr Kochanf\u00e4nger<\/p>\n<p>Und nicht nur das, diese <strong>Aromatisierte Schlagsahne-Ladeger\u00e4te<\/strong> passen die meisten<a href=\"https:\/\/global-hookah.com\/product-category\/whipped-cream-dispenser\/\"> Schlagsahneautomaten<\/a>Wir verwenden bei der Herstellung hochwertigen Edelstahl, um die Einhaltung der EU-Qualit\u00e4tsnormen zu gew\u00e4hrleisten. Im Vergleich zu kleinen Schlagsahne-Ladeger\u00e4ten enthalten unsere 2,2-l-Schlagsahne-Ladeger\u00e4te mehr Stickstoffoxid.<\/p>\n<\/div>\n<\/div>\n<div>\n<div>\n<div><img decoding=\"async\" src=\"\/\/sc04.alicdn.com\/kf\/H59316f3041754307acb3b68fcad01911r\/274043268\/H59316f3041754307acb3b68fcad01911r.jpg\" \/><noscript><img src=\"\/\/sc04.alicdn.com\/kf\/H59316f3041754307acb3b68fcad01911r\/274043268\/H59316f3041754307acb3b68fcad01911r.jpg\" ><\/noscript><\/div>\n<\/div>\n<\/div>\n<div>\n<div id=\"ali-anchor-AliMagic-0952jg\" data-section=\"AliMagic-0952jg\" data-section-title=\"Specification\">Spezifikation<\/div>\n<\/div>\n<div>\n<div>OEM<\/div>\n<div>Akkreditiert<\/div>\n<div>Arbeitsdruck<\/div>\n<div>12 Mpa<\/div>\n<div>Pr\u00fcfdruck<\/div>\n<div>18 Mpa<\/div>\n<\/div>\n<div>\n<div id=\"ali-anchor-AliMagic-t1iz95\" data-section=\"AliMagic-t1iz95\" data-section-title=\"Packing\"><\/div>\n<\/div>\n<div>\n<div>\n<div>\n<div>\n<div>\n<div><img decoding=\"async\" src=\"\/\/sc04.alicdn.com\/kf\/Af0df4f89c35f4ad2ad71025a01beaabfr\/274043268\/Af0df4f89c35f4ad2ad71025a01beaabfr.jpg\" \/><\/div>\n<\/div>\n<\/div>\n<\/div>\n<\/div>\n<\/div>\n<div><noscript><img src=\"\/\/sc04.alicdn.com\/kf\/A81feb872c2b142e18a4456eda254a325G\/274043268\/A81feb872c2b142e18a4456eda254a325G.jpg\" ><\/noscript><\/div>\n<div>\n<div>\n<div>\n<div>\n<div>\n<div><img decoding=\"async\" src=\"\/\/sc04.alicdn.com\/kf\/Haf57c2e0351147b4a2a523373364d423L\/274043268\/Haf57c2e0351147b4a2a523373364d423L.jpg\" \/><noscript><img src=\"\/\/sc04.alicdn.com\/kf\/Haf57c2e0351147b4a2a523373364d423L\/274043268\/Haf57c2e0351147b4a2a523373364d423L.jpg\" ><\/noscript><\/div>\n<\/div>\n<\/div>\n<\/div>\n<\/div>\n<\/div>\n<div>\n<div>\n<div>\n<div>\n<div><\/div>\n<\/div>\n<\/div>\n<\/div>\n<\/div>\n<div>\n<div>\n<div>\n<div>\n<div>\n<div><\/div>\n<\/div>\n<\/div>\n<\/div>\n<\/div>\n<\/div>\n<\/div>","protected":false},"excerpt":{"rendered":"<p>Verwenden Sie unsere aromatisierten Schlagsahnef\u00fcller, um Ihren Getr\u00e4nken einen einzigartigen Geschmack zu verleihen. Diese Whipped Cream Chargers k\u00f6nnen<\/p>","protected":false},"featured_media":14412,"comment_status":"open","ping_status":"closed","template":"","meta":{"iawp_total_views":16,"_joinchat":[]},"product_brand":[],"product_cat":[410],"product_tag":[],"class_list":{"0":"post-14394","1":"product","2":"type-product","3":"status-publish","4":"has-post-thumbnail","6":"product_cat-whip-cream-chargers","8":"first","9":"instock","10":"sale","11":"shipping-taxable","12":"purchasable","13":"product-type-simple"},"yoast_head":"<!-- This site is optimized with the Yoast SEO Premium plugin v24.7 (Yoast SEO v26.8) - https:\/\/yoast.com\/product\/yoast-seo-premium-wordpress\/ -->\n<title>2.2l Flavored Whipped Cream Chargers - Global Hookah<\/title>\n<meta name=\"robots\" content=\"index, follow, max-snippet:-1, max-image-preview:large, max-video-preview:-1\" \/>\n<link rel=\"canonical\" href=\"https:\/\/global-hookah.com\/de\/produkt\/2-2l-flavored-whipped-cream-chargers\/\" \/>\n<meta property=\"og:locale\" content=\"de_DE\" \/>\n<meta property=\"og:type\" content=\"article\" \/>\n<meta property=\"og:title\" content=\"2.2l Flavored Whipped Cream Chargers\" \/>\n<meta property=\"og:description\" content=\"Use our Flavored Whipped Cream Chargers to help add a unique flavor to your drinks. These Whipped Cream Chargers can\" \/>\n<meta property=\"og:url\" content=\"https:\/\/global-hookah.com\/de\/produkt\/2-2l-flavored-whipped-cream-chargers\/\" \/>\n<meta property=\"og:site_name\" content=\"Global Hookah\" \/>\n<meta property=\"article:modified_time\" content=\"2023-11-15T13:43:26+00:00\" \/>\n<meta property=\"og:image\" content=\"https:\/\/global-hookah.com\/wp-content\/uploads\/2023\/11\/Haa11e8dd20c34246ac9f6dae59ba31ed3.webp\" \/>\n\t<meta property=\"og:image:width\" content=\"800\" \/>\n\t<meta property=\"og:image:height\" content=\"800\" \/>\n\t<meta property=\"og:image:type\" content=\"image\/webp\" \/>\n<meta name=\"twitter:card\" content=\"summary_large_image\" \/>\n<meta name=\"twitter:label1\" content=\"Gesch\u00e4tzte Lesezeit\" \/>\n\t<meta name=\"twitter:data1\" content=\"2\u00a0Minuten\" \/>\n<script type=\"application\/ld+json\" class=\"yoast-schema-graph\">{\"@context\":\"https:\/\/schema.org\",\"@graph\":[{\"@type\":\"WebPage\",\"@id\":\"https:\/\/global-hookah.com\/product\/2-2l-flavored-whipped-cream-chargers\/\",\"url\":\"https:\/\/global-hookah.com\/product\/2-2l-flavored-whipped-cream-chargers\/\",\"name\":\"2.2l Flavored Whipped Cream Chargers - Global Hookah\",\"isPartOf\":{\"@id\":\"https:\/\/global-hookah.com\/#website\"},\"primaryImageOfPage\":{\"@id\":\"https:\/\/global-hookah.com\/product\/2-2l-flavored-whipped-cream-chargers\/#primaryimage\"},\"image\":{\"@id\":\"https:\/\/global-hookah.com\/product\/2-2l-flavored-whipped-cream-chargers\/#primaryimage\"},\"thumbnailUrl\":\"https:\/\/global-hookah.com\/wp-content\/uploads\/2023\/11\/Haa11e8dd20c34246ac9f6dae59ba31ed3.webp\",\"datePublished\":\"2023-11-10T03:36:07+00:00\",\"dateModified\":\"2023-11-15T13:43:26+00:00\",\"breadcrumb\":{\"@id\":\"https:\/\/global-hookah.com\/product\/2-2l-flavored-whipped-cream-chargers\/#breadcrumb\"},\"inLanguage\":\"de\",\"potentialAction\":[{\"@type\":\"ReadAction\",\"target\":[\"https:\/\/global-hookah.com\/product\/2-2l-flavored-whipped-cream-chargers\/\"]}]},{\"@type\":\"ImageObject\",\"inLanguage\":\"de\",\"@id\":\"https:\/\/global-hookah.com\/product\/2-2l-flavored-whipped-cream-chargers\/#primaryimage\",\"url\":\"https:\/\/global-hookah.com\/wp-content\/uploads\/2023\/11\/Haa11e8dd20c34246ac9f6dae59ba31ed3.webp\",\"contentUrl\":\"https:\/\/global-hookah.com\/wp-content\/uploads\/2023\/11\/Haa11e8dd20c34246ac9f6dae59ba31ed3.webp\",\"width\":800,\"height\":800,\"caption\":\"Flavored Whipped Cream Chargers\"},{\"@type\":\"BreadcrumbList\",\"@id\":\"https:\/\/global-hookah.com\/product\/2-2l-flavored-whipped-cream-chargers\/#breadcrumb\",\"itemListElement\":[{\"@type\":\"ListItem\",\"position\":1,\"name\":\"Home\",\"item\":\"https:\/\/global-hookah.com\/\"},{\"@type\":\"ListItem\",\"position\":2,\"name\":\"Shop\",\"item\":\"https:\/\/global-hookah.com\/shop\/\"},{\"@type\":\"ListItem\",\"position\":3,\"name\":\"2.2l Flavored Whipped Cream Chargers\"}]},{\"@type\":\"WebSite\",\"@id\":\"https:\/\/global-hookah.com\/#website\",\"url\":\"https:\/\/global-hookah.com\/\",\"name\":\"Global Hookah\",\"description\":\"Global Hookah\",\"publisher\":{\"@id\":\"https:\/\/global-hookah.com\/#organization\"},\"potentialAction\":[{\"@type\":\"SearchAction\",\"target\":{\"@type\":\"EntryPoint\",\"urlTemplate\":\"https:\/\/global-hookah.com\/?s={search_term_string}\"},\"query-input\":{\"@type\":\"PropertyValueSpecification\",\"valueRequired\":true,\"valueName\":\"search_term_string\"}}],\"inLanguage\":\"de\"},{\"@type\":\"Organization\",\"@id\":\"https:\/\/global-hookah.com\/#organization\",\"name\":\"Global Hookah\",\"url\":\"https:\/\/global-hookah.com\/\",\"logo\":{\"@type\":\"ImageObject\",\"inLanguage\":\"de\",\"@id\":\"https:\/\/global-hookah.com\/#\/schema\/logo\/image\/\",\"url\":\"https:\/\/global-hookah.com\/wp-content\/uploads\/2021\/10\/cropped-fgg.png\",\"contentUrl\":\"https:\/\/global-hookah.com\/wp-content\/uploads\/2021\/10\/cropped-fgg.png\",\"width\":512,\"height\":512,\"caption\":\"Global Hookah\"},\"image\":{\"@id\":\"https:\/\/global-hookah.com\/#\/schema\/logo\/image\/\"}}]}<\/script>\n<!-- \/ Yoast SEO Premium plugin. -->","yoast_head_json":{"title":"2.2l Aromatisierte Schlagsahne Ladeger\u00e4te - Global Hookah","robots":{"index":"index","follow":"follow","max-snippet":"max-snippet:-1","max-image-preview":"max-image-preview:large","max-video-preview":"max-video-preview:-1"},"canonical":"https:\/\/global-hookah.com\/de\/produkt\/2-2l-flavored-whipped-cream-chargers\/","og_locale":"de_DE","og_type":"article","og_title":"2.2l Flavored Whipped Cream Chargers","og_description":"Use our Flavored Whipped Cream Chargers to help add a unique flavor to your drinks. These Whipped Cream Chargers can","og_url":"https:\/\/global-hookah.com\/de\/produkt\/2-2l-flavored-whipped-cream-chargers\/","og_site_name":"Global Hookah","article_modified_time":"2023-11-15T13:43:26+00:00","og_image":[{"width":800,"height":800,"url":"https:\/\/global-hookah.com\/wp-content\/uploads\/2023\/11\/Haa11e8dd20c34246ac9f6dae59ba31ed3.webp","type":"image\/webp"}],"twitter_card":"summary_large_image","twitter_misc":{"Gesch\u00e4tzte Lesezeit":"2\u00a0Minuten"},"schema":{"@context":"https:\/\/schema.org","@graph":[{"@type":"WebPage","@id":"https:\/\/global-hookah.com\/product\/2-2l-flavored-whipped-cream-chargers\/","url":"https:\/\/global-hookah.com\/product\/2-2l-flavored-whipped-cream-chargers\/","name":"2.2l Aromatisierte Schlagsahne Ladeger\u00e4te - Global Hookah","isPartOf":{"@id":"https:\/\/global-hookah.com\/#website"},"primaryImageOfPage":{"@id":"https:\/\/global-hookah.com\/product\/2-2l-flavored-whipped-cream-chargers\/#primaryimage"},"image":{"@id":"https:\/\/global-hookah.com\/product\/2-2l-flavored-whipped-cream-chargers\/#primaryimage"},"thumbnailUrl":"https:\/\/global-hookah.com\/wp-content\/uploads\/2023\/11\/Haa11e8dd20c34246ac9f6dae59ba31ed3.webp","datePublished":"2023-11-10T03:36:07+00:00","dateModified":"2023-11-15T13:43:26+00:00","breadcrumb":{"@id":"https:\/\/global-hookah.com\/product\/2-2l-flavored-whipped-cream-chargers\/#breadcrumb"},"inLanguage":"de","potentialAction":[{"@type":"ReadAction","target":["https:\/\/global-hookah.com\/product\/2-2l-flavored-whipped-cream-chargers\/"]}]},{"@type":"ImageObject","inLanguage":"de","@id":"https:\/\/global-hookah.com\/product\/2-2l-flavored-whipped-cream-chargers\/#primaryimage","url":"https:\/\/global-hookah.com\/wp-content\/uploads\/2023\/11\/Haa11e8dd20c34246ac9f6dae59ba31ed3.webp","contentUrl":"https:\/\/global-hookah.com\/wp-content\/uploads\/2023\/11\/Haa11e8dd20c34246ac9f6dae59ba31ed3.webp","width":800,"height":800,"caption":"Flavored Whipped Cream Chargers"},{"@type":"BreadcrumbList","@id":"https:\/\/global-hookah.com\/product\/2-2l-flavored-whipped-cream-chargers\/#breadcrumb","itemListElement":[{"@type":"ListItem","position":1,"name":"Home","item":"https:\/\/global-hookah.com\/"},{"@type":"ListItem","position":2,"name":"Shop","item":"https:\/\/global-hookah.com\/shop\/"},{"@type":"ListItem","position":3,"name":"2.2l Flavored Whipped Cream Chargers"}]},{"@type":"WebSite","@id":"https:\/\/global-hookah.com\/#website","url":"https:\/\/global-hookah.com\/","name":"Globale Wasserpfeife","description":"Globale Wasserpfeife","publisher":{"@id":"https:\/\/global-hookah.com\/#organization"},"potentialAction":[{"@type":"SearchAction","target":{"@type":"EntryPoint","urlTemplate":"https:\/\/global-hookah.com\/?s={search_term_string}"},"query-input":{"@type":"PropertyValueSpecification","valueRequired":true,"valueName":"search_term_string"}}],"inLanguage":"de"},{"@type":"Organization","@id":"https:\/\/global-hookah.com\/#organization","name":"Globale Wasserpfeife","url":"https:\/\/global-hookah.com\/","logo":{"@type":"ImageObject","inLanguage":"de","@id":"https:\/\/global-hookah.com\/#\/schema\/logo\/image\/","url":"https:\/\/global-hookah.com\/wp-content\/uploads\/2021\/10\/cropped-fgg.png","contentUrl":"https:\/\/global-hookah.com\/wp-content\/uploads\/2021\/10\/cropped-fgg.png","width":512,"height":512,"caption":"Global Hookah"},"image":{"@id":"https:\/\/global-hookah.com\/#\/schema\/logo\/image\/"}}]}},"_links":{"self":[{"href":"https:\/\/global-hookah.com\/de\/wp-json\/wp\/v2\/product\/14394","targetHints":{"allow":["GET"]}}],"collection":[{"href":"https:\/\/global-hookah.com\/de\/wp-json\/wp\/v2\/product"}],"about":[{"href":"https:\/\/global-hookah.com\/de\/wp-json\/wp\/v2\/types\/product"}],"replies":[{"embeddable":true,"href":"https:\/\/global-hookah.com\/de\/wp-json\/wp\/v2\/comments?post=14394"}],"version-history":[{"count":0,"href":"https:\/\/global-hookah.com\/de\/wp-json\/wp\/v2\/product\/14394\/revisions"}],"wp:featuredmedia":[{"embeddable":true,"href":"https:\/\/global-hookah.com\/de\/wp-json\/wp\/v2\/media\/14412"}],"wp:attachment":[{"href":"https:\/\/global-hookah.com\/de\/wp-json\/wp\/v2\/media?parent=14394"}],"wp:term":[{"taxonomy":"product_brand","embeddable":true,"href":"https:\/\/global-hookah.com\/de\/wp-json\/wp\/v2\/product_brand?post=14394"},{"taxonomy":"product_cat","embeddable":true,"href":"https:\/\/global-hookah.com\/de\/wp-json\/wp\/v2\/product_cat?post=14394"},{"taxonomy":"product_tag","embeddable":true,"href":"https:\/\/global-hookah.com\/de\/wp-json\/wp\/v2\/product_tag?post=14394"}],"curies":[{"name":"wp","href":"https:\/\/api.w.org\/{rel}","templated":true}]}}