{"id":15931,"date":"2023-11-16T01:41:34","date_gmt":"2023-11-16T01:41:34","guid":{"rendered":"https:\/\/global-hookah.com\/product\/handmade-sherlock-holmes-tobacco-pipe\/"},"modified":"2023-11-16T01:41:37","modified_gmt":"2023-11-16T01:41:37","slug":"handmade-sherlock-holmes-tobacco-pipe","status":"publish","type":"product","link":"https:\/\/global-hookah.com\/de\/produkt\/handmade-sherlock-holmes-tobacco-pipe\/","title":{"rendered":"Handgefertigte Sherlock-Holmes-Tabakpfeife"},"content":{"rendered":"<div class=\"product-specs-list-container\">\n<ul class=\"product-specs-list util-clearfix\">\n<li class=\"product-prop line-limit-length\"><span\n\t\t\t\t\t\t\t\t\tclass=\"property-title\">Die Form:&nbsp;<\/span><span\n\t\t\t\t\t\t\t\t\tclass=\"property-desc line-limit-length\">Gebogener Typ<\/span>\n\t\t\t\t\t\t<\/li>\n<li class=\"product-prop line-limit-length\"><span\n\t\t\t\t\t\t\t\t\tclass=\"property-title\">Modellnummer:&nbsp;<\/span><span\n\t\t\t\t\t\t\t\t\tclass=\"property-desc line-limit-length\">aa0452S-3<\/span>\n\t\t\t\t\t\t<\/li>\n<li class=\"product-prop line-limit-length\"><span\n\t\t\t\t\t\t\t\t\tclass=\"property-title\">Material:&nbsp;<\/span><span\n\t\t\t\t\t\t\t\t\tclass=\"property-desc line-limit-length\">Holz<\/span>\n\t\t\t\t\t\t<\/li>\n<li class=\"product-prop line-limit-length\"><span\n\t\t\t\t\t\t\t\t\tclass=\"property-title\">Markenname:&nbsp;<\/span><span\n\t\t\t\t\t\t\t\t\tclass=\"property-desc line-limit-length\">MUXIANG<\/span>\n\t\t\t\t\t\t<\/li>\n<li class=\"product-prop line-limit-length\"><span\n\t\t\t\t\t\t\t\t\tclass=\"property-title\">Herkunft:&nbsp;<\/span><span\n\t\t\t\t\t\t\t\t\tclass=\"property-desc line-limit-length\">Festland China<\/span>\n\t\t\t\t\t\t<\/li>\n<li class=\"product-prop line-limit-length\"><span\n\t\t\t\t\t\t\t\t\tclass=\"property-title\">Phoebe:&nbsp;<\/span><span\n\t\t\t\t\t\t\t\t\tclass=\"property-desc line-limit-length\">Pfeife rauchen<\/span>\n\t\t\t\t\t\t<\/li>\n<li class=\"product-prop line-limit-length\"><span\n\t\t\t\t\t\t\t\t\tclass=\"property-title\">Briar-Holzpfeifen:&nbsp;<\/span><span\n\t\t\t\t\t\t\t\t\tclass=\"property-desc line-limit-length\">Dornb\u00fcschel<\/span>\n\t\t\t\t\t\t<\/li>\n<\/ul><\/div>\n<p style=\"font-family:OpenSans;font-size:20px;font-weight:900;letter-spacing:normal;line-height:28px;text-align:start;white-space:pre-wrap;color:rgb(0, 0, 0);background-color:rgb(255, 255, 255);margin:0px 0px 12px;margin-bottom:12px;margin-top:0px;margin-left:0px;margin-right:0px;padding:0px;padding-bottom:0px;padding-top:0px;padding-left:0px;padding-right:0px;box-sizing:border-box\" class=\"detail-desc-decorate-title\" align=\"start\">\u3010Produktinformation f\u00fcr Rohre\u3011<\/p>\n<p style=\"font-family:&quot;Open Sans&quot;, Roboto, Arial, Helvetica, sans-serif, SimSun;font-size:16px;font-weight:normal;letter-spacing:normal;line-height:inherit;text-align:start;white-space:normal;color:rgb(34, 34, 34);background-color:rgb(255, 255, 255);margin:0px;margin-bottom:0px;margin-top:0px;margin-left:0px;margin-right:0px;padding:0px;padding-bottom:0px;padding-top:0px;padding-left:0px;padding-right:0px;box-sizing:border-box\" align=\"start\">\u3010Material\u3011<br \/>\u25cf Rohrk\u00f6rper:100% Briarwood,Dekuple Strafe f\u00fcr F\u00e4lschung.<br \/>\u25cf Mundst\u00fcck-Material: Hochwertiges Lebensmittel-Acryl<br \/>\u25cf Gr\u00f6\u00dfe: Bitte \u00fcberpr\u00fcfen Sie die Detailseite<br \/>\u25cf Typ\uff1aGlattes Rohrgeh\u00e4use<br \/>\u25cf Farbe: Wie auf dem Bild zu sehen.<br \/>\u25cf Adaptive Filter\uff1aAlle passend f\u00fcr 9mm Aktivkohlefilter<br \/>\u25cf Doppelter Metallring: Es hilft, den Rohrk\u00f6rper besser zu sch\u00fctzen<\/p>\n<p style=\"font-family:&quot;Open Sans&quot;, Roboto, Arial, Helvetica, sans-serif, SimSun;font-size:16px;font-weight:normal;letter-spacing:normal;line-height:inherit;text-align:start;white-space:normal;color:rgb(34, 34, 34);background-color:rgb(255, 255, 255);margin:0px;margin-bottom:0px;margin-top:0px;margin-left:0px;margin-right:0px;padding:0px;padding-bottom:0px;padding-top:0px;padding-left:0px;padding-right:0px;box-sizing:border-box\" align=\"start\">NUTE\uff1a<\/p>\n<p><span style=\"color:rgb(244, 78, 59)\">W\u00e4hlen Sie aa0452S-3 gr\u00fcn, um ein Rohr und einen Satz Reinigungswerkzeuge zu erhalten<\/span><\/p>\n<p><span style=\"color:rgb(244, 78, 59)\">W\u00e4hlen Sie aa0452S-2 rot, um ein Rohr und einen Satz Reinigungswerkzeuge zu erhalten<\/span><\/p>\n<p><span style=\"color:rgb(244, 78, 59)\">W\u00e4hlen Sie nur Reinigungswerkzeuge, um einen Satz von Reinigungswerkzeugen zu erhalten<\/span><\/p>\n<p><img decoding=\"async\" src=\"https:\/\/ae01.alicdn.com\/kf\/Saecf9ba2c11b4fee807dc6e53df5d916I.jpg\" slate-data-type=\"image\"\/><br \/><img decoding=\"async\" src=\"https:\/\/ae01.alicdn.com\/kf\/Sde25f74dea2c41c5bf3218f8118a3350h.jpg\" slate-data-type=\"image\"\/><img decoding=\"async\" src=\"https:\/\/ae01.alicdn.com\/kf\/Sa2377ca393ee4df292a0bca81d9987e0i.jpg\" slate-data-type=\"image\"\/><\/p>\n<p><\/p>\n<h1 style=\"font-family:&quot;Avant Garde&quot;, Avantgarde, &quot;Century Gothic&quot;, CenturyGothic, AppleGothic, sans-serif;font-size:2.57143em;font-weight:400;letter-spacing:normal;text-align:start;white-space:normal;color:rgb(25, 25, 25);background-color:rgb(255, 255, 255);margin:0px;margin-bottom:0px;margin-top:0px;margin-left:0px;margin-right:0px;box-sizing:border-box\" class=\"section-header__title\" align=\"start\">Briar Holzpfeifen zu verkaufen<\/h1>\n<div style=\"font-family:&quot;Avant Garde&quot;, Avantgarde, &quot;Century Gothic&quot;, CenturyGothic, AppleGothic, sans-serif;font-size:14px;font-weight:400;letter-spacing:normal;text-align:start;white-space:normal;color:rgb(25, 25, 25);background-color:rgb(255, 255, 255);margin-bottom:0px;box-sizing:border-box\" class=\"section-header__subtext rte\" align=\"start\">\n<p style=\"margin:0px 0px 20px;margin-bottom:20px;margin-top:0px;margin-left:0px;margin-right:0px;box-sizing:border-box\"><span>Bruy\u00e8reholz ist eines der gebr\u00e4uchlichsten und st\u00e4rksten H\u00f6lzer, die es f\u00fcr Tabakpfeifen gibt. Die Verarbeitung von Bruy\u00e8reholz zu Ihrer Lieblingstabakpfeife aus Holz ist eine Kunst, auf die Mr. Brog stolz ist. Mit seiner nat\u00fcrlichen Widerstandsf\u00e4higkeit gegen Feuer, seiner nat\u00fcrlichen F\u00e4higkeit, Feuchtigkeit zu absorbieren, und seinem attraktiven Aussehen ist Bruy\u00e8reholz die perfekte Wahl f\u00fcr Tabakpfeifenholz! Bruy\u00e8reholzpfeifen eignen sich hervorragend als h\u00f6lzerne Tabakpfeifen f\u00fcr den t\u00e4glichen Raucher. Sie haben einen gro\u00dfartigen Geschmack und das Aussehen des sch\u00f6nen Bruy\u00e8reholzes. Sie werden sogar Spa\u00df daran haben, die Bilder in unserer Auflistung von Bruy\u00e8repfeifen zum Verkauf zu betrachten!<\/span><\/p>\n<div style=\"box-sizing:border-box\" class=\"clearfix search-header\">\n<div style=\"box-sizing:border-box\" class=\"p\">W\u00e4hlen Sie Ihre Lieblingspfeife aus unserer umfangreichen Auswahl an handgefertigten Bruy\u00e8reholzpfeifen, die garantiert eine wertvolle Erg\u00e4nzung Ihrer Pfeifensammlung sein werden. Genie\u00dfen Sie Ihre Holzpfeife mit hochwertigem Bruy\u00e8reholz, dem ultimativen Tabakpfeifenholz! Und wenn der Preis eine Rolle spielt, werden Sie feststellen, dass unsere Bruy\u00e8re-Pfeifen von hervorragender Qualit\u00e4t und zu einem guten Preis erh\u00e4ltlich sind!<\/div>\n<\/div>\n<\/div>\n<p><\/p>","protected":false},"excerpt":{"rendered":"<p>Form: Gebogener Typ Modellnummer: aa0452S-3 Material: Holz Markenname: MUXIANG Herkunft: Festland China Phoebe: Rauchpfeife Briar Wood Pipes: Briar Burl \u3010Produktinformation f\u00fcr Pfeife\u3011 \u3010Material\u3011\u25cf.<\/p>","protected":false},"featured_media":15932,"comment_status":"open","ping_status":"closed","template":"","meta":{"iawp_total_views":7,"_joinchat":[]},"product_brand":[],"product_cat":[478],"product_tag":[],"class_list":{"0":"post-15931","1":"product","2":"type-product","3":"status-publish","4":"has-post-thumbnail","6":"product_cat-handmade-pipe","8":"first","9":"instock","10":"sale","11":"shipping-taxable","12":"purchasable","13":"product-type-variable"},"yoast_head":"<!-- This site is optimized with the Yoast SEO Premium plugin v24.7 (Yoast SEO v26.8) - https:\/\/yoast.com\/product\/yoast-seo-premium-wordpress\/ -->\n<title>Handmade Sherlock Holmes Tobacco Pipe - Global Hookah<\/title>\n<meta name=\"robots\" content=\"index, follow, max-snippet:-1, max-image-preview:large, max-video-preview:-1\" \/>\n<link rel=\"canonical\" href=\"https:\/\/global-hookah.com\/de\/it\/prodotto\/handmade-sherlock-holmes-tobacco-pipe\/\" \/>\n<meta property=\"og:locale\" content=\"de_DE\" \/>\n<meta property=\"og:type\" content=\"article\" \/>\n<meta property=\"og:title\" content=\"Handmade Sherlock Holmes Tobacco Pipe\" \/>\n<meta property=\"og:description\" content=\"Shape:&nbsp;Bent Type Model Number:&nbsp;aa0452S-3 Material:&nbsp;Wood Brand Name:&nbsp;MUXIANG Origin:&nbsp;Mainland China Phoebe:&nbsp;smoking pipe Briar Wood Pipes:&nbsp;Briar Burl \u3010Product Information For Pipe\u3011 \u3010Material\u3011\u25cf\" \/>\n<meta property=\"og:url\" content=\"https:\/\/global-hookah.com\/de\/it\/prodotto\/handmade-sherlock-holmes-tobacco-pipe\/\" \/>\n<meta property=\"og:site_name\" content=\"Global Hookah\" \/>\n<meta property=\"article:modified_time\" content=\"2023-11-16T01:41:37+00:00\" \/>\n<meta property=\"og:image\" content=\"https:\/\/global-hookah.com\/wp-content\/uploads\/2023\/11\/Briar-Wood-Smoking-Pipe-Handmade-Bent-Stem-Mouthpiece-9mm-Filter-With-Silver-Decorative-Tiger-Skin-Green.webp\" \/>\n\t<meta property=\"og:image:width\" content=\"1000\" \/>\n\t<meta property=\"og:image:height\" content=\"1000\" \/>\n\t<meta property=\"og:image:type\" content=\"image\/webp\" \/>\n<meta name=\"twitter:card\" content=\"summary_large_image\" \/>\n<meta name=\"twitter:label1\" content=\"Gesch\u00e4tzte Lesezeit\" \/>\n\t<meta name=\"twitter:data1\" content=\"1\u00a0Minute\" \/>\n<script type=\"application\/ld+json\" class=\"yoast-schema-graph\">{\"@context\":\"https:\/\/schema.org\",\"@graph\":[{\"@type\":\"WebPage\",\"@id\":\"https:\/\/global-hookah.com\/it\/prodotto\/handmade-sherlock-holmes-tobacco-pipe\/\",\"url\":\"https:\/\/global-hookah.com\/it\/prodotto\/handmade-sherlock-holmes-tobacco-pipe\/\",\"name\":\"Handmade Sherlock Holmes Tobacco Pipe - Global Hookah\",\"isPartOf\":{\"@id\":\"https:\/\/global-hookah.com\/#website\"},\"primaryImageOfPage\":{\"@id\":\"https:\/\/global-hookah.com\/it\/prodotto\/handmade-sherlock-holmes-tobacco-pipe\/#primaryimage\"},\"image\":{\"@id\":\"https:\/\/global-hookah.com\/it\/prodotto\/handmade-sherlock-holmes-tobacco-pipe\/#primaryimage\"},\"thumbnailUrl\":\"https:\/\/global-hookah.com\/wp-content\/uploads\/2023\/11\/Briar-Wood-Smoking-Pipe-Handmade-Bent-Stem-Mouthpiece-9mm-Filter-With-Silver-Decorative-Tiger-Skin-Green.webp\",\"datePublished\":\"2023-11-16T01:41:34+00:00\",\"dateModified\":\"2023-11-16T01:41:37+00:00\",\"breadcrumb\":{\"@id\":\"https:\/\/global-hookah.com\/it\/prodotto\/handmade-sherlock-holmes-tobacco-pipe\/#breadcrumb\"},\"inLanguage\":\"de\",\"potentialAction\":[{\"@type\":\"ReadAction\",\"target\":[\"https:\/\/global-hookah.com\/it\/prodotto\/handmade-sherlock-holmes-tobacco-pipe\/\"]}]},{\"@type\":\"ImageObject\",\"inLanguage\":\"de\",\"@id\":\"https:\/\/global-hookah.com\/it\/prodotto\/handmade-sherlock-holmes-tobacco-pipe\/#primaryimage\",\"url\":\"https:\/\/global-hookah.com\/wp-content\/uploads\/2023\/11\/Briar-Wood-Smoking-Pipe-Handmade-Bent-Stem-Mouthpiece-9mm-Filter-With-Silver-Decorative-Tiger-Skin-Green.webp\",\"contentUrl\":\"https:\/\/global-hookah.com\/wp-content\/uploads\/2023\/11\/Briar-Wood-Smoking-Pipe-Handmade-Bent-Stem-Mouthpiece-9mm-Filter-With-Silver-Decorative-Tiger-Skin-Green.webp\",\"width\":1000,\"height\":1000},{\"@type\":\"BreadcrumbList\",\"@id\":\"https:\/\/global-hookah.com\/it\/prodotto\/handmade-sherlock-holmes-tobacco-pipe\/#breadcrumb\",\"itemListElement\":[{\"@type\":\"ListItem\",\"position\":1,\"name\":\"Home\",\"item\":\"https:\/\/global-hookah.com\/\"},{\"@type\":\"ListItem\",\"position\":2,\"name\":\"Shop\",\"item\":\"https:\/\/global-hookah.com\/shop\/\"},{\"@type\":\"ListItem\",\"position\":3,\"name\":\"Handmade Sherlock Holmes Tobacco Pipe\"}]},{\"@type\":\"WebSite\",\"@id\":\"https:\/\/global-hookah.com\/#website\",\"url\":\"https:\/\/global-hookah.com\/\",\"name\":\"Global Hookah\",\"description\":\"Global Hookah\",\"publisher\":{\"@id\":\"https:\/\/global-hookah.com\/#organization\"},\"potentialAction\":[{\"@type\":\"SearchAction\",\"target\":{\"@type\":\"EntryPoint\",\"urlTemplate\":\"https:\/\/global-hookah.com\/?s={search_term_string}\"},\"query-input\":{\"@type\":\"PropertyValueSpecification\",\"valueRequired\":true,\"valueName\":\"search_term_string\"}}],\"inLanguage\":\"de\"},{\"@type\":\"Organization\",\"@id\":\"https:\/\/global-hookah.com\/#organization\",\"name\":\"Global Hookah\",\"url\":\"https:\/\/global-hookah.com\/\",\"logo\":{\"@type\":\"ImageObject\",\"inLanguage\":\"de\",\"@id\":\"https:\/\/global-hookah.com\/#\/schema\/logo\/image\/\",\"url\":\"https:\/\/global-hookah.com\/wp-content\/uploads\/2021\/10\/cropped-fgg.png\",\"contentUrl\":\"https:\/\/global-hookah.com\/wp-content\/uploads\/2021\/10\/cropped-fgg.png\",\"width\":512,\"height\":512,\"caption\":\"Global Hookah\"},\"image\":{\"@id\":\"https:\/\/global-hookah.com\/#\/schema\/logo\/image\/\"}}]}<\/script>\n<!-- \/ Yoast SEO Premium plugin. -->","yoast_head_json":{"title":"Handgefertigte Sherlock-Holmes-Tabakpfeife - Global Hookah","robots":{"index":"index","follow":"follow","max-snippet":"max-snippet:-1","max-image-preview":"max-image-preview:large","max-video-preview":"max-video-preview:-1"},"canonical":"https:\/\/global-hookah.com\/de\/it\/prodotto\/handmade-sherlock-holmes-tobacco-pipe\/","og_locale":"de_DE","og_type":"article","og_title":"Handmade Sherlock Holmes Tobacco Pipe","og_description":"Shape:&nbsp;Bent Type Model Number:&nbsp;aa0452S-3 Material:&nbsp;Wood Brand Name:&nbsp;MUXIANG Origin:&nbsp;Mainland China Phoebe:&nbsp;smoking pipe Briar Wood Pipes:&nbsp;Briar Burl \u3010Product Information For Pipe\u3011 \u3010Material\u3011\u25cf","og_url":"https:\/\/global-hookah.com\/de\/it\/prodotto\/handmade-sherlock-holmes-tobacco-pipe\/","og_site_name":"Global Hookah","article_modified_time":"2023-11-16T01:41:37+00:00","og_image":[{"width":1000,"height":1000,"url":"https:\/\/global-hookah.com\/wp-content\/uploads\/2023\/11\/Briar-Wood-Smoking-Pipe-Handmade-Bent-Stem-Mouthpiece-9mm-Filter-With-Silver-Decorative-Tiger-Skin-Green.webp","type":"image\/webp"}],"twitter_card":"summary_large_image","twitter_misc":{"Gesch\u00e4tzte Lesezeit":"1\u00a0Minute"},"schema":{"@context":"https:\/\/schema.org","@graph":[{"@type":"WebPage","@id":"https:\/\/global-hookah.com\/it\/prodotto\/handmade-sherlock-holmes-tobacco-pipe\/","url":"https:\/\/global-hookah.com\/it\/prodotto\/handmade-sherlock-holmes-tobacco-pipe\/","name":"Handgefertigte Sherlock-Holmes-Tabakpfeife - Global Hookah","isPartOf":{"@id":"https:\/\/global-hookah.com\/#website"},"primaryImageOfPage":{"@id":"https:\/\/global-hookah.com\/it\/prodotto\/handmade-sherlock-holmes-tobacco-pipe\/#primaryimage"},"image":{"@id":"https:\/\/global-hookah.com\/it\/prodotto\/handmade-sherlock-holmes-tobacco-pipe\/#primaryimage"},"thumbnailUrl":"https:\/\/global-hookah.com\/wp-content\/uploads\/2023\/11\/Briar-Wood-Smoking-Pipe-Handmade-Bent-Stem-Mouthpiece-9mm-Filter-With-Silver-Decorative-Tiger-Skin-Green.webp","datePublished":"2023-11-16T01:41:34+00:00","dateModified":"2023-11-16T01:41:37+00:00","breadcrumb":{"@id":"https:\/\/global-hookah.com\/it\/prodotto\/handmade-sherlock-holmes-tobacco-pipe\/#breadcrumb"},"inLanguage":"de","potentialAction":[{"@type":"ReadAction","target":["https:\/\/global-hookah.com\/it\/prodotto\/handmade-sherlock-holmes-tobacco-pipe\/"]}]},{"@type":"ImageObject","inLanguage":"de","@id":"https:\/\/global-hookah.com\/it\/prodotto\/handmade-sherlock-holmes-tobacco-pipe\/#primaryimage","url":"https:\/\/global-hookah.com\/wp-content\/uploads\/2023\/11\/Briar-Wood-Smoking-Pipe-Handmade-Bent-Stem-Mouthpiece-9mm-Filter-With-Silver-Decorative-Tiger-Skin-Green.webp","contentUrl":"https:\/\/global-hookah.com\/wp-content\/uploads\/2023\/11\/Briar-Wood-Smoking-Pipe-Handmade-Bent-Stem-Mouthpiece-9mm-Filter-With-Silver-Decorative-Tiger-Skin-Green.webp","width":1000,"height":1000},{"@type":"BreadcrumbList","@id":"https:\/\/global-hookah.com\/it\/prodotto\/handmade-sherlock-holmes-tobacco-pipe\/#breadcrumb","itemListElement":[{"@type":"ListItem","position":1,"name":"Home","item":"https:\/\/global-hookah.com\/"},{"@type":"ListItem","position":2,"name":"Shop","item":"https:\/\/global-hookah.com\/shop\/"},{"@type":"ListItem","position":3,"name":"Handmade Sherlock Holmes Tobacco Pipe"}]},{"@type":"WebSite","@id":"https:\/\/global-hookah.com\/#website","url":"https:\/\/global-hookah.com\/","name":"Globale Wasserpfeife","description":"Globale Wasserpfeife","publisher":{"@id":"https:\/\/global-hookah.com\/#organization"},"potentialAction":[{"@type":"SearchAction","target":{"@type":"EntryPoint","urlTemplate":"https:\/\/global-hookah.com\/?s={search_term_string}"},"query-input":{"@type":"PropertyValueSpecification","valueRequired":true,"valueName":"search_term_string"}}],"inLanguage":"de"},{"@type":"Organization","@id":"https:\/\/global-hookah.com\/#organization","name":"Globale Wasserpfeife","url":"https:\/\/global-hookah.com\/","logo":{"@type":"ImageObject","inLanguage":"de","@id":"https:\/\/global-hookah.com\/#\/schema\/logo\/image\/","url":"https:\/\/global-hookah.com\/wp-content\/uploads\/2021\/10\/cropped-fgg.png","contentUrl":"https:\/\/global-hookah.com\/wp-content\/uploads\/2021\/10\/cropped-fgg.png","width":512,"height":512,"caption":"Global Hookah"},"image":{"@id":"https:\/\/global-hookah.com\/#\/schema\/logo\/image\/"}}]}},"_links":{"self":[{"href":"https:\/\/global-hookah.com\/de\/wp-json\/wp\/v2\/product\/15931","targetHints":{"allow":["GET"]}}],"collection":[{"href":"https:\/\/global-hookah.com\/de\/wp-json\/wp\/v2\/product"}],"about":[{"href":"https:\/\/global-hookah.com\/de\/wp-json\/wp\/v2\/types\/product"}],"replies":[{"embeddable":true,"href":"https:\/\/global-hookah.com\/de\/wp-json\/wp\/v2\/comments?post=15931"}],"version-history":[{"count":0,"href":"https:\/\/global-hookah.com\/de\/wp-json\/wp\/v2\/product\/15931\/revisions"}],"wp:featuredmedia":[{"embeddable":true,"href":"https:\/\/global-hookah.com\/de\/wp-json\/wp\/v2\/media\/15932"}],"wp:attachment":[{"href":"https:\/\/global-hookah.com\/de\/wp-json\/wp\/v2\/media?parent=15931"}],"wp:term":[{"taxonomy":"product_brand","embeddable":true,"href":"https:\/\/global-hookah.com\/de\/wp-json\/wp\/v2\/product_brand?post=15931"},{"taxonomy":"product_cat","embeddable":true,"href":"https:\/\/global-hookah.com\/de\/wp-json\/wp\/v2\/product_cat?post=15931"},{"taxonomy":"product_tag","embeddable":true,"href":"https:\/\/global-hookah.com\/de\/wp-json\/wp\/v2\/product_tag?post=15931"}],"curies":[{"name":"wp","href":"https:\/\/api.w.org\/{rel}","templated":true}]}}