{"id":15942,"date":"2023-11-16T01:43:39","date_gmt":"2023-11-16T01:43:39","guid":{"rendered":"https:\/\/global-hookah.com\/product\/handmade-briar-bulldog-pipe\/"},"modified":"2024-01-21T08:47:22","modified_gmt":"2024-01-21T08:47:22","slug":"handmade-briar-bulldog-pipe","status":"publish","type":"product","link":"https:\/\/global-hookah.com\/de\/produkt\/handmade-briar-bulldog-pipe\/","title":{"rendered":"Handgefertigte Briar-Bulldog-Pfeife"},"content":{"rendered":"<p>Diese<strong> Briar-Bulldog-Pfeife<\/strong> in der typischen BULLDOG-Form ist aus 20 Jahre altem italienischem Bruy\u00e8reholz gefertigt, was zu einem hervorragenden Luftstrom und einem leichten Gef\u00fchl in der Hand f\u00fchrt. Die einzigartige Zigarettenspitze verleiht dem klassischen Design einen Hauch von Raffinesse.<\/p>\n<p>Die <strong>Handgefertigte Bulldogge Pfeife<\/strong> ist von hervorragender handwerklicher Qualit\u00e4t, da es mit klassischen europ\u00e4ischen Techniken hergestellt wird. Die Abnehmbarkeit des Designs macht die Reinigung und Wartung einfach. Am wichtigsten ist die Tatsache, dass er einen Aktivkohlefilter enth\u00e4lt, der verhindern kann, dass sich viele Teerr\u00fcckst\u00e4nde im Rohr ablagern. Au\u00dferdem kann der Filter das stechende Gef\u00fchl verringern, das <strong>Handgefertigte Bulldogge Pfeife<\/strong> Rauch hinterl\u00e4sst auf der Zunge und im Mund, was das Rauchen komfortabler und angenehmer macht. <a href=\"https:\/\/global-hookah.com\/product-category\/tobacco-pipe\/handmade-pipe\/\">hochwertige handgefertigte Pfeife<\/a> ist das perfekte Geschenk f\u00fcr Pfeifenliebhaber.<\/p>\n<div class=\"detailmodule_html\">\n<div class=\"detail-desc-decorate-richtext\">\n<div>\n<div>\n<div id=\"offer-template-0\">\n<p>\u00a0<img decoding=\"async\" class=\"desc-img-loaded\" style=\"box-sizing: border-box; text-size-adjust: 100%; -webkit-tap-highlight-color: transparent; margin: 0px; padding: 0px; outline: none; border: 0px; vertical-align: middle; max-width: 790px;\" src=\"https:\/\/ae01.alicdn.com\/kf\/S89f92150f2e7433bbff3fde7d12a3be94.jpg?width=750&amp;height=999&amp;hash=1749\" alt=\"undefined\" data-lazyload-src=\"https:\/\/ae01.alicdn.com\/kf\/S89f92150f2e7433bbff3fde7d12a3be94.jpg?width=750&amp;height=999&amp;hash=1749\" \/><img decoding=\"async\" class=\"desc-img-loaded\" style=\"box-sizing: border-box; text-size-adjust: 100%; -webkit-tap-highlight-color: transparent; margin: 0px; padding: 0px; outline: none; border: 0px; vertical-align: middle; max-width: 790px;\" src=\"https:\/\/ae01.alicdn.com\/kf\/Sab9680bf963f4e4088dbfc60f66a8c00I.jpg?width=750&amp;height=1087&amp;hash=1837\" alt=\"undefined\" data-lazyload-src=\"https:\/\/ae01.alicdn.com\/kf\/Sab9680bf963f4e4088dbfc60f66a8c00I.jpg?width=750&amp;height=1087&amp;hash=1837\" \/><img decoding=\"async\" class=\"desc-img-loaded\" style=\"box-sizing: border-box; text-size-adjust: 100%; -webkit-tap-highlight-color: transparent; margin: 0px; padding: 0px; outline: none; border: 0px; vertical-align: middle; max-width: 790px;\" src=\"https:\/\/ae01.alicdn.com\/kf\/S2cdc7d36ecf140df8a059b598663bf27b.jpg?width=750&amp;height=1119&amp;hash=1869\" alt=\"undefined\" data-lazyload-src=\"https:\/\/ae01.alicdn.com\/kf\/S2cdc7d36ecf140df8a059b598663bf27b.jpg?width=750&amp;height=1119&amp;hash=1869\" \/><img decoding=\"async\" class=\"desc-img-loaded\" style=\"box-sizing: border-box; text-size-adjust: 100%; -webkit-tap-highlight-color: transparent; margin: 0px; padding: 0px; outline: none; border: 0px; vertical-align: middle; max-width: 790px;\" src=\"https:\/\/ae01.alicdn.com\/kf\/S4e483fbeb9124128b5cf03e81de6680fv.jpg?width=750&amp;height=1123&amp;hash=1873\" alt=\"undefined\" data-lazyload-src=\"https:\/\/ae01.alicdn.com\/kf\/S4e483fbeb9124128b5cf03e81de6680fv.jpg?width=750&amp;height=1123&amp;hash=1873\" \/><img decoding=\"async\" class=\"desc-img-loaded\" style=\"box-sizing: border-box; text-size-adjust: 100%; -webkit-tap-highlight-color: transparent; margin: 0px; padding: 0px; outline: none; border: 0px; vertical-align: middle; max-width: 790px;\" src=\"https:\/\/ae01.alicdn.com\/kf\/S00c0a1b5a95541e3b3fa8a0b558d30f6R.jpg?width=750&amp;height=902&amp;hash=1652\" alt=\"undefined\" data-lazyload-src=\"https:\/\/ae01.alicdn.com\/kf\/S00c0a1b5a95541e3b3fa8a0b558d30f6R.jpg?width=750&amp;height=902&amp;hash=1652\" \/><img decoding=\"async\" class=\"desc-img-loaded\" style=\"box-sizing: border-box; text-size-adjust: 100%; -webkit-tap-highlight-color: transparent; margin: 0px; padding: 0px; outline: none; border: 0px; vertical-align: middle; max-width: 790px;\" src=\"https:\/\/ae01.alicdn.com\/kf\/S78e994a0e0ae4c73aa178cccde52d967D.jpg?width=750&amp;height=661&amp;hash=1411\" alt=\"undefined\" data-lazyload-src=\"https:\/\/ae01.alicdn.com\/kf\/S78e994a0e0ae4c73aa178cccde52d967D.jpg?width=750&amp;height=661&amp;hash=1411\" \/><img decoding=\"async\" class=\"desc-img-loaded\" style=\"box-sizing: border-box; text-size-adjust: 100%; -webkit-tap-highlight-color: transparent; margin: 0px; padding: 0px; outline: none; border: 0px; vertical-align: middle; max-width: 790px;\" src=\"https:\/\/ae01.alicdn.com\/kf\/Sb02739e378e94563b14c65fd5aa71e36Q.jpg?width=750&amp;height=603&amp;hash=1353\" alt=\"undefined\" data-lazyload-src=\"https:\/\/ae01.alicdn.com\/kf\/Sb02739e378e94563b14c65fd5aa71e36Q.jpg?width=750&amp;height=603&amp;hash=1353\" \/><img decoding=\"async\" class=\"desc-img-loaded\" style=\"box-sizing: border-box; text-size-adjust: 100%; -webkit-tap-highlight-color: transparent; margin: 0px; padding: 0px; outline: none; border: 0px; vertical-align: middle; max-width: 790px;\" src=\"https:\/\/ae01.alicdn.com\/kf\/S9d7608410f874bd5b93741df0191217fa.jpg?width=750&amp;height=593&amp;hash=1343\" alt=\"undefined\" data-lazyload-src=\"https:\/\/ae01.alicdn.com\/kf\/S9d7608410f874bd5b93741df0191217fa.jpg?width=750&amp;height=593&amp;hash=1343\" \/><img decoding=\"async\" class=\"desc-img-loaded\" style=\"box-sizing: border-box; text-size-adjust: 100%; -webkit-tap-highlight-color: transparent; margin: 0px; padding: 0px; outline: none; border: 0px; vertical-align: middle; max-width: 790px;\" src=\"https:\/\/ae01.alicdn.com\/kf\/S0f28fd2b6cc54e0fa2b99c18b237bed5s.jpg?width=750&amp;height=596&amp;hash=1346\" alt=\"undefined\" data-lazyload-src=\"https:\/\/ae01.alicdn.com\/kf\/S0f28fd2b6cc54e0fa2b99c18b237bed5s.jpg?width=750&amp;height=596&amp;hash=1346\" \/><img decoding=\"async\" class=\"desc-img-loaded\" style=\"box-sizing: border-box; text-size-adjust: 100%; -webkit-tap-highlight-color: transparent; margin: 0px; padding: 0px; outline: none; border: 0px; vertical-align: middle; max-width: 790px;\" src=\"https:\/\/ae01.alicdn.com\/kf\/S1c65a251e88c406cafd00bb7afdb5081p.jpg?width=750&amp;height=593&amp;hash=1343\" alt=\"undefined\" data-lazyload-src=\"https:\/\/ae01.alicdn.com\/kf\/S1c65a251e88c406cafd00bb7afdb5081p.jpg?width=750&amp;height=593&amp;hash=1343\" \/><img decoding=\"async\" class=\"desc-img-loaded\" style=\"box-sizing: border-box; text-size-adjust: 100%; -webkit-tap-highlight-color: transparent; margin: 0px; padding: 0px; outline: none; border: 0px; vertical-align: middle; max-width: 790px;\" src=\"https:\/\/ae01.alicdn.com\/kf\/S9705386ab8de412d90d7f07a91e0a4e8V.jpg?width=750&amp;height=625&amp;hash=1375\" alt=\"undefined\" data-lazyload-src=\"https:\/\/ae01.alicdn.com\/kf\/S9705386ab8de412d90d7f07a91e0a4e8V.jpg?width=750&amp;height=625&amp;hash=1375\" \/><img decoding=\"async\" class=\"desc-img-loaded\" style=\"box-sizing: border-box; text-size-adjust: 100%; -webkit-tap-highlight-color: transparent; margin: 0px; padding: 0px; outline: none; border: 0px; vertical-align: middle; max-width: 790px;\" src=\"https:\/\/ae01.alicdn.com\/kf\/S7b59daac44754e85a6910249ca6bd977Y.jpg?width=750&amp;height=608&amp;hash=1358\" alt=\"undefined\" data-lazyload-src=\"https:\/\/ae01.alicdn.com\/kf\/S7b59daac44754e85a6910249ca6bd977Y.jpg?width=750&amp;height=608&amp;hash=1358\" \/><\/p>\n<\/div>\n<\/div>\n<\/div>\n<\/div>\n<\/div>","protected":false},"excerpt":{"rendered":"<p>Diese Briar Bulldog-Pfeife in der typischen BULLDOG-Form ist aus 20 Jahre altem italienischem Bruy\u00e8reholz gefertigt, was zu einem hervorragenden Luftstrom und<\/p>","protected":false},"featured_media":15943,"comment_status":"open","ping_status":"closed","template":"","meta":{"iawp_total_views":1,"_joinchat":[]},"product_brand":[],"product_cat":[480,577,478],"product_tag":[],"class_list":{"0":"post-15942","1":"product","2":"type-product","3":"status-publish","4":"has-post-thumbnail","6":"product_cat-briar-pipe","7":"product_cat-bulldog-pipe","8":"product_cat-handmade-pipe","10":"first","11":"instock","12":"sale","13":"shipping-taxable","14":"purchasable","15":"product-type-variable"},"yoast_head":"<!-- This site is optimized with the Yoast SEO Premium plugin v24.7 (Yoast SEO v26.8) - https:\/\/yoast.com\/product\/yoast-seo-premium-wordpress\/ -->\n<title>Handmade Briar Bulldog Pipe - Global Hookah<\/title>\n<meta name=\"robots\" content=\"index, follow, max-snippet:-1, max-image-preview:large, max-video-preview:-1\" \/>\n<link rel=\"canonical\" href=\"https:\/\/global-hookah.com\/de\/produkt\/handmade-briar-bulldog-pipe\/\" \/>\n<meta property=\"og:locale\" content=\"de_DE\" \/>\n<meta property=\"og:type\" content=\"article\" \/>\n<meta property=\"og:title\" content=\"Handmade Briar Bulldog Pipe\" \/>\n<meta property=\"og:description\" content=\"This Briar Bulldog Pipe in the quintessential BULLDOG shape is crafted from 20-year-aged Italian briar, resulting in superb airflow and\" \/>\n<meta property=\"og:url\" content=\"https:\/\/global-hookah.com\/de\/produkt\/handmade-briar-bulldog-pipe\/\" \/>\n<meta property=\"og:site_name\" content=\"Global Hookah\" \/>\n<meta property=\"article:modified_time\" content=\"2024-01-21T08:47:22+00:00\" \/>\n<meta property=\"og:image\" content=\"https:\/\/global-hookah.com\/wp-content\/uploads\/2023\/11\/Premium-Wood-Bulldog-Pipe-3mm-Filter-Flue-Retro-Gentleman-Portable-Small-Handmade-Smoking-Pipe-Accessory.webp\" \/>\n\t<meta property=\"og:image:width\" content=\"800\" \/>\n\t<meta property=\"og:image:height\" content=\"800\" \/>\n\t<meta property=\"og:image:type\" content=\"image\/webp\" \/>\n<meta name=\"twitter:card\" content=\"summary_large_image\" \/>\n<meta name=\"twitter:label1\" content=\"Gesch\u00e4tzte Lesezeit\" \/>\n\t<meta name=\"twitter:data1\" content=\"3\u00a0Minuten\" \/>\n<script type=\"application\/ld+json\" class=\"yoast-schema-graph\">{\"@context\":\"https:\/\/schema.org\",\"@graph\":[{\"@type\":\"WebPage\",\"@id\":\"https:\/\/global-hookah.com\/product\/handmade-briar-bulldog-pipe\/\",\"url\":\"https:\/\/global-hookah.com\/product\/handmade-briar-bulldog-pipe\/\",\"name\":\"Handmade Briar Bulldog Pipe - Global Hookah\",\"isPartOf\":{\"@id\":\"https:\/\/global-hookah.com\/#website\"},\"primaryImageOfPage\":{\"@id\":\"https:\/\/global-hookah.com\/product\/handmade-briar-bulldog-pipe\/#primaryimage\"},\"image\":{\"@id\":\"https:\/\/global-hookah.com\/product\/handmade-briar-bulldog-pipe\/#primaryimage\"},\"thumbnailUrl\":\"https:\/\/global-hookah.com\/wp-content\/uploads\/2023\/11\/Premium-Wood-Bulldog-Pipe-3mm-Filter-Flue-Retro-Gentleman-Portable-Small-Handmade-Smoking-Pipe-Accessory.webp\",\"datePublished\":\"2023-11-16T01:43:39+00:00\",\"dateModified\":\"2024-01-21T08:47:22+00:00\",\"breadcrumb\":{\"@id\":\"https:\/\/global-hookah.com\/product\/handmade-briar-bulldog-pipe\/#breadcrumb\"},\"inLanguage\":\"de\",\"potentialAction\":[{\"@type\":\"ReadAction\",\"target\":[\"https:\/\/global-hookah.com\/product\/handmade-briar-bulldog-pipe\/\"]}]},{\"@type\":\"ImageObject\",\"inLanguage\":\"de\",\"@id\":\"https:\/\/global-hookah.com\/product\/handmade-briar-bulldog-pipe\/#primaryimage\",\"url\":\"https:\/\/global-hookah.com\/wp-content\/uploads\/2023\/11\/Premium-Wood-Bulldog-Pipe-3mm-Filter-Flue-Retro-Gentleman-Portable-Small-Handmade-Smoking-Pipe-Accessory.webp\",\"contentUrl\":\"https:\/\/global-hookah.com\/wp-content\/uploads\/2023\/11\/Premium-Wood-Bulldog-Pipe-3mm-Filter-Flue-Retro-Gentleman-Portable-Small-Handmade-Smoking-Pipe-Accessory.webp\",\"width\":800,\"height\":800,\"caption\":\"Handmade Briar Bulldog Pipe\"},{\"@type\":\"BreadcrumbList\",\"@id\":\"https:\/\/global-hookah.com\/product\/handmade-briar-bulldog-pipe\/#breadcrumb\",\"itemListElement\":[{\"@type\":\"ListItem\",\"position\":1,\"name\":\"Home\",\"item\":\"https:\/\/global-hookah.com\/\"},{\"@type\":\"ListItem\",\"position\":2,\"name\":\"Shop\",\"item\":\"https:\/\/global-hookah.com\/shop\/\"},{\"@type\":\"ListItem\",\"position\":3,\"name\":\"Handmade Briar Bulldog Pipe\"}]},{\"@type\":\"WebSite\",\"@id\":\"https:\/\/global-hookah.com\/#website\",\"url\":\"https:\/\/global-hookah.com\/\",\"name\":\"Global Hookah\",\"description\":\"Global Hookah\",\"publisher\":{\"@id\":\"https:\/\/global-hookah.com\/#organization\"},\"potentialAction\":[{\"@type\":\"SearchAction\",\"target\":{\"@type\":\"EntryPoint\",\"urlTemplate\":\"https:\/\/global-hookah.com\/?s={search_term_string}\"},\"query-input\":{\"@type\":\"PropertyValueSpecification\",\"valueRequired\":true,\"valueName\":\"search_term_string\"}}],\"inLanguage\":\"de\"},{\"@type\":\"Organization\",\"@id\":\"https:\/\/global-hookah.com\/#organization\",\"name\":\"Global Hookah\",\"url\":\"https:\/\/global-hookah.com\/\",\"logo\":{\"@type\":\"ImageObject\",\"inLanguage\":\"de\",\"@id\":\"https:\/\/global-hookah.com\/#\/schema\/logo\/image\/\",\"url\":\"https:\/\/global-hookah.com\/wp-content\/uploads\/2021\/10\/cropped-fgg.png\",\"contentUrl\":\"https:\/\/global-hookah.com\/wp-content\/uploads\/2021\/10\/cropped-fgg.png\",\"width\":512,\"height\":512,\"caption\":\"Global Hookah\"},\"image\":{\"@id\":\"https:\/\/global-hookah.com\/#\/schema\/logo\/image\/\"}}]}<\/script>\n<!-- \/ Yoast SEO Premium plugin. -->","yoast_head_json":{"title":"Handgefertigte Briar-Bulldog-Pfeife - Global Hookah","robots":{"index":"index","follow":"follow","max-snippet":"max-snippet:-1","max-image-preview":"max-image-preview:large","max-video-preview":"max-video-preview:-1"},"canonical":"https:\/\/global-hookah.com\/de\/produkt\/handmade-briar-bulldog-pipe\/","og_locale":"de_DE","og_type":"article","og_title":"Handmade Briar Bulldog Pipe","og_description":"This Briar Bulldog Pipe in the quintessential BULLDOG shape is crafted from 20-year-aged Italian briar, resulting in superb airflow and","og_url":"https:\/\/global-hookah.com\/de\/produkt\/handmade-briar-bulldog-pipe\/","og_site_name":"Global Hookah","article_modified_time":"2024-01-21T08:47:22+00:00","og_image":[{"width":800,"height":800,"url":"https:\/\/global-hookah.com\/wp-content\/uploads\/2023\/11\/Premium-Wood-Bulldog-Pipe-3mm-Filter-Flue-Retro-Gentleman-Portable-Small-Handmade-Smoking-Pipe-Accessory.webp","type":"image\/webp"}],"twitter_card":"summary_large_image","twitter_misc":{"Gesch\u00e4tzte Lesezeit":"3\u00a0Minuten"},"schema":{"@context":"https:\/\/schema.org","@graph":[{"@type":"WebPage","@id":"https:\/\/global-hookah.com\/product\/handmade-briar-bulldog-pipe\/","url":"https:\/\/global-hookah.com\/product\/handmade-briar-bulldog-pipe\/","name":"Handgefertigte Briar-Bulldog-Pfeife - Global Hookah","isPartOf":{"@id":"https:\/\/global-hookah.com\/#website"},"primaryImageOfPage":{"@id":"https:\/\/global-hookah.com\/product\/handmade-briar-bulldog-pipe\/#primaryimage"},"image":{"@id":"https:\/\/global-hookah.com\/product\/handmade-briar-bulldog-pipe\/#primaryimage"},"thumbnailUrl":"https:\/\/global-hookah.com\/wp-content\/uploads\/2023\/11\/Premium-Wood-Bulldog-Pipe-3mm-Filter-Flue-Retro-Gentleman-Portable-Small-Handmade-Smoking-Pipe-Accessory.webp","datePublished":"2023-11-16T01:43:39+00:00","dateModified":"2024-01-21T08:47:22+00:00","breadcrumb":{"@id":"https:\/\/global-hookah.com\/product\/handmade-briar-bulldog-pipe\/#breadcrumb"},"inLanguage":"de","potentialAction":[{"@type":"ReadAction","target":["https:\/\/global-hookah.com\/product\/handmade-briar-bulldog-pipe\/"]}]},{"@type":"ImageObject","inLanguage":"de","@id":"https:\/\/global-hookah.com\/product\/handmade-briar-bulldog-pipe\/#primaryimage","url":"https:\/\/global-hookah.com\/wp-content\/uploads\/2023\/11\/Premium-Wood-Bulldog-Pipe-3mm-Filter-Flue-Retro-Gentleman-Portable-Small-Handmade-Smoking-Pipe-Accessory.webp","contentUrl":"https:\/\/global-hookah.com\/wp-content\/uploads\/2023\/11\/Premium-Wood-Bulldog-Pipe-3mm-Filter-Flue-Retro-Gentleman-Portable-Small-Handmade-Smoking-Pipe-Accessory.webp","width":800,"height":800,"caption":"Handmade Briar Bulldog Pipe"},{"@type":"BreadcrumbList","@id":"https:\/\/global-hookah.com\/product\/handmade-briar-bulldog-pipe\/#breadcrumb","itemListElement":[{"@type":"ListItem","position":1,"name":"Home","item":"https:\/\/global-hookah.com\/"},{"@type":"ListItem","position":2,"name":"Shop","item":"https:\/\/global-hookah.com\/shop\/"},{"@type":"ListItem","position":3,"name":"Handmade Briar Bulldog Pipe"}]},{"@type":"WebSite","@id":"https:\/\/global-hookah.com\/#website","url":"https:\/\/global-hookah.com\/","name":"Globale Wasserpfeife","description":"Globale Wasserpfeife","publisher":{"@id":"https:\/\/global-hookah.com\/#organization"},"potentialAction":[{"@type":"SearchAction","target":{"@type":"EntryPoint","urlTemplate":"https:\/\/global-hookah.com\/?s={search_term_string}"},"query-input":{"@type":"PropertyValueSpecification","valueRequired":true,"valueName":"search_term_string"}}],"inLanguage":"de"},{"@type":"Organization","@id":"https:\/\/global-hookah.com\/#organization","name":"Globale Wasserpfeife","url":"https:\/\/global-hookah.com\/","logo":{"@type":"ImageObject","inLanguage":"de","@id":"https:\/\/global-hookah.com\/#\/schema\/logo\/image\/","url":"https:\/\/global-hookah.com\/wp-content\/uploads\/2021\/10\/cropped-fgg.png","contentUrl":"https:\/\/global-hookah.com\/wp-content\/uploads\/2021\/10\/cropped-fgg.png","width":512,"height":512,"caption":"Global Hookah"},"image":{"@id":"https:\/\/global-hookah.com\/#\/schema\/logo\/image\/"}}]}},"_links":{"self":[{"href":"https:\/\/global-hookah.com\/de\/wp-json\/wp\/v2\/product\/15942","targetHints":{"allow":["GET"]}}],"collection":[{"href":"https:\/\/global-hookah.com\/de\/wp-json\/wp\/v2\/product"}],"about":[{"href":"https:\/\/global-hookah.com\/de\/wp-json\/wp\/v2\/types\/product"}],"replies":[{"embeddable":true,"href":"https:\/\/global-hookah.com\/de\/wp-json\/wp\/v2\/comments?post=15942"}],"version-history":[{"count":0,"href":"https:\/\/global-hookah.com\/de\/wp-json\/wp\/v2\/product\/15942\/revisions"}],"wp:featuredmedia":[{"embeddable":true,"href":"https:\/\/global-hookah.com\/de\/wp-json\/wp\/v2\/media\/15943"}],"wp:attachment":[{"href":"https:\/\/global-hookah.com\/de\/wp-json\/wp\/v2\/media?parent=15942"}],"wp:term":[{"taxonomy":"product_brand","embeddable":true,"href":"https:\/\/global-hookah.com\/de\/wp-json\/wp\/v2\/product_brand?post=15942"},{"taxonomy":"product_cat","embeddable":true,"href":"https:\/\/global-hookah.com\/de\/wp-json\/wp\/v2\/product_cat?post=15942"},{"taxonomy":"product_tag","embeddable":true,"href":"https:\/\/global-hookah.com\/de\/wp-json\/wp\/v2\/product_tag?post=15942"}],"curies":[{"name":"wp","href":"https:\/\/api.w.org\/{rel}","templated":true}]}}