{"id":15989,"date":"2023-11-16T02:01:47","date_gmt":"2023-11-16T02:01:47","guid":{"rendered":"https:\/\/global-hookah.com\/product\/black-engraved-handmade-churchwarden-pipe\/"},"modified":"2023-11-30T05:50:12","modified_gmt":"2023-11-30T05:50:12","slug":"black-engraved-handmade-churchwarden-pipe","status":"publish","type":"product","link":"https:\/\/global-hookah.com\/de\/produkt\/black-engraved-handmade-churchwarden-pipe\/","title":{"rendered":"Schwarz gravierte handgefertigte Kirchendienerpfeife"},"content":{"rendered":"<div class=\"product-specs-list-container\">\n<ul class=\"product-specs-list util-clearfix\">\n<li class=\"product-prop line-limit-length\">Unser <strong>Handgefertigte Kirchenvorsteherpfeife<\/strong> wurde mehrfach von Hand geschliffen und poliert, um die exquisite Maserung des Bruy\u00e8reholzes perfekt zur Geltung zu bringen. In diesem Stadium verbringt unser Pfeifenmeister mehrere Stunden mit mehreren Schleif- und Poliervorg\u00e4ngen, so dass die Pfeife von gro\u00dfem k\u00fcnstlerischen Wert ist.<strong>Handgefertigte Kirchenvorsteherpfeife<\/strong> wird aus hochwertigem Bruy\u00e8reholz hergestellt, das aus den Wurzeln des mediterranen Heidekrautstrauchs geschnitten und in mehreren Schritten verarbeitet wird. Es ist genau dieses Premium-Holz, das Ihnen einen k\u00fchlen, angenehmen Rauch beschert. Au\u00dferdem k\u00f6nnen Sie es beim Rauchen erleben. F\u00fcr einen gleichm\u00e4\u00dfigen Abbrand und ein seidenweiches Gef\u00fchl\n<p>Umfangreiche Zubeh\u00f6rauswahl: Die gravierte Churchwarden Pipe wird von einer Vielzahl praktischer Extras begleitet, wie einer Metallkugel, einem 3-in-1-Pfeifenwerkzeug, einem Korkklopfer, einem Pfeifenst\u00e4nder und Tabakpfeifenfiltern. Ein komfortables und genussvolles Raucherlebnis ist mit diesem Gesamtpaket garantiert. <a href=\"https:\/\/global-hookah.com\/product-category\/tobacco-pipe\/handmade-pipe\/\">handgefertigter Pfeifenbausatz<\/a>.<\/p>\n<p>Eigenschaften<\/p>\n<p>-ist von Natur aus feuer- und hitzebest\u00e4ndig<br \/>\n-absorbiert gut Feuchtigkeit<br \/>\n- Altert gut mit der Zeit<br \/>\n- Verleiht dem Rauch keine zus\u00e4tzlichen Aromen<br \/>\n- Ist sch\u00f6n, wenn es poliert ist.<\/li>\n<li class=\"product-prop line-limit-length\"><span class=\"property-title\">Modellnummer:\u00a0<\/span><span class=\"property-desc line-limit-length\">aa00320s3w1h<\/span><\/li>\n<\/ul>\n<\/div>\n<p><img decoding=\"async\" src=\"https:\/\/ae01.alicdn.com\/kf\/S4bb8ff324dcd4902974716bc83b9308aV.jpg\" \/><\/p>\n<p><img decoding=\"async\" src=\"https:\/\/ae01.alicdn.com\/kf\/Sc466e0a8329c46c584696caadd16c1ccf.jpg\" \/><img decoding=\"async\" src=\"https:\/\/ae01.alicdn.com\/kf\/Sc3b1bd06142d4854bff1d75b3fec3ae0a.jpg\" \/><img decoding=\"async\" src=\"https:\/\/ae01.alicdn.com\/kf\/Sb54c3805ed2e40d4b814a3ed7efe2f98S.jpg\" \/><img decoding=\"async\" src=\"https:\/\/ae01.alicdn.com\/kf\/Saa3d71f691a64d7ebcace4ece420f522I.jpg\" \/><img decoding=\"async\" src=\"https:\/\/ae01.alicdn.com\/kf\/Saa5c474073a242d19a55c51be067f43dl.jpg\" \/><img decoding=\"async\" src=\"https:\/\/ae01.alicdn.com\/kf\/Sd9bbe15bc44445689c05de4eb41f208bF.jpg\" \/><img decoding=\"async\" src=\"https:\/\/ae01.alicdn.com\/kf\/Sea062d41078a4257826ce1a1ab566360M.jpg\" \/><\/p>","protected":false},"excerpt":{"rendered":"<p>Unsere handgefertigte Churchwarden-Pfeife wurde mehrfach von Hand bearbeitet und poliert, um die exquisite Maserung des Bruy\u00e8reholzes perfekt zur Geltung zu bringen. Unter<\/p>","protected":false},"featured_media":15990,"comment_status":"open","ping_status":"closed","template":"","meta":{"iawp_total_views":2,"_joinchat":[]},"product_brand":[],"product_cat":[478],"product_tag":[],"class_list":{"0":"post-15989","1":"product","2":"type-product","3":"status-publish","4":"has-post-thumbnail","6":"product_cat-handmade-pipe","8":"first","9":"instock","10":"sale","11":"shipping-taxable","12":"purchasable","13":"product-type-simple"},"yoast_head":"<!-- This site is optimized with the Yoast SEO Premium plugin v24.7 (Yoast SEO v26.8) - https:\/\/yoast.com\/product\/yoast-seo-premium-wordpress\/ -->\n<title>Black Engraved Handmade Churchwarden Pipe - Global Hookah<\/title>\n<meta name=\"robots\" content=\"index, follow, max-snippet:-1, max-image-preview:large, max-video-preview:-1\" \/>\n<link rel=\"canonical\" href=\"https:\/\/global-hookah.com\/de\/produkt\/black-engraved-handmade-churchwarden-pipe\/\" \/>\n<meta property=\"og:locale\" content=\"de_DE\" \/>\n<meta property=\"og:type\" content=\"article\" \/>\n<meta property=\"og:title\" content=\"Black Engraved Handmade Churchwarden Pipe\" \/>\n<meta property=\"og:description\" content=\"Our Handmade Churchwarden Pipe has been hand-finished and polished many times to perfectly highlight the exquisite briar wood grain. At\" \/>\n<meta property=\"og:url\" content=\"https:\/\/global-hookah.com\/de\/produkt\/black-engraved-handmade-churchwarden-pipe\/\" \/>\n<meta property=\"og:site_name\" content=\"Global Hookah\" \/>\n<meta property=\"article:modified_time\" content=\"2023-11-30T05:50:12+00:00\" \/>\n<meta property=\"og:image\" content=\"https:\/\/global-hookah.com\/wp-content\/uploads\/2023\/11\/Long-reading-pipe-briar-tobacco-pipe-soft-vulcanized-rubber-mouthpiece-black-carved-sandblasted-curved-handle-gift.webp\" \/>\n\t<meta property=\"og:image:width\" content=\"800\" \/>\n\t<meta property=\"og:image:height\" content=\"800\" \/>\n\t<meta property=\"og:image:type\" content=\"image\/webp\" \/>\n<meta name=\"twitter:card\" content=\"summary_large_image\" \/>\n<meta name=\"twitter:label1\" content=\"Gesch\u00e4tzte Lesezeit\" \/>\n\t<meta name=\"twitter:data1\" content=\"3\u00a0Minuten\" \/>\n<script type=\"application\/ld+json\" class=\"yoast-schema-graph\">{\"@context\":\"https:\/\/schema.org\",\"@graph\":[{\"@type\":\"WebPage\",\"@id\":\"https:\/\/global-hookah.com\/product\/black-engraved-handmade-churchwarden-pipe\/\",\"url\":\"https:\/\/global-hookah.com\/product\/black-engraved-handmade-churchwarden-pipe\/\",\"name\":\"Black Engraved Handmade Churchwarden Pipe - Global Hookah\",\"isPartOf\":{\"@id\":\"https:\/\/global-hookah.com\/#website\"},\"primaryImageOfPage\":{\"@id\":\"https:\/\/global-hookah.com\/product\/black-engraved-handmade-churchwarden-pipe\/#primaryimage\"},\"image\":{\"@id\":\"https:\/\/global-hookah.com\/product\/black-engraved-handmade-churchwarden-pipe\/#primaryimage\"},\"thumbnailUrl\":\"https:\/\/global-hookah.com\/wp-content\/uploads\/2023\/11\/Long-reading-pipe-briar-tobacco-pipe-soft-vulcanized-rubber-mouthpiece-black-carved-sandblasted-curved-handle-gift.webp\",\"datePublished\":\"2023-11-16T02:01:47+00:00\",\"dateModified\":\"2023-11-30T05:50:12+00:00\",\"breadcrumb\":{\"@id\":\"https:\/\/global-hookah.com\/product\/black-engraved-handmade-churchwarden-pipe\/#breadcrumb\"},\"inLanguage\":\"de\",\"potentialAction\":[{\"@type\":\"ReadAction\",\"target\":[\"https:\/\/global-hookah.com\/product\/black-engraved-handmade-churchwarden-pipe\/\"]}]},{\"@type\":\"ImageObject\",\"inLanguage\":\"de\",\"@id\":\"https:\/\/global-hookah.com\/product\/black-engraved-handmade-churchwarden-pipe\/#primaryimage\",\"url\":\"https:\/\/global-hookah.com\/wp-content\/uploads\/2023\/11\/Long-reading-pipe-briar-tobacco-pipe-soft-vulcanized-rubber-mouthpiece-black-carved-sandblasted-curved-handle-gift.webp\",\"contentUrl\":\"https:\/\/global-hookah.com\/wp-content\/uploads\/2023\/11\/Long-reading-pipe-briar-tobacco-pipe-soft-vulcanized-rubber-mouthpiece-black-carved-sandblasted-curved-handle-gift.webp\",\"width\":800,\"height\":800,\"caption\":\"Handmade Churchwarden Pipe\"},{\"@type\":\"BreadcrumbList\",\"@id\":\"https:\/\/global-hookah.com\/product\/black-engraved-handmade-churchwarden-pipe\/#breadcrumb\",\"itemListElement\":[{\"@type\":\"ListItem\",\"position\":1,\"name\":\"Home\",\"item\":\"https:\/\/global-hookah.com\/\"},{\"@type\":\"ListItem\",\"position\":2,\"name\":\"Shop\",\"item\":\"https:\/\/global-hookah.com\/shop\/\"},{\"@type\":\"ListItem\",\"position\":3,\"name\":\"Black Engraved Handmade Churchwarden Pipe\"}]},{\"@type\":\"WebSite\",\"@id\":\"https:\/\/global-hookah.com\/#website\",\"url\":\"https:\/\/global-hookah.com\/\",\"name\":\"Global Hookah\",\"description\":\"Global Hookah\",\"publisher\":{\"@id\":\"https:\/\/global-hookah.com\/#organization\"},\"potentialAction\":[{\"@type\":\"SearchAction\",\"target\":{\"@type\":\"EntryPoint\",\"urlTemplate\":\"https:\/\/global-hookah.com\/?s={search_term_string}\"},\"query-input\":{\"@type\":\"PropertyValueSpecification\",\"valueRequired\":true,\"valueName\":\"search_term_string\"}}],\"inLanguage\":\"de\"},{\"@type\":\"Organization\",\"@id\":\"https:\/\/global-hookah.com\/#organization\",\"name\":\"Global Hookah\",\"url\":\"https:\/\/global-hookah.com\/\",\"logo\":{\"@type\":\"ImageObject\",\"inLanguage\":\"de\",\"@id\":\"https:\/\/global-hookah.com\/#\/schema\/logo\/image\/\",\"url\":\"https:\/\/global-hookah.com\/wp-content\/uploads\/2021\/10\/cropped-fgg.png\",\"contentUrl\":\"https:\/\/global-hookah.com\/wp-content\/uploads\/2021\/10\/cropped-fgg.png\",\"width\":512,\"height\":512,\"caption\":\"Global Hookah\"},\"image\":{\"@id\":\"https:\/\/global-hookah.com\/#\/schema\/logo\/image\/\"}}]}<\/script>\n<!-- \/ Yoast SEO Premium plugin. -->","yoast_head_json":{"title":"Schwarz Gravierte Handgefertigte Kirchenpfeife - Global Hookah","robots":{"index":"index","follow":"follow","max-snippet":"max-snippet:-1","max-image-preview":"max-image-preview:large","max-video-preview":"max-video-preview:-1"},"canonical":"https:\/\/global-hookah.com\/de\/produkt\/black-engraved-handmade-churchwarden-pipe\/","og_locale":"de_DE","og_type":"article","og_title":"Black Engraved Handmade Churchwarden Pipe","og_description":"Our Handmade Churchwarden Pipe has been hand-finished and polished many times to perfectly highlight the exquisite briar wood grain. At","og_url":"https:\/\/global-hookah.com\/de\/produkt\/black-engraved-handmade-churchwarden-pipe\/","og_site_name":"Global Hookah","article_modified_time":"2023-11-30T05:50:12+00:00","og_image":[{"width":800,"height":800,"url":"https:\/\/global-hookah.com\/wp-content\/uploads\/2023\/11\/Long-reading-pipe-briar-tobacco-pipe-soft-vulcanized-rubber-mouthpiece-black-carved-sandblasted-curved-handle-gift.webp","type":"image\/webp"}],"twitter_card":"summary_large_image","twitter_misc":{"Gesch\u00e4tzte Lesezeit":"3\u00a0Minuten"},"schema":{"@context":"https:\/\/schema.org","@graph":[{"@type":"WebPage","@id":"https:\/\/global-hookah.com\/product\/black-engraved-handmade-churchwarden-pipe\/","url":"https:\/\/global-hookah.com\/product\/black-engraved-handmade-churchwarden-pipe\/","name":"Schwarz Gravierte Handgefertigte Kirchenpfeife - Global Hookah","isPartOf":{"@id":"https:\/\/global-hookah.com\/#website"},"primaryImageOfPage":{"@id":"https:\/\/global-hookah.com\/product\/black-engraved-handmade-churchwarden-pipe\/#primaryimage"},"image":{"@id":"https:\/\/global-hookah.com\/product\/black-engraved-handmade-churchwarden-pipe\/#primaryimage"},"thumbnailUrl":"https:\/\/global-hookah.com\/wp-content\/uploads\/2023\/11\/Long-reading-pipe-briar-tobacco-pipe-soft-vulcanized-rubber-mouthpiece-black-carved-sandblasted-curved-handle-gift.webp","datePublished":"2023-11-16T02:01:47+00:00","dateModified":"2023-11-30T05:50:12+00:00","breadcrumb":{"@id":"https:\/\/global-hookah.com\/product\/black-engraved-handmade-churchwarden-pipe\/#breadcrumb"},"inLanguage":"de","potentialAction":[{"@type":"ReadAction","target":["https:\/\/global-hookah.com\/product\/black-engraved-handmade-churchwarden-pipe\/"]}]},{"@type":"ImageObject","inLanguage":"de","@id":"https:\/\/global-hookah.com\/product\/black-engraved-handmade-churchwarden-pipe\/#primaryimage","url":"https:\/\/global-hookah.com\/wp-content\/uploads\/2023\/11\/Long-reading-pipe-briar-tobacco-pipe-soft-vulcanized-rubber-mouthpiece-black-carved-sandblasted-curved-handle-gift.webp","contentUrl":"https:\/\/global-hookah.com\/wp-content\/uploads\/2023\/11\/Long-reading-pipe-briar-tobacco-pipe-soft-vulcanized-rubber-mouthpiece-black-carved-sandblasted-curved-handle-gift.webp","width":800,"height":800,"caption":"Handmade Churchwarden Pipe"},{"@type":"BreadcrumbList","@id":"https:\/\/global-hookah.com\/product\/black-engraved-handmade-churchwarden-pipe\/#breadcrumb","itemListElement":[{"@type":"ListItem","position":1,"name":"Home","item":"https:\/\/global-hookah.com\/"},{"@type":"ListItem","position":2,"name":"Shop","item":"https:\/\/global-hookah.com\/shop\/"},{"@type":"ListItem","position":3,"name":"Black Engraved Handmade Churchwarden Pipe"}]},{"@type":"WebSite","@id":"https:\/\/global-hookah.com\/#website","url":"https:\/\/global-hookah.com\/","name":"Globale Wasserpfeife","description":"Globale Wasserpfeife","publisher":{"@id":"https:\/\/global-hookah.com\/#organization"},"potentialAction":[{"@type":"SearchAction","target":{"@type":"EntryPoint","urlTemplate":"https:\/\/global-hookah.com\/?s={search_term_string}"},"query-input":{"@type":"PropertyValueSpecification","valueRequired":true,"valueName":"search_term_string"}}],"inLanguage":"de"},{"@type":"Organization","@id":"https:\/\/global-hookah.com\/#organization","name":"Globale Wasserpfeife","url":"https:\/\/global-hookah.com\/","logo":{"@type":"ImageObject","inLanguage":"de","@id":"https:\/\/global-hookah.com\/#\/schema\/logo\/image\/","url":"https:\/\/global-hookah.com\/wp-content\/uploads\/2021\/10\/cropped-fgg.png","contentUrl":"https:\/\/global-hookah.com\/wp-content\/uploads\/2021\/10\/cropped-fgg.png","width":512,"height":512,"caption":"Global Hookah"},"image":{"@id":"https:\/\/global-hookah.com\/#\/schema\/logo\/image\/"}}]}},"_links":{"self":[{"href":"https:\/\/global-hookah.com\/de\/wp-json\/wp\/v2\/product\/15989","targetHints":{"allow":["GET"]}}],"collection":[{"href":"https:\/\/global-hookah.com\/de\/wp-json\/wp\/v2\/product"}],"about":[{"href":"https:\/\/global-hookah.com\/de\/wp-json\/wp\/v2\/types\/product"}],"replies":[{"embeddable":true,"href":"https:\/\/global-hookah.com\/de\/wp-json\/wp\/v2\/comments?post=15989"}],"version-history":[{"count":0,"href":"https:\/\/global-hookah.com\/de\/wp-json\/wp\/v2\/product\/15989\/revisions"}],"wp:featuredmedia":[{"embeddable":true,"href":"https:\/\/global-hookah.com\/de\/wp-json\/wp\/v2\/media\/15990"}],"wp:attachment":[{"href":"https:\/\/global-hookah.com\/de\/wp-json\/wp\/v2\/media?parent=15989"}],"wp:term":[{"taxonomy":"product_brand","embeddable":true,"href":"https:\/\/global-hookah.com\/de\/wp-json\/wp\/v2\/product_brand?post=15989"},{"taxonomy":"product_cat","embeddable":true,"href":"https:\/\/global-hookah.com\/de\/wp-json\/wp\/v2\/product_cat?post=15989"},{"taxonomy":"product_tag","embeddable":true,"href":"https:\/\/global-hookah.com\/de\/wp-json\/wp\/v2\/product_tag?post=15989"}],"curies":[{"name":"wp","href":"https:\/\/api.w.org\/{rel}","templated":true}]}}