{"id":16003,"date":"2023-11-16T02:03:43","date_gmt":"2023-11-16T02:03:43","guid":{"rendered":"https:\/\/global-hookah.com\/product\/mens-handmade-briar-pipes\/"},"modified":"2023-12-18T14:37:39","modified_gmt":"2023-12-18T14:37:39","slug":"mens-handmade-briar-pipes","status":"publish","type":"product","link":"https:\/\/global-hookah.com\/de\/produkt\/mens-handmade-briar-pipes\/","title":{"rendered":"Handgefertigte Briar-Pfeifen f\u00fcr M\u00e4nner"},"content":{"rendered":"<p>Ein schlanker Ring aus Buchsbaumholz ziert den Schaft und bildet einen eleganten Kontrast zur Schale aus Bruy\u00e8reholz. <strong>Handgefertigte Briar-Pfeifen f\u00fcr M\u00e4nner<\/strong> besteht aus einer glatt geschliffenen Petite Billiard-Schale aus fein gemasertem Bruy\u00e8reholz. Ein gl\u00e4nzendes goldenes Band umrandet den Buchsbaum-Akzent und verbindet das Farbschema. Aus dem Schaft ragt ein schwarzer Vulkanitstiel mit einem geraden Bit f\u00fcr klassisches Styling heraus. Diese <strong>Handgefertigte Briar-Pfeifen f\u00fcr M\u00e4nner<\/strong> kombiniert zierliche Proportionen mit handwerklichem Geschick f\u00fcr die perfekte Gr\u00f6\u00dfe zum Mitnehmen, w\u00e4hrend die gerade Billardform f\u00fcr hervorragende Balance und Zugkraft sorgt. Das Bruy\u00e8reholz hat eine satte braune Farbe und eine glatte nat\u00fcrliche Oberfl\u00e4che. Die Kollektion mit schwarzen Akzenten anstelle von Buchsbaum ist ebenfalls erh\u00e4ltlich.<\/p>\n<div class=\"product-specs-list-container\">\n<ul class=\"product-specs-list util-clearfix\">\n<li class=\"product-prop line-limit-length\"><span class=\"property-title\">Die Form:\u00a0<\/span><span class=\"property-desc line-limit-length\">Gerader Typ<\/span><\/li>\n<li class=\"product-prop line-limit-length\"><span class=\"property-title\">Modellnummer:\u00a0<\/span><span class=\"property-desc line-limit-length\">MA10006H1F1H<\/span><\/li>\n<li class=\"product-prop line-limit-length\"><span class=\"property-title\">Material: Briard-Holz+ Vulkanit<\/span><\/li>\n<li class=\"product-prop line-limit-length\"><span class=\"property-title\">Markenname:\u00a0<\/span><span class=\"property-desc line-limit-length\">MUXIANG<\/span><\/li>\n<li class=\"product-prop line-limit-length\">Art: <a href=\"https:\/\/global-hookah.com\/product-category\/tobacco-pipe\/handmade-pipe\/\">Handgefertigtes Rohr<\/a><\/li>\n<li>Handgefertigte Tabakspfeife aus Bruy\u00e8reholz, Fotos werden zur Best\u00e4tigung vor dem Versand gesendet<\/li>\n<\/ul>\n<\/div>\n<p><img decoding=\"async\" src=\"https:\/\/ae01.alicdn.com\/kf\/Sf1471be51b19466c97e72f04408a0035g.jpg\" \/><img decoding=\"async\" src=\"https:\/\/ae01.alicdn.com\/kf\/Sb707d3bb6c8a443ea7eac883637f3ad3O.png\" \/><img decoding=\"async\" src=\"https:\/\/ae01.alicdn.com\/kf\/S1a0fc18e8b934422b9633ca08382a568T.jpg\" \/><img decoding=\"async\" src=\"https:\/\/ae01.alicdn.com\/kf\/S9dc99383485d4340b7b4aa0915d6a2335.jpg\" \/><img decoding=\"async\" src=\"https:\/\/ae01.alicdn.com\/kf\/S78ef2c165eeb4ba185c81cd7beb45ca4v.jpg\" \/><img decoding=\"async\" src=\"https:\/\/ae01.alicdn.com\/kf\/S3a212b5936394cafb9e99beb4a2d247fh.jpg\" \/><img decoding=\"async\" src=\"https:\/\/ae01.alicdn.com\/kf\/S059be6d89dae4b00abf3169015170f57z.jpg\" \/><img decoding=\"async\" src=\"https:\/\/ae01.alicdn.com\/kf\/Sb35fdbd87c8741a7965ea11ab9dd0793J.jpg\" \/><img decoding=\"async\" src=\"https:\/\/ae01.alicdn.com\/kf\/S45301718ac15464a8f3bc7da32f46c30o.jpg\" \/><img decoding=\"async\" src=\"https:\/\/ae01.alicdn.com\/kf\/Sbe679fad9531495593c6b471e1d961d3G.jpg\" \/><img decoding=\"async\" src=\"https:\/\/ae01.alicdn.com\/kf\/Sf48efe41df0a4fd7931200b149891f65W.jpg\" \/><img decoding=\"async\" src=\"https:\/\/ae01.alicdn.com\/kf\/S17698c35bd554ab8bdbefae0c31e6ab9v.jpg\" \/><img decoding=\"async\" src=\"https:\/\/ae01.alicdn.com\/kf\/Sace35928703b48c78bf889ec45442664v.jpg\" \/><img decoding=\"async\" src=\"https:\/\/ae01.alicdn.com\/kf\/S69b800530c914cbfb5733a152d4b4bb7l.jpg\" \/><img decoding=\"async\" src=\"https:\/\/ae01.alicdn.com\/kf\/Sf7b7ee4d74434c669dee4f5554792dd71.jpg\" \/><img decoding=\"async\" src=\"https:\/\/ae01.alicdn.com\/kf\/S047b43ec2a0b4b3d90ef759e212850d28.jpg\" \/><img decoding=\"async\" src=\"https:\/\/ae01.alicdn.com\/kf\/Sf6864d16d0634c78b57dc3d1a3918da0r.jpg\" \/><img decoding=\"async\" src=\"https:\/\/ae01.alicdn.com\/kf\/S8fb4f1fc398e4f538ce5a19a5cb87822w.jpg\" \/><img decoding=\"async\" src=\"https:\/\/ae01.alicdn.com\/kf\/Seb1ff0b28ccb4e428efa638072b2cdf1J.jpg\" \/><img decoding=\"async\" src=\"https:\/\/ae01.alicdn.com\/kf\/S85ce29912a6f497890a3fdb107a1d003M.jpg\" \/><img decoding=\"async\" src=\"https:\/\/ae01.alicdn.com\/kf\/S8d17d4e6376547c5be629e4aa6a65e13M.jpg\" \/><img decoding=\"async\" src=\"https:\/\/ae01.alicdn.com\/kf\/S4e04c0916a2e42bb8638d46cadda28e3S.jpg\" \/><img decoding=\"async\" src=\"https:\/\/ae01.alicdn.com\/kf\/S89b87cd7c4e74f18abd1c854047364a2M.jpg\" \/><img decoding=\"async\" src=\"https:\/\/ae01.alicdn.com\/kf\/S37662be714e449e68bc2d9bc65da4f63p.jpg\" \/><img decoding=\"async\" src=\"https:\/\/ae01.alicdn.com\/kf\/S0beaa29de96a4de881e7e2bae72e758dr.jpg\" \/><\/p>","protected":false},"excerpt":{"rendered":"<p>Ein schlanker Ring aus Buchsbaumholz ziert den Schaft und bildet einen eleganten Kontrast zum Bruy\u00e8re-Kopf dieser handgefertigten Briar Pipes f\u00fcr M\u00e4nner.<\/p>","protected":false},"featured_media":16004,"comment_status":"open","ping_status":"closed","template":"","meta":{"iawp_total_views":0,"_joinchat":[]},"product_brand":[],"product_cat":[480,478],"product_tag":[],"class_list":{"0":"post-16003","1":"product","2":"type-product","3":"status-publish","4":"has-post-thumbnail","6":"product_cat-briar-pipe","7":"product_cat-handmade-pipe","9":"first","10":"instock","11":"sale","12":"shipping-taxable","13":"purchasable","14":"product-type-variable"},"yoast_head":"<!-- This site is optimized with the Yoast SEO Premium plugin v24.7 (Yoast SEO v26.8) - https:\/\/yoast.com\/product\/yoast-seo-premium-wordpress\/ -->\n<title>Men&#039;s Handmade Briar Pipes - Global Hookah<\/title>\n<meta name=\"robots\" content=\"index, follow, max-snippet:-1, max-image-preview:large, max-video-preview:-1\" \/>\n<link rel=\"canonical\" href=\"https:\/\/global-hookah.com\/de\/produkt\/mens-handmade-briar-pipes\/\" \/>\n<meta property=\"og:locale\" content=\"de_DE\" \/>\n<meta property=\"og:type\" content=\"article\" \/>\n<meta property=\"og:title\" content=\"Men&#039;s Handmade Briar Pipes\" \/>\n<meta property=\"og:description\" content=\"A slender boxwood ring adorns the shank, providing an elegant contrast to the briar bowl, this Men\u2019s Handmade Briar Pipes\" \/>\n<meta property=\"og:url\" content=\"https:\/\/global-hookah.com\/de\/produkt\/mens-handmade-briar-pipes\/\" \/>\n<meta property=\"og:site_name\" content=\"Global Hookah\" \/>\n<meta property=\"article:modified_time\" content=\"2023-12-18T14:37:39+00:00\" \/>\n<meta property=\"og:image\" content=\"https:\/\/global-hookah.com\/wp-content\/uploads\/2023\/11\/Briar-Tobacco-Pipe-Handmade-Briar-Pipe-With-Olive-Wood-Ring-Straight-Pipe-For-Men-Gift-Military.webp\" \/>\n\t<meta property=\"og:image:width\" content=\"1000\" \/>\n\t<meta property=\"og:image:height\" content=\"1000\" \/>\n\t<meta property=\"og:image:type\" content=\"image\/webp\" \/>\n<meta name=\"twitter:card\" content=\"summary_large_image\" \/>\n<meta name=\"twitter:label1\" content=\"Gesch\u00e4tzte Lesezeit\" \/>\n\t<meta name=\"twitter:data1\" content=\"6\u00a0Minuten\" \/>\n<script type=\"application\/ld+json\" class=\"yoast-schema-graph\">{\"@context\":\"https:\/\/schema.org\",\"@graph\":[{\"@type\":\"WebPage\",\"@id\":\"https:\/\/global-hookah.com\/product\/mens-handmade-briar-pipes\/\",\"url\":\"https:\/\/global-hookah.com\/product\/mens-handmade-briar-pipes\/\",\"name\":\"Men's Handmade Briar Pipes - Global Hookah\",\"isPartOf\":{\"@id\":\"https:\/\/global-hookah.com\/#website\"},\"primaryImageOfPage\":{\"@id\":\"https:\/\/global-hookah.com\/product\/mens-handmade-briar-pipes\/#primaryimage\"},\"image\":{\"@id\":\"https:\/\/global-hookah.com\/product\/mens-handmade-briar-pipes\/#primaryimage\"},\"thumbnailUrl\":\"https:\/\/global-hookah.com\/wp-content\/uploads\/2023\/11\/Briar-Tobacco-Pipe-Handmade-Briar-Pipe-With-Olive-Wood-Ring-Straight-Pipe-For-Men-Gift-Military.webp\",\"datePublished\":\"2023-11-16T02:03:43+00:00\",\"dateModified\":\"2023-12-18T14:37:39+00:00\",\"breadcrumb\":{\"@id\":\"https:\/\/global-hookah.com\/product\/mens-handmade-briar-pipes\/#breadcrumb\"},\"inLanguage\":\"de\",\"potentialAction\":[{\"@type\":\"ReadAction\",\"target\":[\"https:\/\/global-hookah.com\/product\/mens-handmade-briar-pipes\/\"]}]},{\"@type\":\"ImageObject\",\"inLanguage\":\"de\",\"@id\":\"https:\/\/global-hookah.com\/product\/mens-handmade-briar-pipes\/#primaryimage\",\"url\":\"https:\/\/global-hookah.com\/wp-content\/uploads\/2023\/11\/Briar-Tobacco-Pipe-Handmade-Briar-Pipe-With-Olive-Wood-Ring-Straight-Pipe-For-Men-Gift-Military.webp\",\"contentUrl\":\"https:\/\/global-hookah.com\/wp-content\/uploads\/2023\/11\/Briar-Tobacco-Pipe-Handmade-Briar-Pipe-With-Olive-Wood-Ring-Straight-Pipe-For-Men-Gift-Military.webp\",\"width\":1000,\"height\":1000,\"caption\":\"Men's Handmade Briar Pipes\"},{\"@type\":\"BreadcrumbList\",\"@id\":\"https:\/\/global-hookah.com\/product\/mens-handmade-briar-pipes\/#breadcrumb\",\"itemListElement\":[{\"@type\":\"ListItem\",\"position\":1,\"name\":\"Home\",\"item\":\"https:\/\/global-hookah.com\/\"},{\"@type\":\"ListItem\",\"position\":2,\"name\":\"Shop\",\"item\":\"https:\/\/global-hookah.com\/shop\/\"},{\"@type\":\"ListItem\",\"position\":3,\"name\":\"Men&#8217;s Handmade Briar Pipes\"}]},{\"@type\":\"WebSite\",\"@id\":\"https:\/\/global-hookah.com\/#website\",\"url\":\"https:\/\/global-hookah.com\/\",\"name\":\"Global Hookah\",\"description\":\"Global Hookah\",\"publisher\":{\"@id\":\"https:\/\/global-hookah.com\/#organization\"},\"potentialAction\":[{\"@type\":\"SearchAction\",\"target\":{\"@type\":\"EntryPoint\",\"urlTemplate\":\"https:\/\/global-hookah.com\/?s={search_term_string}\"},\"query-input\":{\"@type\":\"PropertyValueSpecification\",\"valueRequired\":true,\"valueName\":\"search_term_string\"}}],\"inLanguage\":\"de\"},{\"@type\":\"Organization\",\"@id\":\"https:\/\/global-hookah.com\/#organization\",\"name\":\"Global Hookah\",\"url\":\"https:\/\/global-hookah.com\/\",\"logo\":{\"@type\":\"ImageObject\",\"inLanguage\":\"de\",\"@id\":\"https:\/\/global-hookah.com\/#\/schema\/logo\/image\/\",\"url\":\"https:\/\/global-hookah.com\/wp-content\/uploads\/2021\/10\/cropped-fgg.png\",\"contentUrl\":\"https:\/\/global-hookah.com\/wp-content\/uploads\/2021\/10\/cropped-fgg.png\",\"width\":512,\"height\":512,\"caption\":\"Global Hookah\"},\"image\":{\"@id\":\"https:\/\/global-hookah.com\/#\/schema\/logo\/image\/\"}}]}<\/script>\n<!-- \/ Yoast SEO Premium plugin. -->","yoast_head_json":{"title":"Handgefertigte Briar-Pfeifen f\u00fcr M\u00e4nner - Global Hookah","robots":{"index":"index","follow":"follow","max-snippet":"max-snippet:-1","max-image-preview":"max-image-preview:large","max-video-preview":"max-video-preview:-1"},"canonical":"https:\/\/global-hookah.com\/de\/produkt\/mens-handmade-briar-pipes\/","og_locale":"de_DE","og_type":"article","og_title":"Men's Handmade Briar Pipes","og_description":"A slender boxwood ring adorns the shank, providing an elegant contrast to the briar bowl, this Men\u2019s Handmade Briar Pipes","og_url":"https:\/\/global-hookah.com\/de\/produkt\/mens-handmade-briar-pipes\/","og_site_name":"Global Hookah","article_modified_time":"2023-12-18T14:37:39+00:00","og_image":[{"width":1000,"height":1000,"url":"https:\/\/global-hookah.com\/wp-content\/uploads\/2023\/11\/Briar-Tobacco-Pipe-Handmade-Briar-Pipe-With-Olive-Wood-Ring-Straight-Pipe-For-Men-Gift-Military.webp","type":"image\/webp"}],"twitter_card":"summary_large_image","twitter_misc":{"Gesch\u00e4tzte Lesezeit":"6\u00a0Minuten"},"schema":{"@context":"https:\/\/schema.org","@graph":[{"@type":"WebPage","@id":"https:\/\/global-hookah.com\/product\/mens-handmade-briar-pipes\/","url":"https:\/\/global-hookah.com\/product\/mens-handmade-briar-pipes\/","name":"Handgefertigte Briar-Pfeifen f\u00fcr M\u00e4nner - Global Hookah","isPartOf":{"@id":"https:\/\/global-hookah.com\/#website"},"primaryImageOfPage":{"@id":"https:\/\/global-hookah.com\/product\/mens-handmade-briar-pipes\/#primaryimage"},"image":{"@id":"https:\/\/global-hookah.com\/product\/mens-handmade-briar-pipes\/#primaryimage"},"thumbnailUrl":"https:\/\/global-hookah.com\/wp-content\/uploads\/2023\/11\/Briar-Tobacco-Pipe-Handmade-Briar-Pipe-With-Olive-Wood-Ring-Straight-Pipe-For-Men-Gift-Military.webp","datePublished":"2023-11-16T02:03:43+00:00","dateModified":"2023-12-18T14:37:39+00:00","breadcrumb":{"@id":"https:\/\/global-hookah.com\/product\/mens-handmade-briar-pipes\/#breadcrumb"},"inLanguage":"de","potentialAction":[{"@type":"ReadAction","target":["https:\/\/global-hookah.com\/product\/mens-handmade-briar-pipes\/"]}]},{"@type":"ImageObject","inLanguage":"de","@id":"https:\/\/global-hookah.com\/product\/mens-handmade-briar-pipes\/#primaryimage","url":"https:\/\/global-hookah.com\/wp-content\/uploads\/2023\/11\/Briar-Tobacco-Pipe-Handmade-Briar-Pipe-With-Olive-Wood-Ring-Straight-Pipe-For-Men-Gift-Military.webp","contentUrl":"https:\/\/global-hookah.com\/wp-content\/uploads\/2023\/11\/Briar-Tobacco-Pipe-Handmade-Briar-Pipe-With-Olive-Wood-Ring-Straight-Pipe-For-Men-Gift-Military.webp","width":1000,"height":1000,"caption":"Men's Handmade Briar Pipes"},{"@type":"BreadcrumbList","@id":"https:\/\/global-hookah.com\/product\/mens-handmade-briar-pipes\/#breadcrumb","itemListElement":[{"@type":"ListItem","position":1,"name":"Home","item":"https:\/\/global-hookah.com\/"},{"@type":"ListItem","position":2,"name":"Shop","item":"https:\/\/global-hookah.com\/shop\/"},{"@type":"ListItem","position":3,"name":"Men&#8217;s Handmade Briar Pipes"}]},{"@type":"WebSite","@id":"https:\/\/global-hookah.com\/#website","url":"https:\/\/global-hookah.com\/","name":"Globale Wasserpfeife","description":"Globale Wasserpfeife","publisher":{"@id":"https:\/\/global-hookah.com\/#organization"},"potentialAction":[{"@type":"SearchAction","target":{"@type":"EntryPoint","urlTemplate":"https:\/\/global-hookah.com\/?s={search_term_string}"},"query-input":{"@type":"PropertyValueSpecification","valueRequired":true,"valueName":"search_term_string"}}],"inLanguage":"de"},{"@type":"Organization","@id":"https:\/\/global-hookah.com\/#organization","name":"Globale Wasserpfeife","url":"https:\/\/global-hookah.com\/","logo":{"@type":"ImageObject","inLanguage":"de","@id":"https:\/\/global-hookah.com\/#\/schema\/logo\/image\/","url":"https:\/\/global-hookah.com\/wp-content\/uploads\/2021\/10\/cropped-fgg.png","contentUrl":"https:\/\/global-hookah.com\/wp-content\/uploads\/2021\/10\/cropped-fgg.png","width":512,"height":512,"caption":"Global Hookah"},"image":{"@id":"https:\/\/global-hookah.com\/#\/schema\/logo\/image\/"}}]}},"_links":{"self":[{"href":"https:\/\/global-hookah.com\/de\/wp-json\/wp\/v2\/product\/16003","targetHints":{"allow":["GET"]}}],"collection":[{"href":"https:\/\/global-hookah.com\/de\/wp-json\/wp\/v2\/product"}],"about":[{"href":"https:\/\/global-hookah.com\/de\/wp-json\/wp\/v2\/types\/product"}],"replies":[{"embeddable":true,"href":"https:\/\/global-hookah.com\/de\/wp-json\/wp\/v2\/comments?post=16003"}],"version-history":[{"count":0,"href":"https:\/\/global-hookah.com\/de\/wp-json\/wp\/v2\/product\/16003\/revisions"}],"wp:featuredmedia":[{"embeddable":true,"href":"https:\/\/global-hookah.com\/de\/wp-json\/wp\/v2\/media\/16004"}],"wp:attachment":[{"href":"https:\/\/global-hookah.com\/de\/wp-json\/wp\/v2\/media?parent=16003"}],"wp:term":[{"taxonomy":"product_brand","embeddable":true,"href":"https:\/\/global-hookah.com\/de\/wp-json\/wp\/v2\/product_brand?post=16003"},{"taxonomy":"product_cat","embeddable":true,"href":"https:\/\/global-hookah.com\/de\/wp-json\/wp\/v2\/product_cat?post=16003"},{"taxonomy":"product_tag","embeddable":true,"href":"https:\/\/global-hookah.com\/de\/wp-json\/wp\/v2\/product_tag?post=16003"}],"curies":[{"name":"wp","href":"https:\/\/api.w.org\/{rel}","templated":true}]}}