{"id":16013,"date":"2023-11-16T02:04:34","date_gmt":"2023-11-16T02:04:34","guid":{"rendered":"https:\/\/global-hookah.com\/product\/italian-handmade-pipes\/"},"modified":"2023-11-16T02:04:37","modified_gmt":"2023-11-16T02:04:37","slug":"italian-handmade-pipes","status":"publish","type":"product","link":"https:\/\/global-hookah.com\/de\/produkt\/italian-handmade-pipes\/","title":{"rendered":"Handgemachte italienische Pfeifen"},"content":{"rendered":"<div class=\"product-specs-list-container\">\n<ul class=\"product-specs-list util-clearfix\">\n<li class=\"product-prop line-limit-length\"><span\n\t\t\t\t\t\t\t\t\tclass=\"property-title\">Die Form:&nbsp;<\/span><span\n\t\t\t\t\t\t\t\t\tclass=\"property-desc line-limit-length\">Gebogener Typ<\/span>\n\t\t\t\t\t\t<\/li>\n<li class=\"product-prop line-limit-length\"><span\n\t\t\t\t\t\t\t\t\tclass=\"property-title\">Modellnummer:&nbsp;<\/span><span\n\t\t\t\t\t\t\t\t\tclass=\"property-desc line-limit-length\">aa0166q\/aa0166s<\/span>\n\t\t\t\t\t\t<\/li>\n<li class=\"product-prop line-limit-length\"><span\n\t\t\t\t\t\t\t\t\tclass=\"property-title\">Material:&nbsp;<\/span><span\n\t\t\t\t\t\t\t\t\tclass=\"property-desc line-limit-length\">Holz<\/span>\n\t\t\t\t\t\t<\/li>\n<li class=\"product-prop line-limit-length\"><span\n\t\t\t\t\t\t\t\t\tclass=\"property-title\">Markenname:&nbsp;<\/span><span\n\t\t\t\t\t\t\t\t\tclass=\"property-desc line-limit-length\">MUXIANG<\/span>\n\t\t\t\t\t\t<\/li>\n<li class=\"product-prop line-limit-length\"><span\n\t\t\t\t\t\t\t\t\tclass=\"property-title\">Herkunft:&nbsp;<\/span><span\n\t\t\t\t\t\t\t\t\tclass=\"property-desc line-limit-length\">Festland China<\/span>\n\t\t\t\t\t\t<\/li>\n<li class=\"product-prop line-limit-length\"><span\n\t\t\t\t\t\t\t\t\tclass=\"property-title\">Material:&nbsp;<\/span><span\n\t\t\t\t\t\t\t\t\tclass=\"property-desc line-limit-length\">Dornbuschholz<\/span>\n\t\t\t\t\t\t<\/li>\n<li class=\"product-prop line-limit-length\"><span\n\t\t\t\t\t\t\t\t\tclass=\"property-title\">Filter:&nbsp;<\/span><span\n\t\t\t\t\t\t\t\t\tclass=\"property-desc line-limit-length\">3mm<\/span>\n\t\t\t\t\t\t<\/li>\n<li class=\"product-prop line-limit-length\"><span\n\t\t\t\t\t\t\t\t\tclass=\"property-title\">Schl\u00fcsselwort:&nbsp;<\/span><span\n\t\t\t\t\t\t\t\t\tclass=\"property-desc line-limit-length\">Tabakspfeife<\/span>\n\t\t\t\t\t\t<\/li>\n<li class=\"product-prop line-limit-length\"><span\n\t\t\t\t\t\t\t\t\tclass=\"property-title\">Schl\u00fcsselw\u00f6rter:&nbsp;<\/span><span\n\t\t\t\t\t\t\t\t\tclass=\"property-desc line-limit-length\">Pfeife zum Rauchen<\/span>\n\t\t\t\t\t\t<\/li>\n<\/ul><\/div>\n<p><\/p>\n<p>\u3010Hochwertige Briarholz-Rauchpfeife\u3011<\/p>\n<p><\/p>\n<p>\u25cf Handgefertigt aus italienischem Briarwood der Spitzenklasse<\/p>\n<p>\u25cf Gebogene Bauform<\/p>\n<p>\u25cf Schnelle Versandmethode<\/p>\n<p>\u3010Produktinformation\u3011<\/p>\n<p><\/p>\n<p>-[ Material-Briarwood-Pfeife]<\/p>\n<p>\u25cf PIPE BODY:100% Briarwood<\/p>\n<p>\u25cf MOUTHPIECE MATERIAL:Hochwertige Lebensmittelqualit\u00e4t Acryl Materialien.<\/p>\n<p><\/p>\n<p>-[ FARBE ]:Wie auf dem Bild zu sehen.<\/p>\n<p>\u25cfEs kann einige Unterschiede zwischen der tats\u00e4chlichen Farbe und dem Bild aufgrund der unterschiedlichen Aufnahme Beleuchtung und Produktionsprozess sein!!!<\/p>\n<p>\u3010Produkt Details\u3011<\/p>\n<p><\/p>\n<p>\u3010Preset Carbon Layer\u3011<\/p>\n<p><\/p>\n<p>Die schwarze Kohlenstoffschicht im Inneren des Rohres ist die voreingestellte Kohlenstoffschicht, die die Rolle des Flammschutzes, der W\u00e4rmed\u00e4mmung und des Rohrschutzes spielt.<\/p>\n<p><\/p>\n<p>\u3010Acryl-Mundst\u00fcck\u3011<\/p>\n<p><\/p>\n<p>Lebensmittelechtes Material, sicher und gesch\u00fctzt, bequemer zu tragen<\/p>\n<p><\/p>\n<p>Geeignet f\u00fcr aktive Filter.<\/p>\n<p><\/p>\n<p>Hinweis: Es handelt sich um reine Handarbeit, <\/p>\n<p>Das Produkt weist je nach Farbe des Rohmaterials Farbunterschiede auf, <\/p>\n<p>Achten Sie darauf, nicht zu schie\u00dfen, gibt es eine 1-2cm Fehler in der manuellen Messung der Produktgr\u00f6\u00dfe<\/p>\n<p>Briar ist ein Holz, ein steinerner Baum, der im Mittelmeerraum w\u00e4chst, und seine mehrj\u00e4hrigen Wurzelknollen eignen sich am besten f\u00fcr Rohre. <\/p>\n<p>Diese Art von Wurzelmaterial ist recht hartes Holz, und das Bruy\u00e8reholz selbst hat die Funktion, Wasser zu absorbieren, <\/p>\n<p>die das Wasser im Tabak vollst\u00e4ndig absorbieren k\u00f6nnen, ohne den Geschmack des Tabaks zu beeintr\u00e4chtigen.<\/p>\n<p>Seit 1850 ist Bruy\u00e8reholz das beliebteste Material f\u00fcr die Herstellung von Pfeifen geworden, <\/p>\n<p>weil es sch\u00f6n und haltbar ist, eine sch\u00f6ne Holzmaserung hat, hitzebest\u00e4ndig ist und Wasser absorbiert. Nach Jahren der Praxis und Erforschung, <\/p>\n<p>ist es das Holz mit der besten Wirkung f\u00fcr die Herstellung von Pfeifen geworden. Der \u00fcberwiegende Teil des Bruy\u00e8reholzes, das heute zur Herstellung von Pfeifen verwendet wird, stammt aus Italien, <\/p>\n<p>Frankreich, Griechenland, Korsika und Spanien. <\/p>\n<p>Albanien und Algerien wurden fr\u00fcher als weitere Quellen f\u00fcr Bruy\u00e8re genannt, aber die heutige internationale Situation macht es unm\u00f6glich, Bruy\u00e8re in diesen Gebieten anzubauen, <\/p>\n<p>denn die Gefahren sind \u00fcberall.<\/p>\n<p>Briar hat nur eine Quelle, die robuste Baum, wissenschaftlich gesprochen, ein d\u00fcnner Strauch, 15-25 Meter hoch, in der Regel auf die schroffe, felsige gefunden,<\/p>\n<p> bewachsenen Ufern des Mittelmeers. Keine gef\u00e4hrdete Art. Es ist jedoch nicht der Baum selbst, der f\u00fcr die Pfeifenherstellung verwendet wird, <\/p>\n<p>aber die h\u00e4rtesten Wurzelknollen des Baumes werden getrocknet und in Profile oder Bl\u00f6cke geschnitten, um ein Rohr herzustellen.<\/p>\n<p>Viele hochwertige Pfeifen werden aus korsischem Bruy\u00e8re geschnitzt, das die feine Maserung des griechischen Bruy\u00e8re hat, aber weniger dicht ist. eigentlich, <\/p>\n<p>w\u00e4hrend der Kriegszeit in den 1940er Jahren, als Bruy\u00e8re schwer zu bekommen war, <\/p>\n<p>Der korsische Nanmu wurde zur gleichen Zeit wie der algerische Nanmu f\u00fcr Pfeifen verwendet, da sie sich in vielen Aspekten des Materials sehr \u00e4hnlich waren, <\/p>\n<p>insbesondere in Bezug auf Dichte und Maserung.<img decoding=\"async\" src=\"https:\/\/ae01.alicdn.com\/kf\/S77b89f194f17452e92ecbf09b17602768.jpg\" slate-data-type=\"image\"\/><img decoding=\"async\" src=\"https:\/\/ae01.alicdn.com\/kf\/S35b61a640a7d49e98bd3a9b459177f0eL.jpg\" slate-data-type=\"image\"\/><img decoding=\"async\" src=\"https:\/\/ae01.alicdn.com\/kf\/Sd47da97d20784335bab9e04763b704705.jpg\" slate-data-type=\"image\"\/><img decoding=\"async\" src=\"https:\/\/ae01.alicdn.com\/kf\/Sa554c50c9a294b678253f6606bb7b35bY.jpg\" slate-data-type=\"image\"\/><img decoding=\"async\" src=\"https:\/\/ae01.alicdn.com\/kf\/S8276842d0f584cacba909bd0688f6fffx.jpg\" slate-data-type=\"image\"\/><img decoding=\"async\" src=\"https:\/\/ae01.alicdn.com\/kf\/S00a5ae593e3a46f190c29ba5fdaee3a6y.jpg\" slate-data-type=\"image\"\/><img decoding=\"async\" src=\"https:\/\/ae01.alicdn.com\/kf\/S499a17e6a71e45a3973a99a95d0cb023O.jpg\" slate-data-type=\"image\"\/><img decoding=\"async\" src=\"https:\/\/ae01.alicdn.com\/kf\/Sfdf2cfce56944ee4827f7370f5b31b0dD.jpg\" slate-data-type=\"image\"\/><img decoding=\"async\" src=\"https:\/\/ae01.alicdn.com\/kf\/Sa4df62899ca14103b7b488a9e88ab7580.jpg\" slate-data-type=\"image\"\/><\/p>","protected":false},"excerpt":{"rendered":"<p>Form: Gebogener Typ Modellnummer: aa0166q\/aa0166s Material: Holz Markenname: MUXIANG Herkunft: Festland China Material: Briar Holz Filter: 3mm Stichwort: Tabakpfeife Stichworte: Pfeife zum Rauchen \u3010Hochwertige Briar<\/p>","protected":false},"featured_media":16014,"comment_status":"open","ping_status":"closed","template":"","meta":{"iawp_total_views":0,"_joinchat":[]},"product_brand":[],"product_cat":[478],"product_tag":[],"class_list":{"0":"post-16013","1":"product","2":"type-product","3":"status-publish","4":"has-post-thumbnail","6":"product_cat-handmade-pipe","8":"first","9":"instock","10":"sale","11":"shipping-taxable","12":"purchasable","13":"product-type-variable"},"yoast_head":"<!-- This site is optimized with the Yoast SEO Premium plugin v24.7 (Yoast SEO v26.8) - https:\/\/yoast.com\/product\/yoast-seo-premium-wordpress\/ -->\n<title>Italian Handmade Pipes - Global Hookah<\/title>\n<meta name=\"robots\" content=\"index, follow, max-snippet:-1, max-image-preview:large, max-video-preview:-1\" \/>\n<link rel=\"canonical\" href=\"https:\/\/global-hookah.com\/de\/produkt\/italian-handmade-pipes\/\" \/>\n<meta property=\"og:locale\" content=\"de_DE\" \/>\n<meta property=\"og:type\" content=\"article\" \/>\n<meta property=\"og:title\" content=\"Italian Handmade Pipes\" \/>\n<meta property=\"og:description\" content=\"Shape:&nbsp;Bent Type Model Number:&nbsp;aa0166q\/aa0166s Material:&nbsp;Wood Brand Name:&nbsp;MUXIANG Origin:&nbsp;Mainland China Material:&nbsp;Briar wood Filter:&nbsp;3mm Keyword:&nbsp;tobacco pipe Keywords:&nbsp;pipe for smoking \u3010High Quality Briar\" \/>\n<meta property=\"og:url\" content=\"https:\/\/global-hookah.com\/de\/produkt\/italian-handmade-pipes\/\" \/>\n<meta property=\"og:site_name\" content=\"Global Hookah\" \/>\n<meta property=\"article:modified_time\" content=\"2023-11-16T02:04:37+00:00\" \/>\n<meta property=\"og:image\" content=\"https:\/\/global-hookah.com\/wp-content\/uploads\/2023\/11\/High-grade-Quality-Briar-Tobacco-Pipe-Bent-Type-Smoking-Pipe-Handmade-Briar-Wood-Pipe-With-Accessory.webp\" \/>\n\t<meta property=\"og:image:width\" content=\"1000\" \/>\n\t<meta property=\"og:image:height\" content=\"1000\" \/>\n\t<meta property=\"og:image:type\" content=\"image\/webp\" \/>\n<meta name=\"twitter:card\" content=\"summary_large_image\" \/>\n<meta name=\"twitter:label1\" content=\"Gesch\u00e4tzte Lesezeit\" \/>\n\t<meta name=\"twitter:data1\" content=\"2\u00a0Minuten\" \/>\n<script type=\"application\/ld+json\" class=\"yoast-schema-graph\">{\"@context\":\"https:\/\/schema.org\",\"@graph\":[{\"@type\":\"WebPage\",\"@id\":\"https:\/\/global-hookah.com\/product\/italian-handmade-pipes\/\",\"url\":\"https:\/\/global-hookah.com\/product\/italian-handmade-pipes\/\",\"name\":\"Italian Handmade Pipes - Global Hookah\",\"isPartOf\":{\"@id\":\"https:\/\/global-hookah.com\/#website\"},\"primaryImageOfPage\":{\"@id\":\"https:\/\/global-hookah.com\/product\/italian-handmade-pipes\/#primaryimage\"},\"image\":{\"@id\":\"https:\/\/global-hookah.com\/product\/italian-handmade-pipes\/#primaryimage\"},\"thumbnailUrl\":\"https:\/\/global-hookah.com\/wp-content\/uploads\/2023\/11\/High-grade-Quality-Briar-Tobacco-Pipe-Bent-Type-Smoking-Pipe-Handmade-Briar-Wood-Pipe-With-Accessory.webp\",\"datePublished\":\"2023-11-16T02:04:34+00:00\",\"dateModified\":\"2023-11-16T02:04:37+00:00\",\"breadcrumb\":{\"@id\":\"https:\/\/global-hookah.com\/product\/italian-handmade-pipes\/#breadcrumb\"},\"inLanguage\":\"de\",\"potentialAction\":[{\"@type\":\"ReadAction\",\"target\":[\"https:\/\/global-hookah.com\/product\/italian-handmade-pipes\/\"]}]},{\"@type\":\"ImageObject\",\"inLanguage\":\"de\",\"@id\":\"https:\/\/global-hookah.com\/product\/italian-handmade-pipes\/#primaryimage\",\"url\":\"https:\/\/global-hookah.com\/wp-content\/uploads\/2023\/11\/High-grade-Quality-Briar-Tobacco-Pipe-Bent-Type-Smoking-Pipe-Handmade-Briar-Wood-Pipe-With-Accessory.webp\",\"contentUrl\":\"https:\/\/global-hookah.com\/wp-content\/uploads\/2023\/11\/High-grade-Quality-Briar-Tobacco-Pipe-Bent-Type-Smoking-Pipe-Handmade-Briar-Wood-Pipe-With-Accessory.webp\",\"width\":1000,\"height\":1000},{\"@type\":\"BreadcrumbList\",\"@id\":\"https:\/\/global-hookah.com\/product\/italian-handmade-pipes\/#breadcrumb\",\"itemListElement\":[{\"@type\":\"ListItem\",\"position\":1,\"name\":\"Home\",\"item\":\"https:\/\/global-hookah.com\/\"},{\"@type\":\"ListItem\",\"position\":2,\"name\":\"Shop\",\"item\":\"https:\/\/global-hookah.com\/shop\/\"},{\"@type\":\"ListItem\",\"position\":3,\"name\":\"Italian Handmade Pipes\"}]},{\"@type\":\"WebSite\",\"@id\":\"https:\/\/global-hookah.com\/#website\",\"url\":\"https:\/\/global-hookah.com\/\",\"name\":\"Global Hookah\",\"description\":\"Global Hookah\",\"publisher\":{\"@id\":\"https:\/\/global-hookah.com\/#organization\"},\"potentialAction\":[{\"@type\":\"SearchAction\",\"target\":{\"@type\":\"EntryPoint\",\"urlTemplate\":\"https:\/\/global-hookah.com\/?s={search_term_string}\"},\"query-input\":{\"@type\":\"PropertyValueSpecification\",\"valueRequired\":true,\"valueName\":\"search_term_string\"}}],\"inLanguage\":\"de\"},{\"@type\":\"Organization\",\"@id\":\"https:\/\/global-hookah.com\/#organization\",\"name\":\"Global Hookah\",\"url\":\"https:\/\/global-hookah.com\/\",\"logo\":{\"@type\":\"ImageObject\",\"inLanguage\":\"de\",\"@id\":\"https:\/\/global-hookah.com\/#\/schema\/logo\/image\/\",\"url\":\"https:\/\/global-hookah.com\/wp-content\/uploads\/2021\/10\/cropped-fgg.png\",\"contentUrl\":\"https:\/\/global-hookah.com\/wp-content\/uploads\/2021\/10\/cropped-fgg.png\",\"width\":512,\"height\":512,\"caption\":\"Global Hookah\"},\"image\":{\"@id\":\"https:\/\/global-hookah.com\/#\/schema\/logo\/image\/\"}}]}<\/script>\n<!-- \/ Yoast SEO Premium plugin. -->","yoast_head_json":{"title":"Handgefertigte italienische Pfeifen - Global Hookah","robots":{"index":"index","follow":"follow","max-snippet":"max-snippet:-1","max-image-preview":"max-image-preview:large","max-video-preview":"max-video-preview:-1"},"canonical":"https:\/\/global-hookah.com\/de\/produkt\/italian-handmade-pipes\/","og_locale":"de_DE","og_type":"article","og_title":"Italian Handmade Pipes","og_description":"Shape:&nbsp;Bent Type Model Number:&nbsp;aa0166q\/aa0166s Material:&nbsp;Wood Brand Name:&nbsp;MUXIANG Origin:&nbsp;Mainland China Material:&nbsp;Briar wood Filter:&nbsp;3mm Keyword:&nbsp;tobacco pipe Keywords:&nbsp;pipe for smoking \u3010High Quality Briar","og_url":"https:\/\/global-hookah.com\/de\/produkt\/italian-handmade-pipes\/","og_site_name":"Global Hookah","article_modified_time":"2023-11-16T02:04:37+00:00","og_image":[{"width":1000,"height":1000,"url":"https:\/\/global-hookah.com\/wp-content\/uploads\/2023\/11\/High-grade-Quality-Briar-Tobacco-Pipe-Bent-Type-Smoking-Pipe-Handmade-Briar-Wood-Pipe-With-Accessory.webp","type":"image\/webp"}],"twitter_card":"summary_large_image","twitter_misc":{"Gesch\u00e4tzte Lesezeit":"2\u00a0Minuten"},"schema":{"@context":"https:\/\/schema.org","@graph":[{"@type":"WebPage","@id":"https:\/\/global-hookah.com\/product\/italian-handmade-pipes\/","url":"https:\/\/global-hookah.com\/product\/italian-handmade-pipes\/","name":"Handgefertigte italienische Pfeifen - Global Hookah","isPartOf":{"@id":"https:\/\/global-hookah.com\/#website"},"primaryImageOfPage":{"@id":"https:\/\/global-hookah.com\/product\/italian-handmade-pipes\/#primaryimage"},"image":{"@id":"https:\/\/global-hookah.com\/product\/italian-handmade-pipes\/#primaryimage"},"thumbnailUrl":"https:\/\/global-hookah.com\/wp-content\/uploads\/2023\/11\/High-grade-Quality-Briar-Tobacco-Pipe-Bent-Type-Smoking-Pipe-Handmade-Briar-Wood-Pipe-With-Accessory.webp","datePublished":"2023-11-16T02:04:34+00:00","dateModified":"2023-11-16T02:04:37+00:00","breadcrumb":{"@id":"https:\/\/global-hookah.com\/product\/italian-handmade-pipes\/#breadcrumb"},"inLanguage":"de","potentialAction":[{"@type":"ReadAction","target":["https:\/\/global-hookah.com\/product\/italian-handmade-pipes\/"]}]},{"@type":"ImageObject","inLanguage":"de","@id":"https:\/\/global-hookah.com\/product\/italian-handmade-pipes\/#primaryimage","url":"https:\/\/global-hookah.com\/wp-content\/uploads\/2023\/11\/High-grade-Quality-Briar-Tobacco-Pipe-Bent-Type-Smoking-Pipe-Handmade-Briar-Wood-Pipe-With-Accessory.webp","contentUrl":"https:\/\/global-hookah.com\/wp-content\/uploads\/2023\/11\/High-grade-Quality-Briar-Tobacco-Pipe-Bent-Type-Smoking-Pipe-Handmade-Briar-Wood-Pipe-With-Accessory.webp","width":1000,"height":1000},{"@type":"BreadcrumbList","@id":"https:\/\/global-hookah.com\/product\/italian-handmade-pipes\/#breadcrumb","itemListElement":[{"@type":"ListItem","position":1,"name":"Home","item":"https:\/\/global-hookah.com\/"},{"@type":"ListItem","position":2,"name":"Shop","item":"https:\/\/global-hookah.com\/shop\/"},{"@type":"ListItem","position":3,"name":"Italian Handmade Pipes"}]},{"@type":"WebSite","@id":"https:\/\/global-hookah.com\/#website","url":"https:\/\/global-hookah.com\/","name":"Globale Wasserpfeife","description":"Globale Wasserpfeife","publisher":{"@id":"https:\/\/global-hookah.com\/#organization"},"potentialAction":[{"@type":"SearchAction","target":{"@type":"EntryPoint","urlTemplate":"https:\/\/global-hookah.com\/?s={search_term_string}"},"query-input":{"@type":"PropertyValueSpecification","valueRequired":true,"valueName":"search_term_string"}}],"inLanguage":"de"},{"@type":"Organization","@id":"https:\/\/global-hookah.com\/#organization","name":"Globale Wasserpfeife","url":"https:\/\/global-hookah.com\/","logo":{"@type":"ImageObject","inLanguage":"de","@id":"https:\/\/global-hookah.com\/#\/schema\/logo\/image\/","url":"https:\/\/global-hookah.com\/wp-content\/uploads\/2021\/10\/cropped-fgg.png","contentUrl":"https:\/\/global-hookah.com\/wp-content\/uploads\/2021\/10\/cropped-fgg.png","width":512,"height":512,"caption":"Global Hookah"},"image":{"@id":"https:\/\/global-hookah.com\/#\/schema\/logo\/image\/"}}]}},"_links":{"self":[{"href":"https:\/\/global-hookah.com\/de\/wp-json\/wp\/v2\/product\/16013","targetHints":{"allow":["GET"]}}],"collection":[{"href":"https:\/\/global-hookah.com\/de\/wp-json\/wp\/v2\/product"}],"about":[{"href":"https:\/\/global-hookah.com\/de\/wp-json\/wp\/v2\/types\/product"}],"replies":[{"embeddable":true,"href":"https:\/\/global-hookah.com\/de\/wp-json\/wp\/v2\/comments?post=16013"}],"version-history":[{"count":0,"href":"https:\/\/global-hookah.com\/de\/wp-json\/wp\/v2\/product\/16013\/revisions"}],"wp:featuredmedia":[{"embeddable":true,"href":"https:\/\/global-hookah.com\/de\/wp-json\/wp\/v2\/media\/16014"}],"wp:attachment":[{"href":"https:\/\/global-hookah.com\/de\/wp-json\/wp\/v2\/media?parent=16013"}],"wp:term":[{"taxonomy":"product_brand","embeddable":true,"href":"https:\/\/global-hookah.com\/de\/wp-json\/wp\/v2\/product_brand?post=16013"},{"taxonomy":"product_cat","embeddable":true,"href":"https:\/\/global-hookah.com\/de\/wp-json\/wp\/v2\/product_cat?post=16013"},{"taxonomy":"product_tag","embeddable":true,"href":"https:\/\/global-hookah.com\/de\/wp-json\/wp\/v2\/product_tag?post=16013"}],"curies":[{"name":"wp","href":"https:\/\/api.w.org\/{rel}","templated":true}]}}