{"id":16024,"date":"2023-11-16T02:05:50","date_gmt":"2023-11-16T02:05:50","guid":{"rendered":"https:\/\/global-hookah.com\/product\/heather-handmade-poker-pipe\/"},"modified":"2023-12-20T03:09:12","modified_gmt":"2023-12-20T03:09:12","slug":"heather-handmade-poker-pipe","status":"publish","type":"product","link":"https:\/\/global-hookah.com\/de\/produkt\/heather-handmade-poker-pipe\/","title":{"rendered":"Heather Handmade Pokerpfeife"},"content":{"rendered":"<p>Die Kunsthandwerker haben v\u00f6llige kreative Freiheit bei der Gestaltung der Rohre der Linie, was zu unverwechselbaren St\u00fccken wie diesem f\u00fchrt <strong>Handgemachte Pokerpfeife<\/strong>. Diese <strong>Handgefertigte gebogene Poker-Tabakpfeife<\/strong> verf\u00fcgt \u00fcber eine glatte, <strong>Gebogene Sch\u00fcrhakenform<\/strong> Die Schale ist fachm\u00e4nnisch aus sch\u00f6nem, geradfaserigem Bruy\u00e8reholz geschnitzt und verf\u00fcgt \u00fcber eine recht gro\u00dfe Kammerkapazit\u00e4t. Das Ganze ist in eine warme, walnussfarbene Beize gekleidet, die die sch\u00f6ne Maserung des Stummelholzes zur Geltung bringt. Die konisch zulaufende Schale und der l\u00e4ngliche Schaft wurden geschliffen und poliert, so dass die \u00fcppigen braunen Farben und die engen linearen Muster des Bruy\u00e8reholzes gut zur Geltung kommen. Aus dem Schaft ragt ein edler schwarzer Acryl-Sattelstiel heraus, dessen matte Textur einen sicheren Halt bietet. Die sanfte Biegung des Stiels sorgt f\u00fcr ein angenehmes Mundgef\u00fchl beim Rauchen und setzt gleichzeitig einen raffinierten Akzent auf die <strong>Hochwertige gebogene Holzpokerpfeifen<\/strong> minimalistische Form. Trotz des modernen, gebogenen Designs beh\u00e4lt diese Pfeife das k\u00fchle, raffinierte Styling bei, das die Poker-Form zu einem zeitlosen Klassiker macht.<\/p>\n<div class=\"product-specs-list-container\">\n<ul class=\"product-specs-list util-clearfix\">\n<li class=\"product-prop line-limit-length\"><span class=\"property-title\">Material: Briard-Holz+Acryl<\/span><\/li>\n<li class=\"product-prop line-limit-length\"><span class=\"property-title\">Modellnummer:\u00a0<\/span><span class=\"property-desc line-limit-length\">aa0275<\/span><\/li>\n<li>Die Form: Gebogener Poker<\/li>\n<li>Ausf\u00fchrung: Glatt<\/li>\n<li class=\"product-prop line-limit-length\"><a href=\"https:\/\/global-hookah.com\/product-category\/tobacco-pipe\/handmade-pipe\/\">Handgefertigte Tabakspfeife aus Bruy\u00e8re<\/a>Fotos werden vor dem Versand zur Best\u00e4tigung gesendet.<\/li>\n<\/ul>\n<\/div>\n<p><img decoding=\"async\" src=\"https:\/\/ae01.alicdn.com\/kf\/S24bbd2e9afad4c9087c635bd91ad5c2c8.jpg\" \/><img decoding=\"async\" src=\"https:\/\/ae01.alicdn.com\/kf\/S567f0e0fa59e4be7917004695bbd2d19t.jpg\" \/><img decoding=\"async\" src=\"https:\/\/ae01.alicdn.com\/kf\/S61429874669045119012940824df73a6m.jpg\" \/><img decoding=\"async\" src=\"https:\/\/ae01.alicdn.com\/kf\/Sdd0418ea97a54ae28a6f5c337d37bba72.jpg\" \/><img decoding=\"async\" src=\"https:\/\/ae01.alicdn.com\/kf\/S4cd5da31772846eabea2f700f8303019a.jpg\" \/><img decoding=\"async\" src=\"https:\/\/ae01.alicdn.com\/kf\/Sb72186a338224debb851de32456fe80dn.jpg\" \/><img decoding=\"async\" src=\"https:\/\/ae01.alicdn.com\/kf\/Sf24be1a00ece4ac2a156ea8515cff4a9f.jpg\" \/><img decoding=\"async\" src=\"https:\/\/ae01.alicdn.com\/kf\/S72cbe77deade4f58a1549cc0c00ba9efh.jpg\" \/><img decoding=\"async\" src=\"https:\/\/ae01.alicdn.com\/kf\/S348f064a88c945c190e5d5bc57f8cc98T.jpg\" \/><\/p>","protected":false},"excerpt":{"rendered":"<p>Die Kunsthandwerker haben bei der Gestaltung der Pfeifen der Linie v\u00f6llige kreative Freiheit, was zu unverwechselbaren St\u00fccken wie diesem Handmade Poker<\/p>","protected":false},"featured_media":16025,"comment_status":"open","ping_status":"closed","template":"","meta":{"iawp_total_views":2,"_joinchat":[]},"product_brand":[],"product_cat":[478],"product_tag":[],"class_list":{"0":"post-16024","1":"product","2":"type-product","3":"status-publish","4":"has-post-thumbnail","6":"product_cat-handmade-pipe","8":"first","9":"instock","10":"sale","11":"shipping-taxable","12":"purchasable","13":"product-type-variable"},"yoast_head":"<!-- This site is optimized with the Yoast SEO Premium plugin v24.7 (Yoast SEO v26.8) - https:\/\/yoast.com\/product\/yoast-seo-premium-wordpress\/ -->\n<title>Heather Handmade Poker Pipe - Global Hookah<\/title>\n<meta name=\"robots\" content=\"index, follow, max-snippet:-1, max-image-preview:large, max-video-preview:-1\" \/>\n<link rel=\"canonical\" href=\"https:\/\/global-hookah.com\/de\/produkt\/heather-handmade-poker-pipe\/\" \/>\n<meta property=\"og:locale\" content=\"de_DE\" \/>\n<meta property=\"og:type\" content=\"article\" \/>\n<meta property=\"og:title\" content=\"Heather Handmade Poker Pipe\" \/>\n<meta property=\"og:description\" content=\"The artisans are given complete creative freedom when shaping the line&#8217;s pipes, resulting in distinctive pieces like this Handmade Poker\" \/>\n<meta property=\"og:url\" content=\"https:\/\/global-hookah.com\/de\/produkt\/heather-handmade-poker-pipe\/\" \/>\n<meta property=\"og:site_name\" content=\"Global Hookah\" \/>\n<meta property=\"article:modified_time\" content=\"2023-12-20T03:09:12+00:00\" \/>\n<meta property=\"og:image\" content=\"https:\/\/global-hookah.com\/wp-content\/uploads\/2023\/11\/MUXIANG-handmade-briar-tobacco-pipe-small-pipe-beginner-gift-curved-handle-hammer-pipe-3mm-pipe-channel.webp\" \/>\n\t<meta property=\"og:image:width\" content=\"1000\" \/>\n\t<meta property=\"og:image:height\" content=\"1000\" \/>\n\t<meta property=\"og:image:type\" content=\"image\/webp\" \/>\n<meta name=\"twitter:card\" content=\"summary_large_image\" \/>\n<meta name=\"twitter:label1\" content=\"Gesch\u00e4tzte Lesezeit\" \/>\n\t<meta name=\"twitter:data1\" content=\"3\u00a0Minuten\" \/>\n<script type=\"application\/ld+json\" class=\"yoast-schema-graph\">{\"@context\":\"https:\/\/schema.org\",\"@graph\":[{\"@type\":\"WebPage\",\"@id\":\"https:\/\/global-hookah.com\/product\/heather-handmade-poker-pipe\/\",\"url\":\"https:\/\/global-hookah.com\/product\/heather-handmade-poker-pipe\/\",\"name\":\"Heather Handmade Poker Pipe - Global Hookah\",\"isPartOf\":{\"@id\":\"https:\/\/global-hookah.com\/#website\"},\"primaryImageOfPage\":{\"@id\":\"https:\/\/global-hookah.com\/product\/heather-handmade-poker-pipe\/#primaryimage\"},\"image\":{\"@id\":\"https:\/\/global-hookah.com\/product\/heather-handmade-poker-pipe\/#primaryimage\"},\"thumbnailUrl\":\"https:\/\/global-hookah.com\/wp-content\/uploads\/2023\/11\/MUXIANG-handmade-briar-tobacco-pipe-small-pipe-beginner-gift-curved-handle-hammer-pipe-3mm-pipe-channel.webp\",\"datePublished\":\"2023-11-16T02:05:50+00:00\",\"dateModified\":\"2023-12-20T03:09:12+00:00\",\"breadcrumb\":{\"@id\":\"https:\/\/global-hookah.com\/product\/heather-handmade-poker-pipe\/#breadcrumb\"},\"inLanguage\":\"de\",\"potentialAction\":[{\"@type\":\"ReadAction\",\"target\":[\"https:\/\/global-hookah.com\/product\/heather-handmade-poker-pipe\/\"]}]},{\"@type\":\"ImageObject\",\"inLanguage\":\"de\",\"@id\":\"https:\/\/global-hookah.com\/product\/heather-handmade-poker-pipe\/#primaryimage\",\"url\":\"https:\/\/global-hookah.com\/wp-content\/uploads\/2023\/11\/MUXIANG-handmade-briar-tobacco-pipe-small-pipe-beginner-gift-curved-handle-hammer-pipe-3mm-pipe-channel.webp\",\"contentUrl\":\"https:\/\/global-hookah.com\/wp-content\/uploads\/2023\/11\/MUXIANG-handmade-briar-tobacco-pipe-small-pipe-beginner-gift-curved-handle-hammer-pipe-3mm-pipe-channel.webp\",\"width\":1000,\"height\":1000,\"caption\":\"Handmade Poker Pipe\"},{\"@type\":\"BreadcrumbList\",\"@id\":\"https:\/\/global-hookah.com\/product\/heather-handmade-poker-pipe\/#breadcrumb\",\"itemListElement\":[{\"@type\":\"ListItem\",\"position\":1,\"name\":\"Home\",\"item\":\"https:\/\/global-hookah.com\/\"},{\"@type\":\"ListItem\",\"position\":2,\"name\":\"Shop\",\"item\":\"https:\/\/global-hookah.com\/shop\/\"},{\"@type\":\"ListItem\",\"position\":3,\"name\":\"Heather Handmade Poker Pipe\"}]},{\"@type\":\"WebSite\",\"@id\":\"https:\/\/global-hookah.com\/#website\",\"url\":\"https:\/\/global-hookah.com\/\",\"name\":\"Global Hookah\",\"description\":\"Global Hookah\",\"publisher\":{\"@id\":\"https:\/\/global-hookah.com\/#organization\"},\"potentialAction\":[{\"@type\":\"SearchAction\",\"target\":{\"@type\":\"EntryPoint\",\"urlTemplate\":\"https:\/\/global-hookah.com\/?s={search_term_string}\"},\"query-input\":{\"@type\":\"PropertyValueSpecification\",\"valueRequired\":true,\"valueName\":\"search_term_string\"}}],\"inLanguage\":\"de\"},{\"@type\":\"Organization\",\"@id\":\"https:\/\/global-hookah.com\/#organization\",\"name\":\"Global Hookah\",\"url\":\"https:\/\/global-hookah.com\/\",\"logo\":{\"@type\":\"ImageObject\",\"inLanguage\":\"de\",\"@id\":\"https:\/\/global-hookah.com\/#\/schema\/logo\/image\/\",\"url\":\"https:\/\/global-hookah.com\/wp-content\/uploads\/2021\/10\/cropped-fgg.png\",\"contentUrl\":\"https:\/\/global-hookah.com\/wp-content\/uploads\/2021\/10\/cropped-fgg.png\",\"width\":512,\"height\":512,\"caption\":\"Global Hookah\"},\"image\":{\"@id\":\"https:\/\/global-hookah.com\/#\/schema\/logo\/image\/\"}}]}<\/script>\n<!-- \/ Yoast SEO Premium plugin. -->","yoast_head_json":{"title":"Heather Handmade Poker Pipe - Global Hookah","robots":{"index":"index","follow":"follow","max-snippet":"max-snippet:-1","max-image-preview":"max-image-preview:large","max-video-preview":"max-video-preview:-1"},"canonical":"https:\/\/global-hookah.com\/de\/produkt\/heather-handmade-poker-pipe\/","og_locale":"de_DE","og_type":"article","og_title":"Heather Handmade Poker Pipe","og_description":"The artisans are given complete creative freedom when shaping the line&#8217;s pipes, resulting in distinctive pieces like this Handmade Poker","og_url":"https:\/\/global-hookah.com\/de\/produkt\/heather-handmade-poker-pipe\/","og_site_name":"Global Hookah","article_modified_time":"2023-12-20T03:09:12+00:00","og_image":[{"width":1000,"height":1000,"url":"https:\/\/global-hookah.com\/wp-content\/uploads\/2023\/11\/MUXIANG-handmade-briar-tobacco-pipe-small-pipe-beginner-gift-curved-handle-hammer-pipe-3mm-pipe-channel.webp","type":"image\/webp"}],"twitter_card":"summary_large_image","twitter_misc":{"Gesch\u00e4tzte Lesezeit":"3\u00a0Minuten"},"schema":{"@context":"https:\/\/schema.org","@graph":[{"@type":"WebPage","@id":"https:\/\/global-hookah.com\/product\/heather-handmade-poker-pipe\/","url":"https:\/\/global-hookah.com\/product\/heather-handmade-poker-pipe\/","name":"Heather Handmade Poker Pipe - Global Hookah","isPartOf":{"@id":"https:\/\/global-hookah.com\/#website"},"primaryImageOfPage":{"@id":"https:\/\/global-hookah.com\/product\/heather-handmade-poker-pipe\/#primaryimage"},"image":{"@id":"https:\/\/global-hookah.com\/product\/heather-handmade-poker-pipe\/#primaryimage"},"thumbnailUrl":"https:\/\/global-hookah.com\/wp-content\/uploads\/2023\/11\/MUXIANG-handmade-briar-tobacco-pipe-small-pipe-beginner-gift-curved-handle-hammer-pipe-3mm-pipe-channel.webp","datePublished":"2023-11-16T02:05:50+00:00","dateModified":"2023-12-20T03:09:12+00:00","breadcrumb":{"@id":"https:\/\/global-hookah.com\/product\/heather-handmade-poker-pipe\/#breadcrumb"},"inLanguage":"de","potentialAction":[{"@type":"ReadAction","target":["https:\/\/global-hookah.com\/product\/heather-handmade-poker-pipe\/"]}]},{"@type":"ImageObject","inLanguage":"de","@id":"https:\/\/global-hookah.com\/product\/heather-handmade-poker-pipe\/#primaryimage","url":"https:\/\/global-hookah.com\/wp-content\/uploads\/2023\/11\/MUXIANG-handmade-briar-tobacco-pipe-small-pipe-beginner-gift-curved-handle-hammer-pipe-3mm-pipe-channel.webp","contentUrl":"https:\/\/global-hookah.com\/wp-content\/uploads\/2023\/11\/MUXIANG-handmade-briar-tobacco-pipe-small-pipe-beginner-gift-curved-handle-hammer-pipe-3mm-pipe-channel.webp","width":1000,"height":1000,"caption":"Handmade Poker Pipe"},{"@type":"BreadcrumbList","@id":"https:\/\/global-hookah.com\/product\/heather-handmade-poker-pipe\/#breadcrumb","itemListElement":[{"@type":"ListItem","position":1,"name":"Home","item":"https:\/\/global-hookah.com\/"},{"@type":"ListItem","position":2,"name":"Shop","item":"https:\/\/global-hookah.com\/shop\/"},{"@type":"ListItem","position":3,"name":"Heather Handmade Poker Pipe"}]},{"@type":"WebSite","@id":"https:\/\/global-hookah.com\/#website","url":"https:\/\/global-hookah.com\/","name":"Globale Wasserpfeife","description":"Globale Wasserpfeife","publisher":{"@id":"https:\/\/global-hookah.com\/#organization"},"potentialAction":[{"@type":"SearchAction","target":{"@type":"EntryPoint","urlTemplate":"https:\/\/global-hookah.com\/?s={search_term_string}"},"query-input":{"@type":"PropertyValueSpecification","valueRequired":true,"valueName":"search_term_string"}}],"inLanguage":"de"},{"@type":"Organization","@id":"https:\/\/global-hookah.com\/#organization","name":"Globale Wasserpfeife","url":"https:\/\/global-hookah.com\/","logo":{"@type":"ImageObject","inLanguage":"de","@id":"https:\/\/global-hookah.com\/#\/schema\/logo\/image\/","url":"https:\/\/global-hookah.com\/wp-content\/uploads\/2021\/10\/cropped-fgg.png","contentUrl":"https:\/\/global-hookah.com\/wp-content\/uploads\/2021\/10\/cropped-fgg.png","width":512,"height":512,"caption":"Global Hookah"},"image":{"@id":"https:\/\/global-hookah.com\/#\/schema\/logo\/image\/"}}]}},"_links":{"self":[{"href":"https:\/\/global-hookah.com\/de\/wp-json\/wp\/v2\/product\/16024","targetHints":{"allow":["GET"]}}],"collection":[{"href":"https:\/\/global-hookah.com\/de\/wp-json\/wp\/v2\/product"}],"about":[{"href":"https:\/\/global-hookah.com\/de\/wp-json\/wp\/v2\/types\/product"}],"replies":[{"embeddable":true,"href":"https:\/\/global-hookah.com\/de\/wp-json\/wp\/v2\/comments?post=16024"}],"version-history":[{"count":0,"href":"https:\/\/global-hookah.com\/de\/wp-json\/wp\/v2\/product\/16024\/revisions"}],"wp:featuredmedia":[{"embeddable":true,"href":"https:\/\/global-hookah.com\/de\/wp-json\/wp\/v2\/media\/16025"}],"wp:attachment":[{"href":"https:\/\/global-hookah.com\/de\/wp-json\/wp\/v2\/media?parent=16024"}],"wp:term":[{"taxonomy":"product_brand","embeddable":true,"href":"https:\/\/global-hookah.com\/de\/wp-json\/wp\/v2\/product_brand?post=16024"},{"taxonomy":"product_cat","embeddable":true,"href":"https:\/\/global-hookah.com\/de\/wp-json\/wp\/v2\/product_cat?post=16024"},{"taxonomy":"product_tag","embeddable":true,"href":"https:\/\/global-hookah.com\/de\/wp-json\/wp\/v2\/product_tag?post=16024"}],"curies":[{"name":"wp","href":"https:\/\/api.w.org\/{rel}","templated":true}]}}