{"id":16035,"date":"2023-11-16T02:07:32","date_gmt":"2023-11-16T02:07:32","guid":{"rendered":"https:\/\/global-hookah.com\/product\/handmade-danish-pipes\/"},"modified":"2024-03-13T00:27:37","modified_gmt":"2024-03-13T00:27:37","slug":"danish-black-handmade-bulldog-pipe","status":"publish","type":"product","link":"https:\/\/global-hookah.com\/de\/produkt\/danish-black-handmade-bulldog-pipe\/","title":{"rendered":"D\u00e4nische Schwarze Handgemachte Bulldogge Pfeife"},"content":{"rendered":"<p><strong>Handgefertigte Bulldogge Pfeife<\/strong> aus dieser Linie zeichnet sich durch breite elfenbeinfarbene Akzentb\u00e4nder aus, die hier mit einer zerkl\u00fcfteten, dunkelschokoladenfarbenen Rustikalit\u00e4t kontrastieren. Diese<strong> zierliche Bulldogge Pfeife<\/strong> ist aus wundersch\u00f6n gemasertem, rustikalem Bruy\u00e8reholz gefertigt, das von Hand geschliffen wurde, um seine organischen Rillen und Unebenheiten zu erhalten. Aus dem aschfarbenen Bruy\u00e8reholz ragt ein spitz zulaufender Stiel aus farbigem Acryl mit einem auff\u00e4lligen Rautenmuster, das von Smaragd zu Saphir \u00fcberblendet. Dies sorgt f\u00fcr einen komfortablen Griff und Farbakzente. Trotz ihrer geringen Gr\u00f6\u00dfe fasst die konische Tabakschale den Rauch effektiv und ist gleichzeitig leicht zu tragen. Die <strong>Schwarze handgefertigte Bulldoggenpfeifen<\/strong> Der facettierte rhodische Schaft l\u00e4sst ihn leicht in eine Tasche gleiten, w\u00e4hrend die strukturierte Rustikalisierung f\u00fcr zus\u00e4tzlichen Halt sorgt. Eine kunstvolle Mischung aus nat\u00fcrlichen Bruy\u00e8re-Fehlern, Diamantstiel und Elfenbein-Details macht dieses <a href=\"https:\/\/global-hookah.com\/product-category\/tobacco-pipe\/handmade-pipe\/\">handgefertigte Pfeife<\/a> ein funktionelles Werk rustikaler Kunstfertigkeit.<\/p>\n<p>2 Sammlungen aus dieser Serie:<\/p>\n<ol>\n<li>Halb rustikale Bulldogge<\/li>\n<li>Voll rustizierte Bulldogge<\/li>\n<\/ol>\n<div class=\"product-specs-list-container\">\n<ul class=\"product-specs-list util-clearfix\">\n<li class=\"product-prop line-limit-length\"><span class=\"property-title\">Die Form:\u00a0<\/span><span class=\"property-desc line-limit-length\">Gerader Typ<\/span><\/li>\n<li>Ausf\u00fchrung: Glatt\/halb-rustikal<\/li>\n<li class=\"product-prop line-limit-length\"><span class=\"property-title\">Material: Briard-Holz+Acryl<\/span><\/li>\n<li class=\"product-prop line-limit-length\"><span class=\"property-title\">Herkunft:\u00a0<\/span><span class=\"property-desc line-limit-length\">Festland China<\/span><\/li>\n<li>Handgefertigte Tabakspfeife aus Bruy\u00e8reholz, Fotos werden zur Best\u00e4tigung vor dem Versand gesendet<\/li>\n<\/ul>\n<\/div>\n<div class=\"detailmodule_html\">\n<div class=\"detail-desc-decorate-richtext\">\n<p>\u00a0<img decoding=\"async\" class=\"desc-img-loaded\" style=\"box-sizing: border-box; text-size-adjust: 100%; -webkit-tap-highlight-color: transparent; margin: 0px; padding: 0px; outline: none; border: 0px; vertical-align: middle; max-width: 790px;\" src=\"https:\/\/ae01.alicdn.com\/kf\/S88029a11335b44f781a0474994152f34S.jpg?width=750&amp;height=945&amp;hash=1695\" alt=\"undefined\" data-lazyload-src=\"https:\/\/ae01.alicdn.com\/kf\/S88029a11335b44f781a0474994152f34S.jpg?width=750&amp;height=945&amp;hash=1695\" \/><img decoding=\"async\" class=\"desc-img-loaded\" style=\"box-sizing: border-box; text-size-adjust: 100%; -webkit-tap-highlight-color: transparent; margin: 0px; padding: 0px; outline: none; border: 0px; vertical-align: middle; max-width: 790px;\" src=\"https:\/\/ae01.alicdn.com\/kf\/S89f92150f2e7433bbff3fde7d12a3be94.jpg?width=750&amp;height=999&amp;hash=1749\" alt=\"undefined\" data-lazyload-src=\"https:\/\/ae01.alicdn.com\/kf\/S89f92150f2e7433bbff3fde7d12a3be94.jpg?width=750&amp;height=999&amp;hash=1749\" \/><img decoding=\"async\" class=\"desc-img-loaded\" style=\"box-sizing: border-box; text-size-adjust: 100%; -webkit-tap-highlight-color: transparent; margin: 0px; padding: 0px; outline: none; border: 0px; vertical-align: middle; max-width: 790px;\" src=\"https:\/\/ae01.alicdn.com\/kf\/Sab9680bf963f4e4088dbfc60f66a8c00I.jpg?width=750&amp;height=1087&amp;hash=1837\" alt=\"undefined\" data-lazyload-src=\"https:\/\/ae01.alicdn.com\/kf\/Sab9680bf963f4e4088dbfc60f66a8c00I.jpg?width=750&amp;height=1087&amp;hash=1837\" \/><img decoding=\"async\" class=\"desc-img-loaded\" style=\"box-sizing: border-box; text-size-adjust: 100%; -webkit-tap-highlight-color: transparent; margin: 0px; padding: 0px; outline: none; border: 0px; vertical-align: middle; max-width: 790px;\" src=\"https:\/\/ae01.alicdn.com\/kf\/S2cdc7d36ecf140df8a059b598663bf27b.jpg?width=750&amp;height=1119&amp;hash=1869\" alt=\"undefined\" data-lazyload-src=\"https:\/\/ae01.alicdn.com\/kf\/S2cdc7d36ecf140df8a059b598663bf27b.jpg?width=750&amp;height=1119&amp;hash=1869\" \/><img decoding=\"async\" class=\"desc-img-loaded\" style=\"box-sizing: border-box; text-size-adjust: 100%; -webkit-tap-highlight-color: transparent; margin: 0px; padding: 0px; outline: none; border: 0px; vertical-align: middle; max-width: 790px;\" src=\"https:\/\/ae01.alicdn.com\/kf\/S4e483fbeb9124128b5cf03e81de6680fv.jpg?width=750&amp;height=1123&amp;hash=1873\" alt=\"undefined\" data-lazyload-src=\"https:\/\/ae01.alicdn.com\/kf\/S4e483fbeb9124128b5cf03e81de6680fv.jpg?width=750&amp;height=1123&amp;hash=1873\" \/><img decoding=\"async\" class=\"desc-img-loaded\" style=\"box-sizing: border-box; text-size-adjust: 100%; -webkit-tap-highlight-color: transparent; margin: 0px; padding: 0px; outline: none; border: 0px; vertical-align: middle; max-width: 790px;\" src=\"https:\/\/ae01.alicdn.com\/kf\/S00c0a1b5a95541e3b3fa8a0b558d30f6R.jpg?width=750&amp;height=902&amp;hash=1652\" alt=\"undefined\" data-lazyload-src=\"https:\/\/ae01.alicdn.com\/kf\/S00c0a1b5a95541e3b3fa8a0b558d30f6R.jpg?width=750&amp;height=902&amp;hash=1652\" \/><img decoding=\"async\" class=\"desc-img-loaded\" style=\"box-sizing: border-box; text-size-adjust: 100%; -webkit-tap-highlight-color: transparent; margin: 0px; padding: 0px; outline: none; border: 0px; vertical-align: middle; max-width: 790px;\" src=\"https:\/\/ae01.alicdn.com\/kf\/S8a98c56aee9d46b485b6df28e9ff7ad8J.jpg?width=750&amp;height=591&amp;hash=1341\" alt=\"undefined\" data-lazyload-src=\"https:\/\/ae01.alicdn.com\/kf\/S8a98c56aee9d46b485b6df28e9ff7ad8J.jpg?width=750&amp;height=591&amp;hash=1341\" \/><img decoding=\"async\" class=\"desc-img-loaded\" style=\"box-sizing: border-box; text-size-adjust: 100%; -webkit-tap-highlight-color: transparent; margin: 0px; padding: 0px; outline: none; border: 0px; vertical-align: middle; max-width: 790px;\" src=\"https:\/\/ae01.alicdn.com\/kf\/S78e994a0e0ae4c73aa178cccde52d967D.jpg?width=750&amp;height=661&amp;hash=1411\" alt=\"undefined\" data-lazyload-src=\"https:\/\/ae01.alicdn.com\/kf\/S78e994a0e0ae4c73aa178cccde52d967D.jpg?width=750&amp;height=661&amp;hash=1411\" \/><img decoding=\"async\" class=\"desc-img-loaded\" style=\"box-sizing: border-box; text-size-adjust: 100%; -webkit-tap-highlight-color: transparent; margin: 0px; padding: 0px; outline: none; border: 0px; vertical-align: middle; max-width: 790px;\" src=\"https:\/\/ae01.alicdn.com\/kf\/Sb02739e378e94563b14c65fd5aa71e36Q.jpg?width=750&amp;height=603&amp;hash=1353\" alt=\"undefined\" data-lazyload-src=\"https:\/\/ae01.alicdn.com\/kf\/Sb02739e378e94563b14c65fd5aa71e36Q.jpg?width=750&amp;height=603&amp;hash=1353\" \/><img decoding=\"async\" class=\"desc-img-loaded\" style=\"box-sizing: border-box; text-size-adjust: 100%; -webkit-tap-highlight-color: transparent; margin: 0px; padding: 0px; outline: none; border: 0px; vertical-align: middle; max-width: 790px;\" src=\"https:\/\/ae01.alicdn.com\/kf\/S9d7608410f874bd5b93741df0191217fa.jpg?width=750&amp;height=593&amp;hash=1343\" alt=\"undefined\" data-lazyload-src=\"https:\/\/ae01.alicdn.com\/kf\/S9d7608410f874bd5b93741df0191217fa.jpg?width=750&amp;height=593&amp;hash=1343\" \/><img decoding=\"async\" class=\"desc-img-loaded\" style=\"box-sizing: border-box; text-size-adjust: 100%; -webkit-tap-highlight-color: transparent; margin: 0px; padding: 0px; outline: none; border: 0px; vertical-align: middle; max-width: 790px;\" src=\"https:\/\/ae01.alicdn.com\/kf\/S0f28fd2b6cc54e0fa2b99c18b237bed5s.jpg?width=750&amp;height=596&amp;hash=1346\" alt=\"undefined\" data-lazyload-src=\"https:\/\/ae01.alicdn.com\/kf\/S0f28fd2b6cc54e0fa2b99c18b237bed5s.jpg?width=750&amp;height=596&amp;hash=1346\" \/><img decoding=\"async\" class=\"desc-img-loaded\" style=\"box-sizing: border-box; text-size-adjust: 100%; -webkit-tap-highlight-color: transparent; margin: 0px; padding: 0px; outline: none; border: 0px; vertical-align: middle; max-width: 790px;\" src=\"https:\/\/ae01.alicdn.com\/kf\/S1c65a251e88c406cafd00bb7afdb5081p.jpg?width=750&amp;height=593&amp;hash=1343\" alt=\"undefined\" data-lazyload-src=\"https:\/\/ae01.alicdn.com\/kf\/S1c65a251e88c406cafd00bb7afdb5081p.jpg?width=750&amp;height=593&amp;hash=1343\" \/><img decoding=\"async\" class=\"desc-img-loaded\" style=\"box-sizing: border-box; text-size-adjust: 100%; -webkit-tap-highlight-color: transparent; margin: 0px; padding: 0px; outline: none; border: 0px; vertical-align: middle; max-width: 790px;\" src=\"https:\/\/ae01.alicdn.com\/kf\/S9705386ab8de412d90d7f07a91e0a4e8V.jpg?width=750&amp;height=625&amp;hash=1375\" alt=\"undefined\" data-lazyload-src=\"https:\/\/ae01.alicdn.com\/kf\/S9705386ab8de412d90d7f07a91e0a4e8V.jpg?width=750&amp;height=625&amp;hash=1375\" \/><img decoding=\"async\" class=\"desc-img-loaded\" style=\"box-sizing: border-box; text-size-adjust: 100%; -webkit-tap-highlight-color: transparent; margin: 0px; padding: 0px; outline: none; border: 0px; vertical-align: middle; max-width: 790px;\" src=\"https:\/\/ae01.alicdn.com\/kf\/S7b59daac44754e85a6910249ca6bd977Y.jpg?width=750&amp;height=608&amp;hash=1358\" alt=\"undefined\" data-lazyload-src=\"https:\/\/ae01.alicdn.com\/kf\/S7b59daac44754e85a6910249ca6bd977Y.jpg?width=750&amp;height=608&amp;hash=1358\" \/><\/p>\n<\/div>\n<\/div>","protected":false},"excerpt":{"rendered":"<p>Die handgefertigte Bulldog-Pfeife aus dieser Serie zeichnet sich durch breite Elfenbein-Akzentb\u00e4nder aus, die hier mit einer zerkl\u00fcfteten, dunkelschokoladenfarbenen Rustikalit\u00e4t kontrastieren.<\/p>","protected":false},"featured_media":16036,"comment_status":"open","ping_status":"closed","template":"","meta":{"iawp_total_views":4,"_joinchat":[]},"product_brand":[],"product_cat":[577,478],"product_tag":[],"class_list":{"0":"post-16035","1":"product","2":"type-product","3":"status-publish","4":"has-post-thumbnail","6":"product_cat-bulldog-pipe","7":"product_cat-handmade-pipe","9":"first","10":"instock","11":"sale","12":"shipping-taxable","13":"purchasable","14":"product-type-variable"},"yoast_head":"<!-- This site is optimized with the Yoast SEO Premium plugin v24.7 (Yoast SEO v26.8) - https:\/\/yoast.com\/product\/yoast-seo-premium-wordpress\/ -->\n<title>Danish Black Handmade Bulldog Pipe - Global Hookah<\/title>\n<meta name=\"robots\" content=\"index, follow, max-snippet:-1, max-image-preview:large, max-video-preview:-1\" \/>\n<link rel=\"canonical\" href=\"https:\/\/global-hookah.com\/de\/produkt\/danish-black-handmade-bulldog-pipe\/\" \/>\n<meta property=\"og:locale\" content=\"de_DE\" \/>\n<meta property=\"og:type\" content=\"article\" \/>\n<meta property=\"og:title\" content=\"Danish Black Handmade Bulldog Pipe\" \/>\n<meta property=\"og:description\" content=\"Handmade Bulldog Pipe from this line boasts broad ivorite accent bands of contrasted here against a craggy, dark chocolate-stained rustication.\" \/>\n<meta property=\"og:url\" content=\"https:\/\/global-hookah.com\/de\/produkt\/danish-black-handmade-bulldog-pipe\/\" \/>\n<meta property=\"og:site_name\" content=\"Global Hookah\" \/>\n<meta property=\"article:modified_time\" content=\"2024-03-13T00:27:37+00:00\" \/>\n<meta property=\"og:image\" content=\"https:\/\/global-hookah.com\/wp-content\/uploads\/2023\/11\/Bruyere-Wood-Bulldog-Pipe-For-Cut-Tobacco-3mm-Filter-Flue-Retro-Gentleman-Portable-Small-Handmade-Smoking.webp\" \/>\n\t<meta property=\"og:image:width\" content=\"800\" \/>\n\t<meta property=\"og:image:height\" content=\"800\" \/>\n\t<meta property=\"og:image:type\" content=\"image\/webp\" \/>\n<meta name=\"twitter:card\" content=\"summary_large_image\" \/>\n<meta name=\"twitter:label1\" content=\"Gesch\u00e4tzte Lesezeit\" \/>\n\t<meta name=\"twitter:data1\" content=\"4\u00a0Minuten\" \/>\n<script type=\"application\/ld+json\" class=\"yoast-schema-graph\">{\"@context\":\"https:\/\/schema.org\",\"@graph\":[{\"@type\":\"WebPage\",\"@id\":\"https:\/\/global-hookah.com\/product\/danish-black-handmade-bulldog-pipe\/\",\"url\":\"https:\/\/global-hookah.com\/product\/danish-black-handmade-bulldog-pipe\/\",\"name\":\"Danish Black Handmade Bulldog Pipe - Global Hookah\",\"isPartOf\":{\"@id\":\"https:\/\/global-hookah.com\/#website\"},\"primaryImageOfPage\":{\"@id\":\"https:\/\/global-hookah.com\/product\/danish-black-handmade-bulldog-pipe\/#primaryimage\"},\"image\":{\"@id\":\"https:\/\/global-hookah.com\/product\/danish-black-handmade-bulldog-pipe\/#primaryimage\"},\"thumbnailUrl\":\"https:\/\/global-hookah.com\/wp-content\/uploads\/2023\/11\/Bruyere-Wood-Bulldog-Pipe-For-Cut-Tobacco-3mm-Filter-Flue-Retro-Gentleman-Portable-Small-Handmade-Smoking.webp\",\"datePublished\":\"2023-11-16T02:07:32+00:00\",\"dateModified\":\"2024-03-13T00:27:37+00:00\",\"breadcrumb\":{\"@id\":\"https:\/\/global-hookah.com\/product\/danish-black-handmade-bulldog-pipe\/#breadcrumb\"},\"inLanguage\":\"de\",\"potentialAction\":[{\"@type\":\"ReadAction\",\"target\":[\"https:\/\/global-hookah.com\/product\/danish-black-handmade-bulldog-pipe\/\"]}]},{\"@type\":\"ImageObject\",\"inLanguage\":\"de\",\"@id\":\"https:\/\/global-hookah.com\/product\/danish-black-handmade-bulldog-pipe\/#primaryimage\",\"url\":\"https:\/\/global-hookah.com\/wp-content\/uploads\/2023\/11\/Bruyere-Wood-Bulldog-Pipe-For-Cut-Tobacco-3mm-Filter-Flue-Retro-Gentleman-Portable-Small-Handmade-Smoking.webp\",\"contentUrl\":\"https:\/\/global-hookah.com\/wp-content\/uploads\/2023\/11\/Bruyere-Wood-Bulldog-Pipe-For-Cut-Tobacco-3mm-Filter-Flue-Retro-Gentleman-Portable-Small-Handmade-Smoking.webp\",\"width\":800,\"height\":800},{\"@type\":\"BreadcrumbList\",\"@id\":\"https:\/\/global-hookah.com\/product\/danish-black-handmade-bulldog-pipe\/#breadcrumb\",\"itemListElement\":[{\"@type\":\"ListItem\",\"position\":1,\"name\":\"Home\",\"item\":\"https:\/\/global-hookah.com\/\"},{\"@type\":\"ListItem\",\"position\":2,\"name\":\"Shop\",\"item\":\"https:\/\/global-hookah.com\/shop\/\"},{\"@type\":\"ListItem\",\"position\":3,\"name\":\"Danish Black Handmade Bulldog Pipe\"}]},{\"@type\":\"WebSite\",\"@id\":\"https:\/\/global-hookah.com\/#website\",\"url\":\"https:\/\/global-hookah.com\/\",\"name\":\"Global Hookah\",\"description\":\"Global Hookah\",\"publisher\":{\"@id\":\"https:\/\/global-hookah.com\/#organization\"},\"potentialAction\":[{\"@type\":\"SearchAction\",\"target\":{\"@type\":\"EntryPoint\",\"urlTemplate\":\"https:\/\/global-hookah.com\/?s={search_term_string}\"},\"query-input\":{\"@type\":\"PropertyValueSpecification\",\"valueRequired\":true,\"valueName\":\"search_term_string\"}}],\"inLanguage\":\"de\"},{\"@type\":\"Organization\",\"@id\":\"https:\/\/global-hookah.com\/#organization\",\"name\":\"Global Hookah\",\"url\":\"https:\/\/global-hookah.com\/\",\"logo\":{\"@type\":\"ImageObject\",\"inLanguage\":\"de\",\"@id\":\"https:\/\/global-hookah.com\/#\/schema\/logo\/image\/\",\"url\":\"https:\/\/global-hookah.com\/wp-content\/uploads\/2021\/10\/cropped-fgg.png\",\"contentUrl\":\"https:\/\/global-hookah.com\/wp-content\/uploads\/2021\/10\/cropped-fgg.png\",\"width\":512,\"height\":512,\"caption\":\"Global Hookah\"},\"image\":{\"@id\":\"https:\/\/global-hookah.com\/#\/schema\/logo\/image\/\"}}]}<\/script>\n<!-- \/ Yoast SEO Premium plugin. -->","yoast_head_json":{"title":"D\u00e4nische schwarze handgemachte Bulldogge Pfeife - Global Hookah","robots":{"index":"index","follow":"follow","max-snippet":"max-snippet:-1","max-image-preview":"max-image-preview:large","max-video-preview":"max-video-preview:-1"},"canonical":"https:\/\/global-hookah.com\/de\/produkt\/danish-black-handmade-bulldog-pipe\/","og_locale":"de_DE","og_type":"article","og_title":"Danish Black Handmade Bulldog Pipe","og_description":"Handmade Bulldog Pipe from this line boasts broad ivorite accent bands of contrasted here against a craggy, dark chocolate-stained rustication.","og_url":"https:\/\/global-hookah.com\/de\/produkt\/danish-black-handmade-bulldog-pipe\/","og_site_name":"Global Hookah","article_modified_time":"2024-03-13T00:27:37+00:00","og_image":[{"width":800,"height":800,"url":"https:\/\/global-hookah.com\/wp-content\/uploads\/2023\/11\/Bruyere-Wood-Bulldog-Pipe-For-Cut-Tobacco-3mm-Filter-Flue-Retro-Gentleman-Portable-Small-Handmade-Smoking.webp","type":"image\/webp"}],"twitter_card":"summary_large_image","twitter_misc":{"Gesch\u00e4tzte Lesezeit":"4\u00a0Minuten"},"schema":{"@context":"https:\/\/schema.org","@graph":[{"@type":"WebPage","@id":"https:\/\/global-hookah.com\/product\/danish-black-handmade-bulldog-pipe\/","url":"https:\/\/global-hookah.com\/product\/danish-black-handmade-bulldog-pipe\/","name":"D\u00e4nische schwarze handgemachte Bulldogge Pfeife - Global Hookah","isPartOf":{"@id":"https:\/\/global-hookah.com\/#website"},"primaryImageOfPage":{"@id":"https:\/\/global-hookah.com\/product\/danish-black-handmade-bulldog-pipe\/#primaryimage"},"image":{"@id":"https:\/\/global-hookah.com\/product\/danish-black-handmade-bulldog-pipe\/#primaryimage"},"thumbnailUrl":"https:\/\/global-hookah.com\/wp-content\/uploads\/2023\/11\/Bruyere-Wood-Bulldog-Pipe-For-Cut-Tobacco-3mm-Filter-Flue-Retro-Gentleman-Portable-Small-Handmade-Smoking.webp","datePublished":"2023-11-16T02:07:32+00:00","dateModified":"2024-03-13T00:27:37+00:00","breadcrumb":{"@id":"https:\/\/global-hookah.com\/product\/danish-black-handmade-bulldog-pipe\/#breadcrumb"},"inLanguage":"de","potentialAction":[{"@type":"ReadAction","target":["https:\/\/global-hookah.com\/product\/danish-black-handmade-bulldog-pipe\/"]}]},{"@type":"ImageObject","inLanguage":"de","@id":"https:\/\/global-hookah.com\/product\/danish-black-handmade-bulldog-pipe\/#primaryimage","url":"https:\/\/global-hookah.com\/wp-content\/uploads\/2023\/11\/Bruyere-Wood-Bulldog-Pipe-For-Cut-Tobacco-3mm-Filter-Flue-Retro-Gentleman-Portable-Small-Handmade-Smoking.webp","contentUrl":"https:\/\/global-hookah.com\/wp-content\/uploads\/2023\/11\/Bruyere-Wood-Bulldog-Pipe-For-Cut-Tobacco-3mm-Filter-Flue-Retro-Gentleman-Portable-Small-Handmade-Smoking.webp","width":800,"height":800},{"@type":"BreadcrumbList","@id":"https:\/\/global-hookah.com\/product\/danish-black-handmade-bulldog-pipe\/#breadcrumb","itemListElement":[{"@type":"ListItem","position":1,"name":"Home","item":"https:\/\/global-hookah.com\/"},{"@type":"ListItem","position":2,"name":"Shop","item":"https:\/\/global-hookah.com\/shop\/"},{"@type":"ListItem","position":3,"name":"Danish Black Handmade Bulldog Pipe"}]},{"@type":"WebSite","@id":"https:\/\/global-hookah.com\/#website","url":"https:\/\/global-hookah.com\/","name":"Globale Wasserpfeife","description":"Globale Wasserpfeife","publisher":{"@id":"https:\/\/global-hookah.com\/#organization"},"potentialAction":[{"@type":"SearchAction","target":{"@type":"EntryPoint","urlTemplate":"https:\/\/global-hookah.com\/?s={search_term_string}"},"query-input":{"@type":"PropertyValueSpecification","valueRequired":true,"valueName":"search_term_string"}}],"inLanguage":"de"},{"@type":"Organization","@id":"https:\/\/global-hookah.com\/#organization","name":"Globale Wasserpfeife","url":"https:\/\/global-hookah.com\/","logo":{"@type":"ImageObject","inLanguage":"de","@id":"https:\/\/global-hookah.com\/#\/schema\/logo\/image\/","url":"https:\/\/global-hookah.com\/wp-content\/uploads\/2021\/10\/cropped-fgg.png","contentUrl":"https:\/\/global-hookah.com\/wp-content\/uploads\/2021\/10\/cropped-fgg.png","width":512,"height":512,"caption":"Global Hookah"},"image":{"@id":"https:\/\/global-hookah.com\/#\/schema\/logo\/image\/"}}]}},"_links":{"self":[{"href":"https:\/\/global-hookah.com\/de\/wp-json\/wp\/v2\/product\/16035","targetHints":{"allow":["GET"]}}],"collection":[{"href":"https:\/\/global-hookah.com\/de\/wp-json\/wp\/v2\/product"}],"about":[{"href":"https:\/\/global-hookah.com\/de\/wp-json\/wp\/v2\/types\/product"}],"replies":[{"embeddable":true,"href":"https:\/\/global-hookah.com\/de\/wp-json\/wp\/v2\/comments?post=16035"}],"version-history":[{"count":0,"href":"https:\/\/global-hookah.com\/de\/wp-json\/wp\/v2\/product\/16035\/revisions"}],"wp:featuredmedia":[{"embeddable":true,"href":"https:\/\/global-hookah.com\/de\/wp-json\/wp\/v2\/media\/16036"}],"wp:attachment":[{"href":"https:\/\/global-hookah.com\/de\/wp-json\/wp\/v2\/media?parent=16035"}],"wp:term":[{"taxonomy":"product_brand","embeddable":true,"href":"https:\/\/global-hookah.com\/de\/wp-json\/wp\/v2\/product_brand?post=16035"},{"taxonomy":"product_cat","embeddable":true,"href":"https:\/\/global-hookah.com\/de\/wp-json\/wp\/v2\/product_cat?post=16035"},{"taxonomy":"product_tag","embeddable":true,"href":"https:\/\/global-hookah.com\/de\/wp-json\/wp\/v2\/product_tag?post=16035"}],"curies":[{"name":"wp","href":"https:\/\/api.w.org\/{rel}","templated":true}]}}