{"id":16044,"date":"2023-11-16T02:11:38","date_gmt":"2023-11-16T02:11:38","guid":{"rendered":"https:\/\/global-hookah.com\/product\/herlock-holmes-calabash-pipe\/"},"modified":"2024-03-13T00:27:47","modified_gmt":"2024-03-13T00:27:47","slug":"sherlock-holmes-calabash-pipe","status":"publish","type":"product","link":"https:\/\/global-hookah.com\/de\/produkt\/sherlock-holmes-calabash-pipe\/","title":{"rendered":"Sherlock Holmes Kalebassenpfeife"},"content":{"rendered":"<p style=\"text-align: left;\">Diese <strong>Sherlock Holmes Kalebassenpfeife<\/strong>basiert nat\u00fcrlich auf Pfeifen aus Kalebassenholz, deren Inneres ausgeh\u00f6hlt ist, um eine gro\u00dfe zweite Kammer zu schaffen, in der der Rauch abk\u00fchlen und trocknen kann, bevor er in den Stiel eintritt. Diese <strong>Sherlock Holmes Pfeife<\/strong> ist aus Bruy\u00e8reholz gefertigt, mit einem ausgedehnten Stummel, der auf dieselbe Weise ausgeh\u00f6hlt und mit einer nicht abnehmbaren Kappe versehen ist. Diese <strong>Sherlock Holmes Kalebassenpfeife<\/strong> hat eine glatte, honigblonde, kalabaschf\u00f6rmige Schale, die aus fein gemasertem Bruy\u00e8reholz geschnitzt ist. Die reiche goldene Maserung des Holzes ist seidig poliert und zeigt flie\u00dfende Muster auf der \u00fcppigen Schale. Der Rest des Stummels, mit Ausnahme eines kurzen Hornakzents am Schaftende, tr\u00e4gt ein schimmerndes, glattes Karamell-Finish, das einen auff\u00e4lligen Kontrast zur F\u00e4rbung der Schale bildet, mit engen Streifen, die \u00fcber die Flanken und den Schaft verlaufen, und dichtem Vogelauge auf den vorderen und hinteren Seiten. Dazu passt ein weidenartiger Sattelstiel aus handgeformtem Vulkanit, der das St\u00fcck ausbalanciert und sich nach unten biegt, um eine bequeme Rauchhaltung zu unterst\u00fctzen.<\/p>\n<div class=\"product-specs-list-container\">\n<ul class=\"product-specs-list util-clearfix\">\n<li class=\"product-prop line-limit-length\"><span class=\"property-title\">Modellnummer:\u00a0<\/span><span class=\"property-desc line-limit-length\">kah0054h1c1k<\/span><\/li>\n<li class=\"product-prop line-limit-length\"><span class=\"property-title\">Die Technik:\u00a0<\/span><span class=\"property-desc line-limit-length\">SPIEGEL<\/span><\/li>\n<li>Die Form: Gebogen<\/li>\n<li>Ausf\u00fchrung: Glatt<\/li>\n<li class=\"product-prop line-limit-length\">Material: Briard-Holz+ Vulkanit<\/li>\n<li class=\"product-prop line-limit-length\">Art: <a href=\"https:\/\/global-hookah.com\/product-category\/tobacco-pipe\/handmade-pipe\/\">Handgefertigtes Rohr<\/a><\/li>\n<li class=\"product-prop line-limit-length\"><\/li>\n<\/ul>\n<\/div>\n<p>Handgefertigte Tabakspfeife aus Bruy\u00e8reholz, Fotos werden zur Best\u00e4tigung vor dem Versand gesendet<img decoding=\"async\" src=\"https:\/\/ae01.alicdn.com\/kf\/S4a683907332b47a09ee138dea6dd6f18V.png\" \/><\/p>","protected":false},"excerpt":{"rendered":"<p>Diese Sherlock Holmes Calabash Pipe basiert nat\u00fcrlich auf Pfeifen aus Kalebassen, deren Inneres ausgeh\u00f6hlt wurde, um<\/p>","protected":false},"featured_media":16045,"comment_status":"open","ping_status":"closed","template":"","meta":{"iawp_total_views":23,"_joinchat":[]},"product_brand":[],"product_cat":[478],"product_tag":[],"class_list":{"0":"post-16044","1":"product","2":"type-product","3":"status-publish","4":"has-post-thumbnail","6":"product_cat-handmade-pipe","8":"first","9":"instock","10":"sale","11":"shipping-taxable","12":"purchasable","13":"product-type-variable"},"yoast_head":"<!-- This site is optimized with the Yoast SEO Premium plugin v24.7 (Yoast SEO v26.8) - https:\/\/yoast.com\/product\/yoast-seo-premium-wordpress\/ -->\n<title>Sherlock Holmes Calabash Pipe - Global Hookah<\/title>\n<meta name=\"robots\" content=\"index, follow, max-snippet:-1, max-image-preview:large, max-video-preview:-1\" \/>\n<link rel=\"canonical\" href=\"https:\/\/global-hookah.com\/de\/it\/prodotto\/sherlock-holmes-calabash-pipe-2\/\" \/>\n<meta property=\"og:locale\" content=\"de_DE\" \/>\n<meta property=\"og:type\" content=\"article\" \/>\n<meta property=\"og:title\" content=\"Sherlock Holmes Calabash Pipe\" \/>\n<meta property=\"og:description\" content=\"This Sherlock Holmes Calabash Pipe, of course, is based on pipes made from Calabash guards, the insides hollowed out to\" \/>\n<meta property=\"og:url\" content=\"https:\/\/global-hookah.com\/de\/it\/prodotto\/sherlock-holmes-calabash-pipe-2\/\" \/>\n<meta property=\"og:site_name\" content=\"Global Hookah\" \/>\n<meta property=\"article:modified_time\" content=\"2024-03-13T00:27:47+00:00\" \/>\n<meta property=\"og:image\" content=\"https:\/\/global-hookah.com\/wp-content\/uploads\/2023\/11\/MUXIANG-Classic-Sherlock-Holmes-Calabash-pipe-smoking-large-curved-handle-pipe-bowl-removable-briar-handmade-tobacco.webp\" \/>\n\t<meta property=\"og:image:width\" content=\"1000\" \/>\n\t<meta property=\"og:image:height\" content=\"1000\" \/>\n\t<meta property=\"og:image:type\" content=\"image\/webp\" \/>\n<meta name=\"twitter:card\" content=\"summary_large_image\" \/>\n<meta name=\"twitter:label1\" content=\"Gesch\u00e4tzte Lesezeit\" \/>\n\t<meta name=\"twitter:data1\" content=\"2\u00a0Minuten\" \/>\n<script type=\"application\/ld+json\" class=\"yoast-schema-graph\">{\"@context\":\"https:\/\/schema.org\",\"@graph\":[{\"@type\":\"WebPage\",\"@id\":\"https:\/\/global-hookah.com\/it\/prodotto\/sherlock-holmes-calabash-pipe-2\/\",\"url\":\"https:\/\/global-hookah.com\/it\/prodotto\/sherlock-holmes-calabash-pipe-2\/\",\"name\":\"Sherlock Holmes Calabash Pipe - Global Hookah\",\"isPartOf\":{\"@id\":\"https:\/\/global-hookah.com\/#website\"},\"primaryImageOfPage\":{\"@id\":\"https:\/\/global-hookah.com\/it\/prodotto\/sherlock-holmes-calabash-pipe-2\/#primaryimage\"},\"image\":{\"@id\":\"https:\/\/global-hookah.com\/it\/prodotto\/sherlock-holmes-calabash-pipe-2\/#primaryimage\"},\"thumbnailUrl\":\"https:\/\/global-hookah.com\/wp-content\/uploads\/2023\/11\/MUXIANG-Classic-Sherlock-Holmes-Calabash-pipe-smoking-large-curved-handle-pipe-bowl-removable-briar-handmade-tobacco.webp\",\"datePublished\":\"2023-11-16T02:11:38+00:00\",\"dateModified\":\"2024-03-13T00:27:47+00:00\",\"breadcrumb\":{\"@id\":\"https:\/\/global-hookah.com\/it\/prodotto\/sherlock-holmes-calabash-pipe-2\/#breadcrumb\"},\"inLanguage\":\"de\",\"potentialAction\":[{\"@type\":\"ReadAction\",\"target\":[\"https:\/\/global-hookah.com\/it\/prodotto\/sherlock-holmes-calabash-pipe-2\/\"]}]},{\"@type\":\"ImageObject\",\"inLanguage\":\"de\",\"@id\":\"https:\/\/global-hookah.com\/it\/prodotto\/sherlock-holmes-calabash-pipe-2\/#primaryimage\",\"url\":\"https:\/\/global-hookah.com\/wp-content\/uploads\/2023\/11\/MUXIANG-Classic-Sherlock-Holmes-Calabash-pipe-smoking-large-curved-handle-pipe-bowl-removable-briar-handmade-tobacco.webp\",\"contentUrl\":\"https:\/\/global-hookah.com\/wp-content\/uploads\/2023\/11\/MUXIANG-Classic-Sherlock-Holmes-Calabash-pipe-smoking-large-curved-handle-pipe-bowl-removable-briar-handmade-tobacco.webp\",\"width\":1000,\"height\":1000,\"caption\":\"Sherlock Holmes Calabash Pipe\"},{\"@type\":\"BreadcrumbList\",\"@id\":\"https:\/\/global-hookah.com\/it\/prodotto\/sherlock-holmes-calabash-pipe-2\/#breadcrumb\",\"itemListElement\":[{\"@type\":\"ListItem\",\"position\":1,\"name\":\"Home\",\"item\":\"https:\/\/global-hookah.com\/\"},{\"@type\":\"ListItem\",\"position\":2,\"name\":\"Shop\",\"item\":\"https:\/\/global-hookah.com\/shop\/\"},{\"@type\":\"ListItem\",\"position\":3,\"name\":\"Sherlock Holmes Calabash Pipe\"}]},{\"@type\":\"WebSite\",\"@id\":\"https:\/\/global-hookah.com\/#website\",\"url\":\"https:\/\/global-hookah.com\/\",\"name\":\"Global Hookah\",\"description\":\"Global Hookah\",\"publisher\":{\"@id\":\"https:\/\/global-hookah.com\/#organization\"},\"potentialAction\":[{\"@type\":\"SearchAction\",\"target\":{\"@type\":\"EntryPoint\",\"urlTemplate\":\"https:\/\/global-hookah.com\/?s={search_term_string}\"},\"query-input\":{\"@type\":\"PropertyValueSpecification\",\"valueRequired\":true,\"valueName\":\"search_term_string\"}}],\"inLanguage\":\"de\"},{\"@type\":\"Organization\",\"@id\":\"https:\/\/global-hookah.com\/#organization\",\"name\":\"Global Hookah\",\"url\":\"https:\/\/global-hookah.com\/\",\"logo\":{\"@type\":\"ImageObject\",\"inLanguage\":\"de\",\"@id\":\"https:\/\/global-hookah.com\/#\/schema\/logo\/image\/\",\"url\":\"https:\/\/global-hookah.com\/wp-content\/uploads\/2021\/10\/cropped-fgg.png\",\"contentUrl\":\"https:\/\/global-hookah.com\/wp-content\/uploads\/2021\/10\/cropped-fgg.png\",\"width\":512,\"height\":512,\"caption\":\"Global Hookah\"},\"image\":{\"@id\":\"https:\/\/global-hookah.com\/#\/schema\/logo\/image\/\"}}]}<\/script>\n<!-- \/ Yoast SEO Premium plugin. -->","yoast_head_json":{"title":"Sherlock Holmes Kalebassenpfeife - Global Hookah","robots":{"index":"index","follow":"follow","max-snippet":"max-snippet:-1","max-image-preview":"max-image-preview:large","max-video-preview":"max-video-preview:-1"},"canonical":"https:\/\/global-hookah.com\/de\/it\/prodotto\/sherlock-holmes-calabash-pipe-2\/","og_locale":"de_DE","og_type":"article","og_title":"Sherlock Holmes Calabash Pipe","og_description":"This Sherlock Holmes Calabash Pipe, of course, is based on pipes made from Calabash guards, the insides hollowed out to","og_url":"https:\/\/global-hookah.com\/de\/it\/prodotto\/sherlock-holmes-calabash-pipe-2\/","og_site_name":"Global Hookah","article_modified_time":"2024-03-13T00:27:47+00:00","og_image":[{"width":1000,"height":1000,"url":"https:\/\/global-hookah.com\/wp-content\/uploads\/2023\/11\/MUXIANG-Classic-Sherlock-Holmes-Calabash-pipe-smoking-large-curved-handle-pipe-bowl-removable-briar-handmade-tobacco.webp","type":"image\/webp"}],"twitter_card":"summary_large_image","twitter_misc":{"Gesch\u00e4tzte Lesezeit":"2\u00a0Minuten"},"schema":{"@context":"https:\/\/schema.org","@graph":[{"@type":"WebPage","@id":"https:\/\/global-hookah.com\/it\/prodotto\/sherlock-holmes-calabash-pipe-2\/","url":"https:\/\/global-hookah.com\/it\/prodotto\/sherlock-holmes-calabash-pipe-2\/","name":"Sherlock Holmes Kalebassenpfeife - Global Hookah","isPartOf":{"@id":"https:\/\/global-hookah.com\/#website"},"primaryImageOfPage":{"@id":"https:\/\/global-hookah.com\/it\/prodotto\/sherlock-holmes-calabash-pipe-2\/#primaryimage"},"image":{"@id":"https:\/\/global-hookah.com\/it\/prodotto\/sherlock-holmes-calabash-pipe-2\/#primaryimage"},"thumbnailUrl":"https:\/\/global-hookah.com\/wp-content\/uploads\/2023\/11\/MUXIANG-Classic-Sherlock-Holmes-Calabash-pipe-smoking-large-curved-handle-pipe-bowl-removable-briar-handmade-tobacco.webp","datePublished":"2023-11-16T02:11:38+00:00","dateModified":"2024-03-13T00:27:47+00:00","breadcrumb":{"@id":"https:\/\/global-hookah.com\/it\/prodotto\/sherlock-holmes-calabash-pipe-2\/#breadcrumb"},"inLanguage":"de","potentialAction":[{"@type":"ReadAction","target":["https:\/\/global-hookah.com\/it\/prodotto\/sherlock-holmes-calabash-pipe-2\/"]}]},{"@type":"ImageObject","inLanguage":"de","@id":"https:\/\/global-hookah.com\/it\/prodotto\/sherlock-holmes-calabash-pipe-2\/#primaryimage","url":"https:\/\/global-hookah.com\/wp-content\/uploads\/2023\/11\/MUXIANG-Classic-Sherlock-Holmes-Calabash-pipe-smoking-large-curved-handle-pipe-bowl-removable-briar-handmade-tobacco.webp","contentUrl":"https:\/\/global-hookah.com\/wp-content\/uploads\/2023\/11\/MUXIANG-Classic-Sherlock-Holmes-Calabash-pipe-smoking-large-curved-handle-pipe-bowl-removable-briar-handmade-tobacco.webp","width":1000,"height":1000,"caption":"Sherlock Holmes Calabash Pipe"},{"@type":"BreadcrumbList","@id":"https:\/\/global-hookah.com\/it\/prodotto\/sherlock-holmes-calabash-pipe-2\/#breadcrumb","itemListElement":[{"@type":"ListItem","position":1,"name":"Home","item":"https:\/\/global-hookah.com\/"},{"@type":"ListItem","position":2,"name":"Shop","item":"https:\/\/global-hookah.com\/shop\/"},{"@type":"ListItem","position":3,"name":"Sherlock Holmes Calabash Pipe"}]},{"@type":"WebSite","@id":"https:\/\/global-hookah.com\/#website","url":"https:\/\/global-hookah.com\/","name":"Globale Wasserpfeife","description":"Globale Wasserpfeife","publisher":{"@id":"https:\/\/global-hookah.com\/#organization"},"potentialAction":[{"@type":"SearchAction","target":{"@type":"EntryPoint","urlTemplate":"https:\/\/global-hookah.com\/?s={search_term_string}"},"query-input":{"@type":"PropertyValueSpecification","valueRequired":true,"valueName":"search_term_string"}}],"inLanguage":"de"},{"@type":"Organization","@id":"https:\/\/global-hookah.com\/#organization","name":"Globale Wasserpfeife","url":"https:\/\/global-hookah.com\/","logo":{"@type":"ImageObject","inLanguage":"de","@id":"https:\/\/global-hookah.com\/#\/schema\/logo\/image\/","url":"https:\/\/global-hookah.com\/wp-content\/uploads\/2021\/10\/cropped-fgg.png","contentUrl":"https:\/\/global-hookah.com\/wp-content\/uploads\/2021\/10\/cropped-fgg.png","width":512,"height":512,"caption":"Global Hookah"},"image":{"@id":"https:\/\/global-hookah.com\/#\/schema\/logo\/image\/"}}]}},"_links":{"self":[{"href":"https:\/\/global-hookah.com\/de\/wp-json\/wp\/v2\/product\/16044","targetHints":{"allow":["GET"]}}],"collection":[{"href":"https:\/\/global-hookah.com\/de\/wp-json\/wp\/v2\/product"}],"about":[{"href":"https:\/\/global-hookah.com\/de\/wp-json\/wp\/v2\/types\/product"}],"replies":[{"embeddable":true,"href":"https:\/\/global-hookah.com\/de\/wp-json\/wp\/v2\/comments?post=16044"}],"version-history":[{"count":0,"href":"https:\/\/global-hookah.com\/de\/wp-json\/wp\/v2\/product\/16044\/revisions"}],"wp:featuredmedia":[{"embeddable":true,"href":"https:\/\/global-hookah.com\/de\/wp-json\/wp\/v2\/media\/16045"}],"wp:attachment":[{"href":"https:\/\/global-hookah.com\/de\/wp-json\/wp\/v2\/media?parent=16044"}],"wp:term":[{"taxonomy":"product_brand","embeddable":true,"href":"https:\/\/global-hookah.com\/de\/wp-json\/wp\/v2\/product_brand?post=16044"},{"taxonomy":"product_cat","embeddable":true,"href":"https:\/\/global-hookah.com\/de\/wp-json\/wp\/v2\/product_cat?post=16044"},{"taxonomy":"product_tag","embeddable":true,"href":"https:\/\/global-hookah.com\/de\/wp-json\/wp\/v2\/product_tag?post=16044"}],"curies":[{"name":"wp","href":"https:\/\/api.w.org\/{rel}","templated":true}]}}