{"id":16053,"date":"2023-11-16T02:14:16","date_gmt":"2023-11-16T02:14:16","guid":{"rendered":"https:\/\/global-hookah.com\/product\/vintage-style-handmade-bulldog-style-pipe\/"},"modified":"2024-03-13T00:27:47","modified_gmt":"2024-03-13T00:27:47","slug":"vintage-style-handmade-bulldog-style-pipe","status":"publish","type":"product","link":"https:\/\/global-hookah.com\/de\/produkt\/vintage-style-handmade-bulldog-style-pipe\/","title":{"rendered":"Handgefertigte Bulldoggenpfeife im Vintage-Stil"},"content":{"rendered":"<p>Ausgestattet mit Doppelringen aus Nickel, klassisch geformt <strong>Bulldogpfeife im Vintage-Stil<\/strong> hat eine gerade Bulldog-Schale aus hochwertigem Bruy\u00e8reholz, die <strong>Bulldogpfeife im Vintage-Stil<\/strong> aus dieser Serie sind mit einem Acrylband aus wirbelnden Schokoladen- und Karamellt\u00f6nen versehen, das die Verbindung zwischen Stiel und Schaft betont. Ein schwarzer Vulkanitstiel erstreckt sich aus dem aschfarbenen Bruy\u00e8re, dessen matte Textur und gerade Spitze ein angenehmes Mundgef\u00fchl beim Rauchen erzeugt. Eine klassische und moderne Wiedergabe der kultigen Bulldog, die die zeitlose Formgebung des Designs bietet, aber in einem kompakten Paket, das die Vorteile der Bulldog hervorhebt. <strong>Vintage Style Bulldog Pipe's<\/strong> robuste Proportionen und f\u00f6rdert die praktische Tragbarkeit. Die <strong>Vintage Style Bulldog Pipe's<\/strong> Die konische Kesselform f\u00f6rdert einen guten Rauchzug, w\u00e4hrend die breite Kammer Platz f\u00fcr reichlich Tabak bietet.<\/p>\n<p>Diese Serie umfasst 3 Auswahlm\u00f6glichkeiten:<\/p>\n<ol>\n<li>Teilweise gerostete Bulldogge: Dieses besondere Exemplar tr\u00e4gt eine sandgestrahlte Oberfl\u00e4che, die eine raue Textur und ein rustikales Erscheinungsbild bietet.<\/li>\n<li>Glatte Bulldogge aus Terrakotta: Diese Bulldogge repr\u00e4sentiert eine viel k\u00fchnere, strukturiertere Form, die einen formellen Vintage-Appeal aufweist, \u00e4hnlich dem schwarz-chromen Kleidungspfeifen-Motiv, aber mit einer farbenfroheren Pers\u00f6nlichkeit.<\/li>\n<li>Kastanie Glatte Bulldogge: Dieses St\u00fcck ist mit einer kastanienfarbenen Beize versehen, die an den Stil der Mundst\u00fccke aus den fr\u00fchen 1900er Jahren erinnert. Sie unterstreicht das Vintage-Motiv und sorgt f\u00fcr eine durch und durch Retro-\u00c4sthetik.<\/li>\n<\/ol>\n<div class=\"product-specs-list-container\">\n<ul class=\"product-specs-list util-clearfix\">\n<li><span class=\"property-title\">Material: Briard <\/span><span class=\"property-desc line-limit-length\">Holz+ Vulkanit<\/span><\/li>\n<li class=\"product-prop line-limit-length\"><span class=\"property-title\">Die Form:\u00a0<\/span><span class=\"property-desc line-limit-length\">Gerader Typ<\/span><\/li>\n<li>Ausf\u00fchrung: Rustikal\/Glatt<\/li>\n<li class=\"product-prop line-limit-length\"><span class=\"property-title\">Modellnummer:\u00a0<\/span><span class=\"property-desc line-limit-length\">p3330<\/span><\/li>\n<li class=\"product-prop line-limit-length\">Typ: <a href=\"https:\/\/global-hookah.com\/product-category\/tobacco-pipe\/handmade-pipe\/\">Briar handgefertigte Pfeifen<\/a><\/li>\n<\/ul>\n<\/div>\n<p><img decoding=\"async\" src=\"https:\/\/ae01.alicdn.com\/kf\/Sbee6a328c9284a9c9f3d02de9067be8fh.jpg\" \/><img decoding=\"async\" src=\"https:\/\/ae01.alicdn.com\/kf\/S2ebffe4470e2455599c631db093e53fcz.jpg\" \/><img decoding=\"async\" src=\"https:\/\/ae01.alicdn.com\/kf\/S9b52b27443f545c8b29e77e2c139326bh.jpg\" \/><img decoding=\"async\" src=\"https:\/\/ae01.alicdn.com\/kf\/Sd34808fa4bcb4ce892fc97101d46d745y.jpg\" \/><img decoding=\"async\" src=\"https:\/\/ae01.alicdn.com\/kf\/S0aa3fb7105bf4fe090aa90e237464a93E.jpg\" \/><img decoding=\"async\" src=\"https:\/\/ae01.alicdn.com\/kf\/S703e63a616014165bb60fda48b17545c6.jpg\" \/><img decoding=\"async\" src=\"https:\/\/ae01.alicdn.com\/kf\/S6669bf7263514e30aeaadef24ee1b2eeq.jpg\" \/><img decoding=\"async\" src=\"https:\/\/ae01.alicdn.com\/kf\/S3df8125306ec4d4687e92625ee411fe83.jpg\" \/><img decoding=\"async\" src=\"https:\/\/ae01.alicdn.com\/kf\/S723ad16e08f44e37898cf45d87f05f53h.jpg\" \/><img decoding=\"async\" src=\"https:\/\/ae01.alicdn.com\/kf\/S1dd42fb2db1b4bdea0df6b161c751dedq.jpg\" \/><img decoding=\"async\" src=\"https:\/\/ae01.alicdn.com\/kf\/S1c82e8a2ff0041c2b445d8c908c44a30d.jpg\" \/><img decoding=\"async\" src=\"https:\/\/ae01.alicdn.com\/kf\/S1692508cdb584f31bcd18f63d2eb294b8.jpg\" \/><img decoding=\"async\" src=\"https:\/\/ae01.alicdn.com\/kf\/Sb14e807e919c433fabc2d16f2316baffN.jpg\" \/><img decoding=\"async\" src=\"https:\/\/ae01.alicdn.com\/kf\/Sa34d60f5d3dc450a8b3c56866df38456V.jpg\" \/><img decoding=\"async\" src=\"https:\/\/ae01.alicdn.com\/kf\/Sc556e80c0db64d34849b0331cc704346O.jpg\" \/><img decoding=\"async\" src=\"https:\/\/ae01.alicdn.com\/kf\/S9597683b49164c0694a3eb310af686f1z.jpg\" \/><img decoding=\"async\" src=\"https:\/\/ae01.alicdn.com\/kf\/S48feb8b9327049788e2e3804f7e259916.jpg\" \/><img decoding=\"async\" src=\"https:\/\/ae01.alicdn.com\/kf\/Scc0bb12354414607ad662d97e63216e50.jpg\" \/><img decoding=\"async\" src=\"https:\/\/ae01.alicdn.com\/kf\/Sa91bb6d4670b401b98dd1dd06b33f9efY.jpg\" \/><img decoding=\"async\" src=\"https:\/\/ae01.alicdn.com\/kf\/S0f18f4532da64fbb9bfe6ed558565398W.jpg\" \/><\/p>","protected":false},"excerpt":{"rendered":"<p>Die klassisch geformte Bulldog-Pfeife im Vintage-Stil ist mit zwei Nickelringen ausgestattet und verf\u00fcgt \u00fcber einen geraden Bulldog-Kopf, der aus hochwertigen Materialien gefertigt ist.<\/p>","protected":false},"featured_media":16054,"comment_status":"open","ping_status":"closed","template":"","meta":{"iawp_total_views":1,"_joinchat":[]},"product_brand":[],"product_cat":[577,478],"product_tag":[],"class_list":{"0":"post-16053","1":"product","2":"type-product","3":"status-publish","4":"has-post-thumbnail","6":"product_cat-bulldog-pipe","7":"product_cat-handmade-pipe","9":"first","10":"instock","11":"sale","12":"shipping-taxable","13":"purchasable","14":"product-type-variable"},"yoast_head":"<!-- This site is optimized with the Yoast SEO Premium plugin v24.7 (Yoast SEO v26.8) - https:\/\/yoast.com\/product\/yoast-seo-premium-wordpress\/ -->\n<title>Handmade Vintage Style Bulldog Pipe - Global Hookah<\/title>\n<meta name=\"robots\" content=\"index, follow, max-snippet:-1, max-image-preview:large, max-video-preview:-1\" \/>\n<link rel=\"canonical\" href=\"https:\/\/global-hookah.com\/de\/pt\/produto\/cachimbo-estilo-vintage-handmade-bulldog\/\" \/>\n<meta property=\"og:locale\" content=\"de_DE\" \/>\n<meta property=\"og:type\" content=\"article\" \/>\n<meta property=\"og:title\" content=\"Handmade Vintage Style Bulldog Pipe\" \/>\n<meta property=\"og:description\" content=\"Fitted with twin rings of nickel, classically shaped Vintage Style Bulldog Pipe features a straight Bulldog bowl crafted from quality\" \/>\n<meta property=\"og:url\" content=\"https:\/\/global-hookah.com\/de\/pt\/produto\/cachimbo-estilo-vintage-handmade-bulldog\/\" \/>\n<meta property=\"og:site_name\" content=\"Global Hookah\" \/>\n<meta property=\"article:modified_time\" content=\"2024-03-13T00:27:47+00:00\" \/>\n<meta property=\"og:image\" content=\"https:\/\/global-hookah.com\/wp-content\/uploads\/2023\/11\/Bulldog-Briar-Wood-3mm-Filter-Cut-Tobacco-Pipe-Retro-Gentleman-Straight-Type-Handmade-Smoking-Pipe-With.webp\" \/>\n\t<meta property=\"og:image:width\" content=\"1440\" \/>\n\t<meta property=\"og:image:height\" content=\"1440\" \/>\n\t<meta property=\"og:image:type\" content=\"image\/webp\" \/>\n<meta name=\"twitter:card\" content=\"summary_large_image\" \/>\n<meta name=\"twitter:label1\" content=\"Gesch\u00e4tzte Lesezeit\" \/>\n\t<meta name=\"twitter:data1\" content=\"5\u00a0Minuten\" \/>\n<script type=\"application\/ld+json\" class=\"yoast-schema-graph\">{\"@context\":\"https:\/\/schema.org\",\"@graph\":[{\"@type\":\"WebPage\",\"@id\":\"https:\/\/global-hookah.com\/pt\/produto\/cachimbo-estilo-vintage-handmade-bulldog\/\",\"url\":\"https:\/\/global-hookah.com\/pt\/produto\/cachimbo-estilo-vintage-handmade-bulldog\/\",\"name\":\"Handmade Vintage Style Bulldog Pipe - Global Hookah\",\"isPartOf\":{\"@id\":\"https:\/\/global-hookah.com\/#website\"},\"primaryImageOfPage\":{\"@id\":\"https:\/\/global-hookah.com\/pt\/produto\/cachimbo-estilo-vintage-handmade-bulldog\/#primaryimage\"},\"image\":{\"@id\":\"https:\/\/global-hookah.com\/pt\/produto\/cachimbo-estilo-vintage-handmade-bulldog\/#primaryimage\"},\"thumbnailUrl\":\"https:\/\/global-hookah.com\/wp-content\/uploads\/2023\/11\/Bulldog-Briar-Wood-3mm-Filter-Cut-Tobacco-Pipe-Retro-Gentleman-Straight-Type-Handmade-Smoking-Pipe-With.webp\",\"datePublished\":\"2023-11-16T02:14:16+00:00\",\"dateModified\":\"2024-03-13T00:27:47+00:00\",\"breadcrumb\":{\"@id\":\"https:\/\/global-hookah.com\/pt\/produto\/cachimbo-estilo-vintage-handmade-bulldog\/#breadcrumb\"},\"inLanguage\":\"de\",\"potentialAction\":[{\"@type\":\"ReadAction\",\"target\":[\"https:\/\/global-hookah.com\/pt\/produto\/cachimbo-estilo-vintage-handmade-bulldog\/\"]}]},{\"@type\":\"ImageObject\",\"inLanguage\":\"de\",\"@id\":\"https:\/\/global-hookah.com\/pt\/produto\/cachimbo-estilo-vintage-handmade-bulldog\/#primaryimage\",\"url\":\"https:\/\/global-hookah.com\/wp-content\/uploads\/2023\/11\/Bulldog-Briar-Wood-3mm-Filter-Cut-Tobacco-Pipe-Retro-Gentleman-Straight-Type-Handmade-Smoking-Pipe-With.webp\",\"contentUrl\":\"https:\/\/global-hookah.com\/wp-content\/uploads\/2023\/11\/Bulldog-Briar-Wood-3mm-Filter-Cut-Tobacco-Pipe-Retro-Gentleman-Straight-Type-Handmade-Smoking-Pipe-With.webp\",\"width\":1440,\"height\":1440,\"caption\":\"Vintage Style Bulldog Pipe\"},{\"@type\":\"BreadcrumbList\",\"@id\":\"https:\/\/global-hookah.com\/pt\/produto\/cachimbo-estilo-vintage-handmade-bulldog\/#breadcrumb\",\"itemListElement\":[{\"@type\":\"ListItem\",\"position\":1,\"name\":\"Home\",\"item\":\"https:\/\/global-hookah.com\/\"},{\"@type\":\"ListItem\",\"position\":2,\"name\":\"Shop\",\"item\":\"https:\/\/global-hookah.com\/shop\/\"},{\"@type\":\"ListItem\",\"position\":3,\"name\":\"Handmade Vintage Style Bulldog Pipe\"}]},{\"@type\":\"WebSite\",\"@id\":\"https:\/\/global-hookah.com\/#website\",\"url\":\"https:\/\/global-hookah.com\/\",\"name\":\"Global Hookah\",\"description\":\"Global Hookah\",\"publisher\":{\"@id\":\"https:\/\/global-hookah.com\/#organization\"},\"potentialAction\":[{\"@type\":\"SearchAction\",\"target\":{\"@type\":\"EntryPoint\",\"urlTemplate\":\"https:\/\/global-hookah.com\/?s={search_term_string}\"},\"query-input\":{\"@type\":\"PropertyValueSpecification\",\"valueRequired\":true,\"valueName\":\"search_term_string\"}}],\"inLanguage\":\"de\"},{\"@type\":\"Organization\",\"@id\":\"https:\/\/global-hookah.com\/#organization\",\"name\":\"Global Hookah\",\"url\":\"https:\/\/global-hookah.com\/\",\"logo\":{\"@type\":\"ImageObject\",\"inLanguage\":\"de\",\"@id\":\"https:\/\/global-hookah.com\/#\/schema\/logo\/image\/\",\"url\":\"https:\/\/global-hookah.com\/wp-content\/uploads\/2021\/10\/cropped-fgg.png\",\"contentUrl\":\"https:\/\/global-hookah.com\/wp-content\/uploads\/2021\/10\/cropped-fgg.png\",\"width\":512,\"height\":512,\"caption\":\"Global Hookah\"},\"image\":{\"@id\":\"https:\/\/global-hookah.com\/#\/schema\/logo\/image\/\"}}]}<\/script>\n<!-- \/ Yoast SEO Premium plugin. -->","yoast_head_json":{"title":"Handgefertigte Bulldogpfeife im Vintage-Stil - Global Hookah","robots":{"index":"index","follow":"follow","max-snippet":"max-snippet:-1","max-image-preview":"max-image-preview:large","max-video-preview":"max-video-preview:-1"},"canonical":"https:\/\/global-hookah.com\/de\/pt\/produto\/cachimbo-estilo-vintage-handmade-bulldog\/","og_locale":"de_DE","og_type":"article","og_title":"Handmade Vintage Style Bulldog Pipe","og_description":"Fitted with twin rings of nickel, classically shaped Vintage Style Bulldog Pipe features a straight Bulldog bowl crafted from quality","og_url":"https:\/\/global-hookah.com\/de\/pt\/produto\/cachimbo-estilo-vintage-handmade-bulldog\/","og_site_name":"Global Hookah","article_modified_time":"2024-03-13T00:27:47+00:00","og_image":[{"width":1440,"height":1440,"url":"https:\/\/global-hookah.com\/wp-content\/uploads\/2023\/11\/Bulldog-Briar-Wood-3mm-Filter-Cut-Tobacco-Pipe-Retro-Gentleman-Straight-Type-Handmade-Smoking-Pipe-With.webp","type":"image\/webp"}],"twitter_card":"summary_large_image","twitter_misc":{"Gesch\u00e4tzte Lesezeit":"5\u00a0Minuten"},"schema":{"@context":"https:\/\/schema.org","@graph":[{"@type":"WebPage","@id":"https:\/\/global-hookah.com\/pt\/produto\/cachimbo-estilo-vintage-handmade-bulldog\/","url":"https:\/\/global-hookah.com\/pt\/produto\/cachimbo-estilo-vintage-handmade-bulldog\/","name":"Handgefertigte Bulldogpfeife im Vintage-Stil - Global Hookah","isPartOf":{"@id":"https:\/\/global-hookah.com\/#website"},"primaryImageOfPage":{"@id":"https:\/\/global-hookah.com\/pt\/produto\/cachimbo-estilo-vintage-handmade-bulldog\/#primaryimage"},"image":{"@id":"https:\/\/global-hookah.com\/pt\/produto\/cachimbo-estilo-vintage-handmade-bulldog\/#primaryimage"},"thumbnailUrl":"https:\/\/global-hookah.com\/wp-content\/uploads\/2023\/11\/Bulldog-Briar-Wood-3mm-Filter-Cut-Tobacco-Pipe-Retro-Gentleman-Straight-Type-Handmade-Smoking-Pipe-With.webp","datePublished":"2023-11-16T02:14:16+00:00","dateModified":"2024-03-13T00:27:47+00:00","breadcrumb":{"@id":"https:\/\/global-hookah.com\/pt\/produto\/cachimbo-estilo-vintage-handmade-bulldog\/#breadcrumb"},"inLanguage":"de","potentialAction":[{"@type":"ReadAction","target":["https:\/\/global-hookah.com\/pt\/produto\/cachimbo-estilo-vintage-handmade-bulldog\/"]}]},{"@type":"ImageObject","inLanguage":"de","@id":"https:\/\/global-hookah.com\/pt\/produto\/cachimbo-estilo-vintage-handmade-bulldog\/#primaryimage","url":"https:\/\/global-hookah.com\/wp-content\/uploads\/2023\/11\/Bulldog-Briar-Wood-3mm-Filter-Cut-Tobacco-Pipe-Retro-Gentleman-Straight-Type-Handmade-Smoking-Pipe-With.webp","contentUrl":"https:\/\/global-hookah.com\/wp-content\/uploads\/2023\/11\/Bulldog-Briar-Wood-3mm-Filter-Cut-Tobacco-Pipe-Retro-Gentleman-Straight-Type-Handmade-Smoking-Pipe-With.webp","width":1440,"height":1440,"caption":"Vintage Style Bulldog Pipe"},{"@type":"BreadcrumbList","@id":"https:\/\/global-hookah.com\/pt\/produto\/cachimbo-estilo-vintage-handmade-bulldog\/#breadcrumb","itemListElement":[{"@type":"ListItem","position":1,"name":"Home","item":"https:\/\/global-hookah.com\/"},{"@type":"ListItem","position":2,"name":"Shop","item":"https:\/\/global-hookah.com\/shop\/"},{"@type":"ListItem","position":3,"name":"Handmade Vintage Style Bulldog Pipe"}]},{"@type":"WebSite","@id":"https:\/\/global-hookah.com\/#website","url":"https:\/\/global-hookah.com\/","name":"Globale Wasserpfeife","description":"Globale Wasserpfeife","publisher":{"@id":"https:\/\/global-hookah.com\/#organization"},"potentialAction":[{"@type":"SearchAction","target":{"@type":"EntryPoint","urlTemplate":"https:\/\/global-hookah.com\/?s={search_term_string}"},"query-input":{"@type":"PropertyValueSpecification","valueRequired":true,"valueName":"search_term_string"}}],"inLanguage":"de"},{"@type":"Organization","@id":"https:\/\/global-hookah.com\/#organization","name":"Globale Wasserpfeife","url":"https:\/\/global-hookah.com\/","logo":{"@type":"ImageObject","inLanguage":"de","@id":"https:\/\/global-hookah.com\/#\/schema\/logo\/image\/","url":"https:\/\/global-hookah.com\/wp-content\/uploads\/2021\/10\/cropped-fgg.png","contentUrl":"https:\/\/global-hookah.com\/wp-content\/uploads\/2021\/10\/cropped-fgg.png","width":512,"height":512,"caption":"Global Hookah"},"image":{"@id":"https:\/\/global-hookah.com\/#\/schema\/logo\/image\/"}}]}},"_links":{"self":[{"href":"https:\/\/global-hookah.com\/de\/wp-json\/wp\/v2\/product\/16053","targetHints":{"allow":["GET"]}}],"collection":[{"href":"https:\/\/global-hookah.com\/de\/wp-json\/wp\/v2\/product"}],"about":[{"href":"https:\/\/global-hookah.com\/de\/wp-json\/wp\/v2\/types\/product"}],"replies":[{"embeddable":true,"href":"https:\/\/global-hookah.com\/de\/wp-json\/wp\/v2\/comments?post=16053"}],"version-history":[{"count":0,"href":"https:\/\/global-hookah.com\/de\/wp-json\/wp\/v2\/product\/16053\/revisions"}],"wp:featuredmedia":[{"embeddable":true,"href":"https:\/\/global-hookah.com\/de\/wp-json\/wp\/v2\/media\/16054"}],"wp:attachment":[{"href":"https:\/\/global-hookah.com\/de\/wp-json\/wp\/v2\/media?parent=16053"}],"wp:term":[{"taxonomy":"product_brand","embeddable":true,"href":"https:\/\/global-hookah.com\/de\/wp-json\/wp\/v2\/product_brand?post=16053"},{"taxonomy":"product_cat","embeddable":true,"href":"https:\/\/global-hookah.com\/de\/wp-json\/wp\/v2\/product_cat?post=16053"},{"taxonomy":"product_tag","embeddable":true,"href":"https:\/\/global-hookah.com\/de\/wp-json\/wp\/v2\/product_tag?post=16053"}],"curies":[{"name":"wp","href":"https:\/\/api.w.org\/{rel}","templated":true}]}}