{"id":16064,"date":"2023-11-16T02:17:52","date_gmt":"2023-11-16T02:17:52","guid":{"rendered":"https:\/\/global-hookah.com\/product\/handmade-briar-tomato-pipe\/"},"modified":"2024-03-13T00:27:36","modified_gmt":"2024-03-13T00:27:36","slug":"handmade-briar-tomato-pipe","status":"publish","type":"product","link":"https:\/\/global-hookah.com\/de\/produkt\/handmade-briar-tomato-pipe\/","title":{"rendered":"Handgefertigte Briar-Tomatenpfeife"},"content":{"rendered":"<p>Dieses aus erlesenem Bruy\u00e8reholz gefertigte <strong>Handgefertigte Briar-Tomatenpfeife<\/strong> bietet eine glatte oder rustikale Tomatenschale, die aus sch\u00f6n gemasertem Bruy\u00e8reholz geschnitzt ist. Diese <strong>Petite Pocket Bruy\u00e8repfeife<\/strong> wurde fachm\u00e4nnisch bearbeitet, um eine taktile, samtige Oberfl\u00e4che zu schaffen, die angenehm in der Handfl\u00e4che liegt. Ein kurzer Schaft aus schlankem, handgeschliffenem und poliertem schwarzem und blondem Horn und Vulkanit erstreckt sich von der Schale aus. Der sich verj\u00fcngende Stiel endet in einem winzigen Gebiss f\u00fcr den Griff mit zusammengebissenen Z\u00e4hnen. Trotz seiner winzigen Gr\u00f6\u00dfe ist der H<strong>undgemachte Briar Tomato Pipe's<\/strong> Der Entwurf wurde pr\u00e4zise f\u00fcr einen optimalen Rauchfluss durch die kleine Tabakkammer entwickelt. Diese Kombination aus winziger Gr\u00f6\u00dfe und praktischer Funktion macht sie zum idealen Taschenbegleiter f\u00fcr den Tabakgenuss zwischendurch. Glattes oder rustikales Finish, je nach Vorliebe.<\/p>\n<div class=\"product-specs-list-container\">\n<ul class=\"product-specs-list util-clearfix\">\n<li class=\"product-prop line-limit-length\"><span class=\"property-title\">Material: Briar<\/span><span class=\"property-desc line-limit-length\">Holz+Vulkanit+Horn<\/span><\/li>\n<li class=\"product-prop line-limit-length\"><span class=\"property-title\">Modellnummer:\u00a0<\/span><span class=\"property-desc line-limit-length\">Fa10059q1c1k<\/span><\/li>\n<li class=\"product-prop line-limit-length\">Art: <a href=\"https:\/\/global-hookah.com\/product-category\/tobacco-pipe\/handmade-pipe\/\">Handgefertigtes Rohr<\/a><\/li>\n<li class=\"product-prop line-limit-length\"><span class=\"property-title\">Herkunft:\u00a0<\/span><span class=\"property-desc line-limit-length\">Festland China<\/span><\/li>\n<\/ul>\n<\/div>\n<p><img decoding=\"async\" src=\"https:\/\/ae01.alicdn.com\/kf\/Sc7e42164590049f3bc84f0b55083bee5Y.jpg\" \/><img decoding=\"async\" src=\"https:\/\/ae01.alicdn.com\/kf\/S38a9eba89cfd4fe0ad4e8c2b2395288b1.jpg\" \/><img decoding=\"async\" src=\"https:\/\/ae01.alicdn.com\/kf\/S6f0eeb09303548d19a3ea223f8d5e666s.jpg\" \/><img decoding=\"async\" src=\"https:\/\/ae01.alicdn.com\/kf\/S301f0c8c16bb4a8a89288b7092507f6a6.jpg\" \/><img decoding=\"async\" src=\"https:\/\/ae01.alicdn.com\/kf\/Sd84d0ede80c443ebba5d415a1382ea10m.jpg\" \/><img decoding=\"async\" src=\"https:\/\/ae01.alicdn.com\/kf\/Sd225fc8d3ff544c69f7b46977fb1e4daH.jpg\" \/><img decoding=\"async\" src=\"https:\/\/ae01.alicdn.com\/kf\/Sdeece024ebb8495ca1b33330da2d0b9bD.jpg\" \/><img decoding=\"async\" src=\"https:\/\/ae01.alicdn.com\/kf\/S61254f15f5d74937a4b4c82f817f278f8.jpg\" \/><\/p>","protected":false},"excerpt":{"rendered":"<p>Diese handgefertigte Briar Tomato Pipe ist aus exquisitem Bruy\u00e8reholz gefertigt und verf\u00fcgt \u00fcber einen glatten oder rustikalen Tomato-Kopf, der aus sch\u00f6n gemasertem<\/p>","protected":false},"featured_media":16065,"comment_status":"open","ping_status":"closed","template":"","meta":{"iawp_total_views":1,"_joinchat":[]},"product_brand":[],"product_cat":[480,478,578],"product_tag":[],"class_list":{"0":"post-16064","1":"product","2":"type-product","3":"status-publish","4":"has-post-thumbnail","6":"product_cat-briar-pipe","7":"product_cat-handmade-pipe","8":"product_cat-tomato-pipe","10":"first","11":"instock","12":"sale","13":"shipping-taxable","14":"purchasable","15":"product-type-variable"},"yoast_head":"<!-- This site is optimized with the Yoast SEO Premium plugin v24.7 (Yoast SEO v26.8) - https:\/\/yoast.com\/product\/yoast-seo-premium-wordpress\/ -->\n<title>Handmade Briar Tomato Pipe - Global Hookah<\/title>\n<meta name=\"robots\" content=\"index, follow, max-snippet:-1, max-image-preview:large, max-video-preview:-1\" \/>\n<link rel=\"canonical\" href=\"https:\/\/global-hookah.com\/de\/producto\/handmade-briar-tomato-pipe\/\" \/>\n<meta property=\"og:locale\" content=\"de_DE\" \/>\n<meta property=\"og:type\" content=\"article\" \/>\n<meta property=\"og:title\" content=\"Handmade Briar Tomato Pipe\" \/>\n<meta property=\"og:description\" content=\"Crafted from exquisite briar, this Handmade Briar Tomato Pipe features a Smooth or Rustic Tomato bowl carved from beautifully grained\" \/>\n<meta property=\"og:url\" content=\"https:\/\/global-hookah.com\/de\/producto\/handmade-briar-tomato-pipe\/\" \/>\n<meta property=\"og:site_name\" content=\"Global Hookah\" \/>\n<meta property=\"article:modified_time\" content=\"2024-03-13T00:27:36+00:00\" \/>\n<meta property=\"og:image\" content=\"https:\/\/global-hookah.com\/wp-content\/uploads\/2023\/11\/MUXIANG-hollow-large-chamber-Heather-tobacco-pipe-Handmade-wood-pipe-length-131mm-bowl-diameter-20mm-bowl.webp\" \/>\n\t<meta property=\"og:image:width\" content=\"1000\" \/>\n\t<meta property=\"og:image:height\" content=\"1000\" \/>\n\t<meta property=\"og:image:type\" content=\"image\/webp\" \/>\n<meta name=\"twitter:card\" content=\"summary_large_image\" \/>\n<meta name=\"twitter:label1\" content=\"Gesch\u00e4tzte Lesezeit\" \/>\n\t<meta name=\"twitter:data1\" content=\"3\u00a0Minuten\" \/>\n<script type=\"application\/ld+json\" class=\"yoast-schema-graph\">{\"@context\":\"https:\/\/schema.org\",\"@graph\":[{\"@type\":\"WebPage\",\"@id\":\"https:\/\/global-hookah.com\/es\/producto\/handmade-briar-tomato-pipe\/\",\"url\":\"https:\/\/global-hookah.com\/es\/producto\/handmade-briar-tomato-pipe\/\",\"name\":\"Handmade Briar Tomato Pipe - Global Hookah\",\"isPartOf\":{\"@id\":\"https:\/\/global-hookah.com\/#website\"},\"primaryImageOfPage\":{\"@id\":\"https:\/\/global-hookah.com\/es\/producto\/handmade-briar-tomato-pipe\/#primaryimage\"},\"image\":{\"@id\":\"https:\/\/global-hookah.com\/es\/producto\/handmade-briar-tomato-pipe\/#primaryimage\"},\"thumbnailUrl\":\"https:\/\/global-hookah.com\/wp-content\/uploads\/2023\/11\/MUXIANG-hollow-large-chamber-Heather-tobacco-pipe-Handmade-wood-pipe-length-131mm-bowl-diameter-20mm-bowl.webp\",\"datePublished\":\"2023-11-16T02:17:52+00:00\",\"dateModified\":\"2024-03-13T00:27:36+00:00\",\"breadcrumb\":{\"@id\":\"https:\/\/global-hookah.com\/es\/producto\/handmade-briar-tomato-pipe\/#breadcrumb\"},\"inLanguage\":\"de\",\"potentialAction\":[{\"@type\":\"ReadAction\",\"target\":[\"https:\/\/global-hookah.com\/es\/producto\/handmade-briar-tomato-pipe\/\"]}]},{\"@type\":\"ImageObject\",\"inLanguage\":\"de\",\"@id\":\"https:\/\/global-hookah.com\/es\/producto\/handmade-briar-tomato-pipe\/#primaryimage\",\"url\":\"https:\/\/global-hookah.com\/wp-content\/uploads\/2023\/11\/MUXIANG-hollow-large-chamber-Heather-tobacco-pipe-Handmade-wood-pipe-length-131mm-bowl-diameter-20mm-bowl.webp\",\"contentUrl\":\"https:\/\/global-hookah.com\/wp-content\/uploads\/2023\/11\/MUXIANG-hollow-large-chamber-Heather-tobacco-pipe-Handmade-wood-pipe-length-131mm-bowl-diameter-20mm-bowl.webp\",\"width\":1000,\"height\":1000,\"caption\":\"Handmade Briar Tomato Pipe\"},{\"@type\":\"BreadcrumbList\",\"@id\":\"https:\/\/global-hookah.com\/es\/producto\/handmade-briar-tomato-pipe\/#breadcrumb\",\"itemListElement\":[{\"@type\":\"ListItem\",\"position\":1,\"name\":\"Home\",\"item\":\"https:\/\/global-hookah.com\/\"},{\"@type\":\"ListItem\",\"position\":2,\"name\":\"Shop\",\"item\":\"https:\/\/global-hookah.com\/shop\/\"},{\"@type\":\"ListItem\",\"position\":3,\"name\":\"Handmade Briar Tomato Pipe\"}]},{\"@type\":\"WebSite\",\"@id\":\"https:\/\/global-hookah.com\/#website\",\"url\":\"https:\/\/global-hookah.com\/\",\"name\":\"Global Hookah\",\"description\":\"Global Hookah\",\"publisher\":{\"@id\":\"https:\/\/global-hookah.com\/#organization\"},\"potentialAction\":[{\"@type\":\"SearchAction\",\"target\":{\"@type\":\"EntryPoint\",\"urlTemplate\":\"https:\/\/global-hookah.com\/?s={search_term_string}\"},\"query-input\":{\"@type\":\"PropertyValueSpecification\",\"valueRequired\":true,\"valueName\":\"search_term_string\"}}],\"inLanguage\":\"de\"},{\"@type\":\"Organization\",\"@id\":\"https:\/\/global-hookah.com\/#organization\",\"name\":\"Global Hookah\",\"url\":\"https:\/\/global-hookah.com\/\",\"logo\":{\"@type\":\"ImageObject\",\"inLanguage\":\"de\",\"@id\":\"https:\/\/global-hookah.com\/#\/schema\/logo\/image\/\",\"url\":\"https:\/\/global-hookah.com\/wp-content\/uploads\/2021\/10\/cropped-fgg.png\",\"contentUrl\":\"https:\/\/global-hookah.com\/wp-content\/uploads\/2021\/10\/cropped-fgg.png\",\"width\":512,\"height\":512,\"caption\":\"Global Hookah\"},\"image\":{\"@id\":\"https:\/\/global-hookah.com\/#\/schema\/logo\/image\/\"}}]}<\/script>\n<!-- \/ Yoast SEO Premium plugin. -->","yoast_head_json":{"title":"Handgefertigte Briar-Tomatenpfeife - Global Hookah","robots":{"index":"index","follow":"follow","max-snippet":"max-snippet:-1","max-image-preview":"max-image-preview:large","max-video-preview":"max-video-preview:-1"},"canonical":"https:\/\/global-hookah.com\/de\/producto\/handmade-briar-tomato-pipe\/","og_locale":"de_DE","og_type":"article","og_title":"Handmade Briar Tomato Pipe","og_description":"Crafted from exquisite briar, this Handmade Briar Tomato Pipe features a Smooth or Rustic Tomato bowl carved from beautifully grained","og_url":"https:\/\/global-hookah.com\/de\/producto\/handmade-briar-tomato-pipe\/","og_site_name":"Global Hookah","article_modified_time":"2024-03-13T00:27:36+00:00","og_image":[{"width":1000,"height":1000,"url":"https:\/\/global-hookah.com\/wp-content\/uploads\/2023\/11\/MUXIANG-hollow-large-chamber-Heather-tobacco-pipe-Handmade-wood-pipe-length-131mm-bowl-diameter-20mm-bowl.webp","type":"image\/webp"}],"twitter_card":"summary_large_image","twitter_misc":{"Gesch\u00e4tzte Lesezeit":"3\u00a0Minuten"},"schema":{"@context":"https:\/\/schema.org","@graph":[{"@type":"WebPage","@id":"https:\/\/global-hookah.com\/es\/producto\/handmade-briar-tomato-pipe\/","url":"https:\/\/global-hookah.com\/es\/producto\/handmade-briar-tomato-pipe\/","name":"Handgefertigte Briar-Tomatenpfeife - Global Hookah","isPartOf":{"@id":"https:\/\/global-hookah.com\/#website"},"primaryImageOfPage":{"@id":"https:\/\/global-hookah.com\/es\/producto\/handmade-briar-tomato-pipe\/#primaryimage"},"image":{"@id":"https:\/\/global-hookah.com\/es\/producto\/handmade-briar-tomato-pipe\/#primaryimage"},"thumbnailUrl":"https:\/\/global-hookah.com\/wp-content\/uploads\/2023\/11\/MUXIANG-hollow-large-chamber-Heather-tobacco-pipe-Handmade-wood-pipe-length-131mm-bowl-diameter-20mm-bowl.webp","datePublished":"2023-11-16T02:17:52+00:00","dateModified":"2024-03-13T00:27:36+00:00","breadcrumb":{"@id":"https:\/\/global-hookah.com\/es\/producto\/handmade-briar-tomato-pipe\/#breadcrumb"},"inLanguage":"de","potentialAction":[{"@type":"ReadAction","target":["https:\/\/global-hookah.com\/es\/producto\/handmade-briar-tomato-pipe\/"]}]},{"@type":"ImageObject","inLanguage":"de","@id":"https:\/\/global-hookah.com\/es\/producto\/handmade-briar-tomato-pipe\/#primaryimage","url":"https:\/\/global-hookah.com\/wp-content\/uploads\/2023\/11\/MUXIANG-hollow-large-chamber-Heather-tobacco-pipe-Handmade-wood-pipe-length-131mm-bowl-diameter-20mm-bowl.webp","contentUrl":"https:\/\/global-hookah.com\/wp-content\/uploads\/2023\/11\/MUXIANG-hollow-large-chamber-Heather-tobacco-pipe-Handmade-wood-pipe-length-131mm-bowl-diameter-20mm-bowl.webp","width":1000,"height":1000,"caption":"Handmade Briar Tomato Pipe"},{"@type":"BreadcrumbList","@id":"https:\/\/global-hookah.com\/es\/producto\/handmade-briar-tomato-pipe\/#breadcrumb","itemListElement":[{"@type":"ListItem","position":1,"name":"Home","item":"https:\/\/global-hookah.com\/"},{"@type":"ListItem","position":2,"name":"Shop","item":"https:\/\/global-hookah.com\/shop\/"},{"@type":"ListItem","position":3,"name":"Handmade Briar Tomato Pipe"}]},{"@type":"WebSite","@id":"https:\/\/global-hookah.com\/#website","url":"https:\/\/global-hookah.com\/","name":"Globale Wasserpfeife","description":"Globale Wasserpfeife","publisher":{"@id":"https:\/\/global-hookah.com\/#organization"},"potentialAction":[{"@type":"SearchAction","target":{"@type":"EntryPoint","urlTemplate":"https:\/\/global-hookah.com\/?s={search_term_string}"},"query-input":{"@type":"PropertyValueSpecification","valueRequired":true,"valueName":"search_term_string"}}],"inLanguage":"de"},{"@type":"Organization","@id":"https:\/\/global-hookah.com\/#organization","name":"Globale Wasserpfeife","url":"https:\/\/global-hookah.com\/","logo":{"@type":"ImageObject","inLanguage":"de","@id":"https:\/\/global-hookah.com\/#\/schema\/logo\/image\/","url":"https:\/\/global-hookah.com\/wp-content\/uploads\/2021\/10\/cropped-fgg.png","contentUrl":"https:\/\/global-hookah.com\/wp-content\/uploads\/2021\/10\/cropped-fgg.png","width":512,"height":512,"caption":"Global Hookah"},"image":{"@id":"https:\/\/global-hookah.com\/#\/schema\/logo\/image\/"}}]}},"_links":{"self":[{"href":"https:\/\/global-hookah.com\/de\/wp-json\/wp\/v2\/product\/16064","targetHints":{"allow":["GET"]}}],"collection":[{"href":"https:\/\/global-hookah.com\/de\/wp-json\/wp\/v2\/product"}],"about":[{"href":"https:\/\/global-hookah.com\/de\/wp-json\/wp\/v2\/types\/product"}],"replies":[{"embeddable":true,"href":"https:\/\/global-hookah.com\/de\/wp-json\/wp\/v2\/comments?post=16064"}],"version-history":[{"count":0,"href":"https:\/\/global-hookah.com\/de\/wp-json\/wp\/v2\/product\/16064\/revisions"}],"wp:featuredmedia":[{"embeddable":true,"href":"https:\/\/global-hookah.com\/de\/wp-json\/wp\/v2\/media\/16065"}],"wp:attachment":[{"href":"https:\/\/global-hookah.com\/de\/wp-json\/wp\/v2\/media?parent=16064"}],"wp:term":[{"taxonomy":"product_brand","embeddable":true,"href":"https:\/\/global-hookah.com\/de\/wp-json\/wp\/v2\/product_brand?post=16064"},{"taxonomy":"product_cat","embeddable":true,"href":"https:\/\/global-hookah.com\/de\/wp-json\/wp\/v2\/product_cat?post=16064"},{"taxonomy":"product_tag","embeddable":true,"href":"https:\/\/global-hookah.com\/de\/wp-json\/wp\/v2\/product_tag?post=16064"}],"curies":[{"name":"wp","href":"https:\/\/api.w.org\/{rel}","templated":true}]}}