{"id":16090,"date":"2023-11-16T02:38:23","date_gmt":"2023-11-16T02:38:23","guid":{"rendered":"https:\/\/global-hookah.com\/product\/apple-cavity-design-rosewood-handmade-pipe\/"},"modified":"2023-12-05T13:07:02","modified_gmt":"2023-12-05T13:07:02","slug":"apple-cavity-design-rosewood-handmade-pipe","status":"publish","type":"product","link":"https:\/\/global-hookah.com\/de\/produkt\/apple-cavity-design-rosewood-handmade-pipe\/","title":{"rendered":"Apfel Hohlraum Design Palisander handgefertigte Pfeife"},"content":{"rendered":"<p>Obwohl der Fisch in der Regel als eine Form au\u00dferhalb der Schachtel betrachtet wird, ist die Schale eine nahezu perfekte Kugel mit prallen, gew\u00f6lbten W\u00e4nden, die die Hand angenehm ausf\u00fcllen. Diese visuell auff\u00e4llige <strong>Handgefertigte Pfeife aus Rosenholz<\/strong> hat die Form eines Gl\u00fchfisches und ist aus reich gemasertem Palisanderholz geschnitzt. Die leicht r\u00f6tlich-braune Holzmaserung hat ein auff\u00e4lliges 3D-Wellenmuster, das sich wellenf\u00f6rmig \u00fcber die gesamte birnenf\u00f6rmige Schale erstreckt. Es erweckt den Eindruck von Bewegung, wie Wellen auf der Oberfl\u00e4che. Die k\u00fchne Maserung kontrastiert mit der glatten, geschliffenen Kastanienstruktur und hebt die geschwungenen Streifen der Quermaserung hervor. Unterhalb des \u2018Kopfes\u2019 befindet sich ein kurzer sechseckiger Schaft, der zu einem mehrfarbigen, gebogenen Vulkanitstiel f\u00fchrt. Das Vulkanit sorgt f\u00fcr einen stabilen Griff.<\/p>\n<p>Die innere Pfeifenkammer folgt der sich verj\u00fcngenden Gl\u00fchfischform des Kopfes. Dies f\u00f6rdert einen exzellenten Rauchabzug durch den schmaleren oberen Teil. Obwohl k\u00fcnstlerisch gestylt, ist die <strong>Handgefertigte Pfeife aus Rosenholz<\/strong> bewahrt die Funktionalit\u00e4t und das Gleichgewicht. Die sch\u00f6ne Maserung des Palisanderholzes in Kombination mit der fantastischen Form eines Gl\u00fchfisches beweist den Einfallsreichtum und die meisterhafte Technik des Pfeifenmachers.<\/p>\n<div class=\"product-specs-list-container\">\n<ul class=\"product-specs-list util-clearfix\">\n<li class=\"product-prop line-limit-length\"><span class=\"property-title\">Material: Rose<\/span><span class=\"property-desc line-limit-length\">Holz+Vulkanit<\/span><\/li>\n<li class=\"product-prop line-limit-length\"><span class=\"property-title\">Modellnummer:\u00a0<\/span><span class=\"property-desc line-limit-length\">ad0086<\/span><\/li>\n<li class=\"product-prop line-limit-length\">Art: Handgefertigte Pfeife<\/li>\n<li class=\"product-prop line-limit-length\"><span class=\"property-title\">Herkunft:\u00a0<\/span><span class=\"property-desc line-limit-length\">Festland China<\/span><\/li>\n<\/ul>\n<\/div>\n<p><img decoding=\"async\" src=\"https:\/\/ae01.alicdn.com\/kf\/S2f78803f1978410ab49c7b97eeec282fO.jpg\" \/><img decoding=\"async\" src=\"https:\/\/ae01.alicdn.com\/kf\/S8784456be8ea4865a106b467c75a8c93a.jpg\" \/><img decoding=\"async\" src=\"https:\/\/ae01.alicdn.com\/kf\/S35dbd0e77da2450b86997cc9b4f81ed0J.jpg\" \/><img decoding=\"async\" src=\"https:\/\/ae01.alicdn.com\/kf\/S82e61a87ff1a4a51a330e509eeab0e5dV.jpg\" \/><img decoding=\"async\" src=\"https:\/\/ae01.alicdn.com\/kf\/S23a2d68a54b74be980962b6ca7ed7834L.jpg\" \/><img decoding=\"async\" src=\"https:\/\/ae01.alicdn.com\/kf\/Sc02588ae4e854e1d87aa1ff3d6ea09d5T.jpg\" \/><img decoding=\"async\" src=\"https:\/\/ae01.alicdn.com\/kf\/S17f03d62e9594f67a71cb0fe59d71859h.jpg\" \/><\/p>","protected":false},"excerpt":{"rendered":"<p>Obwohl der Fisch typischerweise als eine Form au\u00dferhalb der Schachtel betrachtet wird, ist die Schale eine nahezu perfekte Kugel, die \u00fcber eine pralle Form verf\u00fcgt,<\/p>","protected":false},"featured_media":16091,"comment_status":"open","ping_status":"closed","template":"","meta":{"iawp_total_views":0,"_joinchat":[]},"product_brand":[],"product_cat":[478],"product_tag":[],"class_list":{"0":"post-16090","1":"product","2":"type-product","3":"status-publish","4":"has-post-thumbnail","6":"product_cat-handmade-pipe","8":"first","9":"instock","10":"sale","11":"shipping-taxable","12":"purchasable","13":"product-type-variable"},"yoast_head":"<!-- This site is optimized with the Yoast SEO Premium plugin v24.7 (Yoast SEO v26.8) - https:\/\/yoast.com\/product\/yoast-seo-premium-wordpress\/ -->\n<title>Apple Cavity Design Rosewood Handmade Pipe - Global Hookah<\/title>\n<meta name=\"robots\" content=\"index, follow, max-snippet:-1, max-image-preview:large, max-video-preview:-1\" \/>\n<link rel=\"canonical\" href=\"https:\/\/global-hookah.com\/de\/it\/prodotto\/apple-cavity-design-rosewood-handmade-pipe\/\" \/>\n<meta property=\"og:locale\" content=\"de_DE\" \/>\n<meta property=\"og:type\" content=\"article\" \/>\n<meta property=\"og:title\" content=\"Apple Cavity Design Rosewood Handmade Pipe\" \/>\n<meta property=\"og:description\" content=\"Although the Fish is typically viewed as an outside-the-box shape, but the bowl is a near-perfect sphere possessed of plump,\" \/>\n<meta property=\"og:url\" content=\"https:\/\/global-hookah.com\/de\/it\/prodotto\/apple-cavity-design-rosewood-handmade-pipe\/\" \/>\n<meta property=\"og:site_name\" content=\"Global Hookah\" \/>\n<meta property=\"article:modified_time\" content=\"2023-12-05T13:07:02+00:00\" \/>\n<meta property=\"og:image\" content=\"https:\/\/global-hookah.com\/wp-content\/uploads\/2023\/11\/MUXIANG-imported-rosewood-tobacco-pipe-apple-cavity-design-3mm-flue-bowl-diameter-21-5mm-wood-pipe.webp\" \/>\n\t<meta property=\"og:image:width\" content=\"1000\" \/>\n\t<meta property=\"og:image:height\" content=\"1000\" \/>\n\t<meta property=\"og:image:type\" content=\"image\/webp\" \/>\n<meta name=\"twitter:card\" content=\"summary_large_image\" \/>\n<meta name=\"twitter:label1\" content=\"Gesch\u00e4tzte Lesezeit\" \/>\n\t<meta name=\"twitter:data1\" content=\"3\u00a0Minuten\" \/>\n<script type=\"application\/ld+json\" class=\"yoast-schema-graph\">{\"@context\":\"https:\/\/schema.org\",\"@graph\":[{\"@type\":\"WebPage\",\"@id\":\"https:\/\/global-hookah.com\/it\/prodotto\/apple-cavity-design-rosewood-handmade-pipe\/\",\"url\":\"https:\/\/global-hookah.com\/it\/prodotto\/apple-cavity-design-rosewood-handmade-pipe\/\",\"name\":\"Apple Cavity Design Rosewood Handmade Pipe - Global Hookah\",\"isPartOf\":{\"@id\":\"https:\/\/global-hookah.com\/#website\"},\"primaryImageOfPage\":{\"@id\":\"https:\/\/global-hookah.com\/it\/prodotto\/apple-cavity-design-rosewood-handmade-pipe\/#primaryimage\"},\"image\":{\"@id\":\"https:\/\/global-hookah.com\/it\/prodotto\/apple-cavity-design-rosewood-handmade-pipe\/#primaryimage\"},\"thumbnailUrl\":\"https:\/\/global-hookah.com\/wp-content\/uploads\/2023\/11\/MUXIANG-imported-rosewood-tobacco-pipe-apple-cavity-design-3mm-flue-bowl-diameter-21-5mm-wood-pipe.webp\",\"datePublished\":\"2023-11-16T02:38:23+00:00\",\"dateModified\":\"2023-12-05T13:07:02+00:00\",\"breadcrumb\":{\"@id\":\"https:\/\/global-hookah.com\/it\/prodotto\/apple-cavity-design-rosewood-handmade-pipe\/#breadcrumb\"},\"inLanguage\":\"de\",\"potentialAction\":[{\"@type\":\"ReadAction\",\"target\":[\"https:\/\/global-hookah.com\/it\/prodotto\/apple-cavity-design-rosewood-handmade-pipe\/\"]}]},{\"@type\":\"ImageObject\",\"inLanguage\":\"de\",\"@id\":\"https:\/\/global-hookah.com\/it\/prodotto\/apple-cavity-design-rosewood-handmade-pipe\/#primaryimage\",\"url\":\"https:\/\/global-hookah.com\/wp-content\/uploads\/2023\/11\/MUXIANG-imported-rosewood-tobacco-pipe-apple-cavity-design-3mm-flue-bowl-diameter-21-5mm-wood-pipe.webp\",\"contentUrl\":\"https:\/\/global-hookah.com\/wp-content\/uploads\/2023\/11\/MUXIANG-imported-rosewood-tobacco-pipe-apple-cavity-design-3mm-flue-bowl-diameter-21-5mm-wood-pipe.webp\",\"width\":1000,\"height\":1000,\"caption\":\"Rosewood Handmade Pipe\"},{\"@type\":\"BreadcrumbList\",\"@id\":\"https:\/\/global-hookah.com\/it\/prodotto\/apple-cavity-design-rosewood-handmade-pipe\/#breadcrumb\",\"itemListElement\":[{\"@type\":\"ListItem\",\"position\":1,\"name\":\"Home\",\"item\":\"https:\/\/global-hookah.com\/\"},{\"@type\":\"ListItem\",\"position\":2,\"name\":\"Shop\",\"item\":\"https:\/\/global-hookah.com\/shop\/\"},{\"@type\":\"ListItem\",\"position\":3,\"name\":\"Apple Cavity Design Rosewood Handmade Pipe\"}]},{\"@type\":\"WebSite\",\"@id\":\"https:\/\/global-hookah.com\/#website\",\"url\":\"https:\/\/global-hookah.com\/\",\"name\":\"Global Hookah\",\"description\":\"Global Hookah\",\"publisher\":{\"@id\":\"https:\/\/global-hookah.com\/#organization\"},\"potentialAction\":[{\"@type\":\"SearchAction\",\"target\":{\"@type\":\"EntryPoint\",\"urlTemplate\":\"https:\/\/global-hookah.com\/?s={search_term_string}\"},\"query-input\":{\"@type\":\"PropertyValueSpecification\",\"valueRequired\":true,\"valueName\":\"search_term_string\"}}],\"inLanguage\":\"de\"},{\"@type\":\"Organization\",\"@id\":\"https:\/\/global-hookah.com\/#organization\",\"name\":\"Global Hookah\",\"url\":\"https:\/\/global-hookah.com\/\",\"logo\":{\"@type\":\"ImageObject\",\"inLanguage\":\"de\",\"@id\":\"https:\/\/global-hookah.com\/#\/schema\/logo\/image\/\",\"url\":\"https:\/\/global-hookah.com\/wp-content\/uploads\/2021\/10\/cropped-fgg.png\",\"contentUrl\":\"https:\/\/global-hookah.com\/wp-content\/uploads\/2021\/10\/cropped-fgg.png\",\"width\":512,\"height\":512,\"caption\":\"Global Hookah\"},\"image\":{\"@id\":\"https:\/\/global-hookah.com\/#\/schema\/logo\/image\/\"}}]}<\/script>\n<!-- \/ Yoast SEO Premium plugin. -->","yoast_head_json":{"title":"Apple Cavity Design Palisander Handgemachte Pfeife - Global Hookah","robots":{"index":"index","follow":"follow","max-snippet":"max-snippet:-1","max-image-preview":"max-image-preview:large","max-video-preview":"max-video-preview:-1"},"canonical":"https:\/\/global-hookah.com\/de\/it\/prodotto\/apple-cavity-design-rosewood-handmade-pipe\/","og_locale":"de_DE","og_type":"article","og_title":"Apple Cavity Design Rosewood Handmade Pipe","og_description":"Although the Fish is typically viewed as an outside-the-box shape, but the bowl is a near-perfect sphere possessed of plump,","og_url":"https:\/\/global-hookah.com\/de\/it\/prodotto\/apple-cavity-design-rosewood-handmade-pipe\/","og_site_name":"Global Hookah","article_modified_time":"2023-12-05T13:07:02+00:00","og_image":[{"width":1000,"height":1000,"url":"https:\/\/global-hookah.com\/wp-content\/uploads\/2023\/11\/MUXIANG-imported-rosewood-tobacco-pipe-apple-cavity-design-3mm-flue-bowl-diameter-21-5mm-wood-pipe.webp","type":"image\/webp"}],"twitter_card":"summary_large_image","twitter_misc":{"Gesch\u00e4tzte Lesezeit":"3\u00a0Minuten"},"schema":{"@context":"https:\/\/schema.org","@graph":[{"@type":"WebPage","@id":"https:\/\/global-hookah.com\/it\/prodotto\/apple-cavity-design-rosewood-handmade-pipe\/","url":"https:\/\/global-hookah.com\/it\/prodotto\/apple-cavity-design-rosewood-handmade-pipe\/","name":"Apple Cavity Design Palisander Handgemachte Pfeife - Global Hookah","isPartOf":{"@id":"https:\/\/global-hookah.com\/#website"},"primaryImageOfPage":{"@id":"https:\/\/global-hookah.com\/it\/prodotto\/apple-cavity-design-rosewood-handmade-pipe\/#primaryimage"},"image":{"@id":"https:\/\/global-hookah.com\/it\/prodotto\/apple-cavity-design-rosewood-handmade-pipe\/#primaryimage"},"thumbnailUrl":"https:\/\/global-hookah.com\/wp-content\/uploads\/2023\/11\/MUXIANG-imported-rosewood-tobacco-pipe-apple-cavity-design-3mm-flue-bowl-diameter-21-5mm-wood-pipe.webp","datePublished":"2023-11-16T02:38:23+00:00","dateModified":"2023-12-05T13:07:02+00:00","breadcrumb":{"@id":"https:\/\/global-hookah.com\/it\/prodotto\/apple-cavity-design-rosewood-handmade-pipe\/#breadcrumb"},"inLanguage":"de","potentialAction":[{"@type":"ReadAction","target":["https:\/\/global-hookah.com\/it\/prodotto\/apple-cavity-design-rosewood-handmade-pipe\/"]}]},{"@type":"ImageObject","inLanguage":"de","@id":"https:\/\/global-hookah.com\/it\/prodotto\/apple-cavity-design-rosewood-handmade-pipe\/#primaryimage","url":"https:\/\/global-hookah.com\/wp-content\/uploads\/2023\/11\/MUXIANG-imported-rosewood-tobacco-pipe-apple-cavity-design-3mm-flue-bowl-diameter-21-5mm-wood-pipe.webp","contentUrl":"https:\/\/global-hookah.com\/wp-content\/uploads\/2023\/11\/MUXIANG-imported-rosewood-tobacco-pipe-apple-cavity-design-3mm-flue-bowl-diameter-21-5mm-wood-pipe.webp","width":1000,"height":1000,"caption":"Rosewood Handmade Pipe"},{"@type":"BreadcrumbList","@id":"https:\/\/global-hookah.com\/it\/prodotto\/apple-cavity-design-rosewood-handmade-pipe\/#breadcrumb","itemListElement":[{"@type":"ListItem","position":1,"name":"Home","item":"https:\/\/global-hookah.com\/"},{"@type":"ListItem","position":2,"name":"Shop","item":"https:\/\/global-hookah.com\/shop\/"},{"@type":"ListItem","position":3,"name":"Apple Cavity Design Rosewood Handmade Pipe"}]},{"@type":"WebSite","@id":"https:\/\/global-hookah.com\/#website","url":"https:\/\/global-hookah.com\/","name":"Globale Wasserpfeife","description":"Globale Wasserpfeife","publisher":{"@id":"https:\/\/global-hookah.com\/#organization"},"potentialAction":[{"@type":"SearchAction","target":{"@type":"EntryPoint","urlTemplate":"https:\/\/global-hookah.com\/?s={search_term_string}"},"query-input":{"@type":"PropertyValueSpecification","valueRequired":true,"valueName":"search_term_string"}}],"inLanguage":"de"},{"@type":"Organization","@id":"https:\/\/global-hookah.com\/#organization","name":"Globale Wasserpfeife","url":"https:\/\/global-hookah.com\/","logo":{"@type":"ImageObject","inLanguage":"de","@id":"https:\/\/global-hookah.com\/#\/schema\/logo\/image\/","url":"https:\/\/global-hookah.com\/wp-content\/uploads\/2021\/10\/cropped-fgg.png","contentUrl":"https:\/\/global-hookah.com\/wp-content\/uploads\/2021\/10\/cropped-fgg.png","width":512,"height":512,"caption":"Global Hookah"},"image":{"@id":"https:\/\/global-hookah.com\/#\/schema\/logo\/image\/"}}]}},"_links":{"self":[{"href":"https:\/\/global-hookah.com\/de\/wp-json\/wp\/v2\/product\/16090","targetHints":{"allow":["GET"]}}],"collection":[{"href":"https:\/\/global-hookah.com\/de\/wp-json\/wp\/v2\/product"}],"about":[{"href":"https:\/\/global-hookah.com\/de\/wp-json\/wp\/v2\/types\/product"}],"replies":[{"embeddable":true,"href":"https:\/\/global-hookah.com\/de\/wp-json\/wp\/v2\/comments?post=16090"}],"version-history":[{"count":0,"href":"https:\/\/global-hookah.com\/de\/wp-json\/wp\/v2\/product\/16090\/revisions"}],"wp:featuredmedia":[{"embeddable":true,"href":"https:\/\/global-hookah.com\/de\/wp-json\/wp\/v2\/media\/16091"}],"wp:attachment":[{"href":"https:\/\/global-hookah.com\/de\/wp-json\/wp\/v2\/media?parent=16090"}],"wp:term":[{"taxonomy":"product_brand","embeddable":true,"href":"https:\/\/global-hookah.com\/de\/wp-json\/wp\/v2\/product_brand?post=16090"},{"taxonomy":"product_cat","embeddable":true,"href":"https:\/\/global-hookah.com\/de\/wp-json\/wp\/v2\/product_cat?post=16090"},{"taxonomy":"product_tag","embeddable":true,"href":"https:\/\/global-hookah.com\/de\/wp-json\/wp\/v2\/product_tag?post=16090"}],"curies":[{"name":"wp","href":"https:\/\/api.w.org\/{rel}","templated":true}]}}