{"id":16099,"date":"2023-11-16T02:39:13","date_gmt":"2023-11-16T02:39:13","guid":{"rendered":"https:\/\/global-hookah.com\/product\/black-handmade-sandblasting-pipe\/"},"modified":"2023-11-30T06:27:30","modified_gmt":"2023-11-30T06:27:30","slug":"black-handmade-sandblasting-pipe","status":"publish","type":"product","link":"https:\/\/global-hookah.com\/de\/produkt\/black-handmade-sandblasting-pipe\/","title":{"rendered":"Schwarzes handgefertigtes Sandstrahlrohr"},"content":{"rendered":"<p>Unser <strong>Schwarzes handgefertigtes Sandstrahlrohr<\/strong> wird mit einer speziellen Sandstrahlmethode hergestellt, die von bekannten Pfeifenmachern wie Jody Davis, Michael Parks, Bruce Weaver und Lee Von Erck inspiriert wurde. Die geschickten Handwerker schaffen nat\u00fcrlich flie\u00dfende Sandstrukturen, die kaskadenf\u00f6rmiges Wasser imitieren, indem sie das hochwertige Bruyere-Holz in verschiedenen Winkeln und mit unterschiedlichem Druck abstrahlen und dabei D\u00fcsen verwenden, die nur wenige Millimeter fein sind. So kommt die Textur des Holzes voll zur Geltung. <strong>Handgefertigte Sandstrahlr\u00f6hre<\/strong> Holzmaserung und bietet ein einzigartiges Erscheinungsbild.<\/p>\n<p>Unsere Meistergraveure verwenden spezielle Mei\u00dfel, um komplexe Formen in das Bruy\u00e8reholz zu schnitzen, w\u00e4hrend sie dieses Produkt herstellen. <strong>Sandstrahlen von Rohren<\/strong>. Sie schneiden sorgf\u00e4ltig und entfernen Unvollkommenheiten, w\u00e4hrend sie ihre nat\u00fcrliche Bruyere-Maserung beibehalten. Gleichzeitig wird aufgrund der por\u00f6sen Beschaffenheit des <a href=\"https:\/\/global-hookah.com\/product-category\/tobacco-pipe\/briar-pipe\/\">Bruy\u00e8reholz<\/a> Es erleichtert das Rauchen, ohne einen zus\u00e4tzlichen Geschmack zu verleihen.<\/p>\n<div class=\"product-specs-list-container\">\n<ul class=\"product-specs-list util-clearfix\">\n<li class=\"product-prop line-limit-length\"><span class=\"property-title\">Modellnummer:\u00a0<\/span><span class=\"property-desc line-limit-length\">aa0144PS-S<\/span><\/li>\n<li class=\"product-prop line-limit-length\"><\/li>\n<\/ul>\n<\/div>\n<p><img decoding=\"async\" src=\"https:\/\/ae01.alicdn.com\/kf\/Sa71db7dd4d324b47a7a151ba23365d6f1.jpg\" \/><img decoding=\"async\" src=\"https:\/\/ae01.alicdn.com\/kf\/S2778a784f23942888a99efdebf84d0d4f.jpg\" \/><img decoding=\"async\" src=\"https:\/\/ae01.alicdn.com\/kf\/S8e0355aa4bac4d1e8bdb6d7023d745502.jpg\" \/><img decoding=\"async\" src=\"https:\/\/ae01.alicdn.com\/kf\/S6a23de0a31564065a9a5a91173e275614.jpg\" \/><img decoding=\"async\" src=\"https:\/\/ae01.alicdn.com\/kf\/S31a18d8f0228413cbd23cfa15bae1fa0a.jpg\" \/><img decoding=\"async\" src=\"https:\/\/ae01.alicdn.com\/kf\/Sbec9c80718d54ccebae05fd909c922f57.jpg\" \/><img decoding=\"async\" src=\"https:\/\/ae01.alicdn.com\/kf\/Sb2a1e9103c084e7f95b8474669847e61n.jpg\" \/><img decoding=\"async\" src=\"https:\/\/ae01.alicdn.com\/kf\/Sa0d62cdbfdb4421dac2c579416d8dd8el.jpg\" \/><\/p>","protected":false},"excerpt":{"rendered":"<p>Unsere Black Handmade Sandblasting Pipe wird mit einem speziellen Sandstrahlverfahren hergestellt, das von bekannten Pfeifenmachern wie Jody Davis inspiriert wurde,<\/p>","protected":false},"featured_media":16100,"comment_status":"open","ping_status":"closed","template":"","meta":{"iawp_total_views":2,"_joinchat":[]},"product_brand":[],"product_cat":[478],"product_tag":[],"class_list":{"0":"post-16099","1":"product","2":"type-product","3":"status-publish","4":"has-post-thumbnail","6":"product_cat-handmade-pipe","8":"first","9":"outofstock","10":"sale","11":"shipping-taxable","12":"purchasable","13":"product-type-variable"},"yoast_head":"<!-- This site is optimized with the Yoast SEO Premium plugin v24.7 (Yoast SEO v26.8) - https:\/\/yoast.com\/product\/yoast-seo-premium-wordpress\/ -->\n<title>Black Handmade Sandblasting Pipe - Global Hookah<\/title>\n<meta name=\"robots\" content=\"index, follow, max-snippet:-1, max-image-preview:large, max-video-preview:-1\" \/>\n<link rel=\"canonical\" href=\"https:\/\/global-hookah.com\/de\/produkt\/black-handmade-sandblasting-pipe\/\" \/>\n<meta property=\"og:locale\" content=\"de_DE\" \/>\n<meta property=\"og:type\" content=\"article\" \/>\n<meta property=\"og:title\" content=\"Black Handmade Sandblasting Pipe\" \/>\n<meta property=\"og:description\" content=\"Our Black Handmade Sandblasting Pipe is crafted using a special sandblasting method inspired by well-known pipe makers like Jody Davis,\" \/>\n<meta property=\"og:url\" content=\"https:\/\/global-hookah.com\/de\/produkt\/black-handmade-sandblasting-pipe\/\" \/>\n<meta property=\"og:site_name\" content=\"Global Hookah\" \/>\n<meta property=\"article:modified_time\" content=\"2023-11-30T06:27:30+00:00\" \/>\n<meta property=\"og:image\" content=\"https:\/\/global-hookah.com\/wp-content\/uploads\/2023\/11\/Briarwood-Tobacco-Pipe-with-9mm-Slightly-Curved-Handle-Pointed-Cigarette-Holder-Sandblasting-Bucket-Deep-Black-fat.webp\" \/>\n\t<meta property=\"og:image:width\" content=\"1000\" \/>\n\t<meta property=\"og:image:height\" content=\"1000\" \/>\n\t<meta property=\"og:image:type\" content=\"image\/webp\" \/>\n<meta name=\"twitter:card\" content=\"summary_large_image\" \/>\n<meta name=\"twitter:label1\" content=\"Gesch\u00e4tzte Lesezeit\" \/>\n\t<meta name=\"twitter:data1\" content=\"3\u00a0Minuten\" \/>\n<script type=\"application\/ld+json\" class=\"yoast-schema-graph\">{\"@context\":\"https:\/\/schema.org\",\"@graph\":[{\"@type\":\"WebPage\",\"@id\":\"https:\/\/global-hookah.com\/product\/black-handmade-sandblasting-pipe\/\",\"url\":\"https:\/\/global-hookah.com\/product\/black-handmade-sandblasting-pipe\/\",\"name\":\"Black Handmade Sandblasting Pipe - Global Hookah\",\"isPartOf\":{\"@id\":\"https:\/\/global-hookah.com\/#website\"},\"primaryImageOfPage\":{\"@id\":\"https:\/\/global-hookah.com\/product\/black-handmade-sandblasting-pipe\/#primaryimage\"},\"image\":{\"@id\":\"https:\/\/global-hookah.com\/product\/black-handmade-sandblasting-pipe\/#primaryimage\"},\"thumbnailUrl\":\"https:\/\/global-hookah.com\/wp-content\/uploads\/2023\/11\/Briarwood-Tobacco-Pipe-with-9mm-Slightly-Curved-Handle-Pointed-Cigarette-Holder-Sandblasting-Bucket-Deep-Black-fat.webp\",\"datePublished\":\"2023-11-16T02:39:13+00:00\",\"dateModified\":\"2023-11-30T06:27:30+00:00\",\"breadcrumb\":{\"@id\":\"https:\/\/global-hookah.com\/product\/black-handmade-sandblasting-pipe\/#breadcrumb\"},\"inLanguage\":\"de\",\"potentialAction\":[{\"@type\":\"ReadAction\",\"target\":[\"https:\/\/global-hookah.com\/product\/black-handmade-sandblasting-pipe\/\"]}]},{\"@type\":\"ImageObject\",\"inLanguage\":\"de\",\"@id\":\"https:\/\/global-hookah.com\/product\/black-handmade-sandblasting-pipe\/#primaryimage\",\"url\":\"https:\/\/global-hookah.com\/wp-content\/uploads\/2023\/11\/Briarwood-Tobacco-Pipe-with-9mm-Slightly-Curved-Handle-Pointed-Cigarette-Holder-Sandblasting-Bucket-Deep-Black-fat.webp\",\"contentUrl\":\"https:\/\/global-hookah.com\/wp-content\/uploads\/2023\/11\/Briarwood-Tobacco-Pipe-with-9mm-Slightly-Curved-Handle-Pointed-Cigarette-Holder-Sandblasting-Bucket-Deep-Black-fat.webp\",\"width\":1000,\"height\":1000,\"caption\":\"Black Handmade Sandblasting Pipe\"},{\"@type\":\"BreadcrumbList\",\"@id\":\"https:\/\/global-hookah.com\/product\/black-handmade-sandblasting-pipe\/#breadcrumb\",\"itemListElement\":[{\"@type\":\"ListItem\",\"position\":1,\"name\":\"Home\",\"item\":\"https:\/\/global-hookah.com\/\"},{\"@type\":\"ListItem\",\"position\":2,\"name\":\"Shop\",\"item\":\"https:\/\/global-hookah.com\/shop\/\"},{\"@type\":\"ListItem\",\"position\":3,\"name\":\"Black Handmade Sandblasting Pipe\"}]},{\"@type\":\"WebSite\",\"@id\":\"https:\/\/global-hookah.com\/#website\",\"url\":\"https:\/\/global-hookah.com\/\",\"name\":\"Global Hookah\",\"description\":\"Global Hookah\",\"publisher\":{\"@id\":\"https:\/\/global-hookah.com\/#organization\"},\"potentialAction\":[{\"@type\":\"SearchAction\",\"target\":{\"@type\":\"EntryPoint\",\"urlTemplate\":\"https:\/\/global-hookah.com\/?s={search_term_string}\"},\"query-input\":{\"@type\":\"PropertyValueSpecification\",\"valueRequired\":true,\"valueName\":\"search_term_string\"}}],\"inLanguage\":\"de\"},{\"@type\":\"Organization\",\"@id\":\"https:\/\/global-hookah.com\/#organization\",\"name\":\"Global Hookah\",\"url\":\"https:\/\/global-hookah.com\/\",\"logo\":{\"@type\":\"ImageObject\",\"inLanguage\":\"de\",\"@id\":\"https:\/\/global-hookah.com\/#\/schema\/logo\/image\/\",\"url\":\"https:\/\/global-hookah.com\/wp-content\/uploads\/2021\/10\/cropped-fgg.png\",\"contentUrl\":\"https:\/\/global-hookah.com\/wp-content\/uploads\/2021\/10\/cropped-fgg.png\",\"width\":512,\"height\":512,\"caption\":\"Global Hookah\"},\"image\":{\"@id\":\"https:\/\/global-hookah.com\/#\/schema\/logo\/image\/\"}}]}<\/script>\n<!-- \/ Yoast SEO Premium plugin. -->","yoast_head_json":{"title":"Schwarze handgefertigte Sandstrahlpfeife - Global Hookah","robots":{"index":"index","follow":"follow","max-snippet":"max-snippet:-1","max-image-preview":"max-image-preview:large","max-video-preview":"max-video-preview:-1"},"canonical":"https:\/\/global-hookah.com\/de\/produkt\/black-handmade-sandblasting-pipe\/","og_locale":"de_DE","og_type":"article","og_title":"Black Handmade Sandblasting Pipe","og_description":"Our Black Handmade Sandblasting Pipe is crafted using a special sandblasting method inspired by well-known pipe makers like Jody Davis,","og_url":"https:\/\/global-hookah.com\/de\/produkt\/black-handmade-sandblasting-pipe\/","og_site_name":"Global Hookah","article_modified_time":"2023-11-30T06:27:30+00:00","og_image":[{"width":1000,"height":1000,"url":"https:\/\/global-hookah.com\/wp-content\/uploads\/2023\/11\/Briarwood-Tobacco-Pipe-with-9mm-Slightly-Curved-Handle-Pointed-Cigarette-Holder-Sandblasting-Bucket-Deep-Black-fat.webp","type":"image\/webp"}],"twitter_card":"summary_large_image","twitter_misc":{"Gesch\u00e4tzte Lesezeit":"3\u00a0Minuten"},"schema":{"@context":"https:\/\/schema.org","@graph":[{"@type":"WebPage","@id":"https:\/\/global-hookah.com\/product\/black-handmade-sandblasting-pipe\/","url":"https:\/\/global-hookah.com\/product\/black-handmade-sandblasting-pipe\/","name":"Schwarze handgefertigte Sandstrahlpfeife - Global Hookah","isPartOf":{"@id":"https:\/\/global-hookah.com\/#website"},"primaryImageOfPage":{"@id":"https:\/\/global-hookah.com\/product\/black-handmade-sandblasting-pipe\/#primaryimage"},"image":{"@id":"https:\/\/global-hookah.com\/product\/black-handmade-sandblasting-pipe\/#primaryimage"},"thumbnailUrl":"https:\/\/global-hookah.com\/wp-content\/uploads\/2023\/11\/Briarwood-Tobacco-Pipe-with-9mm-Slightly-Curved-Handle-Pointed-Cigarette-Holder-Sandblasting-Bucket-Deep-Black-fat.webp","datePublished":"2023-11-16T02:39:13+00:00","dateModified":"2023-11-30T06:27:30+00:00","breadcrumb":{"@id":"https:\/\/global-hookah.com\/product\/black-handmade-sandblasting-pipe\/#breadcrumb"},"inLanguage":"de","potentialAction":[{"@type":"ReadAction","target":["https:\/\/global-hookah.com\/product\/black-handmade-sandblasting-pipe\/"]}]},{"@type":"ImageObject","inLanguage":"de","@id":"https:\/\/global-hookah.com\/product\/black-handmade-sandblasting-pipe\/#primaryimage","url":"https:\/\/global-hookah.com\/wp-content\/uploads\/2023\/11\/Briarwood-Tobacco-Pipe-with-9mm-Slightly-Curved-Handle-Pointed-Cigarette-Holder-Sandblasting-Bucket-Deep-Black-fat.webp","contentUrl":"https:\/\/global-hookah.com\/wp-content\/uploads\/2023\/11\/Briarwood-Tobacco-Pipe-with-9mm-Slightly-Curved-Handle-Pointed-Cigarette-Holder-Sandblasting-Bucket-Deep-Black-fat.webp","width":1000,"height":1000,"caption":"Black Handmade Sandblasting Pipe"},{"@type":"BreadcrumbList","@id":"https:\/\/global-hookah.com\/product\/black-handmade-sandblasting-pipe\/#breadcrumb","itemListElement":[{"@type":"ListItem","position":1,"name":"Home","item":"https:\/\/global-hookah.com\/"},{"@type":"ListItem","position":2,"name":"Shop","item":"https:\/\/global-hookah.com\/shop\/"},{"@type":"ListItem","position":3,"name":"Black Handmade Sandblasting Pipe"}]},{"@type":"WebSite","@id":"https:\/\/global-hookah.com\/#website","url":"https:\/\/global-hookah.com\/","name":"Globale Wasserpfeife","description":"Globale Wasserpfeife","publisher":{"@id":"https:\/\/global-hookah.com\/#organization"},"potentialAction":[{"@type":"SearchAction","target":{"@type":"EntryPoint","urlTemplate":"https:\/\/global-hookah.com\/?s={search_term_string}"},"query-input":{"@type":"PropertyValueSpecification","valueRequired":true,"valueName":"search_term_string"}}],"inLanguage":"de"},{"@type":"Organization","@id":"https:\/\/global-hookah.com\/#organization","name":"Globale Wasserpfeife","url":"https:\/\/global-hookah.com\/","logo":{"@type":"ImageObject","inLanguage":"de","@id":"https:\/\/global-hookah.com\/#\/schema\/logo\/image\/","url":"https:\/\/global-hookah.com\/wp-content\/uploads\/2021\/10\/cropped-fgg.png","contentUrl":"https:\/\/global-hookah.com\/wp-content\/uploads\/2021\/10\/cropped-fgg.png","width":512,"height":512,"caption":"Global Hookah"},"image":{"@id":"https:\/\/global-hookah.com\/#\/schema\/logo\/image\/"}}]}},"_links":{"self":[{"href":"https:\/\/global-hookah.com\/de\/wp-json\/wp\/v2\/product\/16099","targetHints":{"allow":["GET"]}}],"collection":[{"href":"https:\/\/global-hookah.com\/de\/wp-json\/wp\/v2\/product"}],"about":[{"href":"https:\/\/global-hookah.com\/de\/wp-json\/wp\/v2\/types\/product"}],"replies":[{"embeddable":true,"href":"https:\/\/global-hookah.com\/de\/wp-json\/wp\/v2\/comments?post=16099"}],"version-history":[{"count":0,"href":"https:\/\/global-hookah.com\/de\/wp-json\/wp\/v2\/product\/16099\/revisions"}],"wp:featuredmedia":[{"embeddable":true,"href":"https:\/\/global-hookah.com\/de\/wp-json\/wp\/v2\/media\/16100"}],"wp:attachment":[{"href":"https:\/\/global-hookah.com\/de\/wp-json\/wp\/v2\/media?parent=16099"}],"wp:term":[{"taxonomy":"product_brand","embeddable":true,"href":"https:\/\/global-hookah.com\/de\/wp-json\/wp\/v2\/product_brand?post=16099"},{"taxonomy":"product_cat","embeddable":true,"href":"https:\/\/global-hookah.com\/de\/wp-json\/wp\/v2\/product_cat?post=16099"},{"taxonomy":"product_tag","embeddable":true,"href":"https:\/\/global-hookah.com\/de\/wp-json\/wp\/v2\/product_tag?post=16099"}],"curies":[{"name":"wp","href":"https:\/\/api.w.org\/{rel}","templated":true}]}}