{"id":16108,"date":"2023-11-16T02:39:53","date_gmt":"2023-11-16T02:39:53","guid":{"rendered":"https:\/\/global-hookah.com\/product\/handmade-popeye-pipe\/"},"modified":"2023-12-05T13:12:42","modified_gmt":"2023-12-05T13:12:42","slug":"handmade-popeye-pipe","status":"publish","type":"product","link":"https:\/\/global-hookah.com\/de\/produkt\/handmade-popeye-pipe\/","title":{"rendered":"Handgefertigte Popeye-Pfeife"},"content":{"rendered":"<p>&nbsp;<\/p>\n<div class=\"product-specs-list-container\">\n<ul class=\"product-specs-list util-clearfix\">\n<li class=\"product-prop line-limit-length\"><span class=\"property-title\">Material:\u00a0<\/span><span class=\"property-desc line-limit-length\">Holz<\/span><\/li>\n<li class=\"product-prop line-limit-length\"><span class=\"property-title\">Modellnummer:\u00a0<\/span><span class=\"property-desc line-limit-length\">kah0071h1a3b<\/span><\/li>\n<li class=\"product-prop line-limit-length\">Art: <a href=\"https:\/\/global-hookah.com\/product-category\/tobacco-pipe\/handmade-pipe\/\">Handgefertigtes Rohr<\/a><\/li>\n<li class=\"product-prop line-limit-length\"><span class=\"property-title\">Herkunft:\u00a0<\/span><span class=\"property-desc line-limit-length\">Festland China<\/span><\/li>\n<\/ul>\n<\/div>\n<div class=\"detailPage-prodLongDesc\" style=\"font-family: Times, 'Times New Roman', serif; font-size: 16px; font-weight: 400; letter-spacing: normal; text-align: start; white-space: normal; color: #222222; border-bottom: 1px solid #cccccc; margin: 0px 0px 10px 0px; padding: 10px 0px 10px 0px; max-height: 2000px; overflow: hidden; position: relative;\" align=\"start\">\n<p>Tom Eltang schnitzt seit 1974 Pfeifen, als er bei der Pfeifenmacherin Anne Julie in die Lehre ging. Im Laufe seiner Karriere hat Tom Eltang nicht nur das traditionelle d\u00e4nische Pfeifendesign gepflegt, sondern auch das Handwerk gef\u00f6rdert, indem er j\u00fcngere Pfeifenschnitzer w\u00e4hrend ihrer gesamten Laufbahn betreut hat. Seine minimalistische \u00c4sthetik hat Sammler auf der ganzen Welt begeistert, und seine Lehrt\u00e4tigkeit hat die Arbeit vieler anderer Pfeifenmacher befl\u00fcgelt. Ohne Tom Eltang w\u00e4re die Gemeinschaft der handwerklichen Pfeifenmacher nicht da, wo sie heute ist, sowohl was das Design und die \u00c4sthetik als auch die Verbreitung neuer Kunsthandwerker betrifft.<\/p>\n<p>W\u00e4hrend Toms Devil Anse-, Poker- und Arne-Jacobsen-Modelle als seine bekanntesten Entw\u00fcrfe gepriesen werden, strahlt die Mehrzahl seiner Arbeiten ein klares, raffiniertes und minimalistisches Design aus, das Harmonie und Proportionen der Linien in den Vordergrund stellt und sich oft an das d\u00e4nische Pfeifendesign aus der Mitte des 20. Diese Konventionen sind in dieser Tulip-Version gut umgesetzt. Obwohl langatmig, ist diese <strong>Handgefertigte Popeye-Pfeife<\/strong> zeichnet sich durch eine immer schlankere Pr\u00e4senz im Profil aus: Ob der l\u00e4ngliche Sattelschaft, der schlanke Schaft oder die zierliche Schale - das gesamte St\u00fcck ist von einer aerodynamischen Haltung gepr\u00e4gt, die sich durch Schlankheit und Ausgewogenheit auszeichnet.<\/p>\n<p>Die Verl\u00e4ngerung des Mundst\u00fccks nach dem Sattelteil ist genauso lang wie die Kombination aus Schaft und Stielbasis, und die sanfte Abw\u00e4rtsbewegung des Stiels passt perfekt zum Aufw\u00e4rtsbogen des Schafts, wodurch ein dramatisch langes Profil entsteht, das jedoch durch eine pr\u00e4zise kompositorische Balance definiert ist. Die Schale manifestiert den gewundenen Verlauf von Schaft und Stiel durch eine sp\u00fcrbare \u00dcberh\u00f6hung nach vorne und erhebt sich zu einer gro\u00dfen H\u00f6he, ohne dass die gesamte Form an Schlankheit einb\u00fc\u00dft. Die floral geneigten Flanken weiten sich leicht nach oben, bevor sie sich am Rand nach innen wenden - dieses leicht gerundete Motiv wird durch den subtilen \u00dcbergang betont - und der Rand schlie\u00dft diese<strong> Handgefertigte Popeye-Pfeife's<\/strong> Inspiration mit einem geschmackvollen Hauch von Plateau, der an die geschlossenen Bl\u00fctenbl\u00e4tter einer Blumenzwiebel erinnert.<\/p>\n<p>Pristine grain empfiehlt die <strong>Handgefertigte Popeye-Pfeife's<\/strong> Die Formgebung mit den Flammenmaserungen, die die Schale umschlie\u00dfen und sich an der Neigung ausrichten, und den vertikalen Streifen, die den Verlauf der Kr\u00fcmmung des Schafts bestimmen, werden durch eine reiche, kastanienbraune Kontrastbeize hervorgehoben und sorgen f\u00fcr eine lebendige und dennoch traditionelle \u00c4sthetik. Schlank, geschmeidig und lebendig - ein <strong>Handgefertigte Popeye-Pfeife<\/strong> der Eleganz und Raffinesse verk\u00f6rpert und dessen Kombination aus Maserungsqualit\u00e4t und Formgebung Tom's prestigetr\u00e4chtige Schneckennote einbrachte.<\/p>\n<div>-Truett Smith<\/div>\n<\/div>\n<div class=\"detailPage-prodSku\" style=\"font-family: Times, 'Times New Roman', serif; font-size: 16px; font-weight: 400; letter-spacing: normal; text-align: start; white-space: normal; color: #222222; margin: 0px; padding: 0px;\" align=\"start\">\n<h3 style=\"font-size: 0.9em; color: #666666; margin: 0px; padding: 0px;\">Produktnummer: 002-299-1273<\/h3>\n<\/div>\n<div class=\"detailPage-prodName\" style=\"font-family: Times, 'Times New Roman', serif; font-size: 1.2em; font-weight: 400; letter-spacing: normal; text-align: start; white-space: normal; color: #222222; margin: 0px; padding: 0px;\" align=\"start\">\n<div class=\"detailPage-catProdNameWrap\" style=\"margin: 0px; padding: 0px; width: auto; float: left;\">\n<h1 style=\"font-size: 1.4em; font-weight: lighter; margin: 5px 0px 0px 0px;\">Tom Eltang: Glatte Tulpe (Schnecke) Tabakspfeife<\/h1>\n<\/div>\n<div style=\"margin: 0px; padding: 0px;\"><\/div>\n<\/div>\n<p><img decoding=\"async\" src=\"https:\/\/ae01.alicdn.com\/kf\/Sfc7c9ae267694b1fb9706ef832eda519x.jpg\" \/><img decoding=\"async\" src=\"https:\/\/ae01.alicdn.com\/kf\/S5583d041a4494779b23f06e7586152ebB.jpg\" \/><img decoding=\"async\" src=\"https:\/\/ae01.alicdn.com\/kf\/S58013c6cb7254985a05845a6c2121850q.jpg\" \/><img decoding=\"async\" src=\"https:\/\/ae01.alicdn.com\/kf\/Sf2c49a34e5654d84b9ea25ee80b7f27cd.jpg\" \/><img decoding=\"async\" src=\"https:\/\/ae01.alicdn.com\/kf\/S3b74ff1707304fe3934dd829c89e1bbaz.jpg\" \/><img decoding=\"async\" src=\"https:\/\/ae01.alicdn.com\/kf\/S5564ccddbc5b4303b56d66704dc9ba7a6.jpg\" \/><img decoding=\"async\" src=\"https:\/\/ae01.alicdn.com\/kf\/Sc3bfc6b2a65f4d7eb796f967413eb9b0G.jpg\" \/><img decoding=\"async\" src=\"https:\/\/ae01.alicdn.com\/kf\/Sa68f3d74aabd4bb893b1d5e91174a573e.jpg\" \/><img decoding=\"async\" src=\"https:\/\/ae01.alicdn.com\/kf\/Sb2c5e8a8bb314125976bc3cdbbc9bd08m.jpg\" \/><img decoding=\"async\" src=\"https:\/\/ae01.alicdn.com\/kf\/S8cfcc073284e44e6aa87b1ceeee68d99U.jpg\" \/><img decoding=\"async\" src=\"https:\/\/ae01.alicdn.com\/kf\/S263b5a0ce31541c78618955a4f16d968a.jpg\" \/><img decoding=\"async\" src=\"https:\/\/ae01.alicdn.com\/kf\/Sd56214d6dd8548b2a49256f915660436V.jpg\" \/><img decoding=\"async\" src=\"https:\/\/ae01.alicdn.com\/kf\/Sa2df1db6289949f3b6bae9df6c5887ceF.jpg\" \/><img decoding=\"async\" src=\"https:\/\/ae01.alicdn.com\/kf\/S582f723b1298448a96a89304eaa60150A.jpg\" \/><img decoding=\"async\" src=\"https:\/\/ae01.alicdn.com\/kf\/S91e01e6a1ec54dbd87e4c433469d0a5fF.jpg\" \/><img decoding=\"async\" src=\"https:\/\/ae01.alicdn.com\/kf\/S9bbc27f586a44272b0cb9750defd9399s.jpg\" \/><img decoding=\"async\" src=\"https:\/\/ae01.alicdn.com\/kf\/S1316468c3d87444faf346a6360248312V.jpg\" \/><\/p>","protected":false},"excerpt":{"rendered":"<p>&nbsp; Material: Holz Modellnummer: kah0071h1a3b Art: Handgefertigte Pfeife Herkunft: Festland China Tom Eltang schnitzt Pfeifen seit 1974, als er in die Lehre ging.<\/p>","protected":false},"featured_media":16109,"comment_status":"open","ping_status":"closed","template":"","meta":{"iawp_total_views":16,"_joinchat":[]},"product_brand":[],"product_cat":[478],"product_tag":[],"class_list":{"0":"post-16108","1":"product","2":"type-product","3":"status-publish","4":"has-post-thumbnail","6":"product_cat-handmade-pipe","8":"first","9":"instock","10":"shipping-taxable","11":"purchasable","12":"product-type-variable"},"yoast_head":"<!-- This site is optimized with the Yoast SEO Premium plugin v24.7 (Yoast SEO v26.8) - https:\/\/yoast.com\/product\/yoast-seo-premium-wordpress\/ -->\n<title>Handmade Popeye pipe - Global Hookah<\/title>\n<meta name=\"robots\" content=\"index, follow, max-snippet:-1, max-image-preview:large, max-video-preview:-1\" \/>\n<link rel=\"canonical\" href=\"https:\/\/global-hookah.com\/de\/producto\/pipa-popeye-hecha-a-mano\/\" \/>\n<meta property=\"og:locale\" content=\"de_DE\" \/>\n<meta property=\"og:type\" content=\"article\" \/>\n<meta property=\"og:title\" content=\"Handmade Popeye pipe\" \/>\n<meta property=\"og:description\" content=\"&nbsp; Material:\u00a0wood Model Number:\u00a0kah0071h1a3b Type: Handmade pipe Origin:\u00a0Mainland China Tom Eltang has been carving pipes since 1974 when he apprenticed\" \/>\n<meta property=\"og:url\" content=\"https:\/\/global-hookah.com\/de\/producto\/pipa-popeye-hecha-a-mano\/\" \/>\n<meta property=\"og:site_name\" content=\"Global Hookah\" \/>\n<meta property=\"article:modified_time\" content=\"2023-12-05T13:12:42+00:00\" \/>\n<meta property=\"og:image\" content=\"https:\/\/global-hookah.com\/wp-content\/uploads\/2023\/11\/Popeye-pipe-carbon-fiber-3mm-filter-stem-master-design-pipe-handmade-briar-wood-tobacco-pipe-hammer.webp\" \/>\n\t<meta property=\"og:image:width\" content=\"1000\" \/>\n\t<meta property=\"og:image:height\" content=\"1000\" \/>\n\t<meta property=\"og:image:type\" content=\"image\/webp\" \/>\n<meta name=\"twitter:card\" content=\"summary_large_image\" \/>\n<meta name=\"twitter:label1\" content=\"Gesch\u00e4tzte Lesezeit\" \/>\n\t<meta name=\"twitter:data1\" content=\"6\u00a0Minuten\" \/>\n<script type=\"application\/ld+json\" class=\"yoast-schema-graph\">{\"@context\":\"https:\/\/schema.org\",\"@graph\":[{\"@type\":\"WebPage\",\"@id\":\"https:\/\/global-hookah.com\/es\/producto\/pipa-popeye-hecha-a-mano\/\",\"url\":\"https:\/\/global-hookah.com\/es\/producto\/pipa-popeye-hecha-a-mano\/\",\"name\":\"Handmade Popeye pipe - Global Hookah\",\"isPartOf\":{\"@id\":\"https:\/\/global-hookah.com\/#website\"},\"primaryImageOfPage\":{\"@id\":\"https:\/\/global-hookah.com\/es\/producto\/pipa-popeye-hecha-a-mano\/#primaryimage\"},\"image\":{\"@id\":\"https:\/\/global-hookah.com\/es\/producto\/pipa-popeye-hecha-a-mano\/#primaryimage\"},\"thumbnailUrl\":\"https:\/\/global-hookah.com\/wp-content\/uploads\/2023\/11\/Popeye-pipe-carbon-fiber-3mm-filter-stem-master-design-pipe-handmade-briar-wood-tobacco-pipe-hammer.webp\",\"datePublished\":\"2023-11-16T02:39:53+00:00\",\"dateModified\":\"2023-12-05T13:12:42+00:00\",\"breadcrumb\":{\"@id\":\"https:\/\/global-hookah.com\/es\/producto\/pipa-popeye-hecha-a-mano\/#breadcrumb\"},\"inLanguage\":\"de\",\"potentialAction\":[{\"@type\":\"ReadAction\",\"target\":[\"https:\/\/global-hookah.com\/es\/producto\/pipa-popeye-hecha-a-mano\/\"]}]},{\"@type\":\"ImageObject\",\"inLanguage\":\"de\",\"@id\":\"https:\/\/global-hookah.com\/es\/producto\/pipa-popeye-hecha-a-mano\/#primaryimage\",\"url\":\"https:\/\/global-hookah.com\/wp-content\/uploads\/2023\/11\/Popeye-pipe-carbon-fiber-3mm-filter-stem-master-design-pipe-handmade-briar-wood-tobacco-pipe-hammer.webp\",\"contentUrl\":\"https:\/\/global-hookah.com\/wp-content\/uploads\/2023\/11\/Popeye-pipe-carbon-fiber-3mm-filter-stem-master-design-pipe-handmade-briar-wood-tobacco-pipe-hammer.webp\",\"width\":1000,\"height\":1000,\"caption\":\"Handmade Popeye pipe\"},{\"@type\":\"BreadcrumbList\",\"@id\":\"https:\/\/global-hookah.com\/es\/producto\/pipa-popeye-hecha-a-mano\/#breadcrumb\",\"itemListElement\":[{\"@type\":\"ListItem\",\"position\":1,\"name\":\"Home\",\"item\":\"https:\/\/global-hookah.com\/\"},{\"@type\":\"ListItem\",\"position\":2,\"name\":\"Shop\",\"item\":\"https:\/\/global-hookah.com\/shop\/\"},{\"@type\":\"ListItem\",\"position\":3,\"name\":\"Handmade Popeye pipe\"}]},{\"@type\":\"WebSite\",\"@id\":\"https:\/\/global-hookah.com\/#website\",\"url\":\"https:\/\/global-hookah.com\/\",\"name\":\"Global Hookah\",\"description\":\"Global Hookah\",\"publisher\":{\"@id\":\"https:\/\/global-hookah.com\/#organization\"},\"potentialAction\":[{\"@type\":\"SearchAction\",\"target\":{\"@type\":\"EntryPoint\",\"urlTemplate\":\"https:\/\/global-hookah.com\/?s={search_term_string}\"},\"query-input\":{\"@type\":\"PropertyValueSpecification\",\"valueRequired\":true,\"valueName\":\"search_term_string\"}}],\"inLanguage\":\"de\"},{\"@type\":\"Organization\",\"@id\":\"https:\/\/global-hookah.com\/#organization\",\"name\":\"Global Hookah\",\"url\":\"https:\/\/global-hookah.com\/\",\"logo\":{\"@type\":\"ImageObject\",\"inLanguage\":\"de\",\"@id\":\"https:\/\/global-hookah.com\/#\/schema\/logo\/image\/\",\"url\":\"https:\/\/global-hookah.com\/wp-content\/uploads\/2021\/10\/cropped-fgg.png\",\"contentUrl\":\"https:\/\/global-hookah.com\/wp-content\/uploads\/2021\/10\/cropped-fgg.png\",\"width\":512,\"height\":512,\"caption\":\"Global Hookah\"},\"image\":{\"@id\":\"https:\/\/global-hookah.com\/#\/schema\/logo\/image\/\"}}]}<\/script>\n<!-- \/ Yoast SEO Premium plugin. -->","yoast_head_json":{"title":"Handgefertigte Popeye-Pfeife - Global Hookah","robots":{"index":"index","follow":"follow","max-snippet":"max-snippet:-1","max-image-preview":"max-image-preview:large","max-video-preview":"max-video-preview:-1"},"canonical":"https:\/\/global-hookah.com\/de\/producto\/pipa-popeye-hecha-a-mano\/","og_locale":"de_DE","og_type":"article","og_title":"Handmade Popeye pipe","og_description":"&nbsp; Material:\u00a0wood Model Number:\u00a0kah0071h1a3b Type: Handmade pipe Origin:\u00a0Mainland China Tom Eltang has been carving pipes since 1974 when he apprenticed","og_url":"https:\/\/global-hookah.com\/de\/producto\/pipa-popeye-hecha-a-mano\/","og_site_name":"Global Hookah","article_modified_time":"2023-12-05T13:12:42+00:00","og_image":[{"width":1000,"height":1000,"url":"https:\/\/global-hookah.com\/wp-content\/uploads\/2023\/11\/Popeye-pipe-carbon-fiber-3mm-filter-stem-master-design-pipe-handmade-briar-wood-tobacco-pipe-hammer.webp","type":"image\/webp"}],"twitter_card":"summary_large_image","twitter_misc":{"Gesch\u00e4tzte Lesezeit":"6\u00a0Minuten"},"schema":{"@context":"https:\/\/schema.org","@graph":[{"@type":"WebPage","@id":"https:\/\/global-hookah.com\/es\/producto\/pipa-popeye-hecha-a-mano\/","url":"https:\/\/global-hookah.com\/es\/producto\/pipa-popeye-hecha-a-mano\/","name":"Handgefertigte Popeye-Pfeife - Global Hookah","isPartOf":{"@id":"https:\/\/global-hookah.com\/#website"},"primaryImageOfPage":{"@id":"https:\/\/global-hookah.com\/es\/producto\/pipa-popeye-hecha-a-mano\/#primaryimage"},"image":{"@id":"https:\/\/global-hookah.com\/es\/producto\/pipa-popeye-hecha-a-mano\/#primaryimage"},"thumbnailUrl":"https:\/\/global-hookah.com\/wp-content\/uploads\/2023\/11\/Popeye-pipe-carbon-fiber-3mm-filter-stem-master-design-pipe-handmade-briar-wood-tobacco-pipe-hammer.webp","datePublished":"2023-11-16T02:39:53+00:00","dateModified":"2023-12-05T13:12:42+00:00","breadcrumb":{"@id":"https:\/\/global-hookah.com\/es\/producto\/pipa-popeye-hecha-a-mano\/#breadcrumb"},"inLanguage":"de","potentialAction":[{"@type":"ReadAction","target":["https:\/\/global-hookah.com\/es\/producto\/pipa-popeye-hecha-a-mano\/"]}]},{"@type":"ImageObject","inLanguage":"de","@id":"https:\/\/global-hookah.com\/es\/producto\/pipa-popeye-hecha-a-mano\/#primaryimage","url":"https:\/\/global-hookah.com\/wp-content\/uploads\/2023\/11\/Popeye-pipe-carbon-fiber-3mm-filter-stem-master-design-pipe-handmade-briar-wood-tobacco-pipe-hammer.webp","contentUrl":"https:\/\/global-hookah.com\/wp-content\/uploads\/2023\/11\/Popeye-pipe-carbon-fiber-3mm-filter-stem-master-design-pipe-handmade-briar-wood-tobacco-pipe-hammer.webp","width":1000,"height":1000,"caption":"Handmade Popeye pipe"},{"@type":"BreadcrumbList","@id":"https:\/\/global-hookah.com\/es\/producto\/pipa-popeye-hecha-a-mano\/#breadcrumb","itemListElement":[{"@type":"ListItem","position":1,"name":"Home","item":"https:\/\/global-hookah.com\/"},{"@type":"ListItem","position":2,"name":"Shop","item":"https:\/\/global-hookah.com\/shop\/"},{"@type":"ListItem","position":3,"name":"Handmade Popeye pipe"}]},{"@type":"WebSite","@id":"https:\/\/global-hookah.com\/#website","url":"https:\/\/global-hookah.com\/","name":"Globale Wasserpfeife","description":"Globale Wasserpfeife","publisher":{"@id":"https:\/\/global-hookah.com\/#organization"},"potentialAction":[{"@type":"SearchAction","target":{"@type":"EntryPoint","urlTemplate":"https:\/\/global-hookah.com\/?s={search_term_string}"},"query-input":{"@type":"PropertyValueSpecification","valueRequired":true,"valueName":"search_term_string"}}],"inLanguage":"de"},{"@type":"Organization","@id":"https:\/\/global-hookah.com\/#organization","name":"Globale Wasserpfeife","url":"https:\/\/global-hookah.com\/","logo":{"@type":"ImageObject","inLanguage":"de","@id":"https:\/\/global-hookah.com\/#\/schema\/logo\/image\/","url":"https:\/\/global-hookah.com\/wp-content\/uploads\/2021\/10\/cropped-fgg.png","contentUrl":"https:\/\/global-hookah.com\/wp-content\/uploads\/2021\/10\/cropped-fgg.png","width":512,"height":512,"caption":"Global Hookah"},"image":{"@id":"https:\/\/global-hookah.com\/#\/schema\/logo\/image\/"}}]}},"_links":{"self":[{"href":"https:\/\/global-hookah.com\/de\/wp-json\/wp\/v2\/product\/16108","targetHints":{"allow":["GET"]}}],"collection":[{"href":"https:\/\/global-hookah.com\/de\/wp-json\/wp\/v2\/product"}],"about":[{"href":"https:\/\/global-hookah.com\/de\/wp-json\/wp\/v2\/types\/product"}],"replies":[{"embeddable":true,"href":"https:\/\/global-hookah.com\/de\/wp-json\/wp\/v2\/comments?post=16108"}],"version-history":[{"count":0,"href":"https:\/\/global-hookah.com\/de\/wp-json\/wp\/v2\/product\/16108\/revisions"}],"wp:featuredmedia":[{"embeddable":true,"href":"https:\/\/global-hookah.com\/de\/wp-json\/wp\/v2\/media\/16109"}],"wp:attachment":[{"href":"https:\/\/global-hookah.com\/de\/wp-json\/wp\/v2\/media?parent=16108"}],"wp:term":[{"taxonomy":"product_brand","embeddable":true,"href":"https:\/\/global-hookah.com\/de\/wp-json\/wp\/v2\/product_brand?post=16108"},{"taxonomy":"product_cat","embeddable":true,"href":"https:\/\/global-hookah.com\/de\/wp-json\/wp\/v2\/product_cat?post=16108"},{"taxonomy":"product_tag","embeddable":true,"href":"https:\/\/global-hookah.com\/de\/wp-json\/wp\/v2\/product_tag?post=16108"}],"curies":[{"name":"wp","href":"https:\/\/api.w.org\/{rel}","templated":true}]}}